{"id":8200,"date":"2024-08-17T06:20:00","date_gmt":"2024-08-17T06:20:00","guid":{"rendered":"https:\/\/www.kblmachinery.com\/?post_type=product&#038;p=8200"},"modified":"2025-11-28T07:25:45","modified_gmt":"2025-11-28T07:25:45","slug":"masa-hess-interlock-behaton-paver-moulds-behaton-mold","status":"publish","type":"product","link":"https:\/\/www.kblmachinery.com\/fr\/masa-hess-interlock-behaton-paver-moulds-behaton-mold\/","title":{"rendered":"MASA HESS Moules pour pav\u00e9s \u00e0 embo\u00eetement Behaton Moule Behaton"},"content":{"rendered":"<h2>MASA HESS Moules \u00e0 pav\u00e9s autobloquants Behaton<\/h2>\n<table class=\"tg\" style=\"border-collapse: collapse; border-spacing: 0px; height: 182px;\" width=\"100%\">\n<tbody>\n<tr>\n<td style=\"font-family: Arial, sans-serif; font-size: 14px; overflow: hidden; padding: 10px 5px; text-align: left; vertical-align: top; word-break: normal; border: 1px solid black;\">Nom<\/td>\n<td style=\"font-family: Arial, sans-serif; font-size: 14px; overflow: hidden; padding: 10px 5px; text-align: left; vertical-align: top; word-break: normal; border: 1px solid black;\">Moule \u00e0 pav\u00e9s Behaton<\/td>\n<td style=\"font-family: Arial, sans-serif; font-size: 14px; overflow: hidden; padding: 10px 5px; text-align: left; vertical-align: top; word-break: normal; border: 1px solid black;\">Traitement thermique<\/td>\n<td style=\"font-family: Arial, sans-serif; font-size: 14px; overflow: hidden; padding: 10px 5px; text-align: left; vertical-align: top; word-break: normal; border: 1px solid black;\">Carbonitruration 900-950<span style=\"color: #555;\">\u00b0<\/span>C<\/td>\n<\/tr>\n<tr>\n<td style=\"font-family: Arial, sans-serif; font-size: 14px; overflow: hidden; padding: 10px 5px; text-align: left; vertical-align: top; word-break: normal; border: 1px solid black;\">mati\u00e8re premi\u00e8re<\/td>\n<td style=\"font-family: Arial, sans-serif; font-size: 14px; overflow: hidden; padding: 10px 5px; text-align: left; vertical-align: top; word-break: normal; border: 1px solid black;\">acier sp\u00e9cial r\u00e9sistant \u00e0 l'usure<\/td>\n<td style=\"font-family: Arial, sans-serif; font-size: 14px; overflow: hidden; padding: 10px 5px; text-align: left; vertical-align: top; word-break: normal; border: 1px solid black;\">Duret\u00e9<\/td>\n<td style=\"font-family: Arial, sans-serif; font-size: 14px; overflow: hidden; padding: 10px 5px; text-align: left; vertical-align: top; word-break: normal; border: 1px solid black;\">60-65HRC<\/td>\n<\/tr>\n<tr>\n<td style=\"font-family: Arial, sans-serif; font-size: 14px; overflow: hidden; padding: 10px 5px; text-align: left; vertical-align: top; word-break: normal; border: 1px solid black;\">Type de bloc<\/td>\n<td style=\"font-family: Arial, sans-serif; font-size: 14px; overflow: hidden; padding: 10px 5px; text-align: left; vertical-align: top; word-break: normal; border: 1px solid black;\">Les blocs creux, les blocs \u00e0 embo\u00eetement, les pav\u00e9s et les bordures peuvent \u00eatre personnalis\u00e9s.<\/td>\n<td style=\"font-family: Arial, sans-serif; font-size: 14px; overflow: hidden; padding: 10px 5px; text-align: left; vertical-align: top; word-break: normal; border: 1px solid black;\">Code HS<\/td>\n<td style=\"font-family: Arial, sans-serif; font-size: 14px; overflow: hidden; padding: 10px 5px; text-align: left; vertical-align: top; word-break: normal; border: 1px solid black;\">848060<\/td>\n<\/tr>\n<tr>\n<td style=\"font-family: Arial, sans-serif; font-size: 14px; overflow: hidden; padding: 10px 5px; text-align: left; vertical-align: top; word-break: normal; border: 1px solid black;\">dur\u00e9e de vie<\/td>\n<td style=\"font-family: Arial, sans-serif; font-size: 14px; overflow: hidden; padding: 10px 5px; text-align: left; vertical-align: top; word-break: normal; border: 1px solid black;\">100000-120000 fois<\/td>\n<td style=\"font-family: Arial, sans-serif; font-size: 14px; overflow: hidden; padding: 10px 5px; text-align: left; vertical-align: top; word-break: normal; border: 1px solid black;\">Emballage<\/td>\n<td style=\"font-family: Arial, sans-serif; font-size: 14px; overflow: hidden; padding: 10px 5px; text-align: left; vertical-align: top; word-break: normal; border: 1px solid black;\">Bois + film plastique<\/td>\n<\/tr>\n<\/tbody>\n<\/table>\n<h2 data-start=\"60\" data-end=\"87\">Caract\u00e9ristiques des moules<\/h2>\n<h3 data-start=\"89\" data-end=\"123\">Processus d'assemblage avanc\u00e9<\/h3>\n<ul data-start=\"124\" data-end=\"829\">\n<li data-start=\"124\" data-end=\"318\">\n<p data-start=\"126\" data-end=\"318\">Fabrication de pr\u00e9cision : Nous utilisons une technologie de soudage avanc\u00e9e et un traitement de d\u00e9stressage pour emp\u00eacher la d\u00e9formation de la cavit\u00e9 ou du noyau pendant l'utilisation, ce qui garantit des dimensions, une forme et des tol\u00e9rances pr\u00e9cises.<\/p>\n<\/li>\n<li data-start=\"319\" data-end=\"417\">\n<p data-start=\"321\" data-end=\"417\">D\u00e9gagement du pied de presse : Maintenu \u00e0 0,3-0,8 mm pour une compatibilit\u00e9 parfaite avec votre machine.<\/p>\n<\/li>\n<li data-start=\"418\" data-end=\"523\">\n<p data-start=\"420\" data-end=\"523\">Connexions durables : Boulons \u00e0 haute r\u00e9sistance avec traitement anti-desserrage pour une fiabilit\u00e9 \u00e0 long terme.<\/p>\n<\/li>\n<li data-start=\"524\" data-end=\"592\">\n<p data-start=\"526\" data-end=\"592\">Assemblage standardis\u00e9 : Permet de remplacer facilement les pi\u00e8ces.<\/p>\n<\/li>\n<li data-start=\"593\" data-end=\"676\">\n<p data-start=\"595\" data-end=\"676\">Mat\u00e9riaux r\u00e9sistants \u00e0 l'usure : Des plaques d'acier de haute qualit\u00e9 augmentent la dur\u00e9e de vie des moules.<\/p>\n<\/li>\n<li data-start=\"677\" data-end=\"748\">\n<p data-start=\"679\" data-end=\"748\">Fonction d'amortissement : Assure un fonctionnement plus souple pendant la production.<\/p>\n<\/li>\n<li data-start=\"749\" data-end=\"829\">\n<p data-start=\"751\" data-end=\"829\">Conception sur mesure : La conception num\u00e9rique de la surface libre est disponible pour les moules sur mesure.<\/p>\n<\/li>\n<\/ul>\n<h3 data-start=\"831\" data-end=\"855\">Durabilit\u00e9 des moules<\/h3>\n<ul data-start=\"856\" data-end=\"1040\">\n<li data-start=\"856\" data-end=\"949\">\n<p data-start=\"858\" data-end=\"949\">Traitement thermique : La carbonitruration durcit le cadre de la matrice et le pied de la presse \u00e0 60-65 HRC.<\/p>\n<\/li>\n<li data-start=\"950\" data-end=\"1040\">\n<p data-start=\"952\" data-end=\"1040\">Profondeur de trempe : Minimum 1,2 mm pour une meilleure r\u00e9sistance et des performances durables.<\/p>\n<\/li>\n<\/ul>\n<h2 data-start=\"1047\" data-end=\"1057\">FAQ<\/h2>\n<h3 data-start=\"1059\" data-end=\"1098\">1. Comment obtenir un devis ?<\/h3>\n<ul data-start=\"1099\" data-end=\"1409\">\n<li data-start=\"1099\" data-end=\"1162\">\n<p data-start=\"1101\" data-end=\"1162\">Avec les dessins : Envoyer les plans d'ensemble d\u00e9taill\u00e9s pour examen.<\/p>\n<\/li>\n<li data-start=\"1163\" data-end=\"1262\">\n<p data-start=\"1165\" data-end=\"1262\">Sans dessins : Fournir le type de bloc (creux\/solide), une photo et les dimensions (L\u00d7L\u00d7H en mm).<\/p>\n<\/li>\n<li data-start=\"1263\" data-end=\"1409\">\n<p data-start=\"1265\" data-end=\"1409\">Informations compl\u00e9mentaires : Indiquez la taille de la palette, la taille de la t\u00eate d'inversion, la hauteur du moule et les d\u00e9tails de connexion. Les sch\u00e9mas de connexion sont utiles s'ils sont disponibles.<\/p>\n<\/li>\n<\/ul>\n<p data-start=\"1411\" data-end=\"1486\">Nous vous fournirons un devis dans les plus brefs d\u00e9lais d\u00e8s r\u00e9ception de vos informations.<\/p>\n<h3 data-start=\"1493\" data-end=\"1519\">2. D\u00e9lai de livraison<\/h3>\n<ul data-start=\"1520\" data-end=\"1633\">\n<li data-start=\"1520\" data-end=\"1576\">\n<p data-start=\"1522\" data-end=\"1576\">Moules standard : 20-25 jours ouvrables apr\u00e8s le d\u00e9p\u00f4t.<\/p>\n<\/li>\n<li data-start=\"1577\" data-end=\"1633\">\n<p data-start=\"1579\" data-end=\"1633\">Moules haut de gamme : 30-40 jours ouvrables apr\u00e8s le d\u00e9p\u00f4t<\/p>\n<\/li>\n<\/ul>\n<h3 data-start=\"1640\" data-end=\"1682\">3. Le moule s'adaptera-t-il \u00e0 ma machine ?<\/h3>\n<p data-start=\"1683\" data-end=\"1765\">Nous fabriquons des moules pour diff\u00e9rentes marques de machines \u00e0 blocs et nous tenons des registres d\u00e9taill\u00e9s.<\/p>\n<ul data-start=\"1766\" data-end=\"1896\">\n<li data-start=\"1766\" data-end=\"1843\">\n<p data-start=\"1768\" data-end=\"1843\">Envoyez des photos ou des mesures si n\u00e9cessaire, et nous confirmerons la compatibilit\u00e9.<\/p>\n<\/li>\n<li data-start=\"1844\" data-end=\"1896\">\n<p data-start=\"1846\" data-end=\"1896\">Une fois confirm\u00e9, le moule s'adaptera parfaitement.<\/p>\n<\/li>\n<\/ul>\n<h3 data-start=\"1903\" data-end=\"1929\">4. Conditions de paiement<\/h3>\n<p data-start=\"1930\" data-end=\"2007\">50% avance par T\/T pour d\u00e9marrer la production ; solde avant exp\u00e9dition.<\/p>\n<h3 data-start=\"2014\" data-end=\"2034\">5. Contact<\/h3>\n<p data-start=\"2035\" data-end=\"2092\">WeChat \/ WhatsApp : +86-1330506196 | +86-18960287187<\/p>\n<p><iframe loading=\"lazy\" title=\"Vid\u00e9o sur le fonctionnement des blocs ICF\" src=\"https:\/\/www.youtube.com\/embed\/czhs2wYoLZg\" width=\"556\" height=\"310\" frameborder=\"0\" allowfullscreen=\"allowfullscreen\"><\/iframe><\/p>","protected":false},"excerpt":{"rendered":"<p>Nous produisons des moules \u00e0 embo\u00eetement pour les blocs creux en b\u00e9ton, les briques poreuses, les briques pleines, les pav\u00e9s, les briques de protection des berges, les briques carr\u00e9es, les briques de quai, les briques d'isolation thermique, les briques de plantation de gazon, et bien d'autres encore. Les moules \u00e0 briques de forme sp\u00e9ciale peuvent \u00eatre personnalis\u00e9s en fonction des besoins de l'acheteur.<\/p>\n<table class=\"tg\" style=\"border-collapse: collapse; border-spacing: 0px; height: 262px;\" width=\"100%\">\n<tbody>\n<tr>\n<td style=\"font-family: Arial, sans-serif; font-size: 14px; overflow: hidden; padding: 10px 5px; text-align: left; vertical-align: top; word-break: normal; border: 1px solid black;\">Commande (MOQ) :<\/td>\n<td style=\"font-family: Arial, sans-serif; font-size: 14px; overflow: hidden; padding: 10px 5px; text-align: left; vertical-align: top; word-break: normal; border: 1px solid black;\">1 Ensemble<\/td>\n<\/tr>\n<tr>\n<td style=\"font-family: Arial, sans-serif; font-size: 14px; overflow: hidden; padding: 10px 5px; text-align: left; vertical-align: top; word-break: normal; border: 1px solid black;\">Paiement :<\/td>\n<td style=\"font-family: Arial, sans-serif; font-size: 14px; overflow: hidden; padding: 10px 5px; text-align: left; vertical-align: top; word-break: normal; border: 1px solid black;\">Paiement T\/T 100% avant exp\u00e9dition ou 100% par L\/C confirm\u00e9e et irr\u00e9vocable \u00e0 vue.<\/td>\n<\/tr>\n<tr>\n<td style=\"font-family: Arial, sans-serif; font-size: 14px; overflow: hidden; padding: 10px 5px; text-align: left; vertical-align: top; word-break: normal; border: 1px solid black;\">Origine du produit :<\/td>\n<td style=\"font-family: Arial, sans-serif; font-size: 14px; overflow: hidden; padding: 10px 5px; text-align: left; vertical-align: top; word-break: normal; border: 1px solid black;\">Quanzhou Fujian<\/td>\n<\/tr>\n<tr>\n<td style=\"font-family: Arial, sans-serif; font-size: 14px; overflow: hidden; padding: 10px 5px; text-align: left; vertical-align: top; word-break: normal; border: 1px solid black;\">Couleur :<\/td>\n<td style=\"font-family: Arial, sans-serif; font-size: 14px; overflow: hidden; padding: 10px 5px; text-align: left; vertical-align: top; word-break: normal; border: 1px solid black;\">s'adapter \u00e0 la demande<\/td>\n<\/tr>\n<tr>\n<td style=\"font-family: Arial, sans-serif; font-size: 14px; overflow: hidden; padding: 10px 5px; text-align: left; vertical-align: top; word-break: normal; border: 1px solid black;\">Port d'embarquement :<\/td>\n<td style=\"font-family: Arial, sans-serif; font-size: 14px; overflow: hidden; padding: 10px 5px; text-align: left; vertical-align: top; word-break: normal; border: 1px solid black;\">Xiamen<\/td>\n<\/tr>\n<tr>\n<td style=\"font-family: Arial, sans-serif; font-size: 14px; overflow: hidden; padding: 10px 5px; text-align: left; vertical-align: top; word-break: normal; border: 1px solid black;\">D\u00e9lai d'ex\u00e9cution :<\/td>\n<td style=\"font-family: Arial, sans-serif; font-size: 14px; overflow: hidden; padding: 10px 5px; text-align: left; vertical-align: top; word-break: normal; border: 1px solid black;\">20-25 jours<\/td>\n<\/tr>\n<\/tbody>\n<\/table>\n<p>&nbsp;<\/p>","protected":false},"featured_media":8201,"template":"","meta":[],"product_brand":[],"product_cat":[758,763],"product_tag":[766],"class_list":{"0":"post-8200","1":"product","2":"type-product","3":"status-publish","4":"has-post-thumbnail","6":"product_cat-block-moulds","7":"product_cat-paving-stone-mould","8":"product_tag-grass-stone-mold","10":"first","11":"instock","12":"shipping-taxable","13":"product-type-simple"},"yoast_head":"<!-- This site is optimized with the Yoast SEO plugin v24.4 - https:\/\/yoast.com\/wordpress\/plugins\/seo\/ -->\n<title>MASA HESS Interlock Behaton Paver Moulds | Kimberly Machinery<\/title>\n<meta name=\"description\" content=\"Premium interlocking Behaton paver &amp; block moulds compatible with MASA\/HESS machines. Durable, wear\u2011resistant steel molds for concrete block production lines.\" \/>\n<meta name=\"robots\" content=\"index, follow, max-snippet:-1, max-image-preview:large, max-video-preview:-1\" \/>\n<link rel=\"canonical\" href=\"https:\/\/www.kblmachinery.com\/fr\/masa-hess-interlock-behaton-paver-moulds-behaton-mold\/\" \/>\n<meta property=\"og:locale\" content=\"fr_FR\" \/>\n<meta property=\"og:type\" content=\"article\" \/>\n<meta property=\"og:title\" content=\"MASA HESS Interlock Behaton Paver Moulds | Kimberly Machinery\" \/>\n<meta property=\"og:description\" content=\"Premium interlocking Behaton paver &amp; block moulds compatible with MASA\/HESS machines. Durable, wear\u2011resistant steel molds for concrete block production lines.\" \/>\n<meta property=\"og:url\" content=\"https:\/\/www.kblmachinery.com\/fr\/masa-hess-interlock-behaton-paver-moulds-behaton-mold\/\" \/>\n<meta property=\"og:site_name\" content=\"Kimberly Machinery\" \/>\n<meta property=\"article:publisher\" content=\"https:\/\/www.facebook.com\/KimberlyMachinery\" \/>\n<meta property=\"article:modified_time\" content=\"2025-11-28T07:25:45+00:00\" \/>\n<meta property=\"og:image\" content=\"https:\/\/www.kblmachinery.com\/wp-content\/uploads\/2025\/11\/MASA-HESS-Interlock-Behaton-Paver-Moulds-Behaton-Mold.webp\" \/>\n\t<meta property=\"og:image:width\" content=\"805\" \/>\n\t<meta property=\"og:image:height\" content=\"805\" \/>\n\t<meta property=\"og:image:type\" content=\"image\/webp\" \/>\n<meta name=\"twitter:card\" content=\"summary_large_image\" \/>\n<meta name=\"twitter:label1\" content=\"Dur\u00e9e de lecture estim\u00e9e\" \/>\n\t<meta name=\"twitter:data1\" content=\"2 minutes\" \/>\n<script type=\"application\/ld+json\" class=\"yoast-schema-graph\">{\"@context\":\"https:\/\/schema.org\",\"@graph\":[{\"@type\":\"WebPage\",\"@id\":\"https:\/\/www.kblmachinery.com\/masa-hess-interlock-behaton-paver-moulds-behaton-mold\/\",\"url\":\"https:\/\/www.kblmachinery.com\/masa-hess-interlock-behaton-paver-moulds-behaton-mold\/\",\"name\":\"MASA HESS Interlock Behaton Paver Moulds | Kimberly Machinery\",\"isPartOf\":{\"@id\":\"https:\/\/www.kblmachinery.com\/#website\"},\"primaryImageOfPage\":{\"@id\":\"https:\/\/www.kblmachinery.com\/masa-hess-interlock-behaton-paver-moulds-behaton-mold\/#primaryimage\"},\"image\":{\"@id\":\"https:\/\/www.kblmachinery.com\/masa-hess-interlock-behaton-paver-moulds-behaton-mold\/#primaryimage\"},\"thumbnailUrl\":\"https:\/\/www.kblmachinery.com\/wp-content\/uploads\/2025\/11\/MASA-HESS-Interlock-Behaton-Paver-Moulds-Behaton-Mold.webp\",\"datePublished\":\"2024-08-17T06:20:00+00:00\",\"dateModified\":\"2025-11-28T07:25:45+00:00\",\"description\":\"Premium interlocking Behaton paver & block moulds compatible with MASA\/HESS machines. Durable, wear\u2011resistant steel molds for concrete block production lines.\",\"breadcrumb\":{\"@id\":\"https:\/\/www.kblmachinery.com\/masa-hess-interlock-behaton-paver-moulds-behaton-mold\/#breadcrumb\"},\"inLanguage\":\"fr-FR\",\"potentialAction\":[{\"@type\":\"ReadAction\",\"target\":[\"https:\/\/www.kblmachinery.com\/masa-hess-interlock-behaton-paver-moulds-behaton-mold\/\"]}]},{\"@type\":\"ImageObject\",\"inLanguage\":\"fr-FR\",\"@id\":\"https:\/\/www.kblmachinery.com\/masa-hess-interlock-behaton-paver-moulds-behaton-mold\/#primaryimage\",\"url\":\"https:\/\/www.kblmachinery.com\/wp-content\/uploads\/2025\/11\/MASA-HESS-Interlock-Behaton-Paver-Moulds-Behaton-Mold.webp\",\"contentUrl\":\"https:\/\/www.kblmachinery.com\/wp-content\/uploads\/2025\/11\/MASA-HESS-Interlock-Behaton-Paver-Moulds-Behaton-Mold.webp\",\"width\":805,\"height\":805,\"caption\":\"MASA HESS Interlocking Unipaver Zigzag Paver Mould for Block Machines\"},{\"@type\":\"BreadcrumbList\",\"@id\":\"https:\/\/www.kblmachinery.com\/masa-hess-interlock-behaton-paver-moulds-behaton-mold\/#breadcrumb\",\"itemListElement\":[{\"@type\":\"ListItem\",\"position\":1,\"name\":\"Home\",\"item\":\"https:\/\/www.kblmachinery.com\/\"},{\"@type\":\"ListItem\",\"position\":2,\"name\":\"MASA HESS Interlock Behaton Paver Moulds Behaton Mold\"}]},{\"@type\":\"WebSite\",\"@id\":\"https:\/\/www.kblmachinery.com\/#website\",\"url\":\"https:\/\/www.kblmachinery.com\/\",\"name\":\"Professional Brick\/Block Making Machine in China\",\"description\":\"Block Machine Manufacturer - Kimberly Machinery\",\"publisher\":{\"@id\":\"https:\/\/www.kblmachinery.com\/#organization\"},\"potentialAction\":[{\"@type\":\"SearchAction\",\"target\":{\"@type\":\"EntryPoint\",\"urlTemplate\":\"https:\/\/www.kblmachinery.com\/?s={search_term_string}\"},\"query-input\":{\"@type\":\"PropertyValueSpecification\",\"valueRequired\":true,\"valueName\":\"search_term_string\"}}],\"inLanguage\":\"fr-FR\"},{\"@type\":\"Organization\",\"@id\":\"https:\/\/www.kblmachinery.com\/#organization\",\"name\":\"Quanzhou Kimberly Machinery Manufacturing Co. Ltd\",\"url\":\"https:\/\/www.kblmachinery.com\/\",\"logo\":{\"@type\":\"ImageObject\",\"inLanguage\":\"fr-FR\",\"@id\":\"https:\/\/www.kblmachinery.com\/#\/schema\/logo\/image\/\",\"url\":\"https:\/\/www.kblmachinery.com\/wp-content\/uploads\/2025\/11\/cropped-logo-1-1.png\",\"contentUrl\":\"https:\/\/www.kblmachinery.com\/wp-content\/uploads\/2025\/11\/cropped-logo-1-1.png\",\"width\":123,\"height\":136,\"caption\":\"Quanzhou Kimberly Machinery Manufacturing Co. Ltd\"},\"image\":{\"@id\":\"https:\/\/www.kblmachinery.com\/#\/schema\/logo\/image\/\"},\"sameAs\":[\"https:\/\/www.facebook.com\/KimberlyMachinery\"]}]}<\/script>\n<!-- \/ Yoast SEO plugin. -->","yoast_head_json":{"title":"MASA HESS Interlock Behaton Paver Moulds | Kimberly Machinery","description":"Premium interlocking Behaton paver & block moulds compatible with MASA\/HESS machines. Durable, wear\u2011resistant steel molds for concrete block production lines.","robots":{"index":"index","follow":"follow","max-snippet":"max-snippet:-1","max-image-preview":"max-image-preview:large","max-video-preview":"max-video-preview:-1"},"canonical":"https:\/\/www.kblmachinery.com\/fr\/masa-hess-interlock-behaton-paver-moulds-behaton-mold\/","og_locale":"fr_FR","og_type":"article","og_title":"MASA HESS Interlock Behaton Paver Moulds | Kimberly Machinery","og_description":"Premium interlocking Behaton paver & block moulds compatible with MASA\/HESS machines. Durable, wear\u2011resistant steel molds for concrete block production lines.","og_url":"https:\/\/www.kblmachinery.com\/fr\/masa-hess-interlock-behaton-paver-moulds-behaton-mold\/","og_site_name":"Kimberly Machinery","article_publisher":"https:\/\/www.facebook.com\/KimberlyMachinery","article_modified_time":"2025-11-28T07:25:45+00:00","og_image":[{"width":805,"height":805,"url":"https:\/\/www.kblmachinery.com\/wp-content\/uploads\/2025\/11\/MASA-HESS-Interlock-Behaton-Paver-Moulds-Behaton-Mold.webp","type":"image\/webp"}],"twitter_card":"summary_large_image","twitter_misc":{"Dur\u00e9e de lecture estim\u00e9e":"2 minutes"},"schema":{"@context":"https:\/\/schema.org","@graph":[{"@type":"WebPage","@id":"https:\/\/www.kblmachinery.com\/masa-hess-interlock-behaton-paver-moulds-behaton-mold\/","url":"https:\/\/www.kblmachinery.com\/masa-hess-interlock-behaton-paver-moulds-behaton-mold\/","name":"MASA HESS Interlock Behaton Paver Moulds | Kimberly Machinery","isPartOf":{"@id":"https:\/\/www.kblmachinery.com\/#website"},"primaryImageOfPage":{"@id":"https:\/\/www.kblmachinery.com\/masa-hess-interlock-behaton-paver-moulds-behaton-mold\/#primaryimage"},"image":{"@id":"https:\/\/www.kblmachinery.com\/masa-hess-interlock-behaton-paver-moulds-behaton-mold\/#primaryimage"},"thumbnailUrl":"https:\/\/www.kblmachinery.com\/wp-content\/uploads\/2025\/11\/MASA-HESS-Interlock-Behaton-Paver-Moulds-Behaton-Mold.webp","datePublished":"2024-08-17T06:20:00+00:00","dateModified":"2025-11-28T07:25:45+00:00","description":"Premium interlocking Behaton paver & block moulds compatible with MASA\/HESS machines. Durable, wear\u2011resistant steel molds for concrete block production lines.","breadcrumb":{"@id":"https:\/\/www.kblmachinery.com\/masa-hess-interlock-behaton-paver-moulds-behaton-mold\/#breadcrumb"},"inLanguage":"fr-FR","potentialAction":[{"@type":"ReadAction","target":["https:\/\/www.kblmachinery.com\/masa-hess-interlock-behaton-paver-moulds-behaton-mold\/"]}]},{"@type":"ImageObject","inLanguage":"fr-FR","@id":"https:\/\/www.kblmachinery.com\/masa-hess-interlock-behaton-paver-moulds-behaton-mold\/#primaryimage","url":"https:\/\/www.kblmachinery.com\/wp-content\/uploads\/2025\/11\/MASA-HESS-Interlock-Behaton-Paver-Moulds-Behaton-Mold.webp","contentUrl":"https:\/\/www.kblmachinery.com\/wp-content\/uploads\/2025\/11\/MASA-HESS-Interlock-Behaton-Paver-Moulds-Behaton-Mold.webp","width":805,"height":805,"caption":"MASA HESS Interlocking Unipaver Zigzag Paver Mould for Block Machines"},{"@type":"BreadcrumbList","@id":"https:\/\/www.kblmachinery.com\/masa-hess-interlock-behaton-paver-moulds-behaton-mold\/#breadcrumb","itemListElement":[{"@type":"ListItem","position":1,"name":"Home","item":"https:\/\/www.kblmachinery.com\/"},{"@type":"ListItem","position":2,"name":"MASA HESS Interlock Behaton Paver Moulds Behaton Mold"}]},{"@type":"WebSite","@id":"https:\/\/www.kblmachinery.com\/#website","url":"https:\/\/www.kblmachinery.com\/","name":"Professional Brick\/Block Making Machine in China","description":"Block Machine Manufacturer - Kimberly Machinery","publisher":{"@id":"https:\/\/www.kblmachinery.com\/#organization"},"potentialAction":[{"@type":"SearchAction","target":{"@type":"EntryPoint","urlTemplate":"https:\/\/www.kblmachinery.com\/?s={search_term_string}"},"query-input":{"@type":"PropertyValueSpecification","valueRequired":true,"valueName":"search_term_string"}}],"inLanguage":"fr-FR"},{"@type":"Organization","@id":"https:\/\/www.kblmachinery.com\/#organization","name":"Quanzhou Kimberly Machinery Manufacturing Co. Ltd","url":"https:\/\/www.kblmachinery.com\/","logo":{"@type":"ImageObject","inLanguage":"fr-FR","@id":"https:\/\/www.kblmachinery.com\/#\/schema\/logo\/image\/","url":"https:\/\/www.kblmachinery.com\/wp-content\/uploads\/2025\/11\/cropped-logo-1-1.png","contentUrl":"https:\/\/www.kblmachinery.com\/wp-content\/uploads\/2025\/11\/cropped-logo-1-1.png","width":123,"height":136,"caption":"Quanzhou Kimberly Machinery Manufacturing Co. Ltd"},"image":{"@id":"https:\/\/www.kblmachinery.com\/#\/schema\/logo\/image\/"},"sameAs":["https:\/\/www.facebook.com\/KimberlyMachinery"]}]}},"_links":{"self":[{"href":"https:\/\/www.kblmachinery.com\/fr\/wp-json\/wp\/v2\/product\/8200","targetHints":{"allow":["GET"]}}],"collection":[{"href":"https:\/\/www.kblmachinery.com\/fr\/wp-json\/wp\/v2\/product"}],"about":[{"href":"https:\/\/www.kblmachinery.com\/fr\/wp-json\/wp\/v2\/types\/product"}],"wp:featuredmedia":[{"embeddable":true,"href":"https:\/\/www.kblmachinery.com\/fr\/wp-json\/wp\/v2\/media\/8201"}],"wp:attachment":[{"href":"https:\/\/www.kblmachinery.com\/fr\/wp-json\/wp\/v2\/media?parent=8200"}],"wp:term":[{"taxonomy":"product_brand","embeddable":true,"href":"https:\/\/www.kblmachinery.com\/fr\/wp-json\/wp\/v2\/product_brand?post=8200"},{"taxonomy":"product_cat","embeddable":true,"href":"https:\/\/www.kblmachinery.com\/fr\/wp-json\/wp\/v2\/product_cat?post=8200"},{"taxonomy":"product_tag","embeddable":true,"href":"https:\/\/www.kblmachinery.com\/fr\/wp-json\/wp\/v2\/product_tag?post=8200"}],"curies":[{"name":"wp","href":"https:\/\/api.w.org\/{rel}","templated":true}]}}