{"id":8236,"date":"2024-08-17T06:06:00","date_gmt":"2024-08-17T06:06:00","guid":{"rendered":"https:\/\/www.kblmachinery.com\/?post_type=product&#038;p=8236"},"modified":"2025-11-28T07:31:47","modified_gmt":"2025-11-28T07:31:47","slug":"interlock-molds-paver-mould-for-hess-and-masa-block-machine","status":"publish","type":"product","link":"https:\/\/www.kblmachinery.com\/fr\/interlock-molds-paver-mould-for-hess-and-masa-block-machine\/","title":{"rendered":"Moules pour pav\u00e9s en b\u00e9ton Moules pour briques \u00e0 embo\u00eetement \u00e0 vendre pour machines \u00e0 blocs HESS et MASA"},"content":{"rendered":"<h2>Concrete Paving Molds, Interlocking Brick Molds for Sale &#8211; Compatible with HESS and MASA Machines<\/h2>\n<table class=\"tg\" style=\"border-collapse: collapse; border-spacing: 0px; height: 163px;\" width=\"100%\">\n<tbody>\n<tr>\n<td style=\"font-family: Arial, sans-serif; font-size: 14px; overflow: hidden; padding: 10px 5px; text-align: left; vertical-align: top; word-break: normal; border: 1px solid black;\">Nom<\/td>\n<td style=\"font-family: Arial, sans-serif; font-size: 14px; overflow: hidden; padding: 10px 5px; text-align: left; vertical-align: top; word-break: normal; border: 1px solid black;\">moule \u00e0 bloc creux<\/td>\n<td style=\"font-family: Arial, sans-serif; font-size: 14px; overflow: hidden; padding: 10px 5px; text-align: left; vertical-align: top; word-break: normal; border: 1px solid black;\">Traitement thermique<\/td>\n<td style=\"font-family: Arial, sans-serif; font-size: 14px; overflow: hidden; padding: 10px 5px; text-align: left; vertical-align: top; word-break: normal; border: 1px solid black;\">Carbonitruration 900-950<span style=\"color: #555;\">\u00b0<\/span>C<\/td>\n<\/tr>\n<tr>\n<td style=\"font-family: Arial, sans-serif; font-size: 14px; overflow: hidden; padding: 10px 5px; text-align: left; vertical-align: top; word-break: normal; border: 1px solid black;\">mati\u00e8re premi\u00e8re<\/td>\n<td style=\"font-family: Arial, sans-serif; font-size: 14px; overflow: hidden; padding: 10px 5px; text-align: left; vertical-align: top; word-break: normal; border: 1px solid black;\">acier sp\u00e9cial r\u00e9sistant \u00e0 l'usure<\/td>\n<td style=\"font-family: Arial, sans-serif; font-size: 14px; overflow: hidden; padding: 10px 5px; text-align: left; vertical-align: top; word-break: normal; border: 1px solid black;\">Duret\u00e9<\/td>\n<td style=\"font-family: Arial, sans-serif; font-size: 14px; overflow: hidden; padding: 10px 5px; text-align: left; vertical-align: top; word-break: normal; border: 1px solid black;\">60-65HRC<\/td>\n<\/tr>\n<tr>\n<td style=\"font-family: Arial, sans-serif; font-size: 14px; overflow: hidden; padding: 10px 5px; text-align: left; vertical-align: top; word-break: normal; border: 1px solid black;\">Type de bloc<\/td>\n<td style=\"font-family: Arial, sans-serif; font-size: 14px; overflow: hidden; padding: 10px 5px; text-align: left; vertical-align: top; word-break: normal; border: 1px solid black;\">Les blocs creux, les blocs \u00e0 embo\u00eetement, les pav\u00e9s et les bordures peuvent \u00eatre personnalis\u00e9s.<\/td>\n<td style=\"font-family: Arial, sans-serif; font-size: 14px; overflow: hidden; padding: 10px 5px; text-align: left; vertical-align: top; word-break: normal; border: 1px solid black;\">Code HS<\/td>\n<td style=\"font-family: Arial, sans-serif; font-size: 14px; overflow: hidden; padding: 10px 5px; text-align: left; vertical-align: top; word-break: normal; border: 1px solid black;\">848060<\/td>\n<\/tr>\n<tr>\n<td style=\"font-family: Arial, sans-serif; font-size: 14px; overflow: hidden; padding: 10px 5px; text-align: left; vertical-align: top; word-break: normal; border: 1px solid black;\">dur\u00e9e de vie<\/td>\n<td style=\"font-family: Arial, sans-serif; font-size: 14px; overflow: hidden; padding: 10px 5px; text-align: left; vertical-align: top; word-break: normal; border: 1px solid black;\">100000-120000 fois<\/td>\n<td style=\"font-family: Arial, sans-serif; font-size: 14px; overflow: hidden; padding: 10px 5px; text-align: left; vertical-align: top; word-break: normal; border: 1px solid black;\">Emballage<\/td>\n<td style=\"font-family: Arial, sans-serif; font-size: 14px; overflow: hidden; padding: 10px 5px; text-align: left; vertical-align: top; word-break: normal; border: 1px solid black;\">Bois + film plastique<\/td>\n<\/tr>\n<\/tbody>\n<\/table>\n<h2><img loading=\"lazy\" decoding=\"async\" class=\"size-full wp-image-8242 aligncenter\" src=\"https:\/\/www.kblmachinery.com\/wp-content\/uploads\/2025\/11\/Pavingstone-Mold-Ceiling-Block-Mould-Many-Types-of-Blocks-can-be-Customized.webp\" alt=\"moules pour pav\u00e9s\" width=\"805\" height=\"805\" srcset=\"https:\/\/www.kblmachinery.com\/wp-content\/uploads\/2025\/11\/Pavingstone-Mold-Ceiling-Block-Mould-Many-Types-of-Blocks-can-be-Customized.webp 805w, https:\/\/www.kblmachinery.com\/wp-content\/uploads\/2025\/11\/Pavingstone-Mold-Ceiling-Block-Mould-Many-Types-of-Blocks-can-be-Customized-100x100.webp 100w, https:\/\/www.kblmachinery.com\/wp-content\/uploads\/2025\/11\/Pavingstone-Mold-Ceiling-Block-Mould-Many-Types-of-Blocks-can-be-Customized-600x600.webp 600w\" sizes=\"auto, (max-width: 805px) 100vw, 805px\" \/>FAQ :<\/h2>\n<h3>How can I receive a quote?<\/h3>\n<ul>\n<li>With drawings:Send us detailed drawings of your required blocks, and we will provide a quote accordingly.<\/li>\n<li>Without drawings:Specify the block type (hollow or solid) and share a picture with dimensions (length \u00d7 width \u00d7 thickness in mm).<\/li>\n<li>Provide your pallet dimensions, tamper head size, mold height, and how the mold connects to your machine. If available, include a connection drawing. Once received, we will quote promptly.<\/li>\n<\/ul>\n<h3>Quel est le d\u00e9lai de livraison ?<\/h3>\n<ul>\n<li>Standard molds: 20-25 workdays after receiving the deposit.<\/li>\n<li>High-end molds: 30-40 workdays.<\/li>\n<\/ul>\n<h3>How is the transport packaging handled?<\/h3>\n<ul>\n<li>We use wooden crates with plastic film, or we can pack according to buyer specifications.<\/li>\n<\/ul>\n<h3>Comment puis-je vous contacter ?<\/h3>\n<ul>\n<li>WeChat \/ WhatsApp: +86-1330506196 or +86-18960287187<\/li>\n<\/ul>\n<p><iframe loading=\"lazy\" title=\"Vid\u00e9o sur le fonctionnement des blocs ICF\" src=\"https:\/\/www.youtube.com\/embed\/czhs2wYoLZg\" width=\"556\" height=\"310\" frameborder=\"0\" allowfullscreen=\"allowfullscreen\"><\/iframe><\/p>","protected":false},"excerpt":{"rendered":"<table class=\"tg\" style=\"border-collapse: collapse; border-spacing: 0px; height: 294px;\" width=\"100%\">\n<tbody>\n<tr>\n<td style=\"font-family: Arial, sans-serif; font-size: 14px; overflow: hidden; padding: 10px 5px; text-align: left; vertical-align: top; word-break: normal; border: 1px solid black;\">Commande (MOQ) :<\/td>\n<td style=\"font-family: Arial, sans-serif; font-size: 14px; overflow: hidden; padding: 10px 5px; text-align: left; vertical-align: top; word-break: normal; border: 1px solid black;\">1 Ensemble<\/td>\n<\/tr>\n<tr>\n<td style=\"font-family: Arial, sans-serif; font-size: 14px; overflow: hidden; padding: 10px 5px; text-align: left; vertical-align: top; word-break: normal; border: 1px solid black;\">Paiement :<\/td>\n<td style=\"font-family: Arial, sans-serif; font-size: 14px; overflow: hidden; padding: 10px 5px; text-align: left; vertical-align: top; word-break: normal; border: 1px solid black;\">Paiement T\/T 100% avant exp\u00e9dition ou 100% par L\/C confirm\u00e9e et irr\u00e9vocable \u00e0 vue.<\/td>\n<\/tr>\n<tr>\n<td style=\"font-family: Arial, sans-serif; font-size: 14px; overflow: hidden; padding: 10px 5px; text-align: left; vertical-align: top; word-break: normal; border: 1px solid black;\">Origine du produit :<\/td>\n<td style=\"font-family: Arial, sans-serif; font-size: 14px; overflow: hidden; padding: 10px 5px; text-align: left; vertical-align: top; word-break: normal; border: 1px solid black;\">Quanzhou Fujian<\/td>\n<\/tr>\n<tr>\n<td style=\"font-family: Arial, sans-serif; font-size: 14px; overflow: hidden; padding: 10px 5px; text-align: left; vertical-align: top; word-break: normal; border: 1px solid black;\">Couleur :<\/td>\n<td style=\"font-family: Arial, sans-serif; font-size: 14px; overflow: hidden; padding: 10px 5px; text-align: left; vertical-align: top; word-break: normal; border: 1px solid black;\">s'adapter \u00e0 la demande<\/td>\n<\/tr>\n<tr>\n<td style=\"font-family: Arial, sans-serif; font-size: 14px; overflow: hidden; padding: 10px 5px; text-align: left; vertical-align: top; word-break: normal; border: 1px solid black;\">Port d'embarquement :<\/td>\n<td style=\"font-family: Arial, sans-serif; font-size: 14px; overflow: hidden; padding: 10px 5px; text-align: left; vertical-align: top; word-break: normal; border: 1px solid black;\">Xiamen<\/td>\n<\/tr>\n<tr>\n<td style=\"font-family: Arial, sans-serif; font-size: 14px; overflow: hidden; padding: 10px 5px; text-align: left; vertical-align: top; word-break: normal; border: 1px solid black;\">D\u00e9lai d'ex\u00e9cution :<\/td>\n<td style=\"font-family: Arial, sans-serif; font-size: 14px; overflow: hidden; padding: 10px 5px; text-align: left; vertical-align: top; word-break: normal; border: 1px solid black;\">20-25 jours<\/td>\n<\/tr>\n<\/tbody>\n<\/table>\n<p>&nbsp;<\/p>","protected":false},"featured_media":8237,"template":"","meta":[],"product_brand":[],"product_cat":[758,763],"product_tag":[],"class_list":{"0":"post-8236","1":"product","2":"type-product","3":"status-publish","4":"has-post-thumbnail","6":"product_cat-block-moulds","7":"product_cat-paving-stone-mould","9":"first","10":"instock","11":"shipping-taxable","12":"product-type-simple"},"yoast_head":"<!-- This site is optimized with the Yoast SEO plugin v24.4 - https:\/\/yoast.com\/wordpress\/plugins\/seo\/ -->\n<title>Interlock Paver Moulds for HESS &amp; MASA | Kimberly Machinery<\/title>\n<meta name=\"description\" content=\"High\u2011precision interlocking paver moulds compatible with HESS, MASA block machines. Durable, wear\u2011resistant, customizable block moulds for concrete paving production.\" \/>\n<meta name=\"robots\" content=\"index, follow, max-snippet:-1, max-image-preview:large, max-video-preview:-1\" \/>\n<link rel=\"canonical\" href=\"https:\/\/www.kblmachinery.com\/fr\/interlock-molds-paver-mould-for-hess-and-masa-block-machine\/\" \/>\n<meta property=\"og:locale\" content=\"fr_FR\" \/>\n<meta property=\"og:type\" content=\"article\" \/>\n<meta property=\"og:title\" content=\"Interlock Paver Moulds for HESS &amp; MASA | Kimberly Machinery\" \/>\n<meta property=\"og:description\" content=\"High\u2011precision interlocking paver moulds compatible with HESS, MASA block machines. Durable, wear\u2011resistant, customizable block moulds for concrete paving production.\" \/>\n<meta property=\"og:url\" content=\"https:\/\/www.kblmachinery.com\/fr\/interlock-molds-paver-mould-for-hess-and-masa-block-machine\/\" \/>\n<meta property=\"og:site_name\" content=\"Kimberly Machinery\" \/>\n<meta property=\"article:publisher\" content=\"https:\/\/www.facebook.com\/KimberlyMachinery\" \/>\n<meta property=\"article:modified_time\" content=\"2025-11-28T07:31:47+00:00\" \/>\n<meta property=\"og:image\" content=\"https:\/\/www.kblmachinery.com\/wp-content\/uploads\/2025\/11\/Concrete-Paving-Moulds-Interlocking-Bricks-Mould-For-Sale-for-HESS-and-MASA-Block-Machine.webp\" \/>\n\t<meta property=\"og:image:width\" content=\"800\" \/>\n\t<meta property=\"og:image:height\" content=\"800\" \/>\n\t<meta property=\"og:image:type\" content=\"image\/webp\" \/>\n<meta name=\"twitter:card\" content=\"summary_large_image\" \/>\n<meta name=\"twitter:label1\" content=\"Dur\u00e9e de lecture estim\u00e9e\" \/>\n\t<meta name=\"twitter:data1\" content=\"2 minutes\" \/>\n<script type=\"application\/ld+json\" class=\"yoast-schema-graph\">{\"@context\":\"https:\/\/schema.org\",\"@graph\":[{\"@type\":\"WebPage\",\"@id\":\"https:\/\/www.kblmachinery.com\/interlock-molds-paver-mould-for-hess-and-masa-block-machine\/\",\"url\":\"https:\/\/www.kblmachinery.com\/interlock-molds-paver-mould-for-hess-and-masa-block-machine\/\",\"name\":\"Interlock Paver Moulds for HESS & MASA | Kimberly Machinery\",\"isPartOf\":{\"@id\":\"https:\/\/www.kblmachinery.com\/#website\"},\"primaryImageOfPage\":{\"@id\":\"https:\/\/www.kblmachinery.com\/interlock-molds-paver-mould-for-hess-and-masa-block-machine\/#primaryimage\"},\"image\":{\"@id\":\"https:\/\/www.kblmachinery.com\/interlock-molds-paver-mould-for-hess-and-masa-block-machine\/#primaryimage\"},\"thumbnailUrl\":\"https:\/\/www.kblmachinery.com\/wp-content\/uploads\/2025\/11\/Concrete-Paving-Moulds-Interlocking-Bricks-Mould-For-Sale-for-HESS-and-MASA-Block-Machine.webp\",\"datePublished\":\"2024-08-17T06:06:00+00:00\",\"dateModified\":\"2025-11-28T07:31:47+00:00\",\"description\":\"High\u2011precision interlocking paver moulds compatible with HESS, MASA block machines. Durable, wear\u2011resistant, customizable block moulds for concrete paving production.\",\"breadcrumb\":{\"@id\":\"https:\/\/www.kblmachinery.com\/interlock-molds-paver-mould-for-hess-and-masa-block-machine\/#breadcrumb\"},\"inLanguage\":\"fr-FR\",\"potentialAction\":[{\"@type\":\"ReadAction\",\"target\":[\"https:\/\/www.kblmachinery.com\/interlock-molds-paver-mould-for-hess-and-masa-block-machine\/\"]}]},{\"@type\":\"ImageObject\",\"inLanguage\":\"fr-FR\",\"@id\":\"https:\/\/www.kblmachinery.com\/interlock-molds-paver-mould-for-hess-and-masa-block-machine\/#primaryimage\",\"url\":\"https:\/\/www.kblmachinery.com\/wp-content\/uploads\/2025\/11\/Concrete-Paving-Moulds-Interlocking-Bricks-Mould-For-Sale-for-HESS-and-MASA-Block-Machine.webp\",\"contentUrl\":\"https:\/\/www.kblmachinery.com\/wp-content\/uploads\/2025\/11\/Concrete-Paving-Moulds-Interlocking-Bricks-Mould-For-Sale-for-HESS-and-MASA-Block-Machine.webp\",\"width\":800,\"height\":800,\"caption\":\"Concrete Paving Moulds Interlocking Bricks Mould For Sale for HESS and MASA Block Machine\"},{\"@type\":\"BreadcrumbList\",\"@id\":\"https:\/\/www.kblmachinery.com\/interlock-molds-paver-mould-for-hess-and-masa-block-machine\/#breadcrumb\",\"itemListElement\":[{\"@type\":\"ListItem\",\"position\":1,\"name\":\"Home\",\"item\":\"https:\/\/www.kblmachinery.com\/\"},{\"@type\":\"ListItem\",\"position\":2,\"name\":\"Concrete Paving Moulds Interlocking Bricks Mould For Sale for HESS and MASA Block Machine\"}]},{\"@type\":\"WebSite\",\"@id\":\"https:\/\/www.kblmachinery.com\/#website\",\"url\":\"https:\/\/www.kblmachinery.com\/\",\"name\":\"Professional Brick\/Block Making Machine in China\",\"description\":\"Block Machine Manufacturer - Kimberly Machinery\",\"publisher\":{\"@id\":\"https:\/\/www.kblmachinery.com\/#organization\"},\"potentialAction\":[{\"@type\":\"SearchAction\",\"target\":{\"@type\":\"EntryPoint\",\"urlTemplate\":\"https:\/\/www.kblmachinery.com\/?s={search_term_string}\"},\"query-input\":{\"@type\":\"PropertyValueSpecification\",\"valueRequired\":true,\"valueName\":\"search_term_string\"}}],\"inLanguage\":\"fr-FR\"},{\"@type\":\"Organization\",\"@id\":\"https:\/\/www.kblmachinery.com\/#organization\",\"name\":\"Quanzhou Kimberly Machinery Manufacturing Co. Ltd\",\"url\":\"https:\/\/www.kblmachinery.com\/\",\"logo\":{\"@type\":\"ImageObject\",\"inLanguage\":\"fr-FR\",\"@id\":\"https:\/\/www.kblmachinery.com\/#\/schema\/logo\/image\/\",\"url\":\"https:\/\/www.kblmachinery.com\/wp-content\/uploads\/2025\/11\/cropped-logo-1-1.png\",\"contentUrl\":\"https:\/\/www.kblmachinery.com\/wp-content\/uploads\/2025\/11\/cropped-logo-1-1.png\",\"width\":123,\"height\":136,\"caption\":\"Quanzhou Kimberly Machinery Manufacturing Co. Ltd\"},\"image\":{\"@id\":\"https:\/\/www.kblmachinery.com\/#\/schema\/logo\/image\/\"},\"sameAs\":[\"https:\/\/www.facebook.com\/KimberlyMachinery\"]}]}<\/script>\n<!-- \/ Yoast SEO plugin. -->","yoast_head_json":{"title":"Interlock Paver Moulds for HESS & MASA | Kimberly Machinery","description":"High\u2011precision interlocking paver moulds compatible with HESS, MASA block machines. Durable, wear\u2011resistant, customizable block moulds for concrete paving production.","robots":{"index":"index","follow":"follow","max-snippet":"max-snippet:-1","max-image-preview":"max-image-preview:large","max-video-preview":"max-video-preview:-1"},"canonical":"https:\/\/www.kblmachinery.com\/fr\/interlock-molds-paver-mould-for-hess-and-masa-block-machine\/","og_locale":"fr_FR","og_type":"article","og_title":"Interlock Paver Moulds for HESS & MASA | Kimberly Machinery","og_description":"High\u2011precision interlocking paver moulds compatible with HESS, MASA block machines. Durable, wear\u2011resistant, customizable block moulds for concrete paving production.","og_url":"https:\/\/www.kblmachinery.com\/fr\/interlock-molds-paver-mould-for-hess-and-masa-block-machine\/","og_site_name":"Kimberly Machinery","article_publisher":"https:\/\/www.facebook.com\/KimberlyMachinery","article_modified_time":"2025-11-28T07:31:47+00:00","og_image":[{"width":800,"height":800,"url":"https:\/\/www.kblmachinery.com\/wp-content\/uploads\/2025\/11\/Concrete-Paving-Moulds-Interlocking-Bricks-Mould-For-Sale-for-HESS-and-MASA-Block-Machine.webp","type":"image\/webp"}],"twitter_card":"summary_large_image","twitter_misc":{"Dur\u00e9e de lecture estim\u00e9e":"2 minutes"},"schema":{"@context":"https:\/\/schema.org","@graph":[{"@type":"WebPage","@id":"https:\/\/www.kblmachinery.com\/interlock-molds-paver-mould-for-hess-and-masa-block-machine\/","url":"https:\/\/www.kblmachinery.com\/interlock-molds-paver-mould-for-hess-and-masa-block-machine\/","name":"Interlock Paver Moulds for HESS & MASA | Kimberly Machinery","isPartOf":{"@id":"https:\/\/www.kblmachinery.com\/#website"},"primaryImageOfPage":{"@id":"https:\/\/www.kblmachinery.com\/interlock-molds-paver-mould-for-hess-and-masa-block-machine\/#primaryimage"},"image":{"@id":"https:\/\/www.kblmachinery.com\/interlock-molds-paver-mould-for-hess-and-masa-block-machine\/#primaryimage"},"thumbnailUrl":"https:\/\/www.kblmachinery.com\/wp-content\/uploads\/2025\/11\/Concrete-Paving-Moulds-Interlocking-Bricks-Mould-For-Sale-for-HESS-and-MASA-Block-Machine.webp","datePublished":"2024-08-17T06:06:00+00:00","dateModified":"2025-11-28T07:31:47+00:00","description":"High\u2011precision interlocking paver moulds compatible with HESS, MASA block machines. Durable, wear\u2011resistant, customizable block moulds for concrete paving production.","breadcrumb":{"@id":"https:\/\/www.kblmachinery.com\/interlock-molds-paver-mould-for-hess-and-masa-block-machine\/#breadcrumb"},"inLanguage":"fr-FR","potentialAction":[{"@type":"ReadAction","target":["https:\/\/www.kblmachinery.com\/interlock-molds-paver-mould-for-hess-and-masa-block-machine\/"]}]},{"@type":"ImageObject","inLanguage":"fr-FR","@id":"https:\/\/www.kblmachinery.com\/interlock-molds-paver-mould-for-hess-and-masa-block-machine\/#primaryimage","url":"https:\/\/www.kblmachinery.com\/wp-content\/uploads\/2025\/11\/Concrete-Paving-Moulds-Interlocking-Bricks-Mould-For-Sale-for-HESS-and-MASA-Block-Machine.webp","contentUrl":"https:\/\/www.kblmachinery.com\/wp-content\/uploads\/2025\/11\/Concrete-Paving-Moulds-Interlocking-Bricks-Mould-For-Sale-for-HESS-and-MASA-Block-Machine.webp","width":800,"height":800,"caption":"Concrete Paving Moulds Interlocking Bricks Mould For Sale for HESS and MASA Block Machine"},{"@type":"BreadcrumbList","@id":"https:\/\/www.kblmachinery.com\/interlock-molds-paver-mould-for-hess-and-masa-block-machine\/#breadcrumb","itemListElement":[{"@type":"ListItem","position":1,"name":"Home","item":"https:\/\/www.kblmachinery.com\/"},{"@type":"ListItem","position":2,"name":"Concrete Paving Moulds Interlocking Bricks Mould For Sale for HESS and MASA Block Machine"}]},{"@type":"WebSite","@id":"https:\/\/www.kblmachinery.com\/#website","url":"https:\/\/www.kblmachinery.com\/","name":"Professional Brick\/Block Making Machine in China","description":"Block Machine Manufacturer - Kimberly Machinery","publisher":{"@id":"https:\/\/www.kblmachinery.com\/#organization"},"potentialAction":[{"@type":"SearchAction","target":{"@type":"EntryPoint","urlTemplate":"https:\/\/www.kblmachinery.com\/?s={search_term_string}"},"query-input":{"@type":"PropertyValueSpecification","valueRequired":true,"valueName":"search_term_string"}}],"inLanguage":"fr-FR"},{"@type":"Organization","@id":"https:\/\/www.kblmachinery.com\/#organization","name":"Quanzhou Kimberly Machinery Manufacturing Co. Ltd","url":"https:\/\/www.kblmachinery.com\/","logo":{"@type":"ImageObject","inLanguage":"fr-FR","@id":"https:\/\/www.kblmachinery.com\/#\/schema\/logo\/image\/","url":"https:\/\/www.kblmachinery.com\/wp-content\/uploads\/2025\/11\/cropped-logo-1-1.png","contentUrl":"https:\/\/www.kblmachinery.com\/wp-content\/uploads\/2025\/11\/cropped-logo-1-1.png","width":123,"height":136,"caption":"Quanzhou Kimberly Machinery Manufacturing Co. Ltd"},"image":{"@id":"https:\/\/www.kblmachinery.com\/#\/schema\/logo\/image\/"},"sameAs":["https:\/\/www.facebook.com\/KimberlyMachinery"]}]}},"_links":{"self":[{"href":"https:\/\/www.kblmachinery.com\/fr\/wp-json\/wp\/v2\/product\/8236","targetHints":{"allow":["GET"]}}],"collection":[{"href":"https:\/\/www.kblmachinery.com\/fr\/wp-json\/wp\/v2\/product"}],"about":[{"href":"https:\/\/www.kblmachinery.com\/fr\/wp-json\/wp\/v2\/types\/product"}],"wp:featuredmedia":[{"embeddable":true,"href":"https:\/\/www.kblmachinery.com\/fr\/wp-json\/wp\/v2\/media\/8237"}],"wp:attachment":[{"href":"https:\/\/www.kblmachinery.com\/fr\/wp-json\/wp\/v2\/media?parent=8236"}],"wp:term":[{"taxonomy":"product_brand","embeddable":true,"href":"https:\/\/www.kblmachinery.com\/fr\/wp-json\/wp\/v2\/product_brand?post=8236"},{"taxonomy":"product_cat","embeddable":true,"href":"https:\/\/www.kblmachinery.com\/fr\/wp-json\/wp\/v2\/product_cat?post=8236"},{"taxonomy":"product_tag","embeddable":true,"href":"https:\/\/www.kblmachinery.com\/fr\/wp-json\/wp\/v2\/product_tag?post=8236"}],"curies":[{"name":"wp","href":"https:\/\/api.w.org\/{rel}","templated":true}]}}