{"id":8246,"date":"2024-08-17T06:56:00","date_gmt":"2024-08-17T06:56:00","guid":{"rendered":"https:\/\/www.kblmachinery.com\/?post_type=product&#038;p=8246"},"modified":"2025-11-27T05:46:45","modified_gmt":"2025-11-27T05:46:45","slug":"made-in-china-high-quality-steel-mould-curbstone-retaining-wall-brick-block-mold","status":"publish","type":"product","link":"https:\/\/www.kblmachinery.com\/fr\/made-in-china-high-quality-steel-mould-curbstone-retaining-wall-brick-block-mold\/","title":{"rendered":"Moules en acier de haute qualit\u00e9 pour murs de sout\u00e8nement en pierre de trottoir Moules pour blocs de briques"},"content":{"rendered":"<h2>High-Quality Steel Molds for Curbstone and Retaining Wall Blocks &#8211; Made in China<\/h2>\n<table class=\"tg\" style=\"border-collapse: collapse; border-spacing: 0px; height: 176px;\" width=\"100%\">\n<tbody>\n<tr>\n<td style=\"font-family: Arial, sans-serif; font-size: 14px; overflow: hidden; padding: 10px 5px; text-align: left; vertical-align: top; word-break: normal; border: 1px solid black;\">Nom<\/td>\n<td style=\"font-family: Arial, sans-serif; font-size: 14px; overflow: hidden; padding: 10px 5px; text-align: left; vertical-align: top; word-break: normal; border: 1px solid black;\">moule pour blocs de pierre<\/td>\n<td style=\"font-family: Arial, sans-serif; font-size: 14px; overflow: hidden; padding: 10px 5px; text-align: left; vertical-align: top; word-break: normal; border: 1px solid black;\">Traitement thermique<\/td>\n<td style=\"font-family: Arial, sans-serif; font-size: 14px; overflow: hidden; padding: 10px 5px; text-align: left; vertical-align: top; word-break: normal; border: 1px solid black;\">Carbonitruration 900-950<span style=\"color: #555;\">\u00b0<\/span>C<\/td>\n<\/tr>\n<tr>\n<td style=\"font-family: Arial, sans-serif; font-size: 14px; overflow: hidden; padding: 10px 5px; text-align: left; vertical-align: top; word-break: normal; border: 1px solid black;\">mati\u00e8re premi\u00e8re<\/td>\n<td style=\"font-family: Arial, sans-serif; font-size: 14px; overflow: hidden; padding: 10px 5px; text-align: left; vertical-align: top; word-break: normal; border: 1px solid black;\">acier sp\u00e9cial r\u00e9sistant \u00e0 l'usure<\/td>\n<td style=\"font-family: Arial, sans-serif; font-size: 14px; overflow: hidden; padding: 10px 5px; text-align: left; vertical-align: top; word-break: normal; border: 1px solid black;\">Duret\u00e9<\/td>\n<td style=\"font-family: Arial, sans-serif; font-size: 14px; overflow: hidden; padding: 10px 5px; text-align: left; vertical-align: top; word-break: normal; border: 1px solid black;\">60-65HRC<\/td>\n<\/tr>\n<tr>\n<td style=\"font-family: Arial, sans-serif; font-size: 14px; overflow: hidden; padding: 10px 5px; text-align: left; vertical-align: top; word-break: normal; border: 1px solid black;\">Type de bloc<\/td>\n<td style=\"font-family: Arial, sans-serif; font-size: 14px; overflow: hidden; padding: 10px 5px; text-align: left; vertical-align: top; word-break: normal; border: 1px solid black;\">Les blocs creux, les blocs \u00e0 embo\u00eetement, les pav\u00e9s et les bordures peuvent \u00eatre personnalis\u00e9s.<\/td>\n<td style=\"font-family: Arial, sans-serif; font-size: 14px; overflow: hidden; padding: 10px 5px; text-align: left; vertical-align: top; word-break: normal; border: 1px solid black;\">Code HS<\/td>\n<td style=\"font-family: Arial, sans-serif; font-size: 14px; overflow: hidden; padding: 10px 5px; text-align: left; vertical-align: top; word-break: normal; border: 1px solid black;\">848060<\/td>\n<\/tr>\n<tr>\n<td style=\"font-family: Arial, sans-serif; font-size: 14px; overflow: hidden; padding: 10px 5px; text-align: left; vertical-align: top; word-break: normal; border: 1px solid black;\">dur\u00e9e de vie<\/td>\n<td style=\"font-family: Arial, sans-serif; font-size: 14px; overflow: hidden; padding: 10px 5px; text-align: left; vertical-align: top; word-break: normal; border: 1px solid black;\">100000-120000 fois<\/td>\n<td style=\"font-family: Arial, sans-serif; font-size: 14px; overflow: hidden; padding: 10px 5px; text-align: left; vertical-align: top; word-break: normal; border: 1px solid black;\">Emballage<\/td>\n<td style=\"font-family: Arial, sans-serif; font-size: 14px; overflow: hidden; padding: 10px 5px; text-align: left; vertical-align: top; word-break: normal; border: 1px solid black;\">Bois + film plastique<\/td>\n<\/tr>\n<\/tbody>\n<\/table>\n<h2>D\u00e9monstration de certains proc\u00e9d\u00e9s de fabrication<\/h2>\n<p><iframe loading=\"lazy\" title=\"Vid\u00e9o sur le fonctionnement des blocs ICF\" src=\"https:\/\/www.youtube.com\/embed\/czhs2wYoLZg\" width=\"556\" height=\"310\" frameborder=\"0\" allowfullscreen=\"allowfullscreen\"><\/iframe><\/p>\n<h2 data-start=\"1553\" data-end=\"1587\">\u00c0 propos de Kimberly Machinery<\/h2>\n<p data-start=\"1589\" data-end=\"1882\">Fond\u00e9e dans les ann\u00e9es 1990, Kimberly Machinery a pr\u00e8s de 30 ans d'exp\u00e9rience dans la fabrication et exporte depuis 2008. Nous servons les march\u00e9s nationaux et internationaux et sommes sp\u00e9cialis\u00e9s dans les moules de haute qualit\u00e9 pour diverses marques de machines \u00e0 blocs telles que MASA, HESS, ZENITH, etc.<\/p>\n<p data-start=\"1884\" data-end=\"2195\">Notre capacit\u00e9 de production est d'environ 1 000 ensembles par an, couvrant un large \u00e9ventail de types de blocs : blocs creux, briques poreuses, briques pleines, tuiles routi\u00e8res, briques de protection des pentes des rivi\u00e8res, briques carr\u00e9es, briques de quai, briques d'isolation thermique, briques de plantation d'herbe, ainsi que des formes personnalis\u00e9es adapt\u00e9es aux besoins de l'acheteur.<\/p>\n<p data-start=\"2197\" data-end=\"2576\">Nous sommes une entreprise int\u00e9gr\u00e9e qui se concentre sur la recherche et le d\u00e9veloppement, la fabrication, la production et les ventes. Les mat\u00e9riaux des moules vont de l'acier Q345 \u00e0 l'acier italien import\u00e9 haut de gamme. Nos moules sont soumis \u00e0 des processus avanc\u00e9s de d\u00e9coupage par fil CNC et de c\u00e9mentation sous vide, ce qui leur permet d'atteindre une duret\u00e9 de 62 HRC et une excellente r\u00e9sistance \u00e0 l'usure. Les temps de cycle peuvent atteindre 80 000 \u00e0 120 000 op\u00e9rations.<\/p>\n<p data-start=\"2578\" data-end=\"2734\">Gr\u00e2ce \u00e0 une technologie de pointe, \u00e0 un savoir-faire sup\u00e9rieur, \u00e0 une qualit\u00e9 fiable et \u00e0 des prix comp\u00e9titifs, nos moules jouissent de la confiance et de la faveur des clients du monde entier.<\/p>","protected":false},"excerpt":{"rendered":"<p>Les bordures servent principalement \u00e0 des fins fonctionnelles en s\u00e9parant strictement des zones avec des alignements verticaux diff\u00e9rents. Elles peuvent \u00e9galement \u00eatre personnalis\u00e9es avec des couleurs et des formats sp\u00e9cifiques au projet.<\/p>\n<table class=\"tg\" style=\"border-collapse: collapse; border-spacing: 0px; height: 238px;\" width=\"100%\">\n<tbody>\n<tr>\n<td style=\"font-family: Arial, sans-serif; font-size: 14px; overflow: hidden; padding: 10px 5px; text-align: left; vertical-align: top; word-break: normal; border: 1px solid black;\">Commande (MOQ) :<\/td>\n<td style=\"font-family: Arial, sans-serif; font-size: 14px; overflow: hidden; padding: 10px 5px; text-align: left; vertical-align: top; word-break: normal; border: 1px solid black;\">1 Ensemble<\/td>\n<\/tr>\n<tr>\n<td style=\"font-family: Arial, sans-serif; font-size: 14px; overflow: hidden; padding: 10px 5px; text-align: left; vertical-align: top; word-break: normal; border: 1px solid black;\">Paiement :<\/td>\n<td style=\"font-family: Arial, sans-serif; font-size: 14px; overflow: hidden; padding: 10px 5px; text-align: left; vertical-align: top; word-break: normal; border: 1px solid black;\">Paiement T\/T 100% avant exp\u00e9dition ou 100% par L\/C confirm\u00e9e et irr\u00e9vocable \u00e0 vue.<\/td>\n<\/tr>\n<tr>\n<td style=\"font-family: Arial, sans-serif; font-size: 14px; overflow: hidden; padding: 10px 5px; text-align: left; vertical-align: top; word-break: normal; border: 1px solid black;\">Origine du produit :<\/td>\n<td style=\"font-family: Arial, sans-serif; font-size: 14px; overflow: hidden; padding: 10px 5px; text-align: left; vertical-align: top; word-break: normal; border: 1px solid black;\">Quanzhou Fujian<\/td>\n<\/tr>\n<tr>\n<td style=\"font-family: Arial, sans-serif; font-size: 14px; overflow: hidden; padding: 10px 5px; text-align: left; vertical-align: top; word-break: normal; border: 1px solid black;\">Couleur :<\/td>\n<td style=\"font-family: Arial, sans-serif; font-size: 14px; overflow: hidden; padding: 10px 5px; text-align: left; vertical-align: top; word-break: normal; border: 1px solid black;\">s'adapter \u00e0 la demande<\/td>\n<\/tr>\n<tr>\n<td style=\"font-family: Arial, sans-serif; font-size: 14px; overflow: hidden; padding: 10px 5px; text-align: left; vertical-align: top; word-break: normal; border: 1px solid black;\">Port d'embarquement :<\/td>\n<td style=\"font-family: Arial, sans-serif; font-size: 14px; overflow: hidden; padding: 10px 5px; text-align: left; vertical-align: top; word-break: normal; border: 1px solid black;\">Xiamen<\/td>\n<\/tr>\n<tr>\n<td style=\"font-family: Arial, sans-serif; font-size: 14px; overflow: hidden; padding: 10px 5px; text-align: left; vertical-align: top; word-break: normal; border: 1px solid black;\">D\u00e9lai d'ex\u00e9cution :<\/td>\n<td style=\"font-family: Arial, sans-serif; font-size: 14px; overflow: hidden; padding: 10px 5px; text-align: left; vertical-align: top; word-break: normal; border: 1px solid black;\">20-25 jours<\/td>\n<\/tr>\n<\/tbody>\n<\/table>\n<p>&nbsp;<\/p>","protected":false},"featured_media":8247,"template":"","meta":[],"product_brand":[],"product_cat":[758,767],"product_tag":[],"class_list":{"0":"post-8246","1":"product","2":"type-product","3":"status-publish","4":"has-post-thumbnail","6":"product_cat-block-moulds","7":"product_cat-permeable-paver-mould","9":"first","10":"instock","11":"shipping-taxable","12":"product-type-simple"},"yoast_head":"<!-- This site is optimized with the Yoast SEO plugin v24.4 - https:\/\/yoast.com\/wordpress\/plugins\/seo\/ -->\n<title>Made in China High Quality Steel Mould Curbstone Retaining Wall Brick Block Mold - Kimberly Machinery<\/title>\n<meta name=\"description\" content=\"China Made in China High Quality Steel Mould Curbstone Retaining Wall Brick Block Mold manufacturer provides auto concrete block machines, hydraulic press series block machines, concrete mixer, batching machine with wholesale price.\" \/>\n<meta name=\"robots\" content=\"index, follow, max-snippet:-1, max-image-preview:large, max-video-preview:-1\" \/>\n<link rel=\"canonical\" href=\"https:\/\/www.kblmachinery.com\/fr\/made-in-china-high-quality-steel-mould-curbstone-retaining-wall-brick-block-mold\/\" \/>\n<meta property=\"og:locale\" content=\"fr_FR\" \/>\n<meta property=\"og:type\" content=\"article\" \/>\n<meta property=\"og:title\" content=\"Made in China High Quality Steel Mould Curbstone Retaining Wall Brick Block Mold - Kimberly Machinery\" \/>\n<meta property=\"og:description\" content=\"China Made in China High Quality Steel Mould Curbstone Retaining Wall Brick Block Mold manufacturer provides auto concrete block machines, hydraulic press series block machines, concrete mixer, batching machine with wholesale price.\" \/>\n<meta property=\"og:url\" content=\"https:\/\/www.kblmachinery.com\/fr\/made-in-china-high-quality-steel-mould-curbstone-retaining-wall-brick-block-mold\/\" \/>\n<meta property=\"og:site_name\" content=\"Kimberly Machinery\" \/>\n<meta property=\"article:publisher\" content=\"https:\/\/www.facebook.com\/KimberlyMachinery\" \/>\n<meta property=\"article:modified_time\" content=\"2025-11-27T05:46:45+00:00\" \/>\n<meta property=\"og:image\" content=\"https:\/\/www.kblmachinery.com\/wp-content\/uploads\/2025\/11\/Made-in-China-High-Quality-Steel-Mould-Curbstone-Retaining-Wall-Brick-Block-Mold.webp\" \/>\n\t<meta property=\"og:image:width\" content=\"805\" \/>\n\t<meta property=\"og:image:height\" content=\"805\" \/>\n\t<meta property=\"og:image:type\" content=\"image\/webp\" \/>\n<meta name=\"twitter:card\" content=\"summary_large_image\" \/>\n<meta name=\"twitter:label1\" content=\"Dur\u00e9e de lecture estim\u00e9e\" \/>\n\t<meta name=\"twitter:data1\" content=\"2 minutes\" \/>\n<script type=\"application\/ld+json\" class=\"yoast-schema-graph\">{\"@context\":\"https:\/\/schema.org\",\"@graph\":[{\"@type\":\"WebPage\",\"@id\":\"https:\/\/www.kblmachinery.com\/made-in-china-high-quality-steel-mould-curbstone-retaining-wall-brick-block-mold\/\",\"url\":\"https:\/\/www.kblmachinery.com\/made-in-china-high-quality-steel-mould-curbstone-retaining-wall-brick-block-mold\/\",\"name\":\"Made in China High Quality Steel Mould Curbstone Retaining Wall Brick Block Mold - Kimberly Machinery\",\"isPartOf\":{\"@id\":\"https:\/\/www.kblmachinery.com\/#website\"},\"primaryImageOfPage\":{\"@id\":\"https:\/\/www.kblmachinery.com\/made-in-china-high-quality-steel-mould-curbstone-retaining-wall-brick-block-mold\/#primaryimage\"},\"image\":{\"@id\":\"https:\/\/www.kblmachinery.com\/made-in-china-high-quality-steel-mould-curbstone-retaining-wall-brick-block-mold\/#primaryimage\"},\"thumbnailUrl\":\"https:\/\/www.kblmachinery.com\/wp-content\/uploads\/2025\/11\/Made-in-China-High-Quality-Steel-Mould-Curbstone-Retaining-Wall-Brick-Block-Mold.webp\",\"datePublished\":\"2024-08-17T06:56:00+00:00\",\"dateModified\":\"2025-11-27T05:46:45+00:00\",\"description\":\"China Made in China High Quality Steel Mould Curbstone Retaining Wall Brick Block Mold manufacturer provides auto concrete block machines, hydraulic press series block machines, concrete mixer, batching machine with wholesale price.\",\"breadcrumb\":{\"@id\":\"https:\/\/www.kblmachinery.com\/made-in-china-high-quality-steel-mould-curbstone-retaining-wall-brick-block-mold\/#breadcrumb\"},\"inLanguage\":\"fr-FR\",\"potentialAction\":[{\"@type\":\"ReadAction\",\"target\":[\"https:\/\/www.kblmachinery.com\/made-in-china-high-quality-steel-mould-curbstone-retaining-wall-brick-block-mold\/\"]}]},{\"@type\":\"ImageObject\",\"inLanguage\":\"fr-FR\",\"@id\":\"https:\/\/www.kblmachinery.com\/made-in-china-high-quality-steel-mould-curbstone-retaining-wall-brick-block-mold\/#primaryimage\",\"url\":\"https:\/\/www.kblmachinery.com\/wp-content\/uploads\/2025\/11\/Made-in-China-High-Quality-Steel-Mould-Curbstone-Retaining-Wall-Brick-Block-Mold.webp\",\"contentUrl\":\"https:\/\/www.kblmachinery.com\/wp-content\/uploads\/2025\/11\/Made-in-China-High-Quality-Steel-Mould-Curbstone-Retaining-Wall-Brick-Block-Mold.webp\",\"width\":805,\"height\":805,\"caption\":\"Grass Stone Mold Road Paver Mould for Park\"},{\"@type\":\"BreadcrumbList\",\"@id\":\"https:\/\/www.kblmachinery.com\/made-in-china-high-quality-steel-mould-curbstone-retaining-wall-brick-block-mold\/#breadcrumb\",\"itemListElement\":[{\"@type\":\"ListItem\",\"position\":1,\"name\":\"Home\",\"item\":\"https:\/\/www.kblmachinery.com\/\"},{\"@type\":\"ListItem\",\"position\":2,\"name\":\"Made in China High Quality Steel Mould Curbstone Retaining Wall Brick Block Mold\"}]},{\"@type\":\"WebSite\",\"@id\":\"https:\/\/www.kblmachinery.com\/#website\",\"url\":\"https:\/\/www.kblmachinery.com\/\",\"name\":\"Professional Brick\/Block Making Machine in China\",\"description\":\"Block Machine Manufacturer - Kimberly Machinery\",\"publisher\":{\"@id\":\"https:\/\/www.kblmachinery.com\/#organization\"},\"potentialAction\":[{\"@type\":\"SearchAction\",\"target\":{\"@type\":\"EntryPoint\",\"urlTemplate\":\"https:\/\/www.kblmachinery.com\/?s={search_term_string}\"},\"query-input\":{\"@type\":\"PropertyValueSpecification\",\"valueRequired\":true,\"valueName\":\"search_term_string\"}}],\"inLanguage\":\"fr-FR\"},{\"@type\":\"Organization\",\"@id\":\"https:\/\/www.kblmachinery.com\/#organization\",\"name\":\"Quanzhou Kimberly Machinery Manufacturing Co. Ltd\",\"url\":\"https:\/\/www.kblmachinery.com\/\",\"logo\":{\"@type\":\"ImageObject\",\"inLanguage\":\"fr-FR\",\"@id\":\"https:\/\/www.kblmachinery.com\/#\/schema\/logo\/image\/\",\"url\":\"https:\/\/www.kblmachinery.com\/wp-content\/uploads\/2025\/11\/cropped-logo-1-1.png\",\"contentUrl\":\"https:\/\/www.kblmachinery.com\/wp-content\/uploads\/2025\/11\/cropped-logo-1-1.png\",\"width\":123,\"height\":136,\"caption\":\"Quanzhou Kimberly Machinery Manufacturing Co. Ltd\"},\"image\":{\"@id\":\"https:\/\/www.kblmachinery.com\/#\/schema\/logo\/image\/\"},\"sameAs\":[\"https:\/\/www.facebook.com\/KimberlyMachinery\"]}]}<\/script>\n<!-- \/ Yoast SEO plugin. -->","yoast_head_json":{"title":"Made in China High Quality Steel Mould Curbstone Retaining Wall Brick Block Mold - Kimberly Machinery","description":"China Made in China High Quality Steel Mould Curbstone Retaining Wall Brick Block Mold manufacturer provides auto concrete block machines, hydraulic press series block machines, concrete mixer, batching machine with wholesale price.","robots":{"index":"index","follow":"follow","max-snippet":"max-snippet:-1","max-image-preview":"max-image-preview:large","max-video-preview":"max-video-preview:-1"},"canonical":"https:\/\/www.kblmachinery.com\/fr\/made-in-china-high-quality-steel-mould-curbstone-retaining-wall-brick-block-mold\/","og_locale":"fr_FR","og_type":"article","og_title":"Made in China High Quality Steel Mould Curbstone Retaining Wall Brick Block Mold - Kimberly Machinery","og_description":"China Made in China High Quality Steel Mould Curbstone Retaining Wall Brick Block Mold manufacturer provides auto concrete block machines, hydraulic press series block machines, concrete mixer, batching machine with wholesale price.","og_url":"https:\/\/www.kblmachinery.com\/fr\/made-in-china-high-quality-steel-mould-curbstone-retaining-wall-brick-block-mold\/","og_site_name":"Kimberly Machinery","article_publisher":"https:\/\/www.facebook.com\/KimberlyMachinery","article_modified_time":"2025-11-27T05:46:45+00:00","og_image":[{"width":805,"height":805,"url":"https:\/\/www.kblmachinery.com\/wp-content\/uploads\/2025\/11\/Made-in-China-High-Quality-Steel-Mould-Curbstone-Retaining-Wall-Brick-Block-Mold.webp","type":"image\/webp"}],"twitter_card":"summary_large_image","twitter_misc":{"Dur\u00e9e de lecture estim\u00e9e":"2 minutes"},"schema":{"@context":"https:\/\/schema.org","@graph":[{"@type":"WebPage","@id":"https:\/\/www.kblmachinery.com\/made-in-china-high-quality-steel-mould-curbstone-retaining-wall-brick-block-mold\/","url":"https:\/\/www.kblmachinery.com\/made-in-china-high-quality-steel-mould-curbstone-retaining-wall-brick-block-mold\/","name":"Made in China High Quality Steel Mould Curbstone Retaining Wall Brick Block Mold - Kimberly Machinery","isPartOf":{"@id":"https:\/\/www.kblmachinery.com\/#website"},"primaryImageOfPage":{"@id":"https:\/\/www.kblmachinery.com\/made-in-china-high-quality-steel-mould-curbstone-retaining-wall-brick-block-mold\/#primaryimage"},"image":{"@id":"https:\/\/www.kblmachinery.com\/made-in-china-high-quality-steel-mould-curbstone-retaining-wall-brick-block-mold\/#primaryimage"},"thumbnailUrl":"https:\/\/www.kblmachinery.com\/wp-content\/uploads\/2025\/11\/Made-in-China-High-Quality-Steel-Mould-Curbstone-Retaining-Wall-Brick-Block-Mold.webp","datePublished":"2024-08-17T06:56:00+00:00","dateModified":"2025-11-27T05:46:45+00:00","description":"China Made in China High Quality Steel Mould Curbstone Retaining Wall Brick Block Mold manufacturer provides auto concrete block machines, hydraulic press series block machines, concrete mixer, batching machine with wholesale price.","breadcrumb":{"@id":"https:\/\/www.kblmachinery.com\/made-in-china-high-quality-steel-mould-curbstone-retaining-wall-brick-block-mold\/#breadcrumb"},"inLanguage":"fr-FR","potentialAction":[{"@type":"ReadAction","target":["https:\/\/www.kblmachinery.com\/made-in-china-high-quality-steel-mould-curbstone-retaining-wall-brick-block-mold\/"]}]},{"@type":"ImageObject","inLanguage":"fr-FR","@id":"https:\/\/www.kblmachinery.com\/made-in-china-high-quality-steel-mould-curbstone-retaining-wall-brick-block-mold\/#primaryimage","url":"https:\/\/www.kblmachinery.com\/wp-content\/uploads\/2025\/11\/Made-in-China-High-Quality-Steel-Mould-Curbstone-Retaining-Wall-Brick-Block-Mold.webp","contentUrl":"https:\/\/www.kblmachinery.com\/wp-content\/uploads\/2025\/11\/Made-in-China-High-Quality-Steel-Mould-Curbstone-Retaining-Wall-Brick-Block-Mold.webp","width":805,"height":805,"caption":"Grass Stone Mold Road Paver Mould for Park"},{"@type":"BreadcrumbList","@id":"https:\/\/www.kblmachinery.com\/made-in-china-high-quality-steel-mould-curbstone-retaining-wall-brick-block-mold\/#breadcrumb","itemListElement":[{"@type":"ListItem","position":1,"name":"Home","item":"https:\/\/www.kblmachinery.com\/"},{"@type":"ListItem","position":2,"name":"Made in China High Quality Steel Mould Curbstone Retaining Wall Brick Block Mold"}]},{"@type":"WebSite","@id":"https:\/\/www.kblmachinery.com\/#website","url":"https:\/\/www.kblmachinery.com\/","name":"Professional Brick\/Block Making Machine in China","description":"Block Machine Manufacturer - Kimberly Machinery","publisher":{"@id":"https:\/\/www.kblmachinery.com\/#organization"},"potentialAction":[{"@type":"SearchAction","target":{"@type":"EntryPoint","urlTemplate":"https:\/\/www.kblmachinery.com\/?s={search_term_string}"},"query-input":{"@type":"PropertyValueSpecification","valueRequired":true,"valueName":"search_term_string"}}],"inLanguage":"fr-FR"},{"@type":"Organization","@id":"https:\/\/www.kblmachinery.com\/#organization","name":"Quanzhou Kimberly Machinery Manufacturing Co. Ltd","url":"https:\/\/www.kblmachinery.com\/","logo":{"@type":"ImageObject","inLanguage":"fr-FR","@id":"https:\/\/www.kblmachinery.com\/#\/schema\/logo\/image\/","url":"https:\/\/www.kblmachinery.com\/wp-content\/uploads\/2025\/11\/cropped-logo-1-1.png","contentUrl":"https:\/\/www.kblmachinery.com\/wp-content\/uploads\/2025\/11\/cropped-logo-1-1.png","width":123,"height":136,"caption":"Quanzhou Kimberly Machinery Manufacturing Co. Ltd"},"image":{"@id":"https:\/\/www.kblmachinery.com\/#\/schema\/logo\/image\/"},"sameAs":["https:\/\/www.facebook.com\/KimberlyMachinery"]}]}},"_links":{"self":[{"href":"https:\/\/www.kblmachinery.com\/fr\/wp-json\/wp\/v2\/product\/8246","targetHints":{"allow":["GET"]}}],"collection":[{"href":"https:\/\/www.kblmachinery.com\/fr\/wp-json\/wp\/v2\/product"}],"about":[{"href":"https:\/\/www.kblmachinery.com\/fr\/wp-json\/wp\/v2\/types\/product"}],"wp:featuredmedia":[{"embeddable":true,"href":"https:\/\/www.kblmachinery.com\/fr\/wp-json\/wp\/v2\/media\/8247"}],"wp:attachment":[{"href":"https:\/\/www.kblmachinery.com\/fr\/wp-json\/wp\/v2\/media?parent=8246"}],"wp:term":[{"taxonomy":"product_brand","embeddable":true,"href":"https:\/\/www.kblmachinery.com\/fr\/wp-json\/wp\/v2\/product_brand?post=8246"},{"taxonomy":"product_cat","embeddable":true,"href":"https:\/\/www.kblmachinery.com\/fr\/wp-json\/wp\/v2\/product_cat?post=8246"},{"taxonomy":"product_tag","embeddable":true,"href":"https:\/\/www.kblmachinery.com\/fr\/wp-json\/wp\/v2\/product_tag?post=8246"}],"curies":[{"name":"wp","href":"https:\/\/api.w.org\/{rel}","templated":true}]}}