{"id":8251,"date":"2024-08-17T06:47:00","date_gmt":"2024-08-17T06:47:00","guid":{"rendered":"https:\/\/www.kblmachinery.com\/?post_type=product&#038;p=8251"},"modified":"2025-11-27T05:50:16","modified_gmt":"2025-11-27T05:50:16","slug":"high-end-steel-mould-kerbstone-retaining-wall-brick-block-mold","status":"publish","type":"product","link":"https:\/\/www.kblmachinery.com\/fr\/high-end-steel-mould-kerbstone-retaining-wall-brick-block-mold\/","title":{"rendered":"Pav\u00e9 perm\u00e9able haut de gamme Moule en acier Bordure Pierre Mur de sout\u00e8nement Bloc de briques Moule"},"content":{"rendered":"<h2>High-End Permeable Paver Steel Molds for Kerb Stones and Retaining Wall Blocks<\/h2>\n<p>High-end steel molds for permeable pavers, kerb stones, and retaining wall blocks, designed for durability, precision, and long-lasting performance in concrete block production.<\/p>\n<h2>Sp\u00e9cifications techniques des moules<\/h2>\n<table class=\"tg\" style=\"border-collapse: collapse; border-spacing: 0px; height: 176px;\" width=\"100%\">\n<tbody>\n<tr>\n<td style=\"font-family: Arial, sans-serif; font-size: 14px; overflow: hidden; padding: 10px 5px; text-align: left; vertical-align: top; word-break: normal; border: 1px solid black;\">Nom<\/td>\n<td style=\"font-family: Arial, sans-serif; font-size: 14px; overflow: hidden; padding: 10px 5px; text-align: left; vertical-align: top; word-break: normal; border: 1px solid black;\">moule \u00e0 bloc creux<\/td>\n<td style=\"font-family: Arial, sans-serif; font-size: 14px; overflow: hidden; padding: 10px 5px; text-align: left; vertical-align: top; word-break: normal; border: 1px solid black;\">Traitement thermique<\/td>\n<td style=\"font-family: Arial, sans-serif; font-size: 14px; overflow: hidden; padding: 10px 5px; text-align: left; vertical-align: top; word-break: normal; border: 1px solid black;\">Carbonitruration 900-950<span style=\"color: #555;\">\u00b0<\/span>C<\/td>\n<\/tr>\n<tr>\n<td style=\"font-family: Arial, sans-serif; font-size: 14px; overflow: hidden; padding: 10px 5px; text-align: left; vertical-align: top; word-break: normal; border: 1px solid black;\">mati\u00e8re premi\u00e8re<\/td>\n<td style=\"font-family: Arial, sans-serif; font-size: 14px; overflow: hidden; padding: 10px 5px; text-align: left; vertical-align: top; word-break: normal; border: 1px solid black;\">acier sp\u00e9cial r\u00e9sistant \u00e0 l'usure<\/td>\n<td style=\"font-family: Arial, sans-serif; font-size: 14px; overflow: hidden; padding: 10px 5px; text-align: left; vertical-align: top; word-break: normal; border: 1px solid black;\">Duret\u00e9<\/td>\n<td style=\"font-family: Arial, sans-serif; font-size: 14px; overflow: hidden; padding: 10px 5px; text-align: left; vertical-align: top; word-break: normal; border: 1px solid black;\">60-65HRC<\/td>\n<\/tr>\n<tr>\n<td style=\"font-family: Arial, sans-serif; font-size: 14px; overflow: hidden; padding: 10px 5px; text-align: left; vertical-align: top; word-break: normal; border: 1px solid black;\">Type de bloc<\/td>\n<td style=\"font-family: Arial, sans-serif; font-size: 14px; overflow: hidden; padding: 10px 5px; text-align: left; vertical-align: top; word-break: normal; border: 1px solid black;\">Les blocs creux, les blocs \u00e0 embo\u00eetement, les pav\u00e9s et les bordures peuvent \u00eatre personnalis\u00e9s.<\/td>\n<td style=\"font-family: Arial, sans-serif; font-size: 14px; overflow: hidden; padding: 10px 5px; text-align: left; vertical-align: top; word-break: normal; border: 1px solid black;\">Code HS<\/td>\n<td style=\"font-family: Arial, sans-serif; font-size: 14px; overflow: hidden; padding: 10px 5px; text-align: left; vertical-align: top; word-break: normal; border: 1px solid black;\">848060<\/td>\n<\/tr>\n<tr>\n<td style=\"font-family: Arial, sans-serif; font-size: 14px; overflow: hidden; padding: 10px 5px; text-align: left; vertical-align: top; word-break: normal; border: 1px solid black;\">dur\u00e9e de vie<\/td>\n<td style=\"font-family: Arial, sans-serif; font-size: 14px; overflow: hidden; padding: 10px 5px; text-align: left; vertical-align: top; word-break: normal; border: 1px solid black;\">100000-120000 fois<\/td>\n<td style=\"font-family: Arial, sans-serif; font-size: 14px; overflow: hidden; padding: 10px 5px; text-align: left; vertical-align: top; word-break: normal; border: 1px solid black;\">Emballage<\/td>\n<td style=\"font-family: Arial, sans-serif; font-size: 14px; overflow: hidden; padding: 10px 5px; text-align: left; vertical-align: top; word-break: normal; border: 1px solid black;\">Bois + film plastique<\/td>\n<\/tr>\n<\/tbody>\n<\/table>\n<h2 data-start=\"38\" data-end=\"79\">FAQ \u2013 Getting Quotations &amp; Orders<\/h2>\n<h3 data-start=\"81\" data-end=\"116\">1. Comment puis-je obtenir un devis ?<\/h3>\n<ul data-start=\"117\" data-end=\"548\">\n<li data-start=\"117\" data-end=\"220\">\n<p data-start=\"119\" data-end=\"220\">With Detailed Drawings: Send us your block drawings, and we will provide a quote based on them.<\/p>\n<\/li>\n<li data-start=\"221\" data-end=\"359\">\n<p data-start=\"223\" data-end=\"359\">Without Drawings: Tell us the block type (hollow or solid) and provide a photo with dimensions (length \u00d7 width \u00d7 thickness in mm).<\/p>\n<\/li>\n<li data-start=\"360\" data-end=\"548\">\n<p data-start=\"362\" data-end=\"548\">Additional Information Needed: Include pallet size, tamper head size, mold height, and explain how your mold connects to your machine. Connection drawings are helpful if available.<\/p>\n<\/li>\n<\/ul>\n<p data-start=\"550\" data-end=\"627\">Once we receive your information, we will provide a quotation promptly.<\/p>\n<h3 data-start=\"634\" data-end=\"669\">2. Quel est le d\u00e9lai de livraison ?<\/h3>\n<ul data-start=\"670\" data-end=\"783\">\n<li data-start=\"670\" data-end=\"726\">\n<p data-start=\"672\" data-end=\"726\">Moules standard : 20-25 jours ouvrables apr\u00e8s le d\u00e9p\u00f4t.<\/p>\n<\/li>\n<li data-start=\"727\" data-end=\"783\">\n<p data-start=\"729\" data-end=\"783\">Moules haut de gamme : 30-40 jours ouvrables apr\u00e8s le d\u00e9p\u00f4t<\/p>\n<\/li>\n<\/ul>\n<h3 data-start=\"790\" data-end=\"952\">3. How is the transport packing handled?<\/h3>\n<p data-start=\"790\" data-end=\"952\">We use wooden crates with plastic film by default, or can customize packaging according to your requirements.<\/p>\n<h3 data-start=\"959\" data-end=\"1111\">4. Quelles sont les conditions de paiement ?<\/h3>\n<p data-start=\"959\" data-end=\"1111\">A 50% deposit via T\/T is required to start production. The remaining balance must be settled before shipment.<\/p>\n<h3 data-start=\"1118\" data-end=\"1221\">5. Comment puis-je vous contacter ?<\/h3>\n<p data-start=\"1118\" data-end=\"1221\">Reach us via WeChat or WhatsApp: +86-1330506196 | +86-18960287187<\/p>\n<p data-start=\"1223\" data-end=\"1258\">Nous nous r\u00e9jouissons de pouvoir vous aider !<\/p>\n<p><iframe loading=\"lazy\" title=\"Vid\u00e9o sur le fonctionnement des blocs ICF\" src=\"https:\/\/www.youtube.com\/embed\/czhs2wYoLZg\" width=\"556\" height=\"310\" frameborder=\"0\" allowfullscreen=\"allowfullscreen\"><\/iframe><\/p>\n<h2>\u00c0 propos de Kimberly Machinery<\/h2>\n<p>Notre usine a \u00e9t\u00e9 cr\u00e9\u00e9e dans les ann\u00e9es 1990 et poss\u00e8de pr\u00e8s de 30 ans d'exp\u00e9rience en mati\u00e8re de fabrication. Nous exportons depuis 2008, non seulement pour le march\u00e9 int\u00e9rieur, mais aussi pour l'\u00e9tranger.<\/p>\n<p>Ces derni\u00e8res ann\u00e9es, nous avons fourni un grand nombre de moules pour diff\u00e9rentes marques de machines \u00e0 blocs sur les march\u00e9s nationaux et \u00e9trangers, y compris MASA, HESS, ZENITH etc. marques haut de gamme avec une capacit\u00e9 de production moyenne d'environ 1 000 ensembles par an. Il existe des blocs creux, des briques poreuses, des briques pleines, des tuiles routi\u00e8res, des briques de protection des berges, des briques carr\u00e9es, des briques de quai, des briques d'isolation thermique, des briques de plantation d'herbe, etc. Les moules \u00e0 briques de forme sp\u00e9ciale peuvent \u00eatre personnalis\u00e9s en fonction des besoins de l'acheteur.<\/p>\n<p>Notre soci\u00e9t\u00e9 est une entreprise qui int\u00e8gre la recherche et le d\u00e9veloppement, la fabrication, la production et la vente. Le mat\u00e9riau du moule peut \u00eatre Q345 ou un mat\u00e9riau haut de gamme import\u00e9 d'Italie. Le temps de cycle peut \u00eatre de 80000 fois ou de 120000 fois au choix. Notre technologie de d\u00e9coupe CNC des chemises peut r\u00e9pondre efficacement aux exigences de pr\u00e9cision des moules. Apr\u00e8s la c\u00e9mentation sous vide, la duret\u00e9 peut atteindre 62 degr\u00e9s, ce qui am\u00e9liore consid\u00e9rablement la r\u00e9sistance \u00e0 l'usure du moule.<\/p>\n<p>S'appuyant sur une technologie de production avanc\u00e9e, un savoir-faire exceptionnel, une qualit\u00e9 fiable et un prix raisonnable, nos moules ont \u00e9t\u00e9 soutenus et appr\u00e9ci\u00e9s par les clients nationaux et \u00e9trangers au cours de ces derni\u00e8res ann\u00e9es.<\/p>","protected":false},"excerpt":{"rendered":"<ol>\n<li>Nous produisons des blocs creux en b\u00e9ton, des briques poreuses, des briques pleines, des pav\u00e9s, des briques de protection des berges, des briques carr\u00e9es, des briques de quai, des briques d'isolation thermique et des briques de plantation d'herbe.<\/li>\n<li>Les formes personnalis\u00e9es peuvent \u00eatre adapt\u00e9es aux besoins sp\u00e9cifiques de l'acheteur.<\/li>\n<li>Tous les types de briques peuvent \u00eatre fabriqu\u00e9s, ce qui garantit la polyvalence et la personnalisation pour nos clients.<\/li>\n<\/ol>\n<table class=\"tg\" style=\"border-collapse: collapse; border-spacing: 0;\">\n<tbody>\n<tr>\n<td style=\"font-family: Arial, sans-serif; font-size: 14px; overflow: hidden; padding: 10px 5px; text-align: left; vertical-align: top; word-break: normal; border: 1px solid black;\">Commande (MOQ) :<\/td>\n<td style=\"font-family: Arial, sans-serif; font-size: 14px; overflow: hidden; padding: 10px 5px; text-align: left; vertical-align: top; word-break: normal; border: 1px solid black;\">1 Ensemble<\/td>\n<\/tr>\n<tr>\n<td style=\"font-family: Arial, sans-serif; font-size: 14px; overflow: hidden; padding: 10px 5px; text-align: left; vertical-align: top; word-break: normal; border: 1px solid black;\">Paiement :<\/td>\n<td style=\"font-family: Arial, sans-serif; font-size: 14px; overflow: hidden; padding: 10px 5px; text-align: left; vertical-align: top; word-break: normal; border: 1px solid black;\">Paiement T\/T 100% avant exp\u00e9dition ou 100% par L\/C confirm\u00e9e et irr\u00e9vocable \u00e0 vue.<\/td>\n<\/tr>\n<tr>\n<td style=\"font-family: Arial, sans-serif; font-size: 14px; overflow: hidden; padding: 10px 5px; text-align: left; vertical-align: top; word-break: normal; border: 1px solid black;\">Origine du produit :<\/td>\n<td style=\"font-family: Arial, sans-serif; font-size: 14px; overflow: hidden; padding: 10px 5px; text-align: left; vertical-align: top; word-break: normal; border: 1px solid black;\">Quanzhou Fujian<\/td>\n<\/tr>\n<tr>\n<td style=\"font-family: Arial, sans-serif; font-size: 14px; overflow: hidden; padding: 10px 5px; text-align: left; vertical-align: top; word-break: normal; border: 1px solid black;\">Couleur :<\/td>\n<td style=\"font-family: Arial, sans-serif; font-size: 14px; overflow: hidden; padding: 10px 5px; text-align: left; vertical-align: top; word-break: normal; border: 1px solid black;\">s'adapter \u00e0 la demande<\/td>\n<\/tr>\n<tr>\n<td style=\"font-family: Arial, sans-serif; font-size: 14px; overflow: hidden; padding: 10px 5px; text-align: left; vertical-align: top; word-break: normal; border: 1px solid black;\">Port d'embarquement :<\/td>\n<td style=\"font-family: Arial, sans-serif; font-size: 14px; overflow: hidden; padding: 10px 5px; text-align: left; vertical-align: top; word-break: normal; border: 1px solid black;\">Xiamen<\/td>\n<\/tr>\n<tr>\n<td style=\"font-family: Arial, sans-serif; font-size: 14px; overflow: hidden; padding: 10px 5px; text-align: left; vertical-align: top; word-break: normal; border: 1px solid black;\">D\u00e9lai d'ex\u00e9cution :<\/td>\n<td style=\"font-family: Arial, sans-serif; font-size: 14px; overflow: hidden; padding: 10px 5px; text-align: left; vertical-align: top; word-break: normal; border: 1px solid black;\">20-25 jours<\/td>\n<\/tr>\n<\/tbody>\n<\/table>\n<p>&nbsp;<\/p>","protected":false},"featured_media":8252,"template":"","meta":[],"product_brand":[],"product_cat":[758,767],"product_tag":[765],"class_list":{"0":"post-8251","1":"product","2":"type-product","3":"status-publish","4":"has-post-thumbnail","6":"product_cat-block-moulds","7":"product_cat-permeable-paver-mould","8":"product_tag-mix-size-block-mold","10":"first","11":"instock","12":"shipping-taxable","13":"product-type-simple"},"yoast_head":"<!-- This site is optimized with the Yoast SEO plugin v24.4 - https:\/\/yoast.com\/wordpress\/plugins\/seo\/ -->\n<title>High-End Permeable Paver Steel Molds Supplier | Kimberly Machinery<\/title>\n<meta name=\"description\" content=\"Durable steel molds for permeable pavers, kerb stones, and retaining wall blocks. High precision and long-lasting performance for block production.\" \/>\n<meta name=\"robots\" content=\"index, follow, max-snippet:-1, max-image-preview:large, max-video-preview:-1\" \/>\n<link rel=\"canonical\" href=\"https:\/\/www.kblmachinery.com\/fr\/high-end-steel-mould-kerbstone-retaining-wall-brick-block-mold\/\" \/>\n<meta property=\"og:locale\" content=\"fr_FR\" \/>\n<meta property=\"og:type\" content=\"article\" \/>\n<meta property=\"og:title\" content=\"High-End Permeable Paver Steel Molds Supplier | Kimberly Machinery\" \/>\n<meta property=\"og:description\" content=\"Durable steel molds for permeable pavers, kerb stones, and retaining wall blocks. High precision and long-lasting performance for block production.\" \/>\n<meta property=\"og:url\" content=\"https:\/\/www.kblmachinery.com\/fr\/high-end-steel-mould-kerbstone-retaining-wall-brick-block-mold\/\" \/>\n<meta property=\"og:site_name\" content=\"Kimberly Machinery\" \/>\n<meta property=\"article:publisher\" content=\"https:\/\/www.facebook.com\/KimberlyMachinery\" \/>\n<meta property=\"article:modified_time\" content=\"2025-11-27T05:50:16+00:00\" \/>\n<meta property=\"og:image\" content=\"https:\/\/www.kblmachinery.com\/wp-content\/uploads\/2025\/11\/High-end-Permeable-Paver-Steel-Mould-Kerbstone-Retaining-Wall-Brick-Block-Mold.webp\" \/>\n\t<meta property=\"og:image:width\" content=\"805\" \/>\n\t<meta property=\"og:image:height\" content=\"805\" \/>\n\t<meta property=\"og:image:type\" content=\"image\/webp\" \/>\n<meta name=\"twitter:card\" content=\"summary_large_image\" \/>\n<meta name=\"twitter:label1\" content=\"Dur\u00e9e de lecture estim\u00e9e\" \/>\n\t<meta name=\"twitter:data1\" content=\"3 minutes\" \/>\n<script type=\"application\/ld+json\" class=\"yoast-schema-graph\">{\"@context\":\"https:\/\/schema.org\",\"@graph\":[{\"@type\":\"WebPage\",\"@id\":\"https:\/\/www.kblmachinery.com\/high-end-steel-mould-kerbstone-retaining-wall-brick-block-mold\/\",\"url\":\"https:\/\/www.kblmachinery.com\/high-end-steel-mould-kerbstone-retaining-wall-brick-block-mold\/\",\"name\":\"High-End Permeable Paver Steel Molds Supplier | Kimberly Machinery\",\"isPartOf\":{\"@id\":\"https:\/\/www.kblmachinery.com\/#website\"},\"primaryImageOfPage\":{\"@id\":\"https:\/\/www.kblmachinery.com\/high-end-steel-mould-kerbstone-retaining-wall-brick-block-mold\/#primaryimage\"},\"image\":{\"@id\":\"https:\/\/www.kblmachinery.com\/high-end-steel-mould-kerbstone-retaining-wall-brick-block-mold\/#primaryimage\"},\"thumbnailUrl\":\"https:\/\/www.kblmachinery.com\/wp-content\/uploads\/2025\/11\/High-end-Permeable-Paver-Steel-Mould-Kerbstone-Retaining-Wall-Brick-Block-Mold.webp\",\"datePublished\":\"2024-08-17T06:47:00+00:00\",\"dateModified\":\"2025-11-27T05:50:16+00:00\",\"description\":\"Durable steel molds for permeable pavers, kerb stones, and retaining wall blocks. High precision and long-lasting performance for block production.\",\"breadcrumb\":{\"@id\":\"https:\/\/www.kblmachinery.com\/high-end-steel-mould-kerbstone-retaining-wall-brick-block-mold\/#breadcrumb\"},\"inLanguage\":\"fr-FR\",\"potentialAction\":[{\"@type\":\"ReadAction\",\"target\":[\"https:\/\/www.kblmachinery.com\/high-end-steel-mould-kerbstone-retaining-wall-brick-block-mold\/\"]}]},{\"@type\":\"ImageObject\",\"inLanguage\":\"fr-FR\",\"@id\":\"https:\/\/www.kblmachinery.com\/high-end-steel-mould-kerbstone-retaining-wall-brick-block-mold\/#primaryimage\",\"url\":\"https:\/\/www.kblmachinery.com\/wp-content\/uploads\/2025\/11\/High-end-Permeable-Paver-Steel-Mould-Kerbstone-Retaining-Wall-Brick-Block-Mold.webp\",\"contentUrl\":\"https:\/\/www.kblmachinery.com\/wp-content\/uploads\/2025\/11\/High-end-Permeable-Paver-Steel-Mould-Kerbstone-Retaining-Wall-Brick-Block-Mold.webp\",\"width\":805,\"height\":805,\"caption\":\"Hollow Block Mold Pavers Interlocking Bricks Mould Interlocking Brick Mold for Sale\"},{\"@type\":\"BreadcrumbList\",\"@id\":\"https:\/\/www.kblmachinery.com\/high-end-steel-mould-kerbstone-retaining-wall-brick-block-mold\/#breadcrumb\",\"itemListElement\":[{\"@type\":\"ListItem\",\"position\":1,\"name\":\"Home\",\"item\":\"https:\/\/www.kblmachinery.com\/\"},{\"@type\":\"ListItem\",\"position\":2,\"name\":\"High-end Permeable Paver Steel Mould Kerb Stone Retaining Wall Brick Block Mold\"}]},{\"@type\":\"WebSite\",\"@id\":\"https:\/\/www.kblmachinery.com\/#website\",\"url\":\"https:\/\/www.kblmachinery.com\/\",\"name\":\"Professional Brick\/Block Making Machine in China\",\"description\":\"Block Machine Manufacturer - Kimberly Machinery\",\"publisher\":{\"@id\":\"https:\/\/www.kblmachinery.com\/#organization\"},\"potentialAction\":[{\"@type\":\"SearchAction\",\"target\":{\"@type\":\"EntryPoint\",\"urlTemplate\":\"https:\/\/www.kblmachinery.com\/?s={search_term_string}\"},\"query-input\":{\"@type\":\"PropertyValueSpecification\",\"valueRequired\":true,\"valueName\":\"search_term_string\"}}],\"inLanguage\":\"fr-FR\"},{\"@type\":\"Organization\",\"@id\":\"https:\/\/www.kblmachinery.com\/#organization\",\"name\":\"Quanzhou Kimberly Machinery Manufacturing Co. Ltd\",\"url\":\"https:\/\/www.kblmachinery.com\/\",\"logo\":{\"@type\":\"ImageObject\",\"inLanguage\":\"fr-FR\",\"@id\":\"https:\/\/www.kblmachinery.com\/#\/schema\/logo\/image\/\",\"url\":\"https:\/\/www.kblmachinery.com\/wp-content\/uploads\/2025\/11\/cropped-logo-1-1.png\",\"contentUrl\":\"https:\/\/www.kblmachinery.com\/wp-content\/uploads\/2025\/11\/cropped-logo-1-1.png\",\"width\":123,\"height\":136,\"caption\":\"Quanzhou Kimberly Machinery Manufacturing Co. Ltd\"},\"image\":{\"@id\":\"https:\/\/www.kblmachinery.com\/#\/schema\/logo\/image\/\"},\"sameAs\":[\"https:\/\/www.facebook.com\/KimberlyMachinery\"]}]}<\/script>\n<!-- \/ Yoast SEO plugin. -->","yoast_head_json":{"title":"High-End Permeable Paver Steel Molds Supplier | Kimberly Machinery","description":"Durable steel molds for permeable pavers, kerb stones, and retaining wall blocks. High precision and long-lasting performance for block production.","robots":{"index":"index","follow":"follow","max-snippet":"max-snippet:-1","max-image-preview":"max-image-preview:large","max-video-preview":"max-video-preview:-1"},"canonical":"https:\/\/www.kblmachinery.com\/fr\/high-end-steel-mould-kerbstone-retaining-wall-brick-block-mold\/","og_locale":"fr_FR","og_type":"article","og_title":"High-End Permeable Paver Steel Molds Supplier | Kimberly Machinery","og_description":"Durable steel molds for permeable pavers, kerb stones, and retaining wall blocks. High precision and long-lasting performance for block production.","og_url":"https:\/\/www.kblmachinery.com\/fr\/high-end-steel-mould-kerbstone-retaining-wall-brick-block-mold\/","og_site_name":"Kimberly Machinery","article_publisher":"https:\/\/www.facebook.com\/KimberlyMachinery","article_modified_time":"2025-11-27T05:50:16+00:00","og_image":[{"width":805,"height":805,"url":"https:\/\/www.kblmachinery.com\/wp-content\/uploads\/2025\/11\/High-end-Permeable-Paver-Steel-Mould-Kerbstone-Retaining-Wall-Brick-Block-Mold.webp","type":"image\/webp"}],"twitter_card":"summary_large_image","twitter_misc":{"Dur\u00e9e de lecture estim\u00e9e":"3 minutes"},"schema":{"@context":"https:\/\/schema.org","@graph":[{"@type":"WebPage","@id":"https:\/\/www.kblmachinery.com\/high-end-steel-mould-kerbstone-retaining-wall-brick-block-mold\/","url":"https:\/\/www.kblmachinery.com\/high-end-steel-mould-kerbstone-retaining-wall-brick-block-mold\/","name":"High-End Permeable Paver Steel Molds Supplier | Kimberly Machinery","isPartOf":{"@id":"https:\/\/www.kblmachinery.com\/#website"},"primaryImageOfPage":{"@id":"https:\/\/www.kblmachinery.com\/high-end-steel-mould-kerbstone-retaining-wall-brick-block-mold\/#primaryimage"},"image":{"@id":"https:\/\/www.kblmachinery.com\/high-end-steel-mould-kerbstone-retaining-wall-brick-block-mold\/#primaryimage"},"thumbnailUrl":"https:\/\/www.kblmachinery.com\/wp-content\/uploads\/2025\/11\/High-end-Permeable-Paver-Steel-Mould-Kerbstone-Retaining-Wall-Brick-Block-Mold.webp","datePublished":"2024-08-17T06:47:00+00:00","dateModified":"2025-11-27T05:50:16+00:00","description":"Durable steel molds for permeable pavers, kerb stones, and retaining wall blocks. High precision and long-lasting performance for block production.","breadcrumb":{"@id":"https:\/\/www.kblmachinery.com\/high-end-steel-mould-kerbstone-retaining-wall-brick-block-mold\/#breadcrumb"},"inLanguage":"fr-FR","potentialAction":[{"@type":"ReadAction","target":["https:\/\/www.kblmachinery.com\/high-end-steel-mould-kerbstone-retaining-wall-brick-block-mold\/"]}]},{"@type":"ImageObject","inLanguage":"fr-FR","@id":"https:\/\/www.kblmachinery.com\/high-end-steel-mould-kerbstone-retaining-wall-brick-block-mold\/#primaryimage","url":"https:\/\/www.kblmachinery.com\/wp-content\/uploads\/2025\/11\/High-end-Permeable-Paver-Steel-Mould-Kerbstone-Retaining-Wall-Brick-Block-Mold.webp","contentUrl":"https:\/\/www.kblmachinery.com\/wp-content\/uploads\/2025\/11\/High-end-Permeable-Paver-Steel-Mould-Kerbstone-Retaining-Wall-Brick-Block-Mold.webp","width":805,"height":805,"caption":"Hollow Block Mold Pavers Interlocking Bricks Mould Interlocking Brick Mold for Sale"},{"@type":"BreadcrumbList","@id":"https:\/\/www.kblmachinery.com\/high-end-steel-mould-kerbstone-retaining-wall-brick-block-mold\/#breadcrumb","itemListElement":[{"@type":"ListItem","position":1,"name":"Home","item":"https:\/\/www.kblmachinery.com\/"},{"@type":"ListItem","position":2,"name":"High-end Permeable Paver Steel Mould Kerb Stone Retaining Wall Brick Block Mold"}]},{"@type":"WebSite","@id":"https:\/\/www.kblmachinery.com\/#website","url":"https:\/\/www.kblmachinery.com\/","name":"Professional Brick\/Block Making Machine in China","description":"Block Machine Manufacturer - Kimberly Machinery","publisher":{"@id":"https:\/\/www.kblmachinery.com\/#organization"},"potentialAction":[{"@type":"SearchAction","target":{"@type":"EntryPoint","urlTemplate":"https:\/\/www.kblmachinery.com\/?s={search_term_string}"},"query-input":{"@type":"PropertyValueSpecification","valueRequired":true,"valueName":"search_term_string"}}],"inLanguage":"fr-FR"},{"@type":"Organization","@id":"https:\/\/www.kblmachinery.com\/#organization","name":"Quanzhou Kimberly Machinery Manufacturing Co. Ltd","url":"https:\/\/www.kblmachinery.com\/","logo":{"@type":"ImageObject","inLanguage":"fr-FR","@id":"https:\/\/www.kblmachinery.com\/#\/schema\/logo\/image\/","url":"https:\/\/www.kblmachinery.com\/wp-content\/uploads\/2025\/11\/cropped-logo-1-1.png","contentUrl":"https:\/\/www.kblmachinery.com\/wp-content\/uploads\/2025\/11\/cropped-logo-1-1.png","width":123,"height":136,"caption":"Quanzhou Kimberly Machinery Manufacturing Co. Ltd"},"image":{"@id":"https:\/\/www.kblmachinery.com\/#\/schema\/logo\/image\/"},"sameAs":["https:\/\/www.facebook.com\/KimberlyMachinery"]}]}},"_links":{"self":[{"href":"https:\/\/www.kblmachinery.com\/fr\/wp-json\/wp\/v2\/product\/8251","targetHints":{"allow":["GET"]}}],"collection":[{"href":"https:\/\/www.kblmachinery.com\/fr\/wp-json\/wp\/v2\/product"}],"about":[{"href":"https:\/\/www.kblmachinery.com\/fr\/wp-json\/wp\/v2\/types\/product"}],"wp:featuredmedia":[{"embeddable":true,"href":"https:\/\/www.kblmachinery.com\/fr\/wp-json\/wp\/v2\/media\/8252"}],"wp:attachment":[{"href":"https:\/\/www.kblmachinery.com\/fr\/wp-json\/wp\/v2\/media?parent=8251"}],"wp:term":[{"taxonomy":"product_brand","embeddable":true,"href":"https:\/\/www.kblmachinery.com\/fr\/wp-json\/wp\/v2\/product_brand?post=8251"},{"taxonomy":"product_cat","embeddable":true,"href":"https:\/\/www.kblmachinery.com\/fr\/wp-json\/wp\/v2\/product_cat?post=8251"},{"taxonomy":"product_tag","embeddable":true,"href":"https:\/\/www.kblmachinery.com\/fr\/wp-json\/wp\/v2\/product_tag?post=8251"}],"curies":[{"name":"wp","href":"https:\/\/api.w.org\/{rel}","templated":true}]}}