{"id":8258,"date":"2024-08-17T06:45:00","date_gmt":"2024-08-17T06:45:00","guid":{"rendered":"https:\/\/www.kblmachinery.com\/?post_type=product&#038;p=8258"},"modified":"2025-11-28T07:16:51","modified_gmt":"2025-11-28T07:16:51","slug":"high-end-concrete-block-mould-made-in-china","status":"publish","type":"product","link":"https:\/\/www.kblmachinery.com\/fr\/high-end-concrete-block-mould-made-in-china\/","title":{"rendered":"Moules en acier pour moules \u00e0 blocs de b\u00e9ton pr\u00e9fabriqu\u00e9s Moules \u00e0 briques de pavage \u00e0 vendre"},"content":{"rendered":"<h2>Moules en acier pour blocs de b\u00e9ton pr\u00e9fabriqu\u00e9s et briques de pavage \u00e0 vendre<\/h2>\n<h3>1. les types de blocs :<\/h3>\n<p>Nous concevons et fabriquons des moules en acier de haute qualit\u00e9 pour une large gamme de blocs de b\u00e9ton, notamment des pav\u00e9s autobloquants, des dalles, des pav\u00e9s perm\u00e9ables, des bordures, des murs de sout\u00e8nement, des blocs creux et des blocs sp\u00e9ciaux sur mesure. Notre \u00e9quipe ne se contente pas de r\u00e9pondre aux exigences des clients, elle propose \u00e9galement des solutions de conception innovantes pour am\u00e9liorer l'efficacit\u00e9 de la production et la qualit\u00e9 des blocs.<\/p>\n<h3>2. mati\u00e8res premi\u00e8res :<\/h3>\n<p>Tous les moules sont fabriqu\u00e9s \u00e0 partir d'un acier tremp\u00e9 et revenu de premi\u00e8re qualit\u00e9 import\u00e9 d'Italie. Gr\u00e2ce \u00e0 un traitement thermique avanc\u00e9, la r\u00e9sistance \u00e0 l'abrasion et la durabilit\u00e9 de l'acier sont consid\u00e9rablement am\u00e9lior\u00e9es, ce qui garantit des performances durables, m\u00eame dans des conditions de production intensive.<\/p>\n<h3>3.Fabrication Exp\u00e9rience :<\/h3>\n<p>Avec pr\u00e8s de 30 ans d'exp\u00e9rience, nous servons des clients dans le monde entier. En associant notre expertise technique \u00e0 un acier de haute qualit\u00e9, nous fournissons constamment des moules fiables, pr\u00e9cis et durables qui r\u00e9pondent aux normes les plus \u00e9lev\u00e9es de l'industrie des blocs de b\u00e9ton.<\/p>\n<h2>Donn\u00e9es techniques de nos moules :<\/h2>\n<table class=\"tg\" style=\"border-collapse: collapse; border-spacing: 0px; height: 164px;\" width=\"100%\">\n<tbody>\n<tr>\n<td style=\"font-family: Arial, sans-serif; font-size: 14px; overflow: hidden; padding: 10px 5px; text-align: left; vertical-align: top; word-break: normal; border: 1px solid black;\">Nom<\/td>\n<td style=\"font-family: Arial, sans-serif; font-size: 14px; overflow: hidden; padding: 10px 5px; text-align: left; vertical-align: top; word-break: normal; border: 1px solid black;\">moules pour briques de pavage<\/td>\n<td style=\"font-family: Arial, sans-serif; font-size: 14px; overflow: hidden; padding: 10px 5px; text-align: left; vertical-align: top; word-break: normal; border: 1px solid black;\">Traitement thermique<\/td>\n<td style=\"font-family: Arial, sans-serif; font-size: 14px; overflow: hidden; padding: 10px 5px; text-align: left; vertical-align: top; word-break: normal; border: 1px solid black;\">Carbonitruration 900-950<span style=\"color: #555;\">\u00b0<\/span>C<\/td>\n<\/tr>\n<tr>\n<td style=\"font-family: Arial, sans-serif; font-size: 14px; overflow: hidden; padding: 10px 5px; text-align: left; vertical-align: top; word-break: normal; border: 1px solid black;\">mati\u00e8re premi\u00e8re<\/td>\n<td style=\"font-family: Arial, sans-serif; font-size: 14px; overflow: hidden; padding: 10px 5px; text-align: left; vertical-align: top; word-break: normal; border: 1px solid black;\">acier sp\u00e9cial r\u00e9sistant \u00e0 l'usure<\/td>\n<td style=\"font-family: Arial, sans-serif; font-size: 14px; overflow: hidden; padding: 10px 5px; text-align: left; vertical-align: top; word-break: normal; border: 1px solid black;\">Duret\u00e9<\/td>\n<td style=\"font-family: Arial, sans-serif; font-size: 14px; overflow: hidden; padding: 10px 5px; text-align: left; vertical-align: top; word-break: normal; border: 1px solid black;\">60-65HRC<\/td>\n<\/tr>\n<tr>\n<td style=\"font-family: Arial, sans-serif; font-size: 14px; overflow: hidden; padding: 10px 5px; text-align: left; vertical-align: top; word-break: normal; border: 1px solid black;\">Type de bloc<\/td>\n<td style=\"font-family: Arial, sans-serif; font-size: 14px; overflow: hidden; padding: 10px 5px; text-align: left; vertical-align: top; word-break: normal; border: 1px solid black;\">Les blocs creux, les blocs \u00e0 embo\u00eetement, les pav\u00e9s et les bordures peuvent \u00eatre personnalis\u00e9s.<\/td>\n<td style=\"font-family: Arial, sans-serif; font-size: 14px; overflow: hidden; padding: 10px 5px; text-align: left; vertical-align: top; word-break: normal; border: 1px solid black;\">Code HS<\/td>\n<td style=\"font-family: Arial, sans-serif; font-size: 14px; overflow: hidden; padding: 10px 5px; text-align: left; vertical-align: top; word-break: normal; border: 1px solid black;\">848060<\/td>\n<\/tr>\n<tr>\n<td style=\"font-family: Arial, sans-serif; font-size: 14px; overflow: hidden; padding: 10px 5px; text-align: left; vertical-align: top; word-break: normal; border: 1px solid black;\">dur\u00e9e de vie<\/td>\n<td style=\"font-family: Arial, sans-serif; font-size: 14px; overflow: hidden; padding: 10px 5px; text-align: left; vertical-align: top; word-break: normal; border: 1px solid black;\">100000-120000 fois<\/td>\n<td style=\"font-family: Arial, sans-serif; font-size: 14px; overflow: hidden; padding: 10px 5px; text-align: left; vertical-align: top; word-break: normal; border: 1px solid black;\">Emballage<\/td>\n<td style=\"font-family: Arial, sans-serif; font-size: 14px; overflow: hidden; padding: 10px 5px; text-align: left; vertical-align: top; word-break: normal; border: 1px solid black;\">Bois + film plastique<\/td>\n<\/tr>\n<\/tbody>\n<\/table>\n<h2>FAQ :<\/h2>\n<h3>1. Comment puis-je obtenir les devis ?<\/h3>\n<p>A. Send us detailed drawings of your needed blocks, and we will check and quote accordingly.<\/p>\n<p>B. Share the block type, like hollow or solid, with a picture, and specify sizes in length, width, and thickness in mm.<\/p>\n<p>C. What is your pallet size?<\/p>\n<p>D. Provide the tamper head size and down mold height.<\/p>\n<p>E. Explain how your mold connects to your machine, and share connection drawings if available. We&#8217;ll provide a quote promptly.<\/p>\n<h3>2. Quels sont les d\u00e9lais de livraison ?<\/h3>\n<p>Comptez 20 \u00e0 25 jours de travail pour les moules standard apr\u00e8s r\u00e9ception de l'acompte, et 30 \u00e0 40 jours de travail pour les mod\u00e8les avanc\u00e9s.<\/p>\n<h3>3. Le nouveau moule s'adaptera-t-il \u00e0 ma machine ?<\/h3>\n<p>We&#8217;ve made molds for various brands, so compatibility is likely. You can measure or send photos for confirmation. After verifying dimensions, we ensure a perfect fit.<\/p>\n<h3>4. Quelles sont les conditions de paiement ?<\/h3>\n<p>Payer une avance de 50% par T\/T pour commencer, et r\u00e9gler le solde avant l'exp\u00e9dition.<\/p>\n<h3>5. Comment nous contacter ?<\/h3>\n<p>Contactez-nous sur WeChat\/WhatsApp : +86-1330506196 ou +86-18960287187. Merci d'avance !<\/p>\n<p><iframe loading=\"lazy\" title=\"Vid\u00e9o sur le fonctionnement des blocs ICF\" src=\"https:\/\/www.youtube.com\/embed\/czhs2wYoLZg\" width=\"556\" height=\"310\" frameborder=\"0\" allowfullscreen=\"allowfullscreen\"><\/iframe><\/p>","protected":false},"excerpt":{"rendered":"<table class=\"tg\" style=\"border-collapse: collapse; border-spacing: 0px; height: 262px;\" width=\"100%\">\n<tbody>\n<tr>\n<td style=\"font-family: Arial, sans-serif; font-size: 14px; overflow: hidden; padding: 10px 5px; text-align: left; vertical-align: top; word-break: normal; border: 1px solid black;\">Commande (MOQ) :<\/td>\n<td style=\"font-family: Arial, sans-serif; font-size: 14px; overflow: hidden; padding: 10px 5px; text-align: left; vertical-align: top; word-break: normal; border: 1px solid black;\">1 Ensemble<\/td>\n<\/tr>\n<tr>\n<td style=\"font-family: Arial, sans-serif; font-size: 14px; overflow: hidden; padding: 10px 5px; text-align: left; vertical-align: top; word-break: normal; border: 1px solid black;\">Paiement :<\/td>\n<td style=\"font-family: Arial, sans-serif; font-size: 14px; overflow: hidden; padding: 10px 5px; text-align: left; vertical-align: top; word-break: normal; border: 1px solid black;\">Paiement T\/T 100% avant exp\u00e9dition ou 100% par L\/C confirm\u00e9e et irr\u00e9vocable \u00e0 vue.<\/td>\n<\/tr>\n<tr>\n<td style=\"font-family: Arial, sans-serif; font-size: 14px; overflow: hidden; padding: 10px 5px; text-align: left; vertical-align: top; word-break: normal; border: 1px solid black;\">Origine du produit :<\/td>\n<td style=\"font-family: Arial, sans-serif; font-size: 14px; overflow: hidden; padding: 10px 5px; text-align: left; vertical-align: top; word-break: normal; border: 1px solid black;\">Quanzhou Fujian<\/td>\n<\/tr>\n<tr>\n<td style=\"font-family: Arial, sans-serif; font-size: 14px; overflow: hidden; padding: 10px 5px; text-align: left; vertical-align: top; word-break: normal; border: 1px solid black;\">Couleur :<\/td>\n<td style=\"font-family: Arial, sans-serif; font-size: 14px; overflow: hidden; padding: 10px 5px; text-align: left; vertical-align: top; word-break: normal; border: 1px solid black;\">s'adapter \u00e0 la demande<\/td>\n<\/tr>\n<tr>\n<td style=\"font-family: Arial, sans-serif; font-size: 14px; overflow: hidden; padding: 10px 5px; text-align: left; vertical-align: top; word-break: normal; border: 1px solid black;\">Port d'embarquement :<\/td>\n<td style=\"font-family: Arial, sans-serif; font-size: 14px; overflow: hidden; padding: 10px 5px; text-align: left; vertical-align: top; word-break: normal; border: 1px solid black;\">Xiamen<\/td>\n<\/tr>\n<tr>\n<td style=\"font-family: Arial, sans-serif; font-size: 14px; overflow: hidden; padding: 10px 5px; text-align: left; vertical-align: top; word-break: normal; border: 1px solid black;\">D\u00e9lai d'ex\u00e9cution :<\/td>\n<td style=\"font-family: Arial, sans-serif; font-size: 14px; overflow: hidden; padding: 10px 5px; text-align: left; vertical-align: top; word-break: normal; border: 1px solid black;\">20-25 jours<\/td>\n<\/tr>\n<\/tbody>\n<\/table>\n<p>&nbsp;<\/p>","protected":false},"featured_media":8259,"template":"","meta":[],"product_brand":[],"product_cat":[758,767],"product_tag":[768],"class_list":{"0":"post-8258","1":"product","2":"type-product","3":"status-publish","4":"has-post-thumbnail","6":"product_cat-block-moulds","7":"product_cat-permeable-paver-mould","8":"product_tag-special-block-mold","10":"first","11":"instock","12":"shipping-taxable","13":"product-type-simple"},"yoast_head":"<!-- This site is optimized with the Yoast SEO plugin v24.4 - https:\/\/yoast.com\/wordpress\/plugins\/seo\/ -->\n<title>Steel Moulds for Precast Concrete Block Mould Paving Brick Molds for Sale - Kimberly Machinery<\/title>\n<meta name=\"description\" content=\"China Steel Moulds for Precast Concrete Block Mould Paving Brick Molds for Sale manufacturer provides auto concrete block machines, hydraulic press series block machines, concrete mixer, batching machine with wholesale price.\" \/>\n<meta name=\"robots\" content=\"index, follow, max-snippet:-1, max-image-preview:large, max-video-preview:-1\" \/>\n<link rel=\"canonical\" href=\"https:\/\/www.kblmachinery.com\/fr\/high-end-concrete-block-mould-made-in-china\/\" \/>\n<meta property=\"og:locale\" content=\"fr_FR\" \/>\n<meta property=\"og:type\" content=\"article\" \/>\n<meta property=\"og:title\" content=\"Steel Moulds for Precast Concrete Block Mould Paving Brick Molds for Sale - Kimberly Machinery\" \/>\n<meta property=\"og:description\" content=\"China Steel Moulds for Precast Concrete Block Mould Paving Brick Molds for Sale manufacturer provides auto concrete block machines, hydraulic press series block machines, concrete mixer, batching machine with wholesale price.\" \/>\n<meta property=\"og:url\" content=\"https:\/\/www.kblmachinery.com\/fr\/high-end-concrete-block-mould-made-in-china\/\" \/>\n<meta property=\"og:site_name\" content=\"Kimberly Machinery\" \/>\n<meta property=\"article:publisher\" content=\"https:\/\/www.facebook.com\/KimberlyMachinery\" \/>\n<meta property=\"article:modified_time\" content=\"2025-11-28T07:16:51+00:00\" \/>\n<meta property=\"og:image\" content=\"https:\/\/www.kblmachinery.com\/wp-content\/uploads\/2025\/11\/Steel-Moulds-for-Precast-Concrete-Block-Mould-Paving-Brick-Molds-for-Sale.webp\" \/>\n\t<meta property=\"og:image:width\" content=\"805\" \/>\n\t<meta property=\"og:image:height\" content=\"805\" \/>\n\t<meta property=\"og:image:type\" content=\"image\/webp\" \/>\n<meta name=\"twitter:card\" content=\"summary_large_image\" \/>\n<meta name=\"twitter:label1\" content=\"Dur\u00e9e de lecture estim\u00e9e\" \/>\n\t<meta name=\"twitter:data1\" content=\"2 minutes\" \/>\n<script type=\"application\/ld+json\" class=\"yoast-schema-graph\">{\"@context\":\"https:\/\/schema.org\",\"@graph\":[{\"@type\":\"WebPage\",\"@id\":\"https:\/\/www.kblmachinery.com\/high-end-concrete-block-mould-made-in-china\/\",\"url\":\"https:\/\/www.kblmachinery.com\/high-end-concrete-block-mould-made-in-china\/\",\"name\":\"Steel Moulds for Precast Concrete Block Mould Paving Brick Molds for Sale - Kimberly Machinery\",\"isPartOf\":{\"@id\":\"https:\/\/www.kblmachinery.com\/#website\"},\"primaryImageOfPage\":{\"@id\":\"https:\/\/www.kblmachinery.com\/high-end-concrete-block-mould-made-in-china\/#primaryimage\"},\"image\":{\"@id\":\"https:\/\/www.kblmachinery.com\/high-end-concrete-block-mould-made-in-china\/#primaryimage\"},\"thumbnailUrl\":\"https:\/\/www.kblmachinery.com\/wp-content\/uploads\/2025\/11\/Steel-Moulds-for-Precast-Concrete-Block-Mould-Paving-Brick-Molds-for-Sale.webp\",\"datePublished\":\"2024-08-17T06:45:00+00:00\",\"dateModified\":\"2025-11-28T07:16:51+00:00\",\"description\":\"China Steel Moulds for Precast Concrete Block Mould Paving Brick Molds for Sale manufacturer provides auto concrete block machines, hydraulic press series block machines, concrete mixer, batching machine with wholesale price.\",\"breadcrumb\":{\"@id\":\"https:\/\/www.kblmachinery.com\/high-end-concrete-block-mould-made-in-china\/#breadcrumb\"},\"inLanguage\":\"fr-FR\",\"potentialAction\":[{\"@type\":\"ReadAction\",\"target\":[\"https:\/\/www.kblmachinery.com\/high-end-concrete-block-mould-made-in-china\/\"]}]},{\"@type\":\"ImageObject\",\"inLanguage\":\"fr-FR\",\"@id\":\"https:\/\/www.kblmachinery.com\/high-end-concrete-block-mould-made-in-china\/#primaryimage\",\"url\":\"https:\/\/www.kblmachinery.com\/wp-content\/uploads\/2025\/11\/Steel-Moulds-for-Precast-Concrete-Block-Mould-Paving-Brick-Molds-for-Sale.webp\",\"contentUrl\":\"https:\/\/www.kblmachinery.com\/wp-content\/uploads\/2025\/11\/Steel-Moulds-for-Precast-Concrete-Block-Mould-Paving-Brick-Molds-for-Sale.webp\",\"width\":805,\"height\":805,\"caption\":\"precast concrete block moulds\"},{\"@type\":\"BreadcrumbList\",\"@id\":\"https:\/\/www.kblmachinery.com\/high-end-concrete-block-mould-made-in-china\/#breadcrumb\",\"itemListElement\":[{\"@type\":\"ListItem\",\"position\":1,\"name\":\"Home\",\"item\":\"https:\/\/www.kblmachinery.com\/\"},{\"@type\":\"ListItem\",\"position\":2,\"name\":\"Steel Moulds for Precast Concrete Block Mould Paving Brick Molds for Sale\"}]},{\"@type\":\"WebSite\",\"@id\":\"https:\/\/www.kblmachinery.com\/#website\",\"url\":\"https:\/\/www.kblmachinery.com\/\",\"name\":\"Professional Brick\/Block Making Machine in China\",\"description\":\"Block Machine Manufacturer - Kimberly Machinery\",\"publisher\":{\"@id\":\"https:\/\/www.kblmachinery.com\/#organization\"},\"potentialAction\":[{\"@type\":\"SearchAction\",\"target\":{\"@type\":\"EntryPoint\",\"urlTemplate\":\"https:\/\/www.kblmachinery.com\/?s={search_term_string}\"},\"query-input\":{\"@type\":\"PropertyValueSpecification\",\"valueRequired\":true,\"valueName\":\"search_term_string\"}}],\"inLanguage\":\"fr-FR\"},{\"@type\":\"Organization\",\"@id\":\"https:\/\/www.kblmachinery.com\/#organization\",\"name\":\"Quanzhou Kimberly Machinery Manufacturing Co. Ltd\",\"url\":\"https:\/\/www.kblmachinery.com\/\",\"logo\":{\"@type\":\"ImageObject\",\"inLanguage\":\"fr-FR\",\"@id\":\"https:\/\/www.kblmachinery.com\/#\/schema\/logo\/image\/\",\"url\":\"https:\/\/www.kblmachinery.com\/wp-content\/uploads\/2025\/11\/cropped-logo-1-1.png\",\"contentUrl\":\"https:\/\/www.kblmachinery.com\/wp-content\/uploads\/2025\/11\/cropped-logo-1-1.png\",\"width\":123,\"height\":136,\"caption\":\"Quanzhou Kimberly Machinery Manufacturing Co. Ltd\"},\"image\":{\"@id\":\"https:\/\/www.kblmachinery.com\/#\/schema\/logo\/image\/\"},\"sameAs\":[\"https:\/\/www.facebook.com\/KimberlyMachinery\"]}]}<\/script>\n<!-- \/ Yoast SEO plugin. -->","yoast_head_json":{"title":"Steel Moulds for Precast Concrete Block Mould Paving Brick Molds for Sale - Kimberly Machinery","description":"China Steel Moulds for Precast Concrete Block Mould Paving Brick Molds for Sale manufacturer provides auto concrete block machines, hydraulic press series block machines, concrete mixer, batching machine with wholesale price.","robots":{"index":"index","follow":"follow","max-snippet":"max-snippet:-1","max-image-preview":"max-image-preview:large","max-video-preview":"max-video-preview:-1"},"canonical":"https:\/\/www.kblmachinery.com\/fr\/high-end-concrete-block-mould-made-in-china\/","og_locale":"fr_FR","og_type":"article","og_title":"Steel Moulds for Precast Concrete Block Mould Paving Brick Molds for Sale - Kimberly Machinery","og_description":"China Steel Moulds for Precast Concrete Block Mould Paving Brick Molds for Sale manufacturer provides auto concrete block machines, hydraulic press series block machines, concrete mixer, batching machine with wholesale price.","og_url":"https:\/\/www.kblmachinery.com\/fr\/high-end-concrete-block-mould-made-in-china\/","og_site_name":"Kimberly Machinery","article_publisher":"https:\/\/www.facebook.com\/KimberlyMachinery","article_modified_time":"2025-11-28T07:16:51+00:00","og_image":[{"width":805,"height":805,"url":"https:\/\/www.kblmachinery.com\/wp-content\/uploads\/2025\/11\/Steel-Moulds-for-Precast-Concrete-Block-Mould-Paving-Brick-Molds-for-Sale.webp","type":"image\/webp"}],"twitter_card":"summary_large_image","twitter_misc":{"Dur\u00e9e de lecture estim\u00e9e":"2 minutes"},"schema":{"@context":"https:\/\/schema.org","@graph":[{"@type":"WebPage","@id":"https:\/\/www.kblmachinery.com\/high-end-concrete-block-mould-made-in-china\/","url":"https:\/\/www.kblmachinery.com\/high-end-concrete-block-mould-made-in-china\/","name":"Steel Moulds for Precast Concrete Block Mould Paving Brick Molds for Sale - Kimberly Machinery","isPartOf":{"@id":"https:\/\/www.kblmachinery.com\/#website"},"primaryImageOfPage":{"@id":"https:\/\/www.kblmachinery.com\/high-end-concrete-block-mould-made-in-china\/#primaryimage"},"image":{"@id":"https:\/\/www.kblmachinery.com\/high-end-concrete-block-mould-made-in-china\/#primaryimage"},"thumbnailUrl":"https:\/\/www.kblmachinery.com\/wp-content\/uploads\/2025\/11\/Steel-Moulds-for-Precast-Concrete-Block-Mould-Paving-Brick-Molds-for-Sale.webp","datePublished":"2024-08-17T06:45:00+00:00","dateModified":"2025-11-28T07:16:51+00:00","description":"China Steel Moulds for Precast Concrete Block Mould Paving Brick Molds for Sale manufacturer provides auto concrete block machines, hydraulic press series block machines, concrete mixer, batching machine with wholesale price.","breadcrumb":{"@id":"https:\/\/www.kblmachinery.com\/high-end-concrete-block-mould-made-in-china\/#breadcrumb"},"inLanguage":"fr-FR","potentialAction":[{"@type":"ReadAction","target":["https:\/\/www.kblmachinery.com\/high-end-concrete-block-mould-made-in-china\/"]}]},{"@type":"ImageObject","inLanguage":"fr-FR","@id":"https:\/\/www.kblmachinery.com\/high-end-concrete-block-mould-made-in-china\/#primaryimage","url":"https:\/\/www.kblmachinery.com\/wp-content\/uploads\/2025\/11\/Steel-Moulds-for-Precast-Concrete-Block-Mould-Paving-Brick-Molds-for-Sale.webp","contentUrl":"https:\/\/www.kblmachinery.com\/wp-content\/uploads\/2025\/11\/Steel-Moulds-for-Precast-Concrete-Block-Mould-Paving-Brick-Molds-for-Sale.webp","width":805,"height":805,"caption":"precast concrete block moulds"},{"@type":"BreadcrumbList","@id":"https:\/\/www.kblmachinery.com\/high-end-concrete-block-mould-made-in-china\/#breadcrumb","itemListElement":[{"@type":"ListItem","position":1,"name":"Home","item":"https:\/\/www.kblmachinery.com\/"},{"@type":"ListItem","position":2,"name":"Steel Moulds for Precast Concrete Block Mould Paving Brick Molds for Sale"}]},{"@type":"WebSite","@id":"https:\/\/www.kblmachinery.com\/#website","url":"https:\/\/www.kblmachinery.com\/","name":"Professional Brick\/Block Making Machine in China","description":"Block Machine Manufacturer - Kimberly Machinery","publisher":{"@id":"https:\/\/www.kblmachinery.com\/#organization"},"potentialAction":[{"@type":"SearchAction","target":{"@type":"EntryPoint","urlTemplate":"https:\/\/www.kblmachinery.com\/?s={search_term_string}"},"query-input":{"@type":"PropertyValueSpecification","valueRequired":true,"valueName":"search_term_string"}}],"inLanguage":"fr-FR"},{"@type":"Organization","@id":"https:\/\/www.kblmachinery.com\/#organization","name":"Quanzhou Kimberly Machinery Manufacturing Co. Ltd","url":"https:\/\/www.kblmachinery.com\/","logo":{"@type":"ImageObject","inLanguage":"fr-FR","@id":"https:\/\/www.kblmachinery.com\/#\/schema\/logo\/image\/","url":"https:\/\/www.kblmachinery.com\/wp-content\/uploads\/2025\/11\/cropped-logo-1-1.png","contentUrl":"https:\/\/www.kblmachinery.com\/wp-content\/uploads\/2025\/11\/cropped-logo-1-1.png","width":123,"height":136,"caption":"Quanzhou Kimberly Machinery Manufacturing Co. Ltd"},"image":{"@id":"https:\/\/www.kblmachinery.com\/#\/schema\/logo\/image\/"},"sameAs":["https:\/\/www.facebook.com\/KimberlyMachinery"]}]}},"_links":{"self":[{"href":"https:\/\/www.kblmachinery.com\/fr\/wp-json\/wp\/v2\/product\/8258","targetHints":{"allow":["GET"]}}],"collection":[{"href":"https:\/\/www.kblmachinery.com\/fr\/wp-json\/wp\/v2\/product"}],"about":[{"href":"https:\/\/www.kblmachinery.com\/fr\/wp-json\/wp\/v2\/types\/product"}],"wp:featuredmedia":[{"embeddable":true,"href":"https:\/\/www.kblmachinery.com\/fr\/wp-json\/wp\/v2\/media\/8259"}],"wp:attachment":[{"href":"https:\/\/www.kblmachinery.com\/fr\/wp-json\/wp\/v2\/media?parent=8258"}],"wp:term":[{"taxonomy":"product_brand","embeddable":true,"href":"https:\/\/www.kblmachinery.com\/fr\/wp-json\/wp\/v2\/product_brand?post=8258"},{"taxonomy":"product_cat","embeddable":true,"href":"https:\/\/www.kblmachinery.com\/fr\/wp-json\/wp\/v2\/product_cat?post=8258"},{"taxonomy":"product_tag","embeddable":true,"href":"https:\/\/www.kblmachinery.com\/fr\/wp-json\/wp\/v2\/product_tag?post=8258"}],"curies":[{"name":"wp","href":"https:\/\/api.w.org\/{rel}","templated":true}]}}