{"id":8263,"date":"2024-08-17T09:22:00","date_gmt":"2024-08-17T09:22:00","guid":{"rendered":"https:\/\/www.kblmachinery.com\/?post_type=product&#038;p=8263"},"modified":"2025-11-28T07:15:13","modified_gmt":"2025-11-28T07:15:13","slug":"steel-molds-for-masa-hess-block-machine","status":"publish","type":"product","link":"https:\/\/www.kblmachinery.com\/fr\/steel-molds-for-masa-hess-block-machine\/","title":{"rendered":"Moules en acier pour la machine \u00e0 blocs MASA HESS"},"content":{"rendered":"<h2>Moules en acier pour pierres en b\u00e9ton de technologie allemande pour les machines \u00e0 blocs MASA HESS<\/h2>\n<h3>1. Type de bloc :<\/h3>\n<p>Nous concevons et fabriquons des moules en acier de haute qualit\u00e9 pour produire des pav\u00e9s autobloquants, des dalles, des pav\u00e9s perm\u00e9ables, des bordures de trottoir, des murs de sout\u00e8nement, des blocs creux et des blocs sp\u00e9ciaux, toujours en conformit\u00e9 avec les exigences de nos clients et en proposant des id\u00e9es nouvelles.<\/p>\n<h3>2. Mati\u00e8re premi\u00e8re :<\/h3>\n<p>Pour la fabrication des moules \u00e0 blocs de b\u00e9ton, nous utilisons des aciers sp\u00e9ciaux tremp\u00e9s et revenus haut de gamme import\u00e9s d'Italie. Ces aciers sont \u00e9galement rendus encore plus r\u00e9sistants \u00e0 l'abrasion par un traitement thermique.<\/p>\n<h3>3. Exp\u00e9rience de la fabrication :<\/h3>\n<p>Nous ajoutons notre exp\u00e9rience \u00e0 l'acier de qualit\u00e9 pour nous assurer de fournir des produits de haute qualit\u00e9 \u00e0 tous nos acheteurs.<\/p>\n<h2>D\u00e9tails techniques du moule<\/h2>\n<table class=\"tg\" style=\"border-collapse: collapse; border-spacing: 0px; height: 164px;\" width=\"100%\">\n<tbody>\n<tr>\n<td style=\"font-family: Arial, sans-serif; font-size: 14px; overflow: hidden; padding: 10px 5px; text-align: left; vertical-align: top; word-break: normal; border: 1px solid black;\">Nom<\/td>\n<td style=\"font-family: Arial, sans-serif; font-size: 14px; overflow: hidden; padding: 10px 5px; text-align: left; vertical-align: top; word-break: normal; border: 1px solid black;\">moule en acier pour bordures<\/td>\n<td style=\"font-family: Arial, sans-serif; font-size: 14px; overflow: hidden; padding: 10px 5px; text-align: left; vertical-align: top; word-break: normal; border: 1px solid black;\">Traitement thermique<\/td>\n<td style=\"font-family: Arial, sans-serif; font-size: 14px; overflow: hidden; padding: 10px 5px; text-align: left; vertical-align: top; word-break: normal; border: 1px solid black;\">Carbonitruration 900-950<span style=\"color: #555;\">\u00b0<\/span>C<\/td>\n<\/tr>\n<tr>\n<td style=\"font-family: Arial, sans-serif; font-size: 14px; overflow: hidden; padding: 10px 5px; text-align: left; vertical-align: top; word-break: normal; border: 1px solid black;\">mati\u00e8re premi\u00e8re<\/td>\n<td style=\"font-family: Arial, sans-serif; font-size: 14px; overflow: hidden; padding: 10px 5px; text-align: left; vertical-align: top; word-break: normal; border: 1px solid black;\">acier sp\u00e9cial r\u00e9sistant \u00e0 l'usure<\/td>\n<td style=\"font-family: Arial, sans-serif; font-size: 14px; overflow: hidden; padding: 10px 5px; text-align: left; vertical-align: top; word-break: normal; border: 1px solid black;\">Duret\u00e9<\/td>\n<td style=\"font-family: Arial, sans-serif; font-size: 14px; overflow: hidden; padding: 10px 5px; text-align: left; vertical-align: top; word-break: normal; border: 1px solid black;\">60-65HRC<\/td>\n<\/tr>\n<tr>\n<td style=\"font-family: Arial, sans-serif; font-size: 14px; overflow: hidden; padding: 10px 5px; text-align: left; vertical-align: top; word-break: normal; border: 1px solid black;\">Type de bloc<\/td>\n<td style=\"font-family: Arial, sans-serif; font-size: 14px; overflow: hidden; padding: 10px 5px; text-align: left; vertical-align: top; word-break: normal; border: 1px solid black;\">Les blocs creux, les blocs \u00e0 embo\u00eetement, les pav\u00e9s et les bordures peuvent \u00eatre personnalis\u00e9s.<\/td>\n<td style=\"font-family: Arial, sans-serif; font-size: 14px; overflow: hidden; padding: 10px 5px; text-align: left; vertical-align: top; word-break: normal; border: 1px solid black;\">Code HS<\/td>\n<td style=\"font-family: Arial, sans-serif; font-size: 14px; overflow: hidden; padding: 10px 5px; text-align: left; vertical-align: top; word-break: normal; border: 1px solid black;\">848060<\/td>\n<\/tr>\n<tr>\n<td style=\"font-family: Arial, sans-serif; font-size: 14px; overflow: hidden; padding: 10px 5px; text-align: left; vertical-align: top; word-break: normal; border: 1px solid black;\">dur\u00e9e de vie<\/td>\n<td style=\"font-family: Arial, sans-serif; font-size: 14px; overflow: hidden; padding: 10px 5px; text-align: left; vertical-align: top; word-break: normal; border: 1px solid black;\">100000-120000 fois<\/td>\n<td style=\"font-family: Arial, sans-serif; font-size: 14px; overflow: hidden; padding: 10px 5px; text-align: left; vertical-align: top; word-break: normal; border: 1px solid black;\">Emballage<\/td>\n<td style=\"font-family: Arial, sans-serif; font-size: 14px; overflow: hidden; padding: 10px 5px; text-align: left; vertical-align: top; word-break: normal; border: 1px solid black;\">Bois + film plastique<\/td>\n<\/tr>\n<\/tbody>\n<\/table>\n<h2>Nos services<\/h2>\n<h3 data-start=\"39\" data-end=\"71\">Comment obtenir un devis<\/h3>\n<ol data-start=\"73\" data-end=\"849\">\n<li data-start=\"73\" data-end=\"264\">\n<p data-start=\"76\" data-end=\"264\">Fournir des dessins d\u00e9taill\u00e9s<br data-start=\"105\" data-end=\"108\" \/>Si vous avez des dessins d\u00e9taill\u00e9s du bloc dont vous avez besoin, veuillez nous les envoyer pour examen. Nous vous fournirons un devis pr\u00e9cis sur la base de vos sp\u00e9cifications.<\/p>\n<\/li>\n<li data-start=\"266\" data-end=\"500\">\n<p data-start=\"269\" data-end=\"500\">Sans dessins d\u00e9taill\u00e9s<br data-start=\"298\" data-end=\"301\" \/>Si vous ne disposez pas de dessins, indiquez-nous le type de bloc souhait\u00e9 (par exemple, creux ou plein). Veuillez \u00e9galement envoyer une photo du bloc ainsi que ses dimensions (longueur \u00d7 largeur \u00d7 \u00e9paisseur en mm).<\/p>\n<\/li>\n<li data-start=\"502\" data-end=\"603\">\n<p data-start=\"505\" data-end=\"603\">Partager la taille de la palette<br data-start=\"526\" data-end=\"529\" \/>Veuillez indiquer les dimensions de votre palette pour garantir la compatibilit\u00e9.<\/p>\n<\/li>\n<li data-start=\"605\" data-end=\"710\">\n<p data-start=\"608\" data-end=\"710\">Fournir des d\u00e9tails sur les moules<br data-start=\"632\" data-end=\"635\" \/>Tenez compte de la taille de votre t\u00eate de tamper et de la hauteur de votre moule.<\/p>\n<\/li>\n<li data-start=\"712\" data-end=\"849\">\n<p data-start=\"715\" data-end=\"849\">Expliquer la connexion des moules<br data-start=\"742\" data-end=\"745\" \/>D\u00e9crivez comment votre moule se connecte \u00e0 votre machine. Si vous disposez d'un sch\u00e9ma de connexion, n'h\u00e9sitez pas \u00e0 le partager.<\/p>\n<\/li>\n<\/ol>\n<p data-start=\"851\" data-end=\"935\">Une fois que nous aurons re\u00e7u vos informations, nous pr\u00e9parerons un devis dans les plus brefs d\u00e9lais.<\/p>\n<h3 data-start=\"942\" data-end=\"965\">D\u00e9lai de livraison<\/h3>\n<ul data-start=\"967\" data-end=\"1120\">\n<li data-start=\"967\" data-end=\"1043\">\n<p data-start=\"969\" data-end=\"1043\">Moules pour blocs standard : 20-25 jours ouvrables apr\u00e8s r\u00e9ception de l'acompte<\/p>\n<\/li>\n<li data-start=\"1044\" data-end=\"1120\">\n<p data-start=\"1046\" data-end=\"1120\">Moules pour blocs haut de gamme : 30-40 jours ouvrables apr\u00e8s r\u00e9ception de l'acompte<\/p>\n<\/li>\n<\/ul>\n<h3 data-start=\"1127\" data-end=\"1156\">Transport et emballage<\/h3>\n<p data-start=\"1158\" data-end=\"1285\">Nous utilisons par d\u00e9faut un emballage en bois avec un film plastique, mais un emballage personnalis\u00e9 est disponible en fonction de vos besoins.<\/p>\n<h3 data-start=\"1292\" data-end=\"1333\">Compatibilit\u00e9 avec votre machine<\/h3>\n<p data-start=\"1335\" data-end=\"1462\">Nous fabriquons des moules pour diff\u00e9rentes marques de machines \u00e0 blocs et conservons des archives d\u00e9taill\u00e9es. Certains moules peuvent d\u00e9j\u00e0 \u00eatre adapt\u00e9s \u00e0 votre machine.<\/p>\n<ul data-start=\"1464\" data-end=\"1714\">\n<li data-start=\"1464\" data-end=\"1612\">\n<p data-start=\"1466\" data-end=\"1612\">Si n\u00e9cessaire, vous pouvez inviter un ing\u00e9nieur \u00e0 prendre des mesures, ou nous pouvons vous aider \u00e0 envoyer des photos et des mesures sous forme num\u00e9rique, comme le font de nombreux clients.<\/p>\n<\/li>\n<li data-start=\"1613\" data-end=\"1714\">\n<p data-start=\"1615\" data-end=\"1714\">Apr\u00e8s confirmation de la taille, le moule que nous envoyons s'adaptera parfaitement \u00e0 votre machine, donc pas d'inqui\u00e9tude !<\/p>\n<\/li>\n<\/ul>\n<h2 data-start=\"1721\" data-end=\"1741\">Nous contacter<\/h2>\n<p data-start=\"1743\" data-end=\"1813\">Contactez-nous via WeChat\/WhatsApp :<br data-start=\"1776\" data-end=\"1779\" \/>+86-1330506196 | +86-18960287187<\/p>\n<p data-start=\"1815\" data-end=\"1850\">Nous nous r\u00e9jouissons de pouvoir vous aider !<\/p>\n<p><iframe loading=\"lazy\" title=\"Vid\u00e9o sur le fonctionnement des blocs ICF\" src=\"https:\/\/www.youtube.com\/embed\/czhs2wYoLZg\" width=\"556\" height=\"310\" frameborder=\"0\" allowfullscreen=\"allowfullscreen\"><\/iframe><\/p>","protected":false},"excerpt":{"rendered":"<p>Avec pr\u00e8s de 30 ans d'exp\u00e9rience dans la fabrication de tous les types de moules \u00e0 blocs de b\u00e9ton, nous proposons des options de 80 000 ou 120 000 cycles. Apr\u00e8s traitement thermique, la duret\u00e9 atteint 62 degr\u00e9s.<\/p>\n<table class=\"tg\" style=\"border-collapse: collapse; border-spacing: 0px; height: 251px;\" width=\"100%\">\n<tbody>\n<tr>\n<td style=\"font-family: Arial, sans-serif; font-size: 14px; overflow: hidden; padding: 10px 5px; text-align: left; vertical-align: top; word-break: normal; border: 1px solid black;\">Commande (MOQ) :<\/td>\n<td style=\"font-family: Arial, sans-serif; font-size: 14px; overflow: hidden; padding: 10px 5px; text-align: left; vertical-align: top; word-break: normal; border: 1px solid black;\">1 Ensemble<\/td>\n<\/tr>\n<tr>\n<td style=\"font-family: Arial, sans-serif; font-size: 14px; overflow: hidden; padding: 10px 5px; text-align: left; vertical-align: top; word-break: normal; border: 1px solid black;\">Paiement :<\/td>\n<td style=\"font-family: Arial, sans-serif; font-size: 14px; overflow: hidden; padding: 10px 5px; text-align: left; vertical-align: top; word-break: normal; border: 1px solid black;\">Paiement T\/T 100% avant exp\u00e9dition ou 100% par L\/C confirm\u00e9e et irr\u00e9vocable \u00e0 vue.<\/td>\n<\/tr>\n<tr>\n<td style=\"font-family: Arial, sans-serif; font-size: 14px; overflow: hidden; padding: 10px 5px; text-align: left; vertical-align: top; word-break: normal; border: 1px solid black;\">Origine du produit :<\/td>\n<td style=\"font-family: Arial, sans-serif; font-size: 14px; overflow: hidden; padding: 10px 5px; text-align: left; vertical-align: top; word-break: normal; border: 1px solid black;\">Quanzhou Fujian<\/td>\n<\/tr>\n<tr>\n<td style=\"font-family: Arial, sans-serif; font-size: 14px; overflow: hidden; padding: 10px 5px; text-align: left; vertical-align: top; word-break: normal; border: 1px solid black;\">Couleur :<\/td>\n<td style=\"font-family: Arial, sans-serif; font-size: 14px; overflow: hidden; padding: 10px 5px; text-align: left; vertical-align: top; word-break: normal; border: 1px solid black;\">s'adapter \u00e0 la demande<\/td>\n<\/tr>\n<tr>\n<td style=\"font-family: Arial, sans-serif; font-size: 14px; overflow: hidden; padding: 10px 5px; text-align: left; vertical-align: top; word-break: normal; border: 1px solid black;\">Port d'embarquement :<\/td>\n<td style=\"font-family: Arial, sans-serif; font-size: 14px; overflow: hidden; padding: 10px 5px; text-align: left; vertical-align: top; word-break: normal; border: 1px solid black;\">Xiamen<\/td>\n<\/tr>\n<tr>\n<td style=\"font-family: Arial, sans-serif; font-size: 14px; overflow: hidden; padding: 10px 5px; text-align: left; vertical-align: top; word-break: normal; border: 1px solid black;\">D\u00e9lai d'ex\u00e9cution :<\/td>\n<td style=\"font-family: Arial, sans-serif; font-size: 14px; overflow: hidden; padding: 10px 5px; text-align: left; vertical-align: top; word-break: normal; border: 1px solid black;\">20-25 jours<\/td>\n<\/tr>\n<\/tbody>\n<\/table>\n<p>&nbsp;<\/p>","protected":false},"featured_media":8264,"template":"","meta":[],"product_brand":[],"product_cat":[758,769],"product_tag":[],"class_list":{"0":"post-8263","1":"product","2":"type-product","3":"status-publish","4":"has-post-thumbnail","6":"product_cat-block-moulds","7":"product_cat-road-brick-mould","9":"first","10":"instock","11":"shipping-taxable","12":"product-type-simple"},"yoast_head":"<!-- This site is optimized with the Yoast SEO plugin v24.4 - https:\/\/yoast.com\/wordpress\/plugins\/seo\/ -->\n<title>Steel Molds for MASA HESS Block Machine - Kimberly Machinery<\/title>\n<meta name=\"description\" content=\"China Steel Molds for MASA HESS Block Machine manufacturer provides auto concrete block machines, hydraulic press series block machines, concrete mixer, batching machine with wholesale price.\" \/>\n<meta name=\"robots\" content=\"index, follow, max-snippet:-1, max-image-preview:large, max-video-preview:-1\" \/>\n<link rel=\"canonical\" href=\"https:\/\/www.kblmachinery.com\/fr\/steel-molds-for-masa-hess-block-machine\/\" \/>\n<meta property=\"og:locale\" content=\"fr_FR\" \/>\n<meta property=\"og:type\" content=\"article\" \/>\n<meta property=\"og:title\" content=\"Steel Molds for MASA HESS Block Machine - Kimberly Machinery\" \/>\n<meta property=\"og:description\" content=\"China Steel Molds for MASA HESS Block Machine manufacturer provides auto concrete block machines, hydraulic press series block machines, concrete mixer, batching machine with wholesale price.\" \/>\n<meta property=\"og:url\" content=\"https:\/\/www.kblmachinery.com\/fr\/steel-molds-for-masa-hess-block-machine\/\" \/>\n<meta property=\"og:site_name\" content=\"Kimberly Machinery\" \/>\n<meta property=\"article:publisher\" content=\"https:\/\/www.facebook.com\/KimberlyMachinery\" \/>\n<meta property=\"article:modified_time\" content=\"2025-11-28T07:15:13+00:00\" \/>\n<meta property=\"og:image\" content=\"https:\/\/www.kblmachinery.com\/wp-content\/uploads\/2025\/11\/Germany-Technology-Concrete-Kerbstone-Steel-Mould-for-Masa-Hess-Block-Making-Machine.webp\" \/>\n\t<meta property=\"og:image:width\" content=\"805\" \/>\n\t<meta property=\"og:image:height\" content=\"805\" \/>\n\t<meta property=\"og:image:type\" content=\"image\/webp\" \/>\n<meta name=\"twitter:card\" content=\"summary_large_image\" \/>\n<meta name=\"twitter:label1\" content=\"Dur\u00e9e de lecture estim\u00e9e\" \/>\n\t<meta name=\"twitter:data1\" content=\"3 minutes\" \/>\n<script type=\"application\/ld+json\" class=\"yoast-schema-graph\">{\"@context\":\"https:\/\/schema.org\",\"@graph\":[{\"@type\":\"WebPage\",\"@id\":\"https:\/\/www.kblmachinery.com\/steel-molds-for-masa-hess-block-machine\/\",\"url\":\"https:\/\/www.kblmachinery.com\/steel-molds-for-masa-hess-block-machine\/\",\"name\":\"Steel Molds for MASA HESS Block Machine - Kimberly Machinery\",\"isPartOf\":{\"@id\":\"https:\/\/www.kblmachinery.com\/#website\"},\"primaryImageOfPage\":{\"@id\":\"https:\/\/www.kblmachinery.com\/steel-molds-for-masa-hess-block-machine\/#primaryimage\"},\"image\":{\"@id\":\"https:\/\/www.kblmachinery.com\/steel-molds-for-masa-hess-block-machine\/#primaryimage\"},\"thumbnailUrl\":\"https:\/\/www.kblmachinery.com\/wp-content\/uploads\/2025\/11\/Germany-Technology-Concrete-Kerbstone-Steel-Mould-for-Masa-Hess-Block-Making-Machine.webp\",\"datePublished\":\"2024-08-17T09:22:00+00:00\",\"dateModified\":\"2025-11-28T07:15:13+00:00\",\"description\":\"China Steel Molds for MASA HESS Block Machine manufacturer provides auto concrete block machines, hydraulic press series block machines, concrete mixer, batching machine with wholesale price.\",\"breadcrumb\":{\"@id\":\"https:\/\/www.kblmachinery.com\/steel-molds-for-masa-hess-block-machine\/#breadcrumb\"},\"inLanguage\":\"fr-FR\",\"potentialAction\":[{\"@type\":\"ReadAction\",\"target\":[\"https:\/\/www.kblmachinery.com\/steel-molds-for-masa-hess-block-machine\/\"]}]},{\"@type\":\"ImageObject\",\"inLanguage\":\"fr-FR\",\"@id\":\"https:\/\/www.kblmachinery.com\/steel-molds-for-masa-hess-block-machine\/#primaryimage\",\"url\":\"https:\/\/www.kblmachinery.com\/wp-content\/uploads\/2025\/11\/Germany-Technology-Concrete-Kerbstone-Steel-Mould-for-Masa-Hess-Block-Making-Machine.webp\",\"contentUrl\":\"https:\/\/www.kblmachinery.com\/wp-content\/uploads\/2025\/11\/Germany-Technology-Concrete-Kerbstone-Steel-Mould-for-Masa-Hess-Block-Making-Machine.webp\",\"width\":805,\"height\":805,\"caption\":\"Germany Technology Concrete Kerbstone Steel Mould for Masa Hess Block Making Machine\"},{\"@type\":\"BreadcrumbList\",\"@id\":\"https:\/\/www.kblmachinery.com\/steel-molds-for-masa-hess-block-machine\/#breadcrumb\",\"itemListElement\":[{\"@type\":\"ListItem\",\"position\":1,\"name\":\"Home\",\"item\":\"https:\/\/www.kblmachinery.com\/\"},{\"@type\":\"ListItem\",\"position\":2,\"name\":\"Steel Molds for MASA HESS Block Machine\"}]},{\"@type\":\"WebSite\",\"@id\":\"https:\/\/www.kblmachinery.com\/#website\",\"url\":\"https:\/\/www.kblmachinery.com\/\",\"name\":\"Professional Brick\/Block Making Machine in China\",\"description\":\"Block Machine Manufacturer - Kimberly Machinery\",\"publisher\":{\"@id\":\"https:\/\/www.kblmachinery.com\/#organization\"},\"potentialAction\":[{\"@type\":\"SearchAction\",\"target\":{\"@type\":\"EntryPoint\",\"urlTemplate\":\"https:\/\/www.kblmachinery.com\/?s={search_term_string}\"},\"query-input\":{\"@type\":\"PropertyValueSpecification\",\"valueRequired\":true,\"valueName\":\"search_term_string\"}}],\"inLanguage\":\"fr-FR\"},{\"@type\":\"Organization\",\"@id\":\"https:\/\/www.kblmachinery.com\/#organization\",\"name\":\"Quanzhou Kimberly Machinery Manufacturing Co. Ltd\",\"url\":\"https:\/\/www.kblmachinery.com\/\",\"logo\":{\"@type\":\"ImageObject\",\"inLanguage\":\"fr-FR\",\"@id\":\"https:\/\/www.kblmachinery.com\/#\/schema\/logo\/image\/\",\"url\":\"https:\/\/www.kblmachinery.com\/wp-content\/uploads\/2025\/11\/cropped-logo-1-1.png\",\"contentUrl\":\"https:\/\/www.kblmachinery.com\/wp-content\/uploads\/2025\/11\/cropped-logo-1-1.png\",\"width\":123,\"height\":136,\"caption\":\"Quanzhou Kimberly Machinery Manufacturing Co. Ltd\"},\"image\":{\"@id\":\"https:\/\/www.kblmachinery.com\/#\/schema\/logo\/image\/\"},\"sameAs\":[\"https:\/\/www.facebook.com\/KimberlyMachinery\"]}]}<\/script>\n<!-- \/ Yoast SEO plugin. -->","yoast_head_json":{"title":"Steel Molds for MASA HESS Block Machine - Kimberly Machinery","description":"China Steel Molds for MASA HESS Block Machine manufacturer provides auto concrete block machines, hydraulic press series block machines, concrete mixer, batching machine with wholesale price.","robots":{"index":"index","follow":"follow","max-snippet":"max-snippet:-1","max-image-preview":"max-image-preview:large","max-video-preview":"max-video-preview:-1"},"canonical":"https:\/\/www.kblmachinery.com\/fr\/steel-molds-for-masa-hess-block-machine\/","og_locale":"fr_FR","og_type":"article","og_title":"Steel Molds for MASA HESS Block Machine - Kimberly Machinery","og_description":"China Steel Molds for MASA HESS Block Machine manufacturer provides auto concrete block machines, hydraulic press series block machines, concrete mixer, batching machine with wholesale price.","og_url":"https:\/\/www.kblmachinery.com\/fr\/steel-molds-for-masa-hess-block-machine\/","og_site_name":"Kimberly Machinery","article_publisher":"https:\/\/www.facebook.com\/KimberlyMachinery","article_modified_time":"2025-11-28T07:15:13+00:00","og_image":[{"width":805,"height":805,"url":"https:\/\/www.kblmachinery.com\/wp-content\/uploads\/2025\/11\/Germany-Technology-Concrete-Kerbstone-Steel-Mould-for-Masa-Hess-Block-Making-Machine.webp","type":"image\/webp"}],"twitter_card":"summary_large_image","twitter_misc":{"Dur\u00e9e de lecture estim\u00e9e":"3 minutes"},"schema":{"@context":"https:\/\/schema.org","@graph":[{"@type":"WebPage","@id":"https:\/\/www.kblmachinery.com\/steel-molds-for-masa-hess-block-machine\/","url":"https:\/\/www.kblmachinery.com\/steel-molds-for-masa-hess-block-machine\/","name":"Steel Molds for MASA HESS Block Machine - Kimberly Machinery","isPartOf":{"@id":"https:\/\/www.kblmachinery.com\/#website"},"primaryImageOfPage":{"@id":"https:\/\/www.kblmachinery.com\/steel-molds-for-masa-hess-block-machine\/#primaryimage"},"image":{"@id":"https:\/\/www.kblmachinery.com\/steel-molds-for-masa-hess-block-machine\/#primaryimage"},"thumbnailUrl":"https:\/\/www.kblmachinery.com\/wp-content\/uploads\/2025\/11\/Germany-Technology-Concrete-Kerbstone-Steel-Mould-for-Masa-Hess-Block-Making-Machine.webp","datePublished":"2024-08-17T09:22:00+00:00","dateModified":"2025-11-28T07:15:13+00:00","description":"China Steel Molds for MASA HESS Block Machine manufacturer provides auto concrete block machines, hydraulic press series block machines, concrete mixer, batching machine with wholesale price.","breadcrumb":{"@id":"https:\/\/www.kblmachinery.com\/steel-molds-for-masa-hess-block-machine\/#breadcrumb"},"inLanguage":"fr-FR","potentialAction":[{"@type":"ReadAction","target":["https:\/\/www.kblmachinery.com\/steel-molds-for-masa-hess-block-machine\/"]}]},{"@type":"ImageObject","inLanguage":"fr-FR","@id":"https:\/\/www.kblmachinery.com\/steel-molds-for-masa-hess-block-machine\/#primaryimage","url":"https:\/\/www.kblmachinery.com\/wp-content\/uploads\/2025\/11\/Germany-Technology-Concrete-Kerbstone-Steel-Mould-for-Masa-Hess-Block-Making-Machine.webp","contentUrl":"https:\/\/www.kblmachinery.com\/wp-content\/uploads\/2025\/11\/Germany-Technology-Concrete-Kerbstone-Steel-Mould-for-Masa-Hess-Block-Making-Machine.webp","width":805,"height":805,"caption":"Germany Technology Concrete Kerbstone Steel Mould for Masa Hess Block Making Machine"},{"@type":"BreadcrumbList","@id":"https:\/\/www.kblmachinery.com\/steel-molds-for-masa-hess-block-machine\/#breadcrumb","itemListElement":[{"@type":"ListItem","position":1,"name":"Home","item":"https:\/\/www.kblmachinery.com\/"},{"@type":"ListItem","position":2,"name":"Steel Molds for MASA HESS Block Machine"}]},{"@type":"WebSite","@id":"https:\/\/www.kblmachinery.com\/#website","url":"https:\/\/www.kblmachinery.com\/","name":"Professional Brick\/Block Making Machine in China","description":"Block Machine Manufacturer - Kimberly Machinery","publisher":{"@id":"https:\/\/www.kblmachinery.com\/#organization"},"potentialAction":[{"@type":"SearchAction","target":{"@type":"EntryPoint","urlTemplate":"https:\/\/www.kblmachinery.com\/?s={search_term_string}"},"query-input":{"@type":"PropertyValueSpecification","valueRequired":true,"valueName":"search_term_string"}}],"inLanguage":"fr-FR"},{"@type":"Organization","@id":"https:\/\/www.kblmachinery.com\/#organization","name":"Quanzhou Kimberly Machinery Manufacturing Co. Ltd","url":"https:\/\/www.kblmachinery.com\/","logo":{"@type":"ImageObject","inLanguage":"fr-FR","@id":"https:\/\/www.kblmachinery.com\/#\/schema\/logo\/image\/","url":"https:\/\/www.kblmachinery.com\/wp-content\/uploads\/2025\/11\/cropped-logo-1-1.png","contentUrl":"https:\/\/www.kblmachinery.com\/wp-content\/uploads\/2025\/11\/cropped-logo-1-1.png","width":123,"height":136,"caption":"Quanzhou Kimberly Machinery Manufacturing Co. Ltd"},"image":{"@id":"https:\/\/www.kblmachinery.com\/#\/schema\/logo\/image\/"},"sameAs":["https:\/\/www.facebook.com\/KimberlyMachinery"]}]}},"_links":{"self":[{"href":"https:\/\/www.kblmachinery.com\/fr\/wp-json\/wp\/v2\/product\/8263","targetHints":{"allow":["GET"]}}],"collection":[{"href":"https:\/\/www.kblmachinery.com\/fr\/wp-json\/wp\/v2\/product"}],"about":[{"href":"https:\/\/www.kblmachinery.com\/fr\/wp-json\/wp\/v2\/types\/product"}],"wp:featuredmedia":[{"embeddable":true,"href":"https:\/\/www.kblmachinery.com\/fr\/wp-json\/wp\/v2\/media\/8264"}],"wp:attachment":[{"href":"https:\/\/www.kblmachinery.com\/fr\/wp-json\/wp\/v2\/media?parent=8263"}],"wp:term":[{"taxonomy":"product_brand","embeddable":true,"href":"https:\/\/www.kblmachinery.com\/fr\/wp-json\/wp\/v2\/product_brand?post=8263"},{"taxonomy":"product_cat","embeddable":true,"href":"https:\/\/www.kblmachinery.com\/fr\/wp-json\/wp\/v2\/product_cat?post=8263"},{"taxonomy":"product_tag","embeddable":true,"href":"https:\/\/www.kblmachinery.com\/fr\/wp-json\/wp\/v2\/product_tag?post=8263"}],"curies":[{"name":"wp","href":"https:\/\/api.w.org\/{rel}","templated":true}]}}