{"id":8286,"date":"2024-08-17T04:20:00","date_gmt":"2024-08-17T04:20:00","guid":{"rendered":"https:\/\/www.kblmachinery.com\/?post_type=product&#038;p=8286"},"modified":"2025-11-28T07:57:48","modified_gmt":"2025-11-28T07:57:48","slug":"slab-mold-kerb-stone-mold-rain-gutter-stone-mold-paving-stone-mold","status":"publish","type":"product","link":"https:\/\/www.kblmachinery.com\/fr\/slab-mold-kerb-stone-mold-rain-gutter-stone-mold-paving-stone-mold\/","title":{"rendered":"Moule \u00e0 briques pleines Moule \u00e0 dalles Pierre de bordure Pierre de caniveau Pavage Fabrication de pierres"},"content":{"rendered":"<h2 data-start=\"0\" data-end=\"98\">La Chine est un fabricant de premier plan de divers moules \u00e0 briques pour blocs de b\u00e9ton destin\u00e9s aux machines de fabrication de blocs.<\/h2>\n<p data-start=\"78\" data-end=\"459\">Kimberly Machinery est un fabricant de premier plan de moules \u00e0 blocs de b\u00e9ton de haute qualit\u00e9 pour les machines de fabrication de blocs. Nos moules sont fabriqu\u00e9s \u00e0 partir d'un alliage d'acier de premi\u00e8re qualit\u00e9 avec des pi\u00e8ces r\u00e9sistantes \u00e0 l'usure, ce qui garantit une durabilit\u00e9 \u00e0 long terme et d'excellentes performances. Nous perfectionnons en permanence nos processus de fabrication afin de fournir des produits de qualit\u00e9 sup\u00e9rieure r\u00e9pondant aux normes internationales.<\/p>\n<h3>1.Type de bloc :<\/h3>\n<p>Nous concevons et fabriquons des moules en acier de haute qualit\u00e9 pour les pav\u00e9s autobloquants, les dalles, les pav\u00e9s perm\u00e9ables, les bordures, les murs de sout\u00e8nement, les blocs creux et les blocs sp\u00e9ciaux. Nous r\u00e9pondons toujours aux exigences de nos clients et proposons \u00e9galement des id\u00e9es novatrices pour am\u00e9liorer vos projets.<\/p>\n<h3>2. mati\u00e8res premi\u00e8res :<\/h3>\n<p>Nous utilisons de l'acier tremp\u00e9 et revenu de premi\u00e8re qualit\u00e9 import\u00e9 d'Italie pour produire nos moules \u00e0 blocs de b\u00e9ton. Nous am\u00e9liorons encore la r\u00e9sistance \u00e0 l'abrasion de l'acier gr\u00e2ce \u00e0 des proc\u00e9d\u00e9s de traitement thermique avanc\u00e9s.<\/p>\n<h3>3.Fabrication Exp\u00e9rience :<\/h3>\n<p>Avec pr\u00e8s de 30 ans d'exp\u00e9rience dans la fabrication, nous servons des clients de nombreux pays. Nous combinons notre expertise avec de l'acier de haute qualit\u00e9 pour nous assurer de fournir des produits de premier ordre \u00e0 tous nos acheteurs.<\/p>\n<h2>Donn\u00e9es techniques du moule :<\/h2>\n<table class=\"tg\" style=\"border-collapse: collapse; border-spacing: 0px; height: 183px;\" width=\"100%\">\n<tbody>\n<tr>\n<td style=\"font-family: Arial, sans-serif; font-size: 14px; overflow: hidden; padding: 10px 5px; text-align: left; vertical-align: top; word-break: normal; border: 1px solid black;\">Nom<\/td>\n<td style=\"font-family: Arial, sans-serif; font-size: 14px; overflow: hidden; padding: 10px 5px; text-align: left; vertical-align: top; word-break: normal; border: 1px solid black;\">moule en briques pleines<\/td>\n<td style=\"font-family: Arial, sans-serif; font-size: 14px; overflow: hidden; padding: 10px 5px; text-align: left; vertical-align: top; word-break: normal; border: 1px solid black;\">Traitement thermique<\/td>\n<td style=\"font-family: Arial, sans-serif; font-size: 14px; overflow: hidden; padding: 10px 5px; text-align: left; vertical-align: top; word-break: normal; border: 1px solid black;\">Carbonitruration 900-950<span style=\"color: #555;\">\u00b0<\/span>C<\/td>\n<\/tr>\n<tr>\n<td style=\"font-family: Arial, sans-serif; font-size: 14px; overflow: hidden; padding: 10px 5px; text-align: left; vertical-align: top; word-break: normal; border: 1px solid black;\">mati\u00e8re premi\u00e8re<\/td>\n<td style=\"font-family: Arial, sans-serif; font-size: 14px; overflow: hidden; padding: 10px 5px; text-align: left; vertical-align: top; word-break: normal; border: 1px solid black;\">acier sp\u00e9cial r\u00e9sistant \u00e0 l'usure<\/td>\n<td style=\"font-family: Arial, sans-serif; font-size: 14px; overflow: hidden; padding: 10px 5px; text-align: left; vertical-align: top; word-break: normal; border: 1px solid black;\">Duret\u00e9<\/td>\n<td style=\"font-family: Arial, sans-serif; font-size: 14px; overflow: hidden; padding: 10px 5px; text-align: left; vertical-align: top; word-break: normal; border: 1px solid black;\">60-65HRC<\/td>\n<\/tr>\n<tr>\n<td style=\"font-family: Arial, sans-serif; font-size: 14px; overflow: hidden; padding: 10px 5px; text-align: left; vertical-align: top; word-break: normal; border: 1px solid black;\">Type de bloc<\/td>\n<td style=\"font-family: Arial, sans-serif; font-size: 14px; overflow: hidden; padding: 10px 5px; text-align: left; vertical-align: top; word-break: normal; border: 1px solid black;\">Les blocs creux, les blocs \u00e0 embo\u00eetement, les pav\u00e9s et les pierres de bordure peuvent tous \u00eatre personnalis\u00e9s.<\/td>\n<td style=\"font-family: Arial, sans-serif; font-size: 14px; overflow: hidden; padding: 10px 5px; text-align: left; vertical-align: top; word-break: normal; border: 1px solid black;\">Code HS<\/td>\n<td style=\"font-family: Arial, sans-serif; font-size: 14px; overflow: hidden; padding: 10px 5px; text-align: left; vertical-align: top; word-break: normal; border: 1px solid black;\">848060<\/td>\n<\/tr>\n<tr>\n<td style=\"font-family: Arial, sans-serif; font-size: 14px; overflow: hidden; padding: 10px 5px; text-align: left; vertical-align: top; word-break: normal; border: 1px solid black;\">dur\u00e9e de vie<\/td>\n<td style=\"font-family: Arial, sans-serif; font-size: 14px; overflow: hidden; padding: 10px 5px; text-align: left; vertical-align: top; word-break: normal; border: 1px solid black;\">100000-120000 fois<\/td>\n<td style=\"font-family: Arial, sans-serif; font-size: 14px; overflow: hidden; padding: 10px 5px; text-align: left; vertical-align: top; word-break: normal; border: 1px solid black;\">Emballage<\/td>\n<td style=\"font-family: Arial, sans-serif; font-size: 14px; overflow: hidden; padding: 10px 5px; text-align: left; vertical-align: top; word-break: normal; border: 1px solid black;\">Bois + film plastique<\/td>\n<\/tr>\n<\/tbody>\n<\/table>\n<h2>FAQ :<\/h2>\n<h3 data-start=\"1295\" data-end=\"1330\">1. Comment puis-je obtenir un devis ?<\/h3>\n<ul data-start=\"1331\" data-end=\"1694\">\n<li data-start=\"1331\" data-end=\"1393\">\n<p data-start=\"1333\" data-end=\"1393\">Envoyez les dessins d\u00e9taill\u00e9s du bloc pour obtenir un devis pr\u00e9cis.<\/p>\n<\/li>\n<li data-start=\"1394\" data-end=\"1529\">\n<p data-start=\"1396\" data-end=\"1529\">Si aucun dessin n'est disponible, indiquez le type de bloc (creux ou plein), une photo et les dimensions (longueur \u00d7 largeur \u00d7 \u00e9paisseur en mm).<\/p>\n<\/li>\n<li data-start=\"1530\" data-end=\"1597\">\n<p data-start=\"1532\" data-end=\"1597\">Faites-nous part de la taille de votre palette, de la taille de la t\u00eate de tamper et de la hauteur du moule de descente.<\/p>\n<\/li>\n<li data-start=\"1598\" data-end=\"1694\">\n<p data-start=\"1600\" data-end=\"1694\">Expliquez comment le moule se connecte \u00e0 votre machine, et fournissez les plans de connexion s'ils sont disponibles.<\/p>\n<\/li>\n<\/ul>\n<h3 data-start=\"1696\" data-end=\"1719\">2. D\u00e9lai de livraison :<\/h3>\n<ul data-start=\"1720\" data-end=\"1813\">\n<li data-start=\"1720\" data-end=\"1773\">\n<p data-start=\"1722\" data-end=\"1773\">Moules standard : 20-25 jours ouvrables apr\u00e8s le d\u00e9p\u00f4t.<\/p>\n<\/li>\n<li data-start=\"1774\" data-end=\"1813\">\n<p data-start=\"1776\" data-end=\"1813\">Moules haut de gamme : 30-40 jours ouvrables.<\/p>\n<\/li>\n<\/ul>\n<h3 data-start=\"1815\" data-end=\"1842\">3. Emballage de transport :<\/h3>\n<ul data-start=\"1843\" data-end=\"1931\">\n<li data-start=\"1843\" data-end=\"1888\">\n<p data-start=\"1845\" data-end=\"1888\">Caisses en bois standard avec film plastique.<\/p>\n<\/li>\n<li data-start=\"1889\" data-end=\"1931\">\n<p data-start=\"1891\" data-end=\"1931\">Emballage personnalis\u00e9 disponible sur demande.<\/p>\n<\/li>\n<\/ul>\n<h3 data-start=\"1933\" data-end=\"1964\">4. Compatibilit\u00e9 avec les machines :<\/h3>\n<ul data-start=\"1965\" data-end=\"2198\">\n<li data-start=\"1965\" data-end=\"2053\">\n<p data-start=\"1967\" data-end=\"2053\">Nous fabriquons des moules pour diff\u00e9rentes marques de machines \u00e0 blocs et tenons des registres d\u00e9taill\u00e9s.<\/p>\n<\/li>\n<li data-start=\"2054\" data-end=\"2198\">\n<p data-start=\"2056\" data-end=\"2198\">Pour confirmation, les ing\u00e9nieurs peuvent prendre des mesures sur place ou vous pouvez envoyer des photos et des mesures sous forme num\u00e9rique. Une fois confirm\u00e9, le moule s'adapte parfaitement.<\/p>\n<\/li>\n<\/ul>\n<h3 data-start=\"2200\" data-end=\"2223\">5. Conditions de paiement :<\/h3>\n<ul data-start=\"2224\" data-end=\"2291\">\n<li data-start=\"2224\" data-end=\"2291\">\n<p data-start=\"2226\" data-end=\"2291\">50% avance via T\/T pour commencer la commande, solde avant chargement.<\/p>\n<\/li>\n<\/ul>\n<h3 data-start=\"2293\" data-end=\"2313\">6. Nous contacter :<\/h3>\n<ul data-start=\"2314\" data-end=\"2367\">\n<li data-start=\"2314\" data-end=\"2367\">\n<p data-start=\"2316\" data-end=\"2367\">WeChat\/WhatsApp : +86-1330506196 \/ +86-18960287187<\/p>\n<\/li>\n<\/ul>\n<p><iframe loading=\"lazy\" title=\"Vid\u00e9o sur le fonctionnement des blocs ICF\" src=\"https:\/\/www.youtube.com\/embed\/czhs2wYoLZg\" width=\"556\" height=\"310\" frameborder=\"0\" allowfullscreen=\"allowfullscreen\"><\/iframe><\/p>","protected":false},"excerpt":{"rendered":"<ul>\n<li data-start=\"0\" data-end=\"80\">Les blocs de briques solides sont des mat\u00e9riaux de construction essentiels pour la construction de b\u00e2timents.<\/li>\n<li data-start=\"0\" data-end=\"80\">Les tailles et les types varient en fonction des types de murs et de l'utilisation sp\u00e9cifique.<\/li>\n<li data-start=\"0\" data-end=\"80\">Nous pouvons personnaliser tous les moules pour r\u00e9pondre aux besoins de votre march\u00e9 local.<\/li>\n<\/ul>\n<table class=\"tg\" style=\"border-collapse: collapse; border-spacing: 0px; height: 280px;\" width=\"100%\">\n<tbody>\n<tr>\n<td style=\"font-family: Arial, sans-serif; font-size: 14px; overflow: hidden; padding: 10px 5px; text-align: left; vertical-align: top; word-break: normal; border: 1px solid black;\">Commande (MOQ) :<\/td>\n<td style=\"font-family: Arial, sans-serif; font-size: 14px; overflow: hidden; padding: 10px 5px; text-align: left; vertical-align: top; word-break: normal; border: 1px solid black;\">1 Ensemble<\/td>\n<\/tr>\n<tr>\n<td style=\"font-family: Arial, sans-serif; font-size: 14px; overflow: hidden; padding: 10px 5px; text-align: left; vertical-align: top; word-break: normal; border: 1px solid black;\">Paiement :<\/td>\n<td style=\"font-family: Arial, sans-serif; font-size: 14px; overflow: hidden; padding: 10px 5px; text-align: left; vertical-align: top; word-break: normal; border: 1px solid black;\">Paiement T\/T 100% avant exp\u00e9dition ou 100% par L\/C confirm\u00e9e et irr\u00e9vocable \u00e0 vue.<\/td>\n<\/tr>\n<tr>\n<td style=\"font-family: Arial, sans-serif; font-size: 14px; overflow: hidden; padding: 10px 5px; text-align: left; vertical-align: top; word-break: normal; border: 1px solid black;\">Origine du produit :<\/td>\n<td style=\"font-family: Arial, sans-serif; font-size: 14px; overflow: hidden; padding: 10px 5px; text-align: left; vertical-align: top; word-break: normal; border: 1px solid black;\">Quanzhou Fujian<\/td>\n<\/tr>\n<tr>\n<td style=\"font-family: Arial, sans-serif; font-size: 14px; overflow: hidden; padding: 10px 5px; text-align: left; vertical-align: top; word-break: normal; border: 1px solid black;\">Couleur :<\/td>\n<td style=\"font-family: Arial, sans-serif; font-size: 14px; overflow: hidden; padding: 10px 5px; text-align: left; vertical-align: top; word-break: normal; border: 1px solid black;\">s'adapter \u00e0 la demande<\/td>\n<\/tr>\n<tr>\n<td style=\"font-family: Arial, sans-serif; font-size: 14px; overflow: hidden; padding: 10px 5px; text-align: left; vertical-align: top; word-break: normal; border: 1px solid black;\">Port d'embarquement :<\/td>\n<td style=\"font-family: Arial, sans-serif; font-size: 14px; overflow: hidden; padding: 10px 5px; text-align: left; vertical-align: top; word-break: normal; border: 1px solid black;\">Xiamen<\/td>\n<\/tr>\n<tr>\n<td style=\"font-family: Arial, sans-serif; font-size: 14px; overflow: hidden; padding: 10px 5px; text-align: left; vertical-align: top; word-break: normal; border: 1px solid black;\">D\u00e9lai d'ex\u00e9cution :<\/td>\n<td style=\"font-family: Arial, sans-serif; font-size: 14px; overflow: hidden; padding: 10px 5px; text-align: left; vertical-align: top; word-break: normal; border: 1px solid black;\">20-25 jours<\/td>\n<\/tr>\n<\/tbody>\n<\/table>\n<p>&nbsp;<\/p>","protected":false},"featured_media":8287,"template":"","meta":[],"product_brand":[],"product_cat":[758,770],"product_tag":[766],"class_list":{"0":"post-8286","1":"product","2":"type-product","3":"status-publish","4":"has-post-thumbnail","6":"product_cat-block-moulds","7":"product_cat-grass-stone-mold","8":"product_tag-grass-stone-mold","10":"first","11":"instock","12":"shipping-taxable","13":"product-type-simple"},"yoast_head":"<!-- This site is optimized with the Yoast SEO plugin v24.4 - https:\/\/yoast.com\/wordpress\/plugins\/seo\/ -->\n<title>Slab &amp; Kerb\u2011Stone Moulds | Concrete Paver Mold Supplier<\/title>\n<meta name=\"description\" content=\"Premium slab, kerb\u2011stone, rain\u2011gutter and paving\u2011stone molds for block machines. Durable, wear\u2011resistant concrete molds from leading Chinese manufacturer.\" \/>\n<meta name=\"robots\" content=\"index, follow, max-snippet:-1, max-image-preview:large, max-video-preview:-1\" \/>\n<link rel=\"canonical\" href=\"https:\/\/www.kblmachinery.com\/fr\/slab-mold-kerb-stone-mold-rain-gutter-stone-mold-paving-stone-mold\/\" \/>\n<meta property=\"og:locale\" content=\"fr_FR\" \/>\n<meta property=\"og:type\" content=\"article\" \/>\n<meta property=\"og:title\" content=\"Slab &amp; Kerb\u2011Stone Moulds | Concrete Paver Mold Supplier\" \/>\n<meta property=\"og:description\" content=\"Premium slab, kerb\u2011stone, rain\u2011gutter and paving\u2011stone molds for block machines. Durable, wear\u2011resistant concrete molds from leading Chinese manufacturer.\" \/>\n<meta property=\"og:url\" content=\"https:\/\/www.kblmachinery.com\/fr\/slab-mold-kerb-stone-mold-rain-gutter-stone-mold-paving-stone-mold\/\" \/>\n<meta property=\"og:site_name\" content=\"Kimberly Machinery\" \/>\n<meta property=\"article:publisher\" content=\"https:\/\/www.facebook.com\/KimberlyMachinery\" \/>\n<meta property=\"article:modified_time\" content=\"2025-11-28T07:57:48+00:00\" \/>\n<meta property=\"og:image\" content=\"https:\/\/www.kblmachinery.com\/wp-content\/uploads\/2025\/11\/Solid-Brick-Mould-Slab-Mold-Kerbstone-Rain-Gutter-Stone-Paving-Stone-Making.webp\" \/>\n\t<meta property=\"og:image:width\" content=\"805\" \/>\n\t<meta property=\"og:image:height\" content=\"805\" \/>\n\t<meta property=\"og:image:type\" content=\"image\/webp\" \/>\n<meta name=\"twitter:card\" content=\"summary_large_image\" \/>\n<meta name=\"twitter:label1\" content=\"Dur\u00e9e de lecture estim\u00e9e\" \/>\n\t<meta name=\"twitter:data1\" content=\"2 minutes\" \/>\n<script type=\"application\/ld+json\" class=\"yoast-schema-graph\">{\"@context\":\"https:\/\/schema.org\",\"@graph\":[{\"@type\":\"WebPage\",\"@id\":\"https:\/\/www.kblmachinery.com\/slab-mold-kerb-stone-mold-rain-gutter-stone-mold-paving-stone-mold\/\",\"url\":\"https:\/\/www.kblmachinery.com\/slab-mold-kerb-stone-mold-rain-gutter-stone-mold-paving-stone-mold\/\",\"name\":\"Slab & Kerb\u2011Stone Moulds | Concrete Paver Mold Supplier\",\"isPartOf\":{\"@id\":\"https:\/\/www.kblmachinery.com\/#website\"},\"primaryImageOfPage\":{\"@id\":\"https:\/\/www.kblmachinery.com\/slab-mold-kerb-stone-mold-rain-gutter-stone-mold-paving-stone-mold\/#primaryimage\"},\"image\":{\"@id\":\"https:\/\/www.kblmachinery.com\/slab-mold-kerb-stone-mold-rain-gutter-stone-mold-paving-stone-mold\/#primaryimage\"},\"thumbnailUrl\":\"https:\/\/www.kblmachinery.com\/wp-content\/uploads\/2025\/11\/Solid-Brick-Mould-Slab-Mold-Kerbstone-Rain-Gutter-Stone-Paving-Stone-Making.webp\",\"datePublished\":\"2024-08-17T04:20:00+00:00\",\"dateModified\":\"2025-11-28T07:57:48+00:00\",\"description\":\"Premium slab, kerb\u2011stone, rain\u2011gutter and paving\u2011stone molds for block machines. Durable, wear\u2011resistant concrete molds from leading Chinese manufacturer.\",\"breadcrumb\":{\"@id\":\"https:\/\/www.kblmachinery.com\/slab-mold-kerb-stone-mold-rain-gutter-stone-mold-paving-stone-mold\/#breadcrumb\"},\"inLanguage\":\"fr-FR\",\"potentialAction\":[{\"@type\":\"ReadAction\",\"target\":[\"https:\/\/www.kblmachinery.com\/slab-mold-kerb-stone-mold-rain-gutter-stone-mold-paving-stone-mold\/\"]}]},{\"@type\":\"ImageObject\",\"inLanguage\":\"fr-FR\",\"@id\":\"https:\/\/www.kblmachinery.com\/slab-mold-kerb-stone-mold-rain-gutter-stone-mold-paving-stone-mold\/#primaryimage\",\"url\":\"https:\/\/www.kblmachinery.com\/wp-content\/uploads\/2025\/11\/Solid-Brick-Mould-Slab-Mold-Kerbstone-Rain-Gutter-Stone-Paving-Stone-Making.webp\",\"contentUrl\":\"https:\/\/www.kblmachinery.com\/wp-content\/uploads\/2025\/11\/Solid-Brick-Mould-Slab-Mold-Kerbstone-Rain-Gutter-Stone-Paving-Stone-Making.webp\",\"width\":805,\"height\":805,\"caption\":\"Solid Brick Mould Slab Mold Kerbstone Rain Gutter Stone Paving Stone Making\"},{\"@type\":\"BreadcrumbList\",\"@id\":\"https:\/\/www.kblmachinery.com\/slab-mold-kerb-stone-mold-rain-gutter-stone-mold-paving-stone-mold\/#breadcrumb\",\"itemListElement\":[{\"@type\":\"ListItem\",\"position\":1,\"name\":\"Home\",\"item\":\"https:\/\/www.kblmachinery.com\/\"},{\"@type\":\"ListItem\",\"position\":2,\"name\":\"Solid Brick Mould Slab Mold Kerbstone Rain Gutter Stone Paving Stone Making\"}]},{\"@type\":\"WebSite\",\"@id\":\"https:\/\/www.kblmachinery.com\/#website\",\"url\":\"https:\/\/www.kblmachinery.com\/\",\"name\":\"Professional Brick\/Block Making Machine in China\",\"description\":\"Block Machine Manufacturer - Kimberly Machinery\",\"publisher\":{\"@id\":\"https:\/\/www.kblmachinery.com\/#organization\"},\"potentialAction\":[{\"@type\":\"SearchAction\",\"target\":{\"@type\":\"EntryPoint\",\"urlTemplate\":\"https:\/\/www.kblmachinery.com\/?s={search_term_string}\"},\"query-input\":{\"@type\":\"PropertyValueSpecification\",\"valueRequired\":true,\"valueName\":\"search_term_string\"}}],\"inLanguage\":\"fr-FR\"},{\"@type\":\"Organization\",\"@id\":\"https:\/\/www.kblmachinery.com\/#organization\",\"name\":\"Quanzhou Kimberly Machinery Manufacturing Co. Ltd\",\"url\":\"https:\/\/www.kblmachinery.com\/\",\"logo\":{\"@type\":\"ImageObject\",\"inLanguage\":\"fr-FR\",\"@id\":\"https:\/\/www.kblmachinery.com\/#\/schema\/logo\/image\/\",\"url\":\"https:\/\/www.kblmachinery.com\/wp-content\/uploads\/2025\/11\/cropped-logo-1-1.png\",\"contentUrl\":\"https:\/\/www.kblmachinery.com\/wp-content\/uploads\/2025\/11\/cropped-logo-1-1.png\",\"width\":123,\"height\":136,\"caption\":\"Quanzhou Kimberly Machinery Manufacturing Co. Ltd\"},\"image\":{\"@id\":\"https:\/\/www.kblmachinery.com\/#\/schema\/logo\/image\/\"},\"sameAs\":[\"https:\/\/www.facebook.com\/KimberlyMachinery\"]}]}<\/script>\n<!-- \/ Yoast SEO plugin. -->","yoast_head_json":{"title":"Slab & Kerb\u2011Stone Moulds | Concrete Paver Mold Supplier","description":"Premium slab, kerb\u2011stone, rain\u2011gutter and paving\u2011stone molds for block machines. Durable, wear\u2011resistant concrete molds from leading Chinese manufacturer.","robots":{"index":"index","follow":"follow","max-snippet":"max-snippet:-1","max-image-preview":"max-image-preview:large","max-video-preview":"max-video-preview:-1"},"canonical":"https:\/\/www.kblmachinery.com\/fr\/slab-mold-kerb-stone-mold-rain-gutter-stone-mold-paving-stone-mold\/","og_locale":"fr_FR","og_type":"article","og_title":"Slab & Kerb\u2011Stone Moulds | Concrete Paver Mold Supplier","og_description":"Premium slab, kerb\u2011stone, rain\u2011gutter and paving\u2011stone molds for block machines. Durable, wear\u2011resistant concrete molds from leading Chinese manufacturer.","og_url":"https:\/\/www.kblmachinery.com\/fr\/slab-mold-kerb-stone-mold-rain-gutter-stone-mold-paving-stone-mold\/","og_site_name":"Kimberly Machinery","article_publisher":"https:\/\/www.facebook.com\/KimberlyMachinery","article_modified_time":"2025-11-28T07:57:48+00:00","og_image":[{"width":805,"height":805,"url":"https:\/\/www.kblmachinery.com\/wp-content\/uploads\/2025\/11\/Solid-Brick-Mould-Slab-Mold-Kerbstone-Rain-Gutter-Stone-Paving-Stone-Making.webp","type":"image\/webp"}],"twitter_card":"summary_large_image","twitter_misc":{"Dur\u00e9e de lecture estim\u00e9e":"2 minutes"},"schema":{"@context":"https:\/\/schema.org","@graph":[{"@type":"WebPage","@id":"https:\/\/www.kblmachinery.com\/slab-mold-kerb-stone-mold-rain-gutter-stone-mold-paving-stone-mold\/","url":"https:\/\/www.kblmachinery.com\/slab-mold-kerb-stone-mold-rain-gutter-stone-mold-paving-stone-mold\/","name":"Slab & Kerb\u2011Stone Moulds | Concrete Paver Mold Supplier","isPartOf":{"@id":"https:\/\/www.kblmachinery.com\/#website"},"primaryImageOfPage":{"@id":"https:\/\/www.kblmachinery.com\/slab-mold-kerb-stone-mold-rain-gutter-stone-mold-paving-stone-mold\/#primaryimage"},"image":{"@id":"https:\/\/www.kblmachinery.com\/slab-mold-kerb-stone-mold-rain-gutter-stone-mold-paving-stone-mold\/#primaryimage"},"thumbnailUrl":"https:\/\/www.kblmachinery.com\/wp-content\/uploads\/2025\/11\/Solid-Brick-Mould-Slab-Mold-Kerbstone-Rain-Gutter-Stone-Paving-Stone-Making.webp","datePublished":"2024-08-17T04:20:00+00:00","dateModified":"2025-11-28T07:57:48+00:00","description":"Premium slab, kerb\u2011stone, rain\u2011gutter and paving\u2011stone molds for block machines. Durable, wear\u2011resistant concrete molds from leading Chinese manufacturer.","breadcrumb":{"@id":"https:\/\/www.kblmachinery.com\/slab-mold-kerb-stone-mold-rain-gutter-stone-mold-paving-stone-mold\/#breadcrumb"},"inLanguage":"fr-FR","potentialAction":[{"@type":"ReadAction","target":["https:\/\/www.kblmachinery.com\/slab-mold-kerb-stone-mold-rain-gutter-stone-mold-paving-stone-mold\/"]}]},{"@type":"ImageObject","inLanguage":"fr-FR","@id":"https:\/\/www.kblmachinery.com\/slab-mold-kerb-stone-mold-rain-gutter-stone-mold-paving-stone-mold\/#primaryimage","url":"https:\/\/www.kblmachinery.com\/wp-content\/uploads\/2025\/11\/Solid-Brick-Mould-Slab-Mold-Kerbstone-Rain-Gutter-Stone-Paving-Stone-Making.webp","contentUrl":"https:\/\/www.kblmachinery.com\/wp-content\/uploads\/2025\/11\/Solid-Brick-Mould-Slab-Mold-Kerbstone-Rain-Gutter-Stone-Paving-Stone-Making.webp","width":805,"height":805,"caption":"Solid Brick Mould Slab Mold Kerbstone Rain Gutter Stone Paving Stone Making"},{"@type":"BreadcrumbList","@id":"https:\/\/www.kblmachinery.com\/slab-mold-kerb-stone-mold-rain-gutter-stone-mold-paving-stone-mold\/#breadcrumb","itemListElement":[{"@type":"ListItem","position":1,"name":"Home","item":"https:\/\/www.kblmachinery.com\/"},{"@type":"ListItem","position":2,"name":"Solid Brick Mould Slab Mold Kerbstone Rain Gutter Stone Paving Stone Making"}]},{"@type":"WebSite","@id":"https:\/\/www.kblmachinery.com\/#website","url":"https:\/\/www.kblmachinery.com\/","name":"Professional Brick\/Block Making Machine in China","description":"Block Machine Manufacturer - Kimberly Machinery","publisher":{"@id":"https:\/\/www.kblmachinery.com\/#organization"},"potentialAction":[{"@type":"SearchAction","target":{"@type":"EntryPoint","urlTemplate":"https:\/\/www.kblmachinery.com\/?s={search_term_string}"},"query-input":{"@type":"PropertyValueSpecification","valueRequired":true,"valueName":"search_term_string"}}],"inLanguage":"fr-FR"},{"@type":"Organization","@id":"https:\/\/www.kblmachinery.com\/#organization","name":"Quanzhou Kimberly Machinery Manufacturing Co. Ltd","url":"https:\/\/www.kblmachinery.com\/","logo":{"@type":"ImageObject","inLanguage":"fr-FR","@id":"https:\/\/www.kblmachinery.com\/#\/schema\/logo\/image\/","url":"https:\/\/www.kblmachinery.com\/wp-content\/uploads\/2025\/11\/cropped-logo-1-1.png","contentUrl":"https:\/\/www.kblmachinery.com\/wp-content\/uploads\/2025\/11\/cropped-logo-1-1.png","width":123,"height":136,"caption":"Quanzhou Kimberly Machinery Manufacturing Co. Ltd"},"image":{"@id":"https:\/\/www.kblmachinery.com\/#\/schema\/logo\/image\/"},"sameAs":["https:\/\/www.facebook.com\/KimberlyMachinery"]}]}},"_links":{"self":[{"href":"https:\/\/www.kblmachinery.com\/fr\/wp-json\/wp\/v2\/product\/8286","targetHints":{"allow":["GET"]}}],"collection":[{"href":"https:\/\/www.kblmachinery.com\/fr\/wp-json\/wp\/v2\/product"}],"about":[{"href":"https:\/\/www.kblmachinery.com\/fr\/wp-json\/wp\/v2\/types\/product"}],"wp:featuredmedia":[{"embeddable":true,"href":"https:\/\/www.kblmachinery.com\/fr\/wp-json\/wp\/v2\/media\/8287"}],"wp:attachment":[{"href":"https:\/\/www.kblmachinery.com\/fr\/wp-json\/wp\/v2\/media?parent=8286"}],"wp:term":[{"taxonomy":"product_brand","embeddable":true,"href":"https:\/\/www.kblmachinery.com\/fr\/wp-json\/wp\/v2\/product_brand?post=8286"},{"taxonomy":"product_cat","embeddable":true,"href":"https:\/\/www.kblmachinery.com\/fr\/wp-json\/wp\/v2\/product_cat?post=8286"},{"taxonomy":"product_tag","embeddable":true,"href":"https:\/\/www.kblmachinery.com\/fr\/wp-json\/wp\/v2\/product_tag?post=8286"}],"curies":[{"name":"wp","href":"https:\/\/api.w.org\/{rel}","templated":true}]}}