{"id":8288,"date":"2024-08-18T01:33:00","date_gmt":"2024-08-18T01:33:00","guid":{"rendered":"https:\/\/www.kblmachinery.com\/?post_type=product&#038;p=8288"},"modified":"2025-11-28T06:58:31","modified_gmt":"2025-11-28T06:58:31","slug":"low-level-block-palletzing-cuber","status":"publish","type":"product","link":"https:\/\/www.kblmachinery.com\/fr\/low-level-block-palletzing-cuber\/","title":{"rendered":"Palettisation de blocs de bas niveau Cuber"},"content":{"rendered":"<h2>Aper\u00e7u du produit<\/h2>\n<table class=\"tg\" style=\"border-collapse: collapse; border-spacing: 0;\">\n<thead>\n<tr>\n<th style=\"font-family: Arial, sans-serif; font-size: 14px; font-weight: normal; overflow: hidden; padding: 10px 5px; text-align: left; vertical-align: top; word-break: normal; border: 1px solid black;\">Type de bloc<\/th>\n<th style=\"font-family: Arial, sans-serif; font-size: 14px; font-weight: normal; overflow: hidden; padding: 10px 5px; text-align: left; vertical-align: top; word-break: normal; border: 1px solid black;\">Taille du bloc<\/th>\n<th style=\"font-family: Arial, sans-serif; font-size: 14px; font-weight: normal; overflow: hidden; padding: 10px 5px; text-align: left; vertical-align: top; word-break: normal; border: 1px solid black;\">La taille du bloc et la vitesse 1<\/th>\n<th style=\"font-family: Arial, sans-serif; font-size: 14px; font-weight: normal; overflow: hidden; padding: 10px 5px; text-align: left; vertical-align: top; word-break: normal; border: 1px solid black;\">La taille du r\u00e9glage du bloc et la vitesse 2<\/th>\n<\/tr>\n<\/thead>\n<tbody>\n<tr>\n<td style=\"font-family: Arial, sans-serif; font-size: 14px; overflow: hidden; padding: 10px 5px; text-align: left; vertical-align: top; word-break: normal; border: 1px solid black;\">Brique pleine<\/td>\n<td style=\"font-family: Arial, sans-serif; font-size: 14px; overflow: hidden; padding: 10px 5px; text-align: left; vertical-align: top; word-break: normal; border: 1px solid black;\"><span style=\"font-weight: inherit; font-style: inherit;\">240*115*50mm<\/span><\/td>\n<td style=\"font-family: Arial, sans-serif; font-size: 14px; overflow: hidden; padding: 10px 5px; text-align: left; vertical-align: top; word-break: normal; border: 1px solid black;\">76 pi\u00e8ces par couche (une couche est de 960*960 mm) ; 888 pi\u00e8ces par pile (12 couches par pile) ; 15960 pi\u00e8ces par heure.<\/td>\n<td style=\"font-family: Arial, sans-serif; font-size: 14px; overflow: hidden; padding: 10px 5px; text-align: left; vertical-align: top; word-break: normal; border: 1px solid black;\">120 pcs\/couche (une couche est de 1200*1200mm);1416 pcs\/empilement (12 couches\/empilement);20160 pcs\/heure.<\/td>\n<\/tr>\n<tr>\n<td style=\"font-family: Arial, sans-serif; font-size: 14px; overflow: hidden; padding: 10px 5px; text-align: left; vertical-align: top; word-break: normal; border: 1px solid black;\">Pav\u00e9 de briques<\/td>\n<td style=\"font-family: Arial, sans-serif; font-size: 14px; overflow: hidden; padding: 10px 5px; text-align: left; vertical-align: top; word-break: normal; border: 1px solid black;\"><span style=\"font-weight: inherit; font-style: inherit;\">200*100*60mm<\/span><\/td>\n<td style=\"font-family: Arial, sans-serif; font-size: 14px; overflow: hidden; padding: 10px 5px; text-align: left; vertical-align: top; word-break: normal; border: 1px solid black;\">32 pi\u00e8ces\/couche (une couche est de 800*800mm) ; 692 pi\u00e8ces\/empilement (22 couches\/empilement) ; 6720 pi\u00e8ces\/heure.<\/td>\n<td style=\"font-family: Arial, sans-serif; font-size: 14px; overflow: hidden; padding: 10px 5px; text-align: left; vertical-align: top; word-break: normal; border: 1px solid black;\">50 pi\u00e8ces\/couche (une couche est de 1000*1000mm) ; 1085 pi\u00e8ces\/empilement (22 couches\/empilement) ; 10500 pi\u00e8ces\/heure.<\/td>\n<\/tr>\n<tr>\n<td style=\"font-family: Arial, sans-serif; font-size: 14px; overflow: hidden; padding: 10px 5px; text-align: left; vertical-align: top; word-break: normal; border: 1px solid black;\">Bloc creux<\/td>\n<td style=\"font-family: Arial, sans-serif; font-size: 14px; overflow: hidden; padding: 10px 5px; text-align: left; vertical-align: top; word-break: normal; border: 1px solid black;\"><span style=\"font-weight: inherit; font-style: inherit;\">400*200*200mm<\/span><\/td>\n<td style=\"font-family: Arial, sans-serif; font-size: 14px; overflow: hidden; padding: 10px 5px; text-align: left; vertical-align: top; word-break: normal; border: 1px solid black;\">8 pi\u00e8ces\/couche (une couche est de 800*800mm) ; 54 pi\u00e8ces\/empilement (7 couches\/empilement) ; 1680 pi\u00e8ces\/heure.<\/td>\n<td style=\"font-family: Arial, sans-serif; font-size: 14px; overflow: hidden; padding: 10px 5px; text-align: left; vertical-align: top; word-break: normal; border: 1px solid black;\">18 pi\u00e8ces\/couche (une couche est de 1200*1200mm) ; 120 pi\u00e8ces\/empilement (7 couches\/empilement) ; 3780 pi\u00e8ces\/heure.<\/td>\n<\/tr>\n<\/tbody>\n<\/table>\n<p>Le syst\u00e8me d'emballage de blocs secs \u00e0 trous pr\u00e9form\u00e9s XX-MD 1200 convient \u00e0 la palettisation de blocs secs finis de la ligne de production de blocs simples, appartenant \u00e0 la ligne de production de palettisation semi-automatique, qui est install\u00e9e de mani\u00e8re ind\u00e9pendante pr\u00e8s de la cour de maintenance des produits, et peut \u00e9galement \u00eatre connect\u00e9e en s\u00e9rie dans la ligne de production de blocs pour mettre en \u0153uvre la palettisation en ligne.<\/p>\n<h2>Processus de travail :<\/h2>\n<p>The automatic preformed-holes dry block packing system can separate the bricks of different types and specifications produced by different types of brick machines, reassemble the blocks, and finally form a square stack of about one meter. Cross palletizing is carried out, and the fork brick hole position can be generated automatically according to the need. The palletizing height can be up to 1450mm.<\/p>\n<p>After the palletizing is completed, it can be palletized and output through a heavy chain conveyor, which can be packed manually or equipped with an automatic baling machine. Each node on the whole production line has a pre-stored position to save the forklift running time.<\/p>\n<h2>Inspection et entretien :<\/h2>\n<p>L'ensemble du syst\u00e8me adopte un contr\u00f4le PLC et un \u00e9cran tactile, coop\u00e8re avec l'induction laser et le capteur intelligent pour r\u00e9aliser un fonctionnement automatique sans personnel, et arr\u00eate automatiquement l'alarme et affiche l'emplacement du d\u00e9faut lorsqu'un d\u00e9faut se produit, ce qui peut \u00eatre facilement \u00e9limin\u00e9 sans personnel professionnel et technique. Deux \u00e0 quatre personnes seulement peuvent couvrir l'ensemble du travail de collecte des briques, ce qui permet de r\u00e9duire consid\u00e9rablement les co\u00fbts de main-d'\u0153uvre. \u00c9quip\u00e9s de syst\u00e8mes de contr\u00f4le \u00e0 distance et d'\u00e9quipements de donn\u00e9es en nuage, les fabricants peuvent r\u00e9soudre tous les probl\u00e8mes au bureau, \u00e0 tout moment.<\/p>\n<h2>Principe de fonctionnement :<\/h2>\n<p>Le fonctionnement de l'\u00e9quipement est contr\u00f4l\u00e9 respectivement par l'\u00e9lectricit\u00e9, le gaz et le liquide, qui n'interf\u00e8rent pas entre eux et agissent de mani\u00e8re coh\u00e9rente.<\/p>\n<h2>Dur\u00e9e de vie :<\/h2>\n<p>Plus de 6~10 ans, faible co\u00fbt d'entretien.<\/p>","protected":false},"excerpt":{"rendered":"<ul>\n<li>Dur\u00e9e du cycle : 15 secondes pour les blocs d'une couche<\/li>\n<li>Capacit\u00e9 de production : 2000~2500 moules\/8 heures.<\/li>\n<\/ul>","protected":false},"featured_media":8289,"template":"","meta":[],"product_brand":[],"product_cat":[772],"product_tag":[],"class_list":{"0":"post-8288","1":"product","2":"type-product","3":"status-publish","4":"has-post-thumbnail","6":"product_cat-block-palletizer","8":"first","9":"instock","10":"shipping-taxable","11":"product-type-simple"},"yoast_head":"<!-- This site is optimized with the Yoast SEO plugin v24.4 - https:\/\/yoast.com\/wordpress\/plugins\/seo\/ -->\n<title>Low Level-Block Palletzing Cuber - Kimberly Machinery<\/title>\n<meta name=\"description\" content=\"china Low Level-Block Palletzing Cuber manufacturer provides auto concrete block machines, hydraulic press series block machines, concrete mixer, batching machine with wholesale price.\" \/>\n<meta name=\"robots\" content=\"index, follow, max-snippet:-1, max-image-preview:large, max-video-preview:-1\" \/>\n<link rel=\"canonical\" href=\"https:\/\/www.kblmachinery.com\/fr\/low-level-block-palletzing-cuber\/\" \/>\n<meta property=\"og:locale\" content=\"fr_FR\" \/>\n<meta property=\"og:type\" content=\"article\" \/>\n<meta property=\"og:title\" content=\"Low Level-Block Palletzing Cuber - Kimberly Machinery\" \/>\n<meta property=\"og:description\" content=\"china Low Level-Block Palletzing Cuber manufacturer provides auto concrete block machines, hydraulic press series block machines, concrete mixer, batching machine with wholesale price.\" \/>\n<meta property=\"og:url\" content=\"https:\/\/www.kblmachinery.com\/fr\/low-level-block-palletzing-cuber\/\" \/>\n<meta property=\"og:site_name\" content=\"Kimberly Machinery\" \/>\n<meta property=\"article:publisher\" content=\"https:\/\/www.facebook.com\/KimberlyMachinery\" \/>\n<meta property=\"article:modified_time\" content=\"2025-11-28T06:58:31+00:00\" \/>\n<meta property=\"og:image\" content=\"https:\/\/www.kblmachinery.com\/wp-content\/uploads\/2025\/11\/Low-Level-Block-Palletzing-Cuber-1.webp\" \/>\n\t<meta property=\"og:image:width\" content=\"800\" \/>\n\t<meta property=\"og:image:height\" content=\"800\" \/>\n\t<meta property=\"og:image:type\" content=\"image\/webp\" \/>\n<meta name=\"twitter:card\" content=\"summary_large_image\" \/>\n<meta name=\"twitter:label1\" content=\"Dur\u00e9e de lecture estim\u00e9e\" \/>\n\t<meta name=\"twitter:data1\" content=\"2 minutes\" \/>\n<script type=\"application\/ld+json\" class=\"yoast-schema-graph\">{\"@context\":\"https:\/\/schema.org\",\"@graph\":[{\"@type\":\"WebPage\",\"@id\":\"https:\/\/www.kblmachinery.com\/low-level-block-palletzing-cuber\/\",\"url\":\"https:\/\/www.kblmachinery.com\/low-level-block-palletzing-cuber\/\",\"name\":\"Low Level-Block Palletzing Cuber - Kimberly Machinery\",\"isPartOf\":{\"@id\":\"https:\/\/www.kblmachinery.com\/#website\"},\"primaryImageOfPage\":{\"@id\":\"https:\/\/www.kblmachinery.com\/low-level-block-palletzing-cuber\/#primaryimage\"},\"image\":{\"@id\":\"https:\/\/www.kblmachinery.com\/low-level-block-palletzing-cuber\/#primaryimage\"},\"thumbnailUrl\":\"https:\/\/www.kblmachinery.com\/wp-content\/uploads\/2025\/11\/Low-Level-Block-Palletzing-Cuber-1.webp\",\"datePublished\":\"2024-08-18T01:33:00+00:00\",\"dateModified\":\"2025-11-28T06:58:31+00:00\",\"description\":\"china Low Level-Block Palletzing Cuber manufacturer provides auto concrete block machines, hydraulic press series block machines, concrete mixer, batching machine with wholesale price.\",\"breadcrumb\":{\"@id\":\"https:\/\/www.kblmachinery.com\/low-level-block-palletzing-cuber\/#breadcrumb\"},\"inLanguage\":\"fr-FR\",\"potentialAction\":[{\"@type\":\"ReadAction\",\"target\":[\"https:\/\/www.kblmachinery.com\/low-level-block-palletzing-cuber\/\"]}]},{\"@type\":\"ImageObject\",\"inLanguage\":\"fr-FR\",\"@id\":\"https:\/\/www.kblmachinery.com\/low-level-block-palletzing-cuber\/#primaryimage\",\"url\":\"https:\/\/www.kblmachinery.com\/wp-content\/uploads\/2025\/11\/Low-Level-Block-Palletzing-Cuber-1.webp\",\"contentUrl\":\"https:\/\/www.kblmachinery.com\/wp-content\/uploads\/2025\/11\/Low-Level-Block-Palletzing-Cuber-1.webp\",\"width\":800,\"height\":800,\"caption\":\"Low Level-Block Palletzing Cuber (1)\"},{\"@type\":\"BreadcrumbList\",\"@id\":\"https:\/\/www.kblmachinery.com\/low-level-block-palletzing-cuber\/#breadcrumb\",\"itemListElement\":[{\"@type\":\"ListItem\",\"position\":1,\"name\":\"Home\",\"item\":\"https:\/\/www.kblmachinery.com\/\"},{\"@type\":\"ListItem\",\"position\":2,\"name\":\"Low Level-Block Palletzing Cuber\"}]},{\"@type\":\"WebSite\",\"@id\":\"https:\/\/www.kblmachinery.com\/#website\",\"url\":\"https:\/\/www.kblmachinery.com\/\",\"name\":\"Professional Brick\/Block Making Machine in China\",\"description\":\"Block Machine Manufacturer - Kimberly Machinery\",\"publisher\":{\"@id\":\"https:\/\/www.kblmachinery.com\/#organization\"},\"potentialAction\":[{\"@type\":\"SearchAction\",\"target\":{\"@type\":\"EntryPoint\",\"urlTemplate\":\"https:\/\/www.kblmachinery.com\/?s={search_term_string}\"},\"query-input\":{\"@type\":\"PropertyValueSpecification\",\"valueRequired\":true,\"valueName\":\"search_term_string\"}}],\"inLanguage\":\"fr-FR\"},{\"@type\":\"Organization\",\"@id\":\"https:\/\/www.kblmachinery.com\/#organization\",\"name\":\"Quanzhou Kimberly Machinery Manufacturing Co. Ltd\",\"url\":\"https:\/\/www.kblmachinery.com\/\",\"logo\":{\"@type\":\"ImageObject\",\"inLanguage\":\"fr-FR\",\"@id\":\"https:\/\/www.kblmachinery.com\/#\/schema\/logo\/image\/\",\"url\":\"https:\/\/www.kblmachinery.com\/wp-content\/uploads\/2025\/11\/cropped-logo-1-1.png\",\"contentUrl\":\"https:\/\/www.kblmachinery.com\/wp-content\/uploads\/2025\/11\/cropped-logo-1-1.png\",\"width\":123,\"height\":136,\"caption\":\"Quanzhou Kimberly Machinery Manufacturing Co. Ltd\"},\"image\":{\"@id\":\"https:\/\/www.kblmachinery.com\/#\/schema\/logo\/image\/\"},\"sameAs\":[\"https:\/\/www.facebook.com\/KimberlyMachinery\"]}]}<\/script>\n<!-- \/ Yoast SEO plugin. -->","yoast_head_json":{"title":"Low Level-Block Palletzing Cuber - Kimberly Machinery","description":"china Low Level-Block Palletzing Cuber manufacturer provides auto concrete block machines, hydraulic press series block machines, concrete mixer, batching machine with wholesale price.","robots":{"index":"index","follow":"follow","max-snippet":"max-snippet:-1","max-image-preview":"max-image-preview:large","max-video-preview":"max-video-preview:-1"},"canonical":"https:\/\/www.kblmachinery.com\/fr\/low-level-block-palletzing-cuber\/","og_locale":"fr_FR","og_type":"article","og_title":"Low Level-Block Palletzing Cuber - Kimberly Machinery","og_description":"china Low Level-Block Palletzing Cuber manufacturer provides auto concrete block machines, hydraulic press series block machines, concrete mixer, batching machine with wholesale price.","og_url":"https:\/\/www.kblmachinery.com\/fr\/low-level-block-palletzing-cuber\/","og_site_name":"Kimberly Machinery","article_publisher":"https:\/\/www.facebook.com\/KimberlyMachinery","article_modified_time":"2025-11-28T06:58:31+00:00","og_image":[{"width":800,"height":800,"url":"https:\/\/www.kblmachinery.com\/wp-content\/uploads\/2025\/11\/Low-Level-Block-Palletzing-Cuber-1.webp","type":"image\/webp"}],"twitter_card":"summary_large_image","twitter_misc":{"Dur\u00e9e de lecture estim\u00e9e":"2 minutes"},"schema":{"@context":"https:\/\/schema.org","@graph":[{"@type":"WebPage","@id":"https:\/\/www.kblmachinery.com\/low-level-block-palletzing-cuber\/","url":"https:\/\/www.kblmachinery.com\/low-level-block-palletzing-cuber\/","name":"Low Level-Block Palletzing Cuber - Kimberly Machinery","isPartOf":{"@id":"https:\/\/www.kblmachinery.com\/#website"},"primaryImageOfPage":{"@id":"https:\/\/www.kblmachinery.com\/low-level-block-palletzing-cuber\/#primaryimage"},"image":{"@id":"https:\/\/www.kblmachinery.com\/low-level-block-palletzing-cuber\/#primaryimage"},"thumbnailUrl":"https:\/\/www.kblmachinery.com\/wp-content\/uploads\/2025\/11\/Low-Level-Block-Palletzing-Cuber-1.webp","datePublished":"2024-08-18T01:33:00+00:00","dateModified":"2025-11-28T06:58:31+00:00","description":"china Low Level-Block Palletzing Cuber manufacturer provides auto concrete block machines, hydraulic press series block machines, concrete mixer, batching machine with wholesale price.","breadcrumb":{"@id":"https:\/\/www.kblmachinery.com\/low-level-block-palletzing-cuber\/#breadcrumb"},"inLanguage":"fr-FR","potentialAction":[{"@type":"ReadAction","target":["https:\/\/www.kblmachinery.com\/low-level-block-palletzing-cuber\/"]}]},{"@type":"ImageObject","inLanguage":"fr-FR","@id":"https:\/\/www.kblmachinery.com\/low-level-block-palletzing-cuber\/#primaryimage","url":"https:\/\/www.kblmachinery.com\/wp-content\/uploads\/2025\/11\/Low-Level-Block-Palletzing-Cuber-1.webp","contentUrl":"https:\/\/www.kblmachinery.com\/wp-content\/uploads\/2025\/11\/Low-Level-Block-Palletzing-Cuber-1.webp","width":800,"height":800,"caption":"Low Level-Block Palletzing Cuber (1)"},{"@type":"BreadcrumbList","@id":"https:\/\/www.kblmachinery.com\/low-level-block-palletzing-cuber\/#breadcrumb","itemListElement":[{"@type":"ListItem","position":1,"name":"Home","item":"https:\/\/www.kblmachinery.com\/"},{"@type":"ListItem","position":2,"name":"Low Level-Block Palletzing Cuber"}]},{"@type":"WebSite","@id":"https:\/\/www.kblmachinery.com\/#website","url":"https:\/\/www.kblmachinery.com\/","name":"Professional Brick\/Block Making Machine in China","description":"Block Machine Manufacturer - Kimberly Machinery","publisher":{"@id":"https:\/\/www.kblmachinery.com\/#organization"},"potentialAction":[{"@type":"SearchAction","target":{"@type":"EntryPoint","urlTemplate":"https:\/\/www.kblmachinery.com\/?s={search_term_string}"},"query-input":{"@type":"PropertyValueSpecification","valueRequired":true,"valueName":"search_term_string"}}],"inLanguage":"fr-FR"},{"@type":"Organization","@id":"https:\/\/www.kblmachinery.com\/#organization","name":"Quanzhou Kimberly Machinery Manufacturing Co. Ltd","url":"https:\/\/www.kblmachinery.com\/","logo":{"@type":"ImageObject","inLanguage":"fr-FR","@id":"https:\/\/www.kblmachinery.com\/#\/schema\/logo\/image\/","url":"https:\/\/www.kblmachinery.com\/wp-content\/uploads\/2025\/11\/cropped-logo-1-1.png","contentUrl":"https:\/\/www.kblmachinery.com\/wp-content\/uploads\/2025\/11\/cropped-logo-1-1.png","width":123,"height":136,"caption":"Quanzhou Kimberly Machinery Manufacturing Co. Ltd"},"image":{"@id":"https:\/\/www.kblmachinery.com\/#\/schema\/logo\/image\/"},"sameAs":["https:\/\/www.facebook.com\/KimberlyMachinery"]}]}},"_links":{"self":[{"href":"https:\/\/www.kblmachinery.com\/fr\/wp-json\/wp\/v2\/product\/8288","targetHints":{"allow":["GET"]}}],"collection":[{"href":"https:\/\/www.kblmachinery.com\/fr\/wp-json\/wp\/v2\/product"}],"about":[{"href":"https:\/\/www.kblmachinery.com\/fr\/wp-json\/wp\/v2\/types\/product"}],"wp:featuredmedia":[{"embeddable":true,"href":"https:\/\/www.kblmachinery.com\/fr\/wp-json\/wp\/v2\/media\/8289"}],"wp:attachment":[{"href":"https:\/\/www.kblmachinery.com\/fr\/wp-json\/wp\/v2\/media?parent=8288"}],"wp:term":[{"taxonomy":"product_brand","embeddable":true,"href":"https:\/\/www.kblmachinery.com\/fr\/wp-json\/wp\/v2\/product_brand?post=8288"},{"taxonomy":"product_cat","embeddable":true,"href":"https:\/\/www.kblmachinery.com\/fr\/wp-json\/wp\/v2\/product_cat?post=8288"},{"taxonomy":"product_tag","embeddable":true,"href":"https:\/\/www.kblmachinery.com\/fr\/wp-json\/wp\/v2\/product_tag?post=8288"}],"curies":[{"name":"wp","href":"https:\/\/api.w.org\/{rel}","templated":true}]}}