{"id":8299,"date":"2024-08-30T02:11:00","date_gmt":"2024-08-30T02:11:00","guid":{"rendered":"https:\/\/www.kblmachinery.com\/?post_type=product&#038;p=8299"},"modified":"2025-11-28T06:39:15","modified_gmt":"2025-11-28T06:39:15","slug":"xx200-hydralic-pressing-machine","status":"publish","type":"product","link":"https:\/\/www.kblmachinery.com\/fr\/xx200-hydralic-pressing-machine\/","title":{"rendered":"Machine de pressage hydraulique XX200"},"content":{"rendered":"<h2>Aper\u00e7u de la machine de pressage hydraulique<\/h2>\n<table class=\"tg\" style=\"border-collapse: collapse; border-spacing: 0;\">\n<thead>\n<tr>\n<th style=\"font-family: Arial, sans-serif; font-size: 14px; font-weight: normal; overflow: hidden; padding: 10px 5px; text-align: left; vertical-align: top; word-break: normal; border: 1px solid black;\">Type<\/th>\n<th style=\"font-family: Arial, sans-serif; font-size: 14px; font-weight: normal; overflow: hidden; padding: 10px 5px; text-align: left; vertical-align: top; word-break: normal; border: 1px solid black;\">Machine \u00e0 fabriquer des blocs creux, machine \u00e0 fabriquer des pav\u00e9s, machine \u00e0 fabriquer des blocs \u00e0 embo\u00eetement, machine \u00e0 fabriquer des pav\u00e9s de trottoir<\/th>\n<\/tr>\n<\/thead>\n<tbody>\n<tr>\n<td style=\"font-family: Arial, sans-serif; font-size: 14px; overflow: hidden; padding: 10px 5px; text-align: left; vertical-align: top; word-break: normal; border: 1px solid black;\">Mati\u00e8re premi\u00e8re pour briques<\/td>\n<td style=\"font-family: Arial, sans-serif; font-size: 14px; overflow: hidden; padding: 10px 5px; text-align: left; vertical-align: top; word-break: normal; border: 1px solid black;\">Cendres volantes<\/td>\n<\/tr>\n<tr>\n<td style=\"font-family: Arial, sans-serif; font-size: 14px; overflow: hidden; padding: 10px 5px; text-align: left; vertical-align: top; word-break: normal; border: 1px solid black;\">Capacit\u00e9 de production (pi\u00e8ces\/8 heures)<\/td>\n<td style=\"font-family: Arial, sans-serif; font-size: 14px; overflow: hidden; padding: 10px 5px; text-align: left; vertical-align: top; word-break: normal; border: 1px solid black;\">36000pcs\/8hours pour des blocs solides 240*115*51mm<\/td>\n<\/tr>\n<tr>\n<td style=\"font-family: Arial, sans-serif; font-size: 14px; overflow: hidden; padding: 10px 5px; text-align: left; vertical-align: top; word-break: normal; border: 1px solid black;\">Taille des briques<\/td>\n<td style=\"font-family: Arial, sans-serif; font-size: 14px; overflow: hidden; padding: 10px 5px; text-align: left; vertical-align: top; word-break: normal; border: 1px solid black;\">400*100*200 mm, 400*120*200 mm, 200*100*60 mm, 300*150*100 mm, 400*150*200 mm, 240*115*90 mm, 200*200*60 mm, 150*150*100 mm, 400*200*200 mm, 230*220*115 mm<\/td>\n<\/tr>\n<\/tbody>\n<\/table>\n<p>Cette machine utilise la pression hydraulique pure et non la vibration pour fabriquer les briques. La pression d'appui des briques fabriqu\u00e9es par cette machine est donc plus \u00e9lev\u00e9e que celle des briques fabriqu\u00e9es par la machine \u00e0 blocs vibrants. Cela signifie que les briques fabriqu\u00e9es par cette machine sont plus durables. Si les mati\u00e8res premi\u00e8res contiennent davantage de cendres volantes et d'autres mat\u00e9riaux pulv\u00e9rulents, cette machine \u00e0 bloc de presse hydraulique statique est plus adapt\u00e9e.<\/p>\n<p><img loading=\"lazy\" decoding=\"async\" class=\"size-full wp-image-8306 aligncenter\" src=\"https:\/\/www.kblmachinery.com\/wp-content\/uploads\/2025\/11\/XX1000-Hydralic-Pressing-Machine.webp\" alt=\"XX1000 Machine de pressage hydraulique\" width=\"800\" height=\"800\" srcset=\"https:\/\/www.kblmachinery.com\/wp-content\/uploads\/2025\/11\/XX1000-Hydralic-Pressing-Machine.webp 800w, https:\/\/www.kblmachinery.com\/wp-content\/uploads\/2025\/11\/XX1000-Hydralic-Pressing-Machine-100x100.webp 100w, https:\/\/www.kblmachinery.com\/wp-content\/uploads\/2025\/11\/XX1000-Hydralic-Pressing-Machine-600x600.webp 600w\" sizes=\"auto, (max-width: 800px) 100vw, 800px\" \/> <img loading=\"lazy\" decoding=\"async\" class=\"size-full wp-image-8304 aligncenter\" src=\"https:\/\/www.kblmachinery.com\/wp-content\/uploads\/2025\/11\/XX600-Hydralic-Pressing-Machine.webp\" alt=\"XX600 Machine de pressage hydraulique\" width=\"800\" height=\"800\" srcset=\"https:\/\/www.kblmachinery.com\/wp-content\/uploads\/2025\/11\/XX600-Hydralic-Pressing-Machine.webp 800w, https:\/\/www.kblmachinery.com\/wp-content\/uploads\/2025\/11\/XX600-Hydralic-Pressing-Machine-100x100.webp 100w, https:\/\/www.kblmachinery.com\/wp-content\/uploads\/2025\/11\/XX600-Hydralic-Pressing-Machine-600x600.webp 600w\" sizes=\"auto, (max-width: 800px) 100vw, 800px\" \/><\/p>\n<h2 data-start=\"98\" data-end=\"128\"><strong data-start=\"98\" data-end=\"126\">\u00c0 propos de Kimberly Machinery<\/strong><\/h2>\n<p data-start=\"130\" data-end=\"559\">Kimberly Machinery est un fournisseur mondial de confiance d'\u00e9quipements de production de blocs avanc\u00e9s. En tant que fabricant leader, nous fournissons des machines de haute qualit\u00e9 con\u00e7ues pour la durabilit\u00e9, l'efficacit\u00e9 et l'automatisation. Nos solutions aident les clients \u00e0 construire un syst\u00e8me complet de production de blocs. <strong data-start=\"375\" data-end=\"442\"><a class=\"decorated-link\" href=\"https:\/\/www.kblmachinery.com\/\" target=\"_new\" rel=\"noopener\" data-start=\"377\" data-end=\"440\">ligne de production de blocs de b\u00e9ton<\/a><\/strong>L'entreprise est capable de produire des blocs creux, des briques pleines, des pav\u00e9s et des briques \u00e0 embo\u00eetement avec une qualit\u00e9 constante.<\/p>\n<p data-start=\"561\" data-end=\"838\">Avec des ann\u00e9es d'exp\u00e9rience dans l'industrie, Kimberly Machinery se concentre sur la pr\u00e9cision de l'ing\u00e9nierie, la fiabilit\u00e9 des performances et le professionnalisme du service apr\u00e8s-vente, en veillant \u00e0 ce que chaque ligne de production r\u00e9ponde aux besoins des distributeurs, des grossistes et des fabricants de mat\u00e9riaux de construction dans le monde entier.<\/p>\n<p data-start=\"561\" data-end=\"838\"><iframe loading=\"lazy\" title=\"Lecteur vid\u00e9o YouTube\" src=\"https:\/\/www.youtube.com\/embed\/61XXHpz58Ns?si=PmA06EJmnNaS9Akz\" width=\"560\" height=\"315\" frameborder=\"0\" allowfullscreen=\"allowfullscreen\"><\/iframe><\/p>","protected":false},"excerpt":{"rendered":"<ul>\n<li>Transformation:Machine \u00e0 mouler les briques<\/li>\n<li>Lieu d'origine : Fujian, Chine<\/li>\n<li>Garantie : 1 an<\/li>\n<\/ul>","protected":false},"featured_media":8300,"template":"","meta":[],"product_brand":[],"product_cat":[775,776],"product_tag":[],"class_list":{"0":"post-8299","1":"product","2":"type-product","3":"status-publish","4":"has-post-thumbnail","6":"product_cat-concrete-block-making-machine","7":"product_cat-muted-type-hydralic-pressing-machine","9":"first","10":"instock","11":"shipping-taxable","12":"product-type-simple"},"yoast_head":"<!-- This site is optimized with the Yoast SEO plugin v24.4 - https:\/\/yoast.com\/wordpress\/plugins\/seo\/ -->\n<title>Hydraulic Pressing Machine Supplier &amp; Manufacturer - Kimberly Machinery<\/title>\n<meta name=\"description\" content=\"High-efficiency hydraulic pressing machine for concrete block production, durable and energy-saving. Ideal for distributors, wholesalers, and construction projects.\" \/>\n<meta name=\"robots\" content=\"index, follow, max-snippet:-1, max-image-preview:large, max-video-preview:-1\" \/>\n<link rel=\"canonical\" href=\"https:\/\/www.kblmachinery.com\/fr\/xx200-hydralic-pressing-machine\/\" \/>\n<meta property=\"og:locale\" content=\"fr_FR\" \/>\n<meta property=\"og:type\" content=\"article\" \/>\n<meta property=\"og:title\" content=\"Hydraulic Pressing Machine Supplier &amp; Manufacturer - Kimberly Machinery\" \/>\n<meta property=\"og:description\" content=\"High-efficiency hydraulic pressing machine for concrete block production, durable and energy-saving. Ideal for distributors, wholesalers, and construction projects.\" \/>\n<meta property=\"og:url\" content=\"https:\/\/www.kblmachinery.com\/fr\/xx200-hydralic-pressing-machine\/\" \/>\n<meta property=\"og:site_name\" content=\"Kimberly Machinery\" \/>\n<meta property=\"article:publisher\" content=\"https:\/\/www.facebook.com\/KimberlyMachinery\" \/>\n<meta property=\"article:modified_time\" content=\"2025-11-28T06:39:15+00:00\" \/>\n<meta property=\"og:image\" content=\"https:\/\/www.kblmachinery.com\/wp-content\/uploads\/2025\/11\/XX200-Hydralic-Pressing-Machine.webp\" \/>\n\t<meta property=\"og:image:width\" content=\"800\" \/>\n\t<meta property=\"og:image:height\" content=\"800\" \/>\n\t<meta property=\"og:image:type\" content=\"image\/webp\" \/>\n<meta name=\"twitter:card\" content=\"summary_large_image\" \/>\n<meta name=\"twitter:label1\" content=\"Dur\u00e9e de lecture estim\u00e9e\" \/>\n\t<meta name=\"twitter:data1\" content=\"2 minutes\" \/>\n<script type=\"application\/ld+json\" class=\"yoast-schema-graph\">{\"@context\":\"https:\/\/schema.org\",\"@graph\":[{\"@type\":\"WebPage\",\"@id\":\"https:\/\/www.kblmachinery.com\/xx200-hydralic-pressing-machine\/\",\"url\":\"https:\/\/www.kblmachinery.com\/xx200-hydralic-pressing-machine\/\",\"name\":\"Hydraulic Pressing Machine Supplier & Manufacturer - Kimberly Machinery\",\"isPartOf\":{\"@id\":\"https:\/\/www.kblmachinery.com\/#website\"},\"primaryImageOfPage\":{\"@id\":\"https:\/\/www.kblmachinery.com\/xx200-hydralic-pressing-machine\/#primaryimage\"},\"image\":{\"@id\":\"https:\/\/www.kblmachinery.com\/xx200-hydralic-pressing-machine\/#primaryimage\"},\"thumbnailUrl\":\"https:\/\/www.kblmachinery.com\/wp-content\/uploads\/2025\/11\/XX200-Hydralic-Pressing-Machine.webp\",\"datePublished\":\"2024-08-30T02:11:00+00:00\",\"dateModified\":\"2025-11-28T06:39:15+00:00\",\"description\":\"High-efficiency hydraulic pressing machine for concrete block production, durable and energy-saving. Ideal for distributors, wholesalers, and construction projects.\",\"breadcrumb\":{\"@id\":\"https:\/\/www.kblmachinery.com\/xx200-hydralic-pressing-machine\/#breadcrumb\"},\"inLanguage\":\"fr-FR\",\"potentialAction\":[{\"@type\":\"ReadAction\",\"target\":[\"https:\/\/www.kblmachinery.com\/xx200-hydralic-pressing-machine\/\"]}]},{\"@type\":\"ImageObject\",\"inLanguage\":\"fr-FR\",\"@id\":\"https:\/\/www.kblmachinery.com\/xx200-hydralic-pressing-machine\/#primaryimage\",\"url\":\"https:\/\/www.kblmachinery.com\/wp-content\/uploads\/2025\/11\/XX200-Hydralic-Pressing-Machine.webp\",\"contentUrl\":\"https:\/\/www.kblmachinery.com\/wp-content\/uploads\/2025\/11\/XX200-Hydralic-Pressing-Machine.webp\",\"width\":800,\"height\":800,\"caption\":\"Hydralic Pressing Machine\"},{\"@type\":\"BreadcrumbList\",\"@id\":\"https:\/\/www.kblmachinery.com\/xx200-hydralic-pressing-machine\/#breadcrumb\",\"itemListElement\":[{\"@type\":\"ListItem\",\"position\":1,\"name\":\"Home\",\"item\":\"https:\/\/www.kblmachinery.com\/\"},{\"@type\":\"ListItem\",\"position\":2,\"name\":\"XX200 Hydraulic Pressing Machine\"}]},{\"@type\":\"WebSite\",\"@id\":\"https:\/\/www.kblmachinery.com\/#website\",\"url\":\"https:\/\/www.kblmachinery.com\/\",\"name\":\"Professional Brick\/Block Making Machine in China\",\"description\":\"Block Machine Manufacturer - Kimberly Machinery\",\"publisher\":{\"@id\":\"https:\/\/www.kblmachinery.com\/#organization\"},\"potentialAction\":[{\"@type\":\"SearchAction\",\"target\":{\"@type\":\"EntryPoint\",\"urlTemplate\":\"https:\/\/www.kblmachinery.com\/?s={search_term_string}\"},\"query-input\":{\"@type\":\"PropertyValueSpecification\",\"valueRequired\":true,\"valueName\":\"search_term_string\"}}],\"inLanguage\":\"fr-FR\"},{\"@type\":\"Organization\",\"@id\":\"https:\/\/www.kblmachinery.com\/#organization\",\"name\":\"Quanzhou Kimberly Machinery Manufacturing Co. Ltd\",\"url\":\"https:\/\/www.kblmachinery.com\/\",\"logo\":{\"@type\":\"ImageObject\",\"inLanguage\":\"fr-FR\",\"@id\":\"https:\/\/www.kblmachinery.com\/#\/schema\/logo\/image\/\",\"url\":\"https:\/\/www.kblmachinery.com\/wp-content\/uploads\/2025\/11\/cropped-logo-1-1.png\",\"contentUrl\":\"https:\/\/www.kblmachinery.com\/wp-content\/uploads\/2025\/11\/cropped-logo-1-1.png\",\"width\":123,\"height\":136,\"caption\":\"Quanzhou Kimberly Machinery Manufacturing Co. Ltd\"},\"image\":{\"@id\":\"https:\/\/www.kblmachinery.com\/#\/schema\/logo\/image\/\"},\"sameAs\":[\"https:\/\/www.facebook.com\/KimberlyMachinery\"]}]}<\/script>\n<!-- \/ Yoast SEO plugin. -->","yoast_head_json":{"title":"Hydraulic Pressing Machine Supplier & Manufacturer - Kimberly Machinery","description":"High-efficiency hydraulic pressing machine for concrete block production, durable and energy-saving. Ideal for distributors, wholesalers, and construction projects.","robots":{"index":"index","follow":"follow","max-snippet":"max-snippet:-1","max-image-preview":"max-image-preview:large","max-video-preview":"max-video-preview:-1"},"canonical":"https:\/\/www.kblmachinery.com\/fr\/xx200-hydralic-pressing-machine\/","og_locale":"fr_FR","og_type":"article","og_title":"Hydraulic Pressing Machine Supplier & Manufacturer - Kimberly Machinery","og_description":"High-efficiency hydraulic pressing machine for concrete block production, durable and energy-saving. Ideal for distributors, wholesalers, and construction projects.","og_url":"https:\/\/www.kblmachinery.com\/fr\/xx200-hydralic-pressing-machine\/","og_site_name":"Kimberly Machinery","article_publisher":"https:\/\/www.facebook.com\/KimberlyMachinery","article_modified_time":"2025-11-28T06:39:15+00:00","og_image":[{"width":800,"height":800,"url":"https:\/\/www.kblmachinery.com\/wp-content\/uploads\/2025\/11\/XX200-Hydralic-Pressing-Machine.webp","type":"image\/webp"}],"twitter_card":"summary_large_image","twitter_misc":{"Dur\u00e9e de lecture estim\u00e9e":"2 minutes"},"schema":{"@context":"https:\/\/schema.org","@graph":[{"@type":"WebPage","@id":"https:\/\/www.kblmachinery.com\/xx200-hydralic-pressing-machine\/","url":"https:\/\/www.kblmachinery.com\/xx200-hydralic-pressing-machine\/","name":"Hydraulic Pressing Machine Supplier & Manufacturer - Kimberly Machinery","isPartOf":{"@id":"https:\/\/www.kblmachinery.com\/#website"},"primaryImageOfPage":{"@id":"https:\/\/www.kblmachinery.com\/xx200-hydralic-pressing-machine\/#primaryimage"},"image":{"@id":"https:\/\/www.kblmachinery.com\/xx200-hydralic-pressing-machine\/#primaryimage"},"thumbnailUrl":"https:\/\/www.kblmachinery.com\/wp-content\/uploads\/2025\/11\/XX200-Hydralic-Pressing-Machine.webp","datePublished":"2024-08-30T02:11:00+00:00","dateModified":"2025-11-28T06:39:15+00:00","description":"High-efficiency hydraulic pressing machine for concrete block production, durable and energy-saving. Ideal for distributors, wholesalers, and construction projects.","breadcrumb":{"@id":"https:\/\/www.kblmachinery.com\/xx200-hydralic-pressing-machine\/#breadcrumb"},"inLanguage":"fr-FR","potentialAction":[{"@type":"ReadAction","target":["https:\/\/www.kblmachinery.com\/xx200-hydralic-pressing-machine\/"]}]},{"@type":"ImageObject","inLanguage":"fr-FR","@id":"https:\/\/www.kblmachinery.com\/xx200-hydralic-pressing-machine\/#primaryimage","url":"https:\/\/www.kblmachinery.com\/wp-content\/uploads\/2025\/11\/XX200-Hydralic-Pressing-Machine.webp","contentUrl":"https:\/\/www.kblmachinery.com\/wp-content\/uploads\/2025\/11\/XX200-Hydralic-Pressing-Machine.webp","width":800,"height":800,"caption":"Hydralic Pressing Machine"},{"@type":"BreadcrumbList","@id":"https:\/\/www.kblmachinery.com\/xx200-hydralic-pressing-machine\/#breadcrumb","itemListElement":[{"@type":"ListItem","position":1,"name":"Home","item":"https:\/\/www.kblmachinery.com\/"},{"@type":"ListItem","position":2,"name":"XX200 Hydraulic Pressing Machine"}]},{"@type":"WebSite","@id":"https:\/\/www.kblmachinery.com\/#website","url":"https:\/\/www.kblmachinery.com\/","name":"Professional Brick\/Block Making Machine in China","description":"Block Machine Manufacturer - Kimberly Machinery","publisher":{"@id":"https:\/\/www.kblmachinery.com\/#organization"},"potentialAction":[{"@type":"SearchAction","target":{"@type":"EntryPoint","urlTemplate":"https:\/\/www.kblmachinery.com\/?s={search_term_string}"},"query-input":{"@type":"PropertyValueSpecification","valueRequired":true,"valueName":"search_term_string"}}],"inLanguage":"fr-FR"},{"@type":"Organization","@id":"https:\/\/www.kblmachinery.com\/#organization","name":"Quanzhou Kimberly Machinery Manufacturing Co. Ltd","url":"https:\/\/www.kblmachinery.com\/","logo":{"@type":"ImageObject","inLanguage":"fr-FR","@id":"https:\/\/www.kblmachinery.com\/#\/schema\/logo\/image\/","url":"https:\/\/www.kblmachinery.com\/wp-content\/uploads\/2025\/11\/cropped-logo-1-1.png","contentUrl":"https:\/\/www.kblmachinery.com\/wp-content\/uploads\/2025\/11\/cropped-logo-1-1.png","width":123,"height":136,"caption":"Quanzhou Kimberly Machinery Manufacturing Co. Ltd"},"image":{"@id":"https:\/\/www.kblmachinery.com\/#\/schema\/logo\/image\/"},"sameAs":["https:\/\/www.facebook.com\/KimberlyMachinery"]}]}},"_links":{"self":[{"href":"https:\/\/www.kblmachinery.com\/fr\/wp-json\/wp\/v2\/product\/8299","targetHints":{"allow":["GET"]}}],"collection":[{"href":"https:\/\/www.kblmachinery.com\/fr\/wp-json\/wp\/v2\/product"}],"about":[{"href":"https:\/\/www.kblmachinery.com\/fr\/wp-json\/wp\/v2\/types\/product"}],"wp:featuredmedia":[{"embeddable":true,"href":"https:\/\/www.kblmachinery.com\/fr\/wp-json\/wp\/v2\/media\/8300"}],"wp:attachment":[{"href":"https:\/\/www.kblmachinery.com\/fr\/wp-json\/wp\/v2\/media?parent=8299"}],"wp:term":[{"taxonomy":"product_brand","embeddable":true,"href":"https:\/\/www.kblmachinery.com\/fr\/wp-json\/wp\/v2\/product_brand?post=8299"},{"taxonomy":"product_cat","embeddable":true,"href":"https:\/\/www.kblmachinery.com\/fr\/wp-json\/wp\/v2\/product_cat?post=8299"},{"taxonomy":"product_tag","embeddable":true,"href":"https:\/\/www.kblmachinery.com\/fr\/wp-json\/wp\/v2\/product_tag?post=8299"}],"curies":[{"name":"wp","href":"https:\/\/api.w.org\/{rel}","templated":true}]}}