{"id":8314,"date":"2024-09-06T03:15:00","date_gmt":"2024-09-06T03:15:00","guid":{"rendered":"https:\/\/www.kblmachinery.com\/?post_type=product&#038;p=8314"},"modified":"2025-11-28T06:29:25","modified_gmt":"2025-11-28T06:29:25","slug":"qt6-15-brick-block-making-machine","status":"publish","type":"product","link":"https:\/\/www.kblmachinery.com\/fr\/qt6-15-brick-block-making-machine\/","title":{"rendered":"Machine de fabrication de briques QT6-15"},"content":{"rendered":"<h2 data-start=\"174\" data-end=\"239\"><strong data-start=\"178\" data-end=\"237\">Machine de fabrication de briques QT6-15 - Description du produit<\/strong><\/h2>\n<p data-start=\"241\" data-end=\"752\">La machine de fabrication de briques et de blocs QT6-15 de Kimberly Machinery est une machine performante et compl\u00e8te con\u00e7ue pour une production de blocs stable, efficace et de haute qualit\u00e9. Reconnue comme une solution fiable dans l'industrie, elle est id\u00e9ale pour produire des blocs de b\u00e9ton ordinaires, des blocs de cendres volantes, des blocs de r\u00e9sidus de d\u00e9chets et d'autres unit\u00e9s de ma\u00e7onnerie. Les blocs produits pr\u00e9sentent une grande consistance, une r\u00e9sistance au gel, une r\u00e9sistance \u00e0 la perm\u00e9abilit\u00e9, une isolation acoustique et thermique et une excellente durabilit\u00e9.<\/p>\n<h2 data-start=\"754\" data-end=\"781\"><strong data-start=\"754\" data-end=\"779\">Faits saillants techniques :<\/strong><\/h2>\n<ul>\n<li>Fonction de d\u00e9marrage progressif pour r\u00e9duire le courant de d\u00e9marrage du moteur et prot\u00e9ger les composants.<\/li>\n<li>Fonctionnement synchronis\u00e9 de l'ensemble des vibrations pour un compactage uniforme.<\/li>\n<li>Unit\u00e9 de freinage avec r\u00e9sistance pour dissiper l'\u00e9nergie en toute s\u00e9curit\u00e9 et \u00e9viter les probl\u00e8mes d'inertie du moteur.<\/li>\n<li>Conception \u00e9conome en \u00e9nergie, permettant d'\u00e9conomiser 20 \u00e0 30% d'\u00e9nergie par cycle.<\/li>\n<li>Syst\u00e8me hydraulique proportionnel \u00e0 haute performance avec des composants import\u00e9s pour un fonctionnement constant.<\/li>\n<li>L'\u00e9cran tactile PLC intelligent et les composants \u00e9lectriques import\u00e9s authentiques garantissent une automatisation \u00e9lev\u00e9e et une utilisation ais\u00e9e.<\/li>\n<li>Le dispositif d'alimentation rapide \u00e0 rupture d'arc assure une alimentation r\u00e9guli\u00e8re, en particulier pour les briques poreuses.<\/li>\n<li>Moteur \u00e0 fr\u00e9quence variable et syst\u00e8me de vibration synchrone multi-sources pour un formage pr\u00e9cis.<\/li>\n<li>Traitement thermique sp\u00e9cial \u00e0 haute temp\u00e9rature pour les moules, am\u00e9liorant la durabilit\u00e9 et la rigidit\u00e9.<\/li>\n<li>Perches de guidage ultra r\u00e9sistantes avec rev\u00eatement en chrome dur pour une meilleure r\u00e9sistance \u00e0 la torsion et \u00e0 l'usure.<\/li>\n<\/ul>\n<table class=\"tg\" style=\"border-collapse: collapse; border-spacing: 0; width: 1100px;\">\n<thead>\n<tr>\n<th style=\"font-family: Arial, sans-serif; font-size: 14px; font-weight: normal; overflow: hidden; padding: 10px 5px; vertical-align: top; word-break: normal; border: 1px solid black; text-align: center;\" colspan=\"2\"><strong>Param\u00e8tres techniques<\/strong><\/th>\n<\/tr>\n<\/thead>\n<tbody>\n<tr>\n<td style=\"font-family: Arial, sans-serif; font-size: 14px; overflow: hidden; padding: 10px 5px; text-align: left; vertical-align: top; word-break: normal; border: 1px solid black;\"><span style=\"font-weight: inherit; font-style: inherit;\">Fr\u00e9quence de vibration<\/span><\/td>\n<td style=\"font-family: Arial, sans-serif; font-size: 14px; overflow: hidden; padding: 10px 5px; text-align: left; vertical-align: top; word-break: normal; border: 1px solid black;\"><span style=\"font-weight: inherit; font-style: inherit;\">3800-4500r\/min<\/span><\/td>\n<\/tr>\n<tr>\n<td style=\"font-family: Arial, sans-serif; font-size: 14px; overflow: hidden; padding: 10px 5px; text-align: left; vertical-align: top; word-break: normal; border: 1px solid black;\"><span style=\"font-weight: inherit; font-style: inherit;\">Poids de la machine principale<\/span><\/td>\n<td style=\"font-family: Arial, sans-serif; font-size: 14px; overflow: hidden; padding: 10px 5px; text-align: left; vertical-align: top; word-break: normal; border: 1px solid black;\"><span style=\"font-weight: inherit; font-style: inherit;\">8500KG<\/span><\/td>\n<\/tr>\n<tr>\n<td style=\"font-family: Arial, sans-serif; font-size: 14px; overflow: hidden; padding: 10px 5px; text-align: left; vertical-align: top; word-break: normal; border: 1px solid black;\"><span style=\"font-weight: inherit; font-style: inherit;\">Dimension<\/span><\/td>\n<td style=\"font-family: Arial, sans-serif; font-size: 14px; overflow: hidden; padding: 10px 5px; text-align: left; vertical-align: top; word-break: normal; border: 1px solid black;\"><span style=\"font-weight: inherit; font-style: inherit;\">9450*3300*2700mm<\/span><\/td>\n<\/tr>\n<tr>\n<td style=\"font-family: Arial, sans-serif; font-size: 14px; overflow: hidden; padding: 10px 5px; text-align: left; vertical-align: top; word-break: normal; border: 1px solid black;\"><span style=\"font-weight: inherit; font-style: inherit;\">Capacit\u00e9<\/span><\/td>\n<td style=\"font-family: Arial, sans-serif; font-size: 14px; overflow: hidden; padding: 10px 5px; text-align: left; vertical-align: top; word-break: normal; border: 1px solid black;\"><span style=\"font-weight: inherit; font-style: inherit;\">34.4KW<\/span><\/td>\n<\/tr>\n<tr>\n<td style=\"font-family: Arial, sans-serif; font-size: 14px; overflow: hidden; padding: 10px 5px; text-align: left; vertical-align: top; word-break: normal; border: 1px solid black;\"><span style=\"font-weight: inherit; font-style: inherit;\">Dur\u00e9e du cycle<\/span><\/td>\n<td style=\"font-family: Arial, sans-serif; font-size: 14px; overflow: hidden; padding: 10px 5px; text-align: left; vertical-align: top; word-break: normal; border: 1px solid black;\"><span style=\"font-weight: inherit; font-style: inherit;\">15-23(S)<\/span><\/td>\n<\/tr>\n<tr>\n<td style=\"font-family: Arial, sans-serif; font-size: 14px; overflow: hidden; padding: 10px 5px; text-align: left; vertical-align: top; word-break: normal; border: 1px solid black;\"><span style=\"font-weight: inherit; font-style: inherit;\">Pression nominale<\/span><\/td>\n<td style=\"font-family: Arial, sans-serif; font-size: 14px; overflow: hidden; padding: 10px 5px; text-align: left; vertical-align: top; word-break: normal; border: 1px solid black;\"><span style=\"font-weight: inherit; font-style: inherit;\">25mpa<\/span><\/td>\n<\/tr>\n<tr>\n<td style=\"font-family: Arial, sans-serif; font-size: 14px; overflow: hidden; padding: 10px 5px; text-align: left; vertical-align: top; word-break: normal; border: 1px solid black;\"><span style=\"font-weight: inherit; font-style: inherit;\">Force de vibration<\/span><\/td>\n<td style=\"font-family: Arial, sans-serif; font-size: 14px; overflow: hidden; padding: 10px 5px; text-align: left; vertical-align: top; word-break: normal; border: 1px solid black;\"><span style=\"font-weight: inherit; font-style: inherit;\">68KN<\/span><\/td>\n<\/tr>\n<tr>\n<td style=\"font-family: Arial, sans-serif; font-size: 14px; overflow: hidden; padding: 10px 5px; text-align: left; vertical-align: top; word-break: normal; border: 1px solid black;\"><span style=\"font-weight: inherit; font-style: inherit;\">Taille de la palette<\/span><\/td>\n<td style=\"font-family: Arial, sans-serif; font-size: 14px; overflow: hidden; padding: 10px 5px; text-align: left; vertical-align: top; word-break: normal; border: 1px solid black;\"><span style=\"font-weight: inherit; font-style: inherit;\">880*680 \/ 980*680mm<\/span><\/td>\n<\/tr>\n<\/tbody>\n<\/table>\n<h2 data-start=\"1715\" data-end=\"2211\"><strong data-start=\"1715\" data-end=\"1744\">\u00c0 propos de Kimberly Machinery :<\/strong><\/h2>\n<p data-start=\"1715\" data-end=\"2211\">Kimberly Machinery est un fournisseur mondial de confiance de produits de haute qualit\u00e9. <a href=\"https:\/\/www.kblmachinery.com\/concrete-block-making-machine\/\">machine \u00e0 fabriquer des blocs<\/a>Kimberly Machinery propose des solutions durables, \u00e9conomes en \u00e9nergie et technologiquement avanc\u00e9es pour la production de blocs. En mettant l'accent sur l'ing\u00e9nierie de pr\u00e9cision, un contr\u00f4le strict de la qualit\u00e9 et un service apr\u00e8s-vente fiable, Kimberly Machinery fournit des solutions qui maximisent la production et garantissent des performances \u00e0 long terme pour les distributeurs, les grossistes et les fabricants de mat\u00e9riaux de construction dans le monde entier.<\/p>\n<p data-start=\"1715\" data-end=\"2211\"><iframe loading=\"lazy\" title=\"Lecteur vid\u00e9o YouTube\" src=\"https:\/\/www.youtube.com\/embed\/4LvrmMzzeBc?si=vojeyyaqVeTD7kbU\" width=\"560\" height=\"315\" frameborder=\"0\" allowfullscreen=\"allowfullscreen\"><\/iframe><\/p>","protected":false},"excerpt":{"rendered":"<ul>\n<li>Conditions de paiement:30% d'acompte par T\/T. Les 70% restantes seront pay\u00e9es avant la livraison de tous les articles.<\/li>\n<li>D\u00e9lai de livraison : 40 jours apr\u00e8s r\u00e9ception de l'acompte 30%.<\/li>\n<li>Garantie : dans un d\u00e9lai d'un an \u00e0 compter de la livraison.<\/li>\n<\/ul>","protected":false},"featured_media":8315,"template":"","meta":[],"product_brand":[],"product_cat":[775,777],"product_tag":[],"class_list":{"0":"post-8314","1":"product","2":"type-product","3":"status-publish","4":"has-post-thumbnail","6":"product_cat-concrete-block-making-machine","7":"product_cat-vibration-type-brick-block-making-machine","9":"first","10":"instock","11":"shipping-taxable","12":"product-type-simple"},"yoast_head":"<!-- This site is optimized with the Yoast SEO plugin v24.4 - https:\/\/yoast.com\/wordpress\/plugins\/seo\/ -->\n<title>QT6-15 Brick\/Block Making Machine Supplier &amp; Factory - Kimberly Machinery<\/title>\n<meta name=\"description\" content=\"High-efficiency QT6-15 brick\/block making machine from Kimberly Machinery, with PLC control, energy-saving design, and durable molds for reliable production.\" \/>\n<meta name=\"robots\" content=\"index, follow, max-snippet:-1, max-image-preview:large, max-video-preview:-1\" \/>\n<link rel=\"canonical\" href=\"https:\/\/www.kblmachinery.com\/fr\/qt6-15-brick-block-making-machine\/\" \/>\n<meta property=\"og:locale\" content=\"fr_FR\" \/>\n<meta property=\"og:type\" content=\"article\" \/>\n<meta property=\"og:title\" content=\"QT6-15 Brick\/Block Making Machine Supplier &amp; Factory - Kimberly Machinery\" \/>\n<meta property=\"og:description\" content=\"High-efficiency QT6-15 brick\/block making machine from Kimberly Machinery, with PLC control, energy-saving design, and durable molds for reliable production.\" \/>\n<meta property=\"og:url\" content=\"https:\/\/www.kblmachinery.com\/fr\/qt6-15-brick-block-making-machine\/\" \/>\n<meta property=\"og:site_name\" content=\"Kimberly Machinery\" \/>\n<meta property=\"article:publisher\" content=\"https:\/\/www.facebook.com\/KimberlyMachinery\" \/>\n<meta property=\"article:modified_time\" content=\"2025-11-28T06:29:25+00:00\" \/>\n<meta property=\"og:image\" content=\"https:\/\/www.kblmachinery.com\/wp-content\/uploads\/2025\/11\/QT6-15-BrickBlock-Making-Machine-3.webp\" \/>\n\t<meta property=\"og:image:width\" content=\"800\" \/>\n\t<meta property=\"og:image:height\" content=\"800\" \/>\n\t<meta property=\"og:image:type\" content=\"image\/webp\" \/>\n<meta name=\"twitter:card\" content=\"summary_large_image\" \/>\n<meta name=\"twitter:label1\" content=\"Dur\u00e9e de lecture estim\u00e9e\" \/>\n\t<meta name=\"twitter:data1\" content=\"2 minutes\" \/>\n<script type=\"application\/ld+json\" class=\"yoast-schema-graph\">{\"@context\":\"https:\/\/schema.org\",\"@graph\":[{\"@type\":\"WebPage\",\"@id\":\"https:\/\/www.kblmachinery.com\/qt6-15-brick-block-making-machine\/\",\"url\":\"https:\/\/www.kblmachinery.com\/qt6-15-brick-block-making-machine\/\",\"name\":\"QT6-15 Brick\/Block Making Machine Supplier & Factory - Kimberly Machinery\",\"isPartOf\":{\"@id\":\"https:\/\/www.kblmachinery.com\/#website\"},\"primaryImageOfPage\":{\"@id\":\"https:\/\/www.kblmachinery.com\/qt6-15-brick-block-making-machine\/#primaryimage\"},\"image\":{\"@id\":\"https:\/\/www.kblmachinery.com\/qt6-15-brick-block-making-machine\/#primaryimage\"},\"thumbnailUrl\":\"https:\/\/www.kblmachinery.com\/wp-content\/uploads\/2025\/11\/QT6-15-BrickBlock-Making-Machine-3.webp\",\"datePublished\":\"2024-09-06T03:15:00+00:00\",\"dateModified\":\"2025-11-28T06:29:25+00:00\",\"description\":\"High-efficiency QT6-15 brick\/block making machine from Kimberly Machinery, with PLC control, energy-saving design, and durable molds for reliable production.\",\"breadcrumb\":{\"@id\":\"https:\/\/www.kblmachinery.com\/qt6-15-brick-block-making-machine\/#breadcrumb\"},\"inLanguage\":\"fr-FR\",\"potentialAction\":[{\"@type\":\"ReadAction\",\"target\":[\"https:\/\/www.kblmachinery.com\/qt6-15-brick-block-making-machine\/\"]}]},{\"@type\":\"ImageObject\",\"inLanguage\":\"fr-FR\",\"@id\":\"https:\/\/www.kblmachinery.com\/qt6-15-brick-block-making-machine\/#primaryimage\",\"url\":\"https:\/\/www.kblmachinery.com\/wp-content\/uploads\/2025\/11\/QT6-15-BrickBlock-Making-Machine-3.webp\",\"contentUrl\":\"https:\/\/www.kblmachinery.com\/wp-content\/uploads\/2025\/11\/QT6-15-BrickBlock-Making-Machine-3.webp\",\"width\":800,\"height\":800,\"caption\":\"QT6-15 Brick Block Making Machine\"},{\"@type\":\"BreadcrumbList\",\"@id\":\"https:\/\/www.kblmachinery.com\/qt6-15-brick-block-making-machine\/#breadcrumb\",\"itemListElement\":[{\"@type\":\"ListItem\",\"position\":1,\"name\":\"Home\",\"item\":\"https:\/\/www.kblmachinery.com\/\"},{\"@type\":\"ListItem\",\"position\":2,\"name\":\"QT6-15 Brick\/Block Making Machine\"}]},{\"@type\":\"WebSite\",\"@id\":\"https:\/\/www.kblmachinery.com\/#website\",\"url\":\"https:\/\/www.kblmachinery.com\/\",\"name\":\"Professional Brick\/Block Making Machine in China\",\"description\":\"Block Machine Manufacturer - Kimberly Machinery\",\"publisher\":{\"@id\":\"https:\/\/www.kblmachinery.com\/#organization\"},\"potentialAction\":[{\"@type\":\"SearchAction\",\"target\":{\"@type\":\"EntryPoint\",\"urlTemplate\":\"https:\/\/www.kblmachinery.com\/?s={search_term_string}\"},\"query-input\":{\"@type\":\"PropertyValueSpecification\",\"valueRequired\":true,\"valueName\":\"search_term_string\"}}],\"inLanguage\":\"fr-FR\"},{\"@type\":\"Organization\",\"@id\":\"https:\/\/www.kblmachinery.com\/#organization\",\"name\":\"Quanzhou Kimberly Machinery Manufacturing Co. Ltd\",\"url\":\"https:\/\/www.kblmachinery.com\/\",\"logo\":{\"@type\":\"ImageObject\",\"inLanguage\":\"fr-FR\",\"@id\":\"https:\/\/www.kblmachinery.com\/#\/schema\/logo\/image\/\",\"url\":\"https:\/\/www.kblmachinery.com\/wp-content\/uploads\/2025\/11\/cropped-logo-1-1.png\",\"contentUrl\":\"https:\/\/www.kblmachinery.com\/wp-content\/uploads\/2025\/11\/cropped-logo-1-1.png\",\"width\":123,\"height\":136,\"caption\":\"Quanzhou Kimberly Machinery Manufacturing Co. Ltd\"},\"image\":{\"@id\":\"https:\/\/www.kblmachinery.com\/#\/schema\/logo\/image\/\"},\"sameAs\":[\"https:\/\/www.facebook.com\/KimberlyMachinery\"]}]}<\/script>\n<!-- \/ Yoast SEO plugin. -->","yoast_head_json":{"title":"QT6-15 Brick\/Block Making Machine Supplier & Factory - Kimberly Machinery","description":"High-efficiency QT6-15 brick\/block making machine from Kimberly Machinery, with PLC control, energy-saving design, and durable molds for reliable production.","robots":{"index":"index","follow":"follow","max-snippet":"max-snippet:-1","max-image-preview":"max-image-preview:large","max-video-preview":"max-video-preview:-1"},"canonical":"https:\/\/www.kblmachinery.com\/fr\/qt6-15-brick-block-making-machine\/","og_locale":"fr_FR","og_type":"article","og_title":"QT6-15 Brick\/Block Making Machine Supplier & Factory - Kimberly Machinery","og_description":"High-efficiency QT6-15 brick\/block making machine from Kimberly Machinery, with PLC control, energy-saving design, and durable molds for reliable production.","og_url":"https:\/\/www.kblmachinery.com\/fr\/qt6-15-brick-block-making-machine\/","og_site_name":"Kimberly Machinery","article_publisher":"https:\/\/www.facebook.com\/KimberlyMachinery","article_modified_time":"2025-11-28T06:29:25+00:00","og_image":[{"width":800,"height":800,"url":"https:\/\/www.kblmachinery.com\/wp-content\/uploads\/2025\/11\/QT6-15-BrickBlock-Making-Machine-3.webp","type":"image\/webp"}],"twitter_card":"summary_large_image","twitter_misc":{"Dur\u00e9e de lecture estim\u00e9e":"2 minutes"},"schema":{"@context":"https:\/\/schema.org","@graph":[{"@type":"WebPage","@id":"https:\/\/www.kblmachinery.com\/qt6-15-brick-block-making-machine\/","url":"https:\/\/www.kblmachinery.com\/qt6-15-brick-block-making-machine\/","name":"QT6-15 Brick\/Block Making Machine Supplier & Factory - Kimberly Machinery","isPartOf":{"@id":"https:\/\/www.kblmachinery.com\/#website"},"primaryImageOfPage":{"@id":"https:\/\/www.kblmachinery.com\/qt6-15-brick-block-making-machine\/#primaryimage"},"image":{"@id":"https:\/\/www.kblmachinery.com\/qt6-15-brick-block-making-machine\/#primaryimage"},"thumbnailUrl":"https:\/\/www.kblmachinery.com\/wp-content\/uploads\/2025\/11\/QT6-15-BrickBlock-Making-Machine-3.webp","datePublished":"2024-09-06T03:15:00+00:00","dateModified":"2025-11-28T06:29:25+00:00","description":"High-efficiency QT6-15 brick\/block making machine from Kimberly Machinery, with PLC control, energy-saving design, and durable molds for reliable production.","breadcrumb":{"@id":"https:\/\/www.kblmachinery.com\/qt6-15-brick-block-making-machine\/#breadcrumb"},"inLanguage":"fr-FR","potentialAction":[{"@type":"ReadAction","target":["https:\/\/www.kblmachinery.com\/qt6-15-brick-block-making-machine\/"]}]},{"@type":"ImageObject","inLanguage":"fr-FR","@id":"https:\/\/www.kblmachinery.com\/qt6-15-brick-block-making-machine\/#primaryimage","url":"https:\/\/www.kblmachinery.com\/wp-content\/uploads\/2025\/11\/QT6-15-BrickBlock-Making-Machine-3.webp","contentUrl":"https:\/\/www.kblmachinery.com\/wp-content\/uploads\/2025\/11\/QT6-15-BrickBlock-Making-Machine-3.webp","width":800,"height":800,"caption":"QT6-15 Brick Block Making Machine"},{"@type":"BreadcrumbList","@id":"https:\/\/www.kblmachinery.com\/qt6-15-brick-block-making-machine\/#breadcrumb","itemListElement":[{"@type":"ListItem","position":1,"name":"Home","item":"https:\/\/www.kblmachinery.com\/"},{"@type":"ListItem","position":2,"name":"QT6-15 Brick\/Block Making Machine"}]},{"@type":"WebSite","@id":"https:\/\/www.kblmachinery.com\/#website","url":"https:\/\/www.kblmachinery.com\/","name":"Professional Brick\/Block Making Machine in China","description":"Block Machine Manufacturer - Kimberly Machinery","publisher":{"@id":"https:\/\/www.kblmachinery.com\/#organization"},"potentialAction":[{"@type":"SearchAction","target":{"@type":"EntryPoint","urlTemplate":"https:\/\/www.kblmachinery.com\/?s={search_term_string}"},"query-input":{"@type":"PropertyValueSpecification","valueRequired":true,"valueName":"search_term_string"}}],"inLanguage":"fr-FR"},{"@type":"Organization","@id":"https:\/\/www.kblmachinery.com\/#organization","name":"Quanzhou Kimberly Machinery Manufacturing Co. Ltd","url":"https:\/\/www.kblmachinery.com\/","logo":{"@type":"ImageObject","inLanguage":"fr-FR","@id":"https:\/\/www.kblmachinery.com\/#\/schema\/logo\/image\/","url":"https:\/\/www.kblmachinery.com\/wp-content\/uploads\/2025\/11\/cropped-logo-1-1.png","contentUrl":"https:\/\/www.kblmachinery.com\/wp-content\/uploads\/2025\/11\/cropped-logo-1-1.png","width":123,"height":136,"caption":"Quanzhou Kimberly Machinery Manufacturing Co. Ltd"},"image":{"@id":"https:\/\/www.kblmachinery.com\/#\/schema\/logo\/image\/"},"sameAs":["https:\/\/www.facebook.com\/KimberlyMachinery"]}]}},"_links":{"self":[{"href":"https:\/\/www.kblmachinery.com\/fr\/wp-json\/wp\/v2\/product\/8314","targetHints":{"allow":["GET"]}}],"collection":[{"href":"https:\/\/www.kblmachinery.com\/fr\/wp-json\/wp\/v2\/product"}],"about":[{"href":"https:\/\/www.kblmachinery.com\/fr\/wp-json\/wp\/v2\/types\/product"}],"wp:featuredmedia":[{"embeddable":true,"href":"https:\/\/www.kblmachinery.com\/fr\/wp-json\/wp\/v2\/media\/8315"}],"wp:attachment":[{"href":"https:\/\/www.kblmachinery.com\/fr\/wp-json\/wp\/v2\/media?parent=8314"}],"wp:term":[{"taxonomy":"product_brand","embeddable":true,"href":"https:\/\/www.kblmachinery.com\/fr\/wp-json\/wp\/v2\/product_brand?post=8314"},{"taxonomy":"product_cat","embeddable":true,"href":"https:\/\/www.kblmachinery.com\/fr\/wp-json\/wp\/v2\/product_cat?post=8314"},{"taxonomy":"product_tag","embeddable":true,"href":"https:\/\/www.kblmachinery.com\/fr\/wp-json\/wp\/v2\/product_tag?post=8314"}],"curies":[{"name":"wp","href":"https:\/\/api.w.org\/{rel}","templated":true}]}}