{"id":8324,"date":"2024-09-08T03:46:00","date_gmt":"2024-09-08T03:46:00","guid":{"rendered":"https:\/\/www.kblmachinery.com\/?post_type=product&#038;p=8324"},"modified":"2025-11-27T03:01:44","modified_gmt":"2025-11-27T03:01:44","slug":"qt10-15-brick-block-making-machine","status":"publish","type":"product","link":"https:\/\/www.kblmachinery.com\/fr\/qt10-15-brick-block-making-machine\/","title":{"rendered":"Machine de fabrication de blocs QT10-15"},"content":{"rendered":"<h2>Aper\u00e7u du produit<\/h2>\n<p>QT10-15 brick maker machines with PLC intelligent control Man-machine interface, control system equipped with complete logic control, production program, malfunction diagnosis system and remote control function. So it doesn\u2019t need a professional person but only need a simple training to the operator.<\/p>\n<p>Production scope: QT10-15 brick maker machine is a multi-function machine, it can produce various bricks\/blocks including color-face bricks (layered material feeding), through-body tiles, dock linkage blocks, road curb bricks, solid bricks, hydraulic blocks, hollow blocks, perforated bricks, and standard bricks etc.<\/p>\n<h2>Caract\u00e9ristiques techniques de la machine \u00e0 fabriquer des blocs QT10-15 :<\/h2>\n<table class=\"tg\" style=\"border-collapse: collapse; border-spacing: 0; width: 1100px;\">\n<thead>\n<tr>\n<th style=\"font-family: Arial, sans-serif; font-size: 14px; font-weight: normal; overflow: hidden; padding: 10px 5px; text-align: left; vertical-align: top; word-break: normal; border: 1px solid black;\"><strong><span style=\"font-style: inherit;\">Fr\u00e9quence de vibration<\/span><\/strong><\/th>\n<th style=\"font-family: Arial, sans-serif; font-size: 14px; font-weight: normal; overflow: hidden; padding: 10px 5px; text-align: left; vertical-align: top; word-break: normal; border: 1px solid black;\"><span style=\"font-weight: inherit; font-style: inherit;\">3800-4500 fois\/sub<\/span><\/th>\n<\/tr>\n<\/thead>\n<tbody>\n<tr>\n<td style=\"font-family: Arial, sans-serif; font-size: 14px; overflow: hidden; padding: 10px 5px; text-align: left; vertical-align: top; word-break: normal; border: 1px solid black;\"><strong><span style=\"font-style: inherit;\">Taille de la machine<\/span><\/strong><\/td>\n<td style=\"font-family: Arial, sans-serif; font-size: 14px; overflow: hidden; padding: 10px 5px; text-align: left; vertical-align: top; word-break: normal; border: 1px solid black;\"><span style=\"font-weight: inherit; font-style: inherit;\">11500*4050*2800 mm<\/span><\/td>\n<\/tr>\n<tr>\n<td style=\"font-family: Arial, sans-serif; font-size: 14px; overflow: hidden; padding: 10px 5px; text-align: left; vertical-align: top; word-break: normal; border: 1px solid black;\"><strong><span style=\"font-style: inherit;\">Puissance totale<\/span><\/strong><\/td>\n<td style=\"font-family: Arial, sans-serif; font-size: 14px; overflow: hidden; padding: 10px 5px; text-align: left; vertical-align: top; word-break: normal; border: 1px solid black;\"><span style=\"font-weight: inherit; font-style: inherit;\">48,9 kw<\/span><\/td>\n<\/tr>\n<tr>\n<td style=\"font-family: Arial, sans-serif; font-size: 14px; overflow: hidden; padding: 10px 5px; text-align: left; vertical-align: top; word-break: normal; border: 1px solid black;\"><strong><span style=\"font-style: inherit;\">Dur\u00e9e du cycle<\/span><\/strong><\/td>\n<td style=\"font-family: Arial, sans-serif; font-size: 14px; overflow: hidden; padding: 10px 5px; text-align: left; vertical-align: top; word-break: normal; border: 1px solid black;\"><span style=\"font-weight: inherit; font-style: inherit;\">15-23s<\/span><\/td>\n<\/tr>\n<tr>\n<td style=\"font-family: Arial, sans-serif; font-size: 14px; overflow: hidden; padding: 10px 5px; text-align: left; vertical-align: top; word-break: normal; border: 1px solid black;\"><strong><span style=\"font-style: inherit;\">Pression atmosph\u00e9rique<\/span><\/strong><\/td>\n<td style=\"font-family: Arial, sans-serif; font-size: 14px; overflow: hidden; padding: 10px 5px; text-align: left; vertical-align: top; word-break: normal; border: 1px solid black;\"><span style=\"font-weight: inherit; font-style: inherit;\">31,5 mpa<\/span><\/td>\n<\/tr>\n<tr>\n<td style=\"font-family: Arial, sans-serif; font-size: 14px; overflow: hidden; padding: 10px 5px; text-align: left; vertical-align: top; word-break: normal; border: 1px solid black;\"><strong><span style=\"font-style: inherit;\">Force de vibration<\/span><\/strong><\/td>\n<td style=\"font-family: Arial, sans-serif; font-size: 14px; overflow: hidden; padding: 10px 5px; text-align: left; vertical-align: top; word-break: normal; border: 1px solid black;\"><span style=\"font-weight: inherit; font-style: inherit;\">105 KN<\/span><\/td>\n<\/tr>\n<tr>\n<td style=\"font-family: Arial, sans-serif; font-size: 14px; overflow: hidden; padding: 10px 5px; text-align: left; vertical-align: top; word-break: normal; border: 1px solid black;\"><strong><span style=\"font-style: inherit;\">Taille de la palette<\/span><\/strong><\/td>\n<td style=\"font-family: Arial, sans-serif; font-size: 14px; overflow: hidden; padding: 10px 5px; text-align: left; vertical-align: top; word-break: normal; border: 1px solid black;\"><span style=\"font-weight: inherit; font-style: inherit;\">1100*880mm<\/span><\/td>\n<\/tr>\n<tr>\n<td style=\"font-family: Arial, sans-serif; font-size: 14px; overflow: hidden; padding: 10px 5px; text-align: left; vertical-align: top; word-break: normal; border: 1px solid black;\"><strong><span style=\"font-style: inherit;\">M\u00e9thode de moulage<\/span><\/strong><\/td>\n<td style=\"font-family: Arial, sans-serif; font-size: 14px; overflow: hidden; padding: 10px 5px; text-align: left; vertical-align: top; word-break: normal; border: 1px solid black;\"><span style=\"font-weight: inherit; font-style: inherit;\">Hydraulique avec vibration<\/span><\/td>\n<\/tr>\n<tr>\n<td style=\"font-family: Arial, sans-serif; font-size: 14px; overflow: hidden; padding: 10px 5px; text-align: left; vertical-align: top; word-break: normal; border: 1px solid black;\"><strong><span style=\"font-style: inherit;\">Mod\u00e8le <\/span><\/strong><\/td>\n<td style=\"font-family: Arial, sans-serif; font-size: 14px; overflow: hidden; padding: 10px 5px; text-align: left; vertical-align: top; word-break: normal; border: 1px solid black;\"><span style=\"font-weight: inherit; font-style: inherit;\">QT10-15<\/span><\/td>\n<\/tr>\n<\/tbody>\n<\/table>\n<h2>QT10-15 Machines \u00e0 fabriquer des blocs Capacit\u00e9 de production :<\/h2>\n<table class=\"tg\" style=\"border-collapse: collapse; border-spacing: 0; width: 1100px;\">\n<thead>\n<tr>\n<th style=\"font-family: Arial, sans-serif; font-size: 14px; font-weight: normal; overflow: hidden; padding: 10px 5px; text-align: left; vertical-align: top; word-break: normal; border: 1px solid black;\"><span style=\"font-weight: inherit; font-style: inherit;\">Nom de l'\u00e9chantillon en bloc<\/span><\/th>\n<th style=\"font-family: Arial, sans-serif; font-size: 14px; font-weight: normal; overflow: hidden; padding: 10px 5px; text-align: left; vertical-align: top; word-break: normal; border: 1px solid black;\"><span style=\"font-weight: inherit; font-style: inherit;\">Sp\u00e9cifications<\/span><\/th>\n<th style=\"font-family: Arial, sans-serif; font-size: 14px; font-weight: normal; overflow: hidden; padding: 10px 5px; text-align: left; vertical-align: top; word-break: normal; border: 1px solid black;\"><span style=\"font-weight: inherit; font-style: inherit;\">Pcs\/moule<\/span><\/th>\n<th style=\"font-family: Arial, sans-serif; font-size: 14px; font-weight: normal; overflow: hidden; padding: 10px 5px; text-align: left; vertical-align: top; word-break: normal; border: 1px solid black;\"><span style=\"font-weight: inherit; font-style: inherit;\">Pcs\/8 heures<\/span><\/th>\n<\/tr>\n<\/thead>\n<tbody>\n<tr>\n<td style=\"font-family: Arial, sans-serif; font-size: 14px; overflow: hidden; padding: 10px 5px; text-align: left; vertical-align: top; word-break: normal; border: 1px solid black;\"><span style=\"font-weight: inherit; font-style: inherit;\">Bloc creux <\/span><\/td>\n<td style=\"font-family: Arial, sans-serif; font-size: 14px; overflow: hidden; padding: 10px 5px; text-align: left; vertical-align: top; word-break: normal; border: 1px solid black;\"><span style=\"font-weight: inherit; font-style: inherit;\">390*190*190mm<\/span><\/td>\n<td style=\"font-family: Arial, sans-serif; font-size: 14px; overflow: hidden; padding: 10px 5px; text-align: left; vertical-align: top; word-break: normal; border: 1px solid black;\"><span style=\"font-weight: inherit; font-style: inherit;\">10<\/span><\/td>\n<td style=\"font-family: Arial, sans-serif; font-size: 14px; overflow: hidden; padding: 10px 5px; text-align: left; vertical-align: top; word-break: normal; border: 1px solid black;\"><span style=\"font-weight: inherit; font-style: inherit;\">14400-19200<\/span><\/td>\n<\/tr>\n<tr>\n<td style=\"font-family: Arial, sans-serif; font-size: 14px; overflow: hidden; padding: 10px 5px; text-align: left; vertical-align: top; word-break: normal; border: 1px solid black;\"><span style=\"font-weight: inherit; font-style: inherit;\">Bloc poreux<\/span><\/td>\n<td style=\"font-family: Arial, sans-serif; font-size: 14px; overflow: hidden; padding: 10px 5px; text-align: left; vertical-align: top; word-break: normal; border: 1px solid black;\"><span style=\"font-weight: inherit; font-style: inherit;\">240*115*90 mm<\/span><\/td>\n<td style=\"font-family: Arial, sans-serif; font-size: 14px; overflow: hidden; padding: 10px 5px; text-align: left; vertical-align: top; word-break: normal; border: 1px solid black;\"><span style=\"font-weight: inherit; font-style: inherit;\">24<\/span><\/td>\n<td style=\"font-family: Arial, sans-serif; font-size: 14px; overflow: hidden; padding: 10px 5px; text-align: left; vertical-align: top; word-break: normal; border: 1px solid black;\"><span style=\"font-weight: inherit; font-style: inherit;\">34560-46080<\/span><\/td>\n<\/tr>\n<tr>\n<td style=\"font-family: Arial, sans-serif; font-size: 14px; overflow: hidden; padding: 10px 5px; text-align: left; vertical-align: top; word-break: normal; border: 1px solid black;\"><span style=\"font-weight: inherit; font-style: inherit;\">Bloc solide<\/span><\/td>\n<td style=\"font-family: Arial, sans-serif; font-size: 14px; overflow: hidden; padding: 10px 5px; text-align: left; vertical-align: top; word-break: normal; border: 1px solid black;\"><span style=\"font-weight: inherit; font-style: inherit;\">240*115*51mm<\/span><\/td>\n<td style=\"font-family: Arial, sans-serif; font-size: 14px; overflow: hidden; padding: 10px 5px; text-align: left; vertical-align: top; word-break: normal; border: 1px solid black;\"><span style=\"font-weight: inherit; font-style: inherit;\">51<\/span><\/td>\n<td style=\"font-family: Arial, sans-serif; font-size: 14px; overflow: hidden; padding: 10px 5px; text-align: left; vertical-align: top; word-break: normal; border: 1px solid black;\"><span style=\"font-weight: inherit; font-style: inherit;\">73440-97920<\/span><\/td>\n<\/tr>\n<tr>\n<td style=\"font-family: Arial, sans-serif; font-size: 14px; overflow: hidden; padding: 10px 5px; text-align: left; vertical-align: top; word-break: normal; border: 1px solid black;\"><span style=\"font-weight: inherit; font-style: inherit;\">Bloc hollandais<\/span><\/td>\n<td style=\"font-family: Arial, sans-serif; font-size: 14px; overflow: hidden; padding: 10px 5px; text-align: left; vertical-align: top; word-break: normal; border: 1px solid black;\"><span style=\"font-weight: inherit; font-style: inherit;\">200*100*60mm<\/span><\/td>\n<td style=\"font-family: Arial, sans-serif; font-size: 14px; overflow: hidden; padding: 10px 5px; text-align: left; vertical-align: top; word-break: normal; border: 1px solid black;\"><span style=\"font-weight: inherit; font-style: inherit;\">36<\/span><\/td>\n<td style=\"font-family: Arial, sans-serif; font-size: 14px; overflow: hidden; padding: 10px 5px; text-align: left; vertical-align: top; word-break: normal; border: 1px solid black;\"><span style=\"font-weight: inherit; font-style: inherit;\">46800-59400<\/span><\/td>\n<\/tr>\n<\/tbody>\n<\/table>\n<h2>Principales mati\u00e8res premi\u00e8res :<\/h2>\n<p>Cendres volantes, ciment, sable, pierres de taille, additifs, d\u00e9chets de construction, etc.<\/p>\n<h2 data-start=\"105\" data-end=\"133\"><strong data-start=\"105\" data-end=\"133\">\u00c0 propos de Kimberly Machinery<\/strong><\/h2>\n<p data-start=\"135\" data-end=\"638\">Kimberly Machinery est un fabricant de confiance sp\u00e9cialis\u00e9 dans les \u00e9quipements de pointe pour la production de b\u00e9ton et de briques. En tant que fournisseur de premier plan d'\u00e9quipements <a class=\"decorated-link\" href=\"https:\/\/www.kblmachinery.com\/\" target=\"_new\" rel=\"noopener\" data-start=\"284\" data-end=\"337\">machine de fabrication de briques<\/a>Avec Kimberly Machinery, nous proposons des solutions durables, efficaces et rentables aux fournisseurs de mat\u00e9riaux de construction, d'infrastructures et de b\u00e2timents du monde entier. Gr\u00e2ce \u00e0 une technologie moderne, un contr\u00f4le de qualit\u00e9 strict et un support technique fiable, Kimberly Machinery garantit des performances stables et une valeur \u00e0 long terme pour chaque client.<\/p>","protected":false},"excerpt":{"rendered":"<ul>\n<li>Unit\u00e9s de vente : Article unique<\/li>\n<li>Taille de l'emballage unique : 98X68X50 cm<\/li>\n<li>Poids brut simple : 68 000 kg<\/li>\n<\/ul>","protected":false},"featured_media":8325,"template":"","meta":[],"product_brand":[],"product_cat":[775,777],"product_tag":[],"class_list":{"0":"post-8324","1":"product","2":"type-product","3":"status-publish","4":"has-post-thumbnail","6":"product_cat-concrete-block-making-machine","7":"product_cat-vibration-type-brick-block-making-machine","9":"first","10":"instock","11":"shipping-taxable","12":"product-type-simple"},"yoast_head":"<!-- This site is optimized with the Yoast SEO plugin v24.4 - https:\/\/yoast.com\/wordpress\/plugins\/seo\/ -->\n<title>QT10-15 Block Making Machine Supplier &amp; Factory - Kimberly Machinery<\/title>\n<meta name=\"description\" content=\"Reliable QT10-15 block making machine supplier offering durable, high-efficiency equipment for global buyers, wholesalers, and construction material distributors\" \/>\n<meta name=\"robots\" content=\"index, follow, max-snippet:-1, max-image-preview:large, max-video-preview:-1\" \/>\n<link rel=\"canonical\" href=\"https:\/\/www.kblmachinery.com\/fr\/qt10-15-brick-block-making-machine\/\" \/>\n<meta property=\"og:locale\" content=\"fr_FR\" \/>\n<meta property=\"og:type\" content=\"article\" \/>\n<meta property=\"og:title\" content=\"QT10-15 Block Making Machine Supplier &amp; Factory - Kimberly Machinery\" \/>\n<meta property=\"og:description\" content=\"Reliable QT10-15 block making machine supplier offering durable, high-efficiency equipment for global buyers, wholesalers, and construction material distributors\" \/>\n<meta property=\"og:url\" content=\"https:\/\/www.kblmachinery.com\/fr\/qt10-15-brick-block-making-machine\/\" \/>\n<meta property=\"og:site_name\" content=\"Kimberly Machinery\" \/>\n<meta property=\"article:publisher\" content=\"https:\/\/www.facebook.com\/KimberlyMachinery\" \/>\n<meta property=\"article:modified_time\" content=\"2025-11-27T03:01:44+00:00\" \/>\n<meta property=\"og:image\" content=\"https:\/\/www.kblmachinery.com\/wp-content\/uploads\/2025\/11\/QT10-15-BrickBlock-Making-Machine-3.webp\" \/>\n\t<meta property=\"og:image:width\" content=\"800\" \/>\n\t<meta property=\"og:image:height\" content=\"800\" \/>\n\t<meta property=\"og:image:type\" content=\"image\/webp\" \/>\n<meta name=\"twitter:card\" content=\"summary_large_image\" \/>\n<meta name=\"twitter:label1\" content=\"Dur\u00e9e de lecture estim\u00e9e\" \/>\n\t<meta name=\"twitter:data1\" content=\"2 minutes\" \/>\n<script type=\"application\/ld+json\" class=\"yoast-schema-graph\">{\"@context\":\"https:\/\/schema.org\",\"@graph\":[{\"@type\":\"WebPage\",\"@id\":\"https:\/\/www.kblmachinery.com\/qt10-15-brick-block-making-machine\/\",\"url\":\"https:\/\/www.kblmachinery.com\/qt10-15-brick-block-making-machine\/\",\"name\":\"QT10-15 Block Making Machine Supplier & Factory - Kimberly Machinery\",\"isPartOf\":{\"@id\":\"https:\/\/www.kblmachinery.com\/#website\"},\"primaryImageOfPage\":{\"@id\":\"https:\/\/www.kblmachinery.com\/qt10-15-brick-block-making-machine\/#primaryimage\"},\"image\":{\"@id\":\"https:\/\/www.kblmachinery.com\/qt10-15-brick-block-making-machine\/#primaryimage\"},\"thumbnailUrl\":\"https:\/\/www.kblmachinery.com\/wp-content\/uploads\/2025\/11\/QT10-15-BrickBlock-Making-Machine-3.webp\",\"datePublished\":\"2024-09-08T03:46:00+00:00\",\"dateModified\":\"2025-11-27T03:01:44+00:00\",\"description\":\"Reliable QT10-15 block making machine supplier offering durable, high-efficiency equipment for global buyers, wholesalers, and construction material distributors\",\"breadcrumb\":{\"@id\":\"https:\/\/www.kblmachinery.com\/qt10-15-brick-block-making-machine\/#breadcrumb\"},\"inLanguage\":\"fr-FR\",\"potentialAction\":[{\"@type\":\"ReadAction\",\"target\":[\"https:\/\/www.kblmachinery.com\/qt10-15-brick-block-making-machine\/\"]}]},{\"@type\":\"ImageObject\",\"inLanguage\":\"fr-FR\",\"@id\":\"https:\/\/www.kblmachinery.com\/qt10-15-brick-block-making-machine\/#primaryimage\",\"url\":\"https:\/\/www.kblmachinery.com\/wp-content\/uploads\/2025\/11\/QT10-15-BrickBlock-Making-Machine-3.webp\",\"contentUrl\":\"https:\/\/www.kblmachinery.com\/wp-content\/uploads\/2025\/11\/QT10-15-BrickBlock-Making-Machine-3.webp\",\"width\":800,\"height\":800,\"caption\":\"QT10-15 Brick Block Making Machine\"},{\"@type\":\"BreadcrumbList\",\"@id\":\"https:\/\/www.kblmachinery.com\/qt10-15-brick-block-making-machine\/#breadcrumb\",\"itemListElement\":[{\"@type\":\"ListItem\",\"position\":1,\"name\":\"Home\",\"item\":\"https:\/\/www.kblmachinery.com\/\"},{\"@type\":\"ListItem\",\"position\":2,\"name\":\"QT10-15 Block Making Machine\"}]},{\"@type\":\"WebSite\",\"@id\":\"https:\/\/www.kblmachinery.com\/#website\",\"url\":\"https:\/\/www.kblmachinery.com\/\",\"name\":\"Professional Brick\/Block Making Machine in China\",\"description\":\"Block Machine Manufacturer - Kimberly Machinery\",\"publisher\":{\"@id\":\"https:\/\/www.kblmachinery.com\/#organization\"},\"potentialAction\":[{\"@type\":\"SearchAction\",\"target\":{\"@type\":\"EntryPoint\",\"urlTemplate\":\"https:\/\/www.kblmachinery.com\/?s={search_term_string}\"},\"query-input\":{\"@type\":\"PropertyValueSpecification\",\"valueRequired\":true,\"valueName\":\"search_term_string\"}}],\"inLanguage\":\"fr-FR\"},{\"@type\":\"Organization\",\"@id\":\"https:\/\/www.kblmachinery.com\/#organization\",\"name\":\"Quanzhou Kimberly Machinery Manufacturing Co. Ltd\",\"url\":\"https:\/\/www.kblmachinery.com\/\",\"logo\":{\"@type\":\"ImageObject\",\"inLanguage\":\"fr-FR\",\"@id\":\"https:\/\/www.kblmachinery.com\/#\/schema\/logo\/image\/\",\"url\":\"https:\/\/www.kblmachinery.com\/wp-content\/uploads\/2025\/11\/cropped-logo-1-1.png\",\"contentUrl\":\"https:\/\/www.kblmachinery.com\/wp-content\/uploads\/2025\/11\/cropped-logo-1-1.png\",\"width\":123,\"height\":136,\"caption\":\"Quanzhou Kimberly Machinery Manufacturing Co. Ltd\"},\"image\":{\"@id\":\"https:\/\/www.kblmachinery.com\/#\/schema\/logo\/image\/\"},\"sameAs\":[\"https:\/\/www.facebook.com\/KimberlyMachinery\"]}]}<\/script>\n<!-- \/ Yoast SEO plugin. -->","yoast_head_json":{"title":"QT10-15 Block Making Machine Supplier & Factory - Kimberly Machinery","description":"Reliable QT10-15 block making machine supplier offering durable, high-efficiency equipment for global buyers, wholesalers, and construction material distributors","robots":{"index":"index","follow":"follow","max-snippet":"max-snippet:-1","max-image-preview":"max-image-preview:large","max-video-preview":"max-video-preview:-1"},"canonical":"https:\/\/www.kblmachinery.com\/fr\/qt10-15-brick-block-making-machine\/","og_locale":"fr_FR","og_type":"article","og_title":"QT10-15 Block Making Machine Supplier & Factory - Kimberly Machinery","og_description":"Reliable QT10-15 block making machine supplier offering durable, high-efficiency equipment for global buyers, wholesalers, and construction material distributors","og_url":"https:\/\/www.kblmachinery.com\/fr\/qt10-15-brick-block-making-machine\/","og_site_name":"Kimberly Machinery","article_publisher":"https:\/\/www.facebook.com\/KimberlyMachinery","article_modified_time":"2025-11-27T03:01:44+00:00","og_image":[{"width":800,"height":800,"url":"https:\/\/www.kblmachinery.com\/wp-content\/uploads\/2025\/11\/QT10-15-BrickBlock-Making-Machine-3.webp","type":"image\/webp"}],"twitter_card":"summary_large_image","twitter_misc":{"Dur\u00e9e de lecture estim\u00e9e":"2 minutes"},"schema":{"@context":"https:\/\/schema.org","@graph":[{"@type":"WebPage","@id":"https:\/\/www.kblmachinery.com\/qt10-15-brick-block-making-machine\/","url":"https:\/\/www.kblmachinery.com\/qt10-15-brick-block-making-machine\/","name":"QT10-15 Block Making Machine Supplier & Factory - Kimberly Machinery","isPartOf":{"@id":"https:\/\/www.kblmachinery.com\/#website"},"primaryImageOfPage":{"@id":"https:\/\/www.kblmachinery.com\/qt10-15-brick-block-making-machine\/#primaryimage"},"image":{"@id":"https:\/\/www.kblmachinery.com\/qt10-15-brick-block-making-machine\/#primaryimage"},"thumbnailUrl":"https:\/\/www.kblmachinery.com\/wp-content\/uploads\/2025\/11\/QT10-15-BrickBlock-Making-Machine-3.webp","datePublished":"2024-09-08T03:46:00+00:00","dateModified":"2025-11-27T03:01:44+00:00","description":"Reliable QT10-15 block making machine supplier offering durable, high-efficiency equipment for global buyers, wholesalers, and construction material distributors","breadcrumb":{"@id":"https:\/\/www.kblmachinery.com\/qt10-15-brick-block-making-machine\/#breadcrumb"},"inLanguage":"fr-FR","potentialAction":[{"@type":"ReadAction","target":["https:\/\/www.kblmachinery.com\/qt10-15-brick-block-making-machine\/"]}]},{"@type":"ImageObject","inLanguage":"fr-FR","@id":"https:\/\/www.kblmachinery.com\/qt10-15-brick-block-making-machine\/#primaryimage","url":"https:\/\/www.kblmachinery.com\/wp-content\/uploads\/2025\/11\/QT10-15-BrickBlock-Making-Machine-3.webp","contentUrl":"https:\/\/www.kblmachinery.com\/wp-content\/uploads\/2025\/11\/QT10-15-BrickBlock-Making-Machine-3.webp","width":800,"height":800,"caption":"QT10-15 Brick Block Making Machine"},{"@type":"BreadcrumbList","@id":"https:\/\/www.kblmachinery.com\/qt10-15-brick-block-making-machine\/#breadcrumb","itemListElement":[{"@type":"ListItem","position":1,"name":"Home","item":"https:\/\/www.kblmachinery.com\/"},{"@type":"ListItem","position":2,"name":"QT10-15 Block Making Machine"}]},{"@type":"WebSite","@id":"https:\/\/www.kblmachinery.com\/#website","url":"https:\/\/www.kblmachinery.com\/","name":"Professional Brick\/Block Making Machine in China","description":"Block Machine Manufacturer - Kimberly Machinery","publisher":{"@id":"https:\/\/www.kblmachinery.com\/#organization"},"potentialAction":[{"@type":"SearchAction","target":{"@type":"EntryPoint","urlTemplate":"https:\/\/www.kblmachinery.com\/?s={search_term_string}"},"query-input":{"@type":"PropertyValueSpecification","valueRequired":true,"valueName":"search_term_string"}}],"inLanguage":"fr-FR"},{"@type":"Organization","@id":"https:\/\/www.kblmachinery.com\/#organization","name":"Quanzhou Kimberly Machinery Manufacturing Co. Ltd","url":"https:\/\/www.kblmachinery.com\/","logo":{"@type":"ImageObject","inLanguage":"fr-FR","@id":"https:\/\/www.kblmachinery.com\/#\/schema\/logo\/image\/","url":"https:\/\/www.kblmachinery.com\/wp-content\/uploads\/2025\/11\/cropped-logo-1-1.png","contentUrl":"https:\/\/www.kblmachinery.com\/wp-content\/uploads\/2025\/11\/cropped-logo-1-1.png","width":123,"height":136,"caption":"Quanzhou Kimberly Machinery Manufacturing Co. Ltd"},"image":{"@id":"https:\/\/www.kblmachinery.com\/#\/schema\/logo\/image\/"},"sameAs":["https:\/\/www.facebook.com\/KimberlyMachinery"]}]}},"_links":{"self":[{"href":"https:\/\/www.kblmachinery.com\/fr\/wp-json\/wp\/v2\/product\/8324","targetHints":{"allow":["GET"]}}],"collection":[{"href":"https:\/\/www.kblmachinery.com\/fr\/wp-json\/wp\/v2\/product"}],"about":[{"href":"https:\/\/www.kblmachinery.com\/fr\/wp-json\/wp\/v2\/types\/product"}],"wp:featuredmedia":[{"embeddable":true,"href":"https:\/\/www.kblmachinery.com\/fr\/wp-json\/wp\/v2\/media\/8325"}],"wp:attachment":[{"href":"https:\/\/www.kblmachinery.com\/fr\/wp-json\/wp\/v2\/media?parent=8324"}],"wp:term":[{"taxonomy":"product_brand","embeddable":true,"href":"https:\/\/www.kblmachinery.com\/fr\/wp-json\/wp\/v2\/product_brand?post=8324"},{"taxonomy":"product_cat","embeddable":true,"href":"https:\/\/www.kblmachinery.com\/fr\/wp-json\/wp\/v2\/product_cat?post=8324"},{"taxonomy":"product_tag","embeddable":true,"href":"https:\/\/www.kblmachinery.com\/fr\/wp-json\/wp\/v2\/product_tag?post=8324"}],"curies":[{"name":"wp","href":"https:\/\/api.w.org\/{rel}","templated":true}]}}