{"id":8339,"date":"2024-09-11T06:22:00","date_gmt":"2024-09-11T06:22:00","guid":{"rendered":"https:\/\/www.kblmachinery.com\/?post_type=product&#038;p=8339"},"modified":"2025-11-28T06:22:44","modified_gmt":"2025-11-28T06:22:44","slug":"qt18-15-brickblock-making-machine","status":"publish","type":"product","link":"https:\/\/www.kblmachinery.com\/fr\/qt18-15-brickblock-making-machine\/","title":{"rendered":"Machine de fabrication de briques QT18-15"},"content":{"rendered":"<h2>Avantages de la machine de fabrication de blocs de b\u00e9ton Kimberly Machinery QT series :<\/h2>\n<ul>\n<li>Armoire de commande PLC<\/li>\n<\/ul>\n<p>Notre armoire de commande PLC est \u00e9quip\u00e9e d'un PLC et de boutons-poussoirs SIEMENS, de relais ABB et de composants \u00e9lectriques Schneider, ce qui garantit un fonctionnement stable et intelligent. Une r\u00e9sistance suppl\u00e9mentaire de dissipation de la chaleur est install\u00e9e sur le c\u00f4t\u00e9 droit de l'automate afin d'am\u00e9liorer l'efficacit\u00e9 du refroidissement, ce qui r\u00e9duit consid\u00e9rablement le temps de cycle et am\u00e9liore les performances globales de la machine.<\/p>\n<ul>\n<li>Stations hydrauliques et \u00e9lectrovannes<\/li>\n<\/ul>\n<p>Le syst\u00e8me hydraulique est \u00e9quip\u00e9 de pompes et d'\u00e9lectrovannes de marque YUKEN (Taiwan). L'ensemble de la station hydraulique est enti\u00e8rement \u00e9tanche, ce qui \u00e9vite les fuites d'huile, et elle est \u00e9quip\u00e9e d'un couvercle de protection pour faciliter le nettoyage et l'entretien.<\/p>\n<ul>\n<li>Syst\u00e8me de vibration et alimentation en mati\u00e8res premi\u00e8res<\/li>\n<\/ul>\n<p>Notre machine adopte une technologie allemande avanc\u00e9e de contr\u00f4le de la conversion de fr\u00e9quence, assurant une force de vibration stable et un compactage optimal. Cela garantit une densit\u00e9 et une uniformit\u00e9 excellentes pour divers types de blocs et de pav\u00e9s.<\/p>\n<ul>\n<li>Structure du caisson vibrant \u00e0 haute r\u00e9sistance<\/li>\n<\/ul>\n<p>Le caisson de vibration est fabriqu\u00e9 \u00e0 partir d'une plaque moul\u00e9e d'une seule pi\u00e8ce, et non soud\u00e9e \u00e0 partir de plusieurs plaques d'acier. Cette conception am\u00e9liore consid\u00e9rablement la r\u00e9sistance structurelle, la durabilit\u00e9 et la dur\u00e9e de vie.<\/p>\n<ul>\n<li>Certifications<\/li>\n<\/ul>\n<p>Nos machines r\u00e9pondent aux normes internationales et sont certifi\u00e9es CE, ISO9001:2000 et SGS.<\/p>\n<ul>\n<li>Mat\u00e9riaux et technologie des moules \u00e0 blocs<\/li>\n<\/ul>\n<p>Les moules \u00e0 bloc sont fabriqu\u00e9s en acier Q345B (ou personnalis\u00e9s selon les exigences de l'acheteur). Nous utilisons des proc\u00e9d\u00e9s de traitement thermique et une technologie avanc\u00e9e de d\u00e9coupe lin\u00e9aire CNC, en particulier pour les moules Unipaver, ce qui garantit la pr\u00e9cision et \u00e9limine les faibles joints soud\u00e9s.<\/p>\n<ul>\n<li>Une productivit\u00e9 \u00e9lev\u00e9e<\/li>\n<\/ul>\n<p>Le temps de cycle le plus rapide peut atteindre 12-13 secondes par palette pour les blocs pleins, ce qui permet d'augmenter consid\u00e9rablement le rendement journalier. Con\u00e7ue pour durer, la machine peut fonctionner 24 heures en continu sans perte de performance.<\/p>\n<h2>Sp\u00e9cifications :<\/h2>\n<table class=\"tg\" style=\"border-collapse: collapse; border-spacing: 0; width: 1100px;\">\n<thead>\n<tr>\n<th style=\"font-family: Arial, sans-serif; font-size: 14px; font-weight: normal; overflow: hidden; padding: 10px 5px; text-align: left; vertical-align: top; word-break: normal; border: 1px solid black;\">Poids total<\/th>\n<th style=\"font-family: Arial, sans-serif; font-size: 14px; font-weight: normal; overflow: hidden; padding: 10px 5px; text-align: left; vertical-align: top; word-break: normal; border: 1px solid black;\">34000(kg)<\/th>\n<\/tr>\n<\/thead>\n<tbody>\n<tr>\n<td style=\"font-family: Arial, sans-serif; font-size: 14px; overflow: hidden; padding: 10px 5px; text-align: left; vertical-align: top; word-break: normal; border: 1px solid black;\">Surdimensionn\u00e9<\/td>\n<td style=\"font-family: Arial, sans-serif; font-size: 14px; overflow: hidden; padding: 10px 5px; text-align: left; vertical-align: top; word-break: normal; border: 1px solid black;\">15500*5500*3200mm<\/td>\n<\/tr>\n<tr>\n<td style=\"font-family: Arial, sans-serif; font-size: 14px; overflow: hidden; padding: 10px 5px; text-align: left; vertical-align: top; word-break: normal; border: 1px solid black;\"><span style=\"font-style: inherit;\">Puissance totale<\/span><\/td>\n<td style=\"font-family: Arial, sans-serif; font-size: 14px; overflow: hidden; padding: 10px 5px; text-align: left; vertical-align: top; word-break: normal; border: 1px solid black;\">104 kw<\/td>\n<\/tr>\n<tr>\n<td style=\"font-family: Arial, sans-serif; font-size: 14px; overflow: hidden; padding: 10px 5px; text-align: left; vertical-align: top; word-break: normal; border: 1px solid black;\">Cycle de moulage<\/td>\n<td style=\"font-family: Arial, sans-serif; font-size: 14px; overflow: hidden; padding: 10px 5px; text-align: left; vertical-align: top; word-break: normal; border: 1px solid black;\">15-23s<\/td>\n<\/tr>\n<tr>\n<td style=\"font-family: Arial, sans-serif; font-size: 14px; overflow: hidden; padding: 10px 5px; text-align: left; vertical-align: top; word-break: normal; border: 1px solid black;\">Pression atmosph\u00e9rique<\/td>\n<td style=\"font-family: Arial, sans-serif; font-size: 14px; overflow: hidden; padding: 10px 5px; text-align: left; vertical-align: top; word-break: normal; border: 1px solid black;\">280KN<\/td>\n<\/tr>\n<tr>\n<td style=\"font-family: Arial, sans-serif; font-size: 14px; overflow: hidden; padding: 10px 5px; text-align: left; vertical-align: top; word-break: normal; border: 1px solid black;\">Poids de la machine h\u00f4te<\/td>\n<td style=\"font-family: Arial, sans-serif; font-size: 14px; overflow: hidden; padding: 10px 5px; text-align: left; vertical-align: top; word-break: normal; border: 1px solid black;\">20000 kg<\/td>\n<\/tr>\n<tr>\n<td style=\"font-family: Arial, sans-serif; font-size: 14px; overflow: hidden; padding: 10px 5px; text-align: left; vertical-align: top; word-break: normal; border: 1px solid black;\">Taille de la palette<\/td>\n<td style=\"font-family: Arial, sans-serif; font-size: 14px; overflow: hidden; padding: 10px 5px; text-align: left; vertical-align: top; word-break: normal; border: 1px solid black;\">1350*1350*30mm ou 1400*1400*30mm<\/td>\n<\/tr>\n<tr>\n<td style=\"font-family: Arial, sans-serif; font-size: 14px; overflow: hidden; padding: 10px 5px; text-align: left; vertical-align: top; word-break: normal; border: 1px solid black;\"><span style=\"font-style: inherit;\">M\u00e9thode de moulage<\/span><\/td>\n<td style=\"font-family: Arial, sans-serif; font-size: 14px; overflow: hidden; padding: 10px 5px; text-align: left; vertical-align: top; word-break: normal; border: 1px solid black;\"><span style=\"font-style: inherit;\">Hydraulique avec vibration<\/span><\/td>\n<\/tr>\n<tr>\n<td style=\"font-family: Arial, sans-serif; font-size: 14px; overflow: hidden; padding: 10px 5px; text-align: left; vertical-align: top; word-break: normal; border: 1px solid black;\"><span style=\"font-style: inherit;\">Mod\u00e8le <\/span><\/td>\n<td style=\"font-family: Arial, sans-serif; font-size: 14px; overflow: hidden; padding: 10px 5px; text-align: left; vertical-align: top; word-break: normal; border: 1px solid black;\">QT18-15<\/td>\n<\/tr>\n<\/tbody>\n<\/table>\n<h2>QT18-15 Machine \u00e0 blocs creux Capacit\u00e9 de production de b\u00e9ton :<\/h2>\n<table class=\"tg\" style=\"border-collapse: collapse; border-spacing: 0; width: 1100px;\">\n<thead>\n<tr>\n<th style=\"font-family: Arial, sans-serif; font-size: 14px; font-weight: normal; overflow: hidden; padding: 10px 5px; text-align: left; vertical-align: top; word-break: normal; border: 1px solid black;\"><span style=\"font-style: inherit;\">Nom de l'\u00e9chantillon en bloc<\/span><\/th>\n<th style=\"font-family: Arial, sans-serif; font-size: 14px; font-weight: normal; overflow: hidden; padding: 10px 5px; text-align: left; vertical-align: top; word-break: normal; border: 1px solid black;\"><span style=\"font-style: inherit;\">Sp\u00e9cifications<\/span><\/th>\n<th style=\"font-family: Arial, sans-serif; font-size: 14px; font-weight: normal; overflow: hidden; padding: 10px 5px; text-align: left; vertical-align: top; word-break: normal; border: 1px solid black;\"><span style=\"font-style: inherit;\">Pcs\/moule<\/span><\/th>\n<th style=\"font-family: Arial, sans-serif; font-size: 14px; font-weight: normal; overflow: hidden; padding: 10px 5px; text-align: left; vertical-align: top; word-break: normal; border: 1px solid black;\"><span style=\"font-style: inherit;\">Pcs\/8 heures<\/span><\/th>\n<\/tr>\n<\/thead>\n<tbody>\n<tr>\n<td style=\"font-family: Arial, sans-serif; font-size: 14px; overflow: hidden; padding: 10px 5px; text-align: left; vertical-align: top; word-break: normal; border: 1px solid black;\"><span style=\"font-style: inherit;\">Bloc creux <\/span><\/td>\n<td style=\"font-family: Arial, sans-serif; font-size: 14px; overflow: hidden; padding: 10px 5px; text-align: left; vertical-align: top; word-break: normal; border: 1px solid black;\">390*190*190mm<\/td>\n<td style=\"font-family: Arial, sans-serif; font-size: 14px; overflow: hidden; padding: 10px 5px; text-align: left; vertical-align: top; word-break: normal; border: 1px solid black;\">18pcs\/moule<\/td>\n<td style=\"font-family: Arial, sans-serif; font-size: 14px; overflow: hidden; padding: 10px 5px; text-align: left; vertical-align: top; word-break: normal; border: 1px solid black;\">27000-36000pcs\/8 heures<\/td>\n<\/tr>\n<tr>\n<td style=\"font-family: Arial, sans-serif; font-size: 14px; overflow: hidden; padding: 10px 5px; text-align: left; vertical-align: top; word-break: normal; border: 1px solid black;\"><span style=\"font-style: inherit;\">Bloc poreux<\/span><\/td>\n<td style=\"font-family: Arial, sans-serif; font-size: 14px; overflow: hidden; padding: 10px 5px; text-align: left; vertical-align: top; word-break: normal; border: 1px solid black;\">240*115*90mm<\/td>\n<td style=\"font-family: Arial, sans-serif; font-size: 14px; overflow: hidden; padding: 10px 5px; text-align: left; vertical-align: top; word-break: normal; border: 1px solid black;\">54pcs\/moule<\/td>\n<td style=\"font-family: Arial, sans-serif; font-size: 14px; overflow: hidden; padding: 10px 5px; text-align: left; vertical-align: top; word-break: normal; border: 1px solid black;\">65000-81000pcs\/8 heures<\/td>\n<\/tr>\n<tr>\n<td style=\"font-family: Arial, sans-serif; font-size: 14px; overflow: hidden; padding: 10px 5px; text-align: left; vertical-align: top; word-break: normal; border: 1px solid black;\">Pav\u00e9 de couleur<\/td>\n<td style=\"font-family: Arial, sans-serif; font-size: 14px; overflow: hidden; padding: 10px 5px; text-align: left; vertical-align: top; word-break: normal; border: 1px solid black;\">200*100*60mm<\/td>\n<td style=\"font-family: Arial, sans-serif; font-size: 14px; overflow: hidden; padding: 10px 5px; text-align: left; vertical-align: top; word-break: normal; border: 1px solid black;\">66pcs\/moule<\/td>\n<td style=\"font-family: Arial, sans-serif; font-size: 14px; overflow: hidden; padding: 10px 5px; text-align: left; vertical-align: top; word-break: normal; border: 1px solid black;\">66000-79200pcs\/8 heures<\/td>\n<\/tr>\n<tr>\n<td style=\"font-family: Arial, sans-serif; font-size: 14px; overflow: hidden; padding: 10px 5px; text-align: left; vertical-align: top; word-break: normal; border: 1px solid black;\">Brique pleine<\/td>\n<td style=\"font-family: Arial, sans-serif; font-size: 14px; overflow: hidden; padding: 10px 5px; text-align: left; vertical-align: top; word-break: normal; border: 1px solid black;\">238*115*51mm<\/td>\n<td style=\"font-family: Arial, sans-serif; font-size: 14px; overflow: hidden; padding: 10px 5px; text-align: left; vertical-align: top; word-break: normal; border: 1px solid black;\">110pcs\/moule<\/td>\n<td style=\"font-family: Arial, sans-serif; font-size: 14px; overflow: hidden; padding: 10px 5px; text-align: left; vertical-align: top; word-break: normal; border: 1px solid black;\">165000-198000pcs\/8 heures<\/td>\n<\/tr>\n<\/tbody>\n<\/table>\n<p><img loading=\"lazy\" decoding=\"async\" class=\"size-full wp-image-8342 aligncenter\" src=\"https:\/\/www.kblmachinery.com\/wp-content\/uploads\/2025\/11\/QT18-15-BrickBlock-Making-Machine-6.webp\" alt=\"QT18-15 Machine de fabrication de blocs de briques\" width=\"800\" height=\"800\" srcset=\"https:\/\/www.kblmachinery.com\/wp-content\/uploads\/2025\/11\/QT18-15-BrickBlock-Making-Machine-6.webp 800w, https:\/\/www.kblmachinery.com\/wp-content\/uploads\/2025\/11\/QT18-15-BrickBlock-Making-Machine-6-100x100.webp 100w, https:\/\/www.kblmachinery.com\/wp-content\/uploads\/2025\/11\/QT18-15-BrickBlock-Making-Machine-6-600x600.webp 600w\" sizes=\"auto, (max-width: 800px) 100vw, 800px\" \/><\/p>\n<h2 data-start=\"105\" data-end=\"155\">Principales caract\u00e9ristiques de notre machine \u00e0 blocs QT18-15<\/h2>\n<ol>\n<li>High-Precision SERVO Motors<br \/>\nEquipped with advanced SERVO motor technology to ensure faster response, smoother operation, and consistent production stability.<\/li>\n<li>Up to 50% Noise Reduction<br \/>\nOptimized mechanical structure and servo-driven vibration system significantly reduce working noise, creating a safer and more comfortable operating environment.<\/li>\n<li>35% Lower Energy Consumption<br \/>\nThe efficient servo control system minimizes unnecessary power loss, delivering outstanding energy savings during continuous production.<\/li>\n<li>30% Higher Work Efficiency<br \/>\nFaster cycle times and improved vibration performance enhance overall productivity, allowing higher output with the same labor cost.<\/li>\n<li>Modern &amp; User-Friendly Appearance<br \/>\nThe QT18-15 comes with an upgraded exterior design\u2014clean, robust, and industrial-grade\u2014highlighting both quality and professionalism.<\/li>\n<li>Advanced Arm-Swing Technology for Mould Handling<br \/>\nOur machine adopts innovative arm-swing technology for precise block mould movement, improving alignment accuracy, mould lifespan, and production stability.<\/li>\n<\/ol>\n<h2 data-start=\"64\" data-end=\"92\">\u00c0 propos de Kimberly Machinery<\/h2>\n<p data-start=\"94\" data-end=\"529\">Kimberly Machinery est un fabricant r\u00e9put\u00e9 d'\u00e9quipements de production de blocs de b\u00e9ton de haute qualit\u00e9. En tant que leader <a class=\"decorated-link\" href=\"https:\/\/www.kblmachinery.com\/\" target=\"_new\" rel=\"noopener\" data-start=\"205\" data-end=\"271\">fabricant de machines \u00e0 fabriquer des blocs<\/a>Kimberly Machinery fournit des machines durables, efficaces et rentables pour les projets de construction mondiaux. Gr\u00e2ce \u00e0 une technologie de pointe, un contr\u00f4le de qualit\u00e9 strict et un service fiable, Kimberly Machinery offre des performances stables et une valeur \u00e0 long terme \u00e0 ses clients dans le monde entier.<\/p>\n<div><iframe loading=\"lazy\" title=\"Lecteur vid\u00e9o YouTube\" src=\"https:\/\/www.youtube.com\/embed\/A42kvPc-zpE?si=TxMr25F1T8F4xsGw\" width=\"560\" height=\"315\" frameborder=\"0\" allowfullscreen=\"allowfullscreen\"><\/iframe><\/div>","protected":false},"excerpt":{"rendered":"<ul>\n<li>Unit\u00e9s de vente : Article unique<\/li>\n<li>Taille de l'emballage unique : 98X68X50 cm<\/li>\n<li>Poids brut simple : 68 000 kg<\/li>\n<\/ul>","protected":false},"featured_media":8340,"template":"","meta":[],"product_brand":[],"product_cat":[775,777],"product_tag":[],"class_list":{"0":"post-8339","1":"product","2":"type-product","3":"status-publish","4":"has-post-thumbnail","6":"product_cat-concrete-block-making-machine","7":"product_cat-vibration-type-brick-block-making-machine","9":"first","10":"instock","11":"shipping-taxable","12":"product-type-simple"},"yoast_head":"<!-- This site is optimized with the Yoast SEO plugin v24.4 - https:\/\/yoast.com\/wordpress\/plugins\/seo\/ -->\n<title>QT18-15 Brick\/Block Making Machine Manufacturer | Kimberly Machinery<\/title>\n<meta name=\"description\" content=\"Kimberly Machinery is a reliable block making machine manufacturer offering durable, high-efficiency equipment for global buyers, distributors, and construction suppliers.\" \/>\n<meta name=\"robots\" content=\"index, follow, max-snippet:-1, max-image-preview:large, max-video-preview:-1\" \/>\n<link rel=\"canonical\" href=\"https:\/\/www.kblmachinery.com\/fr\/qt18-15-brickblock-making-machine\/\" \/>\n<meta property=\"og:locale\" content=\"fr_FR\" \/>\n<meta property=\"og:type\" content=\"article\" \/>\n<meta property=\"og:title\" content=\"QT18-15 Brick\/Block Making Machine Manufacturer | Kimberly Machinery\" \/>\n<meta property=\"og:description\" content=\"Kimberly Machinery is a reliable block making machine manufacturer offering durable, high-efficiency equipment for global buyers, distributors, and construction suppliers.\" \/>\n<meta property=\"og:url\" content=\"https:\/\/www.kblmachinery.com\/fr\/qt18-15-brickblock-making-machine\/\" \/>\n<meta property=\"og:site_name\" content=\"Kimberly Machinery\" \/>\n<meta property=\"article:publisher\" content=\"https:\/\/www.facebook.com\/KimberlyMachinery\" \/>\n<meta property=\"article:modified_time\" content=\"2025-11-28T06:22:44+00:00\" \/>\n<meta property=\"og:image\" content=\"https:\/\/www.kblmachinery.com\/wp-content\/uploads\/2025\/11\/QT18-15-BrickBlock-Making-Machine-4.webp\" \/>\n\t<meta property=\"og:image:width\" content=\"800\" \/>\n\t<meta property=\"og:image:height\" content=\"800\" \/>\n\t<meta property=\"og:image:type\" content=\"image\/webp\" \/>\n<meta name=\"twitter:card\" content=\"summary_large_image\" \/>\n<meta name=\"twitter:label1\" content=\"Dur\u00e9e de lecture estim\u00e9e\" \/>\n\t<meta name=\"twitter:data1\" content=\"3 minutes\" \/>\n<script type=\"application\/ld+json\" class=\"yoast-schema-graph\">{\"@context\":\"https:\/\/schema.org\",\"@graph\":[{\"@type\":\"WebPage\",\"@id\":\"https:\/\/www.kblmachinery.com\/qt18-15-brickblock-making-machine\/\",\"url\":\"https:\/\/www.kblmachinery.com\/qt18-15-brickblock-making-machine\/\",\"name\":\"QT18-15 Brick\/Block Making Machine Manufacturer | Kimberly Machinery\",\"isPartOf\":{\"@id\":\"https:\/\/www.kblmachinery.com\/#website\"},\"primaryImageOfPage\":{\"@id\":\"https:\/\/www.kblmachinery.com\/qt18-15-brickblock-making-machine\/#primaryimage\"},\"image\":{\"@id\":\"https:\/\/www.kblmachinery.com\/qt18-15-brickblock-making-machine\/#primaryimage\"},\"thumbnailUrl\":\"https:\/\/www.kblmachinery.com\/wp-content\/uploads\/2025\/11\/QT18-15-BrickBlock-Making-Machine-4.webp\",\"datePublished\":\"2024-09-11T06:22:00+00:00\",\"dateModified\":\"2025-11-28T06:22:44+00:00\",\"description\":\"Kimberly Machinery is a reliable block making machine manufacturer offering durable, high-efficiency equipment for global buyers, distributors, and construction suppliers.\",\"breadcrumb\":{\"@id\":\"https:\/\/www.kblmachinery.com\/qt18-15-brickblock-making-machine\/#breadcrumb\"},\"inLanguage\":\"fr-FR\",\"potentialAction\":[{\"@type\":\"ReadAction\",\"target\":[\"https:\/\/www.kblmachinery.com\/qt18-15-brickblock-making-machine\/\"]}]},{\"@type\":\"ImageObject\",\"inLanguage\":\"fr-FR\",\"@id\":\"https:\/\/www.kblmachinery.com\/qt18-15-brickblock-making-machine\/#primaryimage\",\"url\":\"https:\/\/www.kblmachinery.com\/wp-content\/uploads\/2025\/11\/QT18-15-BrickBlock-Making-Machine-4.webp\",\"contentUrl\":\"https:\/\/www.kblmachinery.com\/wp-content\/uploads\/2025\/11\/QT18-15-BrickBlock-Making-Machine-4.webp\",\"width\":800,\"height\":800,\"caption\":\"QT18-15 Brick Block Making Machine\"},{\"@type\":\"BreadcrumbList\",\"@id\":\"https:\/\/www.kblmachinery.com\/qt18-15-brickblock-making-machine\/#breadcrumb\",\"itemListElement\":[{\"@type\":\"ListItem\",\"position\":1,\"name\":\"Home\",\"item\":\"https:\/\/www.kblmachinery.com\/\"},{\"@type\":\"ListItem\",\"position\":2,\"name\":\"QT18-15 Brick\/Block Making Machine\"}]},{\"@type\":\"WebSite\",\"@id\":\"https:\/\/www.kblmachinery.com\/#website\",\"url\":\"https:\/\/www.kblmachinery.com\/\",\"name\":\"Professional Brick\/Block Making Machine in China\",\"description\":\"Block Machine Manufacturer - Kimberly Machinery\",\"publisher\":{\"@id\":\"https:\/\/www.kblmachinery.com\/#organization\"},\"potentialAction\":[{\"@type\":\"SearchAction\",\"target\":{\"@type\":\"EntryPoint\",\"urlTemplate\":\"https:\/\/www.kblmachinery.com\/?s={search_term_string}\"},\"query-input\":{\"@type\":\"PropertyValueSpecification\",\"valueRequired\":true,\"valueName\":\"search_term_string\"}}],\"inLanguage\":\"fr-FR\"},{\"@type\":\"Organization\",\"@id\":\"https:\/\/www.kblmachinery.com\/#organization\",\"name\":\"Quanzhou Kimberly Machinery Manufacturing Co. Ltd\",\"url\":\"https:\/\/www.kblmachinery.com\/\",\"logo\":{\"@type\":\"ImageObject\",\"inLanguage\":\"fr-FR\",\"@id\":\"https:\/\/www.kblmachinery.com\/#\/schema\/logo\/image\/\",\"url\":\"https:\/\/www.kblmachinery.com\/wp-content\/uploads\/2025\/11\/cropped-logo-1-1.png\",\"contentUrl\":\"https:\/\/www.kblmachinery.com\/wp-content\/uploads\/2025\/11\/cropped-logo-1-1.png\",\"width\":123,\"height\":136,\"caption\":\"Quanzhou Kimberly Machinery Manufacturing Co. Ltd\"},\"image\":{\"@id\":\"https:\/\/www.kblmachinery.com\/#\/schema\/logo\/image\/\"},\"sameAs\":[\"https:\/\/www.facebook.com\/KimberlyMachinery\"]}]}<\/script>\n<!-- \/ Yoast SEO plugin. -->","yoast_head_json":{"title":"QT18-15 Brick\/Block Making Machine Manufacturer | Kimberly Machinery","description":"Kimberly Machinery is a reliable block making machine manufacturer offering durable, high-efficiency equipment for global buyers, distributors, and construction suppliers.","robots":{"index":"index","follow":"follow","max-snippet":"max-snippet:-1","max-image-preview":"max-image-preview:large","max-video-preview":"max-video-preview:-1"},"canonical":"https:\/\/www.kblmachinery.com\/fr\/qt18-15-brickblock-making-machine\/","og_locale":"fr_FR","og_type":"article","og_title":"QT18-15 Brick\/Block Making Machine Manufacturer | Kimberly Machinery","og_description":"Kimberly Machinery is a reliable block making machine manufacturer offering durable, high-efficiency equipment for global buyers, distributors, and construction suppliers.","og_url":"https:\/\/www.kblmachinery.com\/fr\/qt18-15-brickblock-making-machine\/","og_site_name":"Kimberly Machinery","article_publisher":"https:\/\/www.facebook.com\/KimberlyMachinery","article_modified_time":"2025-11-28T06:22:44+00:00","og_image":[{"width":800,"height":800,"url":"https:\/\/www.kblmachinery.com\/wp-content\/uploads\/2025\/11\/QT18-15-BrickBlock-Making-Machine-4.webp","type":"image\/webp"}],"twitter_card":"summary_large_image","twitter_misc":{"Dur\u00e9e de lecture estim\u00e9e":"3 minutes"},"schema":{"@context":"https:\/\/schema.org","@graph":[{"@type":"WebPage","@id":"https:\/\/www.kblmachinery.com\/qt18-15-brickblock-making-machine\/","url":"https:\/\/www.kblmachinery.com\/qt18-15-brickblock-making-machine\/","name":"QT18-15 Brick\/Block Making Machine Manufacturer | Kimberly Machinery","isPartOf":{"@id":"https:\/\/www.kblmachinery.com\/#website"},"primaryImageOfPage":{"@id":"https:\/\/www.kblmachinery.com\/qt18-15-brickblock-making-machine\/#primaryimage"},"image":{"@id":"https:\/\/www.kblmachinery.com\/qt18-15-brickblock-making-machine\/#primaryimage"},"thumbnailUrl":"https:\/\/www.kblmachinery.com\/wp-content\/uploads\/2025\/11\/QT18-15-BrickBlock-Making-Machine-4.webp","datePublished":"2024-09-11T06:22:00+00:00","dateModified":"2025-11-28T06:22:44+00:00","description":"Kimberly Machinery is a reliable block making machine manufacturer offering durable, high-efficiency equipment for global buyers, distributors, and construction suppliers.","breadcrumb":{"@id":"https:\/\/www.kblmachinery.com\/qt18-15-brickblock-making-machine\/#breadcrumb"},"inLanguage":"fr-FR","potentialAction":[{"@type":"ReadAction","target":["https:\/\/www.kblmachinery.com\/qt18-15-brickblock-making-machine\/"]}]},{"@type":"ImageObject","inLanguage":"fr-FR","@id":"https:\/\/www.kblmachinery.com\/qt18-15-brickblock-making-machine\/#primaryimage","url":"https:\/\/www.kblmachinery.com\/wp-content\/uploads\/2025\/11\/QT18-15-BrickBlock-Making-Machine-4.webp","contentUrl":"https:\/\/www.kblmachinery.com\/wp-content\/uploads\/2025\/11\/QT18-15-BrickBlock-Making-Machine-4.webp","width":800,"height":800,"caption":"QT18-15 Brick Block Making Machine"},{"@type":"BreadcrumbList","@id":"https:\/\/www.kblmachinery.com\/qt18-15-brickblock-making-machine\/#breadcrumb","itemListElement":[{"@type":"ListItem","position":1,"name":"Home","item":"https:\/\/www.kblmachinery.com\/"},{"@type":"ListItem","position":2,"name":"QT18-15 Brick\/Block Making Machine"}]},{"@type":"WebSite","@id":"https:\/\/www.kblmachinery.com\/#website","url":"https:\/\/www.kblmachinery.com\/","name":"Professional Brick\/Block Making Machine in China","description":"Block Machine Manufacturer - Kimberly Machinery","publisher":{"@id":"https:\/\/www.kblmachinery.com\/#organization"},"potentialAction":[{"@type":"SearchAction","target":{"@type":"EntryPoint","urlTemplate":"https:\/\/www.kblmachinery.com\/?s={search_term_string}"},"query-input":{"@type":"PropertyValueSpecification","valueRequired":true,"valueName":"search_term_string"}}],"inLanguage":"fr-FR"},{"@type":"Organization","@id":"https:\/\/www.kblmachinery.com\/#organization","name":"Quanzhou Kimberly Machinery Manufacturing Co. Ltd","url":"https:\/\/www.kblmachinery.com\/","logo":{"@type":"ImageObject","inLanguage":"fr-FR","@id":"https:\/\/www.kblmachinery.com\/#\/schema\/logo\/image\/","url":"https:\/\/www.kblmachinery.com\/wp-content\/uploads\/2025\/11\/cropped-logo-1-1.png","contentUrl":"https:\/\/www.kblmachinery.com\/wp-content\/uploads\/2025\/11\/cropped-logo-1-1.png","width":123,"height":136,"caption":"Quanzhou Kimberly Machinery Manufacturing Co. Ltd"},"image":{"@id":"https:\/\/www.kblmachinery.com\/#\/schema\/logo\/image\/"},"sameAs":["https:\/\/www.facebook.com\/KimberlyMachinery"]}]}},"_links":{"self":[{"href":"https:\/\/www.kblmachinery.com\/fr\/wp-json\/wp\/v2\/product\/8339","targetHints":{"allow":["GET"]}}],"collection":[{"href":"https:\/\/www.kblmachinery.com\/fr\/wp-json\/wp\/v2\/product"}],"about":[{"href":"https:\/\/www.kblmachinery.com\/fr\/wp-json\/wp\/v2\/types\/product"}],"wp:featuredmedia":[{"embeddable":true,"href":"https:\/\/www.kblmachinery.com\/fr\/wp-json\/wp\/v2\/media\/8340"}],"wp:attachment":[{"href":"https:\/\/www.kblmachinery.com\/fr\/wp-json\/wp\/v2\/media?parent=8339"}],"wp:term":[{"taxonomy":"product_brand","embeddable":true,"href":"https:\/\/www.kblmachinery.com\/fr\/wp-json\/wp\/v2\/product_brand?post=8339"},{"taxonomy":"product_cat","embeddable":true,"href":"https:\/\/www.kblmachinery.com\/fr\/wp-json\/wp\/v2\/product_cat?post=8339"},{"taxonomy":"product_tag","embeddable":true,"href":"https:\/\/www.kblmachinery.com\/fr\/wp-json\/wp\/v2\/product_tag?post=8339"}],"curies":[{"name":"wp","href":"https:\/\/api.w.org\/{rel}","templated":true}]}}