{"id":8354,"date":"2024-08-18T07:33:00","date_gmt":"2024-08-18T07:33:00","guid":{"rendered":"https:\/\/www.kblmachinery.com\/?post_type=product&#038;p=8354"},"modified":"2025-11-28T06:46:01","modified_gmt":"2025-11-28T06:46:01","slug":"concrete-batching-machine","status":"publish","type":"product","link":"https:\/\/www.kblmachinery.com\/fr\/concrete-batching-machine\/","title":{"rendered":"Machine \u00e0 b\u00e9ton"},"content":{"rendered":"<h2 data-start=\"84\" data-end=\"138\">Machine \u00e0 b\u00e9ton - Pr\u00e9sentation du produit<\/h2>\n<p data-start=\"140\" data-end=\"693\">La machine de dosage de b\u00e9ton de Kimberly Machinery est con\u00e7ue pour un dosage pr\u00e9cis et efficace des agr\u00e9gats dans les stations de m\u00e9lange de b\u00e9ton. Elle peut traiter 2 \u00e0 4 types d'agr\u00e9gats, tels que la pierre concass\u00e9e, le sable et d'autres d\u00e9chets industriels. La proportion de chaque agr\u00e9gat est automatiquement contr\u00f4l\u00e9e par un micro-ordinateur, ce qui garantit un pesage pr\u00e9cis et une qualit\u00e9 constante du b\u00e9ton. Les clients peuvent choisir entre le pesage cumulatif par tr\u00e9mie, le pesage cumulatif par bande ou le pesage par tr\u00e9mie s\u00e9par\u00e9e, en fonction de leurs besoins de production.<\/p>\n<h2 data-start=\"695\" data-end=\"750\">Les types de pesage et les num\u00e9ros de bacs peuvent \u00eatre personnalis\u00e9s :<\/h2>\n<ul>\n<li>Pes\u00e9e cumulative de tr\u00e9mie<\/li>\n<\/ul>\n<p>Les agr\u00e9gats sont d\u00e9charg\u00e9s dans une seule tr\u00e9mie pour \u00eatre pes\u00e9s. Ce type offre une structure simple, un faible co\u00fbt et une maintenance facile. Il convient aux machines \u00e0 petite capacit\u00e9 de dosage telles que PL800 (48m\u00b3\/h), PL1200 (60m\u00b3\/h) et PL1600 (80m\u00b3\/h) avec 2 ou 3 tr\u00e9mies.<\/p>\n<ul>\n<li>Pes\u00e9e cumulative par courroie<\/li>\n<\/ul>\n<p>Les agr\u00e9gats sont d\u00e9charg\u00e9s sur un tapis de distribution dot\u00e9 d'une longue tr\u00e9mie, offrant une grande capacit\u00e9 et une livraison rapide. G\u00e9n\u00e9ralement utilis\u00e9 dans les machines PL1600 (80m\u00b3\/h) et PL2400 (120m\u00b3\/h) avec 3-4 tr\u00e9mies.<\/p>\n<ul>\n<li>Pes\u00e9e en tr\u00e9mie s\u00e9par\u00e9e<\/li>\n<\/ul>\n<p>Chaque agr\u00e9gat est d\u00e9charg\u00e9 dans une tr\u00e9mie s\u00e9par\u00e9e \u00e9quip\u00e9e d'un dispositif de pesage, ce qui permet un pesage de haute pr\u00e9cision. G\u00e9n\u00e9ralement utilis\u00e9 dans les machines de dosage PL2400 (120m\u00b3\/h), LP3200 (160m\u00b3\/h) ou plus grandes, ce type est plus avanc\u00e9 et plus co\u00fbteux, mais il garantit une pr\u00e9cision maximale.<\/p>\n<p><img loading=\"lazy\" decoding=\"async\" class=\"size-full wp-image-6485 aligncenter\" src=\"https:\/\/www.kblmachinery.com\/wp-content\/uploads\/2024\/08\/Concrete-Batching-Machine.webp\" alt=\"Machine \u00e0 b\u00e9ton\" width=\"1694\" height=\"820\" srcset=\"https:\/\/www.kblmachinery.com\/wp-content\/uploads\/2024\/08\/Concrete-Batching-Machine.webp 1694w, https:\/\/www.kblmachinery.com\/wp-content\/uploads\/2024\/08\/Concrete-Batching-Machine-1000x484.webp 1000w, https:\/\/www.kblmachinery.com\/wp-content\/uploads\/2024\/08\/Concrete-Batching-Machine-600x290.webp 600w, https:\/\/www.kblmachinery.com\/wp-content\/uploads\/2024\/08\/Concrete-Batching-Machine-300x145.webp 300w, https:\/\/www.kblmachinery.com\/wp-content\/uploads\/2024\/08\/Concrete-Batching-Machine-1024x496.webp 1024w, https:\/\/www.kblmachinery.com\/wp-content\/uploads\/2024\/08\/Concrete-Batching-Machine-768x372.webp 768w, https:\/\/www.kblmachinery.com\/wp-content\/uploads\/2024\/08\/Concrete-Batching-Machine-1536x744.webp 1536w, https:\/\/www.kblmachinery.com\/wp-content\/uploads\/2024\/08\/Concrete-Batching-Machine-18x9.webp 18w\" sizes=\"auto, (max-width: 1694px) 100vw, 1694px\" \/><\/p>\n<h2 data-start=\"1617\" data-end=\"1651\">\u00c0 propos de Kimberly Machinery<\/h2>\n<p data-start=\"1653\" data-end=\"2250\">Kimberly Machinery est un leader mondial dans les domaines suivants <a class=\"decorated-link\" href=\"https:\/\/www.kblmachinery.com\/\" target=\"_new\" rel=\"noopener\" data-start=\"1700\" data-end=\"1763\">ligne de production de blocs de b\u00e9ton<\/a> et <a class=\"decorated-link\" href=\"https:\/\/www.kblmachinery.com\/concrete-block-making-machine\/?utm_source=chatgpt.com\" target=\"_new\" rel=\"noopener\" data-start=\"1772\" data-end=\"1864\">machine de fabrication de blocs de b\u00e9ton<\/a> solutions. Gr\u00e2ce \u00e0 une technologie avanc\u00e9e, un contr\u00f4le de qualit\u00e9 strict et un service apr\u00e8s-vente professionnel, Kimberly Machinery fournit des \u00e9quipements durables, \u00e0 haut rendement et personnalisables aux distributeurs, aux grossistes et aux fabricants de mat\u00e9riaux de construction du monde entier. Nos machines garantissent des performances stables, un rendement pr\u00e9cis et une fiabilit\u00e9 \u00e0 long terme pour la production de blocs \u00e0 grande \u00e9chelle.<\/p>","protected":false},"excerpt":{"rendered":"<ul>\n<li>Unit\u00e9s de vente : Article unique<\/li>\n<li>Taille de l'emballage unique : 70X60X40 cm<\/li>\n<li>Poids brut simple : 50 000 kg<\/li>\n<\/ul>","protected":false},"featured_media":8355,"template":"","meta":[],"product_brand":[],"product_cat":[778],"product_tag":[],"class_list":{"0":"post-8354","1":"product","2":"type-product","3":"status-publish","4":"has-post-thumbnail","6":"product_cat-concrete-mixing-system","8":"first","9":"instock","10":"shipping-taxable","11":"product-type-simple"},"yoast_head":"<!-- This site is optimized with the Yoast SEO plugin v24.4 - https:\/\/yoast.com\/wordpress\/plugins\/seo\/ -->\n<title>Concrete Batching Machine Supplier | Kimberly Machinery<\/title>\n<meta name=\"description\" content=\"High-efficiency concrete batching machine for accurate aggregates weighing. Suitable for concrete block production lines and block making machines.\" \/>\n<meta name=\"robots\" content=\"index, follow, max-snippet:-1, max-image-preview:large, max-video-preview:-1\" \/>\n<link rel=\"canonical\" href=\"https:\/\/www.kblmachinery.com\/fr\/concrete-batching-machine\/\" \/>\n<meta property=\"og:locale\" content=\"fr_FR\" \/>\n<meta property=\"og:type\" content=\"article\" \/>\n<meta property=\"og:title\" content=\"Concrete Batching Machine Supplier | Kimberly Machinery\" \/>\n<meta property=\"og:description\" content=\"High-efficiency concrete batching machine for accurate aggregates weighing. Suitable for concrete block production lines and block making machines.\" \/>\n<meta property=\"og:url\" content=\"https:\/\/www.kblmachinery.com\/fr\/concrete-batching-machine\/\" \/>\n<meta property=\"og:site_name\" content=\"Kimberly Machinery\" \/>\n<meta property=\"article:publisher\" content=\"https:\/\/www.facebook.com\/KimberlyMachinery\" \/>\n<meta property=\"article:modified_time\" content=\"2025-11-28T06:46:01+00:00\" \/>\n<meta property=\"og:image\" content=\"https:\/\/www.kblmachinery.com\/wp-content\/uploads\/2025\/11\/Concrete-Batching-Machine-2.webp\" \/>\n\t<meta property=\"og:image:width\" content=\"800\" \/>\n\t<meta property=\"og:image:height\" content=\"800\" \/>\n\t<meta property=\"og:image:type\" content=\"image\/webp\" \/>\n<meta name=\"twitter:card\" content=\"summary_large_image\" \/>\n<meta name=\"twitter:label1\" content=\"Dur\u00e9e de lecture estim\u00e9e\" \/>\n\t<meta name=\"twitter:data1\" content=\"2 minutes\" \/>\n<script type=\"application\/ld+json\" class=\"yoast-schema-graph\">{\"@context\":\"https:\/\/schema.org\",\"@graph\":[{\"@type\":\"WebPage\",\"@id\":\"https:\/\/www.kblmachinery.com\/concrete-batching-machine\/\",\"url\":\"https:\/\/www.kblmachinery.com\/concrete-batching-machine\/\",\"name\":\"Concrete Batching Machine Supplier | Kimberly Machinery\",\"isPartOf\":{\"@id\":\"https:\/\/www.kblmachinery.com\/#website\"},\"primaryImageOfPage\":{\"@id\":\"https:\/\/www.kblmachinery.com\/concrete-batching-machine\/#primaryimage\"},\"image\":{\"@id\":\"https:\/\/www.kblmachinery.com\/concrete-batching-machine\/#primaryimage\"},\"thumbnailUrl\":\"https:\/\/www.kblmachinery.com\/wp-content\/uploads\/2025\/11\/Concrete-Batching-Machine-2.webp\",\"datePublished\":\"2024-08-18T07:33:00+00:00\",\"dateModified\":\"2025-11-28T06:46:01+00:00\",\"description\":\"High-efficiency concrete batching machine for accurate aggregates weighing. Suitable for concrete block production lines and block making machines.\",\"breadcrumb\":{\"@id\":\"https:\/\/www.kblmachinery.com\/concrete-batching-machine\/#breadcrumb\"},\"inLanguage\":\"fr-FR\",\"potentialAction\":[{\"@type\":\"ReadAction\",\"target\":[\"https:\/\/www.kblmachinery.com\/concrete-batching-machine\/\"]}]},{\"@type\":\"ImageObject\",\"inLanguage\":\"fr-FR\",\"@id\":\"https:\/\/www.kblmachinery.com\/concrete-batching-machine\/#primaryimage\",\"url\":\"https:\/\/www.kblmachinery.com\/wp-content\/uploads\/2025\/11\/Concrete-Batching-Machine-2.webp\",\"contentUrl\":\"https:\/\/www.kblmachinery.com\/wp-content\/uploads\/2025\/11\/Concrete-Batching-Machine-2.webp\",\"width\":800,\"height\":800,\"caption\":\"Concrete Batching Machine\"},{\"@type\":\"BreadcrumbList\",\"@id\":\"https:\/\/www.kblmachinery.com\/concrete-batching-machine\/#breadcrumb\",\"itemListElement\":[{\"@type\":\"ListItem\",\"position\":1,\"name\":\"Home\",\"item\":\"https:\/\/www.kblmachinery.com\/\"},{\"@type\":\"ListItem\",\"position\":2,\"name\":\"Concrete Batching Machine\"}]},{\"@type\":\"WebSite\",\"@id\":\"https:\/\/www.kblmachinery.com\/#website\",\"url\":\"https:\/\/www.kblmachinery.com\/\",\"name\":\"Professional Brick\/Block Making Machine in China\",\"description\":\"Block Machine Manufacturer - Kimberly Machinery\",\"publisher\":{\"@id\":\"https:\/\/www.kblmachinery.com\/#organization\"},\"potentialAction\":[{\"@type\":\"SearchAction\",\"target\":{\"@type\":\"EntryPoint\",\"urlTemplate\":\"https:\/\/www.kblmachinery.com\/?s={search_term_string}\"},\"query-input\":{\"@type\":\"PropertyValueSpecification\",\"valueRequired\":true,\"valueName\":\"search_term_string\"}}],\"inLanguage\":\"fr-FR\"},{\"@type\":\"Organization\",\"@id\":\"https:\/\/www.kblmachinery.com\/#organization\",\"name\":\"Quanzhou Kimberly Machinery Manufacturing Co. Ltd\",\"url\":\"https:\/\/www.kblmachinery.com\/\",\"logo\":{\"@type\":\"ImageObject\",\"inLanguage\":\"fr-FR\",\"@id\":\"https:\/\/www.kblmachinery.com\/#\/schema\/logo\/image\/\",\"url\":\"https:\/\/www.kblmachinery.com\/wp-content\/uploads\/2025\/11\/cropped-logo-1-1.png\",\"contentUrl\":\"https:\/\/www.kblmachinery.com\/wp-content\/uploads\/2025\/11\/cropped-logo-1-1.png\",\"width\":123,\"height\":136,\"caption\":\"Quanzhou Kimberly Machinery Manufacturing Co. Ltd\"},\"image\":{\"@id\":\"https:\/\/www.kblmachinery.com\/#\/schema\/logo\/image\/\"},\"sameAs\":[\"https:\/\/www.facebook.com\/KimberlyMachinery\"]}]}<\/script>\n<!-- \/ Yoast SEO plugin. -->","yoast_head_json":{"title":"Concrete Batching Machine Supplier | Kimberly Machinery","description":"High-efficiency concrete batching machine for accurate aggregates weighing. Suitable for concrete block production lines and block making machines.","robots":{"index":"index","follow":"follow","max-snippet":"max-snippet:-1","max-image-preview":"max-image-preview:large","max-video-preview":"max-video-preview:-1"},"canonical":"https:\/\/www.kblmachinery.com\/fr\/concrete-batching-machine\/","og_locale":"fr_FR","og_type":"article","og_title":"Concrete Batching Machine Supplier | Kimberly Machinery","og_description":"High-efficiency concrete batching machine for accurate aggregates weighing. Suitable for concrete block production lines and block making machines.","og_url":"https:\/\/www.kblmachinery.com\/fr\/concrete-batching-machine\/","og_site_name":"Kimberly Machinery","article_publisher":"https:\/\/www.facebook.com\/KimberlyMachinery","article_modified_time":"2025-11-28T06:46:01+00:00","og_image":[{"width":800,"height":800,"url":"https:\/\/www.kblmachinery.com\/wp-content\/uploads\/2025\/11\/Concrete-Batching-Machine-2.webp","type":"image\/webp"}],"twitter_card":"summary_large_image","twitter_misc":{"Dur\u00e9e de lecture estim\u00e9e":"2 minutes"},"schema":{"@context":"https:\/\/schema.org","@graph":[{"@type":"WebPage","@id":"https:\/\/www.kblmachinery.com\/concrete-batching-machine\/","url":"https:\/\/www.kblmachinery.com\/concrete-batching-machine\/","name":"Concrete Batching Machine Supplier | Kimberly Machinery","isPartOf":{"@id":"https:\/\/www.kblmachinery.com\/#website"},"primaryImageOfPage":{"@id":"https:\/\/www.kblmachinery.com\/concrete-batching-machine\/#primaryimage"},"image":{"@id":"https:\/\/www.kblmachinery.com\/concrete-batching-machine\/#primaryimage"},"thumbnailUrl":"https:\/\/www.kblmachinery.com\/wp-content\/uploads\/2025\/11\/Concrete-Batching-Machine-2.webp","datePublished":"2024-08-18T07:33:00+00:00","dateModified":"2025-11-28T06:46:01+00:00","description":"High-efficiency concrete batching machine for accurate aggregates weighing. Suitable for concrete block production lines and block making machines.","breadcrumb":{"@id":"https:\/\/www.kblmachinery.com\/concrete-batching-machine\/#breadcrumb"},"inLanguage":"fr-FR","potentialAction":[{"@type":"ReadAction","target":["https:\/\/www.kblmachinery.com\/concrete-batching-machine\/"]}]},{"@type":"ImageObject","inLanguage":"fr-FR","@id":"https:\/\/www.kblmachinery.com\/concrete-batching-machine\/#primaryimage","url":"https:\/\/www.kblmachinery.com\/wp-content\/uploads\/2025\/11\/Concrete-Batching-Machine-2.webp","contentUrl":"https:\/\/www.kblmachinery.com\/wp-content\/uploads\/2025\/11\/Concrete-Batching-Machine-2.webp","width":800,"height":800,"caption":"Concrete Batching Machine"},{"@type":"BreadcrumbList","@id":"https:\/\/www.kblmachinery.com\/concrete-batching-machine\/#breadcrumb","itemListElement":[{"@type":"ListItem","position":1,"name":"Home","item":"https:\/\/www.kblmachinery.com\/"},{"@type":"ListItem","position":2,"name":"Concrete Batching Machine"}]},{"@type":"WebSite","@id":"https:\/\/www.kblmachinery.com\/#website","url":"https:\/\/www.kblmachinery.com\/","name":"Professional Brick\/Block Making Machine in China","description":"Block Machine Manufacturer - Kimberly Machinery","publisher":{"@id":"https:\/\/www.kblmachinery.com\/#organization"},"potentialAction":[{"@type":"SearchAction","target":{"@type":"EntryPoint","urlTemplate":"https:\/\/www.kblmachinery.com\/?s={search_term_string}"},"query-input":{"@type":"PropertyValueSpecification","valueRequired":true,"valueName":"search_term_string"}}],"inLanguage":"fr-FR"},{"@type":"Organization","@id":"https:\/\/www.kblmachinery.com\/#organization","name":"Quanzhou Kimberly Machinery Manufacturing Co. Ltd","url":"https:\/\/www.kblmachinery.com\/","logo":{"@type":"ImageObject","inLanguage":"fr-FR","@id":"https:\/\/www.kblmachinery.com\/#\/schema\/logo\/image\/","url":"https:\/\/www.kblmachinery.com\/wp-content\/uploads\/2025\/11\/cropped-logo-1-1.png","contentUrl":"https:\/\/www.kblmachinery.com\/wp-content\/uploads\/2025\/11\/cropped-logo-1-1.png","width":123,"height":136,"caption":"Quanzhou Kimberly Machinery Manufacturing Co. Ltd"},"image":{"@id":"https:\/\/www.kblmachinery.com\/#\/schema\/logo\/image\/"},"sameAs":["https:\/\/www.facebook.com\/KimberlyMachinery"]}]}},"_links":{"self":[{"href":"https:\/\/www.kblmachinery.com\/fr\/wp-json\/wp\/v2\/product\/8354","targetHints":{"allow":["GET"]}}],"collection":[{"href":"https:\/\/www.kblmachinery.com\/fr\/wp-json\/wp\/v2\/product"}],"about":[{"href":"https:\/\/www.kblmachinery.com\/fr\/wp-json\/wp\/v2\/types\/product"}],"wp:featuredmedia":[{"embeddable":true,"href":"https:\/\/www.kblmachinery.com\/fr\/wp-json\/wp\/v2\/media\/8355"}],"wp:attachment":[{"href":"https:\/\/www.kblmachinery.com\/fr\/wp-json\/wp\/v2\/media?parent=8354"}],"wp:term":[{"taxonomy":"product_brand","embeddable":true,"href":"https:\/\/www.kblmachinery.com\/fr\/wp-json\/wp\/v2\/product_brand?post=8354"},{"taxonomy":"product_cat","embeddable":true,"href":"https:\/\/www.kblmachinery.com\/fr\/wp-json\/wp\/v2\/product_cat?post=8354"},{"taxonomy":"product_tag","embeddable":true,"href":"https:\/\/www.kblmachinery.com\/fr\/wp-json\/wp\/v2\/product_tag?post=8354"}],"curies":[{"name":"wp","href":"https:\/\/api.w.org\/{rel}","templated":true}]}}