{"id":8369,"date":"2024-08-18T03:18:00","date_gmt":"2024-08-18T03:18:00","guid":{"rendered":"https:\/\/www.kblmachinery.com\/?post_type=product&#038;p=8369"},"modified":"2025-11-28T06:53:12","modified_gmt":"2025-11-28T06:53:12","slug":"single-door-block-soaking-machine","status":"publish","type":"product","link":"https:\/\/www.kblmachinery.com\/fr\/single-door-block-soaking-machine\/","title":{"rendered":"Trempeuse de blocs \u00e0 porte unique"},"content":{"rendered":"<h2 data-start=\"109\" data-end=\"171\"><strong data-start=\"113\" data-end=\"169\">Single Door Block Soaking Machine \u2013 Product Overview<\/strong><\/h2>\n<p data-start=\"173\" data-end=\"579\">The Single Door Block Soaking Machine from Kimberly Machinery is designed to automate the soaking process of cement and construction bricks, ensuring uniform moisture penetration and improved work efficiency. Traditionally, bricks are manually sprayed or soaked, which is time-consuming, uneven, and labor-intensive, especially during hot weather when surface moisture evaporates quickly.<\/p>\n<p data-start=\"581\" data-end=\"965\">Our machine features PLC control, allowing adjustable soaking times for different brick types. It can automatically soak entire brick stacks with consistent results, minimizing debris caused by brick collisions. This equipment reduces labor intensity, ensures fully soaked bricks, and enhances operational efficiency for both brick production and construction sites.<\/p>\n<h2 data-start=\"967\" data-end=\"988\"><strong data-start=\"967\" data-end=\"986\">Principaux avantages :<\/strong><\/h2>\n<ul>\n<li>Trempage automatique pour diff\u00e9rents types de briques<\/li>\n<li>Temps de trempage r\u00e9glables command\u00e9s par PLC<\/li>\n<li>Traitement stable des palettes avec un minimum de dommages aux briques<\/li>\n<li>Haut degr\u00e9 d'automatisation, r\u00e9duisant les besoins en main-d'\u0153uvre<\/li>\n<li>Assure que les briques sont enti\u00e8rement tremp\u00e9es et pr\u00eates \u00e0 l'emploi<\/li>\n<\/ul>\n<p data-start=\"1248\" data-end=\"1437\">The Single Door Block Soaking Machine can be integrated into a modern <a class=\"decorated-link\" href=\"https:\/\/www.kblmachinery.com\/\" target=\"_new\" rel=\"noopener\" data-start=\"1320\" data-end=\"1383\">ligne de production de blocs de b\u00e9ton<\/a> pour rationaliser les processus de durcissement et de trempage des briques.<\/p>\n<p data-start=\"1248\" data-end=\"1437\"><iframe loading=\"lazy\" title=\"Lecteur vid\u00e9o YouTube\" src=\"https:\/\/www.youtube.com\/embed\/gkukpMuOmgk?si=dLAN_ILCghdTJo_8\" width=\"560\" height=\"315\" frameborder=\"0\" allowfullscreen=\"allowfullscreen\"><\/iframe><\/p>\n<h2 data-start=\"1444\" data-end=\"1478\"><strong data-start=\"1448\" data-end=\"1476\">\u00c0 propos de Kimberly Machinery<\/strong><\/h2>\n<p data-start=\"1480\" data-end=\"2112\">Kimberly Machinery est un leader mondial dans la fourniture de solutions avanc\u00e9es pour les secteurs de la sant\u00e9 et de l'\u00e9ducation. <a class=\"decorated-link\" href=\"https:\/\/www.kblmachinery.com\/concrete-block-making-machine\/?utm_source=chatgpt.com\" target=\"_new\" rel=\"noopener\" data-start=\"1632\" data-end=\"1724\">machine de fabrication de blocs de b\u00e9ton<\/a> systems. With a focus on innovation, durable design, and strict quality control, Kimberly Machinery provides high-efficiency, automated, and customizable equipment for distributors, wholesalers, and construction material manufacturers worldwide. Our products help maximize productivity, ensure consistent quality, and reduce labor intensity in modern block production operations.<\/p>","protected":false},"excerpt":{"rendered":"<p>Single Door Block Soaking Machine \u2013 Product Overview The Single Door Block Soaking Machine from Kimberly Machinery is designed to automate the soaking process of cement and construction bricks, ensuring uniform moisture penetration and improved work efficiency. Traditionally, bricks are manually sprayed or soaked, which is time-consuming, uneven, and labor-intensive, especially during hot weather when [&hellip;]<\/p>","protected":false},"featured_media":8370,"template":"","meta":[],"product_brand":[],"product_cat":[784],"product_tag":[],"class_list":{"0":"post-8369","1":"product","2":"type-product","3":"status-publish","4":"has-post-thumbnail","6":"product_cat-block-soaking-machine","8":"first","9":"instock","10":"shipping-taxable","11":"product-type-simple"},"yoast_head":"<!-- This site is optimized with the Yoast SEO plugin v24.4 - https:\/\/yoast.com\/wordpress\/plugins\/seo\/ -->\n<title>Single Door Block Soaking Machine Supplier | Kimberly Machinery<\/title>\n<meta name=\"description\" content=\"Automatic single door block soaking machine with PLC control, uniform soaking, high efficiency, and reduced labor for concrete block production lines.\" \/>\n<meta name=\"robots\" content=\"index, follow, max-snippet:-1, max-image-preview:large, max-video-preview:-1\" \/>\n<link rel=\"canonical\" href=\"https:\/\/www.kblmachinery.com\/fr\/single-door-block-soaking-machine\/\" \/>\n<meta property=\"og:locale\" content=\"fr_FR\" \/>\n<meta property=\"og:type\" content=\"article\" \/>\n<meta property=\"og:title\" content=\"Single Door Block Soaking Machine Supplier | Kimberly Machinery\" \/>\n<meta property=\"og:description\" content=\"Automatic single door block soaking machine with PLC control, uniform soaking, high efficiency, and reduced labor for concrete block production lines.\" \/>\n<meta property=\"og:url\" content=\"https:\/\/www.kblmachinery.com\/fr\/single-door-block-soaking-machine\/\" \/>\n<meta property=\"og:site_name\" content=\"Kimberly Machinery\" \/>\n<meta property=\"article:publisher\" content=\"https:\/\/www.facebook.com\/KimberlyMachinery\" \/>\n<meta property=\"article:modified_time\" content=\"2025-11-28T06:53:12+00:00\" \/>\n<meta property=\"og:image\" content=\"https:\/\/www.kblmachinery.com\/wp-content\/uploads\/2025\/11\/Single-Door-Block-Soaking-Machine-2.webp\" \/>\n\t<meta property=\"og:image:width\" content=\"800\" \/>\n\t<meta property=\"og:image:height\" content=\"800\" \/>\n\t<meta property=\"og:image:type\" content=\"image\/webp\" \/>\n<meta name=\"twitter:card\" content=\"summary_large_image\" \/>\n<meta name=\"twitter:label1\" content=\"Dur\u00e9e de lecture estim\u00e9e\" \/>\n\t<meta name=\"twitter:data1\" content=\"2 minutes\" \/>\n<script type=\"application\/ld+json\" class=\"yoast-schema-graph\">{\"@context\":\"https:\/\/schema.org\",\"@graph\":[{\"@type\":\"WebPage\",\"@id\":\"https:\/\/www.kblmachinery.com\/single-door-block-soaking-machine\/\",\"url\":\"https:\/\/www.kblmachinery.com\/single-door-block-soaking-machine\/\",\"name\":\"Single Door Block Soaking Machine Supplier | Kimberly Machinery\",\"isPartOf\":{\"@id\":\"https:\/\/www.kblmachinery.com\/#website\"},\"primaryImageOfPage\":{\"@id\":\"https:\/\/www.kblmachinery.com\/single-door-block-soaking-machine\/#primaryimage\"},\"image\":{\"@id\":\"https:\/\/www.kblmachinery.com\/single-door-block-soaking-machine\/#primaryimage\"},\"thumbnailUrl\":\"https:\/\/www.kblmachinery.com\/wp-content\/uploads\/2025\/11\/Single-Door-Block-Soaking-Machine-2.webp\",\"datePublished\":\"2024-08-18T03:18:00+00:00\",\"dateModified\":\"2025-11-28T06:53:12+00:00\",\"description\":\"Automatic single door block soaking machine with PLC control, uniform soaking, high efficiency, and reduced labor for concrete block production lines.\",\"breadcrumb\":{\"@id\":\"https:\/\/www.kblmachinery.com\/single-door-block-soaking-machine\/#breadcrumb\"},\"inLanguage\":\"fr-FR\",\"potentialAction\":[{\"@type\":\"ReadAction\",\"target\":[\"https:\/\/www.kblmachinery.com\/single-door-block-soaking-machine\/\"]}]},{\"@type\":\"ImageObject\",\"inLanguage\":\"fr-FR\",\"@id\":\"https:\/\/www.kblmachinery.com\/single-door-block-soaking-machine\/#primaryimage\",\"url\":\"https:\/\/www.kblmachinery.com\/wp-content\/uploads\/2025\/11\/Single-Door-Block-Soaking-Machine-2.webp\",\"contentUrl\":\"https:\/\/www.kblmachinery.com\/wp-content\/uploads\/2025\/11\/Single-Door-Block-Soaking-Machine-2.webp\",\"width\":800,\"height\":800,\"caption\":\"Block Soaking Machine\"},{\"@type\":\"BreadcrumbList\",\"@id\":\"https:\/\/www.kblmachinery.com\/single-door-block-soaking-machine\/#breadcrumb\",\"itemListElement\":[{\"@type\":\"ListItem\",\"position\":1,\"name\":\"Home\",\"item\":\"https:\/\/www.kblmachinery.com\/\"},{\"@type\":\"ListItem\",\"position\":2,\"name\":\"Single Door- Block Soaking Machine\"}]},{\"@type\":\"WebSite\",\"@id\":\"https:\/\/www.kblmachinery.com\/#website\",\"url\":\"https:\/\/www.kblmachinery.com\/\",\"name\":\"Professional Brick\/Block Making Machine in China\",\"description\":\"Block Machine Manufacturer - Kimberly Machinery\",\"publisher\":{\"@id\":\"https:\/\/www.kblmachinery.com\/#organization\"},\"potentialAction\":[{\"@type\":\"SearchAction\",\"target\":{\"@type\":\"EntryPoint\",\"urlTemplate\":\"https:\/\/www.kblmachinery.com\/?s={search_term_string}\"},\"query-input\":{\"@type\":\"PropertyValueSpecification\",\"valueRequired\":true,\"valueName\":\"search_term_string\"}}],\"inLanguage\":\"fr-FR\"},{\"@type\":\"Organization\",\"@id\":\"https:\/\/www.kblmachinery.com\/#organization\",\"name\":\"Quanzhou Kimberly Machinery Manufacturing Co. Ltd\",\"url\":\"https:\/\/www.kblmachinery.com\/\",\"logo\":{\"@type\":\"ImageObject\",\"inLanguage\":\"fr-FR\",\"@id\":\"https:\/\/www.kblmachinery.com\/#\/schema\/logo\/image\/\",\"url\":\"https:\/\/www.kblmachinery.com\/wp-content\/uploads\/2025\/11\/cropped-logo-1-1.png\",\"contentUrl\":\"https:\/\/www.kblmachinery.com\/wp-content\/uploads\/2025\/11\/cropped-logo-1-1.png\",\"width\":123,\"height\":136,\"caption\":\"Quanzhou Kimberly Machinery Manufacturing Co. Ltd\"},\"image\":{\"@id\":\"https:\/\/www.kblmachinery.com\/#\/schema\/logo\/image\/\"},\"sameAs\":[\"https:\/\/www.facebook.com\/KimberlyMachinery\"]}]}<\/script>\n<!-- \/ Yoast SEO plugin. -->","yoast_head_json":{"title":"Single Door Block Soaking Machine Supplier | Kimberly Machinery","description":"Automatic single door block soaking machine with PLC control, uniform soaking, high efficiency, and reduced labor for concrete block production lines.","robots":{"index":"index","follow":"follow","max-snippet":"max-snippet:-1","max-image-preview":"max-image-preview:large","max-video-preview":"max-video-preview:-1"},"canonical":"https:\/\/www.kblmachinery.com\/fr\/single-door-block-soaking-machine\/","og_locale":"fr_FR","og_type":"article","og_title":"Single Door Block Soaking Machine Supplier | Kimberly Machinery","og_description":"Automatic single door block soaking machine with PLC control, uniform soaking, high efficiency, and reduced labor for concrete block production lines.","og_url":"https:\/\/www.kblmachinery.com\/fr\/single-door-block-soaking-machine\/","og_site_name":"Kimberly Machinery","article_publisher":"https:\/\/www.facebook.com\/KimberlyMachinery","article_modified_time":"2025-11-28T06:53:12+00:00","og_image":[{"width":800,"height":800,"url":"https:\/\/www.kblmachinery.com\/wp-content\/uploads\/2025\/11\/Single-Door-Block-Soaking-Machine-2.webp","type":"image\/webp"}],"twitter_card":"summary_large_image","twitter_misc":{"Dur\u00e9e de lecture estim\u00e9e":"2 minutes"},"schema":{"@context":"https:\/\/schema.org","@graph":[{"@type":"WebPage","@id":"https:\/\/www.kblmachinery.com\/single-door-block-soaking-machine\/","url":"https:\/\/www.kblmachinery.com\/single-door-block-soaking-machine\/","name":"Single Door Block Soaking Machine Supplier | Kimberly Machinery","isPartOf":{"@id":"https:\/\/www.kblmachinery.com\/#website"},"primaryImageOfPage":{"@id":"https:\/\/www.kblmachinery.com\/single-door-block-soaking-machine\/#primaryimage"},"image":{"@id":"https:\/\/www.kblmachinery.com\/single-door-block-soaking-machine\/#primaryimage"},"thumbnailUrl":"https:\/\/www.kblmachinery.com\/wp-content\/uploads\/2025\/11\/Single-Door-Block-Soaking-Machine-2.webp","datePublished":"2024-08-18T03:18:00+00:00","dateModified":"2025-11-28T06:53:12+00:00","description":"Automatic single door block soaking machine with PLC control, uniform soaking, high efficiency, and reduced labor for concrete block production lines.","breadcrumb":{"@id":"https:\/\/www.kblmachinery.com\/single-door-block-soaking-machine\/#breadcrumb"},"inLanguage":"fr-FR","potentialAction":[{"@type":"ReadAction","target":["https:\/\/www.kblmachinery.com\/single-door-block-soaking-machine\/"]}]},{"@type":"ImageObject","inLanguage":"fr-FR","@id":"https:\/\/www.kblmachinery.com\/single-door-block-soaking-machine\/#primaryimage","url":"https:\/\/www.kblmachinery.com\/wp-content\/uploads\/2025\/11\/Single-Door-Block-Soaking-Machine-2.webp","contentUrl":"https:\/\/www.kblmachinery.com\/wp-content\/uploads\/2025\/11\/Single-Door-Block-Soaking-Machine-2.webp","width":800,"height":800,"caption":"Block Soaking Machine"},{"@type":"BreadcrumbList","@id":"https:\/\/www.kblmachinery.com\/single-door-block-soaking-machine\/#breadcrumb","itemListElement":[{"@type":"ListItem","position":1,"name":"Home","item":"https:\/\/www.kblmachinery.com\/"},{"@type":"ListItem","position":2,"name":"Single Door- Block Soaking Machine"}]},{"@type":"WebSite","@id":"https:\/\/www.kblmachinery.com\/#website","url":"https:\/\/www.kblmachinery.com\/","name":"Professional Brick\/Block Making Machine in China","description":"Block Machine Manufacturer - Kimberly Machinery","publisher":{"@id":"https:\/\/www.kblmachinery.com\/#organization"},"potentialAction":[{"@type":"SearchAction","target":{"@type":"EntryPoint","urlTemplate":"https:\/\/www.kblmachinery.com\/?s={search_term_string}"},"query-input":{"@type":"PropertyValueSpecification","valueRequired":true,"valueName":"search_term_string"}}],"inLanguage":"fr-FR"},{"@type":"Organization","@id":"https:\/\/www.kblmachinery.com\/#organization","name":"Quanzhou Kimberly Machinery Manufacturing Co. Ltd","url":"https:\/\/www.kblmachinery.com\/","logo":{"@type":"ImageObject","inLanguage":"fr-FR","@id":"https:\/\/www.kblmachinery.com\/#\/schema\/logo\/image\/","url":"https:\/\/www.kblmachinery.com\/wp-content\/uploads\/2025\/11\/cropped-logo-1-1.png","contentUrl":"https:\/\/www.kblmachinery.com\/wp-content\/uploads\/2025\/11\/cropped-logo-1-1.png","width":123,"height":136,"caption":"Quanzhou Kimberly Machinery Manufacturing Co. Ltd"},"image":{"@id":"https:\/\/www.kblmachinery.com\/#\/schema\/logo\/image\/"},"sameAs":["https:\/\/www.facebook.com\/KimberlyMachinery"]}]}},"_links":{"self":[{"href":"https:\/\/www.kblmachinery.com\/fr\/wp-json\/wp\/v2\/product\/8369","targetHints":{"allow":["GET"]}}],"collection":[{"href":"https:\/\/www.kblmachinery.com\/fr\/wp-json\/wp\/v2\/product"}],"about":[{"href":"https:\/\/www.kblmachinery.com\/fr\/wp-json\/wp\/v2\/types\/product"}],"wp:featuredmedia":[{"embeddable":true,"href":"https:\/\/www.kblmachinery.com\/fr\/wp-json\/wp\/v2\/media\/8370"}],"wp:attachment":[{"href":"https:\/\/www.kblmachinery.com\/fr\/wp-json\/wp\/v2\/media?parent=8369"}],"wp:term":[{"taxonomy":"product_brand","embeddable":true,"href":"https:\/\/www.kblmachinery.com\/fr\/wp-json\/wp\/v2\/product_brand?post=8369"},{"taxonomy":"product_cat","embeddable":true,"href":"https:\/\/www.kblmachinery.com\/fr\/wp-json\/wp\/v2\/product_cat?post=8369"},{"taxonomy":"product_tag","embeddable":true,"href":"https:\/\/www.kblmachinery.com\/fr\/wp-json\/wp\/v2\/product_tag?post=8369"}],"curies":[{"name":"wp","href":"https:\/\/api.w.org\/{rel}","templated":true}]}}