{"id":8373,"date":"2024-08-18T03:23:00","date_gmt":"2024-08-18T03:23:00","guid":{"rendered":"https:\/\/www.kblmachinery.com\/?post_type=product&#038;p=8373"},"modified":"2025-11-28T06:51:50","modified_gmt":"2025-11-28T06:51:50","slug":"dual-door-block-soaking-machine","status":"publish","type":"product","link":"https:\/\/www.kblmachinery.com\/fr\/dual-door-block-soaking-machine\/","title":{"rendered":"Trempeuse de blocs \u00e0 double porte"},"content":{"rendered":"<h2 data-start=\"103\" data-end=\"163\"><strong data-start=\"107\" data-end=\"161\">Trempeuse de blocs \u00e0 double porte - Pr\u00e9sentation du produit<\/strong><\/h2>\n<p data-start=\"165\" data-end=\"504\">La machine de trempage de blocs \u00e0 double porte de Kimberly Machinery est con\u00e7ue pour automatiser le processus de trempage des briques de ciment et de construction, en garantissant une humidit\u00e9 uniforme et en am\u00e9liorant l'efficacit\u00e9 du travail. Dans les m\u00e9thodes traditionnelles, les briques sont manuellement pulv\u00e9ris\u00e9es ou tremp\u00e9es dans l'eau, ce qui prend du temps, n'est pas uniforme et n\u00e9cessite beaucoup de main-d'\u0153uvre.<\/p>\n<p data-start=\"506\" data-end=\"945\">Notre machine est dot\u00e9e d'une commande PLC qui permet d'ajuster les temps de trempage en fonction des diff\u00e9rents types de briques. Elle peut tremper automatiquement des piles enti\u00e8res de briques avec une p\u00e9n\u00e9tration constante de l'eau, \u00e9vitant ainsi les d\u00e9bris caus\u00e9s par les collisions et garantissant que les briques sont pr\u00eates pour la construction. Cet \u00e9quipement r\u00e9duit l'intensit\u00e9 de la main-d'\u0153uvre, am\u00e9liore l'uniformit\u00e9 du trempage et renforce l'efficacit\u00e9 op\u00e9rationnelle dans la production de briques et sur les chantiers de construction.<\/p>\n<h2 data-start=\"947\" data-end=\"968\"><strong data-start=\"947\" data-end=\"966\">Principaux avantages :<\/strong><\/h2>\n<ul>\n<li>Trempage automatique pour diff\u00e9rents types de briques<\/li>\n<li>Temps de trempage r\u00e9glables command\u00e9s par PLC<\/li>\n<li>Traitement stable des palettes avec un minimum de dommages aux briques<\/li>\n<li>Haut degr\u00e9 d'automatisation, r\u00e9duisant les besoins en main-d'\u0153uvre<\/li>\n<li>Assure que les briques sont enti\u00e8rement tremp\u00e9es et pr\u00eates \u00e0 l'emploi<\/li>\n<\/ul>\n<p data-start=\"1228\" data-end=\"1392\">Cette machine peut \u00eatre int\u00e9gr\u00e9e dans un <a class=\"decorated-link\" href=\"https:\/\/www.kblmachinery.com\/\" target=\"_new\" rel=\"noopener\" data-start=\"1275\" data-end=\"1338\">ligne de production de blocs de b\u00e9ton<\/a> pour rationaliser les processus de durcissement et de trempage des briques.<\/p>\n<p data-start=\"1228\" data-end=\"1392\"><img loading=\"lazy\" decoding=\"async\" class=\"size-full wp-image-8374 aligncenter\" src=\"https:\/\/www.kblmachinery.com\/wp-content\/uploads\/2025\/11\/Dual-Door-Block-Soaking-Machine.webp\" alt=\"Trempeuse de blocs \u00e0 double porte\" width=\"800\" height=\"800\" srcset=\"https:\/\/www.kblmachinery.com\/wp-content\/uploads\/2025\/11\/Dual-Door-Block-Soaking-Machine.webp 800w, https:\/\/www.kblmachinery.com\/wp-content\/uploads\/2025\/11\/Dual-Door-Block-Soaking-Machine-100x100.webp 100w, https:\/\/www.kblmachinery.com\/wp-content\/uploads\/2025\/11\/Dual-Door-Block-Soaking-Machine-600x600.webp 600w\" sizes=\"auto, (max-width: 800px) 100vw, 800px\" \/><\/p>\n<h2 data-start=\"1399\" data-end=\"1433\"><strong data-start=\"1403\" data-end=\"1431\">\u00c0 propos de Kimberly Machinery<\/strong><\/h2>\n<p data-start=\"1435\" data-end=\"2067\">Kimberly Machinery est un leader mondial dans la fourniture de solutions avanc\u00e9es pour les secteurs de la sant\u00e9 et de l'\u00e9ducation.\u00a0<a class=\"decorated-link\" href=\"https:\/\/www.kblmachinery.com\/concrete-block-making-machine\/?utm_source=chatgpt.com\" target=\"_new\" rel=\"noopener\" data-start=\"1587\" data-end=\"1679\">machine de fabrication de blocs de b\u00e9ton<\/a> Les syst\u00e8mes de Kimberly Machinery. En mettant l'accent sur l'innovation, la conception durable et un contr\u00f4le de qualit\u00e9 rigoureux, Kimberly Machinery fournit des \u00e9quipements automatis\u00e9s, personnalisables et \u00e0 haut rendement aux distributeurs, grossistes et fabricants de mat\u00e9riaux de construction du monde entier. Nos produits permettent de maximiser la productivit\u00e9, d'assurer une qualit\u00e9 constante et de r\u00e9duire l'intensit\u00e9 de la main-d'\u0153uvre dans les op\u00e9rations de production de blocs modernes.<\/p>","protected":false},"excerpt":{"rendered":"<p>Dual Door Block Soaking Machine \u2013 Product Overview The Dual Door Block Soaking Machine from Kimberly Machinery is designed to automate the soaking process of cement and construction bricks, ensuring uniform moisture and improving work efficiency. In traditional methods, bricks are manually sprayed or soaked in water, which is time-consuming, uneven, and labor-intensive. Our machine [&hellip;]<\/p>","protected":false},"featured_media":8374,"template":"","meta":[],"product_brand":[],"product_cat":[784],"product_tag":[],"class_list":{"0":"post-8373","1":"product","2":"type-product","3":"status-publish","4":"has-post-thumbnail","6":"product_cat-block-soaking-machine","8":"first","9":"instock","10":"shipping-taxable","11":"product-type-simple"},"yoast_head":"<!-- This site is optimized with the Yoast SEO plugin v24.4 - https:\/\/yoast.com\/wordpress\/plugins\/seo\/ -->\n<title>Dual Door Block Soaking Machine Supplier | Kimberly Machinery<\/title>\n<meta name=\"description\" content=\"Automatic dual door block soaking machine with PLC control, uniform soaking, high efficiency, and reduced labor for concrete block production lines.\" \/>\n<meta name=\"robots\" content=\"index, follow, max-snippet:-1, max-image-preview:large, max-video-preview:-1\" \/>\n<link rel=\"canonical\" href=\"https:\/\/www.kblmachinery.com\/fr\/dual-door-block-soaking-machine\/\" \/>\n<meta property=\"og:locale\" content=\"fr_FR\" \/>\n<meta property=\"og:type\" content=\"article\" \/>\n<meta property=\"og:title\" content=\"Dual Door Block Soaking Machine Supplier | Kimberly Machinery\" \/>\n<meta property=\"og:description\" content=\"Automatic dual door block soaking machine with PLC control, uniform soaking, high efficiency, and reduced labor for concrete block production lines.\" \/>\n<meta property=\"og:url\" content=\"https:\/\/www.kblmachinery.com\/fr\/dual-door-block-soaking-machine\/\" \/>\n<meta property=\"og:site_name\" content=\"Kimberly Machinery\" \/>\n<meta property=\"article:publisher\" content=\"https:\/\/www.facebook.com\/KimberlyMachinery\" \/>\n<meta property=\"article:modified_time\" content=\"2025-11-28T06:51:50+00:00\" \/>\n<meta property=\"og:image\" content=\"https:\/\/www.kblmachinery.com\/wp-content\/uploads\/2025\/11\/Dual-Door-Block-Soaking-Machine.webp\" \/>\n\t<meta property=\"og:image:width\" content=\"800\" \/>\n\t<meta property=\"og:image:height\" content=\"800\" \/>\n\t<meta property=\"og:image:type\" content=\"image\/webp\" \/>\n<meta name=\"twitter:card\" content=\"summary_large_image\" \/>\n<meta name=\"twitter:label1\" content=\"Dur\u00e9e de lecture estim\u00e9e\" \/>\n\t<meta name=\"twitter:data1\" content=\"2 minutes\" \/>\n<script type=\"application\/ld+json\" class=\"yoast-schema-graph\">{\"@context\":\"https:\/\/schema.org\",\"@graph\":[{\"@type\":\"WebPage\",\"@id\":\"https:\/\/www.kblmachinery.com\/dual-door-block-soaking-machine\/\",\"url\":\"https:\/\/www.kblmachinery.com\/dual-door-block-soaking-machine\/\",\"name\":\"Dual Door Block Soaking Machine Supplier | Kimberly Machinery\",\"isPartOf\":{\"@id\":\"https:\/\/www.kblmachinery.com\/#website\"},\"primaryImageOfPage\":{\"@id\":\"https:\/\/www.kblmachinery.com\/dual-door-block-soaking-machine\/#primaryimage\"},\"image\":{\"@id\":\"https:\/\/www.kblmachinery.com\/dual-door-block-soaking-machine\/#primaryimage\"},\"thumbnailUrl\":\"https:\/\/www.kblmachinery.com\/wp-content\/uploads\/2025\/11\/Dual-Door-Block-Soaking-Machine.webp\",\"datePublished\":\"2024-08-18T03:23:00+00:00\",\"dateModified\":\"2025-11-28T06:51:50+00:00\",\"description\":\"Automatic dual door block soaking machine with PLC control, uniform soaking, high efficiency, and reduced labor for concrete block production lines.\",\"breadcrumb\":{\"@id\":\"https:\/\/www.kblmachinery.com\/dual-door-block-soaking-machine\/#breadcrumb\"},\"inLanguage\":\"fr-FR\",\"potentialAction\":[{\"@type\":\"ReadAction\",\"target\":[\"https:\/\/www.kblmachinery.com\/dual-door-block-soaking-machine\/\"]}]},{\"@type\":\"ImageObject\",\"inLanguage\":\"fr-FR\",\"@id\":\"https:\/\/www.kblmachinery.com\/dual-door-block-soaking-machine\/#primaryimage\",\"url\":\"https:\/\/www.kblmachinery.com\/wp-content\/uploads\/2025\/11\/Dual-Door-Block-Soaking-Machine.webp\",\"contentUrl\":\"https:\/\/www.kblmachinery.com\/wp-content\/uploads\/2025\/11\/Dual-Door-Block-Soaking-Machine.webp\",\"width\":800,\"height\":800,\"caption\":\"Dual Door- Block Soaking Machine\"},{\"@type\":\"BreadcrumbList\",\"@id\":\"https:\/\/www.kblmachinery.com\/dual-door-block-soaking-machine\/#breadcrumb\",\"itemListElement\":[{\"@type\":\"ListItem\",\"position\":1,\"name\":\"Home\",\"item\":\"https:\/\/www.kblmachinery.com\/\"},{\"@type\":\"ListItem\",\"position\":2,\"name\":\"Dual Door- Block Soaking Machine\"}]},{\"@type\":\"WebSite\",\"@id\":\"https:\/\/www.kblmachinery.com\/#website\",\"url\":\"https:\/\/www.kblmachinery.com\/\",\"name\":\"Professional Brick\/Block Making Machine in China\",\"description\":\"Block Machine Manufacturer - Kimberly Machinery\",\"publisher\":{\"@id\":\"https:\/\/www.kblmachinery.com\/#organization\"},\"potentialAction\":[{\"@type\":\"SearchAction\",\"target\":{\"@type\":\"EntryPoint\",\"urlTemplate\":\"https:\/\/www.kblmachinery.com\/?s={search_term_string}\"},\"query-input\":{\"@type\":\"PropertyValueSpecification\",\"valueRequired\":true,\"valueName\":\"search_term_string\"}}],\"inLanguage\":\"fr-FR\"},{\"@type\":\"Organization\",\"@id\":\"https:\/\/www.kblmachinery.com\/#organization\",\"name\":\"Quanzhou Kimberly Machinery Manufacturing Co. Ltd\",\"url\":\"https:\/\/www.kblmachinery.com\/\",\"logo\":{\"@type\":\"ImageObject\",\"inLanguage\":\"fr-FR\",\"@id\":\"https:\/\/www.kblmachinery.com\/#\/schema\/logo\/image\/\",\"url\":\"https:\/\/www.kblmachinery.com\/wp-content\/uploads\/2025\/11\/cropped-logo-1-1.png\",\"contentUrl\":\"https:\/\/www.kblmachinery.com\/wp-content\/uploads\/2025\/11\/cropped-logo-1-1.png\",\"width\":123,\"height\":136,\"caption\":\"Quanzhou Kimberly Machinery Manufacturing Co. Ltd\"},\"image\":{\"@id\":\"https:\/\/www.kblmachinery.com\/#\/schema\/logo\/image\/\"},\"sameAs\":[\"https:\/\/www.facebook.com\/KimberlyMachinery\"]}]}<\/script>\n<!-- \/ Yoast SEO plugin. -->","yoast_head_json":{"title":"Dual Door Block Soaking Machine Supplier | Kimberly Machinery","description":"Automatic dual door block soaking machine with PLC control, uniform soaking, high efficiency, and reduced labor for concrete block production lines.","robots":{"index":"index","follow":"follow","max-snippet":"max-snippet:-1","max-image-preview":"max-image-preview:large","max-video-preview":"max-video-preview:-1"},"canonical":"https:\/\/www.kblmachinery.com\/fr\/dual-door-block-soaking-machine\/","og_locale":"fr_FR","og_type":"article","og_title":"Dual Door Block Soaking Machine Supplier | Kimberly Machinery","og_description":"Automatic dual door block soaking machine with PLC control, uniform soaking, high efficiency, and reduced labor for concrete block production lines.","og_url":"https:\/\/www.kblmachinery.com\/fr\/dual-door-block-soaking-machine\/","og_site_name":"Kimberly Machinery","article_publisher":"https:\/\/www.facebook.com\/KimberlyMachinery","article_modified_time":"2025-11-28T06:51:50+00:00","og_image":[{"width":800,"height":800,"url":"https:\/\/www.kblmachinery.com\/wp-content\/uploads\/2025\/11\/Dual-Door-Block-Soaking-Machine.webp","type":"image\/webp"}],"twitter_card":"summary_large_image","twitter_misc":{"Dur\u00e9e de lecture estim\u00e9e":"2 minutes"},"schema":{"@context":"https:\/\/schema.org","@graph":[{"@type":"WebPage","@id":"https:\/\/www.kblmachinery.com\/dual-door-block-soaking-machine\/","url":"https:\/\/www.kblmachinery.com\/dual-door-block-soaking-machine\/","name":"Dual Door Block Soaking Machine Supplier | Kimberly Machinery","isPartOf":{"@id":"https:\/\/www.kblmachinery.com\/#website"},"primaryImageOfPage":{"@id":"https:\/\/www.kblmachinery.com\/dual-door-block-soaking-machine\/#primaryimage"},"image":{"@id":"https:\/\/www.kblmachinery.com\/dual-door-block-soaking-machine\/#primaryimage"},"thumbnailUrl":"https:\/\/www.kblmachinery.com\/wp-content\/uploads\/2025\/11\/Dual-Door-Block-Soaking-Machine.webp","datePublished":"2024-08-18T03:23:00+00:00","dateModified":"2025-11-28T06:51:50+00:00","description":"Automatic dual door block soaking machine with PLC control, uniform soaking, high efficiency, and reduced labor for concrete block production lines.","breadcrumb":{"@id":"https:\/\/www.kblmachinery.com\/dual-door-block-soaking-machine\/#breadcrumb"},"inLanguage":"fr-FR","potentialAction":[{"@type":"ReadAction","target":["https:\/\/www.kblmachinery.com\/dual-door-block-soaking-machine\/"]}]},{"@type":"ImageObject","inLanguage":"fr-FR","@id":"https:\/\/www.kblmachinery.com\/dual-door-block-soaking-machine\/#primaryimage","url":"https:\/\/www.kblmachinery.com\/wp-content\/uploads\/2025\/11\/Dual-Door-Block-Soaking-Machine.webp","contentUrl":"https:\/\/www.kblmachinery.com\/wp-content\/uploads\/2025\/11\/Dual-Door-Block-Soaking-Machine.webp","width":800,"height":800,"caption":"Dual Door- Block Soaking Machine"},{"@type":"BreadcrumbList","@id":"https:\/\/www.kblmachinery.com\/dual-door-block-soaking-machine\/#breadcrumb","itemListElement":[{"@type":"ListItem","position":1,"name":"Home","item":"https:\/\/www.kblmachinery.com\/"},{"@type":"ListItem","position":2,"name":"Dual Door- Block Soaking Machine"}]},{"@type":"WebSite","@id":"https:\/\/www.kblmachinery.com\/#website","url":"https:\/\/www.kblmachinery.com\/","name":"Professional Brick\/Block Making Machine in China","description":"Block Machine Manufacturer - Kimberly Machinery","publisher":{"@id":"https:\/\/www.kblmachinery.com\/#organization"},"potentialAction":[{"@type":"SearchAction","target":{"@type":"EntryPoint","urlTemplate":"https:\/\/www.kblmachinery.com\/?s={search_term_string}"},"query-input":{"@type":"PropertyValueSpecification","valueRequired":true,"valueName":"search_term_string"}}],"inLanguage":"fr-FR"},{"@type":"Organization","@id":"https:\/\/www.kblmachinery.com\/#organization","name":"Quanzhou Kimberly Machinery Manufacturing Co. Ltd","url":"https:\/\/www.kblmachinery.com\/","logo":{"@type":"ImageObject","inLanguage":"fr-FR","@id":"https:\/\/www.kblmachinery.com\/#\/schema\/logo\/image\/","url":"https:\/\/www.kblmachinery.com\/wp-content\/uploads\/2025\/11\/cropped-logo-1-1.png","contentUrl":"https:\/\/www.kblmachinery.com\/wp-content\/uploads\/2025\/11\/cropped-logo-1-1.png","width":123,"height":136,"caption":"Quanzhou Kimberly Machinery Manufacturing Co. Ltd"},"image":{"@id":"https:\/\/www.kblmachinery.com\/#\/schema\/logo\/image\/"},"sameAs":["https:\/\/www.facebook.com\/KimberlyMachinery"]}]}},"_links":{"self":[{"href":"https:\/\/www.kblmachinery.com\/fr\/wp-json\/wp\/v2\/product\/8373","targetHints":{"allow":["GET"]}}],"collection":[{"href":"https:\/\/www.kblmachinery.com\/fr\/wp-json\/wp\/v2\/product"}],"about":[{"href":"https:\/\/www.kblmachinery.com\/fr\/wp-json\/wp\/v2\/types\/product"}],"wp:featuredmedia":[{"embeddable":true,"href":"https:\/\/www.kblmachinery.com\/fr\/wp-json\/wp\/v2\/media\/8374"}],"wp:attachment":[{"href":"https:\/\/www.kblmachinery.com\/fr\/wp-json\/wp\/v2\/media?parent=8373"}],"wp:term":[{"taxonomy":"product_brand","embeddable":true,"href":"https:\/\/www.kblmachinery.com\/fr\/wp-json\/wp\/v2\/product_brand?post=8373"},{"taxonomy":"product_cat","embeddable":true,"href":"https:\/\/www.kblmachinery.com\/fr\/wp-json\/wp\/v2\/product_cat?post=8373"},{"taxonomy":"product_tag","embeddable":true,"href":"https:\/\/www.kblmachinery.com\/fr\/wp-json\/wp\/v2\/product_tag?post=8373"}],"curies":[{"name":"wp","href":"https:\/\/api.w.org\/{rel}","templated":true}]}}