{"id":8380,"date":"2024-08-20T09:13:00","date_gmt":"2024-08-20T09:13:00","guid":{"rendered":"https:\/\/www.kblmachinery.com\/?post_type=product&#038;p=8380"},"modified":"2025-11-28T06:44:00","modified_gmt":"2025-11-28T06:44:00","slug":"pvc-pallets","status":"publish","type":"product","link":"https:\/\/www.kblmachinery.com\/fr\/pvc-pallets\/","title":{"rendered":"Palettes en PVC"},"content":{"rendered":"<h2>Palettes PVC - Description du produit<\/h2>\n<ul>\n<li>Production avanc\u00e9e de moules<\/li>\n<\/ul>\n<p>Les moules et les plaques de t\u00eate d'inviolabilit\u00e9 sont fabriqu\u00e9s \u00e0 l'aide d'une technologie de fraisage de pointe et d'un processus de d\u00e9coupage par fil pr\u00e9cis pour une grande exactitude.<\/p>\n<ul>\n<li>Tol\u00e9rances exactes<\/li>\n<\/ul>\n<p>Les sabots et les inserts des t\u00eates d'inversion sont produits avec des tol\u00e9rances pr\u00e9cises, ce qui garantit un assemblage efficace et une qualit\u00e9 constante des palettes.<\/p>\n<ul>\n<li>Mat\u00e9riau de haute qualit\u00e9<\/li>\n<\/ul>\n<p>Les plaques sont fabriqu\u00e9es en acier Q345B (16 mangan\u00e8se), ce qui leur conf\u00e8re r\u00e9sistance, rigidit\u00e9 et durabilit\u00e9 \u00e0 long terme.<\/p>\n<ul>\n<li>Duret\u00e9 accrue<\/li>\n<\/ul>\n<p>Gr\u00e2ce \u00e0 des proc\u00e9d\u00e9s pr\u00e9cis de c\u00e9mentation et de durcissement, la duret\u00e9 des moules est consid\u00e9rablement am\u00e9lior\u00e9e, ce qui prolonge leur dur\u00e9e de vie.<\/p>\n<ul>\n<li>Longue dur\u00e9e de vie<\/li>\n<\/ul>\n<p>Chaque moule peut supporter plus de 100 000 cycles, ce qui garantit une production durable et fiable.<\/p>\n<ul>\n<li>Tailles personnalisables<\/li>\n<\/ul>\n<p>Nous pouvons fabriquer des palettes en PVC de toutes dimensions selon les dessins des clients, r\u00e9pondant ainsi \u00e0 diverses exigences industrielles et logistiques.<\/p>\n<h2 data-start=\"845\" data-end=\"879\">\u00c0 propos de Kimberly Machinery<\/h2>\n<p data-start=\"881\" data-end=\"1308\">Kimberly Machinery est un fournisseur mondial de confiance de solutions industrielles et logistiques, sp\u00e9cialis\u00e9 dans les palettes en PVC de haute qualit\u00e9, les machines \u00e0 fabriquer des blocs et les \u00e9quipements de production de b\u00e9ton. Gr\u00e2ce \u00e0 une technologie de fabrication avanc\u00e9e, \u00e0 un contr\u00f4le de qualit\u00e9 strict et \u00e0 un service client\u00e8le professionnel, nous fournissons des produits durables et fiables adapt\u00e9s aux besoins des distributeurs, des grossistes et des entreprises de production du monde entier.<\/p>\n<p><img loading=\"lazy\" decoding=\"async\" class=\"wp-image-8384 aligncenter\" src=\"https:\/\/www.kblmachinery.com\/wp-content\/uploads\/2025\/11\/PVC-PALLETS-2.webp\" alt=\"Palette en pvc\" width=\"646\" height=\"646\" srcset=\"https:\/\/www.kblmachinery.com\/wp-content\/uploads\/2025\/11\/PVC-PALLETS-2.webp 805w, https:\/\/www.kblmachinery.com\/wp-content\/uploads\/2025\/11\/PVC-PALLETS-2-100x100.webp 100w, https:\/\/www.kblmachinery.com\/wp-content\/uploads\/2025\/11\/PVC-PALLETS-2-600x600.webp 600w\" sizes=\"auto, (max-width: 646px) 100vw, 646px\" \/> <img loading=\"lazy\" decoding=\"async\" class=\"wp-image-8383 aligncenter\" src=\"https:\/\/www.kblmachinery.com\/wp-content\/uploads\/2025\/11\/PVC-PALLETS-3.webp\" alt=\"Palette en pvc\" width=\"652\" height=\"652\" srcset=\"https:\/\/www.kblmachinery.com\/wp-content\/uploads\/2025\/11\/PVC-PALLETS-3.webp 805w, https:\/\/www.kblmachinery.com\/wp-content\/uploads\/2025\/11\/PVC-PALLETS-3-100x100.webp 100w, https:\/\/www.kblmachinery.com\/wp-content\/uploads\/2025\/11\/PVC-PALLETS-3-600x600.webp 600w\" sizes=\"auto, (max-width: 652px) 100vw, 652px\" \/><\/p>","protected":false},"excerpt":{"rendered":"<p>PVC Pallets \u2013 Product Description Advanced Mould Production Moulds and tamper head plates are manufactured using state-of-the-art milling technology and precise wire-cutting process for high accuracy. Exact Tolerances Tamperhead shoes and inserts are produced with precise tolerances, ensuring efficient assembly and consistent pallet quality. High-Quality Material Plates are made from Q345B steel (16 manganese), providing [&hellip;]<\/p>","protected":false},"featured_media":8381,"template":"","meta":[],"product_brand":[],"product_cat":[787],"product_tag":[],"class_list":{"0":"post-8380","1":"product","2":"type-product","3":"status-publish","4":"has-post-thumbnail","6":"product_cat-pallets-boards-for-brick-machine","8":"first","9":"instock","10":"shipping-taxable","11":"product-type-simple"},"yoast_head":"<!-- This site is optimized with the Yoast SEO plugin v24.4 - https:\/\/yoast.com\/wordpress\/plugins\/seo\/ -->\n<title>PVC Pallets Supplier | Kimberly Machinery<\/title>\n<meta name=\"description\" content=\"High-quality PVC pallets with durable moulds and custom sizes. Produced with advanced milling and wire-cutting technology for long-lasting use.\" \/>\n<meta name=\"robots\" content=\"index, follow, max-snippet:-1, max-image-preview:large, max-video-preview:-1\" \/>\n<link rel=\"canonical\" href=\"https:\/\/www.kblmachinery.com\/fr\/pvc-pallets\/\" \/>\n<meta property=\"og:locale\" content=\"fr_FR\" \/>\n<meta property=\"og:type\" content=\"article\" \/>\n<meta property=\"og:title\" content=\"PVC Pallets Supplier | Kimberly Machinery\" \/>\n<meta property=\"og:description\" content=\"High-quality PVC pallets with durable moulds and custom sizes. Produced with advanced milling and wire-cutting technology for long-lasting use.\" \/>\n<meta property=\"og:url\" content=\"https:\/\/www.kblmachinery.com\/fr\/pvc-pallets\/\" \/>\n<meta property=\"og:site_name\" content=\"Kimberly Machinery\" \/>\n<meta property=\"article:publisher\" content=\"https:\/\/www.facebook.com\/KimberlyMachinery\" \/>\n<meta property=\"article:modified_time\" content=\"2025-11-28T06:44:00+00:00\" \/>\n<meta property=\"og:image\" content=\"https:\/\/www.kblmachinery.com\/wp-content\/uploads\/2025\/11\/PVC-PALLETS-4.webp\" \/>\n\t<meta property=\"og:image:width\" content=\"805\" \/>\n\t<meta property=\"og:image:height\" content=\"805\" \/>\n\t<meta property=\"og:image:type\" content=\"image\/webp\" \/>\n<meta name=\"twitter:card\" content=\"summary_large_image\" \/>\n<meta name=\"twitter:label1\" content=\"Dur\u00e9e de lecture estim\u00e9e\" \/>\n\t<meta name=\"twitter:data1\" content=\"2 minutes\" \/>\n<script type=\"application\/ld+json\" class=\"yoast-schema-graph\">{\"@context\":\"https:\/\/schema.org\",\"@graph\":[{\"@type\":\"WebPage\",\"@id\":\"https:\/\/www.kblmachinery.com\/pvc-pallets\/\",\"url\":\"https:\/\/www.kblmachinery.com\/pvc-pallets\/\",\"name\":\"PVC Pallets Supplier | Kimberly Machinery\",\"isPartOf\":{\"@id\":\"https:\/\/www.kblmachinery.com\/#website\"},\"primaryImageOfPage\":{\"@id\":\"https:\/\/www.kblmachinery.com\/pvc-pallets\/#primaryimage\"},\"image\":{\"@id\":\"https:\/\/www.kblmachinery.com\/pvc-pallets\/#primaryimage\"},\"thumbnailUrl\":\"https:\/\/www.kblmachinery.com\/wp-content\/uploads\/2025\/11\/PVC-PALLETS-4.webp\",\"datePublished\":\"2024-08-20T09:13:00+00:00\",\"dateModified\":\"2025-11-28T06:44:00+00:00\",\"description\":\"High-quality PVC pallets with durable moulds and custom sizes. Produced with advanced milling and wire-cutting technology for long-lasting use.\",\"breadcrumb\":{\"@id\":\"https:\/\/www.kblmachinery.com\/pvc-pallets\/#breadcrumb\"},\"inLanguage\":\"fr-FR\",\"potentialAction\":[{\"@type\":\"ReadAction\",\"target\":[\"https:\/\/www.kblmachinery.com\/pvc-pallets\/\"]}]},{\"@type\":\"ImageObject\",\"inLanguage\":\"fr-FR\",\"@id\":\"https:\/\/www.kblmachinery.com\/pvc-pallets\/#primaryimage\",\"url\":\"https:\/\/www.kblmachinery.com\/wp-content\/uploads\/2025\/11\/PVC-PALLETS-4.webp\",\"contentUrl\":\"https:\/\/www.kblmachinery.com\/wp-content\/uploads\/2025\/11\/PVC-PALLETS-4.webp\",\"width\":805,\"height\":805,\"caption\":\"Pvc pallet\"},{\"@type\":\"BreadcrumbList\",\"@id\":\"https:\/\/www.kblmachinery.com\/pvc-pallets\/#breadcrumb\",\"itemListElement\":[{\"@type\":\"ListItem\",\"position\":1,\"name\":\"Home\",\"item\":\"https:\/\/www.kblmachinery.com\/\"},{\"@type\":\"ListItem\",\"position\":2,\"name\":\"PVC Pallets\"}]},{\"@type\":\"WebSite\",\"@id\":\"https:\/\/www.kblmachinery.com\/#website\",\"url\":\"https:\/\/www.kblmachinery.com\/\",\"name\":\"Professional Brick\/Block Making Machine in China\",\"description\":\"Block Machine Manufacturer - Kimberly Machinery\",\"publisher\":{\"@id\":\"https:\/\/www.kblmachinery.com\/#organization\"},\"potentialAction\":[{\"@type\":\"SearchAction\",\"target\":{\"@type\":\"EntryPoint\",\"urlTemplate\":\"https:\/\/www.kblmachinery.com\/?s={search_term_string}\"},\"query-input\":{\"@type\":\"PropertyValueSpecification\",\"valueRequired\":true,\"valueName\":\"search_term_string\"}}],\"inLanguage\":\"fr-FR\"},{\"@type\":\"Organization\",\"@id\":\"https:\/\/www.kblmachinery.com\/#organization\",\"name\":\"Quanzhou Kimberly Machinery Manufacturing Co. Ltd\",\"url\":\"https:\/\/www.kblmachinery.com\/\",\"logo\":{\"@type\":\"ImageObject\",\"inLanguage\":\"fr-FR\",\"@id\":\"https:\/\/www.kblmachinery.com\/#\/schema\/logo\/image\/\",\"url\":\"https:\/\/www.kblmachinery.com\/wp-content\/uploads\/2025\/11\/cropped-logo-1-1.png\",\"contentUrl\":\"https:\/\/www.kblmachinery.com\/wp-content\/uploads\/2025\/11\/cropped-logo-1-1.png\",\"width\":123,\"height\":136,\"caption\":\"Quanzhou Kimberly Machinery Manufacturing Co. Ltd\"},\"image\":{\"@id\":\"https:\/\/www.kblmachinery.com\/#\/schema\/logo\/image\/\"},\"sameAs\":[\"https:\/\/www.facebook.com\/KimberlyMachinery\"]}]}<\/script>\n<!-- \/ Yoast SEO plugin. -->","yoast_head_json":{"title":"PVC Pallets Supplier | Kimberly Machinery","description":"High-quality PVC pallets with durable moulds and custom sizes. Produced with advanced milling and wire-cutting technology for long-lasting use.","robots":{"index":"index","follow":"follow","max-snippet":"max-snippet:-1","max-image-preview":"max-image-preview:large","max-video-preview":"max-video-preview:-1"},"canonical":"https:\/\/www.kblmachinery.com\/fr\/pvc-pallets\/","og_locale":"fr_FR","og_type":"article","og_title":"PVC Pallets Supplier | Kimberly Machinery","og_description":"High-quality PVC pallets with durable moulds and custom sizes. Produced with advanced milling and wire-cutting technology for long-lasting use.","og_url":"https:\/\/www.kblmachinery.com\/fr\/pvc-pallets\/","og_site_name":"Kimberly Machinery","article_publisher":"https:\/\/www.facebook.com\/KimberlyMachinery","article_modified_time":"2025-11-28T06:44:00+00:00","og_image":[{"width":805,"height":805,"url":"https:\/\/www.kblmachinery.com\/wp-content\/uploads\/2025\/11\/PVC-PALLETS-4.webp","type":"image\/webp"}],"twitter_card":"summary_large_image","twitter_misc":{"Dur\u00e9e de lecture estim\u00e9e":"2 minutes"},"schema":{"@context":"https:\/\/schema.org","@graph":[{"@type":"WebPage","@id":"https:\/\/www.kblmachinery.com\/pvc-pallets\/","url":"https:\/\/www.kblmachinery.com\/pvc-pallets\/","name":"PVC Pallets Supplier | Kimberly Machinery","isPartOf":{"@id":"https:\/\/www.kblmachinery.com\/#website"},"primaryImageOfPage":{"@id":"https:\/\/www.kblmachinery.com\/pvc-pallets\/#primaryimage"},"image":{"@id":"https:\/\/www.kblmachinery.com\/pvc-pallets\/#primaryimage"},"thumbnailUrl":"https:\/\/www.kblmachinery.com\/wp-content\/uploads\/2025\/11\/PVC-PALLETS-4.webp","datePublished":"2024-08-20T09:13:00+00:00","dateModified":"2025-11-28T06:44:00+00:00","description":"High-quality PVC pallets with durable moulds and custom sizes. Produced with advanced milling and wire-cutting technology for long-lasting use.","breadcrumb":{"@id":"https:\/\/www.kblmachinery.com\/pvc-pallets\/#breadcrumb"},"inLanguage":"fr-FR","potentialAction":[{"@type":"ReadAction","target":["https:\/\/www.kblmachinery.com\/pvc-pallets\/"]}]},{"@type":"ImageObject","inLanguage":"fr-FR","@id":"https:\/\/www.kblmachinery.com\/pvc-pallets\/#primaryimage","url":"https:\/\/www.kblmachinery.com\/wp-content\/uploads\/2025\/11\/PVC-PALLETS-4.webp","contentUrl":"https:\/\/www.kblmachinery.com\/wp-content\/uploads\/2025\/11\/PVC-PALLETS-4.webp","width":805,"height":805,"caption":"Pvc pallet"},{"@type":"BreadcrumbList","@id":"https:\/\/www.kblmachinery.com\/pvc-pallets\/#breadcrumb","itemListElement":[{"@type":"ListItem","position":1,"name":"Home","item":"https:\/\/www.kblmachinery.com\/"},{"@type":"ListItem","position":2,"name":"PVC Pallets"}]},{"@type":"WebSite","@id":"https:\/\/www.kblmachinery.com\/#website","url":"https:\/\/www.kblmachinery.com\/","name":"Professional Brick\/Block Making Machine in China","description":"Block Machine Manufacturer - Kimberly Machinery","publisher":{"@id":"https:\/\/www.kblmachinery.com\/#organization"},"potentialAction":[{"@type":"SearchAction","target":{"@type":"EntryPoint","urlTemplate":"https:\/\/www.kblmachinery.com\/?s={search_term_string}"},"query-input":{"@type":"PropertyValueSpecification","valueRequired":true,"valueName":"search_term_string"}}],"inLanguage":"fr-FR"},{"@type":"Organization","@id":"https:\/\/www.kblmachinery.com\/#organization","name":"Quanzhou Kimberly Machinery Manufacturing Co. Ltd","url":"https:\/\/www.kblmachinery.com\/","logo":{"@type":"ImageObject","inLanguage":"fr-FR","@id":"https:\/\/www.kblmachinery.com\/#\/schema\/logo\/image\/","url":"https:\/\/www.kblmachinery.com\/wp-content\/uploads\/2025\/11\/cropped-logo-1-1.png","contentUrl":"https:\/\/www.kblmachinery.com\/wp-content\/uploads\/2025\/11\/cropped-logo-1-1.png","width":123,"height":136,"caption":"Quanzhou Kimberly Machinery Manufacturing Co. Ltd"},"image":{"@id":"https:\/\/www.kblmachinery.com\/#\/schema\/logo\/image\/"},"sameAs":["https:\/\/www.facebook.com\/KimberlyMachinery"]}]}},"_links":{"self":[{"href":"https:\/\/www.kblmachinery.com\/fr\/wp-json\/wp\/v2\/product\/8380","targetHints":{"allow":["GET"]}}],"collection":[{"href":"https:\/\/www.kblmachinery.com\/fr\/wp-json\/wp\/v2\/product"}],"about":[{"href":"https:\/\/www.kblmachinery.com\/fr\/wp-json\/wp\/v2\/types\/product"}],"wp:featuredmedia":[{"embeddable":true,"href":"https:\/\/www.kblmachinery.com\/fr\/wp-json\/wp\/v2\/media\/8381"}],"wp:attachment":[{"href":"https:\/\/www.kblmachinery.com\/fr\/wp-json\/wp\/v2\/media?parent=8380"}],"wp:term":[{"taxonomy":"product_brand","embeddable":true,"href":"https:\/\/www.kblmachinery.com\/fr\/wp-json\/wp\/v2\/product_brand?post=8380"},{"taxonomy":"product_cat","embeddable":true,"href":"https:\/\/www.kblmachinery.com\/fr\/wp-json\/wp\/v2\/product_cat?post=8380"},{"taxonomy":"product_tag","embeddable":true,"href":"https:\/\/www.kblmachinery.com\/fr\/wp-json\/wp\/v2\/product_tag?post=8380"}],"curies":[{"name":"wp","href":"https:\/\/api.w.org\/{rel}","templated":true}]}}