{"id":37,"date":"2025-02-07T01:55:43","date_gmt":"2025-02-07T01:55:43","guid":{"rendered":"https:\/\/www.kblmachinery.com\/?page_id=37"},"modified":"2025-11-17T05:41:11","modified_gmt":"2025-11-17T05:41:11","slug":"contact-us","status":"publish","type":"page","link":"https:\/\/www.kblmachinery.com\/pt\/contact-us\/","title":{"rendered":"Contactar-nos"},"content":{"rendered":"<div class=\"path_bar\">\n        <div class=\"layout\">\n            <ul>\n                <li><a href=\"\/\">In\u00edcio<\/a><\/li>\n                <!--\u9762\u5305\u5c51-->\n                    <li>\n                     <a href=\"\">Contactar-nos<\/a><\/li>\n                <\/ul>\n        <\/div>\n    <\/div><h1 class=\"wp-block-heading has-text-align-center layout mtb\" style=\"font-size:30px\">Contactar-nos<\/h1><div id=\"icon-contact\" >\n        <div class=\"layout\">\n            <ul class=\"ic-list\">\n                \n                  \n              <li style=\"text-align:center;\">\n              <a href=\"mailto:sales@kblmachinery.com\"><img decoding=\"async\" src=\"\/wp-content\/uploads\/2025\/02\/email-fill-2.png\" class=\"social-icon\">\n             <h2>Correio eletr\u00f3nico<\/h2>\n              <p>sales@kblmachinery.com<\/p><\/a>\n               <\/li>\n <li style=\"text-align:center;\">\n             <a href=\"https:\/\/wa.me\/8618960287187\" target=\"_blank\" rel=\"noopener\"><img decoding=\"async\" src=\"\/wp-content\/uploads\/2025\/02\/whatsapp-7.png\" class=\"social-icon\">\n              <h2>WhatsApp<\/h2>\n              <p>+86 18960287187<\/p><a>\n               <\/li>\n <li style=\"text-align:center;\">\n           <img decoding=\"async\" src=\"\/wp-content\/uploads\/2025\/02\/phone-fill.png\" class=\"social-icon\">\n              <h2>Telefone<\/h2>\n               <a href=\"tel:8618960287187\" target=\"_blank\" rel=\"noopener\"><p>+86 18960287187<\/p><\/a>\n           \n               <\/li>\n <li style=\"text-align:center;\">\n          <img decoding=\"async\" src=\"\/wp-content\/uploads\/2025\/02\/address-b.png\" class=\"social-icon\">\n              <h2>Endere\u00e7o<\/h2>\n              <p>Jiangbin North Road, Qingyuan Street, distrito de Fengze, cidade de Quanzhou, prov\u00edncia de Fujian<\/p>\n               <\/li>\n\n            <\/ul>\n        <\/div>\n    <\/div>\n\n<style>\n\n.social-icon{\n\nwidth:60px;\nmargin-bottom: 15px;\n\n\n}\n@media screen and (min-width:981px){\n#icon-contact .ic-list{\ndisplay:flex;\njustify-content:space-between;\nlist-style:none!important\n}\n#icon-contact .ic-list li{\n\nwidth:25%;\nmargin-bottom:20px\n}\n\n}\n#icon-contact .ic-list li{\n\nmargin-bottom:20px\n}\n#icon-contact .ic-list li span{\nmargin-bottom: 20px;\nfont-size:55px;\nwidth:auto!important;\nheight:auto!important\n}\n#icon-contact .ic-list{\nlist-style:none!important\n}\n<\/style><div class=\"contact-form\" style=\"margin:55px 0\">\n        <div class=\"layout\">\n               <div class=\"header_inquiry\"\n         style=\"display: flex; align-items: center; justify-content: center; height: 64vh; background-color: #f1f4f6; width: 100%;\">\n        <div id=\"header_inquiry-form\"\n             style=\"border:1px solid #bfbfbf; padding: 2em; padding-top:2.625em;width: 84%; background-color: #fff;\">\n            <div style=\"background-color: #012f81; color: #fff; padding: 1em; border-radius: 5px; margin-bottom: 2em; text-align: center;\">\n                <h2 style=\"margin: 0; color: #fff;\">Deixe a sua mensagem<\/h2>\n            <\/div>\n            <form id=\"header_inquiry-form-content\" action=\"#\" method=\"post\" style=\"color: #666;\" data-trp-original-action=\"#\">\n                <input type=\"text\" name=\"title\" id=\"name\" placeholder=\"Nome...\" required\n style=\"width: 100%; padding: 1em; margin-bottom: 1em; box-sizing: border-box;\">\n                <input type=\"email\" name=\"email\" id=\"email\"\n                       placeholder=\"*E-mail (Responderemos por e-mail em 24 horas)\" required\n style=\"width: 100%; padding: 1em; margin-bottom: 1em; box-sizing: border-box;\">\n                <input type=\"text\" name=\"telephone\" id=\"phone\" placeholder=\"Telefone\/WhatsApp\/WeChat (muito importante)\"\n                       required style=\"width: 100%; padding: 1em; margin-bottom: 1em; box-sizing: border-box;\">\n                <textarea name=\"message\" id=\"details\" rows=\"4\"\n                          placeholder=\"*Introduza os detalhes do cabe\u00e7alho, como o tamanho, a cor, os materiais, etc., e outros requisitos espec\u00edficos para receber um or\u00e7amento exato.\"\n                          style=\"width: 100%; padding: 1em; margin-bottom: 1em; box-sizing: border-box;\"><\/textarea>\n                <button id=\"send_form\" type=\"submit\"\n                        style=\"background-color: #f28808; color: #fff; padding: 1em 1.5em; border: none; border-radius: 3px; cursor: pointer; width: 100%;\">\n                    Enviar\n                <\/button>\n            <input type=\"hidden\" name=\"trp-form-language\" value=\"pt\"\/><\/form>\n        <\/div>\n    <\/div>\n    \n        <\/div>\n    <\/div>\n<style>\n#icon-contact{\npadding-top:50px\n}\n\n@media screen and (max-width:981px){\n#icon-contact .ic-list li{\nfloat:left;\nwidth:50%\n}\n\n\n}\n.mtb{\n    margin: 3% auto 1%;\n\n}\n\n\n<\/style>","protected":false},"excerpt":{"rendered":"<p>Home Contact Us Contact Us Email sales@kblmachinery.com WhatsApp +86 18960287187 Phone +86 18960287187 Address Jiangbin North Road, Qingyuan Street, Fengze District, Quanzhou City, Fujian Province<\/p>","protected":false},"author":1,"featured_media":0,"parent":0,"menu_order":0,"comment_status":"closed","ping_status":"closed","template":"","meta":{"footnotes":""},"class_list":["post-37","page","type-page","status-publish","hentry"],"yoast_head":"<!-- This site is optimized with the Yoast SEO plugin v24.4 - https:\/\/yoast.com\/wordpress\/plugins\/seo\/ -->\n<title>Contact Us - Kimberly Machinery<\/title>\n<meta name=\"description\" content=\"Kimberly provides auto concrete block machines, hydraulic press series block machines, concrete mixer, batching machine with wholesale price.\" \/>\n<meta name=\"robots\" content=\"index, follow, max-snippet:-1, max-image-preview:large, max-video-preview:-1\" \/>\n<link rel=\"canonical\" href=\"https:\/\/www.kblmachinery.com\/pt\/contact-us\/\" \/>\n<meta property=\"og:locale\" content=\"pt_PT\" \/>\n<meta property=\"og:type\" content=\"article\" \/>\n<meta property=\"og:title\" content=\"Contact Us - Kimberly Machinery\" \/>\n<meta property=\"og:description\" content=\"Kimberly provides auto concrete block machines, hydraulic press series block machines, concrete mixer, batching machine with wholesale price.\" \/>\n<meta property=\"og:url\" content=\"https:\/\/www.kblmachinery.com\/pt\/contact-us\/\" \/>\n<meta property=\"og:site_name\" content=\"Kimberly Machinery\" \/>\n<meta property=\"article:publisher\" content=\"https:\/\/www.facebook.com\/KimberlyMachinery\" \/>\n<meta property=\"article:modified_time\" content=\"2025-11-17T05:41:11+00:00\" \/>\n<meta name=\"twitter:card\" content=\"summary_large_image\" \/>\n<meta name=\"twitter:label1\" content=\"Tempo estimado de leitura\" \/>\n\t<meta name=\"twitter:data1\" content=\"1 minuto\" \/>\n<script type=\"application\/ld+json\" class=\"yoast-schema-graph\">{\"@context\":\"https:\/\/schema.org\",\"@graph\":[{\"@type\":\"WebPage\",\"@id\":\"https:\/\/www.kblmachinery.com\/contact-us\/\",\"url\":\"https:\/\/www.kblmachinery.com\/contact-us\/\",\"name\":\"Contact Us - Kimberly Machinery\",\"isPartOf\":{\"@id\":\"https:\/\/www.kblmachinery.com\/#website\"},\"datePublished\":\"2025-02-07T01:55:43+00:00\",\"dateModified\":\"2025-11-17T05:41:11+00:00\",\"description\":\"Kimberly provides auto concrete block machines, hydraulic press series block machines, concrete mixer, batching machine with wholesale price.\",\"breadcrumb\":{\"@id\":\"https:\/\/www.kblmachinery.com\/contact-us\/#breadcrumb\"},\"inLanguage\":\"pt-PT\",\"potentialAction\":[{\"@type\":\"ReadAction\",\"target\":[\"https:\/\/www.kblmachinery.com\/contact-us\/\"]}]},{\"@type\":\"BreadcrumbList\",\"@id\":\"https:\/\/www.kblmachinery.com\/contact-us\/#breadcrumb\",\"itemListElement\":[{\"@type\":\"ListItem\",\"position\":1,\"name\":\"Home\",\"item\":\"https:\/\/www.kblmachinery.com\/\"},{\"@type\":\"ListItem\",\"position\":2,\"name\":\"Contact Us\"}]},{\"@type\":\"WebSite\",\"@id\":\"https:\/\/www.kblmachinery.com\/#website\",\"url\":\"https:\/\/www.kblmachinery.com\/\",\"name\":\"Professional Brick\/Block Making Machine in China\",\"description\":\"Block Machine Manufacturer - Kimberly Machinery\",\"publisher\":{\"@id\":\"https:\/\/www.kblmachinery.com\/#organization\"},\"potentialAction\":[{\"@type\":\"SearchAction\",\"target\":{\"@type\":\"EntryPoint\",\"urlTemplate\":\"https:\/\/www.kblmachinery.com\/?s={search_term_string}\"},\"query-input\":{\"@type\":\"PropertyValueSpecification\",\"valueRequired\":true,\"valueName\":\"search_term_string\"}}],\"inLanguage\":\"pt-PT\"},{\"@type\":\"Organization\",\"@id\":\"https:\/\/www.kblmachinery.com\/#organization\",\"name\":\"Quanzhou Kimberly Machinery Manufacturing Co. Ltd\",\"url\":\"https:\/\/www.kblmachinery.com\/\",\"logo\":{\"@type\":\"ImageObject\",\"inLanguage\":\"pt-PT\",\"@id\":\"https:\/\/www.kblmachinery.com\/#\/schema\/logo\/image\/\",\"url\":\"https:\/\/www.kblmachinery.com\/wp-content\/uploads\/2025\/11\/cropped-logo-1-1.png\",\"contentUrl\":\"https:\/\/www.kblmachinery.com\/wp-content\/uploads\/2025\/11\/cropped-logo-1-1.png\",\"width\":123,\"height\":136,\"caption\":\"Quanzhou Kimberly Machinery Manufacturing Co. Ltd\"},\"image\":{\"@id\":\"https:\/\/www.kblmachinery.com\/#\/schema\/logo\/image\/\"},\"sameAs\":[\"https:\/\/www.facebook.com\/KimberlyMachinery\"]}]}<\/script>\n<!-- \/ Yoast SEO plugin. -->","yoast_head_json":{"title":"Contact Us - Kimberly Machinery","description":"Kimberly provides auto concrete block machines, hydraulic press series block machines, concrete mixer, batching machine with wholesale price.","robots":{"index":"index","follow":"follow","max-snippet":"max-snippet:-1","max-image-preview":"max-image-preview:large","max-video-preview":"max-video-preview:-1"},"canonical":"https:\/\/www.kblmachinery.com\/pt\/contact-us\/","og_locale":"pt_PT","og_type":"article","og_title":"Contact Us - Kimberly Machinery","og_description":"Kimberly provides auto concrete block machines, hydraulic press series block machines, concrete mixer, batching machine with wholesale price.","og_url":"https:\/\/www.kblmachinery.com\/pt\/contact-us\/","og_site_name":"Kimberly Machinery","article_publisher":"https:\/\/www.facebook.com\/KimberlyMachinery","article_modified_time":"2025-11-17T05:41:11+00:00","twitter_card":"summary_large_image","twitter_misc":{"Tempo estimado de leitura":"1 minuto"},"schema":{"@context":"https:\/\/schema.org","@graph":[{"@type":"WebPage","@id":"https:\/\/www.kblmachinery.com\/contact-us\/","url":"https:\/\/www.kblmachinery.com\/contact-us\/","name":"Contact Us - Kimberly Machinery","isPartOf":{"@id":"https:\/\/www.kblmachinery.com\/#website"},"datePublished":"2025-02-07T01:55:43+00:00","dateModified":"2025-11-17T05:41:11+00:00","description":"Kimberly provides auto concrete block machines, hydraulic press series block machines, concrete mixer, batching machine with wholesale price.","breadcrumb":{"@id":"https:\/\/www.kblmachinery.com\/contact-us\/#breadcrumb"},"inLanguage":"pt-PT","potentialAction":[{"@type":"ReadAction","target":["https:\/\/www.kblmachinery.com\/contact-us\/"]}]},{"@type":"BreadcrumbList","@id":"https:\/\/www.kblmachinery.com\/contact-us\/#breadcrumb","itemListElement":[{"@type":"ListItem","position":1,"name":"Home","item":"https:\/\/www.kblmachinery.com\/"},{"@type":"ListItem","position":2,"name":"Contact Us"}]},{"@type":"WebSite","@id":"https:\/\/www.kblmachinery.com\/#website","url":"https:\/\/www.kblmachinery.com\/","name":"Professional Brick\/Block Making Machine in China","description":"Block Machine Manufacturer - Kimberly Machinery","publisher":{"@id":"https:\/\/www.kblmachinery.com\/#organization"},"potentialAction":[{"@type":"SearchAction","target":{"@type":"EntryPoint","urlTemplate":"https:\/\/www.kblmachinery.com\/?s={search_term_string}"},"query-input":{"@type":"PropertyValueSpecification","valueRequired":true,"valueName":"search_term_string"}}],"inLanguage":"pt-PT"},{"@type":"Organization","@id":"https:\/\/www.kblmachinery.com\/#organization","name":"Quanzhou Kimberly Machinery Manufacturing Co. Ltd","url":"https:\/\/www.kblmachinery.com\/","logo":{"@type":"ImageObject","inLanguage":"pt-PT","@id":"https:\/\/www.kblmachinery.com\/#\/schema\/logo\/image\/","url":"https:\/\/www.kblmachinery.com\/wp-content\/uploads\/2025\/11\/cropped-logo-1-1.png","contentUrl":"https:\/\/www.kblmachinery.com\/wp-content\/uploads\/2025\/11\/cropped-logo-1-1.png","width":123,"height":136,"caption":"Quanzhou Kimberly Machinery Manufacturing Co. Ltd"},"image":{"@id":"https:\/\/www.kblmachinery.com\/#\/schema\/logo\/image\/"},"sameAs":["https:\/\/www.facebook.com\/KimberlyMachinery"]}]}},"_links":{"self":[{"href":"https:\/\/www.kblmachinery.com\/pt\/wp-json\/wp\/v2\/pages\/37","targetHints":{"allow":["GET"]}}],"collection":[{"href":"https:\/\/www.kblmachinery.com\/pt\/wp-json\/wp\/v2\/pages"}],"about":[{"href":"https:\/\/www.kblmachinery.com\/pt\/wp-json\/wp\/v2\/types\/page"}],"author":[{"embeddable":true,"href":"https:\/\/www.kblmachinery.com\/pt\/wp-json\/wp\/v2\/users\/1"}],"replies":[{"embeddable":true,"href":"https:\/\/www.kblmachinery.com\/pt\/wp-json\/wp\/v2\/comments?post=37"}],"version-history":[{"count":7,"href":"https:\/\/www.kblmachinery.com\/pt\/wp-json\/wp\/v2\/pages\/37\/revisions"}],"predecessor-version":[{"id":11278,"href":"https:\/\/www.kblmachinery.com\/pt\/wp-json\/wp\/v2\/pages\/37\/revisions\/11278"}],"wp:attachment":[{"href":"https:\/\/www.kblmachinery.com\/pt\/wp-json\/wp\/v2\/media?parent=37"}],"curies":[{"name":"wp","href":"https:\/\/api.w.org\/{rel}","templated":true}]}}