{"id":8102,"date":"2024-08-17T05:10:00","date_gmt":"2024-08-17T05:10:00","guid":{"rendered":"https:\/\/www.kblmachinery.com\/?post_type=product&#038;p=8102"},"modified":"2025-11-28T07:52:00","modified_gmt":"2025-11-28T07:52:00","slug":"solid-brick-mold-hollow-block-mould-for-brick-making-machine-like-masa-hess-tiger","status":"publish","type":"product","link":"https:\/\/www.kblmachinery.com\/pt\/solid-brick-mold-hollow-block-mould-for-brick-making-machine-like-masa-hess-tiger\/","title":{"rendered":"Molde de tijolo maci\u00e7o Molde de bloco oco para m\u00e1quina de fazer tijolos como MASA HESS TIGER"},"content":{"rendered":"<h2>Moldes de blocos s\u00f3lidos e ocos para MASA HESS TIGER<\/h2>\n<table class=\"tg\" style=\"border-collapse: collapse; border-spacing: 0px; height: 170px;\" width=\"100%\">\n<tbody>\n<tr>\n<td style=\"font-family: Arial, sans-serif; font-size: 14px; overflow: hidden; padding: 10px 5px; text-align: left; vertical-align: top; word-break: normal; border: 1px solid black;\">Nome<\/td>\n<td style=\"font-family: Arial, sans-serif; font-size: 14px; overflow: hidden; padding: 10px 5px; text-align: left; vertical-align: top; word-break: normal; border: 1px solid black;\">molde de bloco oco<\/td>\n<td style=\"font-family: Arial, sans-serif; font-size: 14px; overflow: hidden; padding: 10px 5px; text-align: left; vertical-align: top; word-break: normal; border: 1px solid black;\">Tratamento t\u00e9rmico<\/td>\n<td style=\"font-family: Arial, sans-serif; font-size: 14px; overflow: hidden; padding: 10px 5px; text-align: left; vertical-align: top; word-break: normal; border: 1px solid black;\">Carbonitreta\u00e7\u00e3o 900-950<span style=\"color: #555;\">\u00b0<\/span>C<\/td>\n<\/tr>\n<tr>\n<td style=\"font-family: Arial, sans-serif; font-size: 14px; overflow: hidden; padding: 10px 5px; text-align: left; vertical-align: top; word-break: normal; border: 1px solid black;\">mat\u00e9ria-prima<\/td>\n<td style=\"font-family: Arial, sans-serif; font-size: 14px; overflow: hidden; padding: 10px 5px; text-align: left; vertical-align: top; word-break: normal; border: 1px solid black;\">a\u00e7o especial resistente ao desgaste<\/td>\n<td style=\"font-family: Arial, sans-serif; font-size: 14px; overflow: hidden; padding: 10px 5px; text-align: left; vertical-align: top; word-break: normal; border: 1px solid black;\">Dureza<\/td>\n<td style=\"font-family: Arial, sans-serif; font-size: 14px; overflow: hidden; padding: 10px 5px; text-align: left; vertical-align: top; word-break: normal; border: 1px solid black;\">60-65HRC<\/td>\n<\/tr>\n<tr>\n<td style=\"font-family: Arial, sans-serif; font-size: 14px; overflow: hidden; padding: 10px 5px; text-align: left; vertical-align: top; word-break: normal; border: 1px solid black;\">Tipo de bloco<\/td>\n<td style=\"font-family: Arial, sans-serif; font-size: 14px; overflow: hidden; padding: 10px 5px; text-align: left; vertical-align: top; word-break: normal; border: 1px solid black;\">Bloco oco, bloco de interbloqueio, bloco de pavimenta\u00e7\u00e3o, pedra de cal\u00e7ada, todos podem ser personalizados<\/td>\n<td style=\"font-family: Arial, sans-serif; font-size: 14px; overflow: hidden; padding: 10px 5px; text-align: left; vertical-align: top; word-break: normal; border: 1px solid black;\">C\u00f3digo SH<\/td>\n<td style=\"font-family: Arial, sans-serif; font-size: 14px; overflow: hidden; padding: 10px 5px; text-align: left; vertical-align: top; word-break: normal; border: 1px solid black;\">848060<\/td>\n<\/tr>\n<tr>\n<td style=\"font-family: Arial, sans-serif; font-size: 14px; overflow: hidden; padding: 10px 5px; text-align: left; vertical-align: top; word-break: normal; border: 1px solid black;\">tempo de vida<\/td>\n<td style=\"font-family: Arial, sans-serif; font-size: 14px; overflow: hidden; padding: 10px 5px; text-align: left; vertical-align: top; word-break: normal; border: 1px solid black;\">100000-120000 vezes<\/td>\n<td style=\"font-family: Arial, sans-serif; font-size: 14px; overflow: hidden; padding: 10px 5px; text-align: left; vertical-align: top; word-break: normal; border: 1px solid black;\">Embalagem<\/td>\n<td style=\"font-family: Arial, sans-serif; font-size: 14px; overflow: hidden; padding: 10px 5px; text-align: left; vertical-align: top; word-break: normal; border: 1px solid black;\">Madeira + pel\u00edcula pl\u00e1stica<\/td>\n<\/tr>\n<\/tbody>\n<\/table>\n<h2><img loading=\"lazy\" decoding=\"async\" class=\"alignnone size-full wp-image-11251\" src=\"https:\/\/www.kblmachinery.com\/wp-content\/uploads\/2025\/11\/imh8.webp\" alt=\"\" width=\"800\" height=\"600\" srcset=\"https:\/\/www.kblmachinery.com\/wp-content\/uploads\/2025\/11\/imh8.webp 800w, https:\/\/www.kblmachinery.com\/wp-content\/uploads\/2025\/11\/imh8-300x225.webp 300w, https:\/\/www.kblmachinery.com\/wp-content\/uploads\/2025\/11\/imh8-768x576.webp 768w, https:\/\/www.kblmachinery.com\/wp-content\/uploads\/2025\/11\/imh8-16x12.webp 16w, https:\/\/www.kblmachinery.com\/wp-content\/uploads\/2025\/11\/imh8-600x450.webp 600w\" sizes=\"auto, (max-width: 800px) 100vw, 800px\" \/> <img loading=\"lazy\" decoding=\"async\" class=\"alignnone size-full wp-image-11256\" src=\"https:\/\/www.kblmachinery.com\/wp-content\/uploads\/2025\/11\/img3.webp\" alt=\"\" width=\"800\" height=\"600\" srcset=\"https:\/\/www.kblmachinery.com\/wp-content\/uploads\/2025\/11\/img3.webp 800w, https:\/\/www.kblmachinery.com\/wp-content\/uploads\/2025\/11\/img3-300x225.webp 300w, https:\/\/www.kblmachinery.com\/wp-content\/uploads\/2025\/11\/img3-768x576.webp 768w, https:\/\/www.kblmachinery.com\/wp-content\/uploads\/2025\/11\/img3-16x12.webp 16w, https:\/\/www.kblmachinery.com\/wp-content\/uploads\/2025\/11\/img3-600x450.webp 600w\" sizes=\"auto, (max-width: 800px) 100vw, 800px\" \/> <img loading=\"lazy\" decoding=\"async\" class=\"alignnone size-full wp-image-11249\" src=\"https:\/\/www.kblmachinery.com\/wp-content\/uploads\/2025\/11\/img9.webp\" alt=\"\" width=\"800\" height=\"600\" srcset=\"https:\/\/www.kblmachinery.com\/wp-content\/uploads\/2025\/11\/img9.webp 800w, https:\/\/www.kblmachinery.com\/wp-content\/uploads\/2025\/11\/img9-300x225.webp 300w, https:\/\/www.kblmachinery.com\/wp-content\/uploads\/2025\/11\/img9-768x576.webp 768w, https:\/\/www.kblmachinery.com\/wp-content\/uploads\/2025\/11\/img9-16x12.webp 16w, https:\/\/www.kblmachinery.com\/wp-content\/uploads\/2025\/11\/img9-600x450.webp 600w\" sizes=\"auto, (max-width: 800px) 100vw, 800px\" \/> <img loading=\"lazy\" decoding=\"async\" class=\"alignnone size-full wp-image-11253\" src=\"https:\/\/www.kblmachinery.com\/wp-content\/uploads\/2025\/11\/img7.webp\" alt=\"\" width=\"800\" height=\"600\" srcset=\"https:\/\/www.kblmachinery.com\/wp-content\/uploads\/2025\/11\/img7.webp 800w, https:\/\/www.kblmachinery.com\/wp-content\/uploads\/2025\/11\/img7-300x225.webp 300w, https:\/\/www.kblmachinery.com\/wp-content\/uploads\/2025\/11\/img7-768x576.webp 768w, https:\/\/www.kblmachinery.com\/wp-content\/uploads\/2025\/11\/img7-16x12.webp 16w, https:\/\/www.kblmachinery.com\/wp-content\/uploads\/2025\/11\/img7-600x450.webp 600w\" sizes=\"auto, (max-width: 800px) 100vw, 800px\" \/><\/h2>\n<h2>FAQ<\/h2>\n<h3>Como posso obter um or\u00e7amento?<\/h3>\n<ul>\n<li>Envie-nos os seus desenhos de blocos pormenorizados e n\u00f3s verific\u00e1-los-emos para apresentar um or\u00e7amento em conformidade.<\/li>\n<li>Sem desenhos, informe-nos do tipo de bloco que pretende, como oco ou maci\u00e7o. Envie tamb\u00e9m uma fotografia, especificando as suas dimens\u00f5es em comprimento, largura e espessura em mm.<\/li>\n<li>Quais s\u00e3o as dimens\u00f5es das paletes?<\/li>\n<li>Partilhe o tamanho da sua cabe\u00e7a de tamper e a altura do seu molde inferior.<\/li>\n<li>Diga-nos como \u00e9 que o seu molde se liga \u00e0 sua m\u00e1quina. A apresenta\u00e7\u00e3o de desenhos de liga\u00e7\u00e3o seria \u00fatil.<\/li>\n<\/ul>\n<p>Assim que tivermos os seus dados, prepararemos rapidamente o seu or\u00e7amento.<\/p>\n<h3>E quanto ao prazo de entrega?<\/h3>\n<p>Para os moldes normais, espere 20-25 dias \u00fateis ap\u00f3s a rece\u00e7\u00e3o do seu dep\u00f3sito, e para os moldes topo de gama, 30-40 dias \u00fateis.<\/p>\n<h3>Como \u00e9 efectuada a embalagem de transporte?<\/h3>\n<p>Utilizamos caixas de madeira com pel\u00edcula de pl\u00e1stico, ou podemos personalizar de acordo com as suas necessidades.<\/p>\n<h3>O novo molde adapta-se \u00e0 minha m\u00e1quina?<\/h3>\n<p>Fizemos moldes para v\u00e1rias marcas, possivelmente compat\u00edveis com a sua. Pode medir voc\u00ea mesmo ou deixar-nos faz\u00ea-lo atrav\u00e9s de fotografias. Isto garante um ajuste perfeito sem problemas.<\/p>\n<h3>Quais s\u00e3o as condi\u00e7\u00f5es de pagamento?<\/h3>\n<p>Para prosseguir, exigimos um adiantamento de 50% via T\/T, e o saldo deve ser pago antes do envio.<\/p>\n<h3>Como posso contact\u00e1-lo?<\/h3>\n<p>Entre em contacto connosco atrav\u00e9s do WeChat\/WhatsApp: +86-1330506196 ou +86-18960287187. Obrigado!<\/p>\n<p><iframe loading=\"lazy\" title=\"V\u00eddeo de trabalho das cofragens\" src=\"https:\/\/www.youtube.com\/embed\/czhs2wYoLZg\" width=\"556\" height=\"310\" frameborder=\"0\" allowfullscreen=\"allowfullscreen\"><\/iframe><\/p>","protected":false},"excerpt":{"rendered":"<p data-start=\"979\" data-end=\"1089\" data-is-last-node=\"\">We produce solid brick molds, concrete hollow blocks, porous bricks, solid bricks, paver blocks, river slope protection bricks, square bricks, wharf bricks, heat insulation bricks, grass planting bricks, and more. Additionally, we customize special-shaped brick molds to meet buyers&#8217; specific requirements.<\/p>\n<p>&nbsp;<\/p>\n<table class=\"tg\" style=\"border-collapse: collapse; border-spacing: 0px; height: 284px;\" width=\"100%\">\n<tbody>\n<tr>\n<td style=\"font-family: Arial, sans-serif; font-size: 14px; overflow: hidden; padding: 10px 5px; text-align: left; vertical-align: top; word-break: normal; border: 1px solid black;\">Encomenda (MOQ) :<\/td>\n<td style=\"font-family: Arial, sans-serif; font-size: 14px; overflow: hidden; padding: 10px 5px; text-align: left; vertical-align: top; word-break: normal; border: 1px solid black;\">1 Conjunto<\/td>\n<\/tr>\n<tr>\n<td style=\"font-family: Arial, sans-serif; font-size: 14px; overflow: hidden; padding: 10px 5px; text-align: left; vertical-align: top; word-break: normal; border: 1px solid black;\">Pagamento :<\/td>\n<td style=\"font-family: Arial, sans-serif; font-size: 14px; overflow: hidden; padding: 10px 5px; text-align: left; vertical-align: top; word-break: normal; border: 1px solid black;\">Pagamento T\/T 100% antes da expedi\u00e7\u00e3o ou 100% por L\/C confirmada e irrevog\u00e1vel \u00e0 vista.<\/td>\n<\/tr>\n<tr>\n<td style=\"font-family: Arial, sans-serif; font-size: 14px; overflow: hidden; padding: 10px 5px; text-align: left; vertical-align: top; word-break: normal; border: 1px solid black;\">Origem do produto :<\/td>\n<td style=\"font-family: Arial, sans-serif; font-size: 14px; overflow: hidden; padding: 10px 5px; text-align: left; vertical-align: top; word-break: normal; border: 1px solid black;\">Quanzhou Fujian<\/td>\n<\/tr>\n<tr>\n<td style=\"font-family: Arial, sans-serif; font-size: 14px; overflow: hidden; padding: 10px 5px; text-align: left; vertical-align: top; word-break: normal; border: 1px solid black;\">Cor :<\/td>\n<td style=\"font-family: Arial, sans-serif; font-size: 14px; overflow: hidden; padding: 10px 5px; text-align: left; vertical-align: top; word-break: normal; border: 1px solid black;\">adaptar-se \u00e0 procura<\/td>\n<\/tr>\n<tr>\n<td style=\"font-family: Arial, sans-serif; font-size: 14px; overflow: hidden; padding: 10px 5px; text-align: left; vertical-align: top; word-break: normal; border: 1px solid black;\">Porto de embarque :<\/td>\n<td style=\"font-family: Arial, sans-serif; font-size: 14px; overflow: hidden; padding: 10px 5px; text-align: left; vertical-align: top; word-break: normal; border: 1px solid black;\">Xiamen<\/td>\n<\/tr>\n<tr>\n<td style=\"font-family: Arial, sans-serif; font-size: 14px; overflow: hidden; padding: 10px 5px; text-align: left; vertical-align: top; word-break: normal; border: 1px solid black;\">Prazo de entrega :<\/td>\n<td style=\"font-family: Arial, sans-serif; font-size: 14px; overflow: hidden; padding: 10px 5px; text-align: left; vertical-align: top; word-break: normal; border: 1px solid black;\">20-25 dias<\/td>\n<\/tr>\n<\/tbody>\n<\/table>","protected":false},"featured_media":8103,"template":"","meta":[],"product_brand":[],"product_cat":[758,759],"product_tag":[],"class_list":{"0":"post-8102","1":"product","2":"type-product","3":"status-publish","4":"has-post-thumbnail","6":"product_cat-block-moulds","7":"product_cat-hollow-block-mould","9":"first","10":"instock","11":"shipping-taxable","12":"product-type-simple"},"yoast_head":"<!-- This site is optimized with the Yoast SEO plugin v24.4 - https:\/\/yoast.com\/wordpress\/plugins\/seo\/ -->\n<title>Solid &amp; Hollow Block Moulds | MASA\u2011HESS\u2011Tiger Compatible<\/title>\n<meta name=\"description\" content=\"Durable solid and hollow brick molds for brick\u2011making machines like MASA, HESS, Tiger. High\u2011precision steel molds for reliable concrete block production.\" \/>\n<meta name=\"robots\" content=\"index, follow, max-snippet:-1, max-image-preview:large, max-video-preview:-1\" \/>\n<link rel=\"canonical\" href=\"https:\/\/www.kblmachinery.com\/pt\/solid-brick-mold-hollow-block-mould-for-brick-making-machine-like-masa-hess-tiger\/\" \/>\n<meta property=\"og:locale\" content=\"pt_PT\" \/>\n<meta property=\"og:type\" content=\"article\" \/>\n<meta property=\"og:title\" content=\"Solid &amp; Hollow Block Moulds | MASA\u2011HESS\u2011Tiger Compatible\" \/>\n<meta property=\"og:description\" content=\"Durable solid and hollow brick molds for brick\u2011making machines like MASA, HESS, Tiger. High\u2011precision steel molds for reliable concrete block production.\" \/>\n<meta property=\"og:url\" content=\"https:\/\/www.kblmachinery.com\/pt\/solid-brick-mold-hollow-block-mould-for-brick-making-machine-like-masa-hess-tiger\/\" \/>\n<meta property=\"og:site_name\" content=\"Kimberly Machinery\" \/>\n<meta property=\"article:publisher\" content=\"https:\/\/www.facebook.com\/KimberlyMachinery\" \/>\n<meta property=\"article:modified_time\" content=\"2025-11-28T07:52:00+00:00\" \/>\n<meta property=\"og:image\" content=\"https:\/\/www.kblmachinery.com\/wp-content\/uploads\/2025\/11\/Solid-Brick-Mold-Hollow-Block-Mould-for-Brick-Making-Machine-Like-MASA-HESS-TIGER.webp\" \/>\n\t<meta property=\"og:image:width\" content=\"805\" \/>\n\t<meta property=\"og:image:height\" content=\"805\" \/>\n\t<meta property=\"og:image:type\" content=\"image\/webp\" \/>\n<meta name=\"twitter:card\" content=\"summary_large_image\" \/>\n<meta name=\"twitter:label1\" content=\"Tempo estimado de leitura\" \/>\n\t<meta name=\"twitter:data1\" content=\"3 minutos\" \/>\n<script type=\"application\/ld+json\" class=\"yoast-schema-graph\">{\"@context\":\"https:\/\/schema.org\",\"@graph\":[{\"@type\":\"WebPage\",\"@id\":\"https:\/\/www.kblmachinery.com\/solid-brick-mold-hollow-block-mould-for-brick-making-machine-like-masa-hess-tiger\/\",\"url\":\"https:\/\/www.kblmachinery.com\/solid-brick-mold-hollow-block-mould-for-brick-making-machine-like-masa-hess-tiger\/\",\"name\":\"Solid & Hollow Block Moulds | MASA\u2011HESS\u2011Tiger Compatible\",\"isPartOf\":{\"@id\":\"https:\/\/www.kblmachinery.com\/#website\"},\"primaryImageOfPage\":{\"@id\":\"https:\/\/www.kblmachinery.com\/solid-brick-mold-hollow-block-mould-for-brick-making-machine-like-masa-hess-tiger\/#primaryimage\"},\"image\":{\"@id\":\"https:\/\/www.kblmachinery.com\/solid-brick-mold-hollow-block-mould-for-brick-making-machine-like-masa-hess-tiger\/#primaryimage\"},\"thumbnailUrl\":\"https:\/\/www.kblmachinery.com\/wp-content\/uploads\/2025\/11\/Solid-Brick-Mold-Hollow-Block-Mould-for-Brick-Making-Machine-Like-MASA-HESS-TIGER.webp\",\"datePublished\":\"2024-08-17T05:10:00+00:00\",\"dateModified\":\"2025-11-28T07:52:00+00:00\",\"description\":\"Durable solid and hollow brick molds for brick\u2011making machines like MASA, HESS, Tiger. High\u2011precision steel molds for reliable concrete block production.\",\"breadcrumb\":{\"@id\":\"https:\/\/www.kblmachinery.com\/solid-brick-mold-hollow-block-mould-for-brick-making-machine-like-masa-hess-tiger\/#breadcrumb\"},\"inLanguage\":\"pt-PT\",\"potentialAction\":[{\"@type\":\"ReadAction\",\"target\":[\"https:\/\/www.kblmachinery.com\/solid-brick-mold-hollow-block-mould-for-brick-making-machine-like-masa-hess-tiger\/\"]}]},{\"@type\":\"ImageObject\",\"inLanguage\":\"pt-PT\",\"@id\":\"https:\/\/www.kblmachinery.com\/solid-brick-mold-hollow-block-mould-for-brick-making-machine-like-masa-hess-tiger\/#primaryimage\",\"url\":\"https:\/\/www.kblmachinery.com\/wp-content\/uploads\/2025\/11\/Solid-Brick-Mold-Hollow-Block-Mould-for-Brick-Making-Machine-Like-MASA-HESS-TIGER.webp\",\"contentUrl\":\"https:\/\/www.kblmachinery.com\/wp-content\/uploads\/2025\/11\/Solid-Brick-Mold-Hollow-Block-Mould-for-Brick-Making-Machine-Like-MASA-HESS-TIGER.webp\",\"width\":805,\"height\":805,\"caption\":\"Hollow Block Mould\"},{\"@type\":\"BreadcrumbList\",\"@id\":\"https:\/\/www.kblmachinery.com\/solid-brick-mold-hollow-block-mould-for-brick-making-machine-like-masa-hess-tiger\/#breadcrumb\",\"itemListElement\":[{\"@type\":\"ListItem\",\"position\":1,\"name\":\"Home\",\"item\":\"https:\/\/www.kblmachinery.com\/\"},{\"@type\":\"ListItem\",\"position\":2,\"name\":\"Solid Brick Mold Hollow Block Mould for Brick Making Machine Like MASA HESS TIGER\"}]},{\"@type\":\"WebSite\",\"@id\":\"https:\/\/www.kblmachinery.com\/#website\",\"url\":\"https:\/\/www.kblmachinery.com\/\",\"name\":\"Professional Brick\/Block Making Machine in China\",\"description\":\"Block Machine Manufacturer - Kimberly Machinery\",\"publisher\":{\"@id\":\"https:\/\/www.kblmachinery.com\/#organization\"},\"potentialAction\":[{\"@type\":\"SearchAction\",\"target\":{\"@type\":\"EntryPoint\",\"urlTemplate\":\"https:\/\/www.kblmachinery.com\/?s={search_term_string}\"},\"query-input\":{\"@type\":\"PropertyValueSpecification\",\"valueRequired\":true,\"valueName\":\"search_term_string\"}}],\"inLanguage\":\"pt-PT\"},{\"@type\":\"Organization\",\"@id\":\"https:\/\/www.kblmachinery.com\/#organization\",\"name\":\"Quanzhou Kimberly Machinery Manufacturing Co. Ltd\",\"url\":\"https:\/\/www.kblmachinery.com\/\",\"logo\":{\"@type\":\"ImageObject\",\"inLanguage\":\"pt-PT\",\"@id\":\"https:\/\/www.kblmachinery.com\/#\/schema\/logo\/image\/\",\"url\":\"https:\/\/www.kblmachinery.com\/wp-content\/uploads\/2025\/11\/cropped-logo-1-1.png\",\"contentUrl\":\"https:\/\/www.kblmachinery.com\/wp-content\/uploads\/2025\/11\/cropped-logo-1-1.png\",\"width\":123,\"height\":136,\"caption\":\"Quanzhou Kimberly Machinery Manufacturing Co. Ltd\"},\"image\":{\"@id\":\"https:\/\/www.kblmachinery.com\/#\/schema\/logo\/image\/\"},\"sameAs\":[\"https:\/\/www.facebook.com\/KimberlyMachinery\"]}]}<\/script>\n<!-- \/ Yoast SEO plugin. -->","yoast_head_json":{"title":"Solid & Hollow Block Moulds | MASA\u2011HESS\u2011Tiger Compatible","description":"Durable solid and hollow brick molds for brick\u2011making machines like MASA, HESS, Tiger. High\u2011precision steel molds for reliable concrete block production.","robots":{"index":"index","follow":"follow","max-snippet":"max-snippet:-1","max-image-preview":"max-image-preview:large","max-video-preview":"max-video-preview:-1"},"canonical":"https:\/\/www.kblmachinery.com\/pt\/solid-brick-mold-hollow-block-mould-for-brick-making-machine-like-masa-hess-tiger\/","og_locale":"pt_PT","og_type":"article","og_title":"Solid & Hollow Block Moulds | MASA\u2011HESS\u2011Tiger Compatible","og_description":"Durable solid and hollow brick molds for brick\u2011making machines like MASA, HESS, Tiger. High\u2011precision steel molds for reliable concrete block production.","og_url":"https:\/\/www.kblmachinery.com\/pt\/solid-brick-mold-hollow-block-mould-for-brick-making-machine-like-masa-hess-tiger\/","og_site_name":"Kimberly Machinery","article_publisher":"https:\/\/www.facebook.com\/KimberlyMachinery","article_modified_time":"2025-11-28T07:52:00+00:00","og_image":[{"width":805,"height":805,"url":"https:\/\/www.kblmachinery.com\/wp-content\/uploads\/2025\/11\/Solid-Brick-Mold-Hollow-Block-Mould-for-Brick-Making-Machine-Like-MASA-HESS-TIGER.webp","type":"image\/webp"}],"twitter_card":"summary_large_image","twitter_misc":{"Tempo estimado de leitura":"3 minutos"},"schema":{"@context":"https:\/\/schema.org","@graph":[{"@type":"WebPage","@id":"https:\/\/www.kblmachinery.com\/solid-brick-mold-hollow-block-mould-for-brick-making-machine-like-masa-hess-tiger\/","url":"https:\/\/www.kblmachinery.com\/solid-brick-mold-hollow-block-mould-for-brick-making-machine-like-masa-hess-tiger\/","name":"Solid & Hollow Block Moulds | MASA\u2011HESS\u2011Tiger Compatible","isPartOf":{"@id":"https:\/\/www.kblmachinery.com\/#website"},"primaryImageOfPage":{"@id":"https:\/\/www.kblmachinery.com\/solid-brick-mold-hollow-block-mould-for-brick-making-machine-like-masa-hess-tiger\/#primaryimage"},"image":{"@id":"https:\/\/www.kblmachinery.com\/solid-brick-mold-hollow-block-mould-for-brick-making-machine-like-masa-hess-tiger\/#primaryimage"},"thumbnailUrl":"https:\/\/www.kblmachinery.com\/wp-content\/uploads\/2025\/11\/Solid-Brick-Mold-Hollow-Block-Mould-for-Brick-Making-Machine-Like-MASA-HESS-TIGER.webp","datePublished":"2024-08-17T05:10:00+00:00","dateModified":"2025-11-28T07:52:00+00:00","description":"Durable solid and hollow brick molds for brick\u2011making machines like MASA, HESS, Tiger. High\u2011precision steel molds for reliable concrete block production.","breadcrumb":{"@id":"https:\/\/www.kblmachinery.com\/solid-brick-mold-hollow-block-mould-for-brick-making-machine-like-masa-hess-tiger\/#breadcrumb"},"inLanguage":"pt-PT","potentialAction":[{"@type":"ReadAction","target":["https:\/\/www.kblmachinery.com\/solid-brick-mold-hollow-block-mould-for-brick-making-machine-like-masa-hess-tiger\/"]}]},{"@type":"ImageObject","inLanguage":"pt-PT","@id":"https:\/\/www.kblmachinery.com\/solid-brick-mold-hollow-block-mould-for-brick-making-machine-like-masa-hess-tiger\/#primaryimage","url":"https:\/\/www.kblmachinery.com\/wp-content\/uploads\/2025\/11\/Solid-Brick-Mold-Hollow-Block-Mould-for-Brick-Making-Machine-Like-MASA-HESS-TIGER.webp","contentUrl":"https:\/\/www.kblmachinery.com\/wp-content\/uploads\/2025\/11\/Solid-Brick-Mold-Hollow-Block-Mould-for-Brick-Making-Machine-Like-MASA-HESS-TIGER.webp","width":805,"height":805,"caption":"Hollow Block Mould"},{"@type":"BreadcrumbList","@id":"https:\/\/www.kblmachinery.com\/solid-brick-mold-hollow-block-mould-for-brick-making-machine-like-masa-hess-tiger\/#breadcrumb","itemListElement":[{"@type":"ListItem","position":1,"name":"Home","item":"https:\/\/www.kblmachinery.com\/"},{"@type":"ListItem","position":2,"name":"Solid Brick Mold Hollow Block Mould for Brick Making Machine Like MASA HESS TIGER"}]},{"@type":"WebSite","@id":"https:\/\/www.kblmachinery.com\/#website","url":"https:\/\/www.kblmachinery.com\/","name":"Professional Brick\/Block Making Machine in China","description":"Block Machine Manufacturer - Kimberly Machinery","publisher":{"@id":"https:\/\/www.kblmachinery.com\/#organization"},"potentialAction":[{"@type":"SearchAction","target":{"@type":"EntryPoint","urlTemplate":"https:\/\/www.kblmachinery.com\/?s={search_term_string}"},"query-input":{"@type":"PropertyValueSpecification","valueRequired":true,"valueName":"search_term_string"}}],"inLanguage":"pt-PT"},{"@type":"Organization","@id":"https:\/\/www.kblmachinery.com\/#organization","name":"Quanzhou Kimberly Machinery Manufacturing Co. Ltd","url":"https:\/\/www.kblmachinery.com\/","logo":{"@type":"ImageObject","inLanguage":"pt-PT","@id":"https:\/\/www.kblmachinery.com\/#\/schema\/logo\/image\/","url":"https:\/\/www.kblmachinery.com\/wp-content\/uploads\/2025\/11\/cropped-logo-1-1.png","contentUrl":"https:\/\/www.kblmachinery.com\/wp-content\/uploads\/2025\/11\/cropped-logo-1-1.png","width":123,"height":136,"caption":"Quanzhou Kimberly Machinery Manufacturing Co. Ltd"},"image":{"@id":"https:\/\/www.kblmachinery.com\/#\/schema\/logo\/image\/"},"sameAs":["https:\/\/www.facebook.com\/KimberlyMachinery"]}]}},"_links":{"self":[{"href":"https:\/\/www.kblmachinery.com\/pt\/wp-json\/wp\/v2\/product\/8102","targetHints":{"allow":["GET"]}}],"collection":[{"href":"https:\/\/www.kblmachinery.com\/pt\/wp-json\/wp\/v2\/product"}],"about":[{"href":"https:\/\/www.kblmachinery.com\/pt\/wp-json\/wp\/v2\/types\/product"}],"wp:featuredmedia":[{"embeddable":true,"href":"https:\/\/www.kblmachinery.com\/pt\/wp-json\/wp\/v2\/media\/8103"}],"wp:attachment":[{"href":"https:\/\/www.kblmachinery.com\/pt\/wp-json\/wp\/v2\/media?parent=8102"}],"wp:term":[{"taxonomy":"product_brand","embeddable":true,"href":"https:\/\/www.kblmachinery.com\/pt\/wp-json\/wp\/v2\/product_brand?post=8102"},{"taxonomy":"product_cat","embeddable":true,"href":"https:\/\/www.kblmachinery.com\/pt\/wp-json\/wp\/v2\/product_cat?post=8102"},{"taxonomy":"product_tag","embeddable":true,"href":"https:\/\/www.kblmachinery.com\/pt\/wp-json\/wp\/v2\/product_tag?post=8102"}],"curies":[{"name":"wp","href":"https:\/\/api.w.org\/{rel}","templated":true}]}}