{"id":8123,"date":"2024-08-17T05:39:00","date_gmt":"2024-08-17T05:39:00","guid":{"rendered":"https:\/\/www.kblmachinery.com\/?post_type=product&#038;p=8123"},"modified":"2025-11-27T06:55:56","modified_gmt":"2025-11-27T06:55:56","slug":"earless-ceiling-mould-special-concrete-block-mold-china-supplier","status":"publish","type":"product","link":"https:\/\/www.kblmachinery.com\/pt\/earless-ceiling-mould-special-concrete-block-mold-china-supplier\/","title":{"rendered":"Molde para teto sem orelhas Molde especial para blocos de bet\u00e3o Fornecedor da China"},"content":{"rendered":"<h2>Especifica\u00e7\u00f5es t\u00e9cnicas do molde de bloco de teto sem orelhas<\/h2>\n<p>O molde de teto sem orelhas da Kimberly Machinery \u00e9 um molde de blocos de bet\u00e3o especializado, concebido para a produ\u00e7\u00e3o de blocos de teto. Constru\u00eddo com a\u00e7o de alta qualidade e fabrico de precis\u00e3o, fornece blocos de teto consistentes e dimensionalmente precisos - ideais para o fabrico de blocos industriais e para a utiliza\u00e7\u00e3o na constru\u00e7\u00e3o.<\/p>\n<table class=\"tg\" style=\"border-collapse: collapse; border-spacing: 0;\">\n<tbody>\n<tr>\n<td style=\"font-family: Arial, sans-serif; font-size: 14px; overflow: hidden; padding: 10px 5px; text-align: left; vertical-align: top; word-break: normal; border: 1px solid black;\">Nome<\/td>\n<td style=\"font-family: Arial, sans-serif; font-size: 14px; overflow: hidden; padding: 10px 5px; text-align: left; vertical-align: top; word-break: normal; border: 1px solid black;\">moldador de blocos ocos<\/td>\n<td style=\"font-family: Arial, sans-serif; font-size: 14px; overflow: hidden; padding: 10px 5px; text-align: left; vertical-align: top; word-break: normal; border: 1px solid black;\">Tratamento t\u00e9rmico<\/td>\n<td style=\"font-family: Arial, sans-serif; font-size: 14px; overflow: hidden; padding: 10px 5px; text-align: left; vertical-align: top; word-break: normal; border: 1px solid black;\">Carbonitreta\u00e7\u00e3o 900-950<span style=\"color: #555;\">\u00b0<\/span>C<\/td>\n<\/tr>\n<tr>\n<td style=\"font-family: Arial, sans-serif; font-size: 14px; overflow: hidden; padding: 10px 5px; text-align: left; vertical-align: top; word-break: normal; border: 1px solid black;\">mat\u00e9ria-prima<\/td>\n<td style=\"font-family: Arial, sans-serif; font-size: 14px; overflow: hidden; padding: 10px 5px; text-align: left; vertical-align: top; word-break: normal; border: 1px solid black;\">a\u00e7o especial resistente ao desgaste<\/td>\n<td style=\"font-family: Arial, sans-serif; font-size: 14px; overflow: hidden; padding: 10px 5px; text-align: left; vertical-align: top; word-break: normal; border: 1px solid black;\">Dureza<\/td>\n<td style=\"font-family: Arial, sans-serif; font-size: 14px; overflow: hidden; padding: 10px 5px; text-align: left; vertical-align: top; word-break: normal; border: 1px solid black;\">60-65HRC<\/td>\n<\/tr>\n<tr>\n<td style=\"font-family: Arial, sans-serif; font-size: 14px; overflow: hidden; padding: 10px 5px; text-align: left; vertical-align: top; word-break: normal; border: 1px solid black;\">Tipo de bloco<\/td>\n<td style=\"font-family: Arial, sans-serif; font-size: 14px; overflow: hidden; padding: 10px 5px; text-align: left; vertical-align: top; word-break: normal; border: 1px solid black;\">Bloco oco, bloco de interbloqueio, bloco de pavimenta\u00e7\u00e3o, pedra de cal\u00e7ada, todos podem ser personalizados<\/td>\n<td style=\"font-family: Arial, sans-serif; font-size: 14px; overflow: hidden; padding: 10px 5px; text-align: left; vertical-align: top; word-break: normal; border: 1px solid black;\">C\u00f3digo SH<\/td>\n<td style=\"font-family: Arial, sans-serif; font-size: 14px; overflow: hidden; padding: 10px 5px; text-align: left; vertical-align: top; word-break: normal; border: 1px solid black;\">848060<\/td>\n<\/tr>\n<tr>\n<td style=\"font-family: Arial, sans-serif; font-size: 14px; overflow: hidden; padding: 10px 5px; text-align: left; vertical-align: top; word-break: normal; border: 1px solid black;\">tempo de vida<\/td>\n<td style=\"font-family: Arial, sans-serif; font-size: 14px; overflow: hidden; padding: 10px 5px; text-align: left; vertical-align: top; word-break: normal; border: 1px solid black;\">100000-120000 vezes<\/td>\n<td style=\"font-family: Arial, sans-serif; font-size: 14px; overflow: hidden; padding: 10px 5px; text-align: left; vertical-align: top; word-break: normal; border: 1px solid black;\">Embalagem<\/td>\n<td style=\"font-family: Arial, sans-serif; font-size: 14px; overflow: hidden; padding: 10px 5px; text-align: left; vertical-align: top; word-break: normal; border: 1px solid black;\">Madeira + pel\u00edcula pl\u00e1stica<\/td>\n<\/tr>\n<\/tbody>\n<\/table>\n<p><img loading=\"lazy\" decoding=\"async\" class=\"size-full wp-image-11259 alignleft\" src=\"https:\/\/www.kblmachinery.com\/wp-content\/uploads\/2025\/11\/4.webp\" alt=\"\" width=\"800\" height=\"600\" srcset=\"https:\/\/www.kblmachinery.com\/wp-content\/uploads\/2025\/11\/4.webp 800w, https:\/\/www.kblmachinery.com\/wp-content\/uploads\/2025\/11\/4-300x225.webp 300w, https:\/\/www.kblmachinery.com\/wp-content\/uploads\/2025\/11\/4-768x576.webp 768w, https:\/\/www.kblmachinery.com\/wp-content\/uploads\/2025\/11\/4-16x12.webp 16w, https:\/\/www.kblmachinery.com\/wp-content\/uploads\/2025\/11\/4-600x450.webp 600w\" sizes=\"auto, (max-width: 800px) 100vw, 800px\" \/><\/p>\n<p>&nbsp;<\/p>\n<p><img loading=\"lazy\" decoding=\"async\" class=\"alignnone size-full wp-image-11253\" src=\"https:\/\/www.kblmachinery.com\/wp-content\/uploads\/2025\/11\/img7.webp\" alt=\"\" width=\"800\" height=\"600\" srcset=\"https:\/\/www.kblmachinery.com\/wp-content\/uploads\/2025\/11\/img7.webp 800w, https:\/\/www.kblmachinery.com\/wp-content\/uploads\/2025\/11\/img7-300x225.webp 300w, https:\/\/www.kblmachinery.com\/wp-content\/uploads\/2025\/11\/img7-768x576.webp 768w, https:\/\/www.kblmachinery.com\/wp-content\/uploads\/2025\/11\/img7-16x12.webp 16w, https:\/\/www.kblmachinery.com\/wp-content\/uploads\/2025\/11\/img7-600x450.webp 600w\" sizes=\"auto, (max-width: 800px) 100vw, 800px\" \/> <img loading=\"lazy\" decoding=\"async\" class=\"alignnone size-full wp-image-11256\" src=\"https:\/\/www.kblmachinery.com\/wp-content\/uploads\/2025\/11\/img3.webp\" alt=\"\" width=\"800\" height=\"600\" srcset=\"https:\/\/www.kblmachinery.com\/wp-content\/uploads\/2025\/11\/img3.webp 800w, https:\/\/www.kblmachinery.com\/wp-content\/uploads\/2025\/11\/img3-300x225.webp 300w, https:\/\/www.kblmachinery.com\/wp-content\/uploads\/2025\/11\/img3-768x576.webp 768w, https:\/\/www.kblmachinery.com\/wp-content\/uploads\/2025\/11\/img3-16x12.webp 16w, https:\/\/www.kblmachinery.com\/wp-content\/uploads\/2025\/11\/img3-600x450.webp 600w\" sizes=\"auto, (max-width: 800px) 100vw, 800px\" \/> <img loading=\"lazy\" decoding=\"async\" class=\"alignnone size-full wp-image-11249\" src=\"https:\/\/www.kblmachinery.com\/wp-content\/uploads\/2025\/11\/img9.webp\" alt=\"\" width=\"800\" height=\"600\" srcset=\"https:\/\/www.kblmachinery.com\/wp-content\/uploads\/2025\/11\/img9.webp 800w, https:\/\/www.kblmachinery.com\/wp-content\/uploads\/2025\/11\/img9-300x225.webp 300w, https:\/\/www.kblmachinery.com\/wp-content\/uploads\/2025\/11\/img9-768x576.webp 768w, https:\/\/www.kblmachinery.com\/wp-content\/uploads\/2025\/11\/img9-16x12.webp 16w, https:\/\/www.kblmachinery.com\/wp-content\/uploads\/2025\/11\/img9-600x450.webp 600w\" sizes=\"auto, (max-width: 800px) 100vw, 800px\" \/> <img loading=\"lazy\" decoding=\"async\" class=\"alignnone size-full wp-image-11251\" src=\"https:\/\/www.kblmachinery.com\/wp-content\/uploads\/2025\/11\/imh8.webp\" alt=\"\" width=\"800\" height=\"600\" srcset=\"https:\/\/www.kblmachinery.com\/wp-content\/uploads\/2025\/11\/imh8.webp 800w, https:\/\/www.kblmachinery.com\/wp-content\/uploads\/2025\/11\/imh8-300x225.webp 300w, https:\/\/www.kblmachinery.com\/wp-content\/uploads\/2025\/11\/imh8-768x576.webp 768w, https:\/\/www.kblmachinery.com\/wp-content\/uploads\/2025\/11\/imh8-16x12.webp 16w, https:\/\/www.kblmachinery.com\/wp-content\/uploads\/2025\/11\/imh8-600x450.webp 600w\" sizes=\"auto, (max-width: 800px) 100vw, 800px\" \/><iframe loading=\"lazy\" title=\"V\u00eddeo de trabalho das cofragens\" src=\"https:\/\/www.youtube.com\/embed\/czhs2wYoLZg\" width=\"556\" height=\"310\" frameborder=\"0\" allowfullscreen=\"allowfullscreen\"><\/iframe><\/p>\n<p>&nbsp;<\/p>\n<p>&nbsp;<\/p>","protected":false},"excerpt":{"rendered":"<p>We can produce ceiling mold concrete hollow blocks, porous bricks, solid bricks, paver blocks, river slope protection bricks, square bricks, wharf bricks, heat insulation bricks, grass planting bricks, and more. We also customize special shape brick molds based on the buyer&#8217;s needs.<\/p>\n<table class=\"tg\" style=\"border-collapse: collapse; border-spacing: 0;\">\n<tbody>\n<tr>\n<td style=\"font-family: Arial, sans-serif; font-size: 14px; overflow: hidden; padding: 10px 5px; text-align: left; vertical-align: top; word-break: normal; border: 1px solid black;\">Encomenda (MOQ) :<\/td>\n<td style=\"font-family: Arial, sans-serif; font-size: 14px; overflow: hidden; padding: 10px 5px; text-align: left; vertical-align: top; word-break: normal; border: 1px solid black;\">1 Conjunto<\/td>\n<\/tr>\n<tr>\n<td style=\"font-family: Arial, sans-serif; font-size: 14px; overflow: hidden; padding: 10px 5px; text-align: left; vertical-align: top; word-break: normal; border: 1px solid black;\">Pagamento :<\/td>\n<td style=\"font-family: Arial, sans-serif; font-size: 14px; overflow: hidden; padding: 10px 5px; text-align: left; vertical-align: top; word-break: normal; border: 1px solid black;\">Pagamento T\/T 100% antes da expedi\u00e7\u00e3o ou 100% por L\/C confirmada e irrevog\u00e1vel \u00e0 vista.<\/td>\n<\/tr>\n<tr>\n<td style=\"font-family: Arial, sans-serif; font-size: 14px; overflow: hidden; padding: 10px 5px; text-align: left; vertical-align: top; word-break: normal; border: 1px solid black;\">Origem do produto :<\/td>\n<td style=\"font-family: Arial, sans-serif; font-size: 14px; overflow: hidden; padding: 10px 5px; text-align: left; vertical-align: top; word-break: normal; border: 1px solid black;\">Quanzhou Fujian<\/td>\n<\/tr>\n<tr>\n<td style=\"font-family: Arial, sans-serif; font-size: 14px; overflow: hidden; padding: 10px 5px; text-align: left; vertical-align: top; word-break: normal; border: 1px solid black;\">Cor :<\/td>\n<td style=\"font-family: Arial, sans-serif; font-size: 14px; overflow: hidden; padding: 10px 5px; text-align: left; vertical-align: top; word-break: normal; border: 1px solid black;\">adaptar-se \u00e0 procura<\/td>\n<\/tr>\n<tr>\n<td style=\"font-family: Arial, sans-serif; font-size: 14px; overflow: hidden; padding: 10px 5px; text-align: left; vertical-align: top; word-break: normal; border: 1px solid black;\">Porto de embarque :<\/td>\n<td style=\"font-family: Arial, sans-serif; font-size: 14px; overflow: hidden; padding: 10px 5px; text-align: left; vertical-align: top; word-break: normal; border: 1px solid black;\">Xiamen<\/td>\n<\/tr>\n<tr>\n<td style=\"font-family: Arial, sans-serif; font-size: 14px; overflow: hidden; padding: 10px 5px; text-align: left; vertical-align: top; word-break: normal; border: 1px solid black;\">Prazo de entrega :<\/td>\n<td style=\"font-family: Arial, sans-serif; font-size: 14px; overflow: hidden; padding: 10px 5px; text-align: left; vertical-align: top; word-break: normal; border: 1px solid black;\">20-25 dias<\/td>\n<\/tr>\n<\/tbody>\n<\/table>\n<p>&nbsp;<\/p>","protected":false},"featured_media":8124,"template":"","meta":[],"product_brand":[],"product_cat":[758,760],"product_tag":[],"class_list":{"0":"post-8123","1":"product","2":"type-product","3":"status-publish","4":"has-post-thumbnail","6":"product_cat-block-moulds","7":"product_cat-insulated-block-mold","9":"first","10":"instock","11":"shipping-taxable","12":"product-type-simple"},"yoast_head":"<!-- This site is optimized with the Yoast SEO plugin v24.4 - https:\/\/yoast.com\/wordpress\/plugins\/seo\/ -->\n<title>Earless Ceiling Block Mould Supplier | Kimberly Machinery<\/title>\n<meta name=\"description\" content=\"High\u2011precision earless ceiling block mould for concrete block machinery. Durable and accurate mould for ceiling blocks production.\" \/>\n<meta name=\"robots\" content=\"index, follow, max-snippet:-1, max-image-preview:large, max-video-preview:-1\" \/>\n<link rel=\"canonical\" href=\"https:\/\/www.kblmachinery.com\/pt\/earless-ceiling-mould-special-concrete-block-mold-china-supplier\/\" \/>\n<meta property=\"og:locale\" content=\"pt_PT\" \/>\n<meta property=\"og:type\" content=\"article\" \/>\n<meta property=\"og:title\" content=\"Earless Ceiling Block Mould Supplier | Kimberly Machinery\" \/>\n<meta property=\"og:description\" content=\"High\u2011precision earless ceiling block mould for concrete block machinery. Durable and accurate mould for ceiling blocks production.\" \/>\n<meta property=\"og:url\" content=\"https:\/\/www.kblmachinery.com\/pt\/earless-ceiling-mould-special-concrete-block-mold-china-supplier\/\" \/>\n<meta property=\"og:site_name\" content=\"Kimberly Machinery\" \/>\n<meta property=\"article:publisher\" content=\"https:\/\/www.facebook.com\/KimberlyMachinery\" \/>\n<meta property=\"article:modified_time\" content=\"2025-11-27T06:55:56+00:00\" \/>\n<meta property=\"og:image\" content=\"https:\/\/www.kblmachinery.com\/wp-content\/uploads\/2025\/11\/Earless-Ceiling-Mould-Special-Concrete-Block-Mold-China-Supplier.webp\" \/>\n\t<meta property=\"og:image:width\" content=\"800\" \/>\n\t<meta property=\"og:image:height\" content=\"800\" \/>\n\t<meta property=\"og:image:type\" content=\"image\/webp\" \/>\n<meta name=\"twitter:card\" content=\"summary_large_image\" \/>\n<meta name=\"twitter:label1\" content=\"Tempo estimado de leitura\" \/>\n\t<meta name=\"twitter:data1\" content=\"2 minutos\" \/>\n<script type=\"application\/ld+json\" class=\"yoast-schema-graph\">{\"@context\":\"https:\/\/schema.org\",\"@graph\":[{\"@type\":\"WebPage\",\"@id\":\"https:\/\/www.kblmachinery.com\/earless-ceiling-mould-special-concrete-block-mold-china-supplier\/\",\"url\":\"https:\/\/www.kblmachinery.com\/earless-ceiling-mould-special-concrete-block-mold-china-supplier\/\",\"name\":\"Earless Ceiling Block Mould Supplier | Kimberly Machinery\",\"isPartOf\":{\"@id\":\"https:\/\/www.kblmachinery.com\/#website\"},\"primaryImageOfPage\":{\"@id\":\"https:\/\/www.kblmachinery.com\/earless-ceiling-mould-special-concrete-block-mold-china-supplier\/#primaryimage\"},\"image\":{\"@id\":\"https:\/\/www.kblmachinery.com\/earless-ceiling-mould-special-concrete-block-mold-china-supplier\/#primaryimage\"},\"thumbnailUrl\":\"https:\/\/www.kblmachinery.com\/wp-content\/uploads\/2025\/11\/Earless-Ceiling-Mould-Special-Concrete-Block-Mold-China-Supplier.webp\",\"datePublished\":\"2024-08-17T05:39:00+00:00\",\"dateModified\":\"2025-11-27T06:55:56+00:00\",\"description\":\"High\u2011precision earless ceiling block mould for concrete block machinery. Durable and accurate mould for ceiling blocks production.\",\"breadcrumb\":{\"@id\":\"https:\/\/www.kblmachinery.com\/earless-ceiling-mould-special-concrete-block-mold-china-supplier\/#breadcrumb\"},\"inLanguage\":\"pt-PT\",\"potentialAction\":[{\"@type\":\"ReadAction\",\"target\":[\"https:\/\/www.kblmachinery.com\/earless-ceiling-mould-special-concrete-block-mold-china-supplier\/\"]}]},{\"@type\":\"ImageObject\",\"inLanguage\":\"pt-PT\",\"@id\":\"https:\/\/www.kblmachinery.com\/earless-ceiling-mould-special-concrete-block-mold-china-supplier\/#primaryimage\",\"url\":\"https:\/\/www.kblmachinery.com\/wp-content\/uploads\/2025\/11\/Earless-Ceiling-Mould-Special-Concrete-Block-Mold-China-Supplier.webp\",\"contentUrl\":\"https:\/\/www.kblmachinery.com\/wp-content\/uploads\/2025\/11\/Earless-Ceiling-Mould-Special-Concrete-Block-Mold-China-Supplier.webp\",\"width\":800,\"height\":800,\"caption\":\"Earless Ceiling Mould Special Concrete Block Mold China Supplier\"},{\"@type\":\"BreadcrumbList\",\"@id\":\"https:\/\/www.kblmachinery.com\/earless-ceiling-mould-special-concrete-block-mold-china-supplier\/#breadcrumb\",\"itemListElement\":[{\"@type\":\"ListItem\",\"position\":1,\"name\":\"Home\",\"item\":\"https:\/\/www.kblmachinery.com\/\"},{\"@type\":\"ListItem\",\"position\":2,\"name\":\"Earless Ceiling Mould Special Concrete Block Mold China Supplier\"}]},{\"@type\":\"WebSite\",\"@id\":\"https:\/\/www.kblmachinery.com\/#website\",\"url\":\"https:\/\/www.kblmachinery.com\/\",\"name\":\"Professional Brick\/Block Making Machine in China\",\"description\":\"Block Machine Manufacturer - Kimberly Machinery\",\"publisher\":{\"@id\":\"https:\/\/www.kblmachinery.com\/#organization\"},\"potentialAction\":[{\"@type\":\"SearchAction\",\"target\":{\"@type\":\"EntryPoint\",\"urlTemplate\":\"https:\/\/www.kblmachinery.com\/?s={search_term_string}\"},\"query-input\":{\"@type\":\"PropertyValueSpecification\",\"valueRequired\":true,\"valueName\":\"search_term_string\"}}],\"inLanguage\":\"pt-PT\"},{\"@type\":\"Organization\",\"@id\":\"https:\/\/www.kblmachinery.com\/#organization\",\"name\":\"Quanzhou Kimberly Machinery Manufacturing Co. Ltd\",\"url\":\"https:\/\/www.kblmachinery.com\/\",\"logo\":{\"@type\":\"ImageObject\",\"inLanguage\":\"pt-PT\",\"@id\":\"https:\/\/www.kblmachinery.com\/#\/schema\/logo\/image\/\",\"url\":\"https:\/\/www.kblmachinery.com\/wp-content\/uploads\/2025\/11\/cropped-logo-1-1.png\",\"contentUrl\":\"https:\/\/www.kblmachinery.com\/wp-content\/uploads\/2025\/11\/cropped-logo-1-1.png\",\"width\":123,\"height\":136,\"caption\":\"Quanzhou Kimberly Machinery Manufacturing Co. Ltd\"},\"image\":{\"@id\":\"https:\/\/www.kblmachinery.com\/#\/schema\/logo\/image\/\"},\"sameAs\":[\"https:\/\/www.facebook.com\/KimberlyMachinery\"]}]}<\/script>\n<!-- \/ Yoast SEO plugin. -->","yoast_head_json":{"title":"Earless Ceiling Block Mould Supplier | Kimberly Machinery","description":"High\u2011precision earless ceiling block mould for concrete block machinery. Durable and accurate mould for ceiling blocks production.","robots":{"index":"index","follow":"follow","max-snippet":"max-snippet:-1","max-image-preview":"max-image-preview:large","max-video-preview":"max-video-preview:-1"},"canonical":"https:\/\/www.kblmachinery.com\/pt\/earless-ceiling-mould-special-concrete-block-mold-china-supplier\/","og_locale":"pt_PT","og_type":"article","og_title":"Earless Ceiling Block Mould Supplier | Kimberly Machinery","og_description":"High\u2011precision earless ceiling block mould for concrete block machinery. Durable and accurate mould for ceiling blocks production.","og_url":"https:\/\/www.kblmachinery.com\/pt\/earless-ceiling-mould-special-concrete-block-mold-china-supplier\/","og_site_name":"Kimberly Machinery","article_publisher":"https:\/\/www.facebook.com\/KimberlyMachinery","article_modified_time":"2025-11-27T06:55:56+00:00","og_image":[{"width":800,"height":800,"url":"https:\/\/www.kblmachinery.com\/wp-content\/uploads\/2025\/11\/Earless-Ceiling-Mould-Special-Concrete-Block-Mold-China-Supplier.webp","type":"image\/webp"}],"twitter_card":"summary_large_image","twitter_misc":{"Tempo estimado de leitura":"2 minutos"},"schema":{"@context":"https:\/\/schema.org","@graph":[{"@type":"WebPage","@id":"https:\/\/www.kblmachinery.com\/earless-ceiling-mould-special-concrete-block-mold-china-supplier\/","url":"https:\/\/www.kblmachinery.com\/earless-ceiling-mould-special-concrete-block-mold-china-supplier\/","name":"Earless Ceiling Block Mould Supplier | Kimberly Machinery","isPartOf":{"@id":"https:\/\/www.kblmachinery.com\/#website"},"primaryImageOfPage":{"@id":"https:\/\/www.kblmachinery.com\/earless-ceiling-mould-special-concrete-block-mold-china-supplier\/#primaryimage"},"image":{"@id":"https:\/\/www.kblmachinery.com\/earless-ceiling-mould-special-concrete-block-mold-china-supplier\/#primaryimage"},"thumbnailUrl":"https:\/\/www.kblmachinery.com\/wp-content\/uploads\/2025\/11\/Earless-Ceiling-Mould-Special-Concrete-Block-Mold-China-Supplier.webp","datePublished":"2024-08-17T05:39:00+00:00","dateModified":"2025-11-27T06:55:56+00:00","description":"High\u2011precision earless ceiling block mould for concrete block machinery. Durable and accurate mould for ceiling blocks production.","breadcrumb":{"@id":"https:\/\/www.kblmachinery.com\/earless-ceiling-mould-special-concrete-block-mold-china-supplier\/#breadcrumb"},"inLanguage":"pt-PT","potentialAction":[{"@type":"ReadAction","target":["https:\/\/www.kblmachinery.com\/earless-ceiling-mould-special-concrete-block-mold-china-supplier\/"]}]},{"@type":"ImageObject","inLanguage":"pt-PT","@id":"https:\/\/www.kblmachinery.com\/earless-ceiling-mould-special-concrete-block-mold-china-supplier\/#primaryimage","url":"https:\/\/www.kblmachinery.com\/wp-content\/uploads\/2025\/11\/Earless-Ceiling-Mould-Special-Concrete-Block-Mold-China-Supplier.webp","contentUrl":"https:\/\/www.kblmachinery.com\/wp-content\/uploads\/2025\/11\/Earless-Ceiling-Mould-Special-Concrete-Block-Mold-China-Supplier.webp","width":800,"height":800,"caption":"Earless Ceiling Mould Special Concrete Block Mold China Supplier"},{"@type":"BreadcrumbList","@id":"https:\/\/www.kblmachinery.com\/earless-ceiling-mould-special-concrete-block-mold-china-supplier\/#breadcrumb","itemListElement":[{"@type":"ListItem","position":1,"name":"Home","item":"https:\/\/www.kblmachinery.com\/"},{"@type":"ListItem","position":2,"name":"Earless Ceiling Mould Special Concrete Block Mold China Supplier"}]},{"@type":"WebSite","@id":"https:\/\/www.kblmachinery.com\/#website","url":"https:\/\/www.kblmachinery.com\/","name":"Professional Brick\/Block Making Machine in China","description":"Block Machine Manufacturer - Kimberly Machinery","publisher":{"@id":"https:\/\/www.kblmachinery.com\/#organization"},"potentialAction":[{"@type":"SearchAction","target":{"@type":"EntryPoint","urlTemplate":"https:\/\/www.kblmachinery.com\/?s={search_term_string}"},"query-input":{"@type":"PropertyValueSpecification","valueRequired":true,"valueName":"search_term_string"}}],"inLanguage":"pt-PT"},{"@type":"Organization","@id":"https:\/\/www.kblmachinery.com\/#organization","name":"Quanzhou Kimberly Machinery Manufacturing Co. Ltd","url":"https:\/\/www.kblmachinery.com\/","logo":{"@type":"ImageObject","inLanguage":"pt-PT","@id":"https:\/\/www.kblmachinery.com\/#\/schema\/logo\/image\/","url":"https:\/\/www.kblmachinery.com\/wp-content\/uploads\/2025\/11\/cropped-logo-1-1.png","contentUrl":"https:\/\/www.kblmachinery.com\/wp-content\/uploads\/2025\/11\/cropped-logo-1-1.png","width":123,"height":136,"caption":"Quanzhou Kimberly Machinery Manufacturing Co. Ltd"},"image":{"@id":"https:\/\/www.kblmachinery.com\/#\/schema\/logo\/image\/"},"sameAs":["https:\/\/www.facebook.com\/KimberlyMachinery"]}]}},"_links":{"self":[{"href":"https:\/\/www.kblmachinery.com\/pt\/wp-json\/wp\/v2\/product\/8123","targetHints":{"allow":["GET"]}}],"collection":[{"href":"https:\/\/www.kblmachinery.com\/pt\/wp-json\/wp\/v2\/product"}],"about":[{"href":"https:\/\/www.kblmachinery.com\/pt\/wp-json\/wp\/v2\/types\/product"}],"wp:featuredmedia":[{"embeddable":true,"href":"https:\/\/www.kblmachinery.com\/pt\/wp-json\/wp\/v2\/media\/8124"}],"wp:attachment":[{"href":"https:\/\/www.kblmachinery.com\/pt\/wp-json\/wp\/v2\/media?parent=8123"}],"wp:term":[{"taxonomy":"product_brand","embeddable":true,"href":"https:\/\/www.kblmachinery.com\/pt\/wp-json\/wp\/v2\/product_brand?post=8123"},{"taxonomy":"product_cat","embeddable":true,"href":"https:\/\/www.kblmachinery.com\/pt\/wp-json\/wp\/v2\/product_cat?post=8123"},{"taxonomy":"product_tag","embeddable":true,"href":"https:\/\/www.kblmachinery.com\/pt\/wp-json\/wp\/v2\/product_tag?post=8123"}],"curies":[{"name":"wp","href":"https:\/\/api.w.org\/{rel}","templated":true}]}}