{"id":8145,"date":"2024-08-17T05:02:00","date_gmt":"2024-08-17T05:02:00","guid":{"rendered":"https:\/\/www.kblmachinery.com\/?post_type=product&#038;p=8145"},"modified":"2025-11-28T07:55:48","modified_gmt":"2025-11-28T07:55:48","slug":"masa-hess-hollow-concrete-block-moulds-china-supplier","status":"publish","type":"product","link":"https:\/\/www.kblmachinery.com\/pt\/masa-hess-hollow-concrete-block-moulds-china-supplier\/","title":{"rendered":"MASA HESS Molding Moldes para blocos ocos Fornecedor da China"},"content":{"rendered":"<h2>Fornecedor de moldes para blocos ocos MASA HESS da China<\/h2>\n<table class=\"tg\" style=\"border-collapse: collapse; border-spacing: 0px; height: 191px;\" width=\"100%\">\n<tbody>\n<tr>\n<td style=\"font-family: Arial, sans-serif; font-size: 14px; overflow: hidden; padding: 10px 5px; text-align: left; vertical-align: top; word-break: normal; border: 1px solid black;\">Nome<\/td>\n<td style=\"font-family: Arial, sans-serif; font-size: 14px; overflow: hidden; padding: 10px 5px; text-align: left; vertical-align: top; word-break: normal; border: 1px solid black;\">moldes para blocos de bet\u00e3o ocos<\/td>\n<td style=\"font-family: Arial, sans-serif; font-size: 14px; overflow: hidden; padding: 10px 5px; text-align: left; vertical-align: top; word-break: normal; border: 1px solid black;\">Tratamento t\u00e9rmico<\/td>\n<td style=\"font-family: Arial, sans-serif; font-size: 14px; overflow: hidden; padding: 10px 5px; text-align: left; vertical-align: top; word-break: normal; border: 1px solid black;\">Carbonitreta\u00e7\u00e3o 900-950<span style=\"color: #555;\">\u00b0<\/span>C<\/td>\n<\/tr>\n<tr>\n<td style=\"font-family: Arial, sans-serif; font-size: 14px; overflow: hidden; padding: 10px 5px; text-align: left; vertical-align: top; word-break: normal; border: 1px solid black;\">mat\u00e9ria-prima<\/td>\n<td style=\"font-family: Arial, sans-serif; font-size: 14px; overflow: hidden; padding: 10px 5px; text-align: left; vertical-align: top; word-break: normal; border: 1px solid black;\">a\u00e7o especial resistente ao desgaste<\/td>\n<td style=\"font-family: Arial, sans-serif; font-size: 14px; overflow: hidden; padding: 10px 5px; text-align: left; vertical-align: top; word-break: normal; border: 1px solid black;\">Dureza<\/td>\n<td style=\"font-family: Arial, sans-serif; font-size: 14px; overflow: hidden; padding: 10px 5px; text-align: left; vertical-align: top; word-break: normal; border: 1px solid black;\">60-65HRC<\/td>\n<\/tr>\n<tr>\n<td style=\"font-family: Arial, sans-serif; font-size: 14px; overflow: hidden; padding: 10px 5px; text-align: left; vertical-align: top; word-break: normal; border: 1px solid black;\">Tipo de bloco<\/td>\n<td style=\"font-family: Arial, sans-serif; font-size: 14px; overflow: hidden; padding: 10px 5px; text-align: left; vertical-align: top; word-break: normal; border: 1px solid black;\">Bloco oco, bloco de interbloqueio, bloco de pavimenta\u00e7\u00e3o, pedra de cal\u00e7ada, todos podem ser personalizados<\/td>\n<td style=\"font-family: Arial, sans-serif; font-size: 14px; overflow: hidden; padding: 10px 5px; text-align: left; vertical-align: top; word-break: normal; border: 1px solid black;\">C\u00f3digo SH<\/td>\n<td style=\"font-family: Arial, sans-serif; font-size: 14px; overflow: hidden; padding: 10px 5px; text-align: left; vertical-align: top; word-break: normal; border: 1px solid black;\">848060<\/td>\n<\/tr>\n<tr>\n<td style=\"font-family: Arial, sans-serif; font-size: 14px; overflow: hidden; padding: 10px 5px; text-align: left; vertical-align: top; word-break: normal; border: 1px solid black;\">tempo de vida<\/td>\n<td style=\"font-family: Arial, sans-serif; font-size: 14px; overflow: hidden; padding: 10px 5px; text-align: left; vertical-align: top; word-break: normal; border: 1px solid black;\">100000-120000 vezes<\/td>\n<td style=\"font-family: Arial, sans-serif; font-size: 14px; overflow: hidden; padding: 10px 5px; text-align: left; vertical-align: top; word-break: normal; border: 1px solid black;\">Embalagem<\/td>\n<td style=\"font-family: Arial, sans-serif; font-size: 14px; overflow: hidden; padding: 10px 5px; text-align: left; vertical-align: top; word-break: normal; border: 1px solid black;\">Madeira + pel\u00edcula pl\u00e1stica<\/td>\n<\/tr>\n<\/tbody>\n<\/table>\n<h2 data-start=\"145\" data-end=\"162\"><img loading=\"lazy\" decoding=\"async\" class=\"alignnone size-full wp-image-8166\" src=\"https:\/\/www.kblmachinery.com\/wp-content\/uploads\/2025\/11\/High-End-Insulating-Hollow-Block-Mold-for-MASA-HESS-Brich-Machines.webp\" alt=\"conce\u00e7\u00e3o do molde de bloco oco\" width=\"805\" height=\"805\" srcset=\"https:\/\/www.kblmachinery.com\/wp-content\/uploads\/2025\/11\/High-End-Insulating-Hollow-Block-Mold-for-MASA-HESS-Brich-Machines.webp 805w, https:\/\/www.kblmachinery.com\/wp-content\/uploads\/2025\/11\/High-End-Insulating-Hollow-Block-Mold-for-MASA-HESS-Brich-Machines-100x100.webp 100w, https:\/\/www.kblmachinery.com\/wp-content\/uploads\/2025\/11\/High-End-Insulating-Hollow-Block-Mold-for-MASA-HESS-Brich-Machines-600x600.webp 600w\" sizes=\"auto, (max-width: 805px) 100vw, 805px\" \/> <img loading=\"lazy\" decoding=\"async\" class=\"alignnone wp-image-8113\" src=\"https:\/\/www.kblmachinery.com\/wp-content\/uploads\/2025\/11\/ceiling-block-mould-hollow-block-molder-5.webp\" alt=\"molde de bloco de teto molde de bloco oco\" width=\"800\" height=\"800\" srcset=\"https:\/\/www.kblmachinery.com\/wp-content\/uploads\/2025\/11\/ceiling-block-mould-hollow-block-molder-5.webp 1000w, https:\/\/www.kblmachinery.com\/wp-content\/uploads\/2025\/11\/ceiling-block-mould-hollow-block-molder-5-100x100.webp 100w, https:\/\/www.kblmachinery.com\/wp-content\/uploads\/2025\/11\/ceiling-block-mould-hollow-block-molder-5-600x600.webp 600w\" sizes=\"auto, (max-width: 800px) 100vw, 800px\" \/><\/h2>\n<h2 data-start=\"145\" data-end=\"162\">Carater\u00edsticas do molde<\/h2>\n<h3 data-start=\"164\" data-end=\"195\">Processo de montagem avan\u00e7ado<\/h3>\n<ul data-start=\"196\" data-end=\"1099\">\n<li data-start=\"196\" data-end=\"617\">\n<p data-start=\"198\" data-end=\"617\">Soldadura de precis\u00e3o e tratamento anti-stress: Utilizamos tecnologia de soldadura avan\u00e7ada e tratamentos de desfor\u00e7o para garantir a precis\u00e3o. A tens\u00e3o residual nos materiais dos moldes pode deformar as cavidades e os n\u00facleos durante a utiliza\u00e7\u00e3o, causando erros dimensionais, toler\u00e2ncias desalinhadas ou componentes presos. Minimizamos a deforma\u00e7\u00e3o durante o tratamento t\u00e9rmico e efectuamos o revenido ap\u00f3s a t\u00eampera para eliminar a tens\u00e3o interna, garantindo o funcionamento adequado do molde.<\/p>\n<\/li>\n<li data-start=\"618\" data-end=\"702\">\n<p data-start=\"620\" data-end=\"702\">Folga do calcador: Mantido a 0,3-0,8 mm para corresponder aos requisitos da m\u00e1quina.<\/p>\n<\/li>\n<li data-start=\"703\" data-end=\"804\">\n<p data-start=\"705\" data-end=\"804\">Parafusos de liga\u00e7\u00e3o de alta resist\u00eancia: Pe\u00e7as de s\u00e9rie com tratamentos anti-afrouxamento para maior durabilidade.<\/p>\n<\/li>\n<li data-start=\"805\" data-end=\"869\">\n<p data-start=\"807\" data-end=\"869\">Montagem normalizada: Permite a f\u00e1cil substitui\u00e7\u00e3o de pe\u00e7as.<\/p>\n<\/li>\n<li data-start=\"870\" data-end=\"944\">\n<p data-start=\"872\" data-end=\"944\">Chapas de a\u00e7o resistentes ao desgaste: As placas de alta qualidade prolongam a vida \u00fatil do molde.<\/p>\n<\/li>\n<li data-start=\"945\" data-end=\"1006\">\n<p data-start=\"947\" data-end=\"1006\">Fun\u00e7\u00e3o de amortecimento: Reduz a vibra\u00e7\u00e3o durante o funcionamento.<\/p>\n<\/li>\n<li data-start=\"1007\" data-end=\"1099\">\n<p data-start=\"1009\" data-end=\"1099\">Desenho digital de superf\u00edcie livre: Garante precis\u00e3o e flexibilidade para moldes personalizados.<\/p>\n<\/li>\n<\/ul>\n<h3 data-start=\"1101\" data-end=\"1127\">Tratamento de durabilidade<\/h3>\n<ul data-start=\"1128\" data-end=\"1304\">\n<li data-start=\"1128\" data-end=\"1230\">\n<p data-start=\"1130\" data-end=\"1230\">Tratamento t\u00e9rmico de carbonitreta\u00e7\u00e3o (60-65 HRC): A estrutura da matriz e o p\u00e9 da prensa s\u00e3o endurecidos a 60-65 HRC.<\/p>\n<\/li>\n<li data-start=\"1231\" data-end=\"1304\">\n<p data-start=\"1233\" data-end=\"1304\">Profundidade m\u00ednima de endurecimento: 1,2 mm, proporcionando um desempenho duradouro.<\/p>\n<\/li>\n<\/ul>\n<h2 data-start=\"1311\" data-end=\"1318\">FAQ<\/h2>\n<h3 data-start=\"1320\" data-end=\"1348\">Como posso obter um or\u00e7amento?<\/h3>\n<ol data-start=\"1349\" data-end=\"1723\">\n<li data-start=\"1349\" data-end=\"1429\">\n<p data-start=\"1352\" data-end=\"1429\">Com desenhos: Enviar desenhos de blocos pormenorizados; faremos a cota\u00e7\u00e3o em conformidade.<\/p>\n<\/li>\n<li data-start=\"1430\" data-end=\"1554\">\n<p data-start=\"1433\" data-end=\"1554\">Sem desenhos: Fornecer o tipo de bloco (oco ou maci\u00e7o), uma fotografia e as dimens\u00f5es (comprimento \u00d7 largura \u00d7 espessura em mm).<\/p>\n<\/li>\n<li data-start=\"1555\" data-end=\"1583\">\n<p data-start=\"1558\" data-end=\"1583\">Partilhe o tamanho da sua palete.<\/p>\n<\/li>\n<li data-start=\"1584\" data-end=\"1635\">\n<p data-start=\"1587\" data-end=\"1635\">Fornecer o tamanho da cabe\u00e7a do tamper e a altura do molde inferior.<\/p>\n<\/li>\n<li data-start=\"1636\" data-end=\"1723\">\n<p data-start=\"1639\" data-end=\"1723\">Explicar a liga\u00e7\u00e3o do molde \u00e0 sua m\u00e1quina; fornecer desenhos de liga\u00e7\u00e3o, se dispon\u00edveis.<\/p>\n<\/li>\n<\/ol>\n<p data-start=\"1725\" data-end=\"1790\">Assim que recebermos os seus dados, forneceremos um or\u00e7amento imediato.<\/p>\n<h3 data-start=\"1792\" data-end=\"1812\">Prazo de entrega:<\/h3>\n<ul data-start=\"1813\" data-end=\"1906\">\n<li data-start=\"1813\" data-end=\"1866\">\n<p data-start=\"1815\" data-end=\"1866\">Moldes standard: 20-25 dias \u00fateis ap\u00f3s o dep\u00f3sito.<\/p>\n<\/li>\n<li data-start=\"1867\" data-end=\"1906\">\n<p data-start=\"1869\" data-end=\"1906\">Moldes de alta qualidade: 30-40 dias \u00fateis.<\/p>\n<\/li>\n<\/ul>\n<h3 data-start=\"1908\" data-end=\"2013\">Embalagem de transporte:<\/h3>\n<p data-start=\"1908\" data-end=\"2013\">Caixas de madeira com pel\u00edcula de pl\u00e1stico, ou embalagem personalizada de acordo com os requisitos do comprador.<\/p>\n<h3 data-start=\"2015\" data-end=\"2281\">Compatibilidade com m\u00e1quinas:<\/h3>\n<p data-start=\"2015\" data-end=\"2281\">Temos moldes para v\u00e1rias marcas de m\u00e1quinas de blocos com registos detalhados. Alguns moldes podem j\u00e1 ser adequados \u00e0 sua m\u00e1quina. Pode pedir a um engenheiro que me\u00e7a a sua m\u00e1quina ou enviar fotografias e medidas. Ap\u00f3s verifica\u00e7\u00e3o, garantimos o ajuste correto.<\/p>\n<h3 data-start=\"2283\" data-end=\"2361\">Condi\u00e7\u00f5es de pagamento:<\/h3>\n<p data-start=\"2283\" data-end=\"2361\">50% adiantamento via T\/T; saldo restante antes da expedi\u00e7\u00e3o.<\/p>\n<h3 data-start=\"2363\" data-end=\"2430\">Contacto:<\/h3>\n<p data-start=\"2363\" data-end=\"2430\">WeChat\/WhatsApp: +86-1330506196 ou +86-18960287187<\/p>\n<p><iframe loading=\"lazy\" title=\"V\u00eddeo de trabalho das cofragens\" src=\"https:\/\/www.youtube.com\/embed\/czhs2wYoLZg\" width=\"556\" height=\"310\" frameborder=\"0\" allowfullscreen=\"allowfullscreen\"><\/iframe><\/p>","protected":false},"excerpt":{"rendered":"<ul>\n<li>Quase 30 anos de experi\u00eancia no fabrico de v\u00e1rios moldes para blocos de bet\u00e3o;<\/li>\n<li>Est\u00e3o dispon\u00edveis tempos de ciclo de 80000 ou 120000; o tratamento t\u00e9rmico resulta numa dureza de 62 graus.<\/li>\n<\/ul>\n<table class=\"tg\" style=\"border-collapse: collapse; border-spacing: 0;\">\n<tbody>\n<tr>\n<td style=\"font-family: Arial, sans-serif; font-size: 14px; overflow: hidden; padding: 10px 5px; text-align: left; vertical-align: top; word-break: normal; border: 1px solid black;\">Encomenda (MOQ) :<\/td>\n<td style=\"font-family: Arial, sans-serif; font-size: 14px; overflow: hidden; padding: 10px 5px; text-align: left; vertical-align: top; word-break: normal; border: 1px solid black;\">1 Conjunto<\/td>\n<\/tr>\n<tr>\n<td style=\"font-family: Arial, sans-serif; font-size: 14px; overflow: hidden; padding: 10px 5px; text-align: left; vertical-align: top; word-break: normal; border: 1px solid black;\">Pagamento :<\/td>\n<td style=\"font-family: Arial, sans-serif; font-size: 14px; overflow: hidden; padding: 10px 5px; text-align: left; vertical-align: top; word-break: normal; border: 1px solid black;\">Pagamento T\/T 100% antes da expedi\u00e7\u00e3o ou 100% por L\/C confirmada e irrevog\u00e1vel \u00e0 vista.<\/td>\n<\/tr>\n<tr>\n<td style=\"font-family: Arial, sans-serif; font-size: 14px; overflow: hidden; padding: 10px 5px; text-align: left; vertical-align: top; word-break: normal; border: 1px solid black;\">Origem do produto :<\/td>\n<td style=\"font-family: Arial, sans-serif; font-size: 14px; overflow: hidden; padding: 10px 5px; text-align: left; vertical-align: top; word-break: normal; border: 1px solid black;\">Quanzhou Fujian<\/td>\n<\/tr>\n<tr>\n<td style=\"font-family: Arial, sans-serif; font-size: 14px; overflow: hidden; padding: 10px 5px; text-align: left; vertical-align: top; word-break: normal; border: 1px solid black;\">Cor :<\/td>\n<td style=\"font-family: Arial, sans-serif; font-size: 14px; overflow: hidden; padding: 10px 5px; text-align: left; vertical-align: top; word-break: normal; border: 1px solid black;\">adaptar-se \u00e0 procura<\/td>\n<\/tr>\n<tr>\n<td style=\"font-family: Arial, sans-serif; font-size: 14px; overflow: hidden; padding: 10px 5px; text-align: left; vertical-align: top; word-break: normal; border: 1px solid black;\">Porto de embarque :<\/td>\n<td style=\"font-family: Arial, sans-serif; font-size: 14px; overflow: hidden; padding: 10px 5px; text-align: left; vertical-align: top; word-break: normal; border: 1px solid black;\">Xiamen<\/td>\n<\/tr>\n<tr>\n<td style=\"font-family: Arial, sans-serif; font-size: 14px; overflow: hidden; padding: 10px 5px; text-align: left; vertical-align: top; word-break: normal; border: 1px solid black;\">Prazo de entrega :<\/td>\n<td style=\"font-family: Arial, sans-serif; font-size: 14px; overflow: hidden; padding: 10px 5px; text-align: left; vertical-align: top; word-break: normal; border: 1px solid black;\">20-25 dias<\/td>\n<\/tr>\n<\/tbody>\n<\/table>\n<p>&nbsp;<\/p>","protected":false},"featured_media":8146,"template":"","meta":[],"product_brand":[],"product_cat":[758,759],"product_tag":[],"class_list":{"0":"post-8145","1":"product","2":"type-product","3":"status-publish","4":"has-post-thumbnail","6":"product_cat-block-moulds","7":"product_cat-hollow-block-mould","9":"first","10":"instock","11":"shipping-taxable","12":"product-type-simple"},"yoast_head":"<!-- This site is optimized with the Yoast SEO plugin v24.4 - https:\/\/yoast.com\/wordpress\/plugins\/seo\/ -->\n<title>MASA HESS Hollow Block Moulds | Concrete Block Moulds Supplier<\/title>\n<meta name=\"description\" content=\"Premium hollow concrete block moulds from China, compatible with MASA and HESS machines. Durable, wear-resistant molds for large-scale block production.\" \/>\n<meta name=\"robots\" content=\"index, follow, max-snippet:-1, max-image-preview:large, max-video-preview:-1\" \/>\n<link rel=\"canonical\" href=\"https:\/\/www.kblmachinery.com\/pt\/masa-hess-hollow-concrete-block-moulds-china-supplier\/\" \/>\n<meta property=\"og:locale\" content=\"pt_PT\" \/>\n<meta property=\"og:type\" content=\"article\" \/>\n<meta property=\"og:title\" content=\"MASA HESS Hollow Block Moulds | Concrete Block Moulds Supplier\" \/>\n<meta property=\"og:description\" content=\"Premium hollow concrete block moulds from China, compatible with MASA and HESS machines. Durable, wear-resistant molds for large-scale block production.\" \/>\n<meta property=\"og:url\" content=\"https:\/\/www.kblmachinery.com\/pt\/masa-hess-hollow-concrete-block-moulds-china-supplier\/\" \/>\n<meta property=\"og:site_name\" content=\"Kimberly Machinery\" \/>\n<meta property=\"article:publisher\" content=\"https:\/\/www.facebook.com\/KimberlyMachinery\" \/>\n<meta property=\"article:modified_time\" content=\"2025-11-28T07:55:48+00:00\" \/>\n<meta property=\"og:image\" content=\"https:\/\/www.kblmachinery.com\/wp-content\/uploads\/2025\/11\/MASA-HESS-Molding-Hollow-Blocks-Molds-China-Supplier.webp\" \/>\n\t<meta property=\"og:image:width\" content=\"805\" \/>\n\t<meta property=\"og:image:height\" content=\"805\" \/>\n\t<meta property=\"og:image:type\" content=\"image\/webp\" \/>\n<meta name=\"twitter:card\" content=\"summary_large_image\" \/>\n<meta name=\"twitter:label1\" content=\"Tempo estimado de leitura\" \/>\n\t<meta name=\"twitter:data1\" content=\"3 minutos\" \/>\n<script type=\"application\/ld+json\" class=\"yoast-schema-graph\">{\"@context\":\"https:\/\/schema.org\",\"@graph\":[{\"@type\":\"WebPage\",\"@id\":\"https:\/\/www.kblmachinery.com\/masa-hess-hollow-concrete-block-moulds-china-supplier\/\",\"url\":\"https:\/\/www.kblmachinery.com\/masa-hess-hollow-concrete-block-moulds-china-supplier\/\",\"name\":\"MASA HESS Hollow Block Moulds | Concrete Block Moulds Supplier\",\"isPartOf\":{\"@id\":\"https:\/\/www.kblmachinery.com\/#website\"},\"primaryImageOfPage\":{\"@id\":\"https:\/\/www.kblmachinery.com\/masa-hess-hollow-concrete-block-moulds-china-supplier\/#primaryimage\"},\"image\":{\"@id\":\"https:\/\/www.kblmachinery.com\/masa-hess-hollow-concrete-block-moulds-china-supplier\/#primaryimage\"},\"thumbnailUrl\":\"https:\/\/www.kblmachinery.com\/wp-content\/uploads\/2025\/11\/MASA-HESS-Molding-Hollow-Blocks-Molds-China-Supplier.webp\",\"datePublished\":\"2024-08-17T05:02:00+00:00\",\"dateModified\":\"2025-11-28T07:55:48+00:00\",\"description\":\"Premium hollow concrete block moulds from China, compatible with MASA and HESS machines. Durable, wear-resistant molds for large-scale block production.\",\"breadcrumb\":{\"@id\":\"https:\/\/www.kblmachinery.com\/masa-hess-hollow-concrete-block-moulds-china-supplier\/#breadcrumb\"},\"inLanguage\":\"pt-PT\",\"potentialAction\":[{\"@type\":\"ReadAction\",\"target\":[\"https:\/\/www.kblmachinery.com\/masa-hess-hollow-concrete-block-moulds-china-supplier\/\"]}]},{\"@type\":\"ImageObject\",\"inLanguage\":\"pt-PT\",\"@id\":\"https:\/\/www.kblmachinery.com\/masa-hess-hollow-concrete-block-moulds-china-supplier\/#primaryimage\",\"url\":\"https:\/\/www.kblmachinery.com\/wp-content\/uploads\/2025\/11\/MASA-HESS-Molding-Hollow-Blocks-Molds-China-Supplier.webp\",\"contentUrl\":\"https:\/\/www.kblmachinery.com\/wp-content\/uploads\/2025\/11\/MASA-HESS-Molding-Hollow-Blocks-Molds-China-Supplier.webp\",\"width\":805,\"height\":805,\"caption\":\"MASA HESS Molding Hollow Blocks Molds China Supplier\"},{\"@type\":\"BreadcrumbList\",\"@id\":\"https:\/\/www.kblmachinery.com\/masa-hess-hollow-concrete-block-moulds-china-supplier\/#breadcrumb\",\"itemListElement\":[{\"@type\":\"ListItem\",\"position\":1,\"name\":\"Home\",\"item\":\"https:\/\/www.kblmachinery.com\/\"},{\"@type\":\"ListItem\",\"position\":2,\"name\":\"MASA HESS Molding Hollow Blocks Molds China Supplier\"}]},{\"@type\":\"WebSite\",\"@id\":\"https:\/\/www.kblmachinery.com\/#website\",\"url\":\"https:\/\/www.kblmachinery.com\/\",\"name\":\"Professional Brick\/Block Making Machine in China\",\"description\":\"Block Machine Manufacturer - Kimberly Machinery\",\"publisher\":{\"@id\":\"https:\/\/www.kblmachinery.com\/#organization\"},\"potentialAction\":[{\"@type\":\"SearchAction\",\"target\":{\"@type\":\"EntryPoint\",\"urlTemplate\":\"https:\/\/www.kblmachinery.com\/?s={search_term_string}\"},\"query-input\":{\"@type\":\"PropertyValueSpecification\",\"valueRequired\":true,\"valueName\":\"search_term_string\"}}],\"inLanguage\":\"pt-PT\"},{\"@type\":\"Organization\",\"@id\":\"https:\/\/www.kblmachinery.com\/#organization\",\"name\":\"Quanzhou Kimberly Machinery Manufacturing Co. Ltd\",\"url\":\"https:\/\/www.kblmachinery.com\/\",\"logo\":{\"@type\":\"ImageObject\",\"inLanguage\":\"pt-PT\",\"@id\":\"https:\/\/www.kblmachinery.com\/#\/schema\/logo\/image\/\",\"url\":\"https:\/\/www.kblmachinery.com\/wp-content\/uploads\/2025\/11\/cropped-logo-1-1.png\",\"contentUrl\":\"https:\/\/www.kblmachinery.com\/wp-content\/uploads\/2025\/11\/cropped-logo-1-1.png\",\"width\":123,\"height\":136,\"caption\":\"Quanzhou Kimberly Machinery Manufacturing Co. Ltd\"},\"image\":{\"@id\":\"https:\/\/www.kblmachinery.com\/#\/schema\/logo\/image\/\"},\"sameAs\":[\"https:\/\/www.facebook.com\/KimberlyMachinery\"]}]}<\/script>\n<!-- \/ Yoast SEO plugin. -->","yoast_head_json":{"title":"MASA HESS Hollow Block Moulds | Concrete Block Moulds Supplier","description":"Premium hollow concrete block moulds from China, compatible with MASA and HESS machines. Durable, wear-resistant molds for large-scale block production.","robots":{"index":"index","follow":"follow","max-snippet":"max-snippet:-1","max-image-preview":"max-image-preview:large","max-video-preview":"max-video-preview:-1"},"canonical":"https:\/\/www.kblmachinery.com\/pt\/masa-hess-hollow-concrete-block-moulds-china-supplier\/","og_locale":"pt_PT","og_type":"article","og_title":"MASA HESS Hollow Block Moulds | Concrete Block Moulds Supplier","og_description":"Premium hollow concrete block moulds from China, compatible with MASA and HESS machines. Durable, wear-resistant molds for large-scale block production.","og_url":"https:\/\/www.kblmachinery.com\/pt\/masa-hess-hollow-concrete-block-moulds-china-supplier\/","og_site_name":"Kimberly Machinery","article_publisher":"https:\/\/www.facebook.com\/KimberlyMachinery","article_modified_time":"2025-11-28T07:55:48+00:00","og_image":[{"width":805,"height":805,"url":"https:\/\/www.kblmachinery.com\/wp-content\/uploads\/2025\/11\/MASA-HESS-Molding-Hollow-Blocks-Molds-China-Supplier.webp","type":"image\/webp"}],"twitter_card":"summary_large_image","twitter_misc":{"Tempo estimado de leitura":"3 minutos"},"schema":{"@context":"https:\/\/schema.org","@graph":[{"@type":"WebPage","@id":"https:\/\/www.kblmachinery.com\/masa-hess-hollow-concrete-block-moulds-china-supplier\/","url":"https:\/\/www.kblmachinery.com\/masa-hess-hollow-concrete-block-moulds-china-supplier\/","name":"MASA HESS Hollow Block Moulds | Concrete Block Moulds Supplier","isPartOf":{"@id":"https:\/\/www.kblmachinery.com\/#website"},"primaryImageOfPage":{"@id":"https:\/\/www.kblmachinery.com\/masa-hess-hollow-concrete-block-moulds-china-supplier\/#primaryimage"},"image":{"@id":"https:\/\/www.kblmachinery.com\/masa-hess-hollow-concrete-block-moulds-china-supplier\/#primaryimage"},"thumbnailUrl":"https:\/\/www.kblmachinery.com\/wp-content\/uploads\/2025\/11\/MASA-HESS-Molding-Hollow-Blocks-Molds-China-Supplier.webp","datePublished":"2024-08-17T05:02:00+00:00","dateModified":"2025-11-28T07:55:48+00:00","description":"Premium hollow concrete block moulds from China, compatible with MASA and HESS machines. Durable, wear-resistant molds for large-scale block production.","breadcrumb":{"@id":"https:\/\/www.kblmachinery.com\/masa-hess-hollow-concrete-block-moulds-china-supplier\/#breadcrumb"},"inLanguage":"pt-PT","potentialAction":[{"@type":"ReadAction","target":["https:\/\/www.kblmachinery.com\/masa-hess-hollow-concrete-block-moulds-china-supplier\/"]}]},{"@type":"ImageObject","inLanguage":"pt-PT","@id":"https:\/\/www.kblmachinery.com\/masa-hess-hollow-concrete-block-moulds-china-supplier\/#primaryimage","url":"https:\/\/www.kblmachinery.com\/wp-content\/uploads\/2025\/11\/MASA-HESS-Molding-Hollow-Blocks-Molds-China-Supplier.webp","contentUrl":"https:\/\/www.kblmachinery.com\/wp-content\/uploads\/2025\/11\/MASA-HESS-Molding-Hollow-Blocks-Molds-China-Supplier.webp","width":805,"height":805,"caption":"MASA HESS Molding Hollow Blocks Molds China Supplier"},{"@type":"BreadcrumbList","@id":"https:\/\/www.kblmachinery.com\/masa-hess-hollow-concrete-block-moulds-china-supplier\/#breadcrumb","itemListElement":[{"@type":"ListItem","position":1,"name":"Home","item":"https:\/\/www.kblmachinery.com\/"},{"@type":"ListItem","position":2,"name":"MASA HESS Molding Hollow Blocks Molds China Supplier"}]},{"@type":"WebSite","@id":"https:\/\/www.kblmachinery.com\/#website","url":"https:\/\/www.kblmachinery.com\/","name":"Professional Brick\/Block Making Machine in China","description":"Block Machine Manufacturer - Kimberly Machinery","publisher":{"@id":"https:\/\/www.kblmachinery.com\/#organization"},"potentialAction":[{"@type":"SearchAction","target":{"@type":"EntryPoint","urlTemplate":"https:\/\/www.kblmachinery.com\/?s={search_term_string}"},"query-input":{"@type":"PropertyValueSpecification","valueRequired":true,"valueName":"search_term_string"}}],"inLanguage":"pt-PT"},{"@type":"Organization","@id":"https:\/\/www.kblmachinery.com\/#organization","name":"Quanzhou Kimberly Machinery Manufacturing Co. Ltd","url":"https:\/\/www.kblmachinery.com\/","logo":{"@type":"ImageObject","inLanguage":"pt-PT","@id":"https:\/\/www.kblmachinery.com\/#\/schema\/logo\/image\/","url":"https:\/\/www.kblmachinery.com\/wp-content\/uploads\/2025\/11\/cropped-logo-1-1.png","contentUrl":"https:\/\/www.kblmachinery.com\/wp-content\/uploads\/2025\/11\/cropped-logo-1-1.png","width":123,"height":136,"caption":"Quanzhou Kimberly Machinery Manufacturing Co. Ltd"},"image":{"@id":"https:\/\/www.kblmachinery.com\/#\/schema\/logo\/image\/"},"sameAs":["https:\/\/www.facebook.com\/KimberlyMachinery"]}]}},"_links":{"self":[{"href":"https:\/\/www.kblmachinery.com\/pt\/wp-json\/wp\/v2\/product\/8145","targetHints":{"allow":["GET"]}}],"collection":[{"href":"https:\/\/www.kblmachinery.com\/pt\/wp-json\/wp\/v2\/product"}],"about":[{"href":"https:\/\/www.kblmachinery.com\/pt\/wp-json\/wp\/v2\/types\/product"}],"wp:featuredmedia":[{"embeddable":true,"href":"https:\/\/www.kblmachinery.com\/pt\/wp-json\/wp\/v2\/media\/8146"}],"wp:attachment":[{"href":"https:\/\/www.kblmachinery.com\/pt\/wp-json\/wp\/v2\/media?parent=8145"}],"wp:term":[{"taxonomy":"product_brand","embeddable":true,"href":"https:\/\/www.kblmachinery.com\/pt\/wp-json\/wp\/v2\/product_brand?post=8145"},{"taxonomy":"product_cat","embeddable":true,"href":"https:\/\/www.kblmachinery.com\/pt\/wp-json\/wp\/v2\/product_cat?post=8145"},{"taxonomy":"product_tag","embeddable":true,"href":"https:\/\/www.kblmachinery.com\/pt\/wp-json\/wp\/v2\/product_tag?post=8145"}],"curies":[{"name":"wp","href":"https:\/\/api.w.org\/{rel}","templated":true}]}}