{"id":8160,"date":"2024-08-17T06:40:00","date_gmt":"2024-08-17T06:40:00","guid":{"rendered":"https:\/\/www.kblmachinery.com\/?post_type=product&#038;p=8160"},"modified":"2025-11-28T07:17:38","modified_gmt":"2025-11-28T07:17:38","slug":"customizable-concrete-pavement-brick-mould","status":"publish","type":"product","link":"https:\/\/www.kblmachinery.com\/pt\/customizable-concrete-pavement-brick-mould\/","title":{"rendered":"Fabricante l\u00edder da China Molde de tijolo oco de bet\u00e3o Molde de bloco de pavimenta\u00e7\u00e3o de tamanho misto para m\u00e1quina de fazer blocos"},"content":{"rendered":"<div class=\"containerWrap--lFLVsVCe\">\n<div class=\"content--BiTVEwIO\">\n<div class=\"stream--brXJQIKe\">\n<div class=\"contentBox--WIsVhFWg\">\n<div class=\"tongyi-markdown\">\n<h2 data-spm-anchor-id=\"5176.28103460.0.i50.297c5d270UmYMJ\">China&#8217;s Leading Manufacturer of Concrete Hollow Brick Molds and Mixed-Size Paver Block Molds for Block Making Machines<\/h2>\n<\/div>\n<\/div>\n<\/div>\n<\/div>\n<\/div>\n<p data-start=\"0\" data-end=\"18\"><strong data-start=\"0\" data-end=\"18\">1. Tipo de bloco:<\/strong><\/p>\n<p data-start=\"20\" data-end=\"278\">Concebemos e fabricamos moldes de a\u00e7o de alta qualidade para a produ\u00e7\u00e3o de pedras de pavimenta\u00e7\u00e3o entrela\u00e7adas, lajes, pedras de pavimenta\u00e7\u00e3o perme\u00e1veis, lancis, muros de conten\u00e7\u00e3o, blocos ocos e blocos especiais. Satisfazemos sempre os requisitos dos clientes e oferecemos ideias novas e inovadoras.<\/p>\n<p data-start=\"280\" data-end=\"300\"><strong data-start=\"280\" data-end=\"300\">2. Mat\u00e9ria-prima:<\/strong><\/p>\n<p data-start=\"302\" data-end=\"498\">Utilizamos a\u00e7o de alta qualidade, especialmente temperado e revenido, importado de It\u00e1lia para o fabrico de moldes para blocos de bet\u00e3o. Estes a\u00e7os s\u00e3o ainda melhorados em termos de resist\u00eancia \u00e0 abras\u00e3o atrav\u00e9s de tratamento t\u00e9rmico.<\/p>\n<p data-start=\"500\" data-end=\"532\"><strong data-start=\"500\" data-end=\"532\">3. Experi\u00eancia de fabrico:<\/strong><\/p>\n<p data-start=\"534\" data-end=\"729\" data-is-last-node=\"\" data-is-only-node=\"\">Com quase 30 anos de experi\u00eancia de fabrico, servimos clientes de muitos pa\u00edses. Combinamos a nossa experi\u00eancia com a\u00e7o de qualidade para garantir que fornecemos produtos de alta qualidade a todos os nossos compradores.<\/p>\n<div id=\"message-352065523477\" class=\"ChatMessage_chatMessage__xkgHx\" data-complete=\"true\">\n<div class=\"ChatMessage_messageRow__DHlnq\">\n<div class=\"ChatMessage_messageWrapper__4Ugd6\">\n<div class=\"Message_rowWithFooter__FShU6\">\n<div class=\"Message_row__ug_UU\">\n<div class=\"Message_messageBubbleWrapper__sEq8z\">\n<div class=\"Message_leftSideMessageBubble__VPdk6\">\n<div class=\"Message_messageTextContainer__w64Sc\">\n<div>\n<div class=\"Markdown_markdownContainer__Tz3HQ\">\n<h2>Especifica\u00e7\u00f5es do molde<\/h2>\n<\/div>\n<\/div>\n<\/div>\n<\/div>\n<\/div>\n<\/div>\n<\/div>\n<\/div>\n<\/div>\n<\/div>\n<table class=\"tg\" style=\"border-collapse: collapse; border-spacing: 0px; height: 167px;\" width=\"100%\">\n<tbody>\n<tr>\n<td style=\"font-family: Arial, sans-serif; font-size: 14px; overflow: hidden; padding: 10px 5px; text-align: left; vertical-align: top; word-break: normal; border: 1px solid black;\"><span style=\"color: #555;\">Nome<\/span><\/td>\n<td style=\"font-family: Arial, sans-serif; font-size: 14px; overflow: hidden; padding: 10px 5px; text-align: left; vertical-align: top; word-break: normal; border: 1px solid black;\">molde de bloco oco desenho de molde de bloco de pavimenta\u00e7\u00e3o<\/td>\n<td style=\"font-family: Arial, sans-serif; font-size: 14px; overflow: hidden; padding: 10px 5px; text-align: left; vertical-align: top; word-break: normal; border: 1px solid black;\"><span style=\"color: #555;\">Tratamento t\u00e9rmico<\/span><\/td>\n<td style=\"font-family: Arial, sans-serif; font-size: 14px; overflow: hidden; padding: 10px 5px; text-align: left; vertical-align: top; word-break: normal; border: 1px solid black;\"><span style=\"color: #555;\">Carbonitreta\u00e7\u00e3o 900-950\u00b0C<\/span><\/td>\n<\/tr>\n<tr>\n<td style=\"font-family: Arial, sans-serif; font-size: 14px; overflow: hidden; padding: 10px 5px; text-align: left; vertical-align: top; word-break: normal; border: 1px solid black;\">mat\u00e9ria-prima<\/td>\n<td style=\"font-family: Arial, sans-serif; font-size: 14px; overflow: hidden; padding: 10px 5px; text-align: left; vertical-align: top; word-break: normal; border: 1px solid black;\"><span style=\"color: #555;\">a\u00e7o especial resistente ao desgaste<\/span><\/td>\n<td style=\"font-family: Arial, sans-serif; font-size: 14px; overflow: hidden; padding: 10px 5px; text-align: left; vertical-align: top; word-break: normal; border: 1px solid black;\"><span style=\"color: #555;\">Dureza<\/span><\/td>\n<td style=\"font-family: Arial, sans-serif; font-size: 14px; overflow: hidden; padding: 10px 5px; text-align: left; vertical-align: top; word-break: normal; border: 1px solid black;\"><span style=\"color: #555;\">60-65HRC<\/span><\/td>\n<\/tr>\n<tr>\n<td style=\"font-family: Arial, sans-serif; font-size: 14px; overflow: hidden; padding: 10px 5px; text-align: left; vertical-align: top; word-break: normal; border: 1px solid black;\"><span style=\"color: #555;\">Tipo de bloco<\/span><\/td>\n<td style=\"font-family: Arial, sans-serif; font-size: 14px; overflow: hidden; padding: 10px 5px; text-align: left; vertical-align: top; word-break: normal; border: 1px solid black;\"><span style=\"color: #555;\">Bloco oco, bloco de interbloqueio, bloco de pavimenta\u00e7\u00e3o, pedra de cal\u00e7ada, todos podem ser personalizados<\/span><\/td>\n<td style=\"font-family: Arial, sans-serif; font-size: 14px; overflow: hidden; padding: 10px 5px; text-align: left; vertical-align: top; word-break: normal; border: 1px solid black;\"><span style=\"color: #555;\">C\u00f3digo SH<\/span><\/td>\n<td style=\"font-family: Arial, sans-serif; font-size: 14px; overflow: hidden; padding: 10px 5px; text-align: left; vertical-align: top; word-break: normal; border: 1px solid black;\"><span style=\"color: #555;\">848060<\/span><\/td>\n<\/tr>\n<tr>\n<td style=\"font-family: Arial, sans-serif; font-size: 14px; overflow: hidden; padding: 10px 5px; text-align: left; vertical-align: top; word-break: normal; border: 1px solid black;\"><span style=\"color: #555;\">tempo de vida<\/span><\/td>\n<td style=\"font-family: Arial, sans-serif; font-size: 14px; overflow: hidden; padding: 10px 5px; text-align: left; vertical-align: top; word-break: normal; border: 1px solid black;\"><span style=\"color: #555;\">100000-120000 vezes<\/span><\/td>\n<td style=\"font-family: Arial, sans-serif; font-size: 14px; overflow: hidden; padding: 10px 5px; text-align: left; vertical-align: top; word-break: normal; border: 1px solid black;\"><span style=\"color: #555;\">Embalagem<\/span><\/td>\n<td style=\"font-family: Arial, sans-serif; font-size: 14px; overflow: hidden; padding: 10px 5px; text-align: left; vertical-align: top; word-break: normal; border: 1px solid black;\"><span style=\"color: #555;\">Madeira + pel\u00edcula pl\u00e1stica<\/span><\/td>\n<\/tr>\n<\/tbody>\n<\/table>\n<h2>FAQ<\/h2>\n<p data-start=\"9\" data-end=\"42\"><strong data-start=\"9\" data-end=\"42\">1. Como \u00e9 que posso obter um or\u00e7amento?<\/strong><\/p>\n<p data-start=\"44\" data-end=\"168\">A. Se tiver desenhos pormenorizados do bloco, envie-nos esses desenhos para an\u00e1lise e forneceremos um or\u00e7amento com base nos mesmos.<\/p>\n<p data-start=\"170\" data-end=\"388\">B. If you don&#8217;t have detailed drawings, let us know the type of block you need, such as hollow block or solid block. You can also send a picture of the block and provide the dimensions (length, width, thickness in mm).<\/p>\n<p data-start=\"390\" data-end=\"418\">C. Qual \u00e9 o tamanho da sua palete?<\/p>\n<p data-start=\"420\" data-end=\"493\">D. Qual \u00e9 a dimens\u00e3o da sua cabe\u00e7a de tamper e a altura do seu molde inferior?<\/p>\n<p data-start=\"495\" data-end=\"602\">E. Como \u00e9 que o seu molde se vai ligar \u00e0 sua m\u00e1quina para funcionar? Se tiver um desenho de liga\u00e7\u00e3o, partilhe-o.<\/p>\n<p data-start=\"604\" data-end=\"682\">Assim que recebermos as suas informa\u00e7\u00f5es, forneceremos um or\u00e7amento o mais rapidamente poss\u00edvel.<\/p>\n<p data-start=\"684\" data-end=\"717\"><strong data-start=\"684\" data-end=\"717\">2. Qual \u00e9 o prazo de entrega?<\/strong><\/p>\n<p data-start=\"719\" data-end=\"878\">Para moldes de blocos comuns, o prazo de entrega \u00e9 de 20-25 dias \u00fateis ap\u00f3s a rece\u00e7\u00e3o do dep\u00f3sito. Para os moldes de blocos topo de gama, o prazo de entrega \u00e9 de 30-40 dias \u00fateis.<\/p>\n<p data-start=\"880\" data-end=\"916\"><strong data-start=\"880\" data-end=\"916\">3. Como \u00e9 a embalagem de transporte?<\/strong><\/p>\n<p data-start=\"918\" data-end=\"993\">We use wooden packing with plastic film or as per the buyer&#8217;s requirements.<\/p>\n<p data-start=\"995\" data-end=\"1055\"><strong data-start=\"995\" data-end=\"1055\">4. O molde recebido ser\u00e1 compat\u00edvel com a minha m\u00e1quina?<\/strong><\/p>\n<p data-start=\"1057\" data-end=\"1199\">Fabric\u00e1mos moldes para muitas marcas de m\u00e1quinas de blocos e mantemos registos relacionados. Alguns moldes podem j\u00e1 ser compat\u00edveis com a sua m\u00e1quina.<\/p>\n<p data-start=\"1201\" data-end=\"1458\">Se necess\u00e1rio, pode convidar um engenheiro a deslocar-se \u00e0 sua empresa para efetuar as medi\u00e7\u00f5es. Em alternativa, podemos enviar uma imagem digital e as medidas, como fazem muitos dos nossos clientes. Depois de confirmarmos o dimensionamento, garantimos que o molde se adapta \u00e0 sua m\u00e1quina sem problemas.<\/p>\n<p data-start=\"1460\" data-end=\"1494\"><strong data-start=\"1460\" data-end=\"1494\">5. Quais s\u00e3o as condi\u00e7\u00f5es de pagamento?<\/strong><\/p>\n<p data-start=\"1496\" data-end=\"1612\">Para concluir a sua encomenda, \u00e9 necess\u00e1rio um pagamento antecipado de 50% por T\/T. O saldo restante deve ser pago antes do carregamento.<\/p>\n<p data-start=\"1614\" data-end=\"1643\"><strong data-start=\"1614\" data-end=\"1643\">6. Como posso contact\u00e1-lo?<\/strong><\/p>\n<p data-start=\"1645\" data-end=\"1732\" data-is-last-node=\"\" data-is-only-node=\"\">Pode contactar-nos atrav\u00e9s do WeChat\/WhatsApp em +86-1330506196 ou +86-18960287187. Obrigado!<\/p>","protected":false},"excerpt":{"rendered":"<ul>\n<li>Quase 30 anos de experi\u00eancia na produ\u00e7\u00e3o de todos os tipos de moldes para blocos de bet\u00e3o;<\/li>\n<li>80000 ou 120000 tempos de ciclo \u00e0 escolha; a dureza atinge 62 graus ap\u00f3s o tratamento t\u00e9rmico.<\/li>\n<\/ul>\n<table class=\"tg\" style=\"border-collapse: collapse; border-spacing: 0px; height: 273px;\" width=\"100%\">\n<tbody>\n<tr>\n<td style=\"font-family: Arial, sans-serif; font-size: 14px; overflow: hidden; padding: 10px 5px; text-align: left; vertical-align: top; word-break: normal; border: 1px solid black;\">Encomenda (MOQ) :<\/td>\n<td style=\"font-family: Arial, sans-serif; font-size: 14px; overflow: hidden; padding: 10px 5px; text-align: left; vertical-align: top; word-break: normal; border: 1px solid black;\">1 Conjunto<\/td>\n<\/tr>\n<tr>\n<td style=\"font-family: Arial, sans-serif; font-size: 14px; overflow: hidden; padding: 10px 5px; text-align: left; vertical-align: top; word-break: normal; border: 1px solid black;\">Pagamento :<\/td>\n<td style=\"font-family: Arial, sans-serif; font-size: 14px; overflow: hidden; padding: 10px 5px; text-align: left; vertical-align: top; word-break: normal; border: 1px solid black;\">Pagamento T\/T 100% antes da expedi\u00e7\u00e3o ou 100% por L\/C confirmada e irrevog\u00e1vel \u00e0 vista.<\/td>\n<\/tr>\n<tr>\n<td style=\"font-family: Arial, sans-serif; font-size: 14px; overflow: hidden; padding: 10px 5px; text-align: left; vertical-align: top; word-break: normal; border: 1px solid black;\">Origem do produto :<\/td>\n<td style=\"font-family: Arial, sans-serif; font-size: 14px; overflow: hidden; padding: 10px 5px; text-align: left; vertical-align: top; word-break: normal; border: 1px solid black;\">Quanzhou Fujian<\/td>\n<\/tr>\n<tr>\n<td style=\"font-family: Arial, sans-serif; font-size: 14px; overflow: hidden; padding: 10px 5px; text-align: left; vertical-align: top; word-break: normal; border: 1px solid black;\">Cor :<\/td>\n<td style=\"font-family: Arial, sans-serif; font-size: 14px; overflow: hidden; padding: 10px 5px; text-align: left; vertical-align: top; word-break: normal; border: 1px solid black;\">adaptar-se \u00e0 procura<\/td>\n<\/tr>\n<tr>\n<td style=\"font-family: Arial, sans-serif; font-size: 14px; overflow: hidden; padding: 10px 5px; text-align: left; vertical-align: top; word-break: normal; border: 1px solid black;\">Porto de embarque :<\/td>\n<td style=\"font-family: Arial, sans-serif; font-size: 14px; overflow: hidden; padding: 10px 5px; text-align: left; vertical-align: top; word-break: normal; border: 1px solid black;\">Xiamen<\/td>\n<\/tr>\n<tr>\n<td style=\"font-family: Arial, sans-serif; font-size: 14px; overflow: hidden; padding: 10px 5px; text-align: left; vertical-align: top; word-break: normal; border: 1px solid black;\">Prazo de entrega :<\/td>\n<td style=\"font-family: Arial, sans-serif; font-size: 14px; overflow: hidden; padding: 10px 5px; text-align: left; vertical-align: top; word-break: normal; border: 1px solid black;\">20-25 dias<\/td>\n<\/tr>\n<\/tbody>\n<\/table>\n<p>&nbsp;<\/p>","protected":false},"featured_media":8161,"template":"","meta":[],"product_brand":[],"product_cat":[758,763],"product_tag":[],"class_list":{"0":"post-8160","1":"product","2":"type-product","3":"status-publish","4":"has-post-thumbnail","6":"product_cat-block-moulds","7":"product_cat-paving-stone-mould","9":"first","10":"instock","11":"shipping-taxable","12":"product-type-simple"},"yoast_head":"<!-- This site is optimized with the Yoast SEO plugin v24.4 - https:\/\/yoast.com\/wordpress\/plugins\/seo\/ -->\n<title>Custom Concrete Pavement Brick Moulds Supplier | Kimberly Machinery<\/title>\n<meta name=\"description\" content=\"Durable, customizable concrete pavement brick moulds for pavers, curbstones, and block production lines. High precision, long lifespan.\" \/>\n<meta name=\"robots\" content=\"index, follow, max-snippet:-1, max-image-preview:large, max-video-preview:-1\" \/>\n<link rel=\"canonical\" href=\"https:\/\/www.kblmachinery.com\/pt\/customizable-concrete-pavement-brick-mould\/\" \/>\n<meta property=\"og:locale\" content=\"pt_PT\" \/>\n<meta property=\"og:type\" content=\"article\" \/>\n<meta property=\"og:title\" content=\"Custom Concrete Pavement Brick Moulds Supplier | Kimberly Machinery\" \/>\n<meta property=\"og:description\" content=\"Durable, customizable concrete pavement brick moulds for pavers, curbstones, and block production lines. High precision, long lifespan.\" \/>\n<meta property=\"og:url\" content=\"https:\/\/www.kblmachinery.com\/pt\/customizable-concrete-pavement-brick-mould\/\" \/>\n<meta property=\"og:site_name\" content=\"Kimberly Machinery\" \/>\n<meta property=\"article:publisher\" content=\"https:\/\/www.facebook.com\/KimberlyMachinery\" \/>\n<meta property=\"article:modified_time\" content=\"2025-11-28T07:17:38+00:00\" \/>\n<meta property=\"og:image\" content=\"https:\/\/www.kblmachinery.com\/wp-content\/uploads\/2025\/11\/China-Leading-Manufacturer-Concrete-Hollow-Brick-Mould-Mixed-Size-Paver-Block-Mould-for-Block-Making-Machine.webp\" \/>\n\t<meta property=\"og:image:width\" content=\"805\" \/>\n\t<meta property=\"og:image:height\" content=\"805\" \/>\n\t<meta property=\"og:image:type\" content=\"image\/webp\" \/>\n<meta name=\"twitter:card\" content=\"summary_large_image\" \/>\n<meta name=\"twitter:label1\" content=\"Tempo estimado de leitura\" \/>\n\t<meta name=\"twitter:data1\" content=\"3 minutos\" \/>\n<script type=\"application\/ld+json\" class=\"yoast-schema-graph\">{\"@context\":\"https:\/\/schema.org\",\"@graph\":[{\"@type\":\"WebPage\",\"@id\":\"https:\/\/www.kblmachinery.com\/customizable-concrete-pavement-brick-mould\/\",\"url\":\"https:\/\/www.kblmachinery.com\/customizable-concrete-pavement-brick-mould\/\",\"name\":\"Custom Concrete Pavement Brick Moulds Supplier | Kimberly Machinery\",\"isPartOf\":{\"@id\":\"https:\/\/www.kblmachinery.com\/#website\"},\"primaryImageOfPage\":{\"@id\":\"https:\/\/www.kblmachinery.com\/customizable-concrete-pavement-brick-mould\/#primaryimage\"},\"image\":{\"@id\":\"https:\/\/www.kblmachinery.com\/customizable-concrete-pavement-brick-mould\/#primaryimage\"},\"thumbnailUrl\":\"https:\/\/www.kblmachinery.com\/wp-content\/uploads\/2025\/11\/China-Leading-Manufacturer-Concrete-Hollow-Brick-Mould-Mixed-Size-Paver-Block-Mould-for-Block-Making-Machine.webp\",\"datePublished\":\"2024-08-17T06:40:00+00:00\",\"dateModified\":\"2025-11-28T07:17:38+00:00\",\"description\":\"Durable, customizable concrete pavement brick moulds for pavers, curbstones, and block production lines. High precision, long lifespan.\",\"breadcrumb\":{\"@id\":\"https:\/\/www.kblmachinery.com\/customizable-concrete-pavement-brick-mould\/#breadcrumb\"},\"inLanguage\":\"pt-PT\",\"potentialAction\":[{\"@type\":\"ReadAction\",\"target\":[\"https:\/\/www.kblmachinery.com\/customizable-concrete-pavement-brick-mould\/\"]}]},{\"@type\":\"ImageObject\",\"inLanguage\":\"pt-PT\",\"@id\":\"https:\/\/www.kblmachinery.com\/customizable-concrete-pavement-brick-mould\/#primaryimage\",\"url\":\"https:\/\/www.kblmachinery.com\/wp-content\/uploads\/2025\/11\/China-Leading-Manufacturer-Concrete-Hollow-Brick-Mould-Mixed-Size-Paver-Block-Mould-for-Block-Making-Machine.webp\",\"contentUrl\":\"https:\/\/www.kblmachinery.com\/wp-content\/uploads\/2025\/11\/China-Leading-Manufacturer-Concrete-Hollow-Brick-Mould-Mixed-Size-Paver-Block-Mould-for-Block-Making-Machine.webp\",\"width\":805,\"height\":805,\"caption\":\"concrete block mold\"},{\"@type\":\"BreadcrumbList\",\"@id\":\"https:\/\/www.kblmachinery.com\/customizable-concrete-pavement-brick-mould\/#breadcrumb\",\"itemListElement\":[{\"@type\":\"ListItem\",\"position\":1,\"name\":\"Home\",\"item\":\"https:\/\/www.kblmachinery.com\/\"},{\"@type\":\"ListItem\",\"position\":2,\"name\":\"China Leading Manufacturer Concrete Hollow Brick Mould Mixed-Size Paver Block Mould for Block Making Machine\"}]},{\"@type\":\"WebSite\",\"@id\":\"https:\/\/www.kblmachinery.com\/#website\",\"url\":\"https:\/\/www.kblmachinery.com\/\",\"name\":\"Professional Brick\/Block Making Machine in China\",\"description\":\"Block Machine Manufacturer - Kimberly Machinery\",\"publisher\":{\"@id\":\"https:\/\/www.kblmachinery.com\/#organization\"},\"potentialAction\":[{\"@type\":\"SearchAction\",\"target\":{\"@type\":\"EntryPoint\",\"urlTemplate\":\"https:\/\/www.kblmachinery.com\/?s={search_term_string}\"},\"query-input\":{\"@type\":\"PropertyValueSpecification\",\"valueRequired\":true,\"valueName\":\"search_term_string\"}}],\"inLanguage\":\"pt-PT\"},{\"@type\":\"Organization\",\"@id\":\"https:\/\/www.kblmachinery.com\/#organization\",\"name\":\"Quanzhou Kimberly Machinery Manufacturing Co. Ltd\",\"url\":\"https:\/\/www.kblmachinery.com\/\",\"logo\":{\"@type\":\"ImageObject\",\"inLanguage\":\"pt-PT\",\"@id\":\"https:\/\/www.kblmachinery.com\/#\/schema\/logo\/image\/\",\"url\":\"https:\/\/www.kblmachinery.com\/wp-content\/uploads\/2025\/11\/cropped-logo-1-1.png\",\"contentUrl\":\"https:\/\/www.kblmachinery.com\/wp-content\/uploads\/2025\/11\/cropped-logo-1-1.png\",\"width\":123,\"height\":136,\"caption\":\"Quanzhou Kimberly Machinery Manufacturing Co. Ltd\"},\"image\":{\"@id\":\"https:\/\/www.kblmachinery.com\/#\/schema\/logo\/image\/\"},\"sameAs\":[\"https:\/\/www.facebook.com\/KimberlyMachinery\"]}]}<\/script>\n<!-- \/ Yoast SEO plugin. -->","yoast_head_json":{"title":"Custom Concrete Pavement Brick Moulds Supplier | Kimberly Machinery","description":"Durable, customizable concrete pavement brick moulds for pavers, curbstones, and block production lines. High precision, long lifespan.","robots":{"index":"index","follow":"follow","max-snippet":"max-snippet:-1","max-image-preview":"max-image-preview:large","max-video-preview":"max-video-preview:-1"},"canonical":"https:\/\/www.kblmachinery.com\/pt\/customizable-concrete-pavement-brick-mould\/","og_locale":"pt_PT","og_type":"article","og_title":"Custom Concrete Pavement Brick Moulds Supplier | Kimberly Machinery","og_description":"Durable, customizable concrete pavement brick moulds for pavers, curbstones, and block production lines. High precision, long lifespan.","og_url":"https:\/\/www.kblmachinery.com\/pt\/customizable-concrete-pavement-brick-mould\/","og_site_name":"Kimberly Machinery","article_publisher":"https:\/\/www.facebook.com\/KimberlyMachinery","article_modified_time":"2025-11-28T07:17:38+00:00","og_image":[{"width":805,"height":805,"url":"https:\/\/www.kblmachinery.com\/wp-content\/uploads\/2025\/11\/China-Leading-Manufacturer-Concrete-Hollow-Brick-Mould-Mixed-Size-Paver-Block-Mould-for-Block-Making-Machine.webp","type":"image\/webp"}],"twitter_card":"summary_large_image","twitter_misc":{"Tempo estimado de leitura":"3 minutos"},"schema":{"@context":"https:\/\/schema.org","@graph":[{"@type":"WebPage","@id":"https:\/\/www.kblmachinery.com\/customizable-concrete-pavement-brick-mould\/","url":"https:\/\/www.kblmachinery.com\/customizable-concrete-pavement-brick-mould\/","name":"Custom Concrete Pavement Brick Moulds Supplier | Kimberly Machinery","isPartOf":{"@id":"https:\/\/www.kblmachinery.com\/#website"},"primaryImageOfPage":{"@id":"https:\/\/www.kblmachinery.com\/customizable-concrete-pavement-brick-mould\/#primaryimage"},"image":{"@id":"https:\/\/www.kblmachinery.com\/customizable-concrete-pavement-brick-mould\/#primaryimage"},"thumbnailUrl":"https:\/\/www.kblmachinery.com\/wp-content\/uploads\/2025\/11\/China-Leading-Manufacturer-Concrete-Hollow-Brick-Mould-Mixed-Size-Paver-Block-Mould-for-Block-Making-Machine.webp","datePublished":"2024-08-17T06:40:00+00:00","dateModified":"2025-11-28T07:17:38+00:00","description":"Durable, customizable concrete pavement brick moulds for pavers, curbstones, and block production lines. High precision, long lifespan.","breadcrumb":{"@id":"https:\/\/www.kblmachinery.com\/customizable-concrete-pavement-brick-mould\/#breadcrumb"},"inLanguage":"pt-PT","potentialAction":[{"@type":"ReadAction","target":["https:\/\/www.kblmachinery.com\/customizable-concrete-pavement-brick-mould\/"]}]},{"@type":"ImageObject","inLanguage":"pt-PT","@id":"https:\/\/www.kblmachinery.com\/customizable-concrete-pavement-brick-mould\/#primaryimage","url":"https:\/\/www.kblmachinery.com\/wp-content\/uploads\/2025\/11\/China-Leading-Manufacturer-Concrete-Hollow-Brick-Mould-Mixed-Size-Paver-Block-Mould-for-Block-Making-Machine.webp","contentUrl":"https:\/\/www.kblmachinery.com\/wp-content\/uploads\/2025\/11\/China-Leading-Manufacturer-Concrete-Hollow-Brick-Mould-Mixed-Size-Paver-Block-Mould-for-Block-Making-Machine.webp","width":805,"height":805,"caption":"concrete block mold"},{"@type":"BreadcrumbList","@id":"https:\/\/www.kblmachinery.com\/customizable-concrete-pavement-brick-mould\/#breadcrumb","itemListElement":[{"@type":"ListItem","position":1,"name":"Home","item":"https:\/\/www.kblmachinery.com\/"},{"@type":"ListItem","position":2,"name":"China Leading Manufacturer Concrete Hollow Brick Mould Mixed-Size Paver Block Mould for Block Making Machine"}]},{"@type":"WebSite","@id":"https:\/\/www.kblmachinery.com\/#website","url":"https:\/\/www.kblmachinery.com\/","name":"Professional Brick\/Block Making Machine in China","description":"Block Machine Manufacturer - Kimberly Machinery","publisher":{"@id":"https:\/\/www.kblmachinery.com\/#organization"},"potentialAction":[{"@type":"SearchAction","target":{"@type":"EntryPoint","urlTemplate":"https:\/\/www.kblmachinery.com\/?s={search_term_string}"},"query-input":{"@type":"PropertyValueSpecification","valueRequired":true,"valueName":"search_term_string"}}],"inLanguage":"pt-PT"},{"@type":"Organization","@id":"https:\/\/www.kblmachinery.com\/#organization","name":"Quanzhou Kimberly Machinery Manufacturing Co. Ltd","url":"https:\/\/www.kblmachinery.com\/","logo":{"@type":"ImageObject","inLanguage":"pt-PT","@id":"https:\/\/www.kblmachinery.com\/#\/schema\/logo\/image\/","url":"https:\/\/www.kblmachinery.com\/wp-content\/uploads\/2025\/11\/cropped-logo-1-1.png","contentUrl":"https:\/\/www.kblmachinery.com\/wp-content\/uploads\/2025\/11\/cropped-logo-1-1.png","width":123,"height":136,"caption":"Quanzhou Kimberly Machinery Manufacturing Co. Ltd"},"image":{"@id":"https:\/\/www.kblmachinery.com\/#\/schema\/logo\/image\/"},"sameAs":["https:\/\/www.facebook.com\/KimberlyMachinery"]}]}},"_links":{"self":[{"href":"https:\/\/www.kblmachinery.com\/pt\/wp-json\/wp\/v2\/product\/8160","targetHints":{"allow":["GET"]}}],"collection":[{"href":"https:\/\/www.kblmachinery.com\/pt\/wp-json\/wp\/v2\/product"}],"about":[{"href":"https:\/\/www.kblmachinery.com\/pt\/wp-json\/wp\/v2\/types\/product"}],"wp:featuredmedia":[{"embeddable":true,"href":"https:\/\/www.kblmachinery.com\/pt\/wp-json\/wp\/v2\/media\/8161"}],"wp:attachment":[{"href":"https:\/\/www.kblmachinery.com\/pt\/wp-json\/wp\/v2\/media?parent=8160"}],"wp:term":[{"taxonomy":"product_brand","embeddable":true,"href":"https:\/\/www.kblmachinery.com\/pt\/wp-json\/wp\/v2\/product_brand?post=8160"},{"taxonomy":"product_cat","embeddable":true,"href":"https:\/\/www.kblmachinery.com\/pt\/wp-json\/wp\/v2\/product_cat?post=8160"},{"taxonomy":"product_tag","embeddable":true,"href":"https:\/\/www.kblmachinery.com\/pt\/wp-json\/wp\/v2\/product_tag?post=8160"}],"curies":[{"name":"wp","href":"https:\/\/api.w.org\/{rel}","templated":true}]}}