{"id":8165,"date":"2024-08-17T05:37:00","date_gmt":"2024-08-17T05:37:00","guid":{"rendered":"https:\/\/www.kblmachinery.com\/?post_type=product&#038;p=8165"},"modified":"2025-11-28T07:47:41","modified_gmt":"2025-11-28T07:47:41","slug":"high-end-insulating-hollow-block-mold-for-masa-hess-brich-machines","status":"publish","type":"product","link":"https:\/\/www.kblmachinery.com\/pt\/high-end-insulating-hollow-block-mold-for-masa-hess-brich-machines\/","title":{"rendered":"Molde de bloco oco isolante de alta qualidade para m\u00e1quinas MASA HESS Brich"},"content":{"rendered":"<h2>Molde de bloco oco isolante de alta qualidade para m\u00e1quinas MASA HESS<\/h2>\n<h3>1.Tipo de bloco:<\/h3>\n<p data-start=\"20\" data-end=\"281\">Concebemos e fabricamos moldes de a\u00e7o de alta qualidade para pedras de pavimenta\u00e7\u00e3o entrela\u00e7adas, lajes, pedras de pavimenta\u00e7\u00e3o perme\u00e1veis, lancis, muros de conten\u00e7\u00e3o, blocos ocos e blocos especiais. Satisfazemos os requisitos dos clientes e oferecemos ideias novas e inovadoras.<\/p>\n<h3>2. mat\u00e9ria-prima:<\/h3>\n<p data-start=\"286\" data-end=\"468\">Utilizamos a\u00e7o de primeira qualidade temperado e revenido importado de It\u00e1lia para fabricar moldes para blocos de bet\u00e3o. Este a\u00e7o \u00e9 tratado termicamente para aumentar a sua resist\u00eancia \u00e0 abras\u00e3o.<\/p>\n<h3>3.Experi\u00eancia de fabrico:<\/h3>\n<p data-start=\"473\" data-end=\"690\" data-is-last-node=\"\">Com quase 30 anos de experi\u00eancia de fabrico, servimos clientes de muitos pa\u00edses. Combinamos a nossa experi\u00eancia com a\u00e7o de qualidade para fornecer produtos de alta qualidade a todos os nossos compradores.<\/p>\n<h2>Especifica\u00e7\u00f5es do molde<\/h2>\n<table class=\"tg\" style=\"border-collapse: collapse; border-spacing: 0px; height: 185px;\" width=\"100%\">\n<tbody>\n<tr>\n<td style=\"font-family: Arial, sans-serif; font-size: 14px; overflow: hidden; padding: 10px 5px; text-align: left; vertical-align: top; word-break: normal; border: 1px solid black;\">Nome<\/td>\n<td style=\"font-family: Arial, sans-serif; font-size: 14px; overflow: hidden; padding: 10px 5px; text-align: left; vertical-align: top; word-break: normal; border: 1px solid black;\">molde de bloco oco<\/td>\n<td style=\"font-family: Arial, sans-serif; font-size: 14px; overflow: hidden; padding: 10px 5px; text-align: left; vertical-align: top; word-break: normal; border: 1px solid black;\">Tratamento t\u00e9rmico<\/td>\n<td style=\"font-family: Arial, sans-serif; font-size: 14px; overflow: hidden; padding: 10px 5px; text-align: left; vertical-align: top; word-break: normal; border: 1px solid black;\">Carbonitreta\u00e7\u00e3o 900-950<span style=\"color: #555;\">\u00b0<\/span>C<\/td>\n<\/tr>\n<tr>\n<td style=\"font-family: Arial, sans-serif; font-size: 14px; overflow: hidden; padding: 10px 5px; text-align: left; vertical-align: top; word-break: normal; border: 1px solid black;\">mat\u00e9ria-prima<\/td>\n<td style=\"font-family: Arial, sans-serif; font-size: 14px; overflow: hidden; padding: 10px 5px; text-align: left; vertical-align: top; word-break: normal; border: 1px solid black;\">a\u00e7o especial resistente ao desgaste<\/td>\n<td style=\"font-family: Arial, sans-serif; font-size: 14px; overflow: hidden; padding: 10px 5px; text-align: left; vertical-align: top; word-break: normal; border: 1px solid black;\">Dureza<\/td>\n<td style=\"font-family: Arial, sans-serif; font-size: 14px; overflow: hidden; padding: 10px 5px; text-align: left; vertical-align: top; word-break: normal; border: 1px solid black;\">60-65HRC<\/td>\n<\/tr>\n<tr>\n<td style=\"font-family: Arial, sans-serif; font-size: 14px; overflow: hidden; padding: 10px 5px; text-align: left; vertical-align: top; word-break: normal; border: 1px solid black;\">Tipo de bloco<\/td>\n<td style=\"font-family: Arial, sans-serif; font-size: 14px; overflow: hidden; padding: 10px 5px; text-align: left; vertical-align: top; word-break: normal; border: 1px solid black;\">Bloco oco, bloco de interbloqueio, bloco de pavimenta\u00e7\u00e3o, pedra de cal\u00e7ada, todos podem ser personalizados<\/td>\n<td style=\"font-family: Arial, sans-serif; font-size: 14px; overflow: hidden; padding: 10px 5px; text-align: left; vertical-align: top; word-break: normal; border: 1px solid black;\">C\u00f3digo SH<\/td>\n<td style=\"font-family: Arial, sans-serif; font-size: 14px; overflow: hidden; padding: 10px 5px; text-align: left; vertical-align: top; word-break: normal; border: 1px solid black;\">848060<\/td>\n<\/tr>\n<tr>\n<td style=\"font-family: Arial, sans-serif; font-size: 14px; overflow: hidden; padding: 10px 5px; text-align: left; vertical-align: top; word-break: normal; border: 1px solid black;\">tempo de vida<\/td>\n<td style=\"font-family: Arial, sans-serif; font-size: 14px; overflow: hidden; padding: 10px 5px; text-align: left; vertical-align: top; word-break: normal; border: 1px solid black;\">100000-120000 vezes<\/td>\n<td style=\"font-family: Arial, sans-serif; font-size: 14px; overflow: hidden; padding: 10px 5px; text-align: left; vertical-align: top; word-break: normal; border: 1px solid black;\">Embalagem<\/td>\n<td style=\"font-family: Arial, sans-serif; font-size: 14px; overflow: hidden; padding: 10px 5px; text-align: left; vertical-align: top; word-break: normal; border: 1px solid black;\">Madeira + pel\u00edcula pl\u00e1stica<\/td>\n<\/tr>\n<\/tbody>\n<\/table>\n<h2>FAQ<\/h2>\n<div class=\"flex max-w-full flex-col flex-grow\">\n<div class=\"min-h-8 text-message relative flex w-full flex-col items-end gap-2 whitespace-normal break-words text-start [.text-message+&amp;]:mt-5\" dir=\"auto\" data-message-author-role=\"assistant\" data-message-id=\"8c459505-96a0-4364-a3c9-5615d21a0f6f\" data-message-model-slug=\"gpt-4o\">\n<div class=\"flex w-full flex-col gap-1 empty:hidden first:pt-[3px]\">\n<div class=\"markdown prose w-full break-words dark:prose-invert light\">\n<h3 data-start=\"0\" data-end=\"36\">1. Como \u00e9 que posso obter os or\u00e7amentos?<\/h3>\n<ul>\n<li data-start=\"38\" data-end=\"620\">Se tiver desenhos pormenorizados do bloco, envie-nos esses desenhos e n\u00f3s apresentaremos um or\u00e7amento com base neles.<\/li>\n<li data-start=\"38\" data-end=\"620\">Se n\u00e3o dispuser de desenhos pormenorizados, indique-nos o tipo de bloco (por exemplo, oco, maci\u00e7o), envie uma fotografia do bloco e indique as dimens\u00f5es (comprimento x largura x espessura em mm).<\/li>\n<li data-start=\"38\" data-end=\"620\">Qual \u00e9 o tamanho da sua palete?<\/li>\n<li data-start=\"38\" data-end=\"620\">Qual \u00e9 o tamanho da sua cabe\u00e7a de tamper e a altura do seu molde inferior?<\/li>\n<li data-start=\"38\" data-end=\"620\">Como \u00e9 que o molde vai ser ligado \u00e0 sua m\u00e1quina? Se tiver um desenho de liga\u00e7\u00e3o, partilhe-o.<\/li>\n<\/ul>\n<p data-start=\"38\" data-end=\"620\">Assim que tivermos estas informa\u00e7\u00f5es, enviar-lhe-emos um or\u00e7amento o mais rapidamente poss\u00edvel.<\/p>\n<h3 data-start=\"622\" data-end=\"792\">2. Qual \u00e9 o prazo de entrega?<\/h3>\n<p data-start=\"622\" data-end=\"792\">Para moldes de blocos comuns, s\u00e3o 20-25 dias \u00fateis ap\u00f3s a rece\u00e7\u00e3o do dep\u00f3sito. Para os moldes de blocos topo de gama, s\u00e3o necess\u00e1rios 30-40 dias \u00fateis.<\/p>\n<h3 data-start=\"794\" data-end=\"913\">3. O que acontece com a embalagem de transporte?<\/h3>\n<p data-start=\"794\" data-end=\"913\">Utilizamos embalagens de madeira com pel\u00edcula de pl\u00e1stico, ou de acordo com os requisitos do comprador.<\/p>\n<h3 data-start=\"915\" data-end=\"1338\">4. O molde recebido ser\u00e1 compat\u00edvel com a minha m\u00e1quina?<\/h3>\n<p data-start=\"915\" data-end=\"1338\">Fizemos moldes para muitas marcas de m\u00e1quinas de blocos e temos os respectivos registos. Alguns podem ser compat\u00edveis com a sua m\u00e1quina.<br data-start=\"1100\" data-end=\"1103\" \/>Se necess\u00e1rio, pode convidar um engenheiro para medir a sua m\u00e1quina, ou podemos enviar fotografias e tirar medidas, como fazem muitos clientes.<br data-start=\"1231\" data-end=\"1234\" \/>Depois de confirmarmos o tamanho, o molde que enviamos adaptar-se-\u00e1 \u00e0 sua m\u00e1quina sem qualquer problema. Pode confiar em n\u00f3s!<\/p>\n<h3 data-start=\"1340\" data-end=\"1493\">5. Quais s\u00e3o as condi\u00e7\u00f5es de pagamento?<\/h3>\n<p data-start=\"1340\" data-end=\"1493\">Para concluir a sua encomenda, \u00e9 necess\u00e1rio um pagamento antecipado de 50% por T\/T. O saldo restante deve ser pago antes do carregamento.<\/p>\n<h3 data-start=\"1495\" data-end=\"1614\">6. Como posso contact\u00e1-lo?<\/h3>\n<p data-start=\"1495\" data-end=\"1614\" data-is-last-node=\"\" data-is-only-node=\"\">Pode contactar-nos atrav\u00e9s do WeChat\/WhatsApp em +86-1330506196 ou +86-18960287187. Obrigado!<\/p>\n<\/div>\n<\/div>\n<\/div>\n<\/div>\n<p><iframe loading=\"lazy\" title=\"V\u00eddeo de trabalho das cofragens\" src=\"https:\/\/www.youtube.com\/embed\/czhs2wYoLZg\" width=\"556\" height=\"310\" frameborder=\"0\" allowfullscreen=\"allowfullscreen\"><\/iframe><\/p>","protected":false},"excerpt":{"rendered":"<p>Com quase 30 anos de experi\u00eancia no fabrico de todos os tipos de moldes para blocos de bet\u00e3o, oferecemos moldes com tempos de ciclo de 80.000 ou 120.000 \u00e0 sua escolha. Ap\u00f3s o tratamento t\u00e9rmico, os nossos moldes atingem uma dureza de 62 graus, garantindo durabilidade e desempenho.<\/p>\n<table class=\"tg\" style=\"border-collapse: collapse; border-spacing: 0px; height: 266px;\" width=\"100%\">\n<tbody>\n<tr>\n<td style=\"font-family: Arial, sans-serif; font-size: 14px; overflow: hidden; padding: 10px 5px; text-align: left; vertical-align: top; word-break: normal; border: 1px solid black;\">Encomenda (MOQ) :<\/td>\n<td style=\"font-family: Arial, sans-serif; font-size: 14px; overflow: hidden; padding: 10px 5px; text-align: left; vertical-align: top; word-break: normal; border: 1px solid black;\">1 Conjunto<\/td>\n<\/tr>\n<tr>\n<td style=\"font-family: Arial, sans-serif; font-size: 14px; overflow: hidden; padding: 10px 5px; text-align: left; vertical-align: top; word-break: normal; border: 1px solid black;\">Pagamento :<\/td>\n<td style=\"font-family: Arial, sans-serif; font-size: 14px; overflow: hidden; padding: 10px 5px; text-align: left; vertical-align: top; word-break: normal; border: 1px solid black;\">Pagamento T\/T 100% antes da expedi\u00e7\u00e3o ou 100% por L\/C confirmada e irrevog\u00e1vel \u00e0 vista.<\/td>\n<\/tr>\n<tr>\n<td style=\"font-family: Arial, sans-serif; font-size: 14px; overflow: hidden; padding: 10px 5px; text-align: left; vertical-align: top; word-break: normal; border: 1px solid black;\">Origem do produto :<\/td>\n<td style=\"font-family: Arial, sans-serif; font-size: 14px; overflow: hidden; padding: 10px 5px; text-align: left; vertical-align: top; word-break: normal; border: 1px solid black;\">Quanzhou Fujian<\/td>\n<\/tr>\n<tr>\n<td style=\"font-family: Arial, sans-serif; font-size: 14px; overflow: hidden; padding: 10px 5px; text-align: left; vertical-align: top; word-break: normal; border: 1px solid black;\">Cor :<\/td>\n<td style=\"font-family: Arial, sans-serif; font-size: 14px; overflow: hidden; padding: 10px 5px; text-align: left; vertical-align: top; word-break: normal; border: 1px solid black;\">adaptar-se \u00e0 procura<\/td>\n<\/tr>\n<tr>\n<td style=\"font-family: Arial, sans-serif; font-size: 14px; overflow: hidden; padding: 10px 5px; text-align: left; vertical-align: top; word-break: normal; border: 1px solid black;\">Porto de embarque :<\/td>\n<td style=\"font-family: Arial, sans-serif; font-size: 14px; overflow: hidden; padding: 10px 5px; text-align: left; vertical-align: top; word-break: normal; border: 1px solid black;\">Xiamen<\/td>\n<\/tr>\n<tr>\n<td style=\"font-family: Arial, sans-serif; font-size: 14px; overflow: hidden; padding: 10px 5px; text-align: left; vertical-align: top; word-break: normal; border: 1px solid black;\">Prazo de entrega :<\/td>\n<td style=\"font-family: Arial, sans-serif; font-size: 14px; overflow: hidden; padding: 10px 5px; text-align: left; vertical-align: top; word-break: normal; border: 1px solid black;\">20-25 dias<\/td>\n<\/tr>\n<\/tbody>\n<\/table>\n<p>&nbsp;<\/p>","protected":false},"featured_media":8166,"template":"","meta":[],"product_brand":[],"product_cat":[758,760],"product_tag":[],"class_list":{"0":"post-8165","1":"product","2":"type-product","3":"status-publish","4":"has-post-thumbnail","6":"product_cat-block-moulds","7":"product_cat-insulated-block-mold","9":"first","10":"instock","11":"shipping-taxable","12":"product-type-simple"},"yoast_head":"<!-- This site is optimized with the Yoast SEO plugin v24.4 - https:\/\/yoast.com\/wordpress\/plugins\/seo\/ -->\n<title>Insulating Hollow Block Moulds Supplier | Kimberly Machinery<\/title>\n<meta name=\"description\" content=\"Premium insulating hollow block molds \u2014 wear\u2011resistant, high\u2011precision, and heat\u2011treated. Compatible with global block machines.\" \/>\n<meta name=\"robots\" content=\"index, follow, max-snippet:-1, max-image-preview:large, max-video-preview:-1\" \/>\n<link rel=\"canonical\" href=\"https:\/\/www.kblmachinery.com\/pt\/high-end-insulating-hollow-block-mold-for-masa-hess-brich-machines\/\" \/>\n<meta property=\"og:locale\" content=\"pt_PT\" \/>\n<meta property=\"og:type\" content=\"article\" \/>\n<meta property=\"og:title\" content=\"Insulating Hollow Block Moulds Supplier | Kimberly Machinery\" \/>\n<meta property=\"og:description\" content=\"Premium insulating hollow block molds \u2014 wear\u2011resistant, high\u2011precision, and heat\u2011treated. Compatible with global block machines.\" \/>\n<meta property=\"og:url\" content=\"https:\/\/www.kblmachinery.com\/pt\/high-end-insulating-hollow-block-mold-for-masa-hess-brich-machines\/\" \/>\n<meta property=\"og:site_name\" content=\"Kimberly Machinery\" \/>\n<meta property=\"article:publisher\" content=\"https:\/\/www.facebook.com\/KimberlyMachinery\" \/>\n<meta property=\"article:modified_time\" content=\"2025-11-28T07:47:41+00:00\" \/>\n<meta property=\"og:image\" content=\"https:\/\/www.kblmachinery.com\/wp-content\/uploads\/2025\/11\/High-End-Insulating-Hollow-Block-Mold-for-MASA-HESS-Brich-Machines.webp\" \/>\n\t<meta property=\"og:image:width\" content=\"805\" \/>\n\t<meta property=\"og:image:height\" content=\"805\" \/>\n\t<meta property=\"og:image:type\" content=\"image\/webp\" \/>\n<meta name=\"twitter:card\" content=\"summary_large_image\" \/>\n<meta name=\"twitter:label1\" content=\"Tempo estimado de leitura\" \/>\n\t<meta name=\"twitter:data1\" content=\"3 minutos\" \/>\n<script type=\"application\/ld+json\" class=\"yoast-schema-graph\">{\"@context\":\"https:\/\/schema.org\",\"@graph\":[{\"@type\":\"WebPage\",\"@id\":\"https:\/\/www.kblmachinery.com\/high-end-insulating-hollow-block-mold-for-masa-hess-brich-machines\/\",\"url\":\"https:\/\/www.kblmachinery.com\/high-end-insulating-hollow-block-mold-for-masa-hess-brich-machines\/\",\"name\":\"Insulating Hollow Block Moulds Supplier | Kimberly Machinery\",\"isPartOf\":{\"@id\":\"https:\/\/www.kblmachinery.com\/#website\"},\"primaryImageOfPage\":{\"@id\":\"https:\/\/www.kblmachinery.com\/high-end-insulating-hollow-block-mold-for-masa-hess-brich-machines\/#primaryimage\"},\"image\":{\"@id\":\"https:\/\/www.kblmachinery.com\/high-end-insulating-hollow-block-mold-for-masa-hess-brich-machines\/#primaryimage\"},\"thumbnailUrl\":\"https:\/\/www.kblmachinery.com\/wp-content\/uploads\/2025\/11\/High-End-Insulating-Hollow-Block-Mold-for-MASA-HESS-Brich-Machines.webp\",\"datePublished\":\"2024-08-17T05:37:00+00:00\",\"dateModified\":\"2025-11-28T07:47:41+00:00\",\"description\":\"Premium insulating hollow block molds \u2014 wear\u2011resistant, high\u2011precision, and heat\u2011treated. Compatible with global block machines.\",\"breadcrumb\":{\"@id\":\"https:\/\/www.kblmachinery.com\/high-end-insulating-hollow-block-mold-for-masa-hess-brich-machines\/#breadcrumb\"},\"inLanguage\":\"pt-PT\",\"potentialAction\":[{\"@type\":\"ReadAction\",\"target\":[\"https:\/\/www.kblmachinery.com\/high-end-insulating-hollow-block-mold-for-masa-hess-brich-machines\/\"]}]},{\"@type\":\"ImageObject\",\"inLanguage\":\"pt-PT\",\"@id\":\"https:\/\/www.kblmachinery.com\/high-end-insulating-hollow-block-mold-for-masa-hess-brich-machines\/#primaryimage\",\"url\":\"https:\/\/www.kblmachinery.com\/wp-content\/uploads\/2025\/11\/High-End-Insulating-Hollow-Block-Mold-for-MASA-HESS-Brich-Machines.webp\",\"contentUrl\":\"https:\/\/www.kblmachinery.com\/wp-content\/uploads\/2025\/11\/High-End-Insulating-Hollow-Block-Mold-for-MASA-HESS-Brich-Machines.webp\",\"width\":805,\"height\":805,\"caption\":\"hollow block mould design\"},{\"@type\":\"BreadcrumbList\",\"@id\":\"https:\/\/www.kblmachinery.com\/high-end-insulating-hollow-block-mold-for-masa-hess-brich-machines\/#breadcrumb\",\"itemListElement\":[{\"@type\":\"ListItem\",\"position\":1,\"name\":\"Home\",\"item\":\"https:\/\/www.kblmachinery.com\/\"},{\"@type\":\"ListItem\",\"position\":2,\"name\":\"High-End Insulating Hollow Block Mold for MASA HESS Brich Machines\"}]},{\"@type\":\"WebSite\",\"@id\":\"https:\/\/www.kblmachinery.com\/#website\",\"url\":\"https:\/\/www.kblmachinery.com\/\",\"name\":\"Professional Brick\/Block Making Machine in China\",\"description\":\"Block Machine Manufacturer - Kimberly Machinery\",\"publisher\":{\"@id\":\"https:\/\/www.kblmachinery.com\/#organization\"},\"potentialAction\":[{\"@type\":\"SearchAction\",\"target\":{\"@type\":\"EntryPoint\",\"urlTemplate\":\"https:\/\/www.kblmachinery.com\/?s={search_term_string}\"},\"query-input\":{\"@type\":\"PropertyValueSpecification\",\"valueRequired\":true,\"valueName\":\"search_term_string\"}}],\"inLanguage\":\"pt-PT\"},{\"@type\":\"Organization\",\"@id\":\"https:\/\/www.kblmachinery.com\/#organization\",\"name\":\"Quanzhou Kimberly Machinery Manufacturing Co. Ltd\",\"url\":\"https:\/\/www.kblmachinery.com\/\",\"logo\":{\"@type\":\"ImageObject\",\"inLanguage\":\"pt-PT\",\"@id\":\"https:\/\/www.kblmachinery.com\/#\/schema\/logo\/image\/\",\"url\":\"https:\/\/www.kblmachinery.com\/wp-content\/uploads\/2025\/11\/cropped-logo-1-1.png\",\"contentUrl\":\"https:\/\/www.kblmachinery.com\/wp-content\/uploads\/2025\/11\/cropped-logo-1-1.png\",\"width\":123,\"height\":136,\"caption\":\"Quanzhou Kimberly Machinery Manufacturing Co. Ltd\"},\"image\":{\"@id\":\"https:\/\/www.kblmachinery.com\/#\/schema\/logo\/image\/\"},\"sameAs\":[\"https:\/\/www.facebook.com\/KimberlyMachinery\"]}]}<\/script>\n<!-- \/ Yoast SEO plugin. -->","yoast_head_json":{"title":"Insulating Hollow Block Moulds Supplier | Kimberly Machinery","description":"Premium insulating hollow block molds \u2014 wear\u2011resistant, high\u2011precision, and heat\u2011treated. Compatible with global block machines.","robots":{"index":"index","follow":"follow","max-snippet":"max-snippet:-1","max-image-preview":"max-image-preview:large","max-video-preview":"max-video-preview:-1"},"canonical":"https:\/\/www.kblmachinery.com\/pt\/high-end-insulating-hollow-block-mold-for-masa-hess-brich-machines\/","og_locale":"pt_PT","og_type":"article","og_title":"Insulating Hollow Block Moulds Supplier | Kimberly Machinery","og_description":"Premium insulating hollow block molds \u2014 wear\u2011resistant, high\u2011precision, and heat\u2011treated. Compatible with global block machines.","og_url":"https:\/\/www.kblmachinery.com\/pt\/high-end-insulating-hollow-block-mold-for-masa-hess-brich-machines\/","og_site_name":"Kimberly Machinery","article_publisher":"https:\/\/www.facebook.com\/KimberlyMachinery","article_modified_time":"2025-11-28T07:47:41+00:00","og_image":[{"width":805,"height":805,"url":"https:\/\/www.kblmachinery.com\/wp-content\/uploads\/2025\/11\/High-End-Insulating-Hollow-Block-Mold-for-MASA-HESS-Brich-Machines.webp","type":"image\/webp"}],"twitter_card":"summary_large_image","twitter_misc":{"Tempo estimado de leitura":"3 minutos"},"schema":{"@context":"https:\/\/schema.org","@graph":[{"@type":"WebPage","@id":"https:\/\/www.kblmachinery.com\/high-end-insulating-hollow-block-mold-for-masa-hess-brich-machines\/","url":"https:\/\/www.kblmachinery.com\/high-end-insulating-hollow-block-mold-for-masa-hess-brich-machines\/","name":"Insulating Hollow Block Moulds Supplier | Kimberly Machinery","isPartOf":{"@id":"https:\/\/www.kblmachinery.com\/#website"},"primaryImageOfPage":{"@id":"https:\/\/www.kblmachinery.com\/high-end-insulating-hollow-block-mold-for-masa-hess-brich-machines\/#primaryimage"},"image":{"@id":"https:\/\/www.kblmachinery.com\/high-end-insulating-hollow-block-mold-for-masa-hess-brich-machines\/#primaryimage"},"thumbnailUrl":"https:\/\/www.kblmachinery.com\/wp-content\/uploads\/2025\/11\/High-End-Insulating-Hollow-Block-Mold-for-MASA-HESS-Brich-Machines.webp","datePublished":"2024-08-17T05:37:00+00:00","dateModified":"2025-11-28T07:47:41+00:00","description":"Premium insulating hollow block molds \u2014 wear\u2011resistant, high\u2011precision, and heat\u2011treated. Compatible with global block machines.","breadcrumb":{"@id":"https:\/\/www.kblmachinery.com\/high-end-insulating-hollow-block-mold-for-masa-hess-brich-machines\/#breadcrumb"},"inLanguage":"pt-PT","potentialAction":[{"@type":"ReadAction","target":["https:\/\/www.kblmachinery.com\/high-end-insulating-hollow-block-mold-for-masa-hess-brich-machines\/"]}]},{"@type":"ImageObject","inLanguage":"pt-PT","@id":"https:\/\/www.kblmachinery.com\/high-end-insulating-hollow-block-mold-for-masa-hess-brich-machines\/#primaryimage","url":"https:\/\/www.kblmachinery.com\/wp-content\/uploads\/2025\/11\/High-End-Insulating-Hollow-Block-Mold-for-MASA-HESS-Brich-Machines.webp","contentUrl":"https:\/\/www.kblmachinery.com\/wp-content\/uploads\/2025\/11\/High-End-Insulating-Hollow-Block-Mold-for-MASA-HESS-Brich-Machines.webp","width":805,"height":805,"caption":"hollow block mould design"},{"@type":"BreadcrumbList","@id":"https:\/\/www.kblmachinery.com\/high-end-insulating-hollow-block-mold-for-masa-hess-brich-machines\/#breadcrumb","itemListElement":[{"@type":"ListItem","position":1,"name":"Home","item":"https:\/\/www.kblmachinery.com\/"},{"@type":"ListItem","position":2,"name":"High-End Insulating Hollow Block Mold for MASA HESS Brich Machines"}]},{"@type":"WebSite","@id":"https:\/\/www.kblmachinery.com\/#website","url":"https:\/\/www.kblmachinery.com\/","name":"Professional Brick\/Block Making Machine in China","description":"Block Machine Manufacturer - Kimberly Machinery","publisher":{"@id":"https:\/\/www.kblmachinery.com\/#organization"},"potentialAction":[{"@type":"SearchAction","target":{"@type":"EntryPoint","urlTemplate":"https:\/\/www.kblmachinery.com\/?s={search_term_string}"},"query-input":{"@type":"PropertyValueSpecification","valueRequired":true,"valueName":"search_term_string"}}],"inLanguage":"pt-PT"},{"@type":"Organization","@id":"https:\/\/www.kblmachinery.com\/#organization","name":"Quanzhou Kimberly Machinery Manufacturing Co. Ltd","url":"https:\/\/www.kblmachinery.com\/","logo":{"@type":"ImageObject","inLanguage":"pt-PT","@id":"https:\/\/www.kblmachinery.com\/#\/schema\/logo\/image\/","url":"https:\/\/www.kblmachinery.com\/wp-content\/uploads\/2025\/11\/cropped-logo-1-1.png","contentUrl":"https:\/\/www.kblmachinery.com\/wp-content\/uploads\/2025\/11\/cropped-logo-1-1.png","width":123,"height":136,"caption":"Quanzhou Kimberly Machinery Manufacturing Co. Ltd"},"image":{"@id":"https:\/\/www.kblmachinery.com\/#\/schema\/logo\/image\/"},"sameAs":["https:\/\/www.facebook.com\/KimberlyMachinery"]}]}},"_links":{"self":[{"href":"https:\/\/www.kblmachinery.com\/pt\/wp-json\/wp\/v2\/product\/8165","targetHints":{"allow":["GET"]}}],"collection":[{"href":"https:\/\/www.kblmachinery.com\/pt\/wp-json\/wp\/v2\/product"}],"about":[{"href":"https:\/\/www.kblmachinery.com\/pt\/wp-json\/wp\/v2\/types\/product"}],"wp:featuredmedia":[{"embeddable":true,"href":"https:\/\/www.kblmachinery.com\/pt\/wp-json\/wp\/v2\/media\/8166"}],"wp:attachment":[{"href":"https:\/\/www.kblmachinery.com\/pt\/wp-json\/wp\/v2\/media?parent=8165"}],"wp:term":[{"taxonomy":"product_brand","embeddable":true,"href":"https:\/\/www.kblmachinery.com\/pt\/wp-json\/wp\/v2\/product_brand?post=8165"},{"taxonomy":"product_cat","embeddable":true,"href":"https:\/\/www.kblmachinery.com\/pt\/wp-json\/wp\/v2\/product_cat?post=8165"},{"taxonomy":"product_tag","embeddable":true,"href":"https:\/\/www.kblmachinery.com\/pt\/wp-json\/wp\/v2\/product_tag?post=8165"}],"curies":[{"name":"wp","href":"https:\/\/api.w.org\/{rel}","templated":true}]}}