{"id":8170,"date":"2024-08-17T06:35:00","date_gmt":"2024-08-17T06:35:00","guid":{"rendered":"https:\/\/www.kblmachinery.com\/?post_type=product&#038;p=8170"},"modified":"2025-11-28T07:18:33","modified_gmt":"2025-11-28T07:18:33","slug":"grass-stone-mold-road-paver-mould-for-park","status":"publish","type":"product","link":"https:\/\/www.kblmachinery.com\/pt\/grass-stone-mold-road-paver-mould-for-park\/","title":{"rendered":"Molde de pedra de relva Molde de pavimento de estrada para parque"},"content":{"rendered":"<h2>Molde de pedra de relva para pavimenta\u00e7\u00e3o de caminhos de parque<\/h2>\n<table class=\"tg\" style=\"border-collapse: collapse; border-spacing: 0px; height: 168px;\" width=\"100%\">\n<tbody>\n<tr>\n<td style=\"font-family: Arial, sans-serif; font-size: 14px; overflow: hidden; padding: 10px 5px; text-align: left; vertical-align: top; word-break: normal; border: 1px solid black;\">Nome<\/td>\n<td style=\"font-family: Arial, sans-serif; font-size: 14px; overflow: hidden; padding: 10px 5px; text-align: left; vertical-align: top; word-break: normal; border: 1px solid black;\">molde de bloco de relva<\/td>\n<td style=\"font-family: Arial, sans-serif; font-size: 14px; overflow: hidden; padding: 10px 5px; text-align: left; vertical-align: top; word-break: normal; border: 1px solid black;\">Tratamento t\u00e9rmico<\/td>\n<td style=\"font-family: Arial, sans-serif; font-size: 14px; overflow: hidden; padding: 10px 5px; text-align: left; vertical-align: top; word-break: normal; border: 1px solid black;\">Carbonitreta\u00e7\u00e3o 900-950\u00b0C<\/td>\n<\/tr>\n<tr>\n<td style=\"font-family: Arial, sans-serif; font-size: 14px; overflow: hidden; padding: 10px 5px; text-align: left; vertical-align: top; word-break: normal; border: 1px solid black;\">mat\u00e9ria-prima<\/td>\n<td style=\"font-family: Arial, sans-serif; font-size: 14px; overflow: hidden; padding: 10px 5px; text-align: left; vertical-align: top; word-break: normal; border: 1px solid black;\">a\u00e7o especial resistente ao desgaste<\/td>\n<td style=\"font-family: Arial, sans-serif; font-size: 14px; overflow: hidden; padding: 10px 5px; text-align: left; vertical-align: top; word-break: normal; border: 1px solid black;\">Dureza<\/td>\n<td style=\"font-family: Arial, sans-serif; font-size: 14px; overflow: hidden; padding: 10px 5px; text-align: left; vertical-align: top; word-break: normal; border: 1px solid black;\">60-65HRC<\/td>\n<\/tr>\n<tr>\n<td style=\"font-family: Arial, sans-serif; font-size: 14px; overflow: hidden; padding: 10px 5px; text-align: left; vertical-align: top; word-break: normal; border: 1px solid black;\">Tipo de bloco<\/td>\n<td style=\"font-family: Arial, sans-serif; font-size: 14px; overflow: hidden; padding: 10px 5px; text-align: left; vertical-align: top; word-break: normal; border: 1px solid black;\">Bloco oco, bloco de interbloqueio, bloco de pavimenta\u00e7\u00e3o, pedra de cal\u00e7ada, todos podem ser personalizados<\/td>\n<td style=\"font-family: Arial, sans-serif; font-size: 14px; overflow: hidden; padding: 10px 5px; text-align: left; vertical-align: top; word-break: normal; border: 1px solid black;\">C\u00f3digo SH<\/td>\n<td style=\"font-family: Arial, sans-serif; font-size: 14px; overflow: hidden; padding: 10px 5px; text-align: left; vertical-align: top; word-break: normal; border: 1px solid black;\">848060<\/td>\n<\/tr>\n<tr>\n<td style=\"font-family: Arial, sans-serif; font-size: 14px; overflow: hidden; padding: 10px 5px; text-align: left; vertical-align: top; word-break: normal; border: 1px solid black;\">tempo de vida<\/td>\n<td style=\"font-family: Arial, sans-serif; font-size: 14px; overflow: hidden; padding: 10px 5px; text-align: left; vertical-align: top; word-break: normal; border: 1px solid black;\">100000-120000 vezes<\/td>\n<td style=\"font-family: Arial, sans-serif; font-size: 14px; overflow: hidden; padding: 10px 5px; text-align: left; vertical-align: top; word-break: normal; border: 1px solid black;\">Embalagem<\/td>\n<td style=\"font-family: Arial, sans-serif; font-size: 14px; overflow: hidden; padding: 10px 5px; text-align: left; vertical-align: top; word-break: normal; border: 1px solid black;\">Madeira + pel\u00edcula pl\u00e1stica<\/td>\n<\/tr>\n<\/tbody>\n<\/table>\n<h2>Carater\u00edsticas:<\/h2>\n<h3>O processo de montagem mais avan\u00e7ado<\/h3>\n<ol>\n<li>Utilizamos uma tecnologia de soldadura avan\u00e7ada e um tratamento de despressuriza\u00e7\u00e3o para garantir a precis\u00e3o. Se a tens\u00e3o permanecer no material do molde, a cavidade e o n\u00facleo podem deformar-se durante a utiliza\u00e7\u00e3o, causando erros nas dimens\u00f5es, forma e toler\u00e2ncias. Isto pode fazer com que os produtos qualificados excedam os limites de erro, causar o encravamento de componentes bem combinados ou mesmo inutilizar o molde. Para evitar esta situa\u00e7\u00e3o, minimizamos a deforma\u00e7\u00e3o durante o tratamento t\u00e9rmico e efectuamos o revenido ap\u00f3s a t\u00eampera para eliminar a tens\u00e3o interna resultante da maquinagem e do tratamento t\u00e9rmico, assegurando o bom funcionamento do molde.<\/li>\n<li>Mantemos uma folga do calcador de 0,3-0,8 mm para compatibilidade com a sua m\u00e1quina.<\/li>\n<li>Utilizamos parafusos de liga\u00e7\u00e3o de alta resist\u00eancia com pe\u00e7as normalizadas e tratamento anti-afrouxamento para maior durabilidade.<\/li>\n<li>O nosso processo de montagem normalizado garante uma substitui\u00e7\u00e3o f\u00e1cil das pe\u00e7as.<\/li>\n<li>Incorporamos chapas de a\u00e7o resistentes ao desgaste de alta qualidade para maior longevidade.<\/li>\n<li>Os nossos moldes possuem uma fun\u00e7\u00e3o de amortecimento para um funcionamento mais suave.<\/li>\n<li>Oferecemos um design de superf\u00edcie digital gratuito para personaliza\u00e7\u00e3o.<\/li>\n<\/ol>\n<h3>Para garantir a durabilidade do molde, aplicamos um tratamento t\u00e9rmico de carbonitreta\u00e7\u00e3o (60-65HRC)<\/h3>\n<ol>\n<li>Endurecemos a estrutura da matriz e o p\u00e9 da prensa a 60-65HRC.<\/li>\n<li>Atingimos uma profundidade m\u00ednima de endurecimento de 1,2 mm para uma maior resist\u00eancia.<\/li>\n<\/ol>\n<p><iframe loading=\"lazy\" title=\"V\u00eddeo de trabalho das cofragens\" src=\"https:\/\/www.youtube.com\/embed\/czhs2wYoLZg\" width=\"556\" height=\"310\" frameborder=\"0\" allowfullscreen=\"allowfullscreen\"><\/iframe><\/p>","protected":false},"excerpt":{"rendered":"<p>Os tijolos de planta\u00e7\u00e3o de relva, tamb\u00e9m conhecidos como pavimentos de relva, s\u00e3o uma solu\u00e7\u00e3o moderna concebida para evitar que se caminhe ou estacione no relvado. Estes tijolos t\u00eam v\u00e1rias formas, incluindo o jogo do galo, o colete, o n\u00famero 8 simples, o n\u00famero 8 duplo e os desenhos em grelha.<\/p>\n<table class=\"tg\" style=\"border-collapse: collapse; border-spacing: 0px; height: 247px;\" width=\"100%\">\n<tbody>\n<tr>\n<td style=\"font-family: Arial, sans-serif; font-size: 14px; overflow: hidden; padding: 10px 5px; text-align: left; vertical-align: top; word-break: normal; border: 1px solid black;\">Encomenda (MOQ) :<\/td>\n<td style=\"font-family: Arial, sans-serif; font-size: 14px; overflow: hidden; padding: 10px 5px; text-align: left; vertical-align: top; word-break: normal; border: 1px solid black;\">1 Conjunto<\/td>\n<\/tr>\n<tr>\n<td style=\"font-family: Arial, sans-serif; font-size: 14px; overflow: hidden; padding: 10px 5px; text-align: left; vertical-align: top; word-break: normal; border: 1px solid black;\">Pagamento :<\/td>\n<td style=\"font-family: Arial, sans-serif; font-size: 14px; overflow: hidden; padding: 10px 5px; text-align: left; vertical-align: top; word-break: normal; border: 1px solid black;\">Pagamento T\/T 100% antes da expedi\u00e7\u00e3o ou 100% por L\/C confirmada e irrevog\u00e1vel \u00e0 vista.<\/td>\n<\/tr>\n<tr>\n<td style=\"font-family: Arial, sans-serif; font-size: 14px; overflow: hidden; padding: 10px 5px; text-align: left; vertical-align: top; word-break: normal; border: 1px solid black;\">Origem do produto :<\/td>\n<td style=\"font-family: Arial, sans-serif; font-size: 14px; overflow: hidden; padding: 10px 5px; text-align: left; vertical-align: top; word-break: normal; border: 1px solid black;\">Quanzhou Fujian<\/td>\n<\/tr>\n<tr>\n<td style=\"font-family: Arial, sans-serif; font-size: 14px; overflow: hidden; padding: 10px 5px; text-align: left; vertical-align: top; word-break: normal; border: 1px solid black;\">Cor :<\/td>\n<td style=\"font-family: Arial, sans-serif; font-size: 14px; overflow: hidden; padding: 10px 5px; text-align: left; vertical-align: top; word-break: normal; border: 1px solid black;\">adaptar-se \u00e0 procura<\/td>\n<\/tr>\n<tr>\n<td style=\"font-family: Arial, sans-serif; font-size: 14px; overflow: hidden; padding: 10px 5px; text-align: left; vertical-align: top; word-break: normal; border: 1px solid black;\">Porto de embarque :<\/td>\n<td style=\"font-family: Arial, sans-serif; font-size: 14px; overflow: hidden; padding: 10px 5px; text-align: left; vertical-align: top; word-break: normal; border: 1px solid black;\">Xiamen<\/td>\n<\/tr>\n<tr>\n<td style=\"font-family: Arial, sans-serif; font-size: 14px; overflow: hidden; padding: 10px 5px; text-align: left; vertical-align: top; word-break: normal; border: 1px solid black;\">Prazo de entrega :<\/td>\n<td style=\"font-family: Arial, sans-serif; font-size: 14px; overflow: hidden; padding: 10px 5px; text-align: left; vertical-align: top; word-break: normal; border: 1px solid black;\">20-25 dias<\/td>\n<\/tr>\n<\/tbody>\n<\/table>\n<p>&nbsp;<\/p>","protected":false},"featured_media":8171,"template":"","meta":[],"product_brand":[],"product_cat":[758,763],"product_tag":[764],"class_list":{"0":"post-8170","1":"product","2":"type-product","3":"status-publish","4":"has-post-thumbnail","6":"product_cat-block-moulds","7":"product_cat-paving-stone-mould","8":"product_tag-special-grass-mold","10":"first","11":"instock","12":"shipping-taxable","13":"product-type-simple"},"yoast_head":"<!-- This site is optimized with the Yoast SEO plugin v24.4 - https:\/\/yoast.com\/wordpress\/plugins\/seo\/ -->\n<title>Grass Stone &amp; Road Paver Moulds | Kimberly Machinery<\/title>\n<meta name=\"description\" content=\"Durable grass\u2011stone and road\u2011paver moulds for parks, pavements and landscaping \u2014 customizable, high\u2011precision and ideal for permeable &amp; eco\u2011friendly block production.\" \/>\n<meta name=\"robots\" content=\"index, follow, max-snippet:-1, max-image-preview:large, max-video-preview:-1\" \/>\n<link rel=\"canonical\" href=\"https:\/\/www.kblmachinery.com\/pt\/grass-stone-mold-road-paver-mould-for-park\/\" \/>\n<meta property=\"og:locale\" content=\"pt_PT\" \/>\n<meta property=\"og:type\" content=\"article\" \/>\n<meta property=\"og:title\" content=\"Grass Stone &amp; Road Paver Moulds | Kimberly Machinery\" \/>\n<meta property=\"og:description\" content=\"Durable grass\u2011stone and road\u2011paver moulds for parks, pavements and landscaping \u2014 customizable, high\u2011precision and ideal for permeable &amp; eco\u2011friendly block production.\" \/>\n<meta property=\"og:url\" content=\"https:\/\/www.kblmachinery.com\/pt\/grass-stone-mold-road-paver-mould-for-park\/\" \/>\n<meta property=\"og:site_name\" content=\"Kimberly Machinery\" \/>\n<meta property=\"article:publisher\" content=\"https:\/\/www.facebook.com\/KimberlyMachinery\" \/>\n<meta property=\"article:modified_time\" content=\"2025-11-28T07:18:33+00:00\" \/>\n<meta property=\"og:image\" content=\"https:\/\/www.kblmachinery.com\/wp-content\/uploads\/2025\/11\/Grass-Stone-Mold-Road-Paver-Mould-for-Park.webp\" \/>\n\t<meta property=\"og:image:width\" content=\"805\" \/>\n\t<meta property=\"og:image:height\" content=\"805\" \/>\n\t<meta property=\"og:image:type\" content=\"image\/webp\" \/>\n<meta name=\"twitter:card\" content=\"summary_large_image\" \/>\n<meta name=\"twitter:label1\" content=\"Tempo estimado de leitura\" \/>\n\t<meta name=\"twitter:data1\" content=\"2 minutos\" \/>\n<script type=\"application\/ld+json\" class=\"yoast-schema-graph\">{\"@context\":\"https:\/\/schema.org\",\"@graph\":[{\"@type\":\"WebPage\",\"@id\":\"https:\/\/www.kblmachinery.com\/grass-stone-mold-road-paver-mould-for-park\/\",\"url\":\"https:\/\/www.kblmachinery.com\/grass-stone-mold-road-paver-mould-for-park\/\",\"name\":\"Grass Stone & Road Paver Moulds | Kimberly Machinery\",\"isPartOf\":{\"@id\":\"https:\/\/www.kblmachinery.com\/#website\"},\"primaryImageOfPage\":{\"@id\":\"https:\/\/www.kblmachinery.com\/grass-stone-mold-road-paver-mould-for-park\/#primaryimage\"},\"image\":{\"@id\":\"https:\/\/www.kblmachinery.com\/grass-stone-mold-road-paver-mould-for-park\/#primaryimage\"},\"thumbnailUrl\":\"https:\/\/www.kblmachinery.com\/wp-content\/uploads\/2025\/11\/Grass-Stone-Mold-Road-Paver-Mould-for-Park.webp\",\"datePublished\":\"2024-08-17T06:35:00+00:00\",\"dateModified\":\"2025-11-28T07:18:33+00:00\",\"description\":\"Durable grass\u2011stone and road\u2011paver moulds for parks, pavements and landscaping \u2014 customizable, high\u2011precision and ideal for permeable & eco\u2011friendly block production.\",\"breadcrumb\":{\"@id\":\"https:\/\/www.kblmachinery.com\/grass-stone-mold-road-paver-mould-for-park\/#breadcrumb\"},\"inLanguage\":\"pt-PT\",\"potentialAction\":[{\"@type\":\"ReadAction\",\"target\":[\"https:\/\/www.kblmachinery.com\/grass-stone-mold-road-paver-mould-for-park\/\"]}]},{\"@type\":\"ImageObject\",\"inLanguage\":\"pt-PT\",\"@id\":\"https:\/\/www.kblmachinery.com\/grass-stone-mold-road-paver-mould-for-park\/#primaryimage\",\"url\":\"https:\/\/www.kblmachinery.com\/wp-content\/uploads\/2025\/11\/Grass-Stone-Mold-Road-Paver-Mould-for-Park.webp\",\"contentUrl\":\"https:\/\/www.kblmachinery.com\/wp-content\/uploads\/2025\/11\/Grass-Stone-Mold-Road-Paver-Mould-for-Park.webp\",\"width\":805,\"height\":805,\"caption\":\"Grass Stone Mold Road Paver Mould for Park\"},{\"@type\":\"BreadcrumbList\",\"@id\":\"https:\/\/www.kblmachinery.com\/grass-stone-mold-road-paver-mould-for-park\/#breadcrumb\",\"itemListElement\":[{\"@type\":\"ListItem\",\"position\":1,\"name\":\"Home\",\"item\":\"https:\/\/www.kblmachinery.com\/\"},{\"@type\":\"ListItem\",\"position\":2,\"name\":\"Grass Stone Mold Road Paver Mould for Park\"}]},{\"@type\":\"WebSite\",\"@id\":\"https:\/\/www.kblmachinery.com\/#website\",\"url\":\"https:\/\/www.kblmachinery.com\/\",\"name\":\"Professional Brick\/Block Making Machine in China\",\"description\":\"Block Machine Manufacturer - Kimberly Machinery\",\"publisher\":{\"@id\":\"https:\/\/www.kblmachinery.com\/#organization\"},\"potentialAction\":[{\"@type\":\"SearchAction\",\"target\":{\"@type\":\"EntryPoint\",\"urlTemplate\":\"https:\/\/www.kblmachinery.com\/?s={search_term_string}\"},\"query-input\":{\"@type\":\"PropertyValueSpecification\",\"valueRequired\":true,\"valueName\":\"search_term_string\"}}],\"inLanguage\":\"pt-PT\"},{\"@type\":\"Organization\",\"@id\":\"https:\/\/www.kblmachinery.com\/#organization\",\"name\":\"Quanzhou Kimberly Machinery Manufacturing Co. Ltd\",\"url\":\"https:\/\/www.kblmachinery.com\/\",\"logo\":{\"@type\":\"ImageObject\",\"inLanguage\":\"pt-PT\",\"@id\":\"https:\/\/www.kblmachinery.com\/#\/schema\/logo\/image\/\",\"url\":\"https:\/\/www.kblmachinery.com\/wp-content\/uploads\/2025\/11\/cropped-logo-1-1.png\",\"contentUrl\":\"https:\/\/www.kblmachinery.com\/wp-content\/uploads\/2025\/11\/cropped-logo-1-1.png\",\"width\":123,\"height\":136,\"caption\":\"Quanzhou Kimberly Machinery Manufacturing Co. Ltd\"},\"image\":{\"@id\":\"https:\/\/www.kblmachinery.com\/#\/schema\/logo\/image\/\"},\"sameAs\":[\"https:\/\/www.facebook.com\/KimberlyMachinery\"]}]}<\/script>\n<!-- \/ Yoast SEO plugin. -->","yoast_head_json":{"title":"Grass Stone & Road Paver Moulds | Kimberly Machinery","description":"Durable grass\u2011stone and road\u2011paver moulds for parks, pavements and landscaping \u2014 customizable, high\u2011precision and ideal for permeable & eco\u2011friendly block production.","robots":{"index":"index","follow":"follow","max-snippet":"max-snippet:-1","max-image-preview":"max-image-preview:large","max-video-preview":"max-video-preview:-1"},"canonical":"https:\/\/www.kblmachinery.com\/pt\/grass-stone-mold-road-paver-mould-for-park\/","og_locale":"pt_PT","og_type":"article","og_title":"Grass Stone & Road Paver Moulds | Kimberly Machinery","og_description":"Durable grass\u2011stone and road\u2011paver moulds for parks, pavements and landscaping \u2014 customizable, high\u2011precision and ideal for permeable & eco\u2011friendly block production.","og_url":"https:\/\/www.kblmachinery.com\/pt\/grass-stone-mold-road-paver-mould-for-park\/","og_site_name":"Kimberly Machinery","article_publisher":"https:\/\/www.facebook.com\/KimberlyMachinery","article_modified_time":"2025-11-28T07:18:33+00:00","og_image":[{"width":805,"height":805,"url":"https:\/\/www.kblmachinery.com\/wp-content\/uploads\/2025\/11\/Grass-Stone-Mold-Road-Paver-Mould-for-Park.webp","type":"image\/webp"}],"twitter_card":"summary_large_image","twitter_misc":{"Tempo estimado de leitura":"2 minutos"},"schema":{"@context":"https:\/\/schema.org","@graph":[{"@type":"WebPage","@id":"https:\/\/www.kblmachinery.com\/grass-stone-mold-road-paver-mould-for-park\/","url":"https:\/\/www.kblmachinery.com\/grass-stone-mold-road-paver-mould-for-park\/","name":"Grass Stone & Road Paver Moulds | Kimberly Machinery","isPartOf":{"@id":"https:\/\/www.kblmachinery.com\/#website"},"primaryImageOfPage":{"@id":"https:\/\/www.kblmachinery.com\/grass-stone-mold-road-paver-mould-for-park\/#primaryimage"},"image":{"@id":"https:\/\/www.kblmachinery.com\/grass-stone-mold-road-paver-mould-for-park\/#primaryimage"},"thumbnailUrl":"https:\/\/www.kblmachinery.com\/wp-content\/uploads\/2025\/11\/Grass-Stone-Mold-Road-Paver-Mould-for-Park.webp","datePublished":"2024-08-17T06:35:00+00:00","dateModified":"2025-11-28T07:18:33+00:00","description":"Durable grass\u2011stone and road\u2011paver moulds for parks, pavements and landscaping \u2014 customizable, high\u2011precision and ideal for permeable & eco\u2011friendly block production.","breadcrumb":{"@id":"https:\/\/www.kblmachinery.com\/grass-stone-mold-road-paver-mould-for-park\/#breadcrumb"},"inLanguage":"pt-PT","potentialAction":[{"@type":"ReadAction","target":["https:\/\/www.kblmachinery.com\/grass-stone-mold-road-paver-mould-for-park\/"]}]},{"@type":"ImageObject","inLanguage":"pt-PT","@id":"https:\/\/www.kblmachinery.com\/grass-stone-mold-road-paver-mould-for-park\/#primaryimage","url":"https:\/\/www.kblmachinery.com\/wp-content\/uploads\/2025\/11\/Grass-Stone-Mold-Road-Paver-Mould-for-Park.webp","contentUrl":"https:\/\/www.kblmachinery.com\/wp-content\/uploads\/2025\/11\/Grass-Stone-Mold-Road-Paver-Mould-for-Park.webp","width":805,"height":805,"caption":"Grass Stone Mold Road Paver Mould for Park"},{"@type":"BreadcrumbList","@id":"https:\/\/www.kblmachinery.com\/grass-stone-mold-road-paver-mould-for-park\/#breadcrumb","itemListElement":[{"@type":"ListItem","position":1,"name":"Home","item":"https:\/\/www.kblmachinery.com\/"},{"@type":"ListItem","position":2,"name":"Grass Stone Mold Road Paver Mould for Park"}]},{"@type":"WebSite","@id":"https:\/\/www.kblmachinery.com\/#website","url":"https:\/\/www.kblmachinery.com\/","name":"Professional Brick\/Block Making Machine in China","description":"Block Machine Manufacturer - Kimberly Machinery","publisher":{"@id":"https:\/\/www.kblmachinery.com\/#organization"},"potentialAction":[{"@type":"SearchAction","target":{"@type":"EntryPoint","urlTemplate":"https:\/\/www.kblmachinery.com\/?s={search_term_string}"},"query-input":{"@type":"PropertyValueSpecification","valueRequired":true,"valueName":"search_term_string"}}],"inLanguage":"pt-PT"},{"@type":"Organization","@id":"https:\/\/www.kblmachinery.com\/#organization","name":"Quanzhou Kimberly Machinery Manufacturing Co. Ltd","url":"https:\/\/www.kblmachinery.com\/","logo":{"@type":"ImageObject","inLanguage":"pt-PT","@id":"https:\/\/www.kblmachinery.com\/#\/schema\/logo\/image\/","url":"https:\/\/www.kblmachinery.com\/wp-content\/uploads\/2025\/11\/cropped-logo-1-1.png","contentUrl":"https:\/\/www.kblmachinery.com\/wp-content\/uploads\/2025\/11\/cropped-logo-1-1.png","width":123,"height":136,"caption":"Quanzhou Kimberly Machinery Manufacturing Co. Ltd"},"image":{"@id":"https:\/\/www.kblmachinery.com\/#\/schema\/logo\/image\/"},"sameAs":["https:\/\/www.facebook.com\/KimberlyMachinery"]}]}},"_links":{"self":[{"href":"https:\/\/www.kblmachinery.com\/pt\/wp-json\/wp\/v2\/product\/8170","targetHints":{"allow":["GET"]}}],"collection":[{"href":"https:\/\/www.kblmachinery.com\/pt\/wp-json\/wp\/v2\/product"}],"about":[{"href":"https:\/\/www.kblmachinery.com\/pt\/wp-json\/wp\/v2\/types\/product"}],"wp:featuredmedia":[{"embeddable":true,"href":"https:\/\/www.kblmachinery.com\/pt\/wp-json\/wp\/v2\/media\/8171"}],"wp:attachment":[{"href":"https:\/\/www.kblmachinery.com\/pt\/wp-json\/wp\/v2\/media?parent=8170"}],"wp:term":[{"taxonomy":"product_brand","embeddable":true,"href":"https:\/\/www.kblmachinery.com\/pt\/wp-json\/wp\/v2\/product_brand?post=8170"},{"taxonomy":"product_cat","embeddable":true,"href":"https:\/\/www.kblmachinery.com\/pt\/wp-json\/wp\/v2\/product_cat?post=8170"},{"taxonomy":"product_tag","embeddable":true,"href":"https:\/\/www.kblmachinery.com\/pt\/wp-json\/wp\/v2\/product_tag?post=8170"}],"curies":[{"name":"wp","href":"https:\/\/api.w.org\/{rel}","templated":true}]}}