{"id":8176,"date":"2024-08-17T06:30:00","date_gmt":"2024-08-17T06:30:00","guid":{"rendered":"https:\/\/www.kblmachinery.com\/?post_type=product&#038;p=8176"},"modified":"2025-11-27T06:02:19","modified_gmt":"2025-11-27T06:02:19","slug":"pavingstone-mold-ceiling-block-mould-many-types-of-blocks-can-be-customized","status":"publish","type":"product","link":"https:\/\/www.kblmachinery.com\/pt\/pavingstone-mold-ceiling-block-mould-many-types-of-blocks-can-be-customized\/","title":{"rendered":"Molde de pedra para pavimenta\u00e7\u00e3o Molde de bloco para teto Muitos tipos de blocos podem ser personalizados"},"content":{"rendered":"<h2>Paving Stone Mold, Ceiling Block Molds &#8211; Customizable for Various Block Types<\/h2>\n<p>High-quality, customizable steel molds for paving stones and ceiling blocks, suitable for various concrete block types with precision and durability.<\/p>\n<h2>Technical Specifications of Our Molds<\/h2>\n<table class=\"tg\" style=\"border-collapse: collapse; border-spacing: 0px; height: 184px;\" width=\"100%\">\n<tbody>\n<tr>\n<td style=\"font-family: Arial, sans-serif; font-size: 14px; overflow: hidden; padding: 10px 5px; text-align: left; vertical-align: top; word-break: normal; border: 1px solid black;\">Nome<\/td>\n<td style=\"font-family: Arial, sans-serif; font-size: 14px; overflow: hidden; padding: 10px 5px; text-align: left; vertical-align: top; word-break: normal; border: 1px solid black;\">molde de pedra de pavimenta\u00e7\u00e3o<\/td>\n<td style=\"font-family: Arial, sans-serif; font-size: 14px; overflow: hidden; padding: 10px 5px; text-align: left; vertical-align: top; word-break: normal; border: 1px solid black;\">Tratamento t\u00e9rmico<\/td>\n<td style=\"font-family: Arial, sans-serif; font-size: 14px; overflow: hidden; padding: 10px 5px; text-align: left; vertical-align: top; word-break: normal; border: 1px solid black;\">Carbonitreta\u00e7\u00e3o 900-950<span style=\"color: #555;\">\u00b0<\/span>C<\/td>\n<\/tr>\n<tr>\n<td style=\"font-family: Arial, sans-serif; font-size: 14px; overflow: hidden; padding: 10px 5px; text-align: left; vertical-align: top; word-break: normal; border: 1px solid black;\">mat\u00e9ria-prima<\/td>\n<td style=\"font-family: Arial, sans-serif; font-size: 14px; overflow: hidden; padding: 10px 5px; text-align: left; vertical-align: top; word-break: normal; border: 1px solid black;\">a\u00e7o especial resistente ao desgaste<\/td>\n<td style=\"font-family: Arial, sans-serif; font-size: 14px; overflow: hidden; padding: 10px 5px; text-align: left; vertical-align: top; word-break: normal; border: 1px solid black;\">Dureza<\/td>\n<td style=\"font-family: Arial, sans-serif; font-size: 14px; overflow: hidden; padding: 10px 5px; text-align: left; vertical-align: top; word-break: normal; border: 1px solid black;\">60-65HRC<\/td>\n<\/tr>\n<tr>\n<td style=\"font-family: Arial, sans-serif; font-size: 14px; overflow: hidden; padding: 10px 5px; text-align: left; vertical-align: top; word-break: normal; border: 1px solid black;\">Tipo de bloco<\/td>\n<td style=\"font-family: Arial, sans-serif; font-size: 14px; overflow: hidden; padding: 10px 5px; text-align: left; vertical-align: top; word-break: normal; border: 1px solid black;\">Bloco oco, bloco entrela\u00e7ado, bloco de pavimenta\u00e7\u00e3o, pedra de cal\u00e7ada, todos podem ser personalizados<\/td>\n<td style=\"font-family: Arial, sans-serif; font-size: 14px; overflow: hidden; padding: 10px 5px; text-align: left; vertical-align: top; word-break: normal; border: 1px solid black;\">C\u00f3digo SH<\/td>\n<td style=\"font-family: Arial, sans-serif; font-size: 14px; overflow: hidden; padding: 10px 5px; text-align: left; vertical-align: top; word-break: normal; border: 1px solid black;\">848060<\/td>\n<\/tr>\n<tr>\n<td style=\"font-family: Arial, sans-serif; font-size: 14px; overflow: hidden; padding: 10px 5px; text-align: left; vertical-align: top; word-break: normal; border: 1px solid black;\">tempo de vida<\/td>\n<td style=\"font-family: Arial, sans-serif; font-size: 14px; overflow: hidden; padding: 10px 5px; text-align: left; vertical-align: top; word-break: normal; border: 1px solid black;\">100000-120000 vezes<\/td>\n<td style=\"font-family: Arial, sans-serif; font-size: 14px; overflow: hidden; padding: 10px 5px; text-align: left; vertical-align: top; word-break: normal; border: 1px solid black;\">Embalagem<\/td>\n<td style=\"font-family: Arial, sans-serif; font-size: 14px; overflow: hidden; padding: 10px 5px; text-align: left; vertical-align: top; word-break: normal; border: 1px solid black;\">Madeira + pel\u00edcula pl\u00e1stica<\/td>\n<\/tr>\n<\/tbody>\n<\/table>\n<h2><img loading=\"lazy\" decoding=\"async\" class=\"alignnone  wp-image-8235\" src=\"https:\/\/www.kblmachinery.com\/wp-content\/uploads\/2025\/11\/All-kinds-of-concrete-block-molding-paving-mould-block-mold-for-sale-3.webp\" alt=\"All kinds of concrete block molding paving mould block mold for sale (2)\" width=\"528\" height=\"528\" srcset=\"https:\/\/www.kblmachinery.com\/wp-content\/uploads\/2025\/11\/All-kinds-of-concrete-block-molding-paving-mould-block-mold-for-sale-3.webp 800w, https:\/\/www.kblmachinery.com\/wp-content\/uploads\/2025\/11\/All-kinds-of-concrete-block-molding-paving-mould-block-mold-for-sale-3-100x100.webp 100w, https:\/\/www.kblmachinery.com\/wp-content\/uploads\/2025\/11\/All-kinds-of-concrete-block-molding-paving-mould-block-mold-for-sale-3-600x600.webp 600w\" sizes=\"auto, (max-width: 528px) 100vw, 528px\" \/> <img loading=\"lazy\" decoding=\"async\" class=\"alignnone  wp-image-8234\" src=\"https:\/\/www.kblmachinery.com\/wp-content\/uploads\/2025\/11\/All-kinds-of-concrete-block-molding-paving-mould-block-mold-for-sale-2.webp\" alt=\"All kinds of concrete block molding paving mould block mold for sale (2)\" width=\"529\" height=\"529\" srcset=\"https:\/\/www.kblmachinery.com\/wp-content\/uploads\/2025\/11\/All-kinds-of-concrete-block-molding-paving-mould-block-mold-for-sale-2.webp 800w, https:\/\/www.kblmachinery.com\/wp-content\/uploads\/2025\/11\/All-kinds-of-concrete-block-molding-paving-mould-block-mold-for-sale-2-100x100.webp 100w, https:\/\/www.kblmachinery.com\/wp-content\/uploads\/2025\/11\/All-kinds-of-concrete-block-molding-paving-mould-block-mold-for-sale-2-600x600.webp 600w\" sizes=\"auto, (max-width: 529px) 100vw, 529px\" \/><\/h2>\n<h2><\/h2>\n<h2>FAQ:<\/h2>\n<h3 data-start=\"45\" data-end=\"81\">How Can I Get a Quotation?<\/h3>\n<ol data-start=\"82\" data-end=\"512\">\n<li data-start=\"82\" data-end=\"186\">\n<p data-start=\"85\" data-end=\"186\">With Detailed Drawings: Send us your block drawings, and we will provide a quote based on them.<\/p>\n<\/li>\n<li data-start=\"187\" data-end=\"326\">\n<p data-start=\"190\" data-end=\"326\">Without Drawings: Tell us the block type (hollow or solid) and provide a photo with dimensions (length \u00d7 width \u00d7 thickness in mm).<\/p>\n<\/li>\n<li data-start=\"327\" data-end=\"512\">\n<p data-start=\"330\" data-end=\"512\">Additional Information: Share your pallet size, tamper head size, mold height, and explain how your mold connects to your machine. Connection drawings are helpful if available.<\/p>\n<\/li>\n<\/ol>\n<p data-start=\"514\" data-end=\"602\">Assim que recebermos as suas informa\u00e7\u00f5es, prepararemos um or\u00e7amento o mais rapidamente poss\u00edvel.<\/p>\n<h3 data-start=\"609\" data-end=\"645\">What Is the Delivery Time?<\/h3>\n<ul data-start=\"646\" data-end=\"759\">\n<li data-start=\"646\" data-end=\"702\">\n<p data-start=\"648\" data-end=\"702\">Moldes padr\u00e3o: 20-25 dias \u00fateis ap\u00f3s o dep\u00f3sito<\/p>\n<\/li>\n<li data-start=\"703\" data-end=\"759\">\n<p data-start=\"705\" data-end=\"759\">Moldes de alta qualidade: 30-40 dias \u00fateis ap\u00f3s o dep\u00f3sito<\/p>\n<\/li>\n<\/ul>\n<h3 data-start=\"766\" data-end=\"813\">How Is the Transport Packing Handled?<\/h3>\n<p data-start=\"814\" data-end=\"929\">We use wooden crates with plastic film by default, or can customize packaging according to your requirements.<\/p>\n<h3 data-start=\"936\" data-end=\"990\">Will the Mold Be Compatible with My Machine?<\/h3>\n<p data-start=\"991\" data-end=\"1122\">We manufacture molds for various block machine brands and maintain detailed records, so some molds may already suit your machine.<\/p>\n<ul data-start=\"1124\" data-end=\"1333\">\n<li data-start=\"1124\" data-end=\"1250\">\n<p data-start=\"1126\" data-end=\"1250\">If needed, you can invite an engineer to take measurements, or we can guide you to send photos and measurements digitally.<\/p>\n<\/li>\n<li data-start=\"1251\" data-end=\"1333\">\n<p data-start=\"1253\" data-end=\"1333\">After confirming sizing, the mold we send will fit your machine perfectly.<\/p>\n<\/li>\n<\/ul>\n<h3 data-start=\"1340\" data-end=\"1372\">How Can I Contact You?<\/h3>\n<p data-start=\"1373\" data-end=\"1444\">Reach us via WeChat or WhatsApp: +86-1330506196 | +86-18960287187<\/p>\n<p data-start=\"1446\" data-end=\"1481\">Estamos ansiosos por o ajudar!<\/p>\n<p><iframe loading=\"lazy\" title=\"V\u00eddeo de trabalho das cofragens\" src=\"https:\/\/www.youtube.com\/embed\/czhs2wYoLZg\" width=\"556\" height=\"310\" frameborder=\"0\" allowfullscreen=\"allowfullscreen\"><\/iframe><\/p>\n<h2>Sobre a Kimberly Machinery<\/h2>\n<p>A nossa f\u00e1brica foi fundada em 1990, com quase 30 anos de experi\u00eancia de fabrico. N\u00e3o s\u00f3 para o mercado nacional, mas tamb\u00e9m para o estrangeiro, temos vindo a exportar desde 2008.<\/p>\n<p>Nestes anos, temos vindo a fornecer um grande n\u00famero de moldes para m\u00e1quinas de blocos de diferentes marcas nos mercados interno e externo, incluindo MASA, HESS, ZENITH, etc., marcas topo de gama com uma capacidade de produ\u00e7\u00e3o m\u00e9dia de cerca de 1.000 conjuntos por ano. H\u00e1 blocos ocos, tijolos porosos, tijolos maci\u00e7os, telhas de estrada, tijolos de prote\u00e7\u00e3o de encostas de rios, tijolos quadrados, tijolos de cais, tijolos de isolamento t\u00e9rmico, tijolos de planta\u00e7\u00e3o de relva, etc. Os moldes de blocos podem ser feitos. Os moldes de tijolos de forma especial podem ser personalizados de acordo com as necessidades do comprador.<\/p>\n<p>A nossa empresa \u00e9 uma empresa que integra I &amp; D, fabrico, produ\u00e7\u00e3o e vendas. O material do molde pode ser Q345 ou material importado de alta qualidade de It\u00e1lia. O tempo de ciclo pode ser de 80000 vezes ou 120000 vezes \u00e0 escolha. A nossa tecnologia de corte de forro CNC pode efetivamente cumprir os requisitos de precis\u00e3o dos moldes. Ap\u00f3s a cementa\u00e7\u00e3o a v\u00e1cuo, a dureza pode atingir 62 graus, o que aumenta consideravelmente a resist\u00eancia ao desgaste do molde.<\/p>\n<p>Assim, com base na tecnologia de produ\u00e7\u00e3o avan\u00e7ada, excelente artesanato, qualidade confi\u00e1vel, pre\u00e7o razo\u00e1vel, o nosso molde tem sido apoiado e favorecido pelos clientes em casa e no exterior nestes anos.<\/p>","protected":false},"excerpt":{"rendered":"<p>Pavers are fully customizable in format, surface texture, installation pattern, and coloring. They also meet the highest standards for loading capacity, slip resistance, noise mitigation, and water infiltration.<\/p>\n<table class=\"tg\" style=\"border-collapse: collapse; border-spacing: 0;\">\n<tbody>\n<tr>\n<td style=\"font-family: Arial, sans-serif; font-size: 14px; overflow: hidden; padding: 10px 5px; text-align: left; vertical-align: top; word-break: normal; border: 1px solid black;\">Encomenda (MOQ) :<\/td>\n<td style=\"font-family: Arial, sans-serif; font-size: 14px; overflow: hidden; padding: 10px 5px; text-align: left; vertical-align: top; word-break: normal; border: 1px solid black;\">1 Conjunto<\/td>\n<\/tr>\n<tr>\n<td style=\"font-family: Arial, sans-serif; font-size: 14px; overflow: hidden; padding: 10px 5px; text-align: left; vertical-align: top; word-break: normal; border: 1px solid black;\">Pagamento :<\/td>\n<td style=\"font-family: Arial, sans-serif; font-size: 14px; overflow: hidden; padding: 10px 5px; text-align: left; vertical-align: top; word-break: normal; border: 1px solid black;\">Pagamento T\/T 100% antes da expedi\u00e7\u00e3o ou 100% por L\/C confirmada e irrevog\u00e1vel \u00e0 vista.<\/td>\n<\/tr>\n<tr>\n<td style=\"font-family: Arial, sans-serif; font-size: 14px; overflow: hidden; padding: 10px 5px; text-align: left; vertical-align: top; word-break: normal; border: 1px solid black;\">Origem do produto :<\/td>\n<td style=\"font-family: Arial, sans-serif; font-size: 14px; overflow: hidden; padding: 10px 5px; text-align: left; vertical-align: top; word-break: normal; border: 1px solid black;\">Quanzhou Fujian<\/td>\n<\/tr>\n<tr>\n<td style=\"font-family: Arial, sans-serif; font-size: 14px; overflow: hidden; padding: 10px 5px; text-align: left; vertical-align: top; word-break: normal; border: 1px solid black;\">Cor :<\/td>\n<td style=\"font-family: Arial, sans-serif; font-size: 14px; overflow: hidden; padding: 10px 5px; text-align: left; vertical-align: top; word-break: normal; border: 1px solid black;\">adaptar-se \u00e0 procura<\/td>\n<\/tr>\n<tr>\n<td style=\"font-family: Arial, sans-serif; font-size: 14px; overflow: hidden; padding: 10px 5px; text-align: left; vertical-align: top; word-break: normal; border: 1px solid black;\">Porto de embarque :<\/td>\n<td style=\"font-family: Arial, sans-serif; font-size: 14px; overflow: hidden; padding: 10px 5px; text-align: left; vertical-align: top; word-break: normal; border: 1px solid black;\">Xiamen<\/td>\n<\/tr>\n<tr>\n<td style=\"font-family: Arial, sans-serif; font-size: 14px; overflow: hidden; padding: 10px 5px; text-align: left; vertical-align: top; word-break: normal; border: 1px solid black;\">Prazo de entrega :<\/td>\n<td style=\"font-family: Arial, sans-serif; font-size: 14px; overflow: hidden; padding: 10px 5px; text-align: left; vertical-align: top; word-break: normal; border: 1px solid black;\">20-25 dias<\/td>\n<\/tr>\n<\/tbody>\n<\/table>\n<p>&nbsp;<\/p>","protected":false},"featured_media":8177,"template":"","meta":[],"product_brand":[],"product_cat":[758,763],"product_tag":[],"class_list":{"0":"post-8176","1":"product","2":"type-product","3":"status-publish","4":"has-post-thumbnail","6":"product_cat-block-moulds","7":"product_cat-paving-stone-mould","9":"first","10":"instock","11":"shipping-taxable","12":"product-type-simple"},"yoast_head":"<!-- This site is optimized with the Yoast SEO plugin v24.4 - https:\/\/yoast.com\/wordpress\/plugins\/seo\/ -->\n<title>Paving Stone Mold Ceiling Block Mould Many Types of Blocks can be Customized - Kimberly Machinery<\/title>\n<meta name=\"description\" content=\"china Paving Stone Mold Ceiling Block Mould Many Types of Blocks can be Customized manufacturer provides auto concrete block machines, hydraulic press series block machines, concrete mixer, batching machine with wholesale price.\" \/>\n<meta name=\"robots\" content=\"index, follow, max-snippet:-1, max-image-preview:large, max-video-preview:-1\" \/>\n<link rel=\"canonical\" href=\"https:\/\/www.kblmachinery.com\/pt\/pavingstone-mold-ceiling-block-mould-many-types-of-blocks-can-be-customized\/\" \/>\n<meta property=\"og:locale\" content=\"pt_PT\" \/>\n<meta property=\"og:type\" content=\"article\" \/>\n<meta property=\"og:title\" content=\"Paving Stone Mold Ceiling Block Mould Many Types of Blocks can be Customized - Kimberly Machinery\" \/>\n<meta property=\"og:description\" content=\"china Paving Stone Mold Ceiling Block Mould Many Types of Blocks can be Customized manufacturer provides auto concrete block machines, hydraulic press series block machines, concrete mixer, batching machine with wholesale price.\" \/>\n<meta property=\"og:url\" content=\"https:\/\/www.kblmachinery.com\/pt\/pavingstone-mold-ceiling-block-mould-many-types-of-blocks-can-be-customized\/\" \/>\n<meta property=\"og:site_name\" content=\"Kimberly Machinery\" \/>\n<meta property=\"article:publisher\" content=\"https:\/\/www.facebook.com\/KimberlyMachinery\" \/>\n<meta property=\"article:modified_time\" content=\"2025-11-27T06:02:19+00:00\" \/>\n<meta property=\"og:image\" content=\"https:\/\/www.kblmachinery.com\/wp-content\/uploads\/2025\/11\/Pavingstone-Mold-Ceiling-Block-Mould-Many-Types-of-Blocks-can-be-Customized-1.webp\" \/>\n\t<meta property=\"og:image:width\" content=\"805\" \/>\n\t<meta property=\"og:image:height\" content=\"805\" \/>\n\t<meta property=\"og:image:type\" content=\"image\/webp\" \/>\n<meta name=\"twitter:card\" content=\"summary_large_image\" \/>\n<meta name=\"twitter:label1\" content=\"Tempo estimado de leitura\" \/>\n\t<meta name=\"twitter:data1\" content=\"3 minutos\" \/>\n<script type=\"application\/ld+json\" class=\"yoast-schema-graph\">{\"@context\":\"https:\/\/schema.org\",\"@graph\":[{\"@type\":\"WebPage\",\"@id\":\"https:\/\/www.kblmachinery.com\/pavingstone-mold-ceiling-block-mould-many-types-of-blocks-can-be-customized\/\",\"url\":\"https:\/\/www.kblmachinery.com\/pavingstone-mold-ceiling-block-mould-many-types-of-blocks-can-be-customized\/\",\"name\":\"Paving Stone Mold Ceiling Block Mould Many Types of Blocks can be Customized - Kimberly Machinery\",\"isPartOf\":{\"@id\":\"https:\/\/www.kblmachinery.com\/#website\"},\"primaryImageOfPage\":{\"@id\":\"https:\/\/www.kblmachinery.com\/pavingstone-mold-ceiling-block-mould-many-types-of-blocks-can-be-customized\/#primaryimage\"},\"image\":{\"@id\":\"https:\/\/www.kblmachinery.com\/pavingstone-mold-ceiling-block-mould-many-types-of-blocks-can-be-customized\/#primaryimage\"},\"thumbnailUrl\":\"https:\/\/www.kblmachinery.com\/wp-content\/uploads\/2025\/11\/Pavingstone-Mold-Ceiling-Block-Mould-Many-Types-of-Blocks-can-be-Customized-1.webp\",\"datePublished\":\"2024-08-17T06:30:00+00:00\",\"dateModified\":\"2025-11-27T06:02:19+00:00\",\"description\":\"china Paving Stone Mold Ceiling Block Mould Many Types of Blocks can be Customized manufacturer provides auto concrete block machines, hydraulic press series block machines, concrete mixer, batching machine with wholesale price.\",\"breadcrumb\":{\"@id\":\"https:\/\/www.kblmachinery.com\/pavingstone-mold-ceiling-block-mould-many-types-of-blocks-can-be-customized\/#breadcrumb\"},\"inLanguage\":\"pt-PT\",\"potentialAction\":[{\"@type\":\"ReadAction\",\"target\":[\"https:\/\/www.kblmachinery.com\/pavingstone-mold-ceiling-block-mould-many-types-of-blocks-can-be-customized\/\"]}]},{\"@type\":\"ImageObject\",\"inLanguage\":\"pt-PT\",\"@id\":\"https:\/\/www.kblmachinery.com\/pavingstone-mold-ceiling-block-mould-many-types-of-blocks-can-be-customized\/#primaryimage\",\"url\":\"https:\/\/www.kblmachinery.com\/wp-content\/uploads\/2025\/11\/Pavingstone-Mold-Ceiling-Block-Mould-Many-Types-of-Blocks-can-be-Customized-1.webp\",\"contentUrl\":\"https:\/\/www.kblmachinery.com\/wp-content\/uploads\/2025\/11\/Pavingstone-Mold-Ceiling-Block-Mould-Many-Types-of-Blocks-can-be-Customized-1.webp\",\"width\":805,\"height\":805,\"caption\":\"Pavingstone Mold Ceiling Block Mould Many Types of Blocks can be Customized\"},{\"@type\":\"BreadcrumbList\",\"@id\":\"https:\/\/www.kblmachinery.com\/pavingstone-mold-ceiling-block-mould-many-types-of-blocks-can-be-customized\/#breadcrumb\",\"itemListElement\":[{\"@type\":\"ListItem\",\"position\":1,\"name\":\"Home\",\"item\":\"https:\/\/www.kblmachinery.com\/\"},{\"@type\":\"ListItem\",\"position\":2,\"name\":\"Paving Stone Mold Ceiling Block Mould Many Types of Blocks can be Customized\"}]},{\"@type\":\"WebSite\",\"@id\":\"https:\/\/www.kblmachinery.com\/#website\",\"url\":\"https:\/\/www.kblmachinery.com\/\",\"name\":\"Professional Brick\/Block Making Machine in China\",\"description\":\"Block Machine Manufacturer - Kimberly Machinery\",\"publisher\":{\"@id\":\"https:\/\/www.kblmachinery.com\/#organization\"},\"potentialAction\":[{\"@type\":\"SearchAction\",\"target\":{\"@type\":\"EntryPoint\",\"urlTemplate\":\"https:\/\/www.kblmachinery.com\/?s={search_term_string}\"},\"query-input\":{\"@type\":\"PropertyValueSpecification\",\"valueRequired\":true,\"valueName\":\"search_term_string\"}}],\"inLanguage\":\"pt-PT\"},{\"@type\":\"Organization\",\"@id\":\"https:\/\/www.kblmachinery.com\/#organization\",\"name\":\"Quanzhou Kimberly Machinery Manufacturing Co. Ltd\",\"url\":\"https:\/\/www.kblmachinery.com\/\",\"logo\":{\"@type\":\"ImageObject\",\"inLanguage\":\"pt-PT\",\"@id\":\"https:\/\/www.kblmachinery.com\/#\/schema\/logo\/image\/\",\"url\":\"https:\/\/www.kblmachinery.com\/wp-content\/uploads\/2025\/11\/cropped-logo-1-1.png\",\"contentUrl\":\"https:\/\/www.kblmachinery.com\/wp-content\/uploads\/2025\/11\/cropped-logo-1-1.png\",\"width\":123,\"height\":136,\"caption\":\"Quanzhou Kimberly Machinery Manufacturing Co. Ltd\"},\"image\":{\"@id\":\"https:\/\/www.kblmachinery.com\/#\/schema\/logo\/image\/\"},\"sameAs\":[\"https:\/\/www.facebook.com\/KimberlyMachinery\"]}]}<\/script>\n<!-- \/ Yoast SEO plugin. -->","yoast_head_json":{"title":"Paving Stone Mold Ceiling Block Mould Many Types of Blocks can be Customized - Kimberly Machinery","description":"china Paving Stone Mold Ceiling Block Mould Many Types of Blocks can be Customized manufacturer provides auto concrete block machines, hydraulic press series block machines, concrete mixer, batching machine with wholesale price.","robots":{"index":"index","follow":"follow","max-snippet":"max-snippet:-1","max-image-preview":"max-image-preview:large","max-video-preview":"max-video-preview:-1"},"canonical":"https:\/\/www.kblmachinery.com\/pt\/pavingstone-mold-ceiling-block-mould-many-types-of-blocks-can-be-customized\/","og_locale":"pt_PT","og_type":"article","og_title":"Paving Stone Mold Ceiling Block Mould Many Types of Blocks can be Customized - Kimberly Machinery","og_description":"china Paving Stone Mold Ceiling Block Mould Many Types of Blocks can be Customized manufacturer provides auto concrete block machines, hydraulic press series block machines, concrete mixer, batching machine with wholesale price.","og_url":"https:\/\/www.kblmachinery.com\/pt\/pavingstone-mold-ceiling-block-mould-many-types-of-blocks-can-be-customized\/","og_site_name":"Kimberly Machinery","article_publisher":"https:\/\/www.facebook.com\/KimberlyMachinery","article_modified_time":"2025-11-27T06:02:19+00:00","og_image":[{"width":805,"height":805,"url":"https:\/\/www.kblmachinery.com\/wp-content\/uploads\/2025\/11\/Pavingstone-Mold-Ceiling-Block-Mould-Many-Types-of-Blocks-can-be-Customized-1.webp","type":"image\/webp"}],"twitter_card":"summary_large_image","twitter_misc":{"Tempo estimado de leitura":"3 minutos"},"schema":{"@context":"https:\/\/schema.org","@graph":[{"@type":"WebPage","@id":"https:\/\/www.kblmachinery.com\/pavingstone-mold-ceiling-block-mould-many-types-of-blocks-can-be-customized\/","url":"https:\/\/www.kblmachinery.com\/pavingstone-mold-ceiling-block-mould-many-types-of-blocks-can-be-customized\/","name":"Paving Stone Mold Ceiling Block Mould Many Types of Blocks can be Customized - Kimberly Machinery","isPartOf":{"@id":"https:\/\/www.kblmachinery.com\/#website"},"primaryImageOfPage":{"@id":"https:\/\/www.kblmachinery.com\/pavingstone-mold-ceiling-block-mould-many-types-of-blocks-can-be-customized\/#primaryimage"},"image":{"@id":"https:\/\/www.kblmachinery.com\/pavingstone-mold-ceiling-block-mould-many-types-of-blocks-can-be-customized\/#primaryimage"},"thumbnailUrl":"https:\/\/www.kblmachinery.com\/wp-content\/uploads\/2025\/11\/Pavingstone-Mold-Ceiling-Block-Mould-Many-Types-of-Blocks-can-be-Customized-1.webp","datePublished":"2024-08-17T06:30:00+00:00","dateModified":"2025-11-27T06:02:19+00:00","description":"china Paving Stone Mold Ceiling Block Mould Many Types of Blocks can be Customized manufacturer provides auto concrete block machines, hydraulic press series block machines, concrete mixer, batching machine with wholesale price.","breadcrumb":{"@id":"https:\/\/www.kblmachinery.com\/pavingstone-mold-ceiling-block-mould-many-types-of-blocks-can-be-customized\/#breadcrumb"},"inLanguage":"pt-PT","potentialAction":[{"@type":"ReadAction","target":["https:\/\/www.kblmachinery.com\/pavingstone-mold-ceiling-block-mould-many-types-of-blocks-can-be-customized\/"]}]},{"@type":"ImageObject","inLanguage":"pt-PT","@id":"https:\/\/www.kblmachinery.com\/pavingstone-mold-ceiling-block-mould-many-types-of-blocks-can-be-customized\/#primaryimage","url":"https:\/\/www.kblmachinery.com\/wp-content\/uploads\/2025\/11\/Pavingstone-Mold-Ceiling-Block-Mould-Many-Types-of-Blocks-can-be-Customized-1.webp","contentUrl":"https:\/\/www.kblmachinery.com\/wp-content\/uploads\/2025\/11\/Pavingstone-Mold-Ceiling-Block-Mould-Many-Types-of-Blocks-can-be-Customized-1.webp","width":805,"height":805,"caption":"Pavingstone Mold Ceiling Block Mould Many Types of Blocks can be Customized"},{"@type":"BreadcrumbList","@id":"https:\/\/www.kblmachinery.com\/pavingstone-mold-ceiling-block-mould-many-types-of-blocks-can-be-customized\/#breadcrumb","itemListElement":[{"@type":"ListItem","position":1,"name":"Home","item":"https:\/\/www.kblmachinery.com\/"},{"@type":"ListItem","position":2,"name":"Paving Stone Mold Ceiling Block Mould Many Types of Blocks can be Customized"}]},{"@type":"WebSite","@id":"https:\/\/www.kblmachinery.com\/#website","url":"https:\/\/www.kblmachinery.com\/","name":"Professional Brick\/Block Making Machine in China","description":"Block Machine Manufacturer - Kimberly Machinery","publisher":{"@id":"https:\/\/www.kblmachinery.com\/#organization"},"potentialAction":[{"@type":"SearchAction","target":{"@type":"EntryPoint","urlTemplate":"https:\/\/www.kblmachinery.com\/?s={search_term_string}"},"query-input":{"@type":"PropertyValueSpecification","valueRequired":true,"valueName":"search_term_string"}}],"inLanguage":"pt-PT"},{"@type":"Organization","@id":"https:\/\/www.kblmachinery.com\/#organization","name":"Quanzhou Kimberly Machinery Manufacturing Co. Ltd","url":"https:\/\/www.kblmachinery.com\/","logo":{"@type":"ImageObject","inLanguage":"pt-PT","@id":"https:\/\/www.kblmachinery.com\/#\/schema\/logo\/image\/","url":"https:\/\/www.kblmachinery.com\/wp-content\/uploads\/2025\/11\/cropped-logo-1-1.png","contentUrl":"https:\/\/www.kblmachinery.com\/wp-content\/uploads\/2025\/11\/cropped-logo-1-1.png","width":123,"height":136,"caption":"Quanzhou Kimberly Machinery Manufacturing Co. Ltd"},"image":{"@id":"https:\/\/www.kblmachinery.com\/#\/schema\/logo\/image\/"},"sameAs":["https:\/\/www.facebook.com\/KimberlyMachinery"]}]}},"_links":{"self":[{"href":"https:\/\/www.kblmachinery.com\/pt\/wp-json\/wp\/v2\/product\/8176","targetHints":{"allow":["GET"]}}],"collection":[{"href":"https:\/\/www.kblmachinery.com\/pt\/wp-json\/wp\/v2\/product"}],"about":[{"href":"https:\/\/www.kblmachinery.com\/pt\/wp-json\/wp\/v2\/types\/product"}],"wp:featuredmedia":[{"embeddable":true,"href":"https:\/\/www.kblmachinery.com\/pt\/wp-json\/wp\/v2\/media\/8177"}],"wp:attachment":[{"href":"https:\/\/www.kblmachinery.com\/pt\/wp-json\/wp\/v2\/media?parent=8176"}],"wp:term":[{"taxonomy":"product_brand","embeddable":true,"href":"https:\/\/www.kblmachinery.com\/pt\/wp-json\/wp\/v2\/product_brand?post=8176"},{"taxonomy":"product_cat","embeddable":true,"href":"https:\/\/www.kblmachinery.com\/pt\/wp-json\/wp\/v2\/product_cat?post=8176"},{"taxonomy":"product_tag","embeddable":true,"href":"https:\/\/www.kblmachinery.com\/pt\/wp-json\/wp\/v2\/product_tag?post=8176"}],"curies":[{"name":"wp","href":"https:\/\/api.w.org\/{rel}","templated":true}]}}