{"id":8200,"date":"2024-08-17T06:20:00","date_gmt":"2024-08-17T06:20:00","guid":{"rendered":"https:\/\/www.kblmachinery.com\/?post_type=product&#038;p=8200"},"modified":"2025-11-28T07:25:45","modified_gmt":"2025-11-28T07:25:45","slug":"masa-hess-interlock-behaton-paver-moulds-behaton-mold","status":"publish","type":"product","link":"https:\/\/www.kblmachinery.com\/pt\/masa-hess-interlock-behaton-paver-moulds-behaton-mold\/","title":{"rendered":"MASA HESS Interlock Behaton Moldes para pavimentadoras Behaton Molde"},"content":{"rendered":"<h2>MASA HESS Moldes para pavimentadoras Behaton Interbloqueadas<\/h2>\n<table class=\"tg\" style=\"border-collapse: collapse; border-spacing: 0px; height: 182px;\" width=\"100%\">\n<tbody>\n<tr>\n<td style=\"font-family: Arial, sans-serif; font-size: 14px; overflow: hidden; padding: 10px 5px; text-align: left; vertical-align: top; word-break: normal; border: 1px solid black;\">Nome<\/td>\n<td style=\"font-family: Arial, sans-serif; font-size: 14px; overflow: hidden; padding: 10px 5px; text-align: left; vertical-align: top; word-break: normal; border: 1px solid black;\">Molde de pavimento Behaton<\/td>\n<td style=\"font-family: Arial, sans-serif; font-size: 14px; overflow: hidden; padding: 10px 5px; text-align: left; vertical-align: top; word-break: normal; border: 1px solid black;\">Tratamento t\u00e9rmico<\/td>\n<td style=\"font-family: Arial, sans-serif; font-size: 14px; overflow: hidden; padding: 10px 5px; text-align: left; vertical-align: top; word-break: normal; border: 1px solid black;\">Carbonitreta\u00e7\u00e3o 900-950<span style=\"color: #555;\">\u00b0<\/span>C<\/td>\n<\/tr>\n<tr>\n<td style=\"font-family: Arial, sans-serif; font-size: 14px; overflow: hidden; padding: 10px 5px; text-align: left; vertical-align: top; word-break: normal; border: 1px solid black;\">mat\u00e9ria-prima<\/td>\n<td style=\"font-family: Arial, sans-serif; font-size: 14px; overflow: hidden; padding: 10px 5px; text-align: left; vertical-align: top; word-break: normal; border: 1px solid black;\">a\u00e7o especial resistente ao desgaste<\/td>\n<td style=\"font-family: Arial, sans-serif; font-size: 14px; overflow: hidden; padding: 10px 5px; text-align: left; vertical-align: top; word-break: normal; border: 1px solid black;\">Dureza<\/td>\n<td style=\"font-family: Arial, sans-serif; font-size: 14px; overflow: hidden; padding: 10px 5px; text-align: left; vertical-align: top; word-break: normal; border: 1px solid black;\">60-65HRC<\/td>\n<\/tr>\n<tr>\n<td style=\"font-family: Arial, sans-serif; font-size: 14px; overflow: hidden; padding: 10px 5px; text-align: left; vertical-align: top; word-break: normal; border: 1px solid black;\">Tipo de bloco<\/td>\n<td style=\"font-family: Arial, sans-serif; font-size: 14px; overflow: hidden; padding: 10px 5px; text-align: left; vertical-align: top; word-break: normal; border: 1px solid black;\">Bloco oco, bloco de interbloqueio, bloco de pavimenta\u00e7\u00e3o, pedra de cal\u00e7ada, todos podem ser personalizados<\/td>\n<td style=\"font-family: Arial, sans-serif; font-size: 14px; overflow: hidden; padding: 10px 5px; text-align: left; vertical-align: top; word-break: normal; border: 1px solid black;\">C\u00f3digo SH<\/td>\n<td style=\"font-family: Arial, sans-serif; font-size: 14px; overflow: hidden; padding: 10px 5px; text-align: left; vertical-align: top; word-break: normal; border: 1px solid black;\">848060<\/td>\n<\/tr>\n<tr>\n<td style=\"font-family: Arial, sans-serif; font-size: 14px; overflow: hidden; padding: 10px 5px; text-align: left; vertical-align: top; word-break: normal; border: 1px solid black;\">tempo de vida<\/td>\n<td style=\"font-family: Arial, sans-serif; font-size: 14px; overflow: hidden; padding: 10px 5px; text-align: left; vertical-align: top; word-break: normal; border: 1px solid black;\">100000-120000 vezes<\/td>\n<td style=\"font-family: Arial, sans-serif; font-size: 14px; overflow: hidden; padding: 10px 5px; text-align: left; vertical-align: top; word-break: normal; border: 1px solid black;\">Embalagem<\/td>\n<td style=\"font-family: Arial, sans-serif; font-size: 14px; overflow: hidden; padding: 10px 5px; text-align: left; vertical-align: top; word-break: normal; border: 1px solid black;\">Madeira + pel\u00edcula pl\u00e1stica<\/td>\n<\/tr>\n<\/tbody>\n<\/table>\n<h2 data-start=\"60\" data-end=\"87\">Carater\u00edsticas do molde<\/h2>\n<h3 data-start=\"89\" data-end=\"123\">Processo de montagem avan\u00e7ado<\/h3>\n<ul data-start=\"124\" data-end=\"829\">\n<li data-start=\"124\" data-end=\"318\">\n<p data-start=\"126\" data-end=\"318\">Fabrico de precis\u00e3o: Utilizamos tecnologia de soldadura avan\u00e7ada e tratamento anti-stress para evitar a deforma\u00e7\u00e3o da cavidade ou do n\u00facleo durante a utiliza\u00e7\u00e3o, garantindo dimens\u00f5es, formas e toler\u00e2ncias exactas.<\/p>\n<\/li>\n<li data-start=\"319\" data-end=\"417\">\n<p data-start=\"321\" data-end=\"417\">Folga do calcador: Mantido a 0,3-0,8 mm para uma compatibilidade perfeita com a sua m\u00e1quina.<\/p>\n<\/li>\n<li data-start=\"418\" data-end=\"523\">\n<p data-start=\"420\" data-end=\"523\">Liga\u00e7\u00f5es duradouras: Parafusos de alta resist\u00eancia com tratamento anti-afrouxamento para fiabilidade a longo prazo.<\/p>\n<\/li>\n<li data-start=\"524\" data-end=\"592\">\n<p data-start=\"526\" data-end=\"592\">Montagem normalizada: Permite a f\u00e1cil substitui\u00e7\u00e3o de pe\u00e7as.<\/p>\n<\/li>\n<li data-start=\"593\" data-end=\"676\">\n<p data-start=\"595\" data-end=\"676\">Materiais resistentes ao desgaste: As placas de a\u00e7o de alta qualidade aumentam a vida \u00fatil do molde.<\/p>\n<\/li>\n<li data-start=\"677\" data-end=\"748\">\n<p data-start=\"679\" data-end=\"748\">Fun\u00e7\u00e3o de amortecimento: Assegura um funcionamento mais suave durante a produ\u00e7\u00e3o.<\/p>\n<\/li>\n<li data-start=\"749\" data-end=\"829\">\n<p data-start=\"751\" data-end=\"829\">Design personalizado: Design digital de superf\u00edcie livre dispon\u00edvel para moldes \u00e0 medida.<\/p>\n<\/li>\n<\/ul>\n<h3 data-start=\"831\" data-end=\"855\">Durabilidade do molde<\/h3>\n<ul data-start=\"856\" data-end=\"1040\">\n<li data-start=\"856\" data-end=\"949\">\n<p data-start=\"858\" data-end=\"949\">Tratamento t\u00e9rmico: A carbonitreta\u00e7\u00e3o endurece a estrutura da matriz e o p\u00e9 de prensa at\u00e9 60-65 HRC.<\/p>\n<\/li>\n<li data-start=\"950\" data-end=\"1040\">\n<p data-start=\"952\" data-end=\"1040\">Profundidade de endurecimento: M\u00ednimo de 1,2 mm para uma maior resist\u00eancia e um desempenho duradouro.<\/p>\n<\/li>\n<\/ul>\n<h2 data-start=\"1047\" data-end=\"1057\">FAQ<\/h2>\n<h3 data-start=\"1059\" data-end=\"1098\">1. Como posso obter um or\u00e7amento?<\/h3>\n<ul data-start=\"1099\" data-end=\"1409\">\n<li data-start=\"1099\" data-end=\"1162\">\n<p data-start=\"1101\" data-end=\"1162\">Com desenhos: Enviar desenhos de blocos pormenorizados para revis\u00e3o.<\/p>\n<\/li>\n<li data-start=\"1163\" data-end=\"1262\">\n<p data-start=\"1165\" data-end=\"1262\">Sem desenhos: Fornecer o tipo de bloco (oco\/s\u00f3lido), uma fotografia e as dimens\u00f5es (C\u00d7L\u00d7A em mm).<\/p>\n<\/li>\n<li data-start=\"1263\" data-end=\"1409\">\n<p data-start=\"1265\" data-end=\"1409\">Informa\u00e7\u00f5es adicionais: Inclua o tamanho da palete, o tamanho da cabe\u00e7a do tamper, a altura do molde e os detalhes da liga\u00e7\u00e3o. Os desenhos das liga\u00e7\u00f5es s\u00e3o \u00fateis, se dispon\u00edveis.<\/p>\n<\/li>\n<\/ul>\n<p data-start=\"1411\" data-end=\"1486\">Forneceremos um or\u00e7amento imediatamente ap\u00f3s a rece\u00e7\u00e3o das suas informa\u00e7\u00f5es.<\/p>\n<h3 data-start=\"1493\" data-end=\"1519\">2. Prazo de entrega<\/h3>\n<ul data-start=\"1520\" data-end=\"1633\">\n<li data-start=\"1520\" data-end=\"1576\">\n<p data-start=\"1522\" data-end=\"1576\">Moldes padr\u00e3o: 20-25 dias \u00fateis ap\u00f3s o dep\u00f3sito<\/p>\n<\/li>\n<li data-start=\"1577\" data-end=\"1633\">\n<p data-start=\"1579\" data-end=\"1633\">Moldes de alta qualidade: 30-40 dias \u00fateis ap\u00f3s o dep\u00f3sito<\/p>\n<\/li>\n<\/ul>\n<h3 data-start=\"1640\" data-end=\"1682\">3. O molde adapta-se \u00e0 minha m\u00e1quina?<\/h3>\n<p data-start=\"1683\" data-end=\"1765\">Fabricamos moldes para v\u00e1rias marcas de m\u00e1quinas de blocos e mantemos registos pormenorizados.<\/p>\n<ul data-start=\"1766\" data-end=\"1896\">\n<li data-start=\"1766\" data-end=\"1843\">\n<p data-start=\"1768\" data-end=\"1843\">Envie fotografias ou medidas, se necess\u00e1rio, e confirmaremos a compatibilidade.<\/p>\n<\/li>\n<li data-start=\"1844\" data-end=\"1896\">\n<p data-start=\"1846\" data-end=\"1896\">Uma vez confirmada, o molde adapta-se perfeitamente.<\/p>\n<\/li>\n<\/ul>\n<h3 data-start=\"1903\" data-end=\"1929\">4. Condi\u00e7\u00f5es de pagamento<\/h3>\n<p data-start=\"1930\" data-end=\"2007\">50% adiantamento via T\/T para iniciar a produ\u00e7\u00e3o; saldo restante antes da expedi\u00e7\u00e3o.<\/p>\n<h3 data-start=\"2014\" data-end=\"2034\">5. Contacto<\/h3>\n<p data-start=\"2035\" data-end=\"2092\">WeChat \/ WhatsApp: +86-1330506196 | +86-18960287187<\/p>\n<p><iframe loading=\"lazy\" title=\"V\u00eddeo de trabalho das cofragens\" src=\"https:\/\/www.youtube.com\/embed\/czhs2wYoLZg\" width=\"556\" height=\"310\" frameborder=\"0\" allowfullscreen=\"allowfullscreen\"><\/iframe><\/p>","protected":false},"excerpt":{"rendered":"<p>Produzimos moldes de intertravamento para blocos ocos de bet\u00e3o, tijolos porosos, tijolos s\u00f3lidos, blocos de pavimenta\u00e7\u00e3o, tijolos de prote\u00e7\u00e3o de encostas de rios, tijolos quadrados, tijolos de cais, tijolos de isolamento t\u00e9rmico, tijolos de planta\u00e7\u00e3o de relva e muito mais. Os moldes de tijolos de formato especial podem ser personalizados de acordo com as necessidades do comprador.<\/p>\n<table class=\"tg\" style=\"border-collapse: collapse; border-spacing: 0px; height: 262px;\" width=\"100%\">\n<tbody>\n<tr>\n<td style=\"font-family: Arial, sans-serif; font-size: 14px; overflow: hidden; padding: 10px 5px; text-align: left; vertical-align: top; word-break: normal; border: 1px solid black;\">Encomenda (MOQ) :<\/td>\n<td style=\"font-family: Arial, sans-serif; font-size: 14px; overflow: hidden; padding: 10px 5px; text-align: left; vertical-align: top; word-break: normal; border: 1px solid black;\">1 Conjunto<\/td>\n<\/tr>\n<tr>\n<td style=\"font-family: Arial, sans-serif; font-size: 14px; overflow: hidden; padding: 10px 5px; text-align: left; vertical-align: top; word-break: normal; border: 1px solid black;\">Pagamento :<\/td>\n<td style=\"font-family: Arial, sans-serif; font-size: 14px; overflow: hidden; padding: 10px 5px; text-align: left; vertical-align: top; word-break: normal; border: 1px solid black;\">Pagamento T\/T 100% antes da expedi\u00e7\u00e3o ou 100% por L\/C confirmada e irrevog\u00e1vel \u00e0 vista.<\/td>\n<\/tr>\n<tr>\n<td style=\"font-family: Arial, sans-serif; font-size: 14px; overflow: hidden; padding: 10px 5px; text-align: left; vertical-align: top; word-break: normal; border: 1px solid black;\">Origem do produto :<\/td>\n<td style=\"font-family: Arial, sans-serif; font-size: 14px; overflow: hidden; padding: 10px 5px; text-align: left; vertical-align: top; word-break: normal; border: 1px solid black;\">Quanzhou Fujian<\/td>\n<\/tr>\n<tr>\n<td style=\"font-family: Arial, sans-serif; font-size: 14px; overflow: hidden; padding: 10px 5px; text-align: left; vertical-align: top; word-break: normal; border: 1px solid black;\">Cor :<\/td>\n<td style=\"font-family: Arial, sans-serif; font-size: 14px; overflow: hidden; padding: 10px 5px; text-align: left; vertical-align: top; word-break: normal; border: 1px solid black;\">adaptar-se \u00e0 procura<\/td>\n<\/tr>\n<tr>\n<td style=\"font-family: Arial, sans-serif; font-size: 14px; overflow: hidden; padding: 10px 5px; text-align: left; vertical-align: top; word-break: normal; border: 1px solid black;\">Porto de embarque :<\/td>\n<td style=\"font-family: Arial, sans-serif; font-size: 14px; overflow: hidden; padding: 10px 5px; text-align: left; vertical-align: top; word-break: normal; border: 1px solid black;\">Xiamen<\/td>\n<\/tr>\n<tr>\n<td style=\"font-family: Arial, sans-serif; font-size: 14px; overflow: hidden; padding: 10px 5px; text-align: left; vertical-align: top; word-break: normal; border: 1px solid black;\">Prazo de entrega :<\/td>\n<td style=\"font-family: Arial, sans-serif; font-size: 14px; overflow: hidden; padding: 10px 5px; text-align: left; vertical-align: top; word-break: normal; border: 1px solid black;\">20-25 dias<\/td>\n<\/tr>\n<\/tbody>\n<\/table>\n<p>&nbsp;<\/p>","protected":false},"featured_media":8201,"template":"","meta":[],"product_brand":[],"product_cat":[758,763],"product_tag":[766],"class_list":{"0":"post-8200","1":"product","2":"type-product","3":"status-publish","4":"has-post-thumbnail","6":"product_cat-block-moulds","7":"product_cat-paving-stone-mould","8":"product_tag-grass-stone-mold","10":"first","11":"instock","12":"shipping-taxable","13":"product-type-simple"},"yoast_head":"<!-- This site is optimized with the Yoast SEO plugin v24.4 - https:\/\/yoast.com\/wordpress\/plugins\/seo\/ -->\n<title>MASA HESS Interlock Behaton Paver Moulds | Kimberly Machinery<\/title>\n<meta name=\"description\" content=\"Premium interlocking Behaton paver &amp; block moulds compatible with MASA\/HESS machines. Durable, wear\u2011resistant steel molds for concrete block production lines.\" \/>\n<meta name=\"robots\" content=\"index, follow, max-snippet:-1, max-image-preview:large, max-video-preview:-1\" \/>\n<link rel=\"canonical\" href=\"https:\/\/www.kblmachinery.com\/pt\/masa-hess-interlock-behaton-paver-moulds-behaton-mold\/\" \/>\n<meta property=\"og:locale\" content=\"pt_PT\" \/>\n<meta property=\"og:type\" content=\"article\" \/>\n<meta property=\"og:title\" content=\"MASA HESS Interlock Behaton Paver Moulds | Kimberly Machinery\" \/>\n<meta property=\"og:description\" content=\"Premium interlocking Behaton paver &amp; block moulds compatible with MASA\/HESS machines. Durable, wear\u2011resistant steel molds for concrete block production lines.\" \/>\n<meta property=\"og:url\" content=\"https:\/\/www.kblmachinery.com\/pt\/masa-hess-interlock-behaton-paver-moulds-behaton-mold\/\" \/>\n<meta property=\"og:site_name\" content=\"Kimberly Machinery\" \/>\n<meta property=\"article:publisher\" content=\"https:\/\/www.facebook.com\/KimberlyMachinery\" \/>\n<meta property=\"article:modified_time\" content=\"2025-11-28T07:25:45+00:00\" \/>\n<meta property=\"og:image\" content=\"https:\/\/www.kblmachinery.com\/wp-content\/uploads\/2025\/11\/MASA-HESS-Interlock-Behaton-Paver-Moulds-Behaton-Mold.webp\" \/>\n\t<meta property=\"og:image:width\" content=\"805\" \/>\n\t<meta property=\"og:image:height\" content=\"805\" \/>\n\t<meta property=\"og:image:type\" content=\"image\/webp\" \/>\n<meta name=\"twitter:card\" content=\"summary_large_image\" \/>\n<meta name=\"twitter:label1\" content=\"Tempo estimado de leitura\" \/>\n\t<meta name=\"twitter:data1\" content=\"2 minutos\" \/>\n<script type=\"application\/ld+json\" class=\"yoast-schema-graph\">{\"@context\":\"https:\/\/schema.org\",\"@graph\":[{\"@type\":\"WebPage\",\"@id\":\"https:\/\/www.kblmachinery.com\/masa-hess-interlock-behaton-paver-moulds-behaton-mold\/\",\"url\":\"https:\/\/www.kblmachinery.com\/masa-hess-interlock-behaton-paver-moulds-behaton-mold\/\",\"name\":\"MASA HESS Interlock Behaton Paver Moulds | Kimberly Machinery\",\"isPartOf\":{\"@id\":\"https:\/\/www.kblmachinery.com\/#website\"},\"primaryImageOfPage\":{\"@id\":\"https:\/\/www.kblmachinery.com\/masa-hess-interlock-behaton-paver-moulds-behaton-mold\/#primaryimage\"},\"image\":{\"@id\":\"https:\/\/www.kblmachinery.com\/masa-hess-interlock-behaton-paver-moulds-behaton-mold\/#primaryimage\"},\"thumbnailUrl\":\"https:\/\/www.kblmachinery.com\/wp-content\/uploads\/2025\/11\/MASA-HESS-Interlock-Behaton-Paver-Moulds-Behaton-Mold.webp\",\"datePublished\":\"2024-08-17T06:20:00+00:00\",\"dateModified\":\"2025-11-28T07:25:45+00:00\",\"description\":\"Premium interlocking Behaton paver & block moulds compatible with MASA\/HESS machines. Durable, wear\u2011resistant steel molds for concrete block production lines.\",\"breadcrumb\":{\"@id\":\"https:\/\/www.kblmachinery.com\/masa-hess-interlock-behaton-paver-moulds-behaton-mold\/#breadcrumb\"},\"inLanguage\":\"pt-PT\",\"potentialAction\":[{\"@type\":\"ReadAction\",\"target\":[\"https:\/\/www.kblmachinery.com\/masa-hess-interlock-behaton-paver-moulds-behaton-mold\/\"]}]},{\"@type\":\"ImageObject\",\"inLanguage\":\"pt-PT\",\"@id\":\"https:\/\/www.kblmachinery.com\/masa-hess-interlock-behaton-paver-moulds-behaton-mold\/#primaryimage\",\"url\":\"https:\/\/www.kblmachinery.com\/wp-content\/uploads\/2025\/11\/MASA-HESS-Interlock-Behaton-Paver-Moulds-Behaton-Mold.webp\",\"contentUrl\":\"https:\/\/www.kblmachinery.com\/wp-content\/uploads\/2025\/11\/MASA-HESS-Interlock-Behaton-Paver-Moulds-Behaton-Mold.webp\",\"width\":805,\"height\":805,\"caption\":\"MASA HESS Interlocking Unipaver Zigzag Paver Mould for Block Machines\"},{\"@type\":\"BreadcrumbList\",\"@id\":\"https:\/\/www.kblmachinery.com\/masa-hess-interlock-behaton-paver-moulds-behaton-mold\/#breadcrumb\",\"itemListElement\":[{\"@type\":\"ListItem\",\"position\":1,\"name\":\"Home\",\"item\":\"https:\/\/www.kblmachinery.com\/\"},{\"@type\":\"ListItem\",\"position\":2,\"name\":\"MASA HESS Interlock Behaton Paver Moulds Behaton Mold\"}]},{\"@type\":\"WebSite\",\"@id\":\"https:\/\/www.kblmachinery.com\/#website\",\"url\":\"https:\/\/www.kblmachinery.com\/\",\"name\":\"Professional Brick\/Block Making Machine in China\",\"description\":\"Block Machine Manufacturer - Kimberly Machinery\",\"publisher\":{\"@id\":\"https:\/\/www.kblmachinery.com\/#organization\"},\"potentialAction\":[{\"@type\":\"SearchAction\",\"target\":{\"@type\":\"EntryPoint\",\"urlTemplate\":\"https:\/\/www.kblmachinery.com\/?s={search_term_string}\"},\"query-input\":{\"@type\":\"PropertyValueSpecification\",\"valueRequired\":true,\"valueName\":\"search_term_string\"}}],\"inLanguage\":\"pt-PT\"},{\"@type\":\"Organization\",\"@id\":\"https:\/\/www.kblmachinery.com\/#organization\",\"name\":\"Quanzhou Kimberly Machinery Manufacturing Co. Ltd\",\"url\":\"https:\/\/www.kblmachinery.com\/\",\"logo\":{\"@type\":\"ImageObject\",\"inLanguage\":\"pt-PT\",\"@id\":\"https:\/\/www.kblmachinery.com\/#\/schema\/logo\/image\/\",\"url\":\"https:\/\/www.kblmachinery.com\/wp-content\/uploads\/2025\/11\/cropped-logo-1-1.png\",\"contentUrl\":\"https:\/\/www.kblmachinery.com\/wp-content\/uploads\/2025\/11\/cropped-logo-1-1.png\",\"width\":123,\"height\":136,\"caption\":\"Quanzhou Kimberly Machinery Manufacturing Co. Ltd\"},\"image\":{\"@id\":\"https:\/\/www.kblmachinery.com\/#\/schema\/logo\/image\/\"},\"sameAs\":[\"https:\/\/www.facebook.com\/KimberlyMachinery\"]}]}<\/script>\n<!-- \/ Yoast SEO plugin. -->","yoast_head_json":{"title":"MASA HESS Interlock Behaton Paver Moulds | Kimberly Machinery","description":"Premium interlocking Behaton paver & block moulds compatible with MASA\/HESS machines. Durable, wear\u2011resistant steel molds for concrete block production lines.","robots":{"index":"index","follow":"follow","max-snippet":"max-snippet:-1","max-image-preview":"max-image-preview:large","max-video-preview":"max-video-preview:-1"},"canonical":"https:\/\/www.kblmachinery.com\/pt\/masa-hess-interlock-behaton-paver-moulds-behaton-mold\/","og_locale":"pt_PT","og_type":"article","og_title":"MASA HESS Interlock Behaton Paver Moulds | Kimberly Machinery","og_description":"Premium interlocking Behaton paver & block moulds compatible with MASA\/HESS machines. Durable, wear\u2011resistant steel molds for concrete block production lines.","og_url":"https:\/\/www.kblmachinery.com\/pt\/masa-hess-interlock-behaton-paver-moulds-behaton-mold\/","og_site_name":"Kimberly Machinery","article_publisher":"https:\/\/www.facebook.com\/KimberlyMachinery","article_modified_time":"2025-11-28T07:25:45+00:00","og_image":[{"width":805,"height":805,"url":"https:\/\/www.kblmachinery.com\/wp-content\/uploads\/2025\/11\/MASA-HESS-Interlock-Behaton-Paver-Moulds-Behaton-Mold.webp","type":"image\/webp"}],"twitter_card":"summary_large_image","twitter_misc":{"Tempo estimado de leitura":"2 minutos"},"schema":{"@context":"https:\/\/schema.org","@graph":[{"@type":"WebPage","@id":"https:\/\/www.kblmachinery.com\/masa-hess-interlock-behaton-paver-moulds-behaton-mold\/","url":"https:\/\/www.kblmachinery.com\/masa-hess-interlock-behaton-paver-moulds-behaton-mold\/","name":"MASA HESS Interlock Behaton Paver Moulds | Kimberly Machinery","isPartOf":{"@id":"https:\/\/www.kblmachinery.com\/#website"},"primaryImageOfPage":{"@id":"https:\/\/www.kblmachinery.com\/masa-hess-interlock-behaton-paver-moulds-behaton-mold\/#primaryimage"},"image":{"@id":"https:\/\/www.kblmachinery.com\/masa-hess-interlock-behaton-paver-moulds-behaton-mold\/#primaryimage"},"thumbnailUrl":"https:\/\/www.kblmachinery.com\/wp-content\/uploads\/2025\/11\/MASA-HESS-Interlock-Behaton-Paver-Moulds-Behaton-Mold.webp","datePublished":"2024-08-17T06:20:00+00:00","dateModified":"2025-11-28T07:25:45+00:00","description":"Premium interlocking Behaton paver & block moulds compatible with MASA\/HESS machines. Durable, wear\u2011resistant steel molds for concrete block production lines.","breadcrumb":{"@id":"https:\/\/www.kblmachinery.com\/masa-hess-interlock-behaton-paver-moulds-behaton-mold\/#breadcrumb"},"inLanguage":"pt-PT","potentialAction":[{"@type":"ReadAction","target":["https:\/\/www.kblmachinery.com\/masa-hess-interlock-behaton-paver-moulds-behaton-mold\/"]}]},{"@type":"ImageObject","inLanguage":"pt-PT","@id":"https:\/\/www.kblmachinery.com\/masa-hess-interlock-behaton-paver-moulds-behaton-mold\/#primaryimage","url":"https:\/\/www.kblmachinery.com\/wp-content\/uploads\/2025\/11\/MASA-HESS-Interlock-Behaton-Paver-Moulds-Behaton-Mold.webp","contentUrl":"https:\/\/www.kblmachinery.com\/wp-content\/uploads\/2025\/11\/MASA-HESS-Interlock-Behaton-Paver-Moulds-Behaton-Mold.webp","width":805,"height":805,"caption":"MASA HESS Interlocking Unipaver Zigzag Paver Mould for Block Machines"},{"@type":"BreadcrumbList","@id":"https:\/\/www.kblmachinery.com\/masa-hess-interlock-behaton-paver-moulds-behaton-mold\/#breadcrumb","itemListElement":[{"@type":"ListItem","position":1,"name":"Home","item":"https:\/\/www.kblmachinery.com\/"},{"@type":"ListItem","position":2,"name":"MASA HESS Interlock Behaton Paver Moulds Behaton Mold"}]},{"@type":"WebSite","@id":"https:\/\/www.kblmachinery.com\/#website","url":"https:\/\/www.kblmachinery.com\/","name":"Professional Brick\/Block Making Machine in China","description":"Block Machine Manufacturer - Kimberly Machinery","publisher":{"@id":"https:\/\/www.kblmachinery.com\/#organization"},"potentialAction":[{"@type":"SearchAction","target":{"@type":"EntryPoint","urlTemplate":"https:\/\/www.kblmachinery.com\/?s={search_term_string}"},"query-input":{"@type":"PropertyValueSpecification","valueRequired":true,"valueName":"search_term_string"}}],"inLanguage":"pt-PT"},{"@type":"Organization","@id":"https:\/\/www.kblmachinery.com\/#organization","name":"Quanzhou Kimberly Machinery Manufacturing Co. Ltd","url":"https:\/\/www.kblmachinery.com\/","logo":{"@type":"ImageObject","inLanguage":"pt-PT","@id":"https:\/\/www.kblmachinery.com\/#\/schema\/logo\/image\/","url":"https:\/\/www.kblmachinery.com\/wp-content\/uploads\/2025\/11\/cropped-logo-1-1.png","contentUrl":"https:\/\/www.kblmachinery.com\/wp-content\/uploads\/2025\/11\/cropped-logo-1-1.png","width":123,"height":136,"caption":"Quanzhou Kimberly Machinery Manufacturing Co. Ltd"},"image":{"@id":"https:\/\/www.kblmachinery.com\/#\/schema\/logo\/image\/"},"sameAs":["https:\/\/www.facebook.com\/KimberlyMachinery"]}]}},"_links":{"self":[{"href":"https:\/\/www.kblmachinery.com\/pt\/wp-json\/wp\/v2\/product\/8200","targetHints":{"allow":["GET"]}}],"collection":[{"href":"https:\/\/www.kblmachinery.com\/pt\/wp-json\/wp\/v2\/product"}],"about":[{"href":"https:\/\/www.kblmachinery.com\/pt\/wp-json\/wp\/v2\/types\/product"}],"wp:featuredmedia":[{"embeddable":true,"href":"https:\/\/www.kblmachinery.com\/pt\/wp-json\/wp\/v2\/media\/8201"}],"wp:attachment":[{"href":"https:\/\/www.kblmachinery.com\/pt\/wp-json\/wp\/v2\/media?parent=8200"}],"wp:term":[{"taxonomy":"product_brand","embeddable":true,"href":"https:\/\/www.kblmachinery.com\/pt\/wp-json\/wp\/v2\/product_brand?post=8200"},{"taxonomy":"product_cat","embeddable":true,"href":"https:\/\/www.kblmachinery.com\/pt\/wp-json\/wp\/v2\/product_cat?post=8200"},{"taxonomy":"product_tag","embeddable":true,"href":"https:\/\/www.kblmachinery.com\/pt\/wp-json\/wp\/v2\/product_tag?post=8200"}],"curies":[{"name":"wp","href":"https:\/\/api.w.org\/{rel}","templated":true}]}}