{"id":8222,"date":"2024-08-17T06:11:00","date_gmt":"2024-08-17T06:11:00","guid":{"rendered":"https:\/\/www.kblmachinery.com\/?post_type=product&#038;p=8222"},"modified":"2025-11-28T07:29:19","modified_gmt":"2025-11-28T07:29:19","slug":"masa-hess-hollow-interlocking-concrete-block-molds-for-concrete-brick-factory","status":"publish","type":"product","link":"https:\/\/www.kblmachinery.com\/pt\/masa-hess-hollow-interlocking-concrete-block-molds-for-concrete-brick-factory\/","title":{"rendered":"MASA HESS Moldes de blocos de bet\u00e3o oco interbloqueados para f\u00e1brica de tijolos de bet\u00e3o"},"content":{"rendered":"<h2>MASA HESS Hollow Interlocking Concrete Block Molds for Brick Factories<\/h2>\n<p data-start=\"194\" data-end=\"441\">Our MASA HESS hollow interlocking concrete block molds are made from premium alloy steel with wear-resistant components. Through advanced heat treatment and precision processing, our molds achieve superior durability and performance.<\/p>\n<p data-start=\"443\" data-end=\"734\">We produce molds for road bricks, hollow bricks, square bricks, grass bricks, and other types, compatible with most domestic and international block machines such as Masa, Hess, Zenith, Tiger, Bessel, and Ritu. This ensures versatile application across various brick factories.<\/p>\n<h2>Our Molds&#8217; Technical Data<\/h2>\n<table class=\"tg\" style=\"border-collapse: collapse; border-spacing: 0px; height: 174px;\" width=\"100%\">\n<tbody>\n<tr>\n<td style=\"font-family: Arial, sans-serif; font-size: 14px; overflow: hidden; padding: 10px 5px; text-align: left; vertical-align: top; word-break: normal; border: 1px solid black;\">Nome<\/td>\n<td style=\"font-family: Arial, sans-serif; font-size: 14px; overflow: hidden; padding: 10px 5px; text-align: left; vertical-align: top; word-break: normal; border: 1px solid black;\">moldes para blocos de bet\u00e3o ocos<\/td>\n<td style=\"font-family: Arial, sans-serif; font-size: 14px; overflow: hidden; padding: 10px 5px; text-align: left; vertical-align: top; word-break: normal; border: 1px solid black;\">Tratamento t\u00e9rmico<\/td>\n<td style=\"font-family: Arial, sans-serif; font-size: 14px; overflow: hidden; padding: 10px 5px; text-align: left; vertical-align: top; word-break: normal; border: 1px solid black;\">Carbonitreta\u00e7\u00e3o 900-950<span style=\"color: #555;\">\u00b0<\/span>C<\/td>\n<\/tr>\n<tr>\n<td style=\"font-family: Arial, sans-serif; font-size: 14px; overflow: hidden; padding: 10px 5px; text-align: left; vertical-align: top; word-break: normal; border: 1px solid black;\">mat\u00e9ria-prima<\/td>\n<td style=\"font-family: Arial, sans-serif; font-size: 14px; overflow: hidden; padding: 10px 5px; text-align: left; vertical-align: top; word-break: normal; border: 1px solid black;\">a\u00e7o especial resistente ao desgaste<\/td>\n<td style=\"font-family: Arial, sans-serif; font-size: 14px; overflow: hidden; padding: 10px 5px; text-align: left; vertical-align: top; word-break: normal; border: 1px solid black;\">Dureza<\/td>\n<td style=\"font-family: Arial, sans-serif; font-size: 14px; overflow: hidden; padding: 10px 5px; text-align: left; vertical-align: top; word-break: normal; border: 1px solid black;\">60-65HRC<\/td>\n<\/tr>\n<tr>\n<td style=\"font-family: Arial, sans-serif; font-size: 14px; overflow: hidden; padding: 10px 5px; text-align: left; vertical-align: top; word-break: normal; border: 1px solid black;\">Tipo de bloco<\/td>\n<td style=\"font-family: Arial, sans-serif; font-size: 14px; overflow: hidden; padding: 10px 5px; text-align: left; vertical-align: top; word-break: normal; border: 1px solid black;\">Bloco oco, bloco de interbloqueio, bloco de pavimenta\u00e7\u00e3o, pedra de cal\u00e7ada, todos podem ser personalizados<\/td>\n<td style=\"font-family: Arial, sans-serif; font-size: 14px; overflow: hidden; padding: 10px 5px; text-align: left; vertical-align: top; word-break: normal; border: 1px solid black;\">C\u00f3digo SH<\/td>\n<td style=\"font-family: Arial, sans-serif; font-size: 14px; overflow: hidden; padding: 10px 5px; text-align: left; vertical-align: top; word-break: normal; border: 1px solid black;\">848060<\/td>\n<\/tr>\n<tr>\n<td style=\"font-family: Arial, sans-serif; font-size: 14px; overflow: hidden; padding: 10px 5px; text-align: left; vertical-align: top; word-break: normal; border: 1px solid black;\">tempo de vida<\/td>\n<td style=\"font-family: Arial, sans-serif; font-size: 14px; overflow: hidden; padding: 10px 5px; text-align: left; vertical-align: top; word-break: normal; border: 1px solid black;\">100000-120000 vezes<\/td>\n<td style=\"font-family: Arial, sans-serif; font-size: 14px; overflow: hidden; padding: 10px 5px; text-align: left; vertical-align: top; word-break: normal; border: 1px solid black;\">Embalagem<\/td>\n<td style=\"font-family: Arial, sans-serif; font-size: 14px; overflow: hidden; padding: 10px 5px; text-align: left; vertical-align: top; word-break: normal; border: 1px solid black;\">Madeira + pel\u00edcula pl\u00e1stica<\/td>\n<\/tr>\n<\/tbody>\n<\/table>\n<h2 data-start=\"741\" data-end=\"763\">Carater\u00edsticas do molde<\/h2>\n<h3 data-start=\"768\" data-end=\"799\">Processo de montagem avan\u00e7ado<\/h3>\n<ul>\n<li>Advanced welding technology and stress-relief treatment prevent deformation, ensuring precise dimensions and reliable performance.<\/li>\n<li>Press foot clearance: 0.3\u20138 mm for machine compatibility.<\/li>\n<li>High-strength connection bolts with anti-loosening treatment.<\/li>\n<li>Standardized assembly allows easy replacement of parts.<\/li>\n<li>High-quality wear-resistant steel plates for longevity.<\/li>\n<li>Damping function reduces vibration for smooth operation.<\/li>\n<li>Supports digital free surface design for customization.<\/li>\n<\/ul>\n<h3 data-start=\"1331\" data-end=\"1364\">Durabilidade e tratamento t\u00e9rmico<\/h3>\n<ul>\n<li>Carbonitriding heat treatment (60\u201365 HRC).<\/li>\n<li>Die frames and press feet hardened to 60\u201365 HRC.<\/li>\n<li>Minimum hardening depth: 1.2 mm for long-lasting strength.<\/li>\n<\/ul>\n<h2 data-start=\"1543\" data-end=\"1555\">FAQ<\/h2>\n<h3 data-start=\"1557\" data-end=\"1589\">How can I receive a quote?<\/h3>\n<ul data-start=\"1590\" data-end=\"1945\">\n<li data-start=\"1590\" data-end=\"1680\">\n<p data-start=\"1592\" data-end=\"1680\">With drawings: Send detailed block drawings, and we provide a quote based on them.<\/p>\n<\/li>\n<li data-start=\"1681\" data-end=\"1802\">\n<p data-start=\"1683\" data-end=\"1802\">Without drawings: Inform us of the block type (hollow or solid), include a picture, and dimensions (L\u00d7W\u00d7H in mm).<\/p>\n<\/li>\n<li data-start=\"1803\" data-end=\"1866\">\n<p data-start=\"1805\" data-end=\"1866\">Share your pallet size and tamper head\/mold height.<\/p>\n<\/li>\n<li data-start=\"1867\" data-end=\"1945\">\n<p data-start=\"1869\" data-end=\"1945\">Explain the connection to your machine; provide drawings if available.<\/p>\n<\/li>\n<\/ul>\n<h3 data-start=\"1947\" data-end=\"1979\">Qual \u00e9 o prazo de entrega?<\/h3>\n<ul data-start=\"1980\" data-end=\"2065\">\n<li data-start=\"1980\" data-end=\"2029\">\n<p data-start=\"1982\" data-end=\"2029\">Standard molds: 20\u201325 workdays after deposit.<\/p>\n<\/li>\n<li data-start=\"2030\" data-end=\"2065\">\n<p data-start=\"2032\" data-end=\"2065\">High-end molds: 30\u201340 workdays.<\/p>\n<\/li>\n<\/ul>\n<h3 data-start=\"2067\" data-end=\"2108\">How is transport packaging handled?<\/h3>\n<ul data-start=\"2109\" data-end=\"2183\">\n<li data-start=\"2109\" data-end=\"2183\">\n<p data-start=\"2111\" data-end=\"2183\">Wooden crates with plastic film, or customized per buyer requirements.<\/p>\n<\/li>\n<\/ul>\n<h3 data-start=\"2185\" data-end=\"2224\">O novo molde adapta-se \u00e0 minha m\u00e1quina?<\/h3>\n<ul data-start=\"2225\" data-end=\"2374\">\n<li data-start=\"2225\" data-end=\"2374\">\n<p data-start=\"2227\" data-end=\"2374\">We have molds for various brands with detailed records. Measurement or photos can confirm compatibility. Once verified, the mold fits seamlessly.<\/p>\n<\/li>\n<\/ul>\n<h3 data-start=\"2376\" data-end=\"2396\">Payment terms?<\/h3>\n<ul data-start=\"2397\" data-end=\"2465\">\n<li data-start=\"2397\" data-end=\"2465\">\n<p data-start=\"2399\" data-end=\"2465\">50% advance via T\/T to start the order, balance before shipment.<\/p>\n<\/li>\n<\/ul>\n<h3 data-start=\"2467\" data-end=\"2492\">Contact information<\/h3>\n<ul data-start=\"2493\" data-end=\"2550\">\n<li data-start=\"2493\" data-end=\"2550\">\n<p data-start=\"2495\" data-end=\"2550\">WeChat\/WhatsApp: +86-1330506196 \/ +86-18960287187<\/p>\n<\/li>\n<\/ul>\n<p><iframe loading=\"lazy\" title=\"V\u00eddeo de trabalho das cofragens\" src=\"https:\/\/www.youtube.com\/embed\/czhs2wYoLZg\" width=\"556\" height=\"310\" frameborder=\"0\" allowfullscreen=\"allowfullscreen\"><\/iframe><\/p>","protected":false},"excerpt":{"rendered":"<table class=\"tg\" style=\"border-collapse: collapse; border-spacing: 0px; height: 253px;\" width=\"100%\">\n<tbody>\n<tr>\n<td style=\"font-family: Arial, sans-serif; font-size: 14px; overflow: hidden; padding: 10px 5px; text-align: left; vertical-align: top; word-break: normal; border: 1px solid black;\">Encomenda (MOQ) :<\/td>\n<td style=\"font-family: Arial, sans-serif; font-size: 14px; overflow: hidden; padding: 10px 5px; text-align: left; vertical-align: top; word-break: normal; border: 1px solid black;\">1 Conjunto<\/td>\n<\/tr>\n<tr>\n<td style=\"font-family: Arial, sans-serif; font-size: 14px; overflow: hidden; padding: 10px 5px; text-align: left; vertical-align: top; word-break: normal; border: 1px solid black;\">Pagamento :<\/td>\n<td style=\"font-family: Arial, sans-serif; font-size: 14px; overflow: hidden; padding: 10px 5px; text-align: left; vertical-align: top; word-break: normal; border: 1px solid black;\">Pagamento T\/T 100% antes da expedi\u00e7\u00e3o ou 100% por L\/C confirmada e irrevog\u00e1vel \u00e0 vista.<\/td>\n<\/tr>\n<tr>\n<td style=\"font-family: Arial, sans-serif; font-size: 14px; overflow: hidden; padding: 10px 5px; text-align: left; vertical-align: top; word-break: normal; border: 1px solid black;\">Origem do produto :<\/td>\n<td style=\"font-family: Arial, sans-serif; font-size: 14px; overflow: hidden; padding: 10px 5px; text-align: left; vertical-align: top; word-break: normal; border: 1px solid black;\">Quanzhou Fujian<\/td>\n<\/tr>\n<tr>\n<td style=\"font-family: Arial, sans-serif; font-size: 14px; overflow: hidden; padding: 10px 5px; text-align: left; vertical-align: top; word-break: normal; border: 1px solid black;\">Cor :<\/td>\n<td style=\"font-family: Arial, sans-serif; font-size: 14px; overflow: hidden; padding: 10px 5px; text-align: left; vertical-align: top; word-break: normal; border: 1px solid black;\">adaptar-se \u00e0 procura<\/td>\n<\/tr>\n<tr>\n<td style=\"font-family: Arial, sans-serif; font-size: 14px; overflow: hidden; padding: 10px 5px; text-align: left; vertical-align: top; word-break: normal; border: 1px solid black;\">Porto de embarque :<\/td>\n<td style=\"font-family: Arial, sans-serif; font-size: 14px; overflow: hidden; padding: 10px 5px; text-align: left; vertical-align: top; word-break: normal; border: 1px solid black;\">Xiamen<\/td>\n<\/tr>\n<tr>\n<td style=\"font-family: Arial, sans-serif; font-size: 14px; overflow: hidden; padding: 10px 5px; text-align: left; vertical-align: top; word-break: normal; border: 1px solid black;\">Prazo de entrega :<\/td>\n<td style=\"font-family: Arial, sans-serif; font-size: 14px; overflow: hidden; padding: 10px 5px; text-align: left; vertical-align: top; word-break: normal; border: 1px solid black;\">20-25 dias<\/td>\n<\/tr>\n<\/tbody>\n<\/table>\n<p>&nbsp;<\/p>","protected":false},"featured_media":8223,"template":"","meta":[],"product_brand":[],"product_cat":[758,763],"product_tag":[],"class_list":{"0":"post-8222","1":"product","2":"type-product","3":"status-publish","4":"has-post-thumbnail","6":"product_cat-block-moulds","7":"product_cat-paving-stone-mould","9":"first","10":"instock","11":"shipping-taxable","12":"product-type-simple"},"yoast_head":"<!-- This site is optimized with the Yoast SEO plugin v24.4 - https:\/\/yoast.com\/wordpress\/plugins\/seo\/ -->\n<title>MASA HESS Hollow Interlocking Concrete Block Molds \u2013 Durable &amp; High-Precision<\/title>\n<meta name=\"description\" content=\"High-quality MASA HESS hollow interlocking concrete block molds for brick factories. Made from alloy steel with heat treatment, durable and compatible with Masa, Hess, Zenith, Tiger, Bessel machines.\" \/>\n<meta name=\"robots\" content=\"index, follow, max-snippet:-1, max-image-preview:large, max-video-preview:-1\" \/>\n<link rel=\"canonical\" href=\"https:\/\/www.kblmachinery.com\/pt\/masa-hess-hollow-interlocking-concrete-block-molds-for-concrete-brick-factory\/\" \/>\n<meta property=\"og:locale\" content=\"pt_PT\" \/>\n<meta property=\"og:type\" content=\"article\" \/>\n<meta property=\"og:title\" content=\"MASA HESS Hollow Interlocking Concrete Block Molds \u2013 Durable &amp; High-Precision\" \/>\n<meta property=\"og:description\" content=\"High-quality MASA HESS hollow interlocking concrete block molds for brick factories. Made from alloy steel with heat treatment, durable and compatible with Masa, Hess, Zenith, Tiger, Bessel machines.\" \/>\n<meta property=\"og:url\" content=\"https:\/\/www.kblmachinery.com\/pt\/masa-hess-hollow-interlocking-concrete-block-molds-for-concrete-brick-factory\/\" \/>\n<meta property=\"og:site_name\" content=\"Kimberly Machinery\" \/>\n<meta property=\"article:publisher\" content=\"https:\/\/www.facebook.com\/KimberlyMachinery\" \/>\n<meta property=\"article:modified_time\" content=\"2025-11-28T07:29:19+00:00\" \/>\n<meta property=\"og:image\" content=\"https:\/\/www.kblmachinery.com\/wp-content\/uploads\/2025\/11\/MASA-HESS-Hollow-Interlocking-Concrete-Block-Molds-for-Concrete-Brick-Factory.webp\" \/>\n\t<meta property=\"og:image:width\" content=\"805\" \/>\n\t<meta property=\"og:image:height\" content=\"805\" \/>\n\t<meta property=\"og:image:type\" content=\"image\/webp\" \/>\n<meta name=\"twitter:card\" content=\"summary_large_image\" \/>\n<meta name=\"twitter:label1\" content=\"Tempo estimado de leitura\" \/>\n\t<meta name=\"twitter:data1\" content=\"2 minutos\" \/>\n<script type=\"application\/ld+json\" class=\"yoast-schema-graph\">{\"@context\":\"https:\/\/schema.org\",\"@graph\":[{\"@type\":\"WebPage\",\"@id\":\"https:\/\/www.kblmachinery.com\/masa-hess-hollow-interlocking-concrete-block-molds-for-concrete-brick-factory\/\",\"url\":\"https:\/\/www.kblmachinery.com\/masa-hess-hollow-interlocking-concrete-block-molds-for-concrete-brick-factory\/\",\"name\":\"MASA HESS Hollow Interlocking Concrete Block Molds \u2013 Durable & High-Precision\",\"isPartOf\":{\"@id\":\"https:\/\/www.kblmachinery.com\/#website\"},\"primaryImageOfPage\":{\"@id\":\"https:\/\/www.kblmachinery.com\/masa-hess-hollow-interlocking-concrete-block-molds-for-concrete-brick-factory\/#primaryimage\"},\"image\":{\"@id\":\"https:\/\/www.kblmachinery.com\/masa-hess-hollow-interlocking-concrete-block-molds-for-concrete-brick-factory\/#primaryimage\"},\"thumbnailUrl\":\"https:\/\/www.kblmachinery.com\/wp-content\/uploads\/2025\/11\/MASA-HESS-Hollow-Interlocking-Concrete-Block-Molds-for-Concrete-Brick-Factory.webp\",\"datePublished\":\"2024-08-17T06:11:00+00:00\",\"dateModified\":\"2025-11-28T07:29:19+00:00\",\"description\":\"High-quality MASA HESS hollow interlocking concrete block molds for brick factories. Made from alloy steel with heat treatment, durable and compatible with Masa, Hess, Zenith, Tiger, Bessel machines.\",\"breadcrumb\":{\"@id\":\"https:\/\/www.kblmachinery.com\/masa-hess-hollow-interlocking-concrete-block-molds-for-concrete-brick-factory\/#breadcrumb\"},\"inLanguage\":\"pt-PT\",\"potentialAction\":[{\"@type\":\"ReadAction\",\"target\":[\"https:\/\/www.kblmachinery.com\/masa-hess-hollow-interlocking-concrete-block-molds-for-concrete-brick-factory\/\"]}]},{\"@type\":\"ImageObject\",\"inLanguage\":\"pt-PT\",\"@id\":\"https:\/\/www.kblmachinery.com\/masa-hess-hollow-interlocking-concrete-block-molds-for-concrete-brick-factory\/#primaryimage\",\"url\":\"https:\/\/www.kblmachinery.com\/wp-content\/uploads\/2025\/11\/MASA-HESS-Hollow-Interlocking-Concrete-Block-Molds-for-Concrete-Brick-Factory.webp\",\"contentUrl\":\"https:\/\/www.kblmachinery.com\/wp-content\/uploads\/2025\/11\/MASA-HESS-Hollow-Interlocking-Concrete-Block-Molds-for-Concrete-Brick-Factory.webp\",\"width\":805,\"height\":805,\"caption\":\"MASA HESS Interlocking Unipaver Zigzag Paver Mould for Block Machines\"},{\"@type\":\"BreadcrumbList\",\"@id\":\"https:\/\/www.kblmachinery.com\/masa-hess-hollow-interlocking-concrete-block-molds-for-concrete-brick-factory\/#breadcrumb\",\"itemListElement\":[{\"@type\":\"ListItem\",\"position\":1,\"name\":\"Home\",\"item\":\"https:\/\/www.kblmachinery.com\/\"},{\"@type\":\"ListItem\",\"position\":2,\"name\":\"MASA HESS Hollow Interlocking Concrete Block Molds for Concrete Brick Factory\"}]},{\"@type\":\"WebSite\",\"@id\":\"https:\/\/www.kblmachinery.com\/#website\",\"url\":\"https:\/\/www.kblmachinery.com\/\",\"name\":\"Professional Brick\/Block Making Machine in China\",\"description\":\"Block Machine Manufacturer - Kimberly Machinery\",\"publisher\":{\"@id\":\"https:\/\/www.kblmachinery.com\/#organization\"},\"potentialAction\":[{\"@type\":\"SearchAction\",\"target\":{\"@type\":\"EntryPoint\",\"urlTemplate\":\"https:\/\/www.kblmachinery.com\/?s={search_term_string}\"},\"query-input\":{\"@type\":\"PropertyValueSpecification\",\"valueRequired\":true,\"valueName\":\"search_term_string\"}}],\"inLanguage\":\"pt-PT\"},{\"@type\":\"Organization\",\"@id\":\"https:\/\/www.kblmachinery.com\/#organization\",\"name\":\"Quanzhou Kimberly Machinery Manufacturing Co. Ltd\",\"url\":\"https:\/\/www.kblmachinery.com\/\",\"logo\":{\"@type\":\"ImageObject\",\"inLanguage\":\"pt-PT\",\"@id\":\"https:\/\/www.kblmachinery.com\/#\/schema\/logo\/image\/\",\"url\":\"https:\/\/www.kblmachinery.com\/wp-content\/uploads\/2025\/11\/cropped-logo-1-1.png\",\"contentUrl\":\"https:\/\/www.kblmachinery.com\/wp-content\/uploads\/2025\/11\/cropped-logo-1-1.png\",\"width\":123,\"height\":136,\"caption\":\"Quanzhou Kimberly Machinery Manufacturing Co. Ltd\"},\"image\":{\"@id\":\"https:\/\/www.kblmachinery.com\/#\/schema\/logo\/image\/\"},\"sameAs\":[\"https:\/\/www.facebook.com\/KimberlyMachinery\"]}]}<\/script>\n<!-- \/ Yoast SEO plugin. -->","yoast_head_json":{"title":"MASA HESS Hollow Interlocking Concrete Block Molds \u2013 Durable & High-Precision","description":"High-quality MASA HESS hollow interlocking concrete block molds for brick factories. Made from alloy steel with heat treatment, durable and compatible with Masa, Hess, Zenith, Tiger, Bessel machines.","robots":{"index":"index","follow":"follow","max-snippet":"max-snippet:-1","max-image-preview":"max-image-preview:large","max-video-preview":"max-video-preview:-1"},"canonical":"https:\/\/www.kblmachinery.com\/pt\/masa-hess-hollow-interlocking-concrete-block-molds-for-concrete-brick-factory\/","og_locale":"pt_PT","og_type":"article","og_title":"MASA HESS Hollow Interlocking Concrete Block Molds \u2013 Durable & High-Precision","og_description":"High-quality MASA HESS hollow interlocking concrete block molds for brick factories. Made from alloy steel with heat treatment, durable and compatible with Masa, Hess, Zenith, Tiger, Bessel machines.","og_url":"https:\/\/www.kblmachinery.com\/pt\/masa-hess-hollow-interlocking-concrete-block-molds-for-concrete-brick-factory\/","og_site_name":"Kimberly Machinery","article_publisher":"https:\/\/www.facebook.com\/KimberlyMachinery","article_modified_time":"2025-11-28T07:29:19+00:00","og_image":[{"width":805,"height":805,"url":"https:\/\/www.kblmachinery.com\/wp-content\/uploads\/2025\/11\/MASA-HESS-Hollow-Interlocking-Concrete-Block-Molds-for-Concrete-Brick-Factory.webp","type":"image\/webp"}],"twitter_card":"summary_large_image","twitter_misc":{"Tempo estimado de leitura":"2 minutos"},"schema":{"@context":"https:\/\/schema.org","@graph":[{"@type":"WebPage","@id":"https:\/\/www.kblmachinery.com\/masa-hess-hollow-interlocking-concrete-block-molds-for-concrete-brick-factory\/","url":"https:\/\/www.kblmachinery.com\/masa-hess-hollow-interlocking-concrete-block-molds-for-concrete-brick-factory\/","name":"MASA HESS Hollow Interlocking Concrete Block Molds \u2013 Durable & High-Precision","isPartOf":{"@id":"https:\/\/www.kblmachinery.com\/#website"},"primaryImageOfPage":{"@id":"https:\/\/www.kblmachinery.com\/masa-hess-hollow-interlocking-concrete-block-molds-for-concrete-brick-factory\/#primaryimage"},"image":{"@id":"https:\/\/www.kblmachinery.com\/masa-hess-hollow-interlocking-concrete-block-molds-for-concrete-brick-factory\/#primaryimage"},"thumbnailUrl":"https:\/\/www.kblmachinery.com\/wp-content\/uploads\/2025\/11\/MASA-HESS-Hollow-Interlocking-Concrete-Block-Molds-for-Concrete-Brick-Factory.webp","datePublished":"2024-08-17T06:11:00+00:00","dateModified":"2025-11-28T07:29:19+00:00","description":"High-quality MASA HESS hollow interlocking concrete block molds for brick factories. Made from alloy steel with heat treatment, durable and compatible with Masa, Hess, Zenith, Tiger, Bessel machines.","breadcrumb":{"@id":"https:\/\/www.kblmachinery.com\/masa-hess-hollow-interlocking-concrete-block-molds-for-concrete-brick-factory\/#breadcrumb"},"inLanguage":"pt-PT","potentialAction":[{"@type":"ReadAction","target":["https:\/\/www.kblmachinery.com\/masa-hess-hollow-interlocking-concrete-block-molds-for-concrete-brick-factory\/"]}]},{"@type":"ImageObject","inLanguage":"pt-PT","@id":"https:\/\/www.kblmachinery.com\/masa-hess-hollow-interlocking-concrete-block-molds-for-concrete-brick-factory\/#primaryimage","url":"https:\/\/www.kblmachinery.com\/wp-content\/uploads\/2025\/11\/MASA-HESS-Hollow-Interlocking-Concrete-Block-Molds-for-Concrete-Brick-Factory.webp","contentUrl":"https:\/\/www.kblmachinery.com\/wp-content\/uploads\/2025\/11\/MASA-HESS-Hollow-Interlocking-Concrete-Block-Molds-for-Concrete-Brick-Factory.webp","width":805,"height":805,"caption":"MASA HESS Interlocking Unipaver Zigzag Paver Mould for Block Machines"},{"@type":"BreadcrumbList","@id":"https:\/\/www.kblmachinery.com\/masa-hess-hollow-interlocking-concrete-block-molds-for-concrete-brick-factory\/#breadcrumb","itemListElement":[{"@type":"ListItem","position":1,"name":"Home","item":"https:\/\/www.kblmachinery.com\/"},{"@type":"ListItem","position":2,"name":"MASA HESS Hollow Interlocking Concrete Block Molds for Concrete Brick Factory"}]},{"@type":"WebSite","@id":"https:\/\/www.kblmachinery.com\/#website","url":"https:\/\/www.kblmachinery.com\/","name":"Professional Brick\/Block Making Machine in China","description":"Block Machine Manufacturer - Kimberly Machinery","publisher":{"@id":"https:\/\/www.kblmachinery.com\/#organization"},"potentialAction":[{"@type":"SearchAction","target":{"@type":"EntryPoint","urlTemplate":"https:\/\/www.kblmachinery.com\/?s={search_term_string}"},"query-input":{"@type":"PropertyValueSpecification","valueRequired":true,"valueName":"search_term_string"}}],"inLanguage":"pt-PT"},{"@type":"Organization","@id":"https:\/\/www.kblmachinery.com\/#organization","name":"Quanzhou Kimberly Machinery Manufacturing Co. Ltd","url":"https:\/\/www.kblmachinery.com\/","logo":{"@type":"ImageObject","inLanguage":"pt-PT","@id":"https:\/\/www.kblmachinery.com\/#\/schema\/logo\/image\/","url":"https:\/\/www.kblmachinery.com\/wp-content\/uploads\/2025\/11\/cropped-logo-1-1.png","contentUrl":"https:\/\/www.kblmachinery.com\/wp-content\/uploads\/2025\/11\/cropped-logo-1-1.png","width":123,"height":136,"caption":"Quanzhou Kimberly Machinery Manufacturing Co. Ltd"},"image":{"@id":"https:\/\/www.kblmachinery.com\/#\/schema\/logo\/image\/"},"sameAs":["https:\/\/www.facebook.com\/KimberlyMachinery"]}]}},"_links":{"self":[{"href":"https:\/\/www.kblmachinery.com\/pt\/wp-json\/wp\/v2\/product\/8222","targetHints":{"allow":["GET"]}}],"collection":[{"href":"https:\/\/www.kblmachinery.com\/pt\/wp-json\/wp\/v2\/product"}],"about":[{"href":"https:\/\/www.kblmachinery.com\/pt\/wp-json\/wp\/v2\/types\/product"}],"wp:featuredmedia":[{"embeddable":true,"href":"https:\/\/www.kblmachinery.com\/pt\/wp-json\/wp\/v2\/media\/8223"}],"wp:attachment":[{"href":"https:\/\/www.kblmachinery.com\/pt\/wp-json\/wp\/v2\/media?parent=8222"}],"wp:term":[{"taxonomy":"product_brand","embeddable":true,"href":"https:\/\/www.kblmachinery.com\/pt\/wp-json\/wp\/v2\/product_brand?post=8222"},{"taxonomy":"product_cat","embeddable":true,"href":"https:\/\/www.kblmachinery.com\/pt\/wp-json\/wp\/v2\/product_cat?post=8222"},{"taxonomy":"product_tag","embeddable":true,"href":"https:\/\/www.kblmachinery.com\/pt\/wp-json\/wp\/v2\/product_tag?post=8222"}],"curies":[{"name":"wp","href":"https:\/\/api.w.org\/{rel}","templated":true}]}}