{"id":8251,"date":"2024-08-17T06:47:00","date_gmt":"2024-08-17T06:47:00","guid":{"rendered":"https:\/\/www.kblmachinery.com\/?post_type=product&#038;p=8251"},"modified":"2025-11-27T05:50:16","modified_gmt":"2025-11-27T05:50:16","slug":"high-end-steel-mould-kerbstone-retaining-wall-brick-block-mold","status":"publish","type":"product","link":"https:\/\/www.kblmachinery.com\/pt\/high-end-steel-mould-kerbstone-retaining-wall-brick-block-mold\/","title":{"rendered":"Pavimento perme\u00e1vel de alta qualidade Molde de a\u00e7o Muro de conten\u00e7\u00e3o de pedra Muro de conten\u00e7\u00e3o de pedra Molde de bloco de tijolo"},"content":{"rendered":"<h2>High-End Permeable Paver Steel Molds for Kerb Stones and Retaining Wall Blocks<\/h2>\n<p>High-end steel molds for permeable pavers, kerb stones, and retaining wall blocks, designed for durability, precision, and long-lasting performance in concrete block production.<\/p>\n<h2>Especifica\u00e7\u00f5es t\u00e9cnicas do molde<\/h2>\n<table class=\"tg\" style=\"border-collapse: collapse; border-spacing: 0px; height: 176px;\" width=\"100%\">\n<tbody>\n<tr>\n<td style=\"font-family: Arial, sans-serif; font-size: 14px; overflow: hidden; padding: 10px 5px; text-align: left; vertical-align: top; word-break: normal; border: 1px solid black;\">Nome<\/td>\n<td style=\"font-family: Arial, sans-serif; font-size: 14px; overflow: hidden; padding: 10px 5px; text-align: left; vertical-align: top; word-break: normal; border: 1px solid black;\">molde de bloco oco<\/td>\n<td style=\"font-family: Arial, sans-serif; font-size: 14px; overflow: hidden; padding: 10px 5px; text-align: left; vertical-align: top; word-break: normal; border: 1px solid black;\">Tratamento t\u00e9rmico<\/td>\n<td style=\"font-family: Arial, sans-serif; font-size: 14px; overflow: hidden; padding: 10px 5px; text-align: left; vertical-align: top; word-break: normal; border: 1px solid black;\">Carbonitreta\u00e7\u00e3o 900-950<span style=\"color: #555;\">\u00b0<\/span>C<\/td>\n<\/tr>\n<tr>\n<td style=\"font-family: Arial, sans-serif; font-size: 14px; overflow: hidden; padding: 10px 5px; text-align: left; vertical-align: top; word-break: normal; border: 1px solid black;\">mat\u00e9ria-prima<\/td>\n<td style=\"font-family: Arial, sans-serif; font-size: 14px; overflow: hidden; padding: 10px 5px; text-align: left; vertical-align: top; word-break: normal; border: 1px solid black;\">a\u00e7o especial resistente ao desgaste<\/td>\n<td style=\"font-family: Arial, sans-serif; font-size: 14px; overflow: hidden; padding: 10px 5px; text-align: left; vertical-align: top; word-break: normal; border: 1px solid black;\">Dureza<\/td>\n<td style=\"font-family: Arial, sans-serif; font-size: 14px; overflow: hidden; padding: 10px 5px; text-align: left; vertical-align: top; word-break: normal; border: 1px solid black;\">60-65HRC<\/td>\n<\/tr>\n<tr>\n<td style=\"font-family: Arial, sans-serif; font-size: 14px; overflow: hidden; padding: 10px 5px; text-align: left; vertical-align: top; word-break: normal; border: 1px solid black;\">Tipo de bloco<\/td>\n<td style=\"font-family: Arial, sans-serif; font-size: 14px; overflow: hidden; padding: 10px 5px; text-align: left; vertical-align: top; word-break: normal; border: 1px solid black;\">Bloco oco, bloco de interbloqueio, bloco de pavimenta\u00e7\u00e3o, pedra de cal\u00e7ada, todos podem ser personalizados<\/td>\n<td style=\"font-family: Arial, sans-serif; font-size: 14px; overflow: hidden; padding: 10px 5px; text-align: left; vertical-align: top; word-break: normal; border: 1px solid black;\">C\u00f3digo SH<\/td>\n<td style=\"font-family: Arial, sans-serif; font-size: 14px; overflow: hidden; padding: 10px 5px; text-align: left; vertical-align: top; word-break: normal; border: 1px solid black;\">848060<\/td>\n<\/tr>\n<tr>\n<td style=\"font-family: Arial, sans-serif; font-size: 14px; overflow: hidden; padding: 10px 5px; text-align: left; vertical-align: top; word-break: normal; border: 1px solid black;\">tempo de vida<\/td>\n<td style=\"font-family: Arial, sans-serif; font-size: 14px; overflow: hidden; padding: 10px 5px; text-align: left; vertical-align: top; word-break: normal; border: 1px solid black;\">100000-120000 vezes<\/td>\n<td style=\"font-family: Arial, sans-serif; font-size: 14px; overflow: hidden; padding: 10px 5px; text-align: left; vertical-align: top; word-break: normal; border: 1px solid black;\">Embalagem<\/td>\n<td style=\"font-family: Arial, sans-serif; font-size: 14px; overflow: hidden; padding: 10px 5px; text-align: left; vertical-align: top; word-break: normal; border: 1px solid black;\">Madeira + pel\u00edcula pl\u00e1stica<\/td>\n<\/tr>\n<\/tbody>\n<\/table>\n<h2 data-start=\"38\" data-end=\"79\">FAQ \u2013 Getting Quotations &amp; Orders<\/h2>\n<h3 data-start=\"81\" data-end=\"116\">1. Como \u00e9 que posso obter um or\u00e7amento?<\/h3>\n<ul data-start=\"117\" data-end=\"548\">\n<li data-start=\"117\" data-end=\"220\">\n<p data-start=\"119\" data-end=\"220\">With Detailed Drawings: Send us your block drawings, and we will provide a quote based on them.<\/p>\n<\/li>\n<li data-start=\"221\" data-end=\"359\">\n<p data-start=\"223\" data-end=\"359\">Without Drawings: Tell us the block type (hollow or solid) and provide a photo with dimensions (length \u00d7 width \u00d7 thickness in mm).<\/p>\n<\/li>\n<li data-start=\"360\" data-end=\"548\">\n<p data-start=\"362\" data-end=\"548\">Additional Information Needed: Include pallet size, tamper head size, mold height, and explain how your mold connects to your machine. Connection drawings are helpful if available.<\/p>\n<\/li>\n<\/ul>\n<p data-start=\"550\" data-end=\"627\">Once we receive your information, we will provide a quotation promptly.<\/p>\n<h3 data-start=\"634\" data-end=\"669\">2. Qual \u00e9 o prazo de entrega?<\/h3>\n<ul data-start=\"670\" data-end=\"783\">\n<li data-start=\"670\" data-end=\"726\">\n<p data-start=\"672\" data-end=\"726\">Moldes padr\u00e3o: 20-25 dias \u00fateis ap\u00f3s o dep\u00f3sito<\/p>\n<\/li>\n<li data-start=\"727\" data-end=\"783\">\n<p data-start=\"729\" data-end=\"783\">Moldes de alta qualidade: 30-40 dias \u00fateis ap\u00f3s o dep\u00f3sito<\/p>\n<\/li>\n<\/ul>\n<h3 data-start=\"790\" data-end=\"952\">3. How is the transport packing handled?<\/h3>\n<p data-start=\"790\" data-end=\"952\">We use wooden crates with plastic film by default, or can customize packaging according to your requirements.<\/p>\n<h3 data-start=\"959\" data-end=\"1111\">4. Quais s\u00e3o as condi\u00e7\u00f5es de pagamento?<\/h3>\n<p data-start=\"959\" data-end=\"1111\">A 50% deposit via T\/T is required to start production. The remaining balance must be settled before shipment.<\/p>\n<h3 data-start=\"1118\" data-end=\"1221\">5. Como posso contact\u00e1-lo?<\/h3>\n<p data-start=\"1118\" data-end=\"1221\">Reach us via WeChat or WhatsApp: +86-1330506196 | +86-18960287187<\/p>\n<p data-start=\"1223\" data-end=\"1258\">Estamos ansiosos por o ajudar!<\/p>\n<p><iframe loading=\"lazy\" title=\"V\u00eddeo de trabalho das cofragens\" src=\"https:\/\/www.youtube.com\/embed\/czhs2wYoLZg\" width=\"556\" height=\"310\" frameborder=\"0\" allowfullscreen=\"allowfullscreen\"><\/iframe><\/p>\n<h2>Sobre a Kimberly Machinery<\/h2>\n<p>A nossa f\u00e1brica foi fundada em 1990, com quase 30 anos de experi\u00eancia de fabrico. N\u00e3o s\u00f3 para o mercado nacional, mas tamb\u00e9m para o estrangeiro, temos vindo a exportar desde 2008.<\/p>\n<p>Nestes anos, temos vindo a fornecer um grande n\u00famero de moldes para m\u00e1quinas de blocos de diferentes marcas nos mercados interno e externo, incluindo MASA, HESS, ZENITH, etc., marcas topo de gama com uma capacidade de produ\u00e7\u00e3o m\u00e9dia de cerca de 1.000 conjuntos por ano. H\u00e1 blocos ocos, tijolos porosos, tijolos maci\u00e7os, telhas de estrada, tijolos de prote\u00e7\u00e3o de encostas de rios, tijolos quadrados, tijolos de cais, tijolos de isolamento t\u00e9rmico, tijolos de planta\u00e7\u00e3o de relva, etc. Os moldes de blocos podem ser feitos. Os moldes de tijolos de forma especial podem ser personalizados de acordo com as necessidades do comprador.<\/p>\n<p>A nossa empresa \u00e9 uma empresa que integra I &amp; D, fabrico, produ\u00e7\u00e3o e vendas. O material do molde pode ser Q345 ou material importado de alta qualidade de It\u00e1lia. O tempo de ciclo pode ser de 80000 vezes ou 120000 vezes \u00e0 escolha. A nossa tecnologia de corte de forro CNC pode efetivamente cumprir os requisitos de precis\u00e3o dos moldes. Ap\u00f3s a cementa\u00e7\u00e3o a v\u00e1cuo, a dureza pode atingir 62 graus, o que aumenta consideravelmente a resist\u00eancia ao desgaste do molde.<\/p>\n<p>Assim, com base na tecnologia de produ\u00e7\u00e3o avan\u00e7ada, excelente artesanato, qualidade confi\u00e1vel, pre\u00e7o razo\u00e1vel, o nosso molde tem sido apoiado e favorecido pelos clientes em casa e no exterior nestes anos.<\/p>","protected":false},"excerpt":{"rendered":"<ol>\n<li>Produzimos blocos ocos de bet\u00e3o, tijolos porosos, tijolos maci\u00e7os, blocos de pavimenta\u00e7\u00e3o, tijolos de prote\u00e7\u00e3o de encostas de rios, tijolos quadrados, tijolos de cais, tijolos de isolamento t\u00e9rmico e tijolos de planta\u00e7\u00e3o de relva.<\/li>\n<li>As formas personalizadas podem ser adaptadas para satisfazer as necessidades espec\u00edficas do comprador.<\/li>\n<li>Todos os tipos de tijolos podem ser fabricados, garantindo versatilidade e personaliza\u00e7\u00e3o para os nossos clientes.<\/li>\n<\/ol>\n<table class=\"tg\" style=\"border-collapse: collapse; border-spacing: 0;\">\n<tbody>\n<tr>\n<td style=\"font-family: Arial, sans-serif; font-size: 14px; overflow: hidden; padding: 10px 5px; text-align: left; vertical-align: top; word-break: normal; border: 1px solid black;\">Encomenda (MOQ) :<\/td>\n<td style=\"font-family: Arial, sans-serif; font-size: 14px; overflow: hidden; padding: 10px 5px; text-align: left; vertical-align: top; word-break: normal; border: 1px solid black;\">1 Conjunto<\/td>\n<\/tr>\n<tr>\n<td style=\"font-family: Arial, sans-serif; font-size: 14px; overflow: hidden; padding: 10px 5px; text-align: left; vertical-align: top; word-break: normal; border: 1px solid black;\">Pagamento :<\/td>\n<td style=\"font-family: Arial, sans-serif; font-size: 14px; overflow: hidden; padding: 10px 5px; text-align: left; vertical-align: top; word-break: normal; border: 1px solid black;\">Pagamento T\/T 100% antes da expedi\u00e7\u00e3o ou 100% por L\/C confirmada e irrevog\u00e1vel \u00e0 vista.<\/td>\n<\/tr>\n<tr>\n<td style=\"font-family: Arial, sans-serif; font-size: 14px; overflow: hidden; padding: 10px 5px; text-align: left; vertical-align: top; word-break: normal; border: 1px solid black;\">Origem do produto :<\/td>\n<td style=\"font-family: Arial, sans-serif; font-size: 14px; overflow: hidden; padding: 10px 5px; text-align: left; vertical-align: top; word-break: normal; border: 1px solid black;\">Quanzhou Fujian<\/td>\n<\/tr>\n<tr>\n<td style=\"font-family: Arial, sans-serif; font-size: 14px; overflow: hidden; padding: 10px 5px; text-align: left; vertical-align: top; word-break: normal; border: 1px solid black;\">Cor :<\/td>\n<td style=\"font-family: Arial, sans-serif; font-size: 14px; overflow: hidden; padding: 10px 5px; text-align: left; vertical-align: top; word-break: normal; border: 1px solid black;\">adaptar-se \u00e0 procura<\/td>\n<\/tr>\n<tr>\n<td style=\"font-family: Arial, sans-serif; font-size: 14px; overflow: hidden; padding: 10px 5px; text-align: left; vertical-align: top; word-break: normal; border: 1px solid black;\">Porto de embarque :<\/td>\n<td style=\"font-family: Arial, sans-serif; font-size: 14px; overflow: hidden; padding: 10px 5px; text-align: left; vertical-align: top; word-break: normal; border: 1px solid black;\">Xiamen<\/td>\n<\/tr>\n<tr>\n<td style=\"font-family: Arial, sans-serif; font-size: 14px; overflow: hidden; padding: 10px 5px; text-align: left; vertical-align: top; word-break: normal; border: 1px solid black;\">Prazo de entrega :<\/td>\n<td style=\"font-family: Arial, sans-serif; font-size: 14px; overflow: hidden; padding: 10px 5px; text-align: left; vertical-align: top; word-break: normal; border: 1px solid black;\">20-25 dias<\/td>\n<\/tr>\n<\/tbody>\n<\/table>\n<p>&nbsp;<\/p>","protected":false},"featured_media":8252,"template":"","meta":[],"product_brand":[],"product_cat":[758,767],"product_tag":[765],"class_list":{"0":"post-8251","1":"product","2":"type-product","3":"status-publish","4":"has-post-thumbnail","6":"product_cat-block-moulds","7":"product_cat-permeable-paver-mould","8":"product_tag-mix-size-block-mold","10":"first","11":"instock","12":"shipping-taxable","13":"product-type-simple"},"yoast_head":"<!-- This site is optimized with the Yoast SEO plugin v24.4 - https:\/\/yoast.com\/wordpress\/plugins\/seo\/ -->\n<title>High-End Permeable Paver Steel Molds Supplier | Kimberly Machinery<\/title>\n<meta name=\"description\" content=\"Durable steel molds for permeable pavers, kerb stones, and retaining wall blocks. High precision and long-lasting performance for block production.\" \/>\n<meta name=\"robots\" content=\"index, follow, max-snippet:-1, max-image-preview:large, max-video-preview:-1\" \/>\n<link rel=\"canonical\" href=\"https:\/\/www.kblmachinery.com\/pt\/high-end-steel-mould-kerbstone-retaining-wall-brick-block-mold\/\" \/>\n<meta property=\"og:locale\" content=\"pt_PT\" \/>\n<meta property=\"og:type\" content=\"article\" \/>\n<meta property=\"og:title\" content=\"High-End Permeable Paver Steel Molds Supplier | Kimberly Machinery\" \/>\n<meta property=\"og:description\" content=\"Durable steel molds for permeable pavers, kerb stones, and retaining wall blocks. High precision and long-lasting performance for block production.\" \/>\n<meta property=\"og:url\" content=\"https:\/\/www.kblmachinery.com\/pt\/high-end-steel-mould-kerbstone-retaining-wall-brick-block-mold\/\" \/>\n<meta property=\"og:site_name\" content=\"Kimberly Machinery\" \/>\n<meta property=\"article:publisher\" content=\"https:\/\/www.facebook.com\/KimberlyMachinery\" \/>\n<meta property=\"article:modified_time\" content=\"2025-11-27T05:50:16+00:00\" \/>\n<meta property=\"og:image\" content=\"https:\/\/www.kblmachinery.com\/wp-content\/uploads\/2025\/11\/High-end-Permeable-Paver-Steel-Mould-Kerbstone-Retaining-Wall-Brick-Block-Mold.webp\" \/>\n\t<meta property=\"og:image:width\" content=\"805\" \/>\n\t<meta property=\"og:image:height\" content=\"805\" \/>\n\t<meta property=\"og:image:type\" content=\"image\/webp\" \/>\n<meta name=\"twitter:card\" content=\"summary_large_image\" \/>\n<meta name=\"twitter:label1\" content=\"Tempo estimado de leitura\" \/>\n\t<meta name=\"twitter:data1\" content=\"3 minutos\" \/>\n<script type=\"application\/ld+json\" class=\"yoast-schema-graph\">{\"@context\":\"https:\/\/schema.org\",\"@graph\":[{\"@type\":\"WebPage\",\"@id\":\"https:\/\/www.kblmachinery.com\/high-end-steel-mould-kerbstone-retaining-wall-brick-block-mold\/\",\"url\":\"https:\/\/www.kblmachinery.com\/high-end-steel-mould-kerbstone-retaining-wall-brick-block-mold\/\",\"name\":\"High-End Permeable Paver Steel Molds Supplier | Kimberly Machinery\",\"isPartOf\":{\"@id\":\"https:\/\/www.kblmachinery.com\/#website\"},\"primaryImageOfPage\":{\"@id\":\"https:\/\/www.kblmachinery.com\/high-end-steel-mould-kerbstone-retaining-wall-brick-block-mold\/#primaryimage\"},\"image\":{\"@id\":\"https:\/\/www.kblmachinery.com\/high-end-steel-mould-kerbstone-retaining-wall-brick-block-mold\/#primaryimage\"},\"thumbnailUrl\":\"https:\/\/www.kblmachinery.com\/wp-content\/uploads\/2025\/11\/High-end-Permeable-Paver-Steel-Mould-Kerbstone-Retaining-Wall-Brick-Block-Mold.webp\",\"datePublished\":\"2024-08-17T06:47:00+00:00\",\"dateModified\":\"2025-11-27T05:50:16+00:00\",\"description\":\"Durable steel molds for permeable pavers, kerb stones, and retaining wall blocks. High precision and long-lasting performance for block production.\",\"breadcrumb\":{\"@id\":\"https:\/\/www.kblmachinery.com\/high-end-steel-mould-kerbstone-retaining-wall-brick-block-mold\/#breadcrumb\"},\"inLanguage\":\"pt-PT\",\"potentialAction\":[{\"@type\":\"ReadAction\",\"target\":[\"https:\/\/www.kblmachinery.com\/high-end-steel-mould-kerbstone-retaining-wall-brick-block-mold\/\"]}]},{\"@type\":\"ImageObject\",\"inLanguage\":\"pt-PT\",\"@id\":\"https:\/\/www.kblmachinery.com\/high-end-steel-mould-kerbstone-retaining-wall-brick-block-mold\/#primaryimage\",\"url\":\"https:\/\/www.kblmachinery.com\/wp-content\/uploads\/2025\/11\/High-end-Permeable-Paver-Steel-Mould-Kerbstone-Retaining-Wall-Brick-Block-Mold.webp\",\"contentUrl\":\"https:\/\/www.kblmachinery.com\/wp-content\/uploads\/2025\/11\/High-end-Permeable-Paver-Steel-Mould-Kerbstone-Retaining-Wall-Brick-Block-Mold.webp\",\"width\":805,\"height\":805,\"caption\":\"Hollow Block Mold Pavers Interlocking Bricks Mould Interlocking Brick Mold for Sale\"},{\"@type\":\"BreadcrumbList\",\"@id\":\"https:\/\/www.kblmachinery.com\/high-end-steel-mould-kerbstone-retaining-wall-brick-block-mold\/#breadcrumb\",\"itemListElement\":[{\"@type\":\"ListItem\",\"position\":1,\"name\":\"Home\",\"item\":\"https:\/\/www.kblmachinery.com\/\"},{\"@type\":\"ListItem\",\"position\":2,\"name\":\"High-end Permeable Paver Steel Mould Kerb Stone Retaining Wall Brick Block Mold\"}]},{\"@type\":\"WebSite\",\"@id\":\"https:\/\/www.kblmachinery.com\/#website\",\"url\":\"https:\/\/www.kblmachinery.com\/\",\"name\":\"Professional Brick\/Block Making Machine in China\",\"description\":\"Block Machine Manufacturer - Kimberly Machinery\",\"publisher\":{\"@id\":\"https:\/\/www.kblmachinery.com\/#organization\"},\"potentialAction\":[{\"@type\":\"SearchAction\",\"target\":{\"@type\":\"EntryPoint\",\"urlTemplate\":\"https:\/\/www.kblmachinery.com\/?s={search_term_string}\"},\"query-input\":{\"@type\":\"PropertyValueSpecification\",\"valueRequired\":true,\"valueName\":\"search_term_string\"}}],\"inLanguage\":\"pt-PT\"},{\"@type\":\"Organization\",\"@id\":\"https:\/\/www.kblmachinery.com\/#organization\",\"name\":\"Quanzhou Kimberly Machinery Manufacturing Co. Ltd\",\"url\":\"https:\/\/www.kblmachinery.com\/\",\"logo\":{\"@type\":\"ImageObject\",\"inLanguage\":\"pt-PT\",\"@id\":\"https:\/\/www.kblmachinery.com\/#\/schema\/logo\/image\/\",\"url\":\"https:\/\/www.kblmachinery.com\/wp-content\/uploads\/2025\/11\/cropped-logo-1-1.png\",\"contentUrl\":\"https:\/\/www.kblmachinery.com\/wp-content\/uploads\/2025\/11\/cropped-logo-1-1.png\",\"width\":123,\"height\":136,\"caption\":\"Quanzhou Kimberly Machinery Manufacturing Co. Ltd\"},\"image\":{\"@id\":\"https:\/\/www.kblmachinery.com\/#\/schema\/logo\/image\/\"},\"sameAs\":[\"https:\/\/www.facebook.com\/KimberlyMachinery\"]}]}<\/script>\n<!-- \/ Yoast SEO plugin. -->","yoast_head_json":{"title":"High-End Permeable Paver Steel Molds Supplier | Kimberly Machinery","description":"Durable steel molds for permeable pavers, kerb stones, and retaining wall blocks. High precision and long-lasting performance for block production.","robots":{"index":"index","follow":"follow","max-snippet":"max-snippet:-1","max-image-preview":"max-image-preview:large","max-video-preview":"max-video-preview:-1"},"canonical":"https:\/\/www.kblmachinery.com\/pt\/high-end-steel-mould-kerbstone-retaining-wall-brick-block-mold\/","og_locale":"pt_PT","og_type":"article","og_title":"High-End Permeable Paver Steel Molds Supplier | Kimberly Machinery","og_description":"Durable steel molds for permeable pavers, kerb stones, and retaining wall blocks. High precision and long-lasting performance for block production.","og_url":"https:\/\/www.kblmachinery.com\/pt\/high-end-steel-mould-kerbstone-retaining-wall-brick-block-mold\/","og_site_name":"Kimberly Machinery","article_publisher":"https:\/\/www.facebook.com\/KimberlyMachinery","article_modified_time":"2025-11-27T05:50:16+00:00","og_image":[{"width":805,"height":805,"url":"https:\/\/www.kblmachinery.com\/wp-content\/uploads\/2025\/11\/High-end-Permeable-Paver-Steel-Mould-Kerbstone-Retaining-Wall-Brick-Block-Mold.webp","type":"image\/webp"}],"twitter_card":"summary_large_image","twitter_misc":{"Tempo estimado de leitura":"3 minutos"},"schema":{"@context":"https:\/\/schema.org","@graph":[{"@type":"WebPage","@id":"https:\/\/www.kblmachinery.com\/high-end-steel-mould-kerbstone-retaining-wall-brick-block-mold\/","url":"https:\/\/www.kblmachinery.com\/high-end-steel-mould-kerbstone-retaining-wall-brick-block-mold\/","name":"High-End Permeable Paver Steel Molds Supplier | Kimberly Machinery","isPartOf":{"@id":"https:\/\/www.kblmachinery.com\/#website"},"primaryImageOfPage":{"@id":"https:\/\/www.kblmachinery.com\/high-end-steel-mould-kerbstone-retaining-wall-brick-block-mold\/#primaryimage"},"image":{"@id":"https:\/\/www.kblmachinery.com\/high-end-steel-mould-kerbstone-retaining-wall-brick-block-mold\/#primaryimage"},"thumbnailUrl":"https:\/\/www.kblmachinery.com\/wp-content\/uploads\/2025\/11\/High-end-Permeable-Paver-Steel-Mould-Kerbstone-Retaining-Wall-Brick-Block-Mold.webp","datePublished":"2024-08-17T06:47:00+00:00","dateModified":"2025-11-27T05:50:16+00:00","description":"Durable steel molds for permeable pavers, kerb stones, and retaining wall blocks. High precision and long-lasting performance for block production.","breadcrumb":{"@id":"https:\/\/www.kblmachinery.com\/high-end-steel-mould-kerbstone-retaining-wall-brick-block-mold\/#breadcrumb"},"inLanguage":"pt-PT","potentialAction":[{"@type":"ReadAction","target":["https:\/\/www.kblmachinery.com\/high-end-steel-mould-kerbstone-retaining-wall-brick-block-mold\/"]}]},{"@type":"ImageObject","inLanguage":"pt-PT","@id":"https:\/\/www.kblmachinery.com\/high-end-steel-mould-kerbstone-retaining-wall-brick-block-mold\/#primaryimage","url":"https:\/\/www.kblmachinery.com\/wp-content\/uploads\/2025\/11\/High-end-Permeable-Paver-Steel-Mould-Kerbstone-Retaining-Wall-Brick-Block-Mold.webp","contentUrl":"https:\/\/www.kblmachinery.com\/wp-content\/uploads\/2025\/11\/High-end-Permeable-Paver-Steel-Mould-Kerbstone-Retaining-Wall-Brick-Block-Mold.webp","width":805,"height":805,"caption":"Hollow Block Mold Pavers Interlocking Bricks Mould Interlocking Brick Mold for Sale"},{"@type":"BreadcrumbList","@id":"https:\/\/www.kblmachinery.com\/high-end-steel-mould-kerbstone-retaining-wall-brick-block-mold\/#breadcrumb","itemListElement":[{"@type":"ListItem","position":1,"name":"Home","item":"https:\/\/www.kblmachinery.com\/"},{"@type":"ListItem","position":2,"name":"High-end Permeable Paver Steel Mould Kerb Stone Retaining Wall Brick Block Mold"}]},{"@type":"WebSite","@id":"https:\/\/www.kblmachinery.com\/#website","url":"https:\/\/www.kblmachinery.com\/","name":"Professional Brick\/Block Making Machine in China","description":"Block Machine Manufacturer - Kimberly Machinery","publisher":{"@id":"https:\/\/www.kblmachinery.com\/#organization"},"potentialAction":[{"@type":"SearchAction","target":{"@type":"EntryPoint","urlTemplate":"https:\/\/www.kblmachinery.com\/?s={search_term_string}"},"query-input":{"@type":"PropertyValueSpecification","valueRequired":true,"valueName":"search_term_string"}}],"inLanguage":"pt-PT"},{"@type":"Organization","@id":"https:\/\/www.kblmachinery.com\/#organization","name":"Quanzhou Kimberly Machinery Manufacturing Co. Ltd","url":"https:\/\/www.kblmachinery.com\/","logo":{"@type":"ImageObject","inLanguage":"pt-PT","@id":"https:\/\/www.kblmachinery.com\/#\/schema\/logo\/image\/","url":"https:\/\/www.kblmachinery.com\/wp-content\/uploads\/2025\/11\/cropped-logo-1-1.png","contentUrl":"https:\/\/www.kblmachinery.com\/wp-content\/uploads\/2025\/11\/cropped-logo-1-1.png","width":123,"height":136,"caption":"Quanzhou Kimberly Machinery Manufacturing Co. Ltd"},"image":{"@id":"https:\/\/www.kblmachinery.com\/#\/schema\/logo\/image\/"},"sameAs":["https:\/\/www.facebook.com\/KimberlyMachinery"]}]}},"_links":{"self":[{"href":"https:\/\/www.kblmachinery.com\/pt\/wp-json\/wp\/v2\/product\/8251","targetHints":{"allow":["GET"]}}],"collection":[{"href":"https:\/\/www.kblmachinery.com\/pt\/wp-json\/wp\/v2\/product"}],"about":[{"href":"https:\/\/www.kblmachinery.com\/pt\/wp-json\/wp\/v2\/types\/product"}],"wp:featuredmedia":[{"embeddable":true,"href":"https:\/\/www.kblmachinery.com\/pt\/wp-json\/wp\/v2\/media\/8252"}],"wp:attachment":[{"href":"https:\/\/www.kblmachinery.com\/pt\/wp-json\/wp\/v2\/media?parent=8251"}],"wp:term":[{"taxonomy":"product_brand","embeddable":true,"href":"https:\/\/www.kblmachinery.com\/pt\/wp-json\/wp\/v2\/product_brand?post=8251"},{"taxonomy":"product_cat","embeddable":true,"href":"https:\/\/www.kblmachinery.com\/pt\/wp-json\/wp\/v2\/product_cat?post=8251"},{"taxonomy":"product_tag","embeddable":true,"href":"https:\/\/www.kblmachinery.com\/pt\/wp-json\/wp\/v2\/product_tag?post=8251"}],"curies":[{"name":"wp","href":"https:\/\/api.w.org\/{rel}","templated":true}]}}