{"id":8263,"date":"2024-08-17T09:22:00","date_gmt":"2024-08-17T09:22:00","guid":{"rendered":"https:\/\/www.kblmachinery.com\/?post_type=product&#038;p=8263"},"modified":"2025-11-28T07:15:13","modified_gmt":"2025-11-28T07:15:13","slug":"steel-molds-for-masa-hess-block-machine","status":"publish","type":"product","link":"https:\/\/www.kblmachinery.com\/pt\/steel-molds-for-masa-hess-block-machine\/","title":{"rendered":"Moldes de a\u00e7o para a m\u00e1quina de blocos MASA HESS"},"content":{"rendered":"<h2>Tecnologia alem\u00e3 Moldes de a\u00e7o para lancis de bet\u00e3o para m\u00e1quinas de blocos MASA HESS<\/h2>\n<h3>1. Tipo de bloco:<\/h3>\n<p>Concebemos e fabricamos moldes de a\u00e7o de alta qualidade para produzir pedras de pavimenta\u00e7\u00e3o entrela\u00e7adas, lajes, pedras de pavimenta\u00e7\u00e3o perme\u00e1veis, lancis, muros de conten\u00e7\u00e3o, blocos ocos e especiais, sempre de acordo com os requisitos dos nossos clientes e tamb\u00e9m propondo ideias novas e frescas<\/p>\n<h3>2. Mat\u00e9ria-prima:<\/h3>\n<p>No fabrico de moldes para blocos de bet\u00e3o, utilizamos a\u00e7o especial de alta qualidade, temperado e revenido, importado de It\u00e1lia. Estes a\u00e7os s\u00e3o ainda mais resistentes \u00e0 abras\u00e3o atrav\u00e9s de tratamento t\u00e9rmico.<\/p>\n<h3>3. Experi\u00eancia de fabrico:<\/h3>\n<p>Com mais de 30 anos de experi\u00eancia de fabrico, temos clientes de muitos pa\u00edses. Juntamos a nossa experi\u00eancia \u00e0 qualidade do a\u00e7o para garantir que fornecemos produtos de alta qualidade a todos os nossos compradores.<\/p>\n<h2>Detalhes t\u00e9cnicos do molde<\/h2>\n<table class=\"tg\" style=\"border-collapse: collapse; border-spacing: 0px; height: 164px;\" width=\"100%\">\n<tbody>\n<tr>\n<td style=\"font-family: Arial, sans-serif; font-size: 14px; overflow: hidden; padding: 10px 5px; text-align: left; vertical-align: top; word-break: normal; border: 1px solid black;\">Nome<\/td>\n<td style=\"font-family: Arial, sans-serif; font-size: 14px; overflow: hidden; padding: 10px 5px; text-align: left; vertical-align: top; word-break: normal; border: 1px solid black;\">molde de a\u00e7o para lancis<\/td>\n<td style=\"font-family: Arial, sans-serif; font-size: 14px; overflow: hidden; padding: 10px 5px; text-align: left; vertical-align: top; word-break: normal; border: 1px solid black;\">Tratamento t\u00e9rmico<\/td>\n<td style=\"font-family: Arial, sans-serif; font-size: 14px; overflow: hidden; padding: 10px 5px; text-align: left; vertical-align: top; word-break: normal; border: 1px solid black;\">Carbonitreta\u00e7\u00e3o 900-950<span style=\"color: #555;\">\u00b0<\/span>C<\/td>\n<\/tr>\n<tr>\n<td style=\"font-family: Arial, sans-serif; font-size: 14px; overflow: hidden; padding: 10px 5px; text-align: left; vertical-align: top; word-break: normal; border: 1px solid black;\">mat\u00e9ria-prima<\/td>\n<td style=\"font-family: Arial, sans-serif; font-size: 14px; overflow: hidden; padding: 10px 5px; text-align: left; vertical-align: top; word-break: normal; border: 1px solid black;\">a\u00e7o especial resistente ao desgaste<\/td>\n<td style=\"font-family: Arial, sans-serif; font-size: 14px; overflow: hidden; padding: 10px 5px; text-align: left; vertical-align: top; word-break: normal; border: 1px solid black;\">Dureza<\/td>\n<td style=\"font-family: Arial, sans-serif; font-size: 14px; overflow: hidden; padding: 10px 5px; text-align: left; vertical-align: top; word-break: normal; border: 1px solid black;\">60-65HRC<\/td>\n<\/tr>\n<tr>\n<td style=\"font-family: Arial, sans-serif; font-size: 14px; overflow: hidden; padding: 10px 5px; text-align: left; vertical-align: top; word-break: normal; border: 1px solid black;\">Tipo de bloco<\/td>\n<td style=\"font-family: Arial, sans-serif; font-size: 14px; overflow: hidden; padding: 10px 5px; text-align: left; vertical-align: top; word-break: normal; border: 1px solid black;\">Bloco oco, bloco de interbloqueio, bloco de pavimenta\u00e7\u00e3o, pedra de cal\u00e7ada, todos podem ser personalizados<\/td>\n<td style=\"font-family: Arial, sans-serif; font-size: 14px; overflow: hidden; padding: 10px 5px; text-align: left; vertical-align: top; word-break: normal; border: 1px solid black;\">C\u00f3digo SH<\/td>\n<td style=\"font-family: Arial, sans-serif; font-size: 14px; overflow: hidden; padding: 10px 5px; text-align: left; vertical-align: top; word-break: normal; border: 1px solid black;\">848060<\/td>\n<\/tr>\n<tr>\n<td style=\"font-family: Arial, sans-serif; font-size: 14px; overflow: hidden; padding: 10px 5px; text-align: left; vertical-align: top; word-break: normal; border: 1px solid black;\">tempo de vida<\/td>\n<td style=\"font-family: Arial, sans-serif; font-size: 14px; overflow: hidden; padding: 10px 5px; text-align: left; vertical-align: top; word-break: normal; border: 1px solid black;\">100000-120000 vezes<\/td>\n<td style=\"font-family: Arial, sans-serif; font-size: 14px; overflow: hidden; padding: 10px 5px; text-align: left; vertical-align: top; word-break: normal; border: 1px solid black;\">Embalagem<\/td>\n<td style=\"font-family: Arial, sans-serif; font-size: 14px; overflow: hidden; padding: 10px 5px; text-align: left; vertical-align: top; word-break: normal; border: 1px solid black;\">Madeira + pel\u00edcula pl\u00e1stica<\/td>\n<\/tr>\n<\/tbody>\n<\/table>\n<h2>Os nossos servi\u00e7os<\/h2>\n<h3 data-start=\"39\" data-end=\"71\">Como obter um or\u00e7amento<\/h3>\n<ol data-start=\"73\" data-end=\"849\">\n<li data-start=\"73\" data-end=\"264\">\n<p data-start=\"76\" data-end=\"264\">Fornecer desenhos pormenorizados<br data-start=\"105\" data-end=\"108\" \/>Se tiver desenhos pormenorizados do bloco de que necessita, envie-nos esses desenhos para an\u00e1lise. Forneceremos um or\u00e7amento exato com base nas suas especifica\u00e7\u00f5es.<\/p>\n<\/li>\n<li data-start=\"266\" data-end=\"500\">\n<p data-start=\"269\" data-end=\"500\">Sem desenhos pormenorizados<br data-start=\"298\" data-end=\"301\" \/>Se n\u00e3o dispuser de desenhos, indique-nos o tipo de bloco pretendido (por exemplo, oco ou maci\u00e7o). Envie tamb\u00e9m uma fotografia do bloco com as suas dimens\u00f5es (comprimento \u00d7 largura \u00d7 espessura em mm).<\/p>\n<\/li>\n<li data-start=\"502\" data-end=\"603\">\n<p data-start=\"505\" data-end=\"603\">Partilhar o tamanho da palete<br data-start=\"526\" data-end=\"529\" \/>Indique as dimens\u00f5es da sua palete para garantir a compatibilidade.<\/p>\n<\/li>\n<li data-start=\"605\" data-end=\"710\">\n<p data-start=\"608\" data-end=\"710\">Fornecer pormenores sobre o molde<br data-start=\"632\" data-end=\"635\" \/>Inclua o tamanho da sua cabe\u00e7a de tamper e a altura do seu molde inferior.<\/p>\n<\/li>\n<li data-start=\"712\" data-end=\"849\">\n<p data-start=\"715\" data-end=\"849\">Explicar a liga\u00e7\u00e3o do molde<br data-start=\"742\" data-end=\"745\" \/>Descreva como \u00e9 que o seu molde se liga \u00e0 sua m\u00e1quina. Se tiver um desenho de liga\u00e7\u00e3o, partilhe-o.<\/p>\n<\/li>\n<\/ol>\n<p data-start=\"851\" data-end=\"935\">Assim que recebermos as suas informa\u00e7\u00f5es, prepararemos um or\u00e7amento o mais rapidamente poss\u00edvel.<\/p>\n<h3 data-start=\"942\" data-end=\"965\">Prazo de entrega<\/h3>\n<ul data-start=\"967\" data-end=\"1120\">\n<li data-start=\"967\" data-end=\"1043\">\n<p data-start=\"969\" data-end=\"1043\">Moldes de blocos normais: 20-25 dias \u00fateis ap\u00f3s a rece\u00e7\u00e3o do dep\u00f3sito<\/p>\n<\/li>\n<li data-start=\"1044\" data-end=\"1120\">\n<p data-start=\"1046\" data-end=\"1120\">Moldes de blocos de alta qualidade: 30-40 dias \u00fateis ap\u00f3s a rece\u00e7\u00e3o do dep\u00f3sito<\/p>\n<\/li>\n<\/ul>\n<h3 data-start=\"1127\" data-end=\"1156\">Transporte e embalagem<\/h3>\n<p data-start=\"1158\" data-end=\"1285\">Por defeito, utilizamos embalagens de madeira com pel\u00edcula de pl\u00e1stico, mas as embalagens personalizadas est\u00e3o dispon\u00edveis de acordo com as suas necessidades.<\/p>\n<h3 data-start=\"1292\" data-end=\"1333\">Compatibilidade com a sua m\u00e1quina<\/h3>\n<p data-start=\"1335\" data-end=\"1462\">Fabricamos moldes para v\u00e1rias marcas de m\u00e1quinas de blocos e mantemos registos detalhados. Alguns moldes podem j\u00e1 ser adequados \u00e0 sua m\u00e1quina.<\/p>\n<ul data-start=\"1464\" data-end=\"1714\">\n<li data-start=\"1464\" data-end=\"1612\">\n<p data-start=\"1466\" data-end=\"1612\">Se necess\u00e1rio, pode convidar um engenheiro para efetuar medi\u00e7\u00f5es, ou podemos orient\u00e1-lo para enviar fotografias e medi\u00e7\u00f5es por via digital, como fazem muitos clientes.<\/p>\n<\/li>\n<li data-start=\"1613\" data-end=\"1714\">\n<p data-start=\"1615\" data-end=\"1714\">Depois de confirmar o dimensionamento, o molde que enviamos adaptar-se-\u00e1 perfeitamente \u00e0 sua m\u00e1quina, por isso n\u00e3o se preocupe!<\/p>\n<\/li>\n<\/ul>\n<h2 data-start=\"1721\" data-end=\"1741\">Contactar-nos<\/h2>\n<p data-start=\"1743\" data-end=\"1813\">Contactar-nos atrav\u00e9s do WeChat\/WhatsApp:<br data-start=\"1776\" data-end=\"1779\" \/>+86-1330506196 | +86-18960287187<\/p>\n<p data-start=\"1815\" data-end=\"1850\">Estamos ansiosos por o ajudar!<\/p>\n<p><iframe loading=\"lazy\" title=\"V\u00eddeo de trabalho das cofragens\" src=\"https:\/\/www.youtube.com\/embed\/czhs2wYoLZg\" width=\"556\" height=\"310\" frameborder=\"0\" allowfullscreen=\"allowfullscreen\"><\/iframe><\/p>","protected":false},"excerpt":{"rendered":"<p>Com quase 30 anos de experi\u00eancia no fabrico de todos os tipos de moldes de blocos de bet\u00e3o, oferecemos op\u00e7\u00f5es de 80.000 ou 120.000 ciclos. Ap\u00f3s o tratamento t\u00e9rmico, a dureza atinge 62 graus.<\/p>\n<table class=\"tg\" style=\"border-collapse: collapse; border-spacing: 0px; height: 251px;\" width=\"100%\">\n<tbody>\n<tr>\n<td style=\"font-family: Arial, sans-serif; font-size: 14px; overflow: hidden; padding: 10px 5px; text-align: left; vertical-align: top; word-break: normal; border: 1px solid black;\">Encomenda (MOQ) :<\/td>\n<td style=\"font-family: Arial, sans-serif; font-size: 14px; overflow: hidden; padding: 10px 5px; text-align: left; vertical-align: top; word-break: normal; border: 1px solid black;\">1 Conjunto<\/td>\n<\/tr>\n<tr>\n<td style=\"font-family: Arial, sans-serif; font-size: 14px; overflow: hidden; padding: 10px 5px; text-align: left; vertical-align: top; word-break: normal; border: 1px solid black;\">Pagamento :<\/td>\n<td style=\"font-family: Arial, sans-serif; font-size: 14px; overflow: hidden; padding: 10px 5px; text-align: left; vertical-align: top; word-break: normal; border: 1px solid black;\">Pagamento T\/T 100% antes da expedi\u00e7\u00e3o ou 100% por L\/C confirmada e irrevog\u00e1vel \u00e0 vista.<\/td>\n<\/tr>\n<tr>\n<td style=\"font-family: Arial, sans-serif; font-size: 14px; overflow: hidden; padding: 10px 5px; text-align: left; vertical-align: top; word-break: normal; border: 1px solid black;\">Origem do produto :<\/td>\n<td style=\"font-family: Arial, sans-serif; font-size: 14px; overflow: hidden; padding: 10px 5px; text-align: left; vertical-align: top; word-break: normal; border: 1px solid black;\">Quanzhou Fujian<\/td>\n<\/tr>\n<tr>\n<td style=\"font-family: Arial, sans-serif; font-size: 14px; overflow: hidden; padding: 10px 5px; text-align: left; vertical-align: top; word-break: normal; border: 1px solid black;\">Cor :<\/td>\n<td style=\"font-family: Arial, sans-serif; font-size: 14px; overflow: hidden; padding: 10px 5px; text-align: left; vertical-align: top; word-break: normal; border: 1px solid black;\">adaptar-se \u00e0 procura<\/td>\n<\/tr>\n<tr>\n<td style=\"font-family: Arial, sans-serif; font-size: 14px; overflow: hidden; padding: 10px 5px; text-align: left; vertical-align: top; word-break: normal; border: 1px solid black;\">Porto de embarque :<\/td>\n<td style=\"font-family: Arial, sans-serif; font-size: 14px; overflow: hidden; padding: 10px 5px; text-align: left; vertical-align: top; word-break: normal; border: 1px solid black;\">Xiamen<\/td>\n<\/tr>\n<tr>\n<td style=\"font-family: Arial, sans-serif; font-size: 14px; overflow: hidden; padding: 10px 5px; text-align: left; vertical-align: top; word-break: normal; border: 1px solid black;\">Prazo de entrega :<\/td>\n<td style=\"font-family: Arial, sans-serif; font-size: 14px; overflow: hidden; padding: 10px 5px; text-align: left; vertical-align: top; word-break: normal; border: 1px solid black;\">20-25 dias<\/td>\n<\/tr>\n<\/tbody>\n<\/table>\n<p>&nbsp;<\/p>","protected":false},"featured_media":8264,"template":"","meta":[],"product_brand":[],"product_cat":[758,769],"product_tag":[],"class_list":{"0":"post-8263","1":"product","2":"type-product","3":"status-publish","4":"has-post-thumbnail","6":"product_cat-block-moulds","7":"product_cat-road-brick-mould","9":"first","10":"instock","11":"shipping-taxable","12":"product-type-simple"},"yoast_head":"<!-- This site is optimized with the Yoast SEO plugin v24.4 - https:\/\/yoast.com\/wordpress\/plugins\/seo\/ -->\n<title>Steel Molds for MASA HESS Block Machine - Kimberly Machinery<\/title>\n<meta name=\"description\" content=\"China Steel Molds for MASA HESS Block Machine manufacturer provides auto concrete block machines, hydraulic press series block machines, concrete mixer, batching machine with wholesale price.\" \/>\n<meta name=\"robots\" content=\"index, follow, max-snippet:-1, max-image-preview:large, max-video-preview:-1\" \/>\n<link rel=\"canonical\" href=\"https:\/\/www.kblmachinery.com\/pt\/steel-molds-for-masa-hess-block-machine\/\" \/>\n<meta property=\"og:locale\" content=\"pt_PT\" \/>\n<meta property=\"og:type\" content=\"article\" \/>\n<meta property=\"og:title\" content=\"Steel Molds for MASA HESS Block Machine - Kimberly Machinery\" \/>\n<meta property=\"og:description\" content=\"China Steel Molds for MASA HESS Block Machine manufacturer provides auto concrete block machines, hydraulic press series block machines, concrete mixer, batching machine with wholesale price.\" \/>\n<meta property=\"og:url\" content=\"https:\/\/www.kblmachinery.com\/pt\/steel-molds-for-masa-hess-block-machine\/\" \/>\n<meta property=\"og:site_name\" content=\"Kimberly Machinery\" \/>\n<meta property=\"article:publisher\" content=\"https:\/\/www.facebook.com\/KimberlyMachinery\" \/>\n<meta property=\"article:modified_time\" content=\"2025-11-28T07:15:13+00:00\" \/>\n<meta property=\"og:image\" content=\"https:\/\/www.kblmachinery.com\/wp-content\/uploads\/2025\/11\/Germany-Technology-Concrete-Kerbstone-Steel-Mould-for-Masa-Hess-Block-Making-Machine.webp\" \/>\n\t<meta property=\"og:image:width\" content=\"805\" \/>\n\t<meta property=\"og:image:height\" content=\"805\" \/>\n\t<meta property=\"og:image:type\" content=\"image\/webp\" \/>\n<meta name=\"twitter:card\" content=\"summary_large_image\" \/>\n<meta name=\"twitter:label1\" content=\"Tempo estimado de leitura\" \/>\n\t<meta name=\"twitter:data1\" content=\"3 minutos\" \/>\n<script type=\"application\/ld+json\" class=\"yoast-schema-graph\">{\"@context\":\"https:\/\/schema.org\",\"@graph\":[{\"@type\":\"WebPage\",\"@id\":\"https:\/\/www.kblmachinery.com\/steel-molds-for-masa-hess-block-machine\/\",\"url\":\"https:\/\/www.kblmachinery.com\/steel-molds-for-masa-hess-block-machine\/\",\"name\":\"Steel Molds for MASA HESS Block Machine - Kimberly Machinery\",\"isPartOf\":{\"@id\":\"https:\/\/www.kblmachinery.com\/#website\"},\"primaryImageOfPage\":{\"@id\":\"https:\/\/www.kblmachinery.com\/steel-molds-for-masa-hess-block-machine\/#primaryimage\"},\"image\":{\"@id\":\"https:\/\/www.kblmachinery.com\/steel-molds-for-masa-hess-block-machine\/#primaryimage\"},\"thumbnailUrl\":\"https:\/\/www.kblmachinery.com\/wp-content\/uploads\/2025\/11\/Germany-Technology-Concrete-Kerbstone-Steel-Mould-for-Masa-Hess-Block-Making-Machine.webp\",\"datePublished\":\"2024-08-17T09:22:00+00:00\",\"dateModified\":\"2025-11-28T07:15:13+00:00\",\"description\":\"China Steel Molds for MASA HESS Block Machine manufacturer provides auto concrete block machines, hydraulic press series block machines, concrete mixer, batching machine with wholesale price.\",\"breadcrumb\":{\"@id\":\"https:\/\/www.kblmachinery.com\/steel-molds-for-masa-hess-block-machine\/#breadcrumb\"},\"inLanguage\":\"pt-PT\",\"potentialAction\":[{\"@type\":\"ReadAction\",\"target\":[\"https:\/\/www.kblmachinery.com\/steel-molds-for-masa-hess-block-machine\/\"]}]},{\"@type\":\"ImageObject\",\"inLanguage\":\"pt-PT\",\"@id\":\"https:\/\/www.kblmachinery.com\/steel-molds-for-masa-hess-block-machine\/#primaryimage\",\"url\":\"https:\/\/www.kblmachinery.com\/wp-content\/uploads\/2025\/11\/Germany-Technology-Concrete-Kerbstone-Steel-Mould-for-Masa-Hess-Block-Making-Machine.webp\",\"contentUrl\":\"https:\/\/www.kblmachinery.com\/wp-content\/uploads\/2025\/11\/Germany-Technology-Concrete-Kerbstone-Steel-Mould-for-Masa-Hess-Block-Making-Machine.webp\",\"width\":805,\"height\":805,\"caption\":\"Germany Technology Concrete Kerbstone Steel Mould for Masa Hess Block Making Machine\"},{\"@type\":\"BreadcrumbList\",\"@id\":\"https:\/\/www.kblmachinery.com\/steel-molds-for-masa-hess-block-machine\/#breadcrumb\",\"itemListElement\":[{\"@type\":\"ListItem\",\"position\":1,\"name\":\"Home\",\"item\":\"https:\/\/www.kblmachinery.com\/\"},{\"@type\":\"ListItem\",\"position\":2,\"name\":\"Steel Molds for MASA HESS Block Machine\"}]},{\"@type\":\"WebSite\",\"@id\":\"https:\/\/www.kblmachinery.com\/#website\",\"url\":\"https:\/\/www.kblmachinery.com\/\",\"name\":\"Professional Brick\/Block Making Machine in China\",\"description\":\"Block Machine Manufacturer - Kimberly Machinery\",\"publisher\":{\"@id\":\"https:\/\/www.kblmachinery.com\/#organization\"},\"potentialAction\":[{\"@type\":\"SearchAction\",\"target\":{\"@type\":\"EntryPoint\",\"urlTemplate\":\"https:\/\/www.kblmachinery.com\/?s={search_term_string}\"},\"query-input\":{\"@type\":\"PropertyValueSpecification\",\"valueRequired\":true,\"valueName\":\"search_term_string\"}}],\"inLanguage\":\"pt-PT\"},{\"@type\":\"Organization\",\"@id\":\"https:\/\/www.kblmachinery.com\/#organization\",\"name\":\"Quanzhou Kimberly Machinery Manufacturing Co. Ltd\",\"url\":\"https:\/\/www.kblmachinery.com\/\",\"logo\":{\"@type\":\"ImageObject\",\"inLanguage\":\"pt-PT\",\"@id\":\"https:\/\/www.kblmachinery.com\/#\/schema\/logo\/image\/\",\"url\":\"https:\/\/www.kblmachinery.com\/wp-content\/uploads\/2025\/11\/cropped-logo-1-1.png\",\"contentUrl\":\"https:\/\/www.kblmachinery.com\/wp-content\/uploads\/2025\/11\/cropped-logo-1-1.png\",\"width\":123,\"height\":136,\"caption\":\"Quanzhou Kimberly Machinery Manufacturing Co. Ltd\"},\"image\":{\"@id\":\"https:\/\/www.kblmachinery.com\/#\/schema\/logo\/image\/\"},\"sameAs\":[\"https:\/\/www.facebook.com\/KimberlyMachinery\"]}]}<\/script>\n<!-- \/ Yoast SEO plugin. -->","yoast_head_json":{"title":"Steel Molds for MASA HESS Block Machine - Kimberly Machinery","description":"China Steel Molds for MASA HESS Block Machine manufacturer provides auto concrete block machines, hydraulic press series block machines, concrete mixer, batching machine with wholesale price.","robots":{"index":"index","follow":"follow","max-snippet":"max-snippet:-1","max-image-preview":"max-image-preview:large","max-video-preview":"max-video-preview:-1"},"canonical":"https:\/\/www.kblmachinery.com\/pt\/steel-molds-for-masa-hess-block-machine\/","og_locale":"pt_PT","og_type":"article","og_title":"Steel Molds for MASA HESS Block Machine - Kimberly Machinery","og_description":"China Steel Molds for MASA HESS Block Machine manufacturer provides auto concrete block machines, hydraulic press series block machines, concrete mixer, batching machine with wholesale price.","og_url":"https:\/\/www.kblmachinery.com\/pt\/steel-molds-for-masa-hess-block-machine\/","og_site_name":"Kimberly Machinery","article_publisher":"https:\/\/www.facebook.com\/KimberlyMachinery","article_modified_time":"2025-11-28T07:15:13+00:00","og_image":[{"width":805,"height":805,"url":"https:\/\/www.kblmachinery.com\/wp-content\/uploads\/2025\/11\/Germany-Technology-Concrete-Kerbstone-Steel-Mould-for-Masa-Hess-Block-Making-Machine.webp","type":"image\/webp"}],"twitter_card":"summary_large_image","twitter_misc":{"Tempo estimado de leitura":"3 minutos"},"schema":{"@context":"https:\/\/schema.org","@graph":[{"@type":"WebPage","@id":"https:\/\/www.kblmachinery.com\/steel-molds-for-masa-hess-block-machine\/","url":"https:\/\/www.kblmachinery.com\/steel-molds-for-masa-hess-block-machine\/","name":"Steel Molds for MASA HESS Block Machine - Kimberly Machinery","isPartOf":{"@id":"https:\/\/www.kblmachinery.com\/#website"},"primaryImageOfPage":{"@id":"https:\/\/www.kblmachinery.com\/steel-molds-for-masa-hess-block-machine\/#primaryimage"},"image":{"@id":"https:\/\/www.kblmachinery.com\/steel-molds-for-masa-hess-block-machine\/#primaryimage"},"thumbnailUrl":"https:\/\/www.kblmachinery.com\/wp-content\/uploads\/2025\/11\/Germany-Technology-Concrete-Kerbstone-Steel-Mould-for-Masa-Hess-Block-Making-Machine.webp","datePublished":"2024-08-17T09:22:00+00:00","dateModified":"2025-11-28T07:15:13+00:00","description":"China Steel Molds for MASA HESS Block Machine manufacturer provides auto concrete block machines, hydraulic press series block machines, concrete mixer, batching machine with wholesale price.","breadcrumb":{"@id":"https:\/\/www.kblmachinery.com\/steel-molds-for-masa-hess-block-machine\/#breadcrumb"},"inLanguage":"pt-PT","potentialAction":[{"@type":"ReadAction","target":["https:\/\/www.kblmachinery.com\/steel-molds-for-masa-hess-block-machine\/"]}]},{"@type":"ImageObject","inLanguage":"pt-PT","@id":"https:\/\/www.kblmachinery.com\/steel-molds-for-masa-hess-block-machine\/#primaryimage","url":"https:\/\/www.kblmachinery.com\/wp-content\/uploads\/2025\/11\/Germany-Technology-Concrete-Kerbstone-Steel-Mould-for-Masa-Hess-Block-Making-Machine.webp","contentUrl":"https:\/\/www.kblmachinery.com\/wp-content\/uploads\/2025\/11\/Germany-Technology-Concrete-Kerbstone-Steel-Mould-for-Masa-Hess-Block-Making-Machine.webp","width":805,"height":805,"caption":"Germany Technology Concrete Kerbstone Steel Mould for Masa Hess Block Making Machine"},{"@type":"BreadcrumbList","@id":"https:\/\/www.kblmachinery.com\/steel-molds-for-masa-hess-block-machine\/#breadcrumb","itemListElement":[{"@type":"ListItem","position":1,"name":"Home","item":"https:\/\/www.kblmachinery.com\/"},{"@type":"ListItem","position":2,"name":"Steel Molds for MASA HESS Block Machine"}]},{"@type":"WebSite","@id":"https:\/\/www.kblmachinery.com\/#website","url":"https:\/\/www.kblmachinery.com\/","name":"Professional Brick\/Block Making Machine in China","description":"Block Machine Manufacturer - Kimberly Machinery","publisher":{"@id":"https:\/\/www.kblmachinery.com\/#organization"},"potentialAction":[{"@type":"SearchAction","target":{"@type":"EntryPoint","urlTemplate":"https:\/\/www.kblmachinery.com\/?s={search_term_string}"},"query-input":{"@type":"PropertyValueSpecification","valueRequired":true,"valueName":"search_term_string"}}],"inLanguage":"pt-PT"},{"@type":"Organization","@id":"https:\/\/www.kblmachinery.com\/#organization","name":"Quanzhou Kimberly Machinery Manufacturing Co. Ltd","url":"https:\/\/www.kblmachinery.com\/","logo":{"@type":"ImageObject","inLanguage":"pt-PT","@id":"https:\/\/www.kblmachinery.com\/#\/schema\/logo\/image\/","url":"https:\/\/www.kblmachinery.com\/wp-content\/uploads\/2025\/11\/cropped-logo-1-1.png","contentUrl":"https:\/\/www.kblmachinery.com\/wp-content\/uploads\/2025\/11\/cropped-logo-1-1.png","width":123,"height":136,"caption":"Quanzhou Kimberly Machinery Manufacturing Co. Ltd"},"image":{"@id":"https:\/\/www.kblmachinery.com\/#\/schema\/logo\/image\/"},"sameAs":["https:\/\/www.facebook.com\/KimberlyMachinery"]}]}},"_links":{"self":[{"href":"https:\/\/www.kblmachinery.com\/pt\/wp-json\/wp\/v2\/product\/8263","targetHints":{"allow":["GET"]}}],"collection":[{"href":"https:\/\/www.kblmachinery.com\/pt\/wp-json\/wp\/v2\/product"}],"about":[{"href":"https:\/\/www.kblmachinery.com\/pt\/wp-json\/wp\/v2\/types\/product"}],"wp:featuredmedia":[{"embeddable":true,"href":"https:\/\/www.kblmachinery.com\/pt\/wp-json\/wp\/v2\/media\/8264"}],"wp:attachment":[{"href":"https:\/\/www.kblmachinery.com\/pt\/wp-json\/wp\/v2\/media?parent=8263"}],"wp:term":[{"taxonomy":"product_brand","embeddable":true,"href":"https:\/\/www.kblmachinery.com\/pt\/wp-json\/wp\/v2\/product_brand?post=8263"},{"taxonomy":"product_cat","embeddable":true,"href":"https:\/\/www.kblmachinery.com\/pt\/wp-json\/wp\/v2\/product_cat?post=8263"},{"taxonomy":"product_tag","embeddable":true,"href":"https:\/\/www.kblmachinery.com\/pt\/wp-json\/wp\/v2\/product_tag?post=8263"}],"curies":[{"name":"wp","href":"https:\/\/api.w.org\/{rel}","templated":true}]}}