{"id":8272,"date":"2024-08-17T05:55:00","date_gmt":"2024-08-17T05:55:00","guid":{"rendered":"https:\/\/www.kblmachinery.com\/?post_type=product&#038;p=8272"},"modified":"2025-11-28T07:36:34","modified_gmt":"2025-11-28T07:36:34","slug":"concrete-kerbstones-mould-for-block-brick-paver-making-machine-from-china","status":"publish","type":"product","link":"https:\/\/www.kblmachinery.com\/pt\/concrete-kerbstones-mould-for-block-brick-paver-making-machine-from-china\/","title":{"rendered":"Molde de lancis de bet\u00e3o para m\u00e1quina de fazer blocos e pavimentos de tijolo da China"},"content":{"rendered":"<div id=\"message-352055795477\" class=\"ChatMessage_chatMessage__xkgHx\" data-complete=\"true\">\n<div class=\"ChatMessage_messageRow__DHlnq\">\n<div class=\"ChatMessage_messageWrapper__4Ugd6\">\n<div class=\"Message_rowWithFooter__FShU6\">\n<div class=\"Message_row__ug_UU\">\n<div class=\"Message_messageBubbleWrapper__sEq8z\">\n<div class=\"Message_leftSideMessageBubble__VPdk6\">\n<div class=\"Message_messageTextContainer__w64Sc\">\n<div class=\"Markdown_markdownContainer__Tz3HQ\">\n<h2 data-start=\"71\" data-end=\"119\">Molde para lancis de bet\u00e3o - Principais destaques<\/h2>\n<h3>1. alta efici\u00eancia e longa vida \u00fatil<\/h3>\n<p data-start=\"121\" data-end=\"325\">O molde foi concebido para uma efici\u00eancia de produ\u00e7\u00e3o m\u00e1xima e um desempenho duradouro, garantindo que o seu fabrico de blocos e pavimentadoras decorra sem problemas ao longo do tempo.<\/p>\n<h3 data-start=\"327\" data-end=\"557\">2.Premium A\u00e7o resistente ao desgaste<\/h3>\n<p data-start=\"327\" data-end=\"557\">Fabricado em a\u00e7o especial resistente ao desgaste, cada molde \u00e9 submetido a tratamento t\u00e9rmico e maquina\u00e7\u00e3o de precis\u00e3o para garantir uma durabilidade duradoura, precis\u00e3o dimensional e resultados consistentes.<\/p>\n<h3 data-start=\"559\" data-end=\"838\">3.Ampla compatibilidade e versatilidade<\/h3>\n<p data-start=\"559\" data-end=\"838\">Compat\u00edvel com as m\u00e1quinas de blocos da s\u00e9rie QT (QT4-15 a QT18-15), o molde pode produzir blocos ocos, blocos entrela\u00e7ados, blocos de pavimenta\u00e7\u00e3o e lancis. Os desenhos podem ser personalizados para satisfazer as tend\u00eancias do mercado e as necessidades espec\u00edficas do projeto.<\/p>\n<h3 data-start=\"840\" data-end=\"1082\">4.Montagem avan\u00e7ada para precis\u00e3o<\/h3>\n<p data-start=\"840\" data-end=\"1082\">Incorporando tratamento de al\u00edvio de tens\u00f5es, carbonitreta\u00e7\u00e3o e t\u00eampera de precis\u00e3o, o molde minimiza a deforma\u00e7\u00e3o e mant\u00e9m toler\u00e2ncias dimensionais rigorosas para produtos acabados de alta qualidade.<\/p>\n<h3 data-start=\"1084\" data-end=\"1334\">5.F\u00e1cil manuten\u00e7\u00e3o e fiabilidade<\/h3>\n<p data-start=\"1084\" data-end=\"1334\">Com pe\u00e7as padronizadas, componentes resistentes ao desgaste e um design modular, o molde \u00e9 de f\u00e1cil manuten\u00e7\u00e3o, tornando-o uma solu\u00e7\u00e3o de confian\u00e7a para distribuidores, empreiteiros de constru\u00e7\u00e3o e fabricantes de blocos.<\/p>\n<\/div>\n<\/div>\n<\/div>\n<\/div>\n<\/div>\n<\/div>\n<\/div>\n<\/div>\n<\/div>\n<h2>Especifica\u00e7\u00f5es t\u00e9cnicas do molde<\/h2>\n<table style=\"border-collapse: collapse; width: 655.52pt;\" border=\"0\" width=\"1311\" cellspacing=\"0\" cellpadding=\"0\">\n<tbody>\n<tr style=\"height: 20.00pt;\">\n<td class=\"et2\" style=\"height: 20.00pt; width: 175.50pt;\" width=\"351\" height=\"40\">Carater\u00edstica<\/td>\n<td class=\"et2\" style=\"width: 480.00pt;\" width=\"960\">Descri\u00e7\u00e3o<\/td>\n<\/tr>\n<tr style=\"height: 20.00pt;\">\n<td class=\"et2\" style=\"height: 20.00pt; width: 175.50pt;\" width=\"351\" height=\"40\">Material<\/td>\n<td class=\"et3\" style=\"width: 480.00pt;\" width=\"960\">A\u00e7o especial resistente ao desgaste para uma durabilidade superior<\/td>\n<\/tr>\n<tr style=\"height: 20.00pt;\">\n<td class=\"et2\" style=\"height: 20.00pt; width: 175.50pt;\" width=\"351\" height=\"40\">M\u00e1quinas compat\u00edveis<\/td>\n<td class=\"et3\" style=\"width: 480.00pt;\" width=\"960\">M\u00e1quinas de blocos da s\u00e9rie QT (<a href=\"https:\/\/www.kblmachinery.com\/qt4-15-brick-block-making-machine\/\"><span class=\"s1\">QT4-15<\/span><\/a>\u00a0para\u00a0<a href=\"https:\/\/www.kblmachinery.com\/qt18-15-brickblock-making-machine\/\"><span class=\"s1\">QT18-15<\/span><\/a>)<\/td>\n<\/tr>\n<tr style=\"height: 20.00pt;\">\n<td class=\"et2\" style=\"height: 20.00pt; width: 175.50pt;\" width=\"351\" height=\"40\">Tipos de produtos<\/td>\n<td class=\"et3\" style=\"width: 480.00pt;\" width=\"960\">Bloco oco, bloco de encaixe, bloco de pavimenta\u00e7\u00e3o, pedra de cal\u00e7ada (personaliz\u00e1vel)<\/td>\n<\/tr>\n<tr style=\"height: 20.00pt;\">\n<td class=\"et2\" style=\"height: 20.00pt; width: 175.50pt;\" width=\"351\" height=\"40\">Tratamento t\u00e9rmico<\/td>\n<td class=\"et3\" style=\"width: 480.00pt;\" width=\"960\">Carbonitreta\u00e7\u00e3o a 60-65HRC; profundidade m\u00ednima de endurecimento 1,2mm<\/td>\n<\/tr>\n<tr style=\"height: 20.00pt;\">\n<td class=\"et2\" style=\"height: 20.00pt; width: 175.50pt;\" width=\"351\" height=\"40\">Precis\u00e3o<\/td>\n<td class=\"et3\" style=\"width: 480.00pt;\" width=\"960\">Soldadura avan\u00e7ada, tratamento anti-stress e t\u00eampera para uma deforma\u00e7\u00e3o m\u00ednima<\/td>\n<\/tr>\n<tr style=\"height: 20.00pt;\">\n<td class=\"et2\" style=\"height: 20.00pt; width: 175.50pt;\" width=\"351\" height=\"40\">Montagem<\/td>\n<td class=\"et3\" style=\"width: 480.00pt;\" width=\"960\">Processo normalizado com parafusos anti-afrouxamento para uma substitui\u00e7\u00e3o f\u00e1cil<\/td>\n<\/tr>\n<tr style=\"height: 20.00pt;\">\n<td class=\"et2\" style=\"height: 20.00pt; width: 175.50pt;\" width=\"351\" height=\"40\">Durabilidade<\/td>\n<td class=\"et3\" style=\"width: 480.00pt;\" width=\"960\">P\u00e9 de prensa de alta resist\u00eancia, placas de a\u00e7o resistentes ao desgaste, fun\u00e7\u00e3o de amortecimento<\/td>\n<\/tr>\n<tr style=\"height: 20.00pt;\">\n<td class=\"et2\" style=\"height: 20.00pt; width: 175.50pt;\" width=\"351\" height=\"40\">Personaliza\u00e7\u00e3o<\/td>\n<td class=\"et3\" style=\"width: 480.00pt;\" width=\"960\">Conce\u00e7\u00e3o digital de superf\u00edcies livres para formas e tamanhos espec\u00edficos do mercado<\/td>\n<\/tr>\n<tr style=\"height: 20.00pt;\">\n<td class=\"et2\" style=\"height: 20.00pt; width: 175.50pt;\" width=\"351\" height=\"40\">Clientes-alvo<\/td>\n<td class=\"et3\" style=\"width: 480.00pt;\" width=\"960\">Distribuidores, empreiteiros de constru\u00e7\u00e3o, fabricantes de blocos<\/td>\n<\/tr>\n<\/tbody>\n<\/table>\n<h2 data-start=\"2721\" data-end=\"2750\">Porqu\u00ea escolher a KBL Machinery<\/h2>\n<p>KBL Machinery \u00e9 um profissional <a href=\"https:\/\/www.kblmachinery.com\/about-us\/\">fabricante de m\u00e1quinas de fabrico de blocos<\/a>A nossa empresa oferece solu\u00e7\u00f5es completas para a produ\u00e7\u00e3o de blocos de bet\u00e3o. Fornecemos produtos de alta qualidade <a href=\"https:\/\/www.kblmachinery.com\/concrete-block-making-machine\/\">m\u00e1quinas de blocos<\/a>, <a href=\"https:\/\/www.kblmachinery.com\/concrete-mixing-system\/\">misturadores de bet\u00e3o<\/a>e <a href=\"https:\/\/www.kblmachinery.com\/block-moulds\/\">moldes arrojados<\/a>A nossa gama de produtos \u00e9 composta por blocos de a\u00e7o, concebidos para durabilidade, precis\u00e3o e efici\u00eancia. Os nossos produtos s\u00e3o exportados para mais de 50 pa\u00edses, cumprindo as normas internacionais e apoiando distribuidores, empreiteiros e fabricantes de blocos em todo o mundo.<\/p>\n<ul>\n<li>Fabrico de alta qualidade: Mais de 30 anos de experi\u00eancia na produ\u00e7\u00e3o de moldes e equipamento para bet\u00e3o.<\/li>\n<li>Padr\u00f5es globais: Produtos exportados para mais de 50 pa\u00edses, cumprindo as normas internacionais de qualidade e desempenho.<\/li>\n<li>Solu\u00e7\u00f5es personalizadas: Moldes personalizados para qualquer projeto de bloco ou pavimento, satisfazendo as exig\u00eancias do mercado local.<\/li>\n<li>F\u00e1cil manuten\u00e7\u00e3o e longa vida \u00fatil: A montagem normalizada e os materiais resistentes ao desgaste reduzem o tempo de inatividade e os custos.<\/li>\n<li>Parceiro de confian\u00e7a para compradores B2B: Concebido para otimizar a efici\u00eancia e a consist\u00eancia da produ\u00e7\u00e3o no fabrico de blocos de bet\u00e3o.<\/li>\n<\/ul>\n<p><iframe loading=\"lazy\" title=\"V\u00eddeo de trabalho das cofragens\" src=\"https:\/\/www.youtube.com\/embed\/czhs2wYoLZg\" width=\"556\" height=\"310\" frameborder=\"0\" allowfullscreen=\"allowfullscreen\"><\/iframe><\/p>","protected":false},"excerpt":{"rendered":"<p>Com quase 30 anos de experi\u00eancia no fabrico de moldes para blocos de bet\u00e3o, oferecemos uma escolha de 80.000 ou 120.000 ciclos e os nossos moldes atingem 62 graus de dureza ap\u00f3s o tratamento t\u00e9rmico.<\/p>\n<table class=\"tg\" style=\"border-collapse: collapse; border-spacing: 0;\">\n<tbody>\n<tr>\n<td style=\"font-family: Arial, sans-serif; font-size: 14px; overflow: hidden; padding: 10px 5px; text-align: left; vertical-align: top; word-break: normal; border: 1px solid black;\">Encomenda (MOQ) :<\/td>\n<td style=\"font-family: Arial, sans-serif; font-size: 14px; overflow: hidden; padding: 10px 5px; text-align: left; vertical-align: top; word-break: normal; border: 1px solid black;\">1 Conjunto<\/td>\n<\/tr>\n<tr>\n<td style=\"font-family: Arial, sans-serif; font-size: 14px; overflow: hidden; padding: 10px 5px; text-align: left; vertical-align: top; word-break: normal; border: 1px solid black;\">Pagamento :<\/td>\n<td style=\"font-family: Arial, sans-serif; font-size: 14px; overflow: hidden; padding: 10px 5px; text-align: left; vertical-align: top; word-break: normal; border: 1px solid black;\">Pagamento T\/T 100% antes da expedi\u00e7\u00e3o ou 100% por L\/C confirmada e irrevog\u00e1vel \u00e0 vista.<\/td>\n<\/tr>\n<tr>\n<td style=\"font-family: Arial, sans-serif; font-size: 14px; overflow: hidden; padding: 10px 5px; text-align: left; vertical-align: top; word-break: normal; border: 1px solid black;\">Origem do produto :<\/td>\n<td style=\"font-family: Arial, sans-serif; font-size: 14px; overflow: hidden; padding: 10px 5px; text-align: left; vertical-align: top; word-break: normal; border: 1px solid black;\">Quanzhou Fujian<\/td>\n<\/tr>\n<tr>\n<td style=\"font-family: Arial, sans-serif; font-size: 14px; overflow: hidden; padding: 10px 5px; text-align: left; vertical-align: top; word-break: normal; border: 1px solid black;\">Cor :<\/td>\n<td style=\"font-family: Arial, sans-serif; font-size: 14px; overflow: hidden; padding: 10px 5px; text-align: left; vertical-align: top; word-break: normal; border: 1px solid black;\">adaptar-se \u00e0 procura<\/td>\n<\/tr>\n<tr>\n<td style=\"font-family: Arial, sans-serif; font-size: 14px; overflow: hidden; padding: 10px 5px; text-align: left; vertical-align: top; word-break: normal; border: 1px solid black;\">Porto de embarque :<\/td>\n<td style=\"font-family: Arial, sans-serif; font-size: 14px; overflow: hidden; padding: 10px 5px; text-align: left; vertical-align: top; word-break: normal; border: 1px solid black;\">Xiamen<\/td>\n<\/tr>\n<tr>\n<td style=\"font-family: Arial, sans-serif; font-size: 14px; overflow: hidden; padding: 10px 5px; text-align: left; vertical-align: top; word-break: normal; border: 1px solid black;\">Prazo de entrega :<\/td>\n<td style=\"font-family: Arial, sans-serif; font-size: 14px; overflow: hidden; padding: 10px 5px; text-align: left; vertical-align: top; word-break: normal; border: 1px solid black;\">30-35 dias<\/td>\n<\/tr>\n<\/tbody>\n<\/table>\n<p>&nbsp;<\/p>","protected":false},"featured_media":8273,"template":"","meta":[],"product_brand":[],"product_cat":[758,761],"product_tag":[],"class_list":{"0":"post-8272","1":"product","2":"type-product","3":"status-publish","4":"has-post-thumbnail","6":"product_cat-block-moulds","7":"product_cat-kerbstone-block-mold","9":"first","10":"instock","11":"shipping-taxable","12":"product-type-simple"},"yoast_head":"<!-- This site is optimized with the Yoast SEO plugin v24.4 - https:\/\/yoast.com\/wordpress\/plugins\/seo\/ -->\n<title>Concrete Kerbstone Moulds | Reliable Paver Mould Supplier<\/title>\n<meta name=\"description\" content=\"High\u2011precision concrete kerbstone moulds for block, brick and paver machines. Durable and customizable moulds suitable for global construction projects.\" \/>\n<meta name=\"robots\" content=\"index, follow, max-snippet:-1, max-image-preview:large, max-video-preview:-1\" \/>\n<link rel=\"canonical\" href=\"https:\/\/www.kblmachinery.com\/pt\/concrete-kerbstones-mould-for-block-brick-paver-making-machine-from-china\/\" \/>\n<meta property=\"og:locale\" content=\"pt_PT\" \/>\n<meta property=\"og:type\" content=\"article\" \/>\n<meta property=\"og:title\" content=\"Concrete Kerbstone Moulds | Reliable Paver Mould Supplier\" \/>\n<meta property=\"og:description\" content=\"High\u2011precision concrete kerbstone moulds for block, brick and paver machines. Durable and customizable moulds suitable for global construction projects.\" \/>\n<meta property=\"og:url\" content=\"https:\/\/www.kblmachinery.com\/pt\/concrete-kerbstones-mould-for-block-brick-paver-making-machine-from-china\/\" \/>\n<meta property=\"og:site_name\" content=\"Kimberly Machinery\" \/>\n<meta property=\"article:publisher\" content=\"https:\/\/www.facebook.com\/KimberlyMachinery\" \/>\n<meta property=\"article:modified_time\" content=\"2025-11-28T07:36:34+00:00\" \/>\n<meta property=\"og:image\" content=\"https:\/\/www.kblmachinery.com\/wp-content\/uploads\/2025\/11\/Concrete-Kerbstones-Mould-for-Block-Brick-Paver-Making-Machine-From-China.webp\" \/>\n\t<meta property=\"og:image:width\" content=\"800\" \/>\n\t<meta property=\"og:image:height\" content=\"800\" \/>\n\t<meta property=\"og:image:type\" content=\"image\/webp\" \/>\n<meta name=\"twitter:card\" content=\"summary_large_image\" \/>\n<meta name=\"twitter:label1\" content=\"Tempo estimado de leitura\" \/>\n\t<meta name=\"twitter:data1\" content=\"2 minutos\" \/>\n<script type=\"application\/ld+json\" class=\"yoast-schema-graph\">{\"@context\":\"https:\/\/schema.org\",\"@graph\":[{\"@type\":\"WebPage\",\"@id\":\"https:\/\/www.kblmachinery.com\/concrete-kerbstones-mould-for-block-brick-paver-making-machine-from-china\/\",\"url\":\"https:\/\/www.kblmachinery.com\/concrete-kerbstones-mould-for-block-brick-paver-making-machine-from-china\/\",\"name\":\"Concrete Kerbstone Moulds | Reliable Paver Mould Supplier\",\"isPartOf\":{\"@id\":\"https:\/\/www.kblmachinery.com\/#website\"},\"primaryImageOfPage\":{\"@id\":\"https:\/\/www.kblmachinery.com\/concrete-kerbstones-mould-for-block-brick-paver-making-machine-from-china\/#primaryimage\"},\"image\":{\"@id\":\"https:\/\/www.kblmachinery.com\/concrete-kerbstones-mould-for-block-brick-paver-making-machine-from-china\/#primaryimage\"},\"thumbnailUrl\":\"https:\/\/www.kblmachinery.com\/wp-content\/uploads\/2025\/11\/Concrete-Kerbstones-Mould-for-Block-Brick-Paver-Making-Machine-From-China.webp\",\"datePublished\":\"2024-08-17T05:55:00+00:00\",\"dateModified\":\"2025-11-28T07:36:34+00:00\",\"description\":\"High\u2011precision concrete kerbstone moulds for block, brick and paver machines. Durable and customizable moulds suitable for global construction projects.\",\"breadcrumb\":{\"@id\":\"https:\/\/www.kblmachinery.com\/concrete-kerbstones-mould-for-block-brick-paver-making-machine-from-china\/#breadcrumb\"},\"inLanguage\":\"pt-PT\",\"potentialAction\":[{\"@type\":\"ReadAction\",\"target\":[\"https:\/\/www.kblmachinery.com\/concrete-kerbstones-mould-for-block-brick-paver-making-machine-from-china\/\"]}]},{\"@type\":\"ImageObject\",\"inLanguage\":\"pt-PT\",\"@id\":\"https:\/\/www.kblmachinery.com\/concrete-kerbstones-mould-for-block-brick-paver-making-machine-from-china\/#primaryimage\",\"url\":\"https:\/\/www.kblmachinery.com\/wp-content\/uploads\/2025\/11\/Concrete-Kerbstones-Mould-for-Block-Brick-Paver-Making-Machine-From-China.webp\",\"contentUrl\":\"https:\/\/www.kblmachinery.com\/wp-content\/uploads\/2025\/11\/Concrete-Kerbstones-Mould-for-Block-Brick-Paver-Making-Machine-From-China.webp\",\"width\":800,\"height\":800,\"caption\":\"Concrete Kerbstones Mould for Block Brick Paver Making Machine From China\"},{\"@type\":\"BreadcrumbList\",\"@id\":\"https:\/\/www.kblmachinery.com\/concrete-kerbstones-mould-for-block-brick-paver-making-machine-from-china\/#breadcrumb\",\"itemListElement\":[{\"@type\":\"ListItem\",\"position\":1,\"name\":\"Home\",\"item\":\"https:\/\/www.kblmachinery.com\/\"},{\"@type\":\"ListItem\",\"position\":2,\"name\":\"Concrete Kerbstones Mould for Block Brick Paver Making Machine From China\"}]},{\"@type\":\"WebSite\",\"@id\":\"https:\/\/www.kblmachinery.com\/#website\",\"url\":\"https:\/\/www.kblmachinery.com\/\",\"name\":\"Professional Brick\/Block Making Machine in China\",\"description\":\"Block Machine Manufacturer - Kimberly Machinery\",\"publisher\":{\"@id\":\"https:\/\/www.kblmachinery.com\/#organization\"},\"potentialAction\":[{\"@type\":\"SearchAction\",\"target\":{\"@type\":\"EntryPoint\",\"urlTemplate\":\"https:\/\/www.kblmachinery.com\/?s={search_term_string}\"},\"query-input\":{\"@type\":\"PropertyValueSpecification\",\"valueRequired\":true,\"valueName\":\"search_term_string\"}}],\"inLanguage\":\"pt-PT\"},{\"@type\":\"Organization\",\"@id\":\"https:\/\/www.kblmachinery.com\/#organization\",\"name\":\"Quanzhou Kimberly Machinery Manufacturing Co. Ltd\",\"url\":\"https:\/\/www.kblmachinery.com\/\",\"logo\":{\"@type\":\"ImageObject\",\"inLanguage\":\"pt-PT\",\"@id\":\"https:\/\/www.kblmachinery.com\/#\/schema\/logo\/image\/\",\"url\":\"https:\/\/www.kblmachinery.com\/wp-content\/uploads\/2025\/11\/cropped-logo-1-1.png\",\"contentUrl\":\"https:\/\/www.kblmachinery.com\/wp-content\/uploads\/2025\/11\/cropped-logo-1-1.png\",\"width\":123,\"height\":136,\"caption\":\"Quanzhou Kimberly Machinery Manufacturing Co. Ltd\"},\"image\":{\"@id\":\"https:\/\/www.kblmachinery.com\/#\/schema\/logo\/image\/\"},\"sameAs\":[\"https:\/\/www.facebook.com\/KimberlyMachinery\"]}]}<\/script>\n<!-- \/ Yoast SEO plugin. -->","yoast_head_json":{"title":"Concrete Kerbstone Moulds | Reliable Paver Mould Supplier","description":"High\u2011precision concrete kerbstone moulds for block, brick and paver machines. Durable and customizable moulds suitable for global construction projects.","robots":{"index":"index","follow":"follow","max-snippet":"max-snippet:-1","max-image-preview":"max-image-preview:large","max-video-preview":"max-video-preview:-1"},"canonical":"https:\/\/www.kblmachinery.com\/pt\/concrete-kerbstones-mould-for-block-brick-paver-making-machine-from-china\/","og_locale":"pt_PT","og_type":"article","og_title":"Concrete Kerbstone Moulds | Reliable Paver Mould Supplier","og_description":"High\u2011precision concrete kerbstone moulds for block, brick and paver machines. Durable and customizable moulds suitable for global construction projects.","og_url":"https:\/\/www.kblmachinery.com\/pt\/concrete-kerbstones-mould-for-block-brick-paver-making-machine-from-china\/","og_site_name":"Kimberly Machinery","article_publisher":"https:\/\/www.facebook.com\/KimberlyMachinery","article_modified_time":"2025-11-28T07:36:34+00:00","og_image":[{"width":800,"height":800,"url":"https:\/\/www.kblmachinery.com\/wp-content\/uploads\/2025\/11\/Concrete-Kerbstones-Mould-for-Block-Brick-Paver-Making-Machine-From-China.webp","type":"image\/webp"}],"twitter_card":"summary_large_image","twitter_misc":{"Tempo estimado de leitura":"2 minutos"},"schema":{"@context":"https:\/\/schema.org","@graph":[{"@type":"WebPage","@id":"https:\/\/www.kblmachinery.com\/concrete-kerbstones-mould-for-block-brick-paver-making-machine-from-china\/","url":"https:\/\/www.kblmachinery.com\/concrete-kerbstones-mould-for-block-brick-paver-making-machine-from-china\/","name":"Concrete Kerbstone Moulds | Reliable Paver Mould Supplier","isPartOf":{"@id":"https:\/\/www.kblmachinery.com\/#website"},"primaryImageOfPage":{"@id":"https:\/\/www.kblmachinery.com\/concrete-kerbstones-mould-for-block-brick-paver-making-machine-from-china\/#primaryimage"},"image":{"@id":"https:\/\/www.kblmachinery.com\/concrete-kerbstones-mould-for-block-brick-paver-making-machine-from-china\/#primaryimage"},"thumbnailUrl":"https:\/\/www.kblmachinery.com\/wp-content\/uploads\/2025\/11\/Concrete-Kerbstones-Mould-for-Block-Brick-Paver-Making-Machine-From-China.webp","datePublished":"2024-08-17T05:55:00+00:00","dateModified":"2025-11-28T07:36:34+00:00","description":"High\u2011precision concrete kerbstone moulds for block, brick and paver machines. Durable and customizable moulds suitable for global construction projects.","breadcrumb":{"@id":"https:\/\/www.kblmachinery.com\/concrete-kerbstones-mould-for-block-brick-paver-making-machine-from-china\/#breadcrumb"},"inLanguage":"pt-PT","potentialAction":[{"@type":"ReadAction","target":["https:\/\/www.kblmachinery.com\/concrete-kerbstones-mould-for-block-brick-paver-making-machine-from-china\/"]}]},{"@type":"ImageObject","inLanguage":"pt-PT","@id":"https:\/\/www.kblmachinery.com\/concrete-kerbstones-mould-for-block-brick-paver-making-machine-from-china\/#primaryimage","url":"https:\/\/www.kblmachinery.com\/wp-content\/uploads\/2025\/11\/Concrete-Kerbstones-Mould-for-Block-Brick-Paver-Making-Machine-From-China.webp","contentUrl":"https:\/\/www.kblmachinery.com\/wp-content\/uploads\/2025\/11\/Concrete-Kerbstones-Mould-for-Block-Brick-Paver-Making-Machine-From-China.webp","width":800,"height":800,"caption":"Concrete Kerbstones Mould for Block Brick Paver Making Machine From China"},{"@type":"BreadcrumbList","@id":"https:\/\/www.kblmachinery.com\/concrete-kerbstones-mould-for-block-brick-paver-making-machine-from-china\/#breadcrumb","itemListElement":[{"@type":"ListItem","position":1,"name":"Home","item":"https:\/\/www.kblmachinery.com\/"},{"@type":"ListItem","position":2,"name":"Concrete Kerbstones Mould for Block Brick Paver Making Machine From China"}]},{"@type":"WebSite","@id":"https:\/\/www.kblmachinery.com\/#website","url":"https:\/\/www.kblmachinery.com\/","name":"Professional Brick\/Block Making Machine in China","description":"Block Machine Manufacturer - Kimberly Machinery","publisher":{"@id":"https:\/\/www.kblmachinery.com\/#organization"},"potentialAction":[{"@type":"SearchAction","target":{"@type":"EntryPoint","urlTemplate":"https:\/\/www.kblmachinery.com\/?s={search_term_string}"},"query-input":{"@type":"PropertyValueSpecification","valueRequired":true,"valueName":"search_term_string"}}],"inLanguage":"pt-PT"},{"@type":"Organization","@id":"https:\/\/www.kblmachinery.com\/#organization","name":"Quanzhou Kimberly Machinery Manufacturing Co. Ltd","url":"https:\/\/www.kblmachinery.com\/","logo":{"@type":"ImageObject","inLanguage":"pt-PT","@id":"https:\/\/www.kblmachinery.com\/#\/schema\/logo\/image\/","url":"https:\/\/www.kblmachinery.com\/wp-content\/uploads\/2025\/11\/cropped-logo-1-1.png","contentUrl":"https:\/\/www.kblmachinery.com\/wp-content\/uploads\/2025\/11\/cropped-logo-1-1.png","width":123,"height":136,"caption":"Quanzhou Kimberly Machinery Manufacturing Co. Ltd"},"image":{"@id":"https:\/\/www.kblmachinery.com\/#\/schema\/logo\/image\/"},"sameAs":["https:\/\/www.facebook.com\/KimberlyMachinery"]}]}},"_links":{"self":[{"href":"https:\/\/www.kblmachinery.com\/pt\/wp-json\/wp\/v2\/product\/8272","targetHints":{"allow":["GET"]}}],"collection":[{"href":"https:\/\/www.kblmachinery.com\/pt\/wp-json\/wp\/v2\/product"}],"about":[{"href":"https:\/\/www.kblmachinery.com\/pt\/wp-json\/wp\/v2\/types\/product"}],"wp:featuredmedia":[{"embeddable":true,"href":"https:\/\/www.kblmachinery.com\/pt\/wp-json\/wp\/v2\/media\/8273"}],"wp:attachment":[{"href":"https:\/\/www.kblmachinery.com\/pt\/wp-json\/wp\/v2\/media?parent=8272"}],"wp:term":[{"taxonomy":"product_brand","embeddable":true,"href":"https:\/\/www.kblmachinery.com\/pt\/wp-json\/wp\/v2\/product_brand?post=8272"},{"taxonomy":"product_cat","embeddable":true,"href":"https:\/\/www.kblmachinery.com\/pt\/wp-json\/wp\/v2\/product_cat?post=8272"},{"taxonomy":"product_tag","embeddable":true,"href":"https:\/\/www.kblmachinery.com\/pt\/wp-json\/wp\/v2\/product_tag?post=8272"}],"curies":[{"name":"wp","href":"https:\/\/api.w.org\/{rel}","templated":true}]}}