{"id":8286,"date":"2024-08-17T04:20:00","date_gmt":"2024-08-17T04:20:00","guid":{"rendered":"https:\/\/www.kblmachinery.com\/?post_type=product&#038;p=8286"},"modified":"2025-11-28T07:57:48","modified_gmt":"2025-11-28T07:57:48","slug":"slab-mold-kerb-stone-mold-rain-gutter-stone-mold-paving-stone-mold","status":"publish","type":"product","link":"https:\/\/www.kblmachinery.com\/pt\/slab-mold-kerb-stone-mold-rain-gutter-stone-mold-paving-stone-mold\/","title":{"rendered":"Molde de tijolo maci\u00e7o Molde de laje Pedra de calhau de chuva Pedra de pavimenta\u00e7\u00e3o Fabrica\u00e7\u00e3o de pedra"},"content":{"rendered":"<h2 data-start=\"0\" data-end=\"98\">A China \u00e9 um fabricante l\u00edder de v\u00e1rios moldes de blocos de bet\u00e3o para m\u00e1quinas de fazer blocos.<\/h2>\n<p data-start=\"78\" data-end=\"459\">A Kimberly Machinery \u00e9 um fabricante l\u00edder de moldes de blocos de bet\u00e3o de alta qualidade para m\u00e1quinas de fabrico de blocos. Os nossos moldes s\u00e3o fabricados a partir de ligas de a\u00e7o de primeira qualidade com pe\u00e7as resistentes ao desgaste, garantindo uma durabilidade duradoura e um excelente desempenho. Aperfei\u00e7oamos continuamente os nossos processos de fabrico para fornecer produtos superiores que cumprem as normas internacionais.<\/p>\n<h3>1.Tipo de bloco:<\/h3>\n<p>Concebemos e fabricamos moldes de a\u00e7o de alta qualidade para pedras de pavimenta\u00e7\u00e3o entrela\u00e7adas, lajes, pedras de pavimenta\u00e7\u00e3o perme\u00e1veis, lancis, muros de conten\u00e7\u00e3o, blocos ocos e blocos especiais. Satisfazemos sempre os requisitos dos clientes e propomos ideias inovadoras para melhorar os seus projectos.<\/p>\n<h3>2. mat\u00e9ria-prima:<\/h3>\n<p>Utilizamos a\u00e7o de primeira qualidade temperado e revenido importado de It\u00e1lia para produzir os nossos moldes para blocos de bet\u00e3o. Aumentamos ainda mais a resist\u00eancia \u00e0 abras\u00e3o do a\u00e7o atrav\u00e9s de processos avan\u00e7ados de tratamento t\u00e9rmico.<\/p>\n<h3>3.Experi\u00eancia de fabrico:<\/h3>\n<p>Com quase 30 anos de experi\u00eancia de fabrico, servimos clientes de muitos pa\u00edses. Combinamos a nossa experi\u00eancia com a\u00e7o de alta qualidade para garantir que fornecemos produtos de primeira qualidade a todos os nossos compradores.<\/p>\n<h2>Dados t\u00e9cnicos do molde:<\/h2>\n<table class=\"tg\" style=\"border-collapse: collapse; border-spacing: 0px; height: 183px;\" width=\"100%\">\n<tbody>\n<tr>\n<td style=\"font-family: Arial, sans-serif; font-size: 14px; overflow: hidden; padding: 10px 5px; text-align: left; vertical-align: top; word-break: normal; border: 1px solid black;\">Nome<\/td>\n<td style=\"font-family: Arial, sans-serif; font-size: 14px; overflow: hidden; padding: 10px 5px; text-align: left; vertical-align: top; word-break: normal; border: 1px solid black;\">molde de tijolo maci\u00e7o<\/td>\n<td style=\"font-family: Arial, sans-serif; font-size: 14px; overflow: hidden; padding: 10px 5px; text-align: left; vertical-align: top; word-break: normal; border: 1px solid black;\">Tratamento t\u00e9rmico<\/td>\n<td style=\"font-family: Arial, sans-serif; font-size: 14px; overflow: hidden; padding: 10px 5px; text-align: left; vertical-align: top; word-break: normal; border: 1px solid black;\">Carbonitreta\u00e7\u00e3o 900-950<span style=\"color: #555;\">\u00b0<\/span>C<\/td>\n<\/tr>\n<tr>\n<td style=\"font-family: Arial, sans-serif; font-size: 14px; overflow: hidden; padding: 10px 5px; text-align: left; vertical-align: top; word-break: normal; border: 1px solid black;\">mat\u00e9ria-prima<\/td>\n<td style=\"font-family: Arial, sans-serif; font-size: 14px; overflow: hidden; padding: 10px 5px; text-align: left; vertical-align: top; word-break: normal; border: 1px solid black;\">a\u00e7o especial resistente ao desgaste<\/td>\n<td style=\"font-family: Arial, sans-serif; font-size: 14px; overflow: hidden; padding: 10px 5px; text-align: left; vertical-align: top; word-break: normal; border: 1px solid black;\">Dureza<\/td>\n<td style=\"font-family: Arial, sans-serif; font-size: 14px; overflow: hidden; padding: 10px 5px; text-align: left; vertical-align: top; word-break: normal; border: 1px solid black;\">60-65HRC<\/td>\n<\/tr>\n<tr>\n<td style=\"font-family: Arial, sans-serif; font-size: 14px; overflow: hidden; padding: 10px 5px; text-align: left; vertical-align: top; word-break: normal; border: 1px solid black;\">Tipo de bloco<\/td>\n<td style=\"font-family: Arial, sans-serif; font-size: 14px; overflow: hidden; padding: 10px 5px; text-align: left; vertical-align: top; word-break: normal; border: 1px solid black;\">Bloco oco, bloco entrela\u00e7ado, bloco de pavimenta\u00e7\u00e3o, pedra de cal\u00e7ada, todos podem ser personalizados<\/td>\n<td style=\"font-family: Arial, sans-serif; font-size: 14px; overflow: hidden; padding: 10px 5px; text-align: left; vertical-align: top; word-break: normal; border: 1px solid black;\">C\u00f3digo SH<\/td>\n<td style=\"font-family: Arial, sans-serif; font-size: 14px; overflow: hidden; padding: 10px 5px; text-align: left; vertical-align: top; word-break: normal; border: 1px solid black;\">848060<\/td>\n<\/tr>\n<tr>\n<td style=\"font-family: Arial, sans-serif; font-size: 14px; overflow: hidden; padding: 10px 5px; text-align: left; vertical-align: top; word-break: normal; border: 1px solid black;\">tempo de vida<\/td>\n<td style=\"font-family: Arial, sans-serif; font-size: 14px; overflow: hidden; padding: 10px 5px; text-align: left; vertical-align: top; word-break: normal; border: 1px solid black;\">100000-120000 vezes<\/td>\n<td style=\"font-family: Arial, sans-serif; font-size: 14px; overflow: hidden; padding: 10px 5px; text-align: left; vertical-align: top; word-break: normal; border: 1px solid black;\">Embalagem<\/td>\n<td style=\"font-family: Arial, sans-serif; font-size: 14px; overflow: hidden; padding: 10px 5px; text-align: left; vertical-align: top; word-break: normal; border: 1px solid black;\">Madeira + pel\u00edcula pl\u00e1stica<\/td>\n<\/tr>\n<\/tbody>\n<\/table>\n<h2>FAQ:<\/h2>\n<h3 data-start=\"1295\" data-end=\"1330\">1. Como \u00e9 que posso obter um or\u00e7amento?<\/h3>\n<ul data-start=\"1331\" data-end=\"1694\">\n<li data-start=\"1331\" data-end=\"1393\">\n<p data-start=\"1333\" data-end=\"1393\">Enviar desenhos pormenorizados do bloco para obter um or\u00e7amento exato.<\/p>\n<\/li>\n<li data-start=\"1394\" data-end=\"1529\">\n<p data-start=\"1396\" data-end=\"1529\">Se n\u00e3o existirem desenhos, indicar o tipo de bloco (oco ou maci\u00e7o), uma fotografia e as dimens\u00f5es (comprimento \u00d7 largura \u00d7 espessura em mm).<\/p>\n<\/li>\n<li data-start=\"1530\" data-end=\"1597\">\n<p data-start=\"1532\" data-end=\"1597\">Partilhe o tamanho da palete, o tamanho da cabe\u00e7a de tamper e a altura do molde inferior.<\/p>\n<\/li>\n<li data-start=\"1598\" data-end=\"1694\">\n<p data-start=\"1600\" data-end=\"1694\">Explique como o molde se liga \u00e0 sua m\u00e1quina e forne\u00e7a desenhos de liga\u00e7\u00e3o, se dispon\u00edveis.<\/p>\n<\/li>\n<\/ul>\n<h3 data-start=\"1696\" data-end=\"1719\">2. Prazo de entrega:<\/h3>\n<ul data-start=\"1720\" data-end=\"1813\">\n<li data-start=\"1720\" data-end=\"1773\">\n<p data-start=\"1722\" data-end=\"1773\">Moldes standard: 20-25 dias \u00fateis ap\u00f3s o dep\u00f3sito.<\/p>\n<\/li>\n<li data-start=\"1774\" data-end=\"1813\">\n<p data-start=\"1776\" data-end=\"1813\">Moldes de alta qualidade: 30-40 dias \u00fateis.<\/p>\n<\/li>\n<\/ul>\n<h3 data-start=\"1815\" data-end=\"1842\">3. Embalagem de transporte:<\/h3>\n<ul data-start=\"1843\" data-end=\"1931\">\n<li data-start=\"1843\" data-end=\"1888\">\n<p data-start=\"1845\" data-end=\"1888\">Caixas de madeira normalizadas com pel\u00edcula de pl\u00e1stico.<\/p>\n<\/li>\n<li data-start=\"1889\" data-end=\"1931\">\n<p data-start=\"1891\" data-end=\"1931\">Embalagem personalizada dispon\u00edvel mediante pedido.<\/p>\n<\/li>\n<\/ul>\n<h3 data-start=\"1933\" data-end=\"1964\">4. Compatibilidade com a m\u00e1quina:<\/h3>\n<ul data-start=\"1965\" data-end=\"2198\">\n<li data-start=\"1965\" data-end=\"2053\">\n<p data-start=\"1967\" data-end=\"2053\">Fabricamos moldes para v\u00e1rias marcas de m\u00e1quinas de blocos e mantemos registos detalhados.<\/p>\n<\/li>\n<li data-start=\"2054\" data-end=\"2198\">\n<p data-start=\"2056\" data-end=\"2198\">Para confirma\u00e7\u00e3o, os engenheiros podem efetuar medi\u00e7\u00f5es no local, ou pode enviar fotografias e medi\u00e7\u00f5es por via digital. Uma vez confirmado, o molde ajusta-se perfeitamente.<\/p>\n<\/li>\n<\/ul>\n<h3 data-start=\"2200\" data-end=\"2223\">5. Condi\u00e7\u00f5es de pagamento:<\/h3>\n<ul data-start=\"2224\" data-end=\"2291\">\n<li data-start=\"2224\" data-end=\"2291\">\n<p data-start=\"2226\" data-end=\"2291\">50% adiantamento via T\/T para iniciar a encomenda, saldo antes do carregamento.<\/p>\n<\/li>\n<\/ul>\n<h3 data-start=\"2293\" data-end=\"2313\">6. Contacte-nos:<\/h3>\n<ul data-start=\"2314\" data-end=\"2367\">\n<li data-start=\"2314\" data-end=\"2367\">\n<p data-start=\"2316\" data-end=\"2367\">WeChat\/WhatsApp: +86-1330506196 \/ +86-18960287187<\/p>\n<\/li>\n<\/ul>\n<p><iframe loading=\"lazy\" title=\"V\u00eddeo de trabalho das cofragens\" src=\"https:\/\/www.youtube.com\/embed\/czhs2wYoLZg\" width=\"556\" height=\"310\" frameborder=\"0\" allowfullscreen=\"allowfullscreen\"><\/iframe><\/p>","protected":false},"excerpt":{"rendered":"<ul>\n<li data-start=\"0\" data-end=\"80\">Os blocos de tijolo maci\u00e7o s\u00e3o materiais de constru\u00e7\u00e3o essenciais para a constru\u00e7\u00e3o de edif\u00edcios.<\/li>\n<li data-start=\"0\" data-end=\"80\">Os tamanhos e tipos variam consoante os tipos de parede e a utiliza\u00e7\u00e3o espec\u00edfica.<\/li>\n<li data-start=\"0\" data-end=\"80\">Podemos personalizar todos os moldes para satisfazer as necessidades do seu mercado local.<\/li>\n<\/ul>\n<table class=\"tg\" style=\"border-collapse: collapse; border-spacing: 0px; height: 280px;\" width=\"100%\">\n<tbody>\n<tr>\n<td style=\"font-family: Arial, sans-serif; font-size: 14px; overflow: hidden; padding: 10px 5px; text-align: left; vertical-align: top; word-break: normal; border: 1px solid black;\">Encomenda (MOQ) :<\/td>\n<td style=\"font-family: Arial, sans-serif; font-size: 14px; overflow: hidden; padding: 10px 5px; text-align: left; vertical-align: top; word-break: normal; border: 1px solid black;\">1 Conjunto<\/td>\n<\/tr>\n<tr>\n<td style=\"font-family: Arial, sans-serif; font-size: 14px; overflow: hidden; padding: 10px 5px; text-align: left; vertical-align: top; word-break: normal; border: 1px solid black;\">Pagamento :<\/td>\n<td style=\"font-family: Arial, sans-serif; font-size: 14px; overflow: hidden; padding: 10px 5px; text-align: left; vertical-align: top; word-break: normal; border: 1px solid black;\">Pagamento T\/T 100% antes da expedi\u00e7\u00e3o ou 100% por L\/C confirmada e irrevog\u00e1vel \u00e0 vista.<\/td>\n<\/tr>\n<tr>\n<td style=\"font-family: Arial, sans-serif; font-size: 14px; overflow: hidden; padding: 10px 5px; text-align: left; vertical-align: top; word-break: normal; border: 1px solid black;\">Origem do produto :<\/td>\n<td style=\"font-family: Arial, sans-serif; font-size: 14px; overflow: hidden; padding: 10px 5px; text-align: left; vertical-align: top; word-break: normal; border: 1px solid black;\">Quanzhou Fujian<\/td>\n<\/tr>\n<tr>\n<td style=\"font-family: Arial, sans-serif; font-size: 14px; overflow: hidden; padding: 10px 5px; text-align: left; vertical-align: top; word-break: normal; border: 1px solid black;\">Cor :<\/td>\n<td style=\"font-family: Arial, sans-serif; font-size: 14px; overflow: hidden; padding: 10px 5px; text-align: left; vertical-align: top; word-break: normal; border: 1px solid black;\">adaptar-se \u00e0 procura<\/td>\n<\/tr>\n<tr>\n<td style=\"font-family: Arial, sans-serif; font-size: 14px; overflow: hidden; padding: 10px 5px; text-align: left; vertical-align: top; word-break: normal; border: 1px solid black;\">Porto de embarque :<\/td>\n<td style=\"font-family: Arial, sans-serif; font-size: 14px; overflow: hidden; padding: 10px 5px; text-align: left; vertical-align: top; word-break: normal; border: 1px solid black;\">Xiamen<\/td>\n<\/tr>\n<tr>\n<td style=\"font-family: Arial, sans-serif; font-size: 14px; overflow: hidden; padding: 10px 5px; text-align: left; vertical-align: top; word-break: normal; border: 1px solid black;\">Prazo de entrega :<\/td>\n<td style=\"font-family: Arial, sans-serif; font-size: 14px; overflow: hidden; padding: 10px 5px; text-align: left; vertical-align: top; word-break: normal; border: 1px solid black;\">20-25 dias<\/td>\n<\/tr>\n<\/tbody>\n<\/table>\n<p>&nbsp;<\/p>","protected":false},"featured_media":8287,"template":"","meta":[],"product_brand":[],"product_cat":[758,770],"product_tag":[766],"class_list":{"0":"post-8286","1":"product","2":"type-product","3":"status-publish","4":"has-post-thumbnail","6":"product_cat-block-moulds","7":"product_cat-grass-stone-mold","8":"product_tag-grass-stone-mold","10":"first","11":"instock","12":"shipping-taxable","13":"product-type-simple"},"yoast_head":"<!-- This site is optimized with the Yoast SEO plugin v24.4 - https:\/\/yoast.com\/wordpress\/plugins\/seo\/ -->\n<title>Slab &amp; Kerb\u2011Stone Moulds | Concrete Paver Mold Supplier<\/title>\n<meta name=\"description\" content=\"Premium slab, kerb\u2011stone, rain\u2011gutter and paving\u2011stone molds for block machines. Durable, wear\u2011resistant concrete molds from leading Chinese manufacturer.\" \/>\n<meta name=\"robots\" content=\"index, follow, max-snippet:-1, max-image-preview:large, max-video-preview:-1\" \/>\n<link rel=\"canonical\" href=\"https:\/\/www.kblmachinery.com\/pt\/slab-mold-kerb-stone-mold-rain-gutter-stone-mold-paving-stone-mold\/\" \/>\n<meta property=\"og:locale\" content=\"pt_PT\" \/>\n<meta property=\"og:type\" content=\"article\" \/>\n<meta property=\"og:title\" content=\"Slab &amp; Kerb\u2011Stone Moulds | Concrete Paver Mold Supplier\" \/>\n<meta property=\"og:description\" content=\"Premium slab, kerb\u2011stone, rain\u2011gutter and paving\u2011stone molds for block machines. Durable, wear\u2011resistant concrete molds from leading Chinese manufacturer.\" \/>\n<meta property=\"og:url\" content=\"https:\/\/www.kblmachinery.com\/pt\/slab-mold-kerb-stone-mold-rain-gutter-stone-mold-paving-stone-mold\/\" \/>\n<meta property=\"og:site_name\" content=\"Kimberly Machinery\" \/>\n<meta property=\"article:publisher\" content=\"https:\/\/www.facebook.com\/KimberlyMachinery\" \/>\n<meta property=\"article:modified_time\" content=\"2025-11-28T07:57:48+00:00\" \/>\n<meta property=\"og:image\" content=\"https:\/\/www.kblmachinery.com\/wp-content\/uploads\/2025\/11\/Solid-Brick-Mould-Slab-Mold-Kerbstone-Rain-Gutter-Stone-Paving-Stone-Making.webp\" \/>\n\t<meta property=\"og:image:width\" content=\"805\" \/>\n\t<meta property=\"og:image:height\" content=\"805\" \/>\n\t<meta property=\"og:image:type\" content=\"image\/webp\" \/>\n<meta name=\"twitter:card\" content=\"summary_large_image\" \/>\n<meta name=\"twitter:label1\" content=\"Tempo estimado de leitura\" \/>\n\t<meta name=\"twitter:data1\" content=\"2 minutos\" \/>\n<script type=\"application\/ld+json\" class=\"yoast-schema-graph\">{\"@context\":\"https:\/\/schema.org\",\"@graph\":[{\"@type\":\"WebPage\",\"@id\":\"https:\/\/www.kblmachinery.com\/slab-mold-kerb-stone-mold-rain-gutter-stone-mold-paving-stone-mold\/\",\"url\":\"https:\/\/www.kblmachinery.com\/slab-mold-kerb-stone-mold-rain-gutter-stone-mold-paving-stone-mold\/\",\"name\":\"Slab & Kerb\u2011Stone Moulds | Concrete Paver Mold Supplier\",\"isPartOf\":{\"@id\":\"https:\/\/www.kblmachinery.com\/#website\"},\"primaryImageOfPage\":{\"@id\":\"https:\/\/www.kblmachinery.com\/slab-mold-kerb-stone-mold-rain-gutter-stone-mold-paving-stone-mold\/#primaryimage\"},\"image\":{\"@id\":\"https:\/\/www.kblmachinery.com\/slab-mold-kerb-stone-mold-rain-gutter-stone-mold-paving-stone-mold\/#primaryimage\"},\"thumbnailUrl\":\"https:\/\/www.kblmachinery.com\/wp-content\/uploads\/2025\/11\/Solid-Brick-Mould-Slab-Mold-Kerbstone-Rain-Gutter-Stone-Paving-Stone-Making.webp\",\"datePublished\":\"2024-08-17T04:20:00+00:00\",\"dateModified\":\"2025-11-28T07:57:48+00:00\",\"description\":\"Premium slab, kerb\u2011stone, rain\u2011gutter and paving\u2011stone molds for block machines. Durable, wear\u2011resistant concrete molds from leading Chinese manufacturer.\",\"breadcrumb\":{\"@id\":\"https:\/\/www.kblmachinery.com\/slab-mold-kerb-stone-mold-rain-gutter-stone-mold-paving-stone-mold\/#breadcrumb\"},\"inLanguage\":\"pt-PT\",\"potentialAction\":[{\"@type\":\"ReadAction\",\"target\":[\"https:\/\/www.kblmachinery.com\/slab-mold-kerb-stone-mold-rain-gutter-stone-mold-paving-stone-mold\/\"]}]},{\"@type\":\"ImageObject\",\"inLanguage\":\"pt-PT\",\"@id\":\"https:\/\/www.kblmachinery.com\/slab-mold-kerb-stone-mold-rain-gutter-stone-mold-paving-stone-mold\/#primaryimage\",\"url\":\"https:\/\/www.kblmachinery.com\/wp-content\/uploads\/2025\/11\/Solid-Brick-Mould-Slab-Mold-Kerbstone-Rain-Gutter-Stone-Paving-Stone-Making.webp\",\"contentUrl\":\"https:\/\/www.kblmachinery.com\/wp-content\/uploads\/2025\/11\/Solid-Brick-Mould-Slab-Mold-Kerbstone-Rain-Gutter-Stone-Paving-Stone-Making.webp\",\"width\":805,\"height\":805,\"caption\":\"Solid Brick Mould Slab Mold Kerbstone Rain Gutter Stone Paving Stone Making\"},{\"@type\":\"BreadcrumbList\",\"@id\":\"https:\/\/www.kblmachinery.com\/slab-mold-kerb-stone-mold-rain-gutter-stone-mold-paving-stone-mold\/#breadcrumb\",\"itemListElement\":[{\"@type\":\"ListItem\",\"position\":1,\"name\":\"Home\",\"item\":\"https:\/\/www.kblmachinery.com\/\"},{\"@type\":\"ListItem\",\"position\":2,\"name\":\"Solid Brick Mould Slab Mold Kerbstone Rain Gutter Stone Paving Stone Making\"}]},{\"@type\":\"WebSite\",\"@id\":\"https:\/\/www.kblmachinery.com\/#website\",\"url\":\"https:\/\/www.kblmachinery.com\/\",\"name\":\"Professional Brick\/Block Making Machine in China\",\"description\":\"Block Machine Manufacturer - Kimberly Machinery\",\"publisher\":{\"@id\":\"https:\/\/www.kblmachinery.com\/#organization\"},\"potentialAction\":[{\"@type\":\"SearchAction\",\"target\":{\"@type\":\"EntryPoint\",\"urlTemplate\":\"https:\/\/www.kblmachinery.com\/?s={search_term_string}\"},\"query-input\":{\"@type\":\"PropertyValueSpecification\",\"valueRequired\":true,\"valueName\":\"search_term_string\"}}],\"inLanguage\":\"pt-PT\"},{\"@type\":\"Organization\",\"@id\":\"https:\/\/www.kblmachinery.com\/#organization\",\"name\":\"Quanzhou Kimberly Machinery Manufacturing Co. Ltd\",\"url\":\"https:\/\/www.kblmachinery.com\/\",\"logo\":{\"@type\":\"ImageObject\",\"inLanguage\":\"pt-PT\",\"@id\":\"https:\/\/www.kblmachinery.com\/#\/schema\/logo\/image\/\",\"url\":\"https:\/\/www.kblmachinery.com\/wp-content\/uploads\/2025\/11\/cropped-logo-1-1.png\",\"contentUrl\":\"https:\/\/www.kblmachinery.com\/wp-content\/uploads\/2025\/11\/cropped-logo-1-1.png\",\"width\":123,\"height\":136,\"caption\":\"Quanzhou Kimberly Machinery Manufacturing Co. Ltd\"},\"image\":{\"@id\":\"https:\/\/www.kblmachinery.com\/#\/schema\/logo\/image\/\"},\"sameAs\":[\"https:\/\/www.facebook.com\/KimberlyMachinery\"]}]}<\/script>\n<!-- \/ Yoast SEO plugin. -->","yoast_head_json":{"title":"Slab & Kerb\u2011Stone Moulds | Concrete Paver Mold Supplier","description":"Premium slab, kerb\u2011stone, rain\u2011gutter and paving\u2011stone molds for block machines. Durable, wear\u2011resistant concrete molds from leading Chinese manufacturer.","robots":{"index":"index","follow":"follow","max-snippet":"max-snippet:-1","max-image-preview":"max-image-preview:large","max-video-preview":"max-video-preview:-1"},"canonical":"https:\/\/www.kblmachinery.com\/pt\/slab-mold-kerb-stone-mold-rain-gutter-stone-mold-paving-stone-mold\/","og_locale":"pt_PT","og_type":"article","og_title":"Slab & Kerb\u2011Stone Moulds | Concrete Paver Mold Supplier","og_description":"Premium slab, kerb\u2011stone, rain\u2011gutter and paving\u2011stone molds for block machines. Durable, wear\u2011resistant concrete molds from leading Chinese manufacturer.","og_url":"https:\/\/www.kblmachinery.com\/pt\/slab-mold-kerb-stone-mold-rain-gutter-stone-mold-paving-stone-mold\/","og_site_name":"Kimberly Machinery","article_publisher":"https:\/\/www.facebook.com\/KimberlyMachinery","article_modified_time":"2025-11-28T07:57:48+00:00","og_image":[{"width":805,"height":805,"url":"https:\/\/www.kblmachinery.com\/wp-content\/uploads\/2025\/11\/Solid-Brick-Mould-Slab-Mold-Kerbstone-Rain-Gutter-Stone-Paving-Stone-Making.webp","type":"image\/webp"}],"twitter_card":"summary_large_image","twitter_misc":{"Tempo estimado de leitura":"2 minutos"},"schema":{"@context":"https:\/\/schema.org","@graph":[{"@type":"WebPage","@id":"https:\/\/www.kblmachinery.com\/slab-mold-kerb-stone-mold-rain-gutter-stone-mold-paving-stone-mold\/","url":"https:\/\/www.kblmachinery.com\/slab-mold-kerb-stone-mold-rain-gutter-stone-mold-paving-stone-mold\/","name":"Slab & Kerb\u2011Stone Moulds | Concrete Paver Mold Supplier","isPartOf":{"@id":"https:\/\/www.kblmachinery.com\/#website"},"primaryImageOfPage":{"@id":"https:\/\/www.kblmachinery.com\/slab-mold-kerb-stone-mold-rain-gutter-stone-mold-paving-stone-mold\/#primaryimage"},"image":{"@id":"https:\/\/www.kblmachinery.com\/slab-mold-kerb-stone-mold-rain-gutter-stone-mold-paving-stone-mold\/#primaryimage"},"thumbnailUrl":"https:\/\/www.kblmachinery.com\/wp-content\/uploads\/2025\/11\/Solid-Brick-Mould-Slab-Mold-Kerbstone-Rain-Gutter-Stone-Paving-Stone-Making.webp","datePublished":"2024-08-17T04:20:00+00:00","dateModified":"2025-11-28T07:57:48+00:00","description":"Premium slab, kerb\u2011stone, rain\u2011gutter and paving\u2011stone molds for block machines. Durable, wear\u2011resistant concrete molds from leading Chinese manufacturer.","breadcrumb":{"@id":"https:\/\/www.kblmachinery.com\/slab-mold-kerb-stone-mold-rain-gutter-stone-mold-paving-stone-mold\/#breadcrumb"},"inLanguage":"pt-PT","potentialAction":[{"@type":"ReadAction","target":["https:\/\/www.kblmachinery.com\/slab-mold-kerb-stone-mold-rain-gutter-stone-mold-paving-stone-mold\/"]}]},{"@type":"ImageObject","inLanguage":"pt-PT","@id":"https:\/\/www.kblmachinery.com\/slab-mold-kerb-stone-mold-rain-gutter-stone-mold-paving-stone-mold\/#primaryimage","url":"https:\/\/www.kblmachinery.com\/wp-content\/uploads\/2025\/11\/Solid-Brick-Mould-Slab-Mold-Kerbstone-Rain-Gutter-Stone-Paving-Stone-Making.webp","contentUrl":"https:\/\/www.kblmachinery.com\/wp-content\/uploads\/2025\/11\/Solid-Brick-Mould-Slab-Mold-Kerbstone-Rain-Gutter-Stone-Paving-Stone-Making.webp","width":805,"height":805,"caption":"Solid Brick Mould Slab Mold Kerbstone Rain Gutter Stone Paving Stone Making"},{"@type":"BreadcrumbList","@id":"https:\/\/www.kblmachinery.com\/slab-mold-kerb-stone-mold-rain-gutter-stone-mold-paving-stone-mold\/#breadcrumb","itemListElement":[{"@type":"ListItem","position":1,"name":"Home","item":"https:\/\/www.kblmachinery.com\/"},{"@type":"ListItem","position":2,"name":"Solid Brick Mould Slab Mold Kerbstone Rain Gutter Stone Paving Stone Making"}]},{"@type":"WebSite","@id":"https:\/\/www.kblmachinery.com\/#website","url":"https:\/\/www.kblmachinery.com\/","name":"Professional Brick\/Block Making Machine in China","description":"Block Machine Manufacturer - Kimberly Machinery","publisher":{"@id":"https:\/\/www.kblmachinery.com\/#organization"},"potentialAction":[{"@type":"SearchAction","target":{"@type":"EntryPoint","urlTemplate":"https:\/\/www.kblmachinery.com\/?s={search_term_string}"},"query-input":{"@type":"PropertyValueSpecification","valueRequired":true,"valueName":"search_term_string"}}],"inLanguage":"pt-PT"},{"@type":"Organization","@id":"https:\/\/www.kblmachinery.com\/#organization","name":"Quanzhou Kimberly Machinery Manufacturing Co. Ltd","url":"https:\/\/www.kblmachinery.com\/","logo":{"@type":"ImageObject","inLanguage":"pt-PT","@id":"https:\/\/www.kblmachinery.com\/#\/schema\/logo\/image\/","url":"https:\/\/www.kblmachinery.com\/wp-content\/uploads\/2025\/11\/cropped-logo-1-1.png","contentUrl":"https:\/\/www.kblmachinery.com\/wp-content\/uploads\/2025\/11\/cropped-logo-1-1.png","width":123,"height":136,"caption":"Quanzhou Kimberly Machinery Manufacturing Co. Ltd"},"image":{"@id":"https:\/\/www.kblmachinery.com\/#\/schema\/logo\/image\/"},"sameAs":["https:\/\/www.facebook.com\/KimberlyMachinery"]}]}},"_links":{"self":[{"href":"https:\/\/www.kblmachinery.com\/pt\/wp-json\/wp\/v2\/product\/8286","targetHints":{"allow":["GET"]}}],"collection":[{"href":"https:\/\/www.kblmachinery.com\/pt\/wp-json\/wp\/v2\/product"}],"about":[{"href":"https:\/\/www.kblmachinery.com\/pt\/wp-json\/wp\/v2\/types\/product"}],"wp:featuredmedia":[{"embeddable":true,"href":"https:\/\/www.kblmachinery.com\/pt\/wp-json\/wp\/v2\/media\/8287"}],"wp:attachment":[{"href":"https:\/\/www.kblmachinery.com\/pt\/wp-json\/wp\/v2\/media?parent=8286"}],"wp:term":[{"taxonomy":"product_brand","embeddable":true,"href":"https:\/\/www.kblmachinery.com\/pt\/wp-json\/wp\/v2\/product_brand?post=8286"},{"taxonomy":"product_cat","embeddable":true,"href":"https:\/\/www.kblmachinery.com\/pt\/wp-json\/wp\/v2\/product_cat?post=8286"},{"taxonomy":"product_tag","embeddable":true,"href":"https:\/\/www.kblmachinery.com\/pt\/wp-json\/wp\/v2\/product_tag?post=8286"}],"curies":[{"name":"wp","href":"https:\/\/api.w.org\/{rel}","templated":true}]}}