{"id":8288,"date":"2024-08-18T01:33:00","date_gmt":"2024-08-18T01:33:00","guid":{"rendered":"https:\/\/www.kblmachinery.com\/?post_type=product&#038;p=8288"},"modified":"2025-11-28T06:58:31","modified_gmt":"2025-11-28T06:58:31","slug":"low-level-block-palletzing-cuber","status":"publish","type":"product","link":"https:\/\/www.kblmachinery.com\/pt\/low-level-block-palletzing-cuber\/","title":{"rendered":"Cubadora de paletiza\u00e7\u00e3o de bloco de baixo n\u00edvel"},"content":{"rendered":"<h2>Vis\u00e3o geral do produto<\/h2>\n<table class=\"tg\" style=\"border-collapse: collapse; border-spacing: 0;\">\n<thead>\n<tr>\n<th style=\"font-family: Arial, sans-serif; font-size: 14px; font-weight: normal; overflow: hidden; padding: 10px 5px; text-align: left; vertical-align: top; word-break: normal; border: 1px solid black;\">Tipo de bloco<\/th>\n<th style=\"font-family: Arial, sans-serif; font-size: 14px; font-weight: normal; overflow: hidden; padding: 10px 5px; text-align: left; vertical-align: top; word-break: normal; border: 1px solid black;\">Tamanho do bloco<\/th>\n<th style=\"font-family: Arial, sans-serif; font-size: 14px; font-weight: normal; overflow: hidden; padding: 10px 5px; text-align: left; vertical-align: top; word-break: normal; border: 1px solid black;\">A defini\u00e7\u00e3o do tamanho do bloco e a velocidade 1<\/th>\n<th style=\"font-family: Arial, sans-serif; font-size: 14px; font-weight: normal; overflow: hidden; padding: 10px 5px; text-align: left; vertical-align: top; word-break: normal; border: 1px solid black;\">O tamanho da defini\u00e7\u00e3o do bloco e a velocidade 2<\/th>\n<\/tr>\n<\/thead>\n<tbody>\n<tr>\n<td style=\"font-family: Arial, sans-serif; font-size: 14px; overflow: hidden; padding: 10px 5px; text-align: left; vertical-align: top; word-break: normal; border: 1px solid black;\">Tijolo maci\u00e7o<\/td>\n<td style=\"font-family: Arial, sans-serif; font-size: 14px; overflow: hidden; padding: 10px 5px; text-align: left; vertical-align: top; word-break: normal; border: 1px solid black;\"><span style=\"font-weight: inherit; font-style: inherit;\">240*115*50mm<\/span><\/td>\n<td style=\"font-family: Arial, sans-serif; font-size: 14px; overflow: hidden; padding: 10px 5px; text-align: left; vertical-align: top; word-break: normal; border: 1px solid black;\">76 unidades\/camada (uma camada \u00e9 960*960mm);888 unidades\/pilha (12 camadas\/pilha);15960 unidades\/hora.<\/td>\n<td style=\"font-family: Arial, sans-serif; font-size: 14px; overflow: hidden; padding: 10px 5px; text-align: left; vertical-align: top; word-break: normal; border: 1px solid black;\">120 pcs\/camada (uma camada \u00e9 1200*1200mm);1416 pcs\/pilha (12 camadas\/pilha);20160 pcs\/hora.<\/td>\n<\/tr>\n<tr>\n<td style=\"font-family: Arial, sans-serif; font-size: 14px; overflow: hidden; padding: 10px 5px; text-align: left; vertical-align: top; word-break: normal; border: 1px solid black;\">Tijolo de pavimenta\u00e7\u00e3o<\/td>\n<td style=\"font-family: Arial, sans-serif; font-size: 14px; overflow: hidden; padding: 10px 5px; text-align: left; vertical-align: top; word-break: normal; border: 1px solid black;\"><span style=\"font-weight: inherit; font-style: inherit;\">200*100*60mm<\/span><\/td>\n<td style=\"font-family: Arial, sans-serif; font-size: 14px; overflow: hidden; padding: 10px 5px; text-align: left; vertical-align: top; word-break: normal; border: 1px solid black;\">32 pcs\/camada (uma camada \u00e9 800*800mm);692 pcs\/pilha (22 camadas\/pilha);6720 pcs\/hora.<\/td>\n<td style=\"font-family: Arial, sans-serif; font-size: 14px; overflow: hidden; padding: 10px 5px; text-align: left; vertical-align: top; word-break: normal; border: 1px solid black;\">50 unidades\/camada (uma camada \u00e9 1000*1000mm);1085 unidades\/pilha (22 camadas\/pilha);10500 unidades\/hora.<\/td>\n<\/tr>\n<tr>\n<td style=\"font-family: Arial, sans-serif; font-size: 14px; overflow: hidden; padding: 10px 5px; text-align: left; vertical-align: top; word-break: normal; border: 1px solid black;\">Bloco oco<\/td>\n<td style=\"font-family: Arial, sans-serif; font-size: 14px; overflow: hidden; padding: 10px 5px; text-align: left; vertical-align: top; word-break: normal; border: 1px solid black;\"><span style=\"font-weight: inherit; font-style: inherit;\">400*200*200mm<\/span><\/td>\n<td style=\"font-family: Arial, sans-serif; font-size: 14px; overflow: hidden; padding: 10px 5px; text-align: left; vertical-align: top; word-break: normal; border: 1px solid black;\">8 pe\u00e7as\/camada (uma camada \u00e9 800*800mm); 54 pe\u00e7as\/pilha (7 camadas\/pilha); 1680 pe\u00e7as\/hora.<\/td>\n<td style=\"font-family: Arial, sans-serif; font-size: 14px; overflow: hidden; padding: 10px 5px; text-align: left; vertical-align: top; word-break: normal; border: 1px solid black;\">18 unidades\/camada (uma camada \u00e9 1200*1200mm);120 unidades\/pilha (7 camadas\/pilha);3780 unidades\/hora.<\/td>\n<\/tr>\n<\/tbody>\n<\/table>\n<p>O sistema de embalagem de blocos secos com orif\u00edcios pr\u00e9-formados XX-MD 1200 \u00e9 adequado para a paletiza\u00e7\u00e3o de blocos acabados secos da linha de produ\u00e7\u00e3o de fabrico de blocos simples, pertencente \u00e0 linha de produ\u00e7\u00e3o de paletiza\u00e7\u00e3o semi-autom\u00e1tica, que \u00e9 montada de forma independente perto do estaleiro de manuten\u00e7\u00e3o do produto, e tamb\u00e9m pode ser ligada em s\u00e9rie na linha de produ\u00e7\u00e3o de blocos para implementar a paletiza\u00e7\u00e3o em linha.<\/p>\n<h2>Processo de trabalho:<\/h2>\n<p>The automatic preformed-holes dry block packing system can separate the bricks of different types and specifications produced by different types of brick machines, reassemble the blocks, and finally form a square stack of about one meter. Cross palletizing is carried out, and the fork brick hole position can be generated automatically according to the need. The palletizing height can be up to 1450mm.<\/p>\n<p>After the palletizing is completed, it can be palletized and output through a heavy chain conveyor, which can be packed manually or equipped with an automatic baling machine. Each node on the whole production line has a pre-stored position to save the forklift running time.<\/p>\n<h2>Inspe\u00e7\u00e3o e manuten\u00e7\u00e3o:<\/h2>\n<p>Todo o sistema adopta o PLC e o controlo do ecr\u00e3 t\u00e1til, coopera com a indu\u00e7\u00e3o laser e o sensor inteligente para realizar a opera\u00e7\u00e3o autom\u00e1tica n\u00e3o tripulada, e p\u00e1ra automaticamente o alarme e apresenta a localiza\u00e7\u00e3o da falha quando ocorre uma falha, que pode ser facilmente eliminada sem pessoal profissional e t\u00e9cnico. Apenas 2-4 trabalhadores podem cobrir todo o trabalho de recolha de tijolos, poupando muito custo de m\u00e3o de obra. Equipado com sistemas de controlo remoto e equipamentos de dados em nuvem, os fabricantes podem resolver todos os problemas no escrit\u00f3rio a qualquer momento.<\/p>\n<h2>Princ\u00edpio de funcionamento:<\/h2>\n<p>O funcionamento do equipamento \u00e9 controlado por eletricidade, g\u00e1s e l\u00edquido, respetivamente, que n\u00e3o interferem uns com os outros e actuam de forma coerente.<\/p>\n<h2>Tempo de vida:<\/h2>\n<p>Mais de 6~10 anos, baixo custo de manuten\u00e7\u00e3o.<\/p>","protected":false},"excerpt":{"rendered":"<ul>\n<li>O tempo de ciclo: 15s para blocos de uma camada<\/li>\n<li>A capacidade de produ\u00e7\u00e3o: 2000~2500 moldes\/8 horas.<\/li>\n<\/ul>","protected":false},"featured_media":8289,"template":"","meta":[],"product_brand":[],"product_cat":[772],"product_tag":[],"class_list":{"0":"post-8288","1":"product","2":"type-product","3":"status-publish","4":"has-post-thumbnail","6":"product_cat-block-palletizer","8":"first","9":"instock","10":"shipping-taxable","11":"product-type-simple"},"yoast_head":"<!-- This site is optimized with the Yoast SEO plugin v24.4 - https:\/\/yoast.com\/wordpress\/plugins\/seo\/ -->\n<title>Low Level-Block Palletzing Cuber - Kimberly Machinery<\/title>\n<meta name=\"description\" content=\"china Low Level-Block Palletzing Cuber manufacturer provides auto concrete block machines, hydraulic press series block machines, concrete mixer, batching machine with wholesale price.\" \/>\n<meta name=\"robots\" content=\"index, follow, max-snippet:-1, max-image-preview:large, max-video-preview:-1\" \/>\n<link rel=\"canonical\" href=\"https:\/\/www.kblmachinery.com\/pt\/low-level-block-palletzing-cuber\/\" \/>\n<meta property=\"og:locale\" content=\"pt_PT\" \/>\n<meta property=\"og:type\" content=\"article\" \/>\n<meta property=\"og:title\" content=\"Low Level-Block Palletzing Cuber - Kimberly Machinery\" \/>\n<meta property=\"og:description\" content=\"china Low Level-Block Palletzing Cuber manufacturer provides auto concrete block machines, hydraulic press series block machines, concrete mixer, batching machine with wholesale price.\" \/>\n<meta property=\"og:url\" content=\"https:\/\/www.kblmachinery.com\/pt\/low-level-block-palletzing-cuber\/\" \/>\n<meta property=\"og:site_name\" content=\"Kimberly Machinery\" \/>\n<meta property=\"article:publisher\" content=\"https:\/\/www.facebook.com\/KimberlyMachinery\" \/>\n<meta property=\"article:modified_time\" content=\"2025-11-28T06:58:31+00:00\" \/>\n<meta property=\"og:image\" content=\"https:\/\/www.kblmachinery.com\/wp-content\/uploads\/2025\/11\/Low-Level-Block-Palletzing-Cuber-1.webp\" \/>\n\t<meta property=\"og:image:width\" content=\"800\" \/>\n\t<meta property=\"og:image:height\" content=\"800\" \/>\n\t<meta property=\"og:image:type\" content=\"image\/webp\" \/>\n<meta name=\"twitter:card\" content=\"summary_large_image\" \/>\n<meta name=\"twitter:label1\" content=\"Tempo estimado de leitura\" \/>\n\t<meta name=\"twitter:data1\" content=\"2 minutos\" \/>\n<script type=\"application\/ld+json\" class=\"yoast-schema-graph\">{\"@context\":\"https:\/\/schema.org\",\"@graph\":[{\"@type\":\"WebPage\",\"@id\":\"https:\/\/www.kblmachinery.com\/low-level-block-palletzing-cuber\/\",\"url\":\"https:\/\/www.kblmachinery.com\/low-level-block-palletzing-cuber\/\",\"name\":\"Low Level-Block Palletzing Cuber - Kimberly Machinery\",\"isPartOf\":{\"@id\":\"https:\/\/www.kblmachinery.com\/#website\"},\"primaryImageOfPage\":{\"@id\":\"https:\/\/www.kblmachinery.com\/low-level-block-palletzing-cuber\/#primaryimage\"},\"image\":{\"@id\":\"https:\/\/www.kblmachinery.com\/low-level-block-palletzing-cuber\/#primaryimage\"},\"thumbnailUrl\":\"https:\/\/www.kblmachinery.com\/wp-content\/uploads\/2025\/11\/Low-Level-Block-Palletzing-Cuber-1.webp\",\"datePublished\":\"2024-08-18T01:33:00+00:00\",\"dateModified\":\"2025-11-28T06:58:31+00:00\",\"description\":\"china Low Level-Block Palletzing Cuber manufacturer provides auto concrete block machines, hydraulic press series block machines, concrete mixer, batching machine with wholesale price.\",\"breadcrumb\":{\"@id\":\"https:\/\/www.kblmachinery.com\/low-level-block-palletzing-cuber\/#breadcrumb\"},\"inLanguage\":\"pt-PT\",\"potentialAction\":[{\"@type\":\"ReadAction\",\"target\":[\"https:\/\/www.kblmachinery.com\/low-level-block-palletzing-cuber\/\"]}]},{\"@type\":\"ImageObject\",\"inLanguage\":\"pt-PT\",\"@id\":\"https:\/\/www.kblmachinery.com\/low-level-block-palletzing-cuber\/#primaryimage\",\"url\":\"https:\/\/www.kblmachinery.com\/wp-content\/uploads\/2025\/11\/Low-Level-Block-Palletzing-Cuber-1.webp\",\"contentUrl\":\"https:\/\/www.kblmachinery.com\/wp-content\/uploads\/2025\/11\/Low-Level-Block-Palletzing-Cuber-1.webp\",\"width\":800,\"height\":800,\"caption\":\"Low Level-Block Palletzing Cuber (1)\"},{\"@type\":\"BreadcrumbList\",\"@id\":\"https:\/\/www.kblmachinery.com\/low-level-block-palletzing-cuber\/#breadcrumb\",\"itemListElement\":[{\"@type\":\"ListItem\",\"position\":1,\"name\":\"Home\",\"item\":\"https:\/\/www.kblmachinery.com\/\"},{\"@type\":\"ListItem\",\"position\":2,\"name\":\"Low Level-Block Palletzing Cuber\"}]},{\"@type\":\"WebSite\",\"@id\":\"https:\/\/www.kblmachinery.com\/#website\",\"url\":\"https:\/\/www.kblmachinery.com\/\",\"name\":\"Professional Brick\/Block Making Machine in China\",\"description\":\"Block Machine Manufacturer - Kimberly Machinery\",\"publisher\":{\"@id\":\"https:\/\/www.kblmachinery.com\/#organization\"},\"potentialAction\":[{\"@type\":\"SearchAction\",\"target\":{\"@type\":\"EntryPoint\",\"urlTemplate\":\"https:\/\/www.kblmachinery.com\/?s={search_term_string}\"},\"query-input\":{\"@type\":\"PropertyValueSpecification\",\"valueRequired\":true,\"valueName\":\"search_term_string\"}}],\"inLanguage\":\"pt-PT\"},{\"@type\":\"Organization\",\"@id\":\"https:\/\/www.kblmachinery.com\/#organization\",\"name\":\"Quanzhou Kimberly Machinery Manufacturing Co. Ltd\",\"url\":\"https:\/\/www.kblmachinery.com\/\",\"logo\":{\"@type\":\"ImageObject\",\"inLanguage\":\"pt-PT\",\"@id\":\"https:\/\/www.kblmachinery.com\/#\/schema\/logo\/image\/\",\"url\":\"https:\/\/www.kblmachinery.com\/wp-content\/uploads\/2025\/11\/cropped-logo-1-1.png\",\"contentUrl\":\"https:\/\/www.kblmachinery.com\/wp-content\/uploads\/2025\/11\/cropped-logo-1-1.png\",\"width\":123,\"height\":136,\"caption\":\"Quanzhou Kimberly Machinery Manufacturing Co. Ltd\"},\"image\":{\"@id\":\"https:\/\/www.kblmachinery.com\/#\/schema\/logo\/image\/\"},\"sameAs\":[\"https:\/\/www.facebook.com\/KimberlyMachinery\"]}]}<\/script>\n<!-- \/ Yoast SEO plugin. -->","yoast_head_json":{"title":"Low Level-Block Palletzing Cuber - Kimberly Machinery","description":"china Low Level-Block Palletzing Cuber manufacturer provides auto concrete block machines, hydraulic press series block machines, concrete mixer, batching machine with wholesale price.","robots":{"index":"index","follow":"follow","max-snippet":"max-snippet:-1","max-image-preview":"max-image-preview:large","max-video-preview":"max-video-preview:-1"},"canonical":"https:\/\/www.kblmachinery.com\/pt\/low-level-block-palletzing-cuber\/","og_locale":"pt_PT","og_type":"article","og_title":"Low Level-Block Palletzing Cuber - Kimberly Machinery","og_description":"china Low Level-Block Palletzing Cuber manufacturer provides auto concrete block machines, hydraulic press series block machines, concrete mixer, batching machine with wholesale price.","og_url":"https:\/\/www.kblmachinery.com\/pt\/low-level-block-palletzing-cuber\/","og_site_name":"Kimberly Machinery","article_publisher":"https:\/\/www.facebook.com\/KimberlyMachinery","article_modified_time":"2025-11-28T06:58:31+00:00","og_image":[{"width":800,"height":800,"url":"https:\/\/www.kblmachinery.com\/wp-content\/uploads\/2025\/11\/Low-Level-Block-Palletzing-Cuber-1.webp","type":"image\/webp"}],"twitter_card":"summary_large_image","twitter_misc":{"Tempo estimado de leitura":"2 minutos"},"schema":{"@context":"https:\/\/schema.org","@graph":[{"@type":"WebPage","@id":"https:\/\/www.kblmachinery.com\/low-level-block-palletzing-cuber\/","url":"https:\/\/www.kblmachinery.com\/low-level-block-palletzing-cuber\/","name":"Low Level-Block Palletzing Cuber - Kimberly Machinery","isPartOf":{"@id":"https:\/\/www.kblmachinery.com\/#website"},"primaryImageOfPage":{"@id":"https:\/\/www.kblmachinery.com\/low-level-block-palletzing-cuber\/#primaryimage"},"image":{"@id":"https:\/\/www.kblmachinery.com\/low-level-block-palletzing-cuber\/#primaryimage"},"thumbnailUrl":"https:\/\/www.kblmachinery.com\/wp-content\/uploads\/2025\/11\/Low-Level-Block-Palletzing-Cuber-1.webp","datePublished":"2024-08-18T01:33:00+00:00","dateModified":"2025-11-28T06:58:31+00:00","description":"china Low Level-Block Palletzing Cuber manufacturer provides auto concrete block machines, hydraulic press series block machines, concrete mixer, batching machine with wholesale price.","breadcrumb":{"@id":"https:\/\/www.kblmachinery.com\/low-level-block-palletzing-cuber\/#breadcrumb"},"inLanguage":"pt-PT","potentialAction":[{"@type":"ReadAction","target":["https:\/\/www.kblmachinery.com\/low-level-block-palletzing-cuber\/"]}]},{"@type":"ImageObject","inLanguage":"pt-PT","@id":"https:\/\/www.kblmachinery.com\/low-level-block-palletzing-cuber\/#primaryimage","url":"https:\/\/www.kblmachinery.com\/wp-content\/uploads\/2025\/11\/Low-Level-Block-Palletzing-Cuber-1.webp","contentUrl":"https:\/\/www.kblmachinery.com\/wp-content\/uploads\/2025\/11\/Low-Level-Block-Palletzing-Cuber-1.webp","width":800,"height":800,"caption":"Low Level-Block Palletzing Cuber (1)"},{"@type":"BreadcrumbList","@id":"https:\/\/www.kblmachinery.com\/low-level-block-palletzing-cuber\/#breadcrumb","itemListElement":[{"@type":"ListItem","position":1,"name":"Home","item":"https:\/\/www.kblmachinery.com\/"},{"@type":"ListItem","position":2,"name":"Low Level-Block Palletzing Cuber"}]},{"@type":"WebSite","@id":"https:\/\/www.kblmachinery.com\/#website","url":"https:\/\/www.kblmachinery.com\/","name":"Professional Brick\/Block Making Machine in China","description":"Block Machine Manufacturer - Kimberly Machinery","publisher":{"@id":"https:\/\/www.kblmachinery.com\/#organization"},"potentialAction":[{"@type":"SearchAction","target":{"@type":"EntryPoint","urlTemplate":"https:\/\/www.kblmachinery.com\/?s={search_term_string}"},"query-input":{"@type":"PropertyValueSpecification","valueRequired":true,"valueName":"search_term_string"}}],"inLanguage":"pt-PT"},{"@type":"Organization","@id":"https:\/\/www.kblmachinery.com\/#organization","name":"Quanzhou Kimberly Machinery Manufacturing Co. Ltd","url":"https:\/\/www.kblmachinery.com\/","logo":{"@type":"ImageObject","inLanguage":"pt-PT","@id":"https:\/\/www.kblmachinery.com\/#\/schema\/logo\/image\/","url":"https:\/\/www.kblmachinery.com\/wp-content\/uploads\/2025\/11\/cropped-logo-1-1.png","contentUrl":"https:\/\/www.kblmachinery.com\/wp-content\/uploads\/2025\/11\/cropped-logo-1-1.png","width":123,"height":136,"caption":"Quanzhou Kimberly Machinery Manufacturing Co. Ltd"},"image":{"@id":"https:\/\/www.kblmachinery.com\/#\/schema\/logo\/image\/"},"sameAs":["https:\/\/www.facebook.com\/KimberlyMachinery"]}]}},"_links":{"self":[{"href":"https:\/\/www.kblmachinery.com\/pt\/wp-json\/wp\/v2\/product\/8288","targetHints":{"allow":["GET"]}}],"collection":[{"href":"https:\/\/www.kblmachinery.com\/pt\/wp-json\/wp\/v2\/product"}],"about":[{"href":"https:\/\/www.kblmachinery.com\/pt\/wp-json\/wp\/v2\/types\/product"}],"wp:featuredmedia":[{"embeddable":true,"href":"https:\/\/www.kblmachinery.com\/pt\/wp-json\/wp\/v2\/media\/8289"}],"wp:attachment":[{"href":"https:\/\/www.kblmachinery.com\/pt\/wp-json\/wp\/v2\/media?parent=8288"}],"wp:term":[{"taxonomy":"product_brand","embeddable":true,"href":"https:\/\/www.kblmachinery.com\/pt\/wp-json\/wp\/v2\/product_brand?post=8288"},{"taxonomy":"product_cat","embeddable":true,"href":"https:\/\/www.kblmachinery.com\/pt\/wp-json\/wp\/v2\/product_cat?post=8288"},{"taxonomy":"product_tag","embeddable":true,"href":"https:\/\/www.kblmachinery.com\/pt\/wp-json\/wp\/v2\/product_tag?post=8288"}],"curies":[{"name":"wp","href":"https:\/\/api.w.org\/{rel}","templated":true}]}}