{"id":8319,"date":"2024-09-07T03:30:00","date_gmt":"2024-09-07T03:30:00","guid":{"rendered":"https:\/\/www.kblmachinery.com\/?post_type=product&#038;p=8319"},"modified":"2025-11-28T06:25:09","modified_gmt":"2025-11-28T06:25:09","slug":"qt8-15-brick-block-making-machine","status":"publish","type":"product","link":"https:\/\/www.kblmachinery.com\/pt\/qt8-15-brick-block-making-machine\/","title":{"rendered":"QT8-15 M\u00e1quina de fazer tijolos\/blocos"},"content":{"rendered":"<h2>Vis\u00e3o geral do produto<\/h2>\n<p>A m\u00e1quina para fabricar tijolos\/blocos QT8-15 \u00e9 uma solu\u00e7\u00e3o duradoura e de elevada efici\u00eancia para a produ\u00e7\u00e3o de blocos de bet\u00e3o, tijolos ocos e tijolos para pavimenta\u00e7\u00e3o. Concebida para uma densidade uniforme, um acabamento suave e um funcionamento est\u00e1vel, proporciona um elevado rendimento com pouca manuten\u00e7\u00e3o. Kimberly Machinery \u00e9 uma empresa de confian\u00e7a <a class=\"decorated-link\" href=\"https:\/\/www.kblmachinery.com\/\" target=\"_new\" rel=\"noopener\" data-start=\"413\" data-end=\"466\">m\u00e1quina de fabrico de tijolos<\/a> fornecedor, fornecendo equipamento fi\u00e1vel para distribuidores globais, grossistas e projectos de constru\u00e7\u00e3o.<\/p>\n<h2>Especifica\u00e7\u00f5es do produto<\/h2>\n<table class=\"tg\" style=\"border-collapse: collapse; border-spacing: 0; width: 1100px;\">\n<thead>\n<tr>\n<th style=\"font-family: Arial, sans-serif; font-size: 14px; font-weight: normal; overflow: hidden; padding: 10px 5px; text-align: center; vertical-align: top; word-break: normal; border: 1px solid black;\" colspan=\"2\"><span style=\"font-weight: bold;\">Especifica\u00e7\u00f5es t\u00e9cnicas QT8-15<\/span><\/th>\n<\/tr>\n<\/thead>\n<tbody>\n<tr>\n<td style=\"font-family: Arial, sans-serif; font-size: 14px; overflow: hidden; padding: 10px 5px; text-align: left; vertical-align: top; word-break: normal; border: 1px solid black;\"><span style=\"font-weight: inherit; font-style: inherit;\">Trequ\u00eancia de vibra\u00e7\u00e3o<\/span><\/td>\n<td style=\"font-family: Arial, sans-serif; font-size: 14px; overflow: hidden; padding: 10px 5px; text-align: left; vertical-align: top; word-break: normal; border: 1px solid black;\"><span style=\"font-weight: inherit; font-style: inherit;\">3800-4500(r\/min)<\/span><\/td>\n<\/tr>\n<tr>\n<td style=\"font-family: Arial, sans-serif; font-size: 14px; overflow: hidden; padding: 10px 5px; text-align: left; vertical-align: top; word-break: normal; border: 1px solid black;\">Peso total<\/td>\n<td style=\"font-family: Arial, sans-serif; font-size: 14px; overflow: hidden; padding: 10px 5px; text-align: left; vertical-align: top; word-break: normal; border: 1px solid black;\"><span style=\"font-weight: inherit; font-style: inherit;\">14(T)<\/span><\/td>\n<\/tr>\n<tr>\n<td style=\"font-family: Arial, sans-serif; font-size: 14px; overflow: hidden; padding: 10px 5px; text-align: left; vertical-align: top; word-break: normal; border: 1px solid black;\"><span style=\"font-weight: inherit; font-style: inherit;\">Tamanho da m\u00e1quina<\/span><\/td>\n<td style=\"font-family: Arial, sans-serif; font-size: 14px; overflow: hidden; padding: 10px 5px; text-align: left; vertical-align: top; word-break: normal; border: 1px solid black;\"><span style=\"font-weight: inherit; font-style: inherit;\">9800*3600*2800\uff08mm)<\/span><\/td>\n<\/tr>\n<tr>\n<td style=\"font-family: Arial, sans-serif; font-size: 14px; overflow: hidden; padding: 10px 5px; text-align: left; vertical-align: top; word-break: normal; border: 1px solid black;\"><span style=\"font-weight: inherit; font-style: inherit;\">Pot\u00eancia total<\/span><\/td>\n<td style=\"font-family: Arial, sans-serif; font-size: 14px; overflow: hidden; padding: 10px 5px; text-align: left; vertical-align: top; word-break: normal; border: 1px solid black;\"><span style=\"font-weight: inherit; font-style: inherit;\">44,9(kw)<\/span><\/td>\n<\/tr>\n<tr>\n<td style=\"font-family: Arial, sans-serif; font-size: 14px; overflow: hidden; padding: 10px 5px; text-align: left; vertical-align: top; word-break: normal; border: 1px solid black;\"><span style=\"font-weight: inherit; font-style: inherit;\">Dura\u00e7\u00e3o do ciclo<\/span><\/td>\n<td style=\"font-family: Arial, sans-serif; font-size: 14px; overflow: hidden; padding: 10px 5px; text-align: left; vertical-align: top; word-break: normal; border: 1px solid black;\"><span style=\"font-weight: inherit; font-style: inherit;\">12-20(s)<\/span><\/td>\n<\/tr>\n<tr>\n<td style=\"font-family: Arial, sans-serif; font-size: 14px; overflow: hidden; padding: 10px 5px; text-align: left; vertical-align: top; word-break: normal; border: 1px solid black;\"><span style=\"font-weight: inherit; font-style: inherit;\">Press\u00e3o nominal<\/span><\/td>\n<td style=\"font-family: Arial, sans-serif; font-size: 14px; overflow: hidden; padding: 10px 5px; text-align: left; vertical-align: top; word-break: normal; border: 1px solid black;\"><span style=\"font-weight: inherit; font-style: inherit;\">31,5MPa<\/span><\/td>\n<\/tr>\n<tr>\n<td style=\"font-family: Arial, sans-serif; font-size: 14px; overflow: hidden; padding: 10px 5px; text-align: left; vertical-align: top; word-break: normal; border: 1px solid black;\"><span style=\"font-weight: inherit; font-style: inherit;\">68For\u00e7a de vibra\u00e7\u00e3o<\/span><\/td>\n<td style=\"font-family: Arial, sans-serif; font-size: 14px; overflow: hidden; padding: 10px 5px; text-align: left; vertical-align: top; word-break: normal; border: 1px solid black;\"><span style=\"font-weight: inherit; font-style: inherit;\">95KN<\/span><\/td>\n<\/tr>\n<tr>\n<td style=\"font-family: Arial, sans-serif; font-size: 14px; overflow: hidden; padding: 10px 5px; text-align: left; vertical-align: top; word-break: normal; border: 1px solid black;\"><span style=\"font-weight: inherit; font-style: inherit;\">Local da palete<\/span><\/td>\n<td style=\"font-family: Arial, sans-serif; font-size: 14px; overflow: hidden; padding: 10px 5px; text-align: left; vertical-align: top; word-break: normal; border: 1px solid black;\"><span style=\"font-weight: inherit; font-style: inherit;\">980*860*30(mm)<\/span><\/td>\n<\/tr>\n<tr>\n<td style=\"font-family: Arial, sans-serif; font-size: 14px; overflow: hidden; padding: 10px 5px; text-align: left; vertical-align: top; word-break: normal; border: 1px solid black;\"><span style=\"font-weight: inherit; font-style: inherit;\">Tipo de vibra\u00e7\u00e3o<\/span><\/td>\n<td style=\"font-family: Arial, sans-serif; font-size: 14px; overflow: hidden; padding: 10px 5px; text-align: left; vertical-align: top; word-break: normal; border: 1px solid black;\"><span style=\"font-weight: inherit; font-style: inherit;\">Vibra\u00e7\u00e3o hidr\u00e1ulica<\/span><\/td>\n<\/tr>\n<tr>\n<td style=\"font-family: Arial, sans-serif; font-size: 14px; overflow: hidden; padding: 10px 5px; text-align: left; vertical-align: top; word-break: normal; border: 1px solid black;\"><span style=\"font-weight: inherit; font-style: inherit;\">Pot\u00eancia da m\u00e1quina de empilhar<\/span><\/td>\n<td style=\"font-family: Arial, sans-serif; font-size: 14px; overflow: hidden; padding: 10px 5px; text-align: left; vertical-align: top; word-break: normal; border: 1px solid black;\"><span style=\"font-weight: inherit; font-style: inherit;\">3.0KW<\/span><\/td>\n<\/tr>\n<\/tbody>\n<\/table>\n<h2>Principais carater\u00edsticas da m\u00e1quina para fabricar blocos hidr\u00e1ulicos Kimberly Machinery :<\/h2>\n<ul>\n<li>Controlo PLC SIEMENS com tecnologia alem\u00e3 de convers\u00e3o de frequ\u00eancia<\/li>\n<\/ul>\n<p>Equipado com PLC SIEMENS e um conversor de frequ\u00eancia, adoptando a avan\u00e7ada tecnologia alem\u00e3 de controlo de convers\u00e3o de frequ\u00eancia para um funcionamento preciso, est\u00e1vel e energeticamente eficiente.<\/p>\n<ul>\n<li>Design totalmente autom\u00e1tico e de f\u00e1cil utiliza\u00e7\u00e3o<\/li>\n<\/ul>\n<p>A m\u00e1quina possui uma estrutura robusta e totalmente autom\u00e1tica que \u00e9 simples de operar, f\u00e1cil de manter e constru\u00edda para uma fiabilidade a longo prazo.<\/p>\n<ul>\n<li>Constru\u00e7\u00e3o dur\u00e1vel da estrutura<\/li>\n<\/ul>\n<p>A estrutura da m\u00e1quina de fazer tijolos \u00e9 fabricada em tubo quadrado de a\u00e7o de 8 mm, garantindo um forte suporte estrutural e uma durabilidade duradoura.<\/p>\n<ul>\n<li>Produ\u00e7\u00e3o de blocos vers\u00e1teis<\/li>\n<\/ul>\n<p>Ao mudar os moldes, a m\u00e1quina pode produzir blocos ocos, blocos s\u00f3lidos, pavimentadoras e lancis, oferecendo flexibilidade para v\u00e1rias necessidades de constru\u00e7\u00e3o.<\/p>\n<ul>\n<li>Certifica\u00e7\u00f5es<\/li>\n<\/ul>\n<p>Em conformidade com as normas de qualidade internacionais, certificado com CE, ISO9001:2000 e SGS.<\/p>\n<ul>\n<li>Material de molde de alta qualidade<\/li>\n<\/ul>\n<p>Os moldes s\u00e3o fabricados em a\u00e7o Q345B com elevado teor de mangan\u00eas e tratados com tecnologia avan\u00e7ada de tratamento de alto calor, proporcionando uma vida \u00fatil superior a 100 000 ciclos.<\/p>\n<h2>Sobre a Kimberly Machinery<\/h2>\n<p>As a \u201cNational Inspection-free Product\u201d, Kimberly Machinery block machinery is well supported with complete functions, easy operation and stable quality.<br \/>\nKimberly machines with Remote Cloud Technology are able to realize the functions of remote trouble shooting and maintenance, data collecting and remote program updating, to provide better service to our clients.<\/p>\n<p><iframe loading=\"lazy\" title=\"Leitor de v\u00eddeo do YouTube\" src=\"https:\/\/www.youtube.com\/embed\/YYliPBEloNs?si=2JEZPFLQBzzY9lNh\" width=\"560\" height=\"315\" frameborder=\"0\" allowfullscreen=\"allowfullscreen\"><\/iframe><\/p>","protected":false},"excerpt":{"rendered":"<ul>\n<li>Tijolo Mat\u00e9ria-prima:Cimento<\/li>\n<li>Capacidade de produ\u00e7\u00e3o (pe\u00e7as\/8 horas):17000 pe\u00e7as\/turno para 390*190*190mm<\/li>\n<\/ul>","protected":false},"featured_media":8320,"template":"","meta":[],"product_brand":[],"product_cat":[775,777],"product_tag":[],"class_list":{"0":"post-8319","1":"product","2":"type-product","3":"status-publish","4":"has-post-thumbnail","6":"product_cat-concrete-block-making-machine","7":"product_cat-vibration-type-brick-block-making-machine","9":"first","10":"instock","11":"shipping-taxable","12":"product-type-simple"},"yoast_head":"<!-- This site is optimized with the Yoast SEO plugin v24.4 - https:\/\/yoast.com\/wordpress\/plugins\/seo\/ -->\n<title>QT8-15 Brick Making Machine Supplier &amp; Manufacturer - Kimberly Machinery<\/title>\n<meta name=\"description\" content=\"High-efficiency QT8-15 brick making machine with SIEMENS PLC, durable Q345B molds, and CE\/ISO certifications. Ideal for distributors and construction projects.\" \/>\n<meta name=\"robots\" content=\"index, follow, max-snippet:-1, max-image-preview:large, max-video-preview:-1\" \/>\n<link rel=\"canonical\" href=\"https:\/\/www.kblmachinery.com\/pt\/qt8-15-brick-block-making-machine\/\" \/>\n<meta property=\"og:locale\" content=\"pt_PT\" \/>\n<meta property=\"og:type\" content=\"article\" \/>\n<meta property=\"og:title\" content=\"QT8-15 Brick Making Machine Supplier &amp; Manufacturer - Kimberly Machinery\" \/>\n<meta property=\"og:description\" content=\"High-efficiency QT8-15 brick making machine with SIEMENS PLC, durable Q345B molds, and CE\/ISO certifications. Ideal for distributors and construction projects.\" \/>\n<meta property=\"og:url\" content=\"https:\/\/www.kblmachinery.com\/pt\/qt8-15-brick-block-making-machine\/\" \/>\n<meta property=\"og:site_name\" content=\"Kimberly Machinery\" \/>\n<meta property=\"article:publisher\" content=\"https:\/\/www.facebook.com\/KimberlyMachinery\" \/>\n<meta property=\"article:modified_time\" content=\"2025-11-28T06:25:09+00:00\" \/>\n<meta property=\"og:image\" content=\"https:\/\/www.kblmachinery.com\/wp-content\/uploads\/2025\/11\/QT8-15-BrickBlock-Making-Machine-5.webp\" \/>\n\t<meta property=\"og:image:width\" content=\"800\" \/>\n\t<meta property=\"og:image:height\" content=\"800\" \/>\n\t<meta property=\"og:image:type\" content=\"image\/webp\" \/>\n<meta name=\"twitter:card\" content=\"summary_large_image\" \/>\n<meta name=\"twitter:label1\" content=\"Tempo estimado de leitura\" \/>\n\t<meta name=\"twitter:data1\" content=\"2 minutos\" \/>\n<script type=\"application\/ld+json\" class=\"yoast-schema-graph\">{\"@context\":\"https:\/\/schema.org\",\"@graph\":[{\"@type\":\"WebPage\",\"@id\":\"https:\/\/www.kblmachinery.com\/qt8-15-brick-block-making-machine\/\",\"url\":\"https:\/\/www.kblmachinery.com\/qt8-15-brick-block-making-machine\/\",\"name\":\"QT8-15 Brick Making Machine Supplier & Manufacturer - Kimberly Machinery\",\"isPartOf\":{\"@id\":\"https:\/\/www.kblmachinery.com\/#website\"},\"primaryImageOfPage\":{\"@id\":\"https:\/\/www.kblmachinery.com\/qt8-15-brick-block-making-machine\/#primaryimage\"},\"image\":{\"@id\":\"https:\/\/www.kblmachinery.com\/qt8-15-brick-block-making-machine\/#primaryimage\"},\"thumbnailUrl\":\"https:\/\/www.kblmachinery.com\/wp-content\/uploads\/2025\/11\/QT8-15-BrickBlock-Making-Machine-5.webp\",\"datePublished\":\"2024-09-07T03:30:00+00:00\",\"dateModified\":\"2025-11-28T06:25:09+00:00\",\"description\":\"High-efficiency QT8-15 brick making machine with SIEMENS PLC, durable Q345B molds, and CE\/ISO certifications. Ideal for distributors and construction projects.\",\"breadcrumb\":{\"@id\":\"https:\/\/www.kblmachinery.com\/qt8-15-brick-block-making-machine\/#breadcrumb\"},\"inLanguage\":\"pt-PT\",\"potentialAction\":[{\"@type\":\"ReadAction\",\"target\":[\"https:\/\/www.kblmachinery.com\/qt8-15-brick-block-making-machine\/\"]}]},{\"@type\":\"ImageObject\",\"inLanguage\":\"pt-PT\",\"@id\":\"https:\/\/www.kblmachinery.com\/qt8-15-brick-block-making-machine\/#primaryimage\",\"url\":\"https:\/\/www.kblmachinery.com\/wp-content\/uploads\/2025\/11\/QT8-15-BrickBlock-Making-Machine-5.webp\",\"contentUrl\":\"https:\/\/www.kblmachinery.com\/wp-content\/uploads\/2025\/11\/QT8-15-BrickBlock-Making-Machine-5.webp\",\"width\":800,\"height\":800,\"caption\":\"QT8-15 Brick Block Making Machine\"},{\"@type\":\"BreadcrumbList\",\"@id\":\"https:\/\/www.kblmachinery.com\/qt8-15-brick-block-making-machine\/#breadcrumb\",\"itemListElement\":[{\"@type\":\"ListItem\",\"position\":1,\"name\":\"Home\",\"item\":\"https:\/\/www.kblmachinery.com\/\"},{\"@type\":\"ListItem\",\"position\":2,\"name\":\"QT8-15 Brick\/Block Making Machine\"}]},{\"@type\":\"WebSite\",\"@id\":\"https:\/\/www.kblmachinery.com\/#website\",\"url\":\"https:\/\/www.kblmachinery.com\/\",\"name\":\"Professional Brick\/Block Making Machine in China\",\"description\":\"Block Machine Manufacturer - Kimberly Machinery\",\"publisher\":{\"@id\":\"https:\/\/www.kblmachinery.com\/#organization\"},\"potentialAction\":[{\"@type\":\"SearchAction\",\"target\":{\"@type\":\"EntryPoint\",\"urlTemplate\":\"https:\/\/www.kblmachinery.com\/?s={search_term_string}\"},\"query-input\":{\"@type\":\"PropertyValueSpecification\",\"valueRequired\":true,\"valueName\":\"search_term_string\"}}],\"inLanguage\":\"pt-PT\"},{\"@type\":\"Organization\",\"@id\":\"https:\/\/www.kblmachinery.com\/#organization\",\"name\":\"Quanzhou Kimberly Machinery Manufacturing Co. Ltd\",\"url\":\"https:\/\/www.kblmachinery.com\/\",\"logo\":{\"@type\":\"ImageObject\",\"inLanguage\":\"pt-PT\",\"@id\":\"https:\/\/www.kblmachinery.com\/#\/schema\/logo\/image\/\",\"url\":\"https:\/\/www.kblmachinery.com\/wp-content\/uploads\/2025\/11\/cropped-logo-1-1.png\",\"contentUrl\":\"https:\/\/www.kblmachinery.com\/wp-content\/uploads\/2025\/11\/cropped-logo-1-1.png\",\"width\":123,\"height\":136,\"caption\":\"Quanzhou Kimberly Machinery Manufacturing Co. Ltd\"},\"image\":{\"@id\":\"https:\/\/www.kblmachinery.com\/#\/schema\/logo\/image\/\"},\"sameAs\":[\"https:\/\/www.facebook.com\/KimberlyMachinery\"]}]}<\/script>\n<!-- \/ Yoast SEO plugin. -->","yoast_head_json":{"title":"QT8-15 Brick Making Machine Supplier & Manufacturer - Kimberly Machinery","description":"High-efficiency QT8-15 brick making machine with SIEMENS PLC, durable Q345B molds, and CE\/ISO certifications. Ideal for distributors and construction projects.","robots":{"index":"index","follow":"follow","max-snippet":"max-snippet:-1","max-image-preview":"max-image-preview:large","max-video-preview":"max-video-preview:-1"},"canonical":"https:\/\/www.kblmachinery.com\/pt\/qt8-15-brick-block-making-machine\/","og_locale":"pt_PT","og_type":"article","og_title":"QT8-15 Brick Making Machine Supplier & Manufacturer - Kimberly Machinery","og_description":"High-efficiency QT8-15 brick making machine with SIEMENS PLC, durable Q345B molds, and CE\/ISO certifications. Ideal for distributors and construction projects.","og_url":"https:\/\/www.kblmachinery.com\/pt\/qt8-15-brick-block-making-machine\/","og_site_name":"Kimberly Machinery","article_publisher":"https:\/\/www.facebook.com\/KimberlyMachinery","article_modified_time":"2025-11-28T06:25:09+00:00","og_image":[{"width":800,"height":800,"url":"https:\/\/www.kblmachinery.com\/wp-content\/uploads\/2025\/11\/QT8-15-BrickBlock-Making-Machine-5.webp","type":"image\/webp"}],"twitter_card":"summary_large_image","twitter_misc":{"Tempo estimado de leitura":"2 minutos"},"schema":{"@context":"https:\/\/schema.org","@graph":[{"@type":"WebPage","@id":"https:\/\/www.kblmachinery.com\/qt8-15-brick-block-making-machine\/","url":"https:\/\/www.kblmachinery.com\/qt8-15-brick-block-making-machine\/","name":"QT8-15 Brick Making Machine Supplier & Manufacturer - Kimberly Machinery","isPartOf":{"@id":"https:\/\/www.kblmachinery.com\/#website"},"primaryImageOfPage":{"@id":"https:\/\/www.kblmachinery.com\/qt8-15-brick-block-making-machine\/#primaryimage"},"image":{"@id":"https:\/\/www.kblmachinery.com\/qt8-15-brick-block-making-machine\/#primaryimage"},"thumbnailUrl":"https:\/\/www.kblmachinery.com\/wp-content\/uploads\/2025\/11\/QT8-15-BrickBlock-Making-Machine-5.webp","datePublished":"2024-09-07T03:30:00+00:00","dateModified":"2025-11-28T06:25:09+00:00","description":"High-efficiency QT8-15 brick making machine with SIEMENS PLC, durable Q345B molds, and CE\/ISO certifications. Ideal for distributors and construction projects.","breadcrumb":{"@id":"https:\/\/www.kblmachinery.com\/qt8-15-brick-block-making-machine\/#breadcrumb"},"inLanguage":"pt-PT","potentialAction":[{"@type":"ReadAction","target":["https:\/\/www.kblmachinery.com\/qt8-15-brick-block-making-machine\/"]}]},{"@type":"ImageObject","inLanguage":"pt-PT","@id":"https:\/\/www.kblmachinery.com\/qt8-15-brick-block-making-machine\/#primaryimage","url":"https:\/\/www.kblmachinery.com\/wp-content\/uploads\/2025\/11\/QT8-15-BrickBlock-Making-Machine-5.webp","contentUrl":"https:\/\/www.kblmachinery.com\/wp-content\/uploads\/2025\/11\/QT8-15-BrickBlock-Making-Machine-5.webp","width":800,"height":800,"caption":"QT8-15 Brick Block Making Machine"},{"@type":"BreadcrumbList","@id":"https:\/\/www.kblmachinery.com\/qt8-15-brick-block-making-machine\/#breadcrumb","itemListElement":[{"@type":"ListItem","position":1,"name":"Home","item":"https:\/\/www.kblmachinery.com\/"},{"@type":"ListItem","position":2,"name":"QT8-15 Brick\/Block Making Machine"}]},{"@type":"WebSite","@id":"https:\/\/www.kblmachinery.com\/#website","url":"https:\/\/www.kblmachinery.com\/","name":"Professional Brick\/Block Making Machine in China","description":"Block Machine Manufacturer - Kimberly Machinery","publisher":{"@id":"https:\/\/www.kblmachinery.com\/#organization"},"potentialAction":[{"@type":"SearchAction","target":{"@type":"EntryPoint","urlTemplate":"https:\/\/www.kblmachinery.com\/?s={search_term_string}"},"query-input":{"@type":"PropertyValueSpecification","valueRequired":true,"valueName":"search_term_string"}}],"inLanguage":"pt-PT"},{"@type":"Organization","@id":"https:\/\/www.kblmachinery.com\/#organization","name":"Quanzhou Kimberly Machinery Manufacturing Co. Ltd","url":"https:\/\/www.kblmachinery.com\/","logo":{"@type":"ImageObject","inLanguage":"pt-PT","@id":"https:\/\/www.kblmachinery.com\/#\/schema\/logo\/image\/","url":"https:\/\/www.kblmachinery.com\/wp-content\/uploads\/2025\/11\/cropped-logo-1-1.png","contentUrl":"https:\/\/www.kblmachinery.com\/wp-content\/uploads\/2025\/11\/cropped-logo-1-1.png","width":123,"height":136,"caption":"Quanzhou Kimberly Machinery Manufacturing Co. Ltd"},"image":{"@id":"https:\/\/www.kblmachinery.com\/#\/schema\/logo\/image\/"},"sameAs":["https:\/\/www.facebook.com\/KimberlyMachinery"]}]}},"_links":{"self":[{"href":"https:\/\/www.kblmachinery.com\/pt\/wp-json\/wp\/v2\/product\/8319","targetHints":{"allow":["GET"]}}],"collection":[{"href":"https:\/\/www.kblmachinery.com\/pt\/wp-json\/wp\/v2\/product"}],"about":[{"href":"https:\/\/www.kblmachinery.com\/pt\/wp-json\/wp\/v2\/types\/product"}],"wp:featuredmedia":[{"embeddable":true,"href":"https:\/\/www.kblmachinery.com\/pt\/wp-json\/wp\/v2\/media\/8320"}],"wp:attachment":[{"href":"https:\/\/www.kblmachinery.com\/pt\/wp-json\/wp\/v2\/media?parent=8319"}],"wp:term":[{"taxonomy":"product_brand","embeddable":true,"href":"https:\/\/www.kblmachinery.com\/pt\/wp-json\/wp\/v2\/product_brand?post=8319"},{"taxonomy":"product_cat","embeddable":true,"href":"https:\/\/www.kblmachinery.com\/pt\/wp-json\/wp\/v2\/product_cat?post=8319"},{"taxonomy":"product_tag","embeddable":true,"href":"https:\/\/www.kblmachinery.com\/pt\/wp-json\/wp\/v2\/product_tag?post=8319"}],"curies":[{"name":"wp","href":"https:\/\/api.w.org\/{rel}","templated":true}]}}