{"id":8339,"date":"2024-09-11T06:22:00","date_gmt":"2024-09-11T06:22:00","guid":{"rendered":"https:\/\/www.kblmachinery.com\/?post_type=product&#038;p=8339"},"modified":"2025-11-28T06:22:44","modified_gmt":"2025-11-28T06:22:44","slug":"qt18-15-brickblock-making-machine","status":"publish","type":"product","link":"https:\/\/www.kblmachinery.com\/pt\/qt18-15-brickblock-making-machine\/","title":{"rendered":"QT18-15 M\u00e1quina de fazer tijolos\/blocos"},"content":{"rendered":"<h2>Vantagens da m\u00e1quina para fabricar blocos de bet\u00e3o da s\u00e9rie QT da Kimberly Machinery:<\/h2>\n<ul>\n<li>Arm\u00e1rio de controlo PLC<\/li>\n<\/ul>\n<p>O nosso arm\u00e1rio de controlo PLC possui PLC SIEMENS e bot\u00f5es de press\u00e3o, rel\u00e9s ABB e componentes el\u00e9ctricos Schneider, garantindo um funcionamento est\u00e1vel e inteligente. Uma resist\u00eancia adicional de dissipa\u00e7\u00e3o de calor est\u00e1 instalada no lado direito do PLC para aumentar a efici\u00eancia do arrefecimento, reduzindo significativamente o tempo de ciclo e melhorando o desempenho geral da m\u00e1quina.<\/p>\n<ul>\n<li>Esta\u00e7\u00e3o hidr\u00e1ulica e v\u00e1lvulas solen\u00f3ides<\/li>\n<\/ul>\n<p>O sistema hidr\u00e1ulico est\u00e1 equipado com bombas da marca YUKEN e v\u00e1lvulas solen\u00f3ides de Taiwan. Toda a esta\u00e7\u00e3o hidr\u00e1ulica \u00e9 totalmente vedada, evitando fugas de \u00f3leo, e vem com uma tampa de prote\u00e7\u00e3o para facilitar a limpeza e a manuten\u00e7\u00e3o.<\/p>\n<ul>\n<li>Sistema de vibra\u00e7\u00e3o e alimenta\u00e7\u00e3o de mat\u00e9rias-primas<\/li>\n<\/ul>\n<p>A nossa m\u00e1quina adopta a tecnologia alem\u00e3 avan\u00e7ada de controlo de convers\u00e3o de frequ\u00eancia, assegurando uma for\u00e7a de vibra\u00e7\u00e3o est\u00e1vel e uma compacta\u00e7\u00e3o \u00f3ptima. Isto garante uma excelente densidade e uniformidade para v\u00e1rios tipos de blocos e pavimentadoras.<\/p>\n<ul>\n<li>Estrutura da caixa de vibra\u00e7\u00e3o de alta resist\u00eancia<\/li>\n<\/ul>\n<p>A caixa de vibra\u00e7\u00e3o \u00e9 fabricada a partir de uma placa de fundi\u00e7\u00e3o de pe\u00e7a \u00fanica, e n\u00e3o soldada a partir de v\u00e1rias placas de a\u00e7o. Esta conce\u00e7\u00e3o aumenta consideravelmente a resist\u00eancia estrutural, a durabilidade e a vida \u00fatil.<\/p>\n<ul>\n<li>Certifica\u00e7\u00f5es<\/li>\n<\/ul>\n<p>As nossas m\u00e1quinas cumprem as normas internacionais e s\u00e3o certificadas com CE, ISO9001:2000 e SGS.<\/p>\n<ul>\n<li>Material e tecnologia de moldes para blocos<\/li>\n<\/ul>\n<p>Os moldes para blocos s\u00e3o fabricados em a\u00e7o Q345B (ou personalizados de acordo com os requisitos do comprador). Utilizamos processos de tratamento t\u00e9rmico e tecnologia avan\u00e7ada de corte linear CNC, especialmente para os moldes Unipaver, o que garante a precis\u00e3o e elimina as juntas soldadas fracas.<\/p>\n<ul>\n<li>Desempenho de alta produtividade<\/li>\n<\/ul>\n<p>O tempo de ciclo mais r\u00e1pido pode atingir 12-13 segundos por palete para blocos s\u00f3lidos, permitindo uma produ\u00e7\u00e3o di\u00e1ria significativamente mais elevada. Concebida para ser dur\u00e1vel, a m\u00e1quina pode funcionar 24 horas sem perda de desempenho.<\/p>\n<h2>Especifica\u00e7\u00f5es:<\/h2>\n<table class=\"tg\" style=\"border-collapse: collapse; border-spacing: 0; width: 1100px;\">\n<thead>\n<tr>\n<th style=\"font-family: Arial, sans-serif; font-size: 14px; font-weight: normal; overflow: hidden; padding: 10px 5px; text-align: left; vertical-align: top; word-break: normal; border: 1px solid black;\">Peso total<\/th>\n<th style=\"font-family: Arial, sans-serif; font-size: 14px; font-weight: normal; overflow: hidden; padding: 10px 5px; text-align: left; vertical-align: top; word-break: normal; border: 1px solid black;\">34000(kg)<\/th>\n<\/tr>\n<\/thead>\n<tbody>\n<tr>\n<td style=\"font-family: Arial, sans-serif; font-size: 14px; overflow: hidden; padding: 10px 5px; text-align: left; vertical-align: top; word-break: normal; border: 1px solid black;\">Tamanho grande<\/td>\n<td style=\"font-family: Arial, sans-serif; font-size: 14px; overflow: hidden; padding: 10px 5px; text-align: left; vertical-align: top; word-break: normal; border: 1px solid black;\">15500*5500*3200mm<\/td>\n<\/tr>\n<tr>\n<td style=\"font-family: Arial, sans-serif; font-size: 14px; overflow: hidden; padding: 10px 5px; text-align: left; vertical-align: top; word-break: normal; border: 1px solid black;\"><span style=\"font-style: inherit;\">Pot\u00eancia total<\/span><\/td>\n<td style=\"font-family: Arial, sans-serif; font-size: 14px; overflow: hidden; padding: 10px 5px; text-align: left; vertical-align: top; word-break: normal; border: 1px solid black;\">104 kw<\/td>\n<\/tr>\n<tr>\n<td style=\"font-family: Arial, sans-serif; font-size: 14px; overflow: hidden; padding: 10px 5px; text-align: left; vertical-align: top; word-break: normal; border: 1px solid black;\">Ciclo de moldagem<\/td>\n<td style=\"font-family: Arial, sans-serif; font-size: 14px; overflow: hidden; padding: 10px 5px; text-align: left; vertical-align: top; word-break: normal; border: 1px solid black;\">15-23s<\/td>\n<\/tr>\n<tr>\n<td style=\"font-family: Arial, sans-serif; font-size: 14px; overflow: hidden; padding: 10px 5px; text-align: left; vertical-align: top; word-break: normal; border: 1px solid black;\">Press\u00e3o ventilada<\/td>\n<td style=\"font-family: Arial, sans-serif; font-size: 14px; overflow: hidden; padding: 10px 5px; text-align: left; vertical-align: top; word-break: normal; border: 1px solid black;\">280KN<\/td>\n<\/tr>\n<tr>\n<td style=\"font-family: Arial, sans-serif; font-size: 14px; overflow: hidden; padding: 10px 5px; text-align: left; vertical-align: top; word-break: normal; border: 1px solid black;\">Peso da m\u00e1quina anfitri\u00e3<\/td>\n<td style=\"font-family: Arial, sans-serif; font-size: 14px; overflow: hidden; padding: 10px 5px; text-align: left; vertical-align: top; word-break: normal; border: 1px solid black;\">20000 kg<\/td>\n<\/tr>\n<tr>\n<td style=\"font-family: Arial, sans-serif; font-size: 14px; overflow: hidden; padding: 10px 5px; text-align: left; vertical-align: top; word-break: normal; border: 1px solid black;\">Tamanho da palete<\/td>\n<td style=\"font-family: Arial, sans-serif; font-size: 14px; overflow: hidden; padding: 10px 5px; text-align: left; vertical-align: top; word-break: normal; border: 1px solid black;\">1350*1350*30mm ou 1400*1400*30mm<\/td>\n<\/tr>\n<tr>\n<td style=\"font-family: Arial, sans-serif; font-size: 14px; overflow: hidden; padding: 10px 5px; text-align: left; vertical-align: top; word-break: normal; border: 1px solid black;\"><span style=\"font-style: inherit;\">M\u00e9todo de moldagem<\/span><\/td>\n<td style=\"font-family: Arial, sans-serif; font-size: 14px; overflow: hidden; padding: 10px 5px; text-align: left; vertical-align: top; word-break: normal; border: 1px solid black;\"><span style=\"font-style: inherit;\">Hidr\u00e1ulico com vibra\u00e7\u00e3o<\/span><\/td>\n<\/tr>\n<tr>\n<td style=\"font-family: Arial, sans-serif; font-size: 14px; overflow: hidden; padding: 10px 5px; text-align: left; vertical-align: top; word-break: normal; border: 1px solid black;\"><span style=\"font-style: inherit;\">Modelo <\/span><\/td>\n<td style=\"font-family: Arial, sans-serif; font-size: 14px; overflow: hidden; padding: 10px 5px; text-align: left; vertical-align: top; word-break: normal; border: 1px solid black;\">QT18-15<\/td>\n<\/tr>\n<\/tbody>\n<\/table>\n<h2>M\u00e1quina de bloco oco QT18-15 Capacidade de produ\u00e7\u00e3o de bet\u00e3o:<\/h2>\n<table class=\"tg\" style=\"border-collapse: collapse; border-spacing: 0; width: 1100px;\">\n<thead>\n<tr>\n<th style=\"font-family: Arial, sans-serif; font-size: 14px; font-weight: normal; overflow: hidden; padding: 10px 5px; text-align: left; vertical-align: top; word-break: normal; border: 1px solid black;\"><span style=\"font-style: inherit;\">Nome da amostra de bloco<\/span><\/th>\n<th style=\"font-family: Arial, sans-serif; font-size: 14px; font-weight: normal; overflow: hidden; padding: 10px 5px; text-align: left; vertical-align: top; word-break: normal; border: 1px solid black;\"><span style=\"font-style: inherit;\">Especifica\u00e7\u00e3o<\/span><\/th>\n<th style=\"font-family: Arial, sans-serif; font-size: 14px; font-weight: normal; overflow: hidden; padding: 10px 5px; text-align: left; vertical-align: top; word-break: normal; border: 1px solid black;\"><span style=\"font-style: inherit;\">Pcs\/molde<\/span><\/th>\n<th style=\"font-family: Arial, sans-serif; font-size: 14px; font-weight: normal; overflow: hidden; padding: 10px 5px; text-align: left; vertical-align: top; word-break: normal; border: 1px solid black;\"><span style=\"font-style: inherit;\">Pcs\/8horas<\/span><\/th>\n<\/tr>\n<\/thead>\n<tbody>\n<tr>\n<td style=\"font-family: Arial, sans-serif; font-size: 14px; overflow: hidden; padding: 10px 5px; text-align: left; vertical-align: top; word-break: normal; border: 1px solid black;\"><span style=\"font-style: inherit;\">Bloco oco <\/span><\/td>\n<td style=\"font-family: Arial, sans-serif; font-size: 14px; overflow: hidden; padding: 10px 5px; text-align: left; vertical-align: top; word-break: normal; border: 1px solid black;\">390*190*190mm<\/td>\n<td style=\"font-family: Arial, sans-serif; font-size: 14px; overflow: hidden; padding: 10px 5px; text-align: left; vertical-align: top; word-break: normal; border: 1px solid black;\">18 unidades\/molde<\/td>\n<td style=\"font-family: Arial, sans-serif; font-size: 14px; overflow: hidden; padding: 10px 5px; text-align: left; vertical-align: top; word-break: normal; border: 1px solid black;\">27000-36000pcs\/8 horas<\/td>\n<\/tr>\n<tr>\n<td style=\"font-family: Arial, sans-serif; font-size: 14px; overflow: hidden; padding: 10px 5px; text-align: left; vertical-align: top; word-break: normal; border: 1px solid black;\"><span style=\"font-style: inherit;\">Bloco poroso<\/span><\/td>\n<td style=\"font-family: Arial, sans-serif; font-size: 14px; overflow: hidden; padding: 10px 5px; text-align: left; vertical-align: top; word-break: normal; border: 1px solid black;\">240*115*90mm<\/td>\n<td style=\"font-family: Arial, sans-serif; font-size: 14px; overflow: hidden; padding: 10px 5px; text-align: left; vertical-align: top; word-break: normal; border: 1px solid black;\">54pcs\/molde<\/td>\n<td style=\"font-family: Arial, sans-serif; font-size: 14px; overflow: hidden; padding: 10px 5px; text-align: left; vertical-align: top; word-break: normal; border: 1px solid black;\">65000-81000pcs\/8 horas<\/td>\n<\/tr>\n<tr>\n<td style=\"font-family: Arial, sans-serif; font-size: 14px; overflow: hidden; padding: 10px 5px; text-align: left; vertical-align: top; word-break: normal; border: 1px solid black;\">Pavimento colorido<\/td>\n<td style=\"font-family: Arial, sans-serif; font-size: 14px; overflow: hidden; padding: 10px 5px; text-align: left; vertical-align: top; word-break: normal; border: 1px solid black;\">200*100*60mm<\/td>\n<td style=\"font-family: Arial, sans-serif; font-size: 14px; overflow: hidden; padding: 10px 5px; text-align: left; vertical-align: top; word-break: normal; border: 1px solid black;\">66pcs\/molde<\/td>\n<td style=\"font-family: Arial, sans-serif; font-size: 14px; overflow: hidden; padding: 10px 5px; text-align: left; vertical-align: top; word-break: normal; border: 1px solid black;\">66000-79200pcs\/8 horas<\/td>\n<\/tr>\n<tr>\n<td style=\"font-family: Arial, sans-serif; font-size: 14px; overflow: hidden; padding: 10px 5px; text-align: left; vertical-align: top; word-break: normal; border: 1px solid black;\">Tijolo maci\u00e7o<\/td>\n<td style=\"font-family: Arial, sans-serif; font-size: 14px; overflow: hidden; padding: 10px 5px; text-align: left; vertical-align: top; word-break: normal; border: 1px solid black;\">238*115*51mm<\/td>\n<td style=\"font-family: Arial, sans-serif; font-size: 14px; overflow: hidden; padding: 10px 5px; text-align: left; vertical-align: top; word-break: normal; border: 1px solid black;\">110pcs\/molde<\/td>\n<td style=\"font-family: Arial, sans-serif; font-size: 14px; overflow: hidden; padding: 10px 5px; text-align: left; vertical-align: top; word-break: normal; border: 1px solid black;\">165000-198000pcs\/8 horas<\/td>\n<\/tr>\n<\/tbody>\n<\/table>\n<p><img loading=\"lazy\" decoding=\"async\" class=\"size-full wp-image-8342 aligncenter\" src=\"https:\/\/www.kblmachinery.com\/wp-content\/uploads\/2025\/11\/QT18-15-BrickBlock-Making-Machine-6.webp\" alt=\"QT18-15 M\u00e1quina de fazer blocos de tijolos\" width=\"800\" height=\"800\" srcset=\"https:\/\/www.kblmachinery.com\/wp-content\/uploads\/2025\/11\/QT18-15-BrickBlock-Making-Machine-6.webp 800w, https:\/\/www.kblmachinery.com\/wp-content\/uploads\/2025\/11\/QT18-15-BrickBlock-Making-Machine-6-100x100.webp 100w, https:\/\/www.kblmachinery.com\/wp-content\/uploads\/2025\/11\/QT18-15-BrickBlock-Making-Machine-6-600x600.webp 600w\" sizes=\"auto, (max-width: 800px) 100vw, 800px\" \/><\/p>\n<h2 data-start=\"105\" data-end=\"155\">Principais carater\u00edsticas da nossa m\u00e1quina de bloco QT18-15<\/h2>\n<ol>\n<li>High-Precision SERVO Motors<br \/>\nEquipped with advanced SERVO motor technology to ensure faster response, smoother operation, and consistent production stability.<\/li>\n<li>Up to 50% Noise Reduction<br \/>\nOptimized mechanical structure and servo-driven vibration system significantly reduce working noise, creating a safer and more comfortable operating environment.<\/li>\n<li>35% Lower Energy Consumption<br \/>\nThe efficient servo control system minimizes unnecessary power loss, delivering outstanding energy savings during continuous production.<\/li>\n<li>30% Higher Work Efficiency<br \/>\nFaster cycle times and improved vibration performance enhance overall productivity, allowing higher output with the same labor cost.<\/li>\n<li>Modern &amp; User-Friendly Appearance<br \/>\nThe QT18-15 comes with an upgraded exterior design\u2014clean, robust, and industrial-grade\u2014highlighting both quality and professionalism.<\/li>\n<li>Advanced Arm-Swing Technology for Mould Handling<br \/>\nOur machine adopts innovative arm-swing technology for precise block mould movement, improving alignment accuracy, mould lifespan, and production stability.<\/li>\n<\/ol>\n<h2 data-start=\"64\" data-end=\"92\">Sobre a Kimberly Machinery<\/h2>\n<p data-start=\"94\" data-end=\"529\">Kimberly Machinery \u00e9 um fabricante de confian\u00e7a de equipamento de produ\u00e7\u00e3o de blocos de bet\u00e3o de alta qualidade. Como l\u00edder <a class=\"decorated-link\" href=\"https:\/\/www.kblmachinery.com\/\" target=\"_new\" rel=\"noopener\" data-start=\"205\" data-end=\"271\">fabricante de m\u00e1quinas de fabrico de blocos<\/a>A Kimberly Machinery, Inc., fornece m\u00e1quinas duradouras, eficientes e econ\u00f3micas para projectos de constru\u00e7\u00e3o globais. Com tecnologia avan\u00e7ada, controlo de qualidade rigoroso e servi\u00e7o fi\u00e1vel, a Kimberly Machinery proporciona um desempenho est\u00e1vel e um valor a longo prazo para clientes em todo o mundo.<\/p>\n<div><iframe loading=\"lazy\" title=\"Leitor de v\u00eddeo do YouTube\" src=\"https:\/\/www.youtube.com\/embed\/A42kvPc-zpE?si=TxMr25F1T8F4xsGw\" width=\"560\" height=\"315\" frameborder=\"0\" allowfullscreen=\"allowfullscreen\"><\/iframe><\/div>","protected":false},"excerpt":{"rendered":"<ul>\n<li>Unidades de venda: Item \u00fanico<\/li>\n<li>Tamanho da embalagem individual:98X68X50 cm<\/li>\n<li>Peso bruto \u00fanico: 68.000 kg<\/li>\n<\/ul>","protected":false},"featured_media":8340,"template":"","meta":[],"product_brand":[],"product_cat":[775,777],"product_tag":[],"class_list":{"0":"post-8339","1":"product","2":"type-product","3":"status-publish","4":"has-post-thumbnail","6":"product_cat-concrete-block-making-machine","7":"product_cat-vibration-type-brick-block-making-machine","9":"first","10":"instock","11":"shipping-taxable","12":"product-type-simple"},"yoast_head":"<!-- This site is optimized with the Yoast SEO plugin v24.4 - https:\/\/yoast.com\/wordpress\/plugins\/seo\/ -->\n<title>QT18-15 Brick\/Block Making Machine Manufacturer | Kimberly Machinery<\/title>\n<meta name=\"description\" content=\"Kimberly Machinery is a reliable block making machine manufacturer offering durable, high-efficiency equipment for global buyers, distributors, and construction suppliers.\" \/>\n<meta name=\"robots\" content=\"index, follow, max-snippet:-1, max-image-preview:large, max-video-preview:-1\" \/>\n<link rel=\"canonical\" href=\"https:\/\/www.kblmachinery.com\/pt\/qt18-15-brickblock-making-machine\/\" \/>\n<meta property=\"og:locale\" content=\"pt_PT\" \/>\n<meta property=\"og:type\" content=\"article\" \/>\n<meta property=\"og:title\" content=\"QT18-15 Brick\/Block Making Machine Manufacturer | Kimberly Machinery\" \/>\n<meta property=\"og:description\" content=\"Kimberly Machinery is a reliable block making machine manufacturer offering durable, high-efficiency equipment for global buyers, distributors, and construction suppliers.\" \/>\n<meta property=\"og:url\" content=\"https:\/\/www.kblmachinery.com\/pt\/qt18-15-brickblock-making-machine\/\" \/>\n<meta property=\"og:site_name\" content=\"Kimberly Machinery\" \/>\n<meta property=\"article:publisher\" content=\"https:\/\/www.facebook.com\/KimberlyMachinery\" \/>\n<meta property=\"article:modified_time\" content=\"2025-11-28T06:22:44+00:00\" \/>\n<meta property=\"og:image\" content=\"https:\/\/www.kblmachinery.com\/wp-content\/uploads\/2025\/11\/QT18-15-BrickBlock-Making-Machine-4.webp\" \/>\n\t<meta property=\"og:image:width\" content=\"800\" \/>\n\t<meta property=\"og:image:height\" content=\"800\" \/>\n\t<meta property=\"og:image:type\" content=\"image\/webp\" \/>\n<meta name=\"twitter:card\" content=\"summary_large_image\" \/>\n<meta name=\"twitter:label1\" content=\"Tempo estimado de leitura\" \/>\n\t<meta name=\"twitter:data1\" content=\"3 minutos\" \/>\n<script type=\"application\/ld+json\" class=\"yoast-schema-graph\">{\"@context\":\"https:\/\/schema.org\",\"@graph\":[{\"@type\":\"WebPage\",\"@id\":\"https:\/\/www.kblmachinery.com\/qt18-15-brickblock-making-machine\/\",\"url\":\"https:\/\/www.kblmachinery.com\/qt18-15-brickblock-making-machine\/\",\"name\":\"QT18-15 Brick\/Block Making Machine Manufacturer | Kimberly Machinery\",\"isPartOf\":{\"@id\":\"https:\/\/www.kblmachinery.com\/#website\"},\"primaryImageOfPage\":{\"@id\":\"https:\/\/www.kblmachinery.com\/qt18-15-brickblock-making-machine\/#primaryimage\"},\"image\":{\"@id\":\"https:\/\/www.kblmachinery.com\/qt18-15-brickblock-making-machine\/#primaryimage\"},\"thumbnailUrl\":\"https:\/\/www.kblmachinery.com\/wp-content\/uploads\/2025\/11\/QT18-15-BrickBlock-Making-Machine-4.webp\",\"datePublished\":\"2024-09-11T06:22:00+00:00\",\"dateModified\":\"2025-11-28T06:22:44+00:00\",\"description\":\"Kimberly Machinery is a reliable block making machine manufacturer offering durable, high-efficiency equipment for global buyers, distributors, and construction suppliers.\",\"breadcrumb\":{\"@id\":\"https:\/\/www.kblmachinery.com\/qt18-15-brickblock-making-machine\/#breadcrumb\"},\"inLanguage\":\"pt-PT\",\"potentialAction\":[{\"@type\":\"ReadAction\",\"target\":[\"https:\/\/www.kblmachinery.com\/qt18-15-brickblock-making-machine\/\"]}]},{\"@type\":\"ImageObject\",\"inLanguage\":\"pt-PT\",\"@id\":\"https:\/\/www.kblmachinery.com\/qt18-15-brickblock-making-machine\/#primaryimage\",\"url\":\"https:\/\/www.kblmachinery.com\/wp-content\/uploads\/2025\/11\/QT18-15-BrickBlock-Making-Machine-4.webp\",\"contentUrl\":\"https:\/\/www.kblmachinery.com\/wp-content\/uploads\/2025\/11\/QT18-15-BrickBlock-Making-Machine-4.webp\",\"width\":800,\"height\":800,\"caption\":\"QT18-15 Brick Block Making Machine\"},{\"@type\":\"BreadcrumbList\",\"@id\":\"https:\/\/www.kblmachinery.com\/qt18-15-brickblock-making-machine\/#breadcrumb\",\"itemListElement\":[{\"@type\":\"ListItem\",\"position\":1,\"name\":\"Home\",\"item\":\"https:\/\/www.kblmachinery.com\/\"},{\"@type\":\"ListItem\",\"position\":2,\"name\":\"QT18-15 Brick\/Block Making Machine\"}]},{\"@type\":\"WebSite\",\"@id\":\"https:\/\/www.kblmachinery.com\/#website\",\"url\":\"https:\/\/www.kblmachinery.com\/\",\"name\":\"Professional Brick\/Block Making Machine in China\",\"description\":\"Block Machine Manufacturer - Kimberly Machinery\",\"publisher\":{\"@id\":\"https:\/\/www.kblmachinery.com\/#organization\"},\"potentialAction\":[{\"@type\":\"SearchAction\",\"target\":{\"@type\":\"EntryPoint\",\"urlTemplate\":\"https:\/\/www.kblmachinery.com\/?s={search_term_string}\"},\"query-input\":{\"@type\":\"PropertyValueSpecification\",\"valueRequired\":true,\"valueName\":\"search_term_string\"}}],\"inLanguage\":\"pt-PT\"},{\"@type\":\"Organization\",\"@id\":\"https:\/\/www.kblmachinery.com\/#organization\",\"name\":\"Quanzhou Kimberly Machinery Manufacturing Co. Ltd\",\"url\":\"https:\/\/www.kblmachinery.com\/\",\"logo\":{\"@type\":\"ImageObject\",\"inLanguage\":\"pt-PT\",\"@id\":\"https:\/\/www.kblmachinery.com\/#\/schema\/logo\/image\/\",\"url\":\"https:\/\/www.kblmachinery.com\/wp-content\/uploads\/2025\/11\/cropped-logo-1-1.png\",\"contentUrl\":\"https:\/\/www.kblmachinery.com\/wp-content\/uploads\/2025\/11\/cropped-logo-1-1.png\",\"width\":123,\"height\":136,\"caption\":\"Quanzhou Kimberly Machinery Manufacturing Co. Ltd\"},\"image\":{\"@id\":\"https:\/\/www.kblmachinery.com\/#\/schema\/logo\/image\/\"},\"sameAs\":[\"https:\/\/www.facebook.com\/KimberlyMachinery\"]}]}<\/script>\n<!-- \/ Yoast SEO plugin. -->","yoast_head_json":{"title":"QT18-15 Brick\/Block Making Machine Manufacturer | Kimberly Machinery","description":"Kimberly Machinery is a reliable block making machine manufacturer offering durable, high-efficiency equipment for global buyers, distributors, and construction suppliers.","robots":{"index":"index","follow":"follow","max-snippet":"max-snippet:-1","max-image-preview":"max-image-preview:large","max-video-preview":"max-video-preview:-1"},"canonical":"https:\/\/www.kblmachinery.com\/pt\/qt18-15-brickblock-making-machine\/","og_locale":"pt_PT","og_type":"article","og_title":"QT18-15 Brick\/Block Making Machine Manufacturer | Kimberly Machinery","og_description":"Kimberly Machinery is a reliable block making machine manufacturer offering durable, high-efficiency equipment for global buyers, distributors, and construction suppliers.","og_url":"https:\/\/www.kblmachinery.com\/pt\/qt18-15-brickblock-making-machine\/","og_site_name":"Kimberly Machinery","article_publisher":"https:\/\/www.facebook.com\/KimberlyMachinery","article_modified_time":"2025-11-28T06:22:44+00:00","og_image":[{"width":800,"height":800,"url":"https:\/\/www.kblmachinery.com\/wp-content\/uploads\/2025\/11\/QT18-15-BrickBlock-Making-Machine-4.webp","type":"image\/webp"}],"twitter_card":"summary_large_image","twitter_misc":{"Tempo estimado de leitura":"3 minutos"},"schema":{"@context":"https:\/\/schema.org","@graph":[{"@type":"WebPage","@id":"https:\/\/www.kblmachinery.com\/qt18-15-brickblock-making-machine\/","url":"https:\/\/www.kblmachinery.com\/qt18-15-brickblock-making-machine\/","name":"QT18-15 Brick\/Block Making Machine Manufacturer | Kimberly Machinery","isPartOf":{"@id":"https:\/\/www.kblmachinery.com\/#website"},"primaryImageOfPage":{"@id":"https:\/\/www.kblmachinery.com\/qt18-15-brickblock-making-machine\/#primaryimage"},"image":{"@id":"https:\/\/www.kblmachinery.com\/qt18-15-brickblock-making-machine\/#primaryimage"},"thumbnailUrl":"https:\/\/www.kblmachinery.com\/wp-content\/uploads\/2025\/11\/QT18-15-BrickBlock-Making-Machine-4.webp","datePublished":"2024-09-11T06:22:00+00:00","dateModified":"2025-11-28T06:22:44+00:00","description":"Kimberly Machinery is a reliable block making machine manufacturer offering durable, high-efficiency equipment for global buyers, distributors, and construction suppliers.","breadcrumb":{"@id":"https:\/\/www.kblmachinery.com\/qt18-15-brickblock-making-machine\/#breadcrumb"},"inLanguage":"pt-PT","potentialAction":[{"@type":"ReadAction","target":["https:\/\/www.kblmachinery.com\/qt18-15-brickblock-making-machine\/"]}]},{"@type":"ImageObject","inLanguage":"pt-PT","@id":"https:\/\/www.kblmachinery.com\/qt18-15-brickblock-making-machine\/#primaryimage","url":"https:\/\/www.kblmachinery.com\/wp-content\/uploads\/2025\/11\/QT18-15-BrickBlock-Making-Machine-4.webp","contentUrl":"https:\/\/www.kblmachinery.com\/wp-content\/uploads\/2025\/11\/QT18-15-BrickBlock-Making-Machine-4.webp","width":800,"height":800,"caption":"QT18-15 Brick Block Making Machine"},{"@type":"BreadcrumbList","@id":"https:\/\/www.kblmachinery.com\/qt18-15-brickblock-making-machine\/#breadcrumb","itemListElement":[{"@type":"ListItem","position":1,"name":"Home","item":"https:\/\/www.kblmachinery.com\/"},{"@type":"ListItem","position":2,"name":"QT18-15 Brick\/Block Making Machine"}]},{"@type":"WebSite","@id":"https:\/\/www.kblmachinery.com\/#website","url":"https:\/\/www.kblmachinery.com\/","name":"Professional Brick\/Block Making Machine in China","description":"Block Machine Manufacturer - Kimberly Machinery","publisher":{"@id":"https:\/\/www.kblmachinery.com\/#organization"},"potentialAction":[{"@type":"SearchAction","target":{"@type":"EntryPoint","urlTemplate":"https:\/\/www.kblmachinery.com\/?s={search_term_string}"},"query-input":{"@type":"PropertyValueSpecification","valueRequired":true,"valueName":"search_term_string"}}],"inLanguage":"pt-PT"},{"@type":"Organization","@id":"https:\/\/www.kblmachinery.com\/#organization","name":"Quanzhou Kimberly Machinery Manufacturing Co. Ltd","url":"https:\/\/www.kblmachinery.com\/","logo":{"@type":"ImageObject","inLanguage":"pt-PT","@id":"https:\/\/www.kblmachinery.com\/#\/schema\/logo\/image\/","url":"https:\/\/www.kblmachinery.com\/wp-content\/uploads\/2025\/11\/cropped-logo-1-1.png","contentUrl":"https:\/\/www.kblmachinery.com\/wp-content\/uploads\/2025\/11\/cropped-logo-1-1.png","width":123,"height":136,"caption":"Quanzhou Kimberly Machinery Manufacturing Co. Ltd"},"image":{"@id":"https:\/\/www.kblmachinery.com\/#\/schema\/logo\/image\/"},"sameAs":["https:\/\/www.facebook.com\/KimberlyMachinery"]}]}},"_links":{"self":[{"href":"https:\/\/www.kblmachinery.com\/pt\/wp-json\/wp\/v2\/product\/8339","targetHints":{"allow":["GET"]}}],"collection":[{"href":"https:\/\/www.kblmachinery.com\/pt\/wp-json\/wp\/v2\/product"}],"about":[{"href":"https:\/\/www.kblmachinery.com\/pt\/wp-json\/wp\/v2\/types\/product"}],"wp:featuredmedia":[{"embeddable":true,"href":"https:\/\/www.kblmachinery.com\/pt\/wp-json\/wp\/v2\/media\/8340"}],"wp:attachment":[{"href":"https:\/\/www.kblmachinery.com\/pt\/wp-json\/wp\/v2\/media?parent=8339"}],"wp:term":[{"taxonomy":"product_brand","embeddable":true,"href":"https:\/\/www.kblmachinery.com\/pt\/wp-json\/wp\/v2\/product_brand?post=8339"},{"taxonomy":"product_cat","embeddable":true,"href":"https:\/\/www.kblmachinery.com\/pt\/wp-json\/wp\/v2\/product_cat?post=8339"},{"taxonomy":"product_tag","embeddable":true,"href":"https:\/\/www.kblmachinery.com\/pt\/wp-json\/wp\/v2\/product_tag?post=8339"}],"curies":[{"name":"wp","href":"https:\/\/api.w.org\/{rel}","templated":true}]}}