{"id":8354,"date":"2024-08-18T07:33:00","date_gmt":"2024-08-18T07:33:00","guid":{"rendered":"https:\/\/www.kblmachinery.com\/?post_type=product&#038;p=8354"},"modified":"2025-11-28T06:46:01","modified_gmt":"2025-11-28T06:46:01","slug":"concrete-batching-machine","status":"publish","type":"product","link":"https:\/\/www.kblmachinery.com\/pt\/concrete-batching-machine\/","title":{"rendered":"M\u00e1quina de dosagem de bet\u00e3o"},"content":{"rendered":"<h2 data-start=\"84\" data-end=\"138\">M\u00e1quina de dosagem de bet\u00e3o - Vis\u00e3o geral do produto<\/h2>\n<p data-start=\"140\" data-end=\"693\">A m\u00e1quina de dosagem de bet\u00e3o da Kimberly Machinery foi concebida para a dosagem precisa e eficiente de agregados em esta\u00e7\u00f5es de mistura de bet\u00e3o. Pode manusear 2-4 tipos de agregados, tais como pedra britada, areia e outros res\u00edduos industriais. A propor\u00e7\u00e3o de cada agregado \u00e9 controlada automaticamente por um microcomputador, garantindo uma pesagem precisa e uma qualidade consistente do bet\u00e3o. Os clientes podem escolher entre pesagem cumulativa de tremonha, pesagem cumulativa de correia ou pesagem de tremonha separada, dependendo dos seus requisitos de produ\u00e7\u00e3o.<\/p>\n<h2 data-start=\"695\" data-end=\"750\">Os tipos de pesagem e os n\u00fameros dos contentores podem ser personalizados:<\/h2>\n<ul>\n<li>Tremonha Pesagem cumulativa<\/li>\n<\/ul>\n<p>Os agregados s\u00e3o descarregados numa \u00fanica tremonha para pesagem. Este tipo oferece uma estrutura simples, baixo custo e f\u00e1cil manuten\u00e7\u00e3o, adequado para m\u00e1quinas de pequena capacidade de dosagem como PL800 (48m\u00b3\/h), PL1200 (60m\u00b3\/h) e PL1600 (80m\u00b3\/h) com 2-3 silos.<\/p>\n<ul>\n<li>Pesagem cumulativa de correias<\/li>\n<\/ul>\n<p>Os agregados s\u00e3o descarregados numa correia de entrega com uma tremonha longa, proporcionando uma grande capacidade e uma entrega r\u00e1pida. Normalmente utilizado em m\u00e1quinas PL1600 (80m\u00b3\/h) e PL2400 (120m\u00b3\/h) com 3-4 silos.<\/p>\n<ul>\n<li>Pesagem em tremonha separada<\/li>\n<\/ul>\n<p>Cada agregado \u00e9 descarregado numa tremonha separada equipada com um dispositivo de pesagem, oferecendo uma pesagem de alta precis\u00e3o. Normalmente aplicado em m\u00e1quinas de dosagem PL2400 (120m\u00b3\/h), LP3200 (160m\u00b3\/h), ou m\u00e1quinas de dosagem maiores, este tipo \u00e9 mais avan\u00e7ado e mais caro, mas garante a m\u00e1xima precis\u00e3o.<\/p>\n<p><img loading=\"lazy\" decoding=\"async\" class=\"size-full wp-image-6485 aligncenter\" src=\"https:\/\/www.kblmachinery.com\/wp-content\/uploads\/2024\/08\/Concrete-Batching-Machine.webp\" alt=\"M\u00e1quina de dosagem de bet\u00e3o\" width=\"1694\" height=\"820\" srcset=\"https:\/\/www.kblmachinery.com\/wp-content\/uploads\/2024\/08\/Concrete-Batching-Machine.webp 1694w, https:\/\/www.kblmachinery.com\/wp-content\/uploads\/2024\/08\/Concrete-Batching-Machine-1000x484.webp 1000w, https:\/\/www.kblmachinery.com\/wp-content\/uploads\/2024\/08\/Concrete-Batching-Machine-600x290.webp 600w, https:\/\/www.kblmachinery.com\/wp-content\/uploads\/2024\/08\/Concrete-Batching-Machine-300x145.webp 300w, https:\/\/www.kblmachinery.com\/wp-content\/uploads\/2024\/08\/Concrete-Batching-Machine-1024x496.webp 1024w, https:\/\/www.kblmachinery.com\/wp-content\/uploads\/2024\/08\/Concrete-Batching-Machine-768x372.webp 768w, https:\/\/www.kblmachinery.com\/wp-content\/uploads\/2024\/08\/Concrete-Batching-Machine-1536x744.webp 1536w, https:\/\/www.kblmachinery.com\/wp-content\/uploads\/2024\/08\/Concrete-Batching-Machine-18x9.webp 18w\" sizes=\"auto, (max-width: 1694px) 100vw, 1694px\" \/><\/p>\n<h2 data-start=\"1617\" data-end=\"1651\">Sobre a Kimberly Machinery<\/h2>\n<p data-start=\"1653\" data-end=\"2250\">A Kimberly Machinery \u00e9 um l\u00edder mundial em <a class=\"decorated-link\" href=\"https:\/\/www.kblmachinery.com\/\" target=\"_new\" rel=\"noopener\" data-start=\"1700\" data-end=\"1763\">linha de produ\u00e7\u00e3o de blocos de bet\u00e3o<\/a> e <a class=\"decorated-link\" href=\"https:\/\/www.kblmachinery.com\/concrete-block-making-machine\/?utm_source=chatgpt.com\" target=\"_new\" rel=\"noopener\" data-start=\"1772\" data-end=\"1864\">m\u00e1quina de fazer blocos de bet\u00e3o<\/a> solu\u00e7\u00f5es. Com tecnologia avan\u00e7ada, controlo de qualidade rigoroso e apoio p\u00f3s-venda profissional, a Kimberly Machinery fornece equipamento duradouro, de elevada efici\u00eancia e personaliz\u00e1vel para distribuidores, grossistas e fabricantes de materiais de constru\u00e7\u00e3o em todo o mundo. As nossas m\u00e1quinas garantem um desempenho est\u00e1vel, resultados precisos e fiabilidade a longo prazo para a produ\u00e7\u00e3o de blocos em grande escala.<\/p>","protected":false},"excerpt":{"rendered":"<ul>\n<li>Unidades de venda: Item \u00fanico<\/li>\n<li>Tamanho da embalagem individual: 70X60X40 cm<\/li>\n<li>Peso bruto \u00fanico: 50.000 kg<\/li>\n<\/ul>","protected":false},"featured_media":8355,"template":"","meta":[],"product_brand":[],"product_cat":[778],"product_tag":[],"class_list":{"0":"post-8354","1":"product","2":"type-product","3":"status-publish","4":"has-post-thumbnail","6":"product_cat-concrete-mixing-system","8":"first","9":"instock","10":"shipping-taxable","11":"product-type-simple"},"yoast_head":"<!-- This site is optimized with the Yoast SEO plugin v24.4 - https:\/\/yoast.com\/wordpress\/plugins\/seo\/ -->\n<title>Concrete Batching Machine Supplier | Kimberly Machinery<\/title>\n<meta name=\"description\" content=\"High-efficiency concrete batching machine for accurate aggregates weighing. Suitable for concrete block production lines and block making machines.\" \/>\n<meta name=\"robots\" content=\"index, follow, max-snippet:-1, max-image-preview:large, max-video-preview:-1\" \/>\n<link rel=\"canonical\" href=\"https:\/\/www.kblmachinery.com\/pt\/concrete-batching-machine\/\" \/>\n<meta property=\"og:locale\" content=\"pt_PT\" \/>\n<meta property=\"og:type\" content=\"article\" \/>\n<meta property=\"og:title\" content=\"Concrete Batching Machine Supplier | Kimberly Machinery\" \/>\n<meta property=\"og:description\" content=\"High-efficiency concrete batching machine for accurate aggregates weighing. Suitable for concrete block production lines and block making machines.\" \/>\n<meta property=\"og:url\" content=\"https:\/\/www.kblmachinery.com\/pt\/concrete-batching-machine\/\" \/>\n<meta property=\"og:site_name\" content=\"Kimberly Machinery\" \/>\n<meta property=\"article:publisher\" content=\"https:\/\/www.facebook.com\/KimberlyMachinery\" \/>\n<meta property=\"article:modified_time\" content=\"2025-11-28T06:46:01+00:00\" \/>\n<meta property=\"og:image\" content=\"https:\/\/www.kblmachinery.com\/wp-content\/uploads\/2025\/11\/Concrete-Batching-Machine-2.webp\" \/>\n\t<meta property=\"og:image:width\" content=\"800\" \/>\n\t<meta property=\"og:image:height\" content=\"800\" \/>\n\t<meta property=\"og:image:type\" content=\"image\/webp\" \/>\n<meta name=\"twitter:card\" content=\"summary_large_image\" \/>\n<meta name=\"twitter:label1\" content=\"Tempo estimado de leitura\" \/>\n\t<meta name=\"twitter:data1\" content=\"2 minutos\" \/>\n<script type=\"application\/ld+json\" class=\"yoast-schema-graph\">{\"@context\":\"https:\/\/schema.org\",\"@graph\":[{\"@type\":\"WebPage\",\"@id\":\"https:\/\/www.kblmachinery.com\/concrete-batching-machine\/\",\"url\":\"https:\/\/www.kblmachinery.com\/concrete-batching-machine\/\",\"name\":\"Concrete Batching Machine Supplier | Kimberly Machinery\",\"isPartOf\":{\"@id\":\"https:\/\/www.kblmachinery.com\/#website\"},\"primaryImageOfPage\":{\"@id\":\"https:\/\/www.kblmachinery.com\/concrete-batching-machine\/#primaryimage\"},\"image\":{\"@id\":\"https:\/\/www.kblmachinery.com\/concrete-batching-machine\/#primaryimage\"},\"thumbnailUrl\":\"https:\/\/www.kblmachinery.com\/wp-content\/uploads\/2025\/11\/Concrete-Batching-Machine-2.webp\",\"datePublished\":\"2024-08-18T07:33:00+00:00\",\"dateModified\":\"2025-11-28T06:46:01+00:00\",\"description\":\"High-efficiency concrete batching machine for accurate aggregates weighing. Suitable for concrete block production lines and block making machines.\",\"breadcrumb\":{\"@id\":\"https:\/\/www.kblmachinery.com\/concrete-batching-machine\/#breadcrumb\"},\"inLanguage\":\"pt-PT\",\"potentialAction\":[{\"@type\":\"ReadAction\",\"target\":[\"https:\/\/www.kblmachinery.com\/concrete-batching-machine\/\"]}]},{\"@type\":\"ImageObject\",\"inLanguage\":\"pt-PT\",\"@id\":\"https:\/\/www.kblmachinery.com\/concrete-batching-machine\/#primaryimage\",\"url\":\"https:\/\/www.kblmachinery.com\/wp-content\/uploads\/2025\/11\/Concrete-Batching-Machine-2.webp\",\"contentUrl\":\"https:\/\/www.kblmachinery.com\/wp-content\/uploads\/2025\/11\/Concrete-Batching-Machine-2.webp\",\"width\":800,\"height\":800,\"caption\":\"Concrete Batching Machine\"},{\"@type\":\"BreadcrumbList\",\"@id\":\"https:\/\/www.kblmachinery.com\/concrete-batching-machine\/#breadcrumb\",\"itemListElement\":[{\"@type\":\"ListItem\",\"position\":1,\"name\":\"Home\",\"item\":\"https:\/\/www.kblmachinery.com\/\"},{\"@type\":\"ListItem\",\"position\":2,\"name\":\"Concrete Batching Machine\"}]},{\"@type\":\"WebSite\",\"@id\":\"https:\/\/www.kblmachinery.com\/#website\",\"url\":\"https:\/\/www.kblmachinery.com\/\",\"name\":\"Professional Brick\/Block Making Machine in China\",\"description\":\"Block Machine Manufacturer - Kimberly Machinery\",\"publisher\":{\"@id\":\"https:\/\/www.kblmachinery.com\/#organization\"},\"potentialAction\":[{\"@type\":\"SearchAction\",\"target\":{\"@type\":\"EntryPoint\",\"urlTemplate\":\"https:\/\/www.kblmachinery.com\/?s={search_term_string}\"},\"query-input\":{\"@type\":\"PropertyValueSpecification\",\"valueRequired\":true,\"valueName\":\"search_term_string\"}}],\"inLanguage\":\"pt-PT\"},{\"@type\":\"Organization\",\"@id\":\"https:\/\/www.kblmachinery.com\/#organization\",\"name\":\"Quanzhou Kimberly Machinery Manufacturing Co. Ltd\",\"url\":\"https:\/\/www.kblmachinery.com\/\",\"logo\":{\"@type\":\"ImageObject\",\"inLanguage\":\"pt-PT\",\"@id\":\"https:\/\/www.kblmachinery.com\/#\/schema\/logo\/image\/\",\"url\":\"https:\/\/www.kblmachinery.com\/wp-content\/uploads\/2025\/11\/cropped-logo-1-1.png\",\"contentUrl\":\"https:\/\/www.kblmachinery.com\/wp-content\/uploads\/2025\/11\/cropped-logo-1-1.png\",\"width\":123,\"height\":136,\"caption\":\"Quanzhou Kimberly Machinery Manufacturing Co. Ltd\"},\"image\":{\"@id\":\"https:\/\/www.kblmachinery.com\/#\/schema\/logo\/image\/\"},\"sameAs\":[\"https:\/\/www.facebook.com\/KimberlyMachinery\"]}]}<\/script>\n<!-- \/ Yoast SEO plugin. -->","yoast_head_json":{"title":"Concrete Batching Machine Supplier | Kimberly Machinery","description":"High-efficiency concrete batching machine for accurate aggregates weighing. Suitable for concrete block production lines and block making machines.","robots":{"index":"index","follow":"follow","max-snippet":"max-snippet:-1","max-image-preview":"max-image-preview:large","max-video-preview":"max-video-preview:-1"},"canonical":"https:\/\/www.kblmachinery.com\/pt\/concrete-batching-machine\/","og_locale":"pt_PT","og_type":"article","og_title":"Concrete Batching Machine Supplier | Kimberly Machinery","og_description":"High-efficiency concrete batching machine for accurate aggregates weighing. Suitable for concrete block production lines and block making machines.","og_url":"https:\/\/www.kblmachinery.com\/pt\/concrete-batching-machine\/","og_site_name":"Kimberly Machinery","article_publisher":"https:\/\/www.facebook.com\/KimberlyMachinery","article_modified_time":"2025-11-28T06:46:01+00:00","og_image":[{"width":800,"height":800,"url":"https:\/\/www.kblmachinery.com\/wp-content\/uploads\/2025\/11\/Concrete-Batching-Machine-2.webp","type":"image\/webp"}],"twitter_card":"summary_large_image","twitter_misc":{"Tempo estimado de leitura":"2 minutos"},"schema":{"@context":"https:\/\/schema.org","@graph":[{"@type":"WebPage","@id":"https:\/\/www.kblmachinery.com\/concrete-batching-machine\/","url":"https:\/\/www.kblmachinery.com\/concrete-batching-machine\/","name":"Concrete Batching Machine Supplier | Kimberly Machinery","isPartOf":{"@id":"https:\/\/www.kblmachinery.com\/#website"},"primaryImageOfPage":{"@id":"https:\/\/www.kblmachinery.com\/concrete-batching-machine\/#primaryimage"},"image":{"@id":"https:\/\/www.kblmachinery.com\/concrete-batching-machine\/#primaryimage"},"thumbnailUrl":"https:\/\/www.kblmachinery.com\/wp-content\/uploads\/2025\/11\/Concrete-Batching-Machine-2.webp","datePublished":"2024-08-18T07:33:00+00:00","dateModified":"2025-11-28T06:46:01+00:00","description":"High-efficiency concrete batching machine for accurate aggregates weighing. Suitable for concrete block production lines and block making machines.","breadcrumb":{"@id":"https:\/\/www.kblmachinery.com\/concrete-batching-machine\/#breadcrumb"},"inLanguage":"pt-PT","potentialAction":[{"@type":"ReadAction","target":["https:\/\/www.kblmachinery.com\/concrete-batching-machine\/"]}]},{"@type":"ImageObject","inLanguage":"pt-PT","@id":"https:\/\/www.kblmachinery.com\/concrete-batching-machine\/#primaryimage","url":"https:\/\/www.kblmachinery.com\/wp-content\/uploads\/2025\/11\/Concrete-Batching-Machine-2.webp","contentUrl":"https:\/\/www.kblmachinery.com\/wp-content\/uploads\/2025\/11\/Concrete-Batching-Machine-2.webp","width":800,"height":800,"caption":"Concrete Batching Machine"},{"@type":"BreadcrumbList","@id":"https:\/\/www.kblmachinery.com\/concrete-batching-machine\/#breadcrumb","itemListElement":[{"@type":"ListItem","position":1,"name":"Home","item":"https:\/\/www.kblmachinery.com\/"},{"@type":"ListItem","position":2,"name":"Concrete Batching Machine"}]},{"@type":"WebSite","@id":"https:\/\/www.kblmachinery.com\/#website","url":"https:\/\/www.kblmachinery.com\/","name":"Professional Brick\/Block Making Machine in China","description":"Block Machine Manufacturer - Kimberly Machinery","publisher":{"@id":"https:\/\/www.kblmachinery.com\/#organization"},"potentialAction":[{"@type":"SearchAction","target":{"@type":"EntryPoint","urlTemplate":"https:\/\/www.kblmachinery.com\/?s={search_term_string}"},"query-input":{"@type":"PropertyValueSpecification","valueRequired":true,"valueName":"search_term_string"}}],"inLanguage":"pt-PT"},{"@type":"Organization","@id":"https:\/\/www.kblmachinery.com\/#organization","name":"Quanzhou Kimberly Machinery Manufacturing Co. Ltd","url":"https:\/\/www.kblmachinery.com\/","logo":{"@type":"ImageObject","inLanguage":"pt-PT","@id":"https:\/\/www.kblmachinery.com\/#\/schema\/logo\/image\/","url":"https:\/\/www.kblmachinery.com\/wp-content\/uploads\/2025\/11\/cropped-logo-1-1.png","contentUrl":"https:\/\/www.kblmachinery.com\/wp-content\/uploads\/2025\/11\/cropped-logo-1-1.png","width":123,"height":136,"caption":"Quanzhou Kimberly Machinery Manufacturing Co. Ltd"},"image":{"@id":"https:\/\/www.kblmachinery.com\/#\/schema\/logo\/image\/"},"sameAs":["https:\/\/www.facebook.com\/KimberlyMachinery"]}]}},"_links":{"self":[{"href":"https:\/\/www.kblmachinery.com\/pt\/wp-json\/wp\/v2\/product\/8354","targetHints":{"allow":["GET"]}}],"collection":[{"href":"https:\/\/www.kblmachinery.com\/pt\/wp-json\/wp\/v2\/product"}],"about":[{"href":"https:\/\/www.kblmachinery.com\/pt\/wp-json\/wp\/v2\/types\/product"}],"wp:featuredmedia":[{"embeddable":true,"href":"https:\/\/www.kblmachinery.com\/pt\/wp-json\/wp\/v2\/media\/8355"}],"wp:attachment":[{"href":"https:\/\/www.kblmachinery.com\/pt\/wp-json\/wp\/v2\/media?parent=8354"}],"wp:term":[{"taxonomy":"product_brand","embeddable":true,"href":"https:\/\/www.kblmachinery.com\/pt\/wp-json\/wp\/v2\/product_brand?post=8354"},{"taxonomy":"product_cat","embeddable":true,"href":"https:\/\/www.kblmachinery.com\/pt\/wp-json\/wp\/v2\/product_cat?post=8354"},{"taxonomy":"product_tag","embeddable":true,"href":"https:\/\/www.kblmachinery.com\/pt\/wp-json\/wp\/v2\/product_tag?post=8354"}],"curies":[{"name":"wp","href":"https:\/\/api.w.org\/{rel}","templated":true}]}}