{"id":8375,"date":"2024-08-20T08:54:00","date_gmt":"2024-08-20T08:54:00","guid":{"rendered":"https:\/\/www.kblmachinery.com\/?post_type=product&#038;p=8375"},"modified":"2025-11-28T06:44:51","modified_gmt":"2025-11-28T06:44:51","slug":"gmt-fiber-pallets","status":"publish","type":"product","link":"https:\/\/www.kblmachinery.com\/pt\/gmt-fiber-pallets\/","title":{"rendered":"Paletes de fibra GMT"},"content":{"rendered":"<h2 data-start=\"58\" data-end=\"108\"><strong data-start=\"62\" data-end=\"106\">Paletes de fibra GMT - Introdu\u00e7\u00e3o ao produto<\/strong><\/h2>\n<p data-start=\"110\" data-end=\"459\">As paletes de fibra GMT s\u00e3o paletes leves e de elevada resist\u00eancia, concebidas para um manuseamento e armazenamento eficientes em aplica\u00e7\u00f5es industriais e log\u00edsticas. Ideais para utiliza\u00e7\u00e3o com sistemas de paletiza\u00e7\u00e3o semi-autom\u00e1ticos ou totalmente autom\u00e1ticos, estas paletes fornecem um suporte fi\u00e1vel para produtos acabados, tais como blocos de bet\u00e3o, tijolos ou outros materiais de constru\u00e7\u00e3o.<\/p>\n<p data-start=\"461\" data-end=\"794\">Fabricadas com materiais refor\u00e7ados com fibra GMT dur\u00e1veis, as paletes s\u00e3o resistentes ao desgaste, ao impacto e aos factores ambientais, garantindo um desempenho a longo prazo. Podem ser utilizadas de forma independente junto a parques de armazenamento ou integradas diretamente em linhas de produ\u00e7\u00e3o de blocos para paletiza\u00e7\u00e3o em linha, de acordo com os requisitos do comprador.<\/p>\n<h2 data-start=\"796\" data-end=\"817\"><strong data-start=\"796\" data-end=\"815\">Principais vantagens:<\/strong><\/h2>\n<ul>\n<li>Elevada capacidade de carga com constru\u00e7\u00e3o leve<\/li>\n<li>Dur\u00e1vel e resistente ao desgaste, \u00e0 humidade e aos produtos qu\u00edmicos<\/li>\n<li>Adequado para sistemas de paletiza\u00e7\u00e3o semi-autom\u00e1ticos e totalmente autom\u00e1ticos<\/li>\n<li>Pode ser personalizado para se adaptar a tamanhos espec\u00edficos de blocos ou produtos<\/li>\n<li>Permite um manuseamento, armazenamento e transporte eficientes<\/li>\n<\/ul>\n<p><img loading=\"lazy\" decoding=\"async\" class=\"size-full wp-image-8377 aligncenter\" src=\"https:\/\/www.kblmachinery.com\/wp-content\/uploads\/2025\/11\/GMT-Fiber-Pallets-2.webp\" alt=\"Paletes de fibra GMT\" width=\"805\" height=\"805\" srcset=\"https:\/\/www.kblmachinery.com\/wp-content\/uploads\/2025\/11\/GMT-Fiber-Pallets-2.webp 805w, https:\/\/www.kblmachinery.com\/wp-content\/uploads\/2025\/11\/GMT-Fiber-Pallets-2-100x100.webp 100w, https:\/\/www.kblmachinery.com\/wp-content\/uploads\/2025\/11\/GMT-Fiber-Pallets-2-600x600.webp 600w\" sizes=\"auto, (max-width: 805px) 100vw, 805px\" \/> <img loading=\"lazy\" decoding=\"async\" class=\"size-full wp-image-8379 aligncenter\" src=\"https:\/\/www.kblmachinery.com\/wp-content\/uploads\/2025\/11\/GMT-Fiber-Pallets-4.webp\" alt=\"Paletes de fibra GMT\" width=\"805\" height=\"805\" srcset=\"https:\/\/www.kblmachinery.com\/wp-content\/uploads\/2025\/11\/GMT-Fiber-Pallets-4.webp 805w, https:\/\/www.kblmachinery.com\/wp-content\/uploads\/2025\/11\/GMT-Fiber-Pallets-4-100x100.webp 100w, https:\/\/www.kblmachinery.com\/wp-content\/uploads\/2025\/11\/GMT-Fiber-Pallets-4-600x600.webp 600w\" sizes=\"auto, (max-width: 805px) 100vw, 805px\" \/><\/p>","protected":false},"excerpt":{"rendered":"<ul>\n<li>Tijolo Mat\u00e9ria-prima:CONCRETO<\/li>\n<li>Capacidade de produ\u00e7\u00e3o (pe\u00e7as\/8 horas):Cerca de 1700 paletes\/8 horas<\/li>\n<\/ul>","protected":false},"featured_media":8376,"template":"","meta":[],"product_brand":[],"product_cat":[787],"product_tag":[],"class_list":{"0":"post-8375","1":"product","2":"type-product","3":"status-publish","4":"has-post-thumbnail","6":"product_cat-pallets-boards-for-brick-machine","8":"first","9":"instock","10":"shipping-taxable","11":"product-type-simple"},"yoast_head":"<!-- This site is optimized with the Yoast SEO plugin v24.4 - https:\/\/yoast.com\/wordpress\/plugins\/seo\/ -->\n<title>GMT Fiber Pallets Supplier | Kimberly Machinery<\/title>\n<meta name=\"description\" content=\"High-strength GMT fiber pallets for block palletizing and industrial handling. Durable, lightweight, and customizable for global distributors and manufacturers.\" \/>\n<meta name=\"robots\" content=\"index, follow, max-snippet:-1, max-image-preview:large, max-video-preview:-1\" \/>\n<link rel=\"canonical\" href=\"https:\/\/www.kblmachinery.com\/pt\/gmt-fiber-pallets\/\" \/>\n<meta property=\"og:locale\" content=\"pt_PT\" \/>\n<meta property=\"og:type\" content=\"article\" \/>\n<meta property=\"og:title\" content=\"GMT Fiber Pallets Supplier | Kimberly Machinery\" \/>\n<meta property=\"og:description\" content=\"High-strength GMT fiber pallets for block palletizing and industrial handling. Durable, lightweight, and customizable for global distributors and manufacturers.\" \/>\n<meta property=\"og:url\" content=\"https:\/\/www.kblmachinery.com\/pt\/gmt-fiber-pallets\/\" \/>\n<meta property=\"og:site_name\" content=\"Kimberly Machinery\" \/>\n<meta property=\"article:publisher\" content=\"https:\/\/www.facebook.com\/KimberlyMachinery\" \/>\n<meta property=\"article:modified_time\" content=\"2025-11-28T06:44:51+00:00\" \/>\n<meta property=\"og:image\" content=\"https:\/\/www.kblmachinery.com\/wp-content\/uploads\/2025\/11\/GMT-Fiber-Pallets-3.webp\" \/>\n\t<meta property=\"og:image:width\" content=\"805\" \/>\n\t<meta property=\"og:image:height\" content=\"805\" \/>\n\t<meta property=\"og:image:type\" content=\"image\/webp\" \/>\n<meta name=\"twitter:card\" content=\"summary_large_image\" \/>\n<meta name=\"twitter:label1\" content=\"Tempo estimado de leitura\" \/>\n\t<meta name=\"twitter:data1\" content=\"2 minutos\" \/>\n<script type=\"application\/ld+json\" class=\"yoast-schema-graph\">{\"@context\":\"https:\/\/schema.org\",\"@graph\":[{\"@type\":\"WebPage\",\"@id\":\"https:\/\/www.kblmachinery.com\/gmt-fiber-pallets\/\",\"url\":\"https:\/\/www.kblmachinery.com\/gmt-fiber-pallets\/\",\"name\":\"GMT Fiber Pallets Supplier | Kimberly Machinery\",\"isPartOf\":{\"@id\":\"https:\/\/www.kblmachinery.com\/#website\"},\"primaryImageOfPage\":{\"@id\":\"https:\/\/www.kblmachinery.com\/gmt-fiber-pallets\/#primaryimage\"},\"image\":{\"@id\":\"https:\/\/www.kblmachinery.com\/gmt-fiber-pallets\/#primaryimage\"},\"thumbnailUrl\":\"https:\/\/www.kblmachinery.com\/wp-content\/uploads\/2025\/11\/GMT-Fiber-Pallets-3.webp\",\"datePublished\":\"2024-08-20T08:54:00+00:00\",\"dateModified\":\"2025-11-28T06:44:51+00:00\",\"description\":\"High-strength GMT fiber pallets for block palletizing and industrial handling. Durable, lightweight, and customizable for global distributors and manufacturers.\",\"breadcrumb\":{\"@id\":\"https:\/\/www.kblmachinery.com\/gmt-fiber-pallets\/#breadcrumb\"},\"inLanguage\":\"pt-PT\",\"potentialAction\":[{\"@type\":\"ReadAction\",\"target\":[\"https:\/\/www.kblmachinery.com\/gmt-fiber-pallets\/\"]}]},{\"@type\":\"ImageObject\",\"inLanguage\":\"pt-PT\",\"@id\":\"https:\/\/www.kblmachinery.com\/gmt-fiber-pallets\/#primaryimage\",\"url\":\"https:\/\/www.kblmachinery.com\/wp-content\/uploads\/2025\/11\/GMT-Fiber-Pallets-3.webp\",\"contentUrl\":\"https:\/\/www.kblmachinery.com\/wp-content\/uploads\/2025\/11\/GMT-Fiber-Pallets-3.webp\",\"width\":805,\"height\":805,\"caption\":\"GMT Fiber Pallets\"},{\"@type\":\"BreadcrumbList\",\"@id\":\"https:\/\/www.kblmachinery.com\/gmt-fiber-pallets\/#breadcrumb\",\"itemListElement\":[{\"@type\":\"ListItem\",\"position\":1,\"name\":\"Home\",\"item\":\"https:\/\/www.kblmachinery.com\/\"},{\"@type\":\"ListItem\",\"position\":2,\"name\":\"GMT Fiber Pallets\"}]},{\"@type\":\"WebSite\",\"@id\":\"https:\/\/www.kblmachinery.com\/#website\",\"url\":\"https:\/\/www.kblmachinery.com\/\",\"name\":\"Professional Brick\/Block Making Machine in China\",\"description\":\"Block Machine Manufacturer - Kimberly Machinery\",\"publisher\":{\"@id\":\"https:\/\/www.kblmachinery.com\/#organization\"},\"potentialAction\":[{\"@type\":\"SearchAction\",\"target\":{\"@type\":\"EntryPoint\",\"urlTemplate\":\"https:\/\/www.kblmachinery.com\/?s={search_term_string}\"},\"query-input\":{\"@type\":\"PropertyValueSpecification\",\"valueRequired\":true,\"valueName\":\"search_term_string\"}}],\"inLanguage\":\"pt-PT\"},{\"@type\":\"Organization\",\"@id\":\"https:\/\/www.kblmachinery.com\/#organization\",\"name\":\"Quanzhou Kimberly Machinery Manufacturing Co. Ltd\",\"url\":\"https:\/\/www.kblmachinery.com\/\",\"logo\":{\"@type\":\"ImageObject\",\"inLanguage\":\"pt-PT\",\"@id\":\"https:\/\/www.kblmachinery.com\/#\/schema\/logo\/image\/\",\"url\":\"https:\/\/www.kblmachinery.com\/wp-content\/uploads\/2025\/11\/cropped-logo-1-1.png\",\"contentUrl\":\"https:\/\/www.kblmachinery.com\/wp-content\/uploads\/2025\/11\/cropped-logo-1-1.png\",\"width\":123,\"height\":136,\"caption\":\"Quanzhou Kimberly Machinery Manufacturing Co. Ltd\"},\"image\":{\"@id\":\"https:\/\/www.kblmachinery.com\/#\/schema\/logo\/image\/\"},\"sameAs\":[\"https:\/\/www.facebook.com\/KimberlyMachinery\"]}]}<\/script>\n<!-- \/ Yoast SEO plugin. -->","yoast_head_json":{"title":"GMT Fiber Pallets Supplier | Kimberly Machinery","description":"High-strength GMT fiber pallets for block palletizing and industrial handling. Durable, lightweight, and customizable for global distributors and manufacturers.","robots":{"index":"index","follow":"follow","max-snippet":"max-snippet:-1","max-image-preview":"max-image-preview:large","max-video-preview":"max-video-preview:-1"},"canonical":"https:\/\/www.kblmachinery.com\/pt\/gmt-fiber-pallets\/","og_locale":"pt_PT","og_type":"article","og_title":"GMT Fiber Pallets Supplier | Kimberly Machinery","og_description":"High-strength GMT fiber pallets for block palletizing and industrial handling. Durable, lightweight, and customizable for global distributors and manufacturers.","og_url":"https:\/\/www.kblmachinery.com\/pt\/gmt-fiber-pallets\/","og_site_name":"Kimberly Machinery","article_publisher":"https:\/\/www.facebook.com\/KimberlyMachinery","article_modified_time":"2025-11-28T06:44:51+00:00","og_image":[{"width":805,"height":805,"url":"https:\/\/www.kblmachinery.com\/wp-content\/uploads\/2025\/11\/GMT-Fiber-Pallets-3.webp","type":"image\/webp"}],"twitter_card":"summary_large_image","twitter_misc":{"Tempo estimado de leitura":"2 minutos"},"schema":{"@context":"https:\/\/schema.org","@graph":[{"@type":"WebPage","@id":"https:\/\/www.kblmachinery.com\/gmt-fiber-pallets\/","url":"https:\/\/www.kblmachinery.com\/gmt-fiber-pallets\/","name":"GMT Fiber Pallets Supplier | Kimberly Machinery","isPartOf":{"@id":"https:\/\/www.kblmachinery.com\/#website"},"primaryImageOfPage":{"@id":"https:\/\/www.kblmachinery.com\/gmt-fiber-pallets\/#primaryimage"},"image":{"@id":"https:\/\/www.kblmachinery.com\/gmt-fiber-pallets\/#primaryimage"},"thumbnailUrl":"https:\/\/www.kblmachinery.com\/wp-content\/uploads\/2025\/11\/GMT-Fiber-Pallets-3.webp","datePublished":"2024-08-20T08:54:00+00:00","dateModified":"2025-11-28T06:44:51+00:00","description":"High-strength GMT fiber pallets for block palletizing and industrial handling. Durable, lightweight, and customizable for global distributors and manufacturers.","breadcrumb":{"@id":"https:\/\/www.kblmachinery.com\/gmt-fiber-pallets\/#breadcrumb"},"inLanguage":"pt-PT","potentialAction":[{"@type":"ReadAction","target":["https:\/\/www.kblmachinery.com\/gmt-fiber-pallets\/"]}]},{"@type":"ImageObject","inLanguage":"pt-PT","@id":"https:\/\/www.kblmachinery.com\/gmt-fiber-pallets\/#primaryimage","url":"https:\/\/www.kblmachinery.com\/wp-content\/uploads\/2025\/11\/GMT-Fiber-Pallets-3.webp","contentUrl":"https:\/\/www.kblmachinery.com\/wp-content\/uploads\/2025\/11\/GMT-Fiber-Pallets-3.webp","width":805,"height":805,"caption":"GMT Fiber Pallets"},{"@type":"BreadcrumbList","@id":"https:\/\/www.kblmachinery.com\/gmt-fiber-pallets\/#breadcrumb","itemListElement":[{"@type":"ListItem","position":1,"name":"Home","item":"https:\/\/www.kblmachinery.com\/"},{"@type":"ListItem","position":2,"name":"GMT Fiber Pallets"}]},{"@type":"WebSite","@id":"https:\/\/www.kblmachinery.com\/#website","url":"https:\/\/www.kblmachinery.com\/","name":"Professional Brick\/Block Making Machine in China","description":"Block Machine Manufacturer - Kimberly Machinery","publisher":{"@id":"https:\/\/www.kblmachinery.com\/#organization"},"potentialAction":[{"@type":"SearchAction","target":{"@type":"EntryPoint","urlTemplate":"https:\/\/www.kblmachinery.com\/?s={search_term_string}"},"query-input":{"@type":"PropertyValueSpecification","valueRequired":true,"valueName":"search_term_string"}}],"inLanguage":"pt-PT"},{"@type":"Organization","@id":"https:\/\/www.kblmachinery.com\/#organization","name":"Quanzhou Kimberly Machinery Manufacturing Co. Ltd","url":"https:\/\/www.kblmachinery.com\/","logo":{"@type":"ImageObject","inLanguage":"pt-PT","@id":"https:\/\/www.kblmachinery.com\/#\/schema\/logo\/image\/","url":"https:\/\/www.kblmachinery.com\/wp-content\/uploads\/2025\/11\/cropped-logo-1-1.png","contentUrl":"https:\/\/www.kblmachinery.com\/wp-content\/uploads\/2025\/11\/cropped-logo-1-1.png","width":123,"height":136,"caption":"Quanzhou Kimberly Machinery Manufacturing Co. Ltd"},"image":{"@id":"https:\/\/www.kblmachinery.com\/#\/schema\/logo\/image\/"},"sameAs":["https:\/\/www.facebook.com\/KimberlyMachinery"]}]}},"_links":{"self":[{"href":"https:\/\/www.kblmachinery.com\/pt\/wp-json\/wp\/v2\/product\/8375","targetHints":{"allow":["GET"]}}],"collection":[{"href":"https:\/\/www.kblmachinery.com\/pt\/wp-json\/wp\/v2\/product"}],"about":[{"href":"https:\/\/www.kblmachinery.com\/pt\/wp-json\/wp\/v2\/types\/product"}],"wp:featuredmedia":[{"embeddable":true,"href":"https:\/\/www.kblmachinery.com\/pt\/wp-json\/wp\/v2\/media\/8376"}],"wp:attachment":[{"href":"https:\/\/www.kblmachinery.com\/pt\/wp-json\/wp\/v2\/media?parent=8375"}],"wp:term":[{"taxonomy":"product_brand","embeddable":true,"href":"https:\/\/www.kblmachinery.com\/pt\/wp-json\/wp\/v2\/product_brand?post=8375"},{"taxonomy":"product_cat","embeddable":true,"href":"https:\/\/www.kblmachinery.com\/pt\/wp-json\/wp\/v2\/product_cat?post=8375"},{"taxonomy":"product_tag","embeddable":true,"href":"https:\/\/www.kblmachinery.com\/pt\/wp-json\/wp\/v2\/product_tag?post=8375"}],"curies":[{"name":"wp","href":"https:\/\/api.w.org\/{rel}","templated":true}]}}